{"id":747,"date":"2024-01-31T14:45:08","date_gmt":"2024-01-31T14:45:08","guid":{"rendered":"https:\/\/green-card-usa.net\/foto-green-card\/"},"modified":"2024-12-30T09:39:52","modified_gmt":"2024-12-30T09:39:52","slug":"foto-green-card","status":"publish","type":"page","link":"https:\/\/us-gc.net\/it\/foto-green-card\/","title":{"rendered":"Specifiche della foto d&#8217;identit\u00e0 della Green Card"},"content":{"rendered":"\n<h1 class=\"wp-block-heading\" id=\"h-les-specificites-de-la-photo-pour-la-green-card\">Foto specifiche per la Green Card<\/h1>\n\n<p>Al momento della richiesta della Green Card, i richiedenti devono fornire una fototessera. Il formato di questa foto \u00e8 specifico e ci sono diverse regole imperative che devono essere rispettate per garantire che la foto non venga rifiutata.  <\/p>\n\n<h2 class=\"wp-block-heading\" id=\"h-quelles-sont-les-principales-regles-concernant-la-photo\">Quali sono le regole principali della fotografia?<\/h2>\n\n<p>Le regole principali per la foto della Green Card sono le seguenti:<\/p>\n\n<ol class=\"wp-block-list\">\n<li>Formato foto<\/li>\n\n\n\n<li>L&#8217;et\u00e0 della foto<\/li>\n\n\n\n<li>La posizione della testa nella foto<\/li>\n\n\n\n<li>Lo sfondo dello scatto<\/li>\n\n\n\n<li>Cosa si pu\u00f2 indossare nella foto?<\/li>\n<\/ol>\n\n<h3 class=\"wp-block-heading\" id=\"h-1-quel-est-le-format-de-la-photo-pour-la-green-card\">1. Qual \u00e8 il formato della foto per la Carta Verde?<\/h3>\n\n<p>La versione digitale della foto deve essere un file JPEG. La dimensione minima della foto deve essere di almeno 600 pixel per 600 pixel e di almeno 54 kb.<\/p>\n\n<h3 class=\"wp-block-heading\" id=\"h-2-quelle-peut-etre-l-anciennete-de-la-photo\">2. Quanti anni ha la foto?<\/h3>\n\n<p>La foto presentata per ottenere la Green Card non deve essere pi\u00f9 vecchia di 6 mesi. In questo modo il Dipartimento di Stato americano pu\u00f2 assicurarsi che la foto corrisponda al volto del richiedente. Questa regola \u00e8 imperativa e deve essere presa molto sul serio. La foto viene convalidata definitivamente durante un <a href=\"https:\/\/us-gc.net\/it\/green-card-colloquio\/\">colloquio finale per la Carta Verde<\/a>.<\/p>\n\n<h3 class=\"wp-block-heading\" id=\"h-3-quelle-doit-etre-la-position-de-la-tete-sur-la-photo\">3. In che posizione dovrebbe essere la testa nella foto?<\/h3>\n\n<p>Il candidato deve avere un&#8217;espressione facciale neutra e non deve sorridere. Il viso deve essere completamente visibile e al centro della foto. I candidati devono essere rivolti verso la fotocamera e la loro testa deve rappresentare il 60% dell&#8217;altezza totale della foto. I suoi occhi devono essere spalancati.<\/p>\n\n<h3 class=\"wp-block-heading\" id=\"h-4-comment-doit-etre-l-arriere-plan-de-la-prise-de-vue\">4. Come dovrebbe essere lo sfondo dello scatto?<\/h3>\n\n<p>Lo sfondo della foto deve essere di un colore chiaro e solido, senza ombre. Il colore dello sfondo pu\u00f2 essere bianco o bianco sporco.<\/p>\n\n<h3 class=\"wp-block-heading\" id=\"h-5-peut-on-porter-des-lunettes-ou-le-voile-sur-la-photo\">5. Posso indossare occhiali o velo nelle foto?<\/h3>\n\n<p>\u00c8 vietato indossare occhiali sulla foto della Green Card. I richiedenti la Green Card non possono nemmeno indossare berretti o cappelli.<\/p>\n\n<p>Tuttavia, \u00e8 possibile indossare un velo religioso sulla foto della Green Card. Tuttavia, il viso deve essere visibile dalla sommit\u00e0 della fronte alla base del mento.<\/p>\n\n<p>Queste regole si applicano a tutte le procedure per l&#8217;ottenimento della Green Card, sia che si tratti di :<\/p>\n\n<ul class=\"wp-block-list\">\n<li>La foto della <a href=\"https:\/\/us-gc.net\/it\/lotteria-green-card\/\">lotteria della Green Card<\/a>;<\/li>\n\n\n\n<li>La foto presentata per la <a href=\"https:\/\/us-gc.net\/it\/green-card-per-matrimonio\/\">Green Card per matrimonio<\/a>, per la <a href=\"https:\/\/us-gc.net\/it\/green-card-sponsorizzazione\/\">Green Card per sponsor<\/a> o per qualsiasi altra procedura di ottenimento della Green Card.<\/li>\n<\/ul>\n\n<div style=\"height:10px\" aria-hidden=\"true\" class=\"wp-block-spacer\"><\/div>\n\n<h2 class=\"wp-block-heading\" id=\"h-dimensions-de-la-photo-d-identite-de-la-green-card\">Dimensioni della fototessera della Carta Verde<\/h2>\n\n<figure class=\"wp-block-image size-full\"><img fetchpriority=\"high\" decoding=\"async\" width=\"601\" height=\"378\" src=\"https:\/\/us-gc.net\/wp-content\/uploads\/2024\/05\/Green-card-2024.jpg\" alt=\"Immagine di una Carta Verde valida nel 2024\" class=\"wp-image-4826\" srcset=\"https:\/\/us-gc.net\/wp-content\/uploads\/2024\/05\/Green-card-2024.jpg 601w, https:\/\/us-gc.net\/wp-content\/uploads\/2024\/05\/Green-card-2024-300x189.jpg 300w\" sizes=\"(max-width: 601px) 100vw, 601px\" \/><figcaption class=\"wp-element-caption\">Green Card per i residenti permanenti negli USA<\/figcaption><\/figure>\n","protected":false},"excerpt":{"rendered":"<p>Foto specifiche per la Green Card Al momento della richiesta della Green Card, i richiedenti devono fornire una fototessera. Il formato di questa foto \u00e8 specifico e ci sono diverse regole imperative che devono essere rispettate per garantire che la foto non venga rifiutata. Quali sono le regole principali della fotografia? Le regole principali per [&hellip;]<\/p>\n","protected":false},"author":1,"featured_media":0,"parent":0,"menu_order":0,"comment_status":"closed","ping_status":"closed","template":"","meta":{"footnotes":""},"class_list":["post-747","page","type-page","status-publish","hentry"],"yoast_head":"<!-- This site is optimized with the Yoast SEO plugin v27.4 - https:\/\/yoast.com\/product\/yoast-seo-wordpress\/ -->\n<title>Specifiche della foto d&#039;identit\u00e0 della Green Card - USA GC<\/title>\n<meta name=\"description\" content=\"Per ottenere o rinnovare la Green Card, i richiedenti devono fornire una fototessera secondo determinate regole.\" \/>\n<meta name=\"robots\" content=\"index, follow, max-snippet:-1, max-image-preview:large, max-video-preview:-1\" \/>\n<link rel=\"canonical\" href=\"https:\/\/us-gc.net\/it\/foto-green-card\/\" \/>\n<meta property=\"og:locale\" content=\"it_IT\" \/>\n<meta property=\"og:type\" content=\"article\" \/>\n<meta property=\"og:title\" content=\"Specifiche della foto d&#039;identit\u00e0 della Green Card - USA GC\" \/>\n<meta property=\"og:description\" content=\"Per ottenere o rinnovare la Green Card, i richiedenti devono fornire una fototessera secondo determinate regole.\" \/>\n<meta property=\"og:url\" content=\"https:\/\/us-gc.net\/it\/foto-green-card\/\" \/>\n<meta property=\"og:site_name\" content=\"USA GC\" \/>\n<meta property=\"article:modified_time\" content=\"2024-12-30T09:39:52+00:00\" \/>\n<meta property=\"og:image\" content=\"https:\/\/us-gc.net\/wp-content\/uploads\/2024\/05\/Green-card-2024.jpg\" \/>\n<meta name=\"twitter:card\" content=\"summary_large_image\" \/>\n<meta name=\"twitter:label1\" content=\"Tempo di lettura stimato\" \/>\n\t<meta name=\"twitter:data1\" content=\"2 minuti\" \/>\n<script type=\"application\/ld+json\" class=\"yoast-schema-graph\">{\"@context\":\"https:\\\/\\\/schema.org\",\"@graph\":[{\"@type\":\"WebPage\",\"@id\":\"https:\\\/\\\/us-gc.net\\\/it\\\/foto-green-card\\\/\",\"url\":\"https:\\\/\\\/us-gc.net\\\/it\\\/foto-green-card\\\/\",\"name\":\"Specifiche della foto d'identit\u00e0 della Green Card - USA GC\",\"isPartOf\":{\"@id\":\"https:\\\/\\\/us-gc.net\\\/it\\\/#website\"},\"primaryImageOfPage\":{\"@id\":\"https:\\\/\\\/us-gc.net\\\/it\\\/foto-green-card\\\/#primaryimage\"},\"image\":{\"@id\":\"https:\\\/\\\/us-gc.net\\\/it\\\/foto-green-card\\\/#primaryimage\"},\"thumbnailUrl\":\"https:\\\/\\\/us-gc.net\\\/wp-content\\\/uploads\\\/2024\\\/05\\\/Green-card-2024.jpg\",\"datePublished\":\"2024-01-31T14:45:08+00:00\",\"dateModified\":\"2024-12-30T09:39:52+00:00\",\"description\":\"Per ottenere o rinnovare la Green Card, i richiedenti devono fornire una fototessera secondo determinate regole.\",\"breadcrumb\":{\"@id\":\"https:\\\/\\\/us-gc.net\\\/it\\\/foto-green-card\\\/#breadcrumb\"},\"inLanguage\":\"it-IT\",\"potentialAction\":[{\"@type\":\"ReadAction\",\"target\":[\"https:\\\/\\\/us-gc.net\\\/it\\\/foto-green-card\\\/\"]}]},{\"@type\":\"ImageObject\",\"inLanguage\":\"it-IT\",\"@id\":\"https:\\\/\\\/us-gc.net\\\/it\\\/foto-green-card\\\/#primaryimage\",\"url\":\"https:\\\/\\\/us-gc.net\\\/wp-content\\\/uploads\\\/2024\\\/05\\\/Green-card-2024.jpg\",\"contentUrl\":\"https:\\\/\\\/us-gc.net\\\/wp-content\\\/uploads\\\/2024\\\/05\\\/Green-card-2024.jpg\"},{\"@type\":\"BreadcrumbList\",\"@id\":\"https:\\\/\\\/us-gc.net\\\/it\\\/foto-green-card\\\/#breadcrumb\",\"itemListElement\":[{\"@type\":\"ListItem\",\"position\":1,\"name\":\"Accueil\",\"item\":\"https:\\\/\\\/us-gc.net\\\/it\\\/green-card\\\/\"},{\"@type\":\"ListItem\",\"position\":2,\"name\":\"Specifiche della foto d&rsquo;identit\u00e0 della Green Card\"}]},{\"@type\":\"WebSite\",\"@id\":\"https:\\\/\\\/us-gc.net\\\/it\\\/#website\",\"url\":\"https:\\\/\\\/us-gc.net\\\/it\\\/\",\"name\":\"USA GC\",\"description\":\"\",\"potentialAction\":[{\"@type\":\"SearchAction\",\"target\":{\"@type\":\"EntryPoint\",\"urlTemplate\":\"https:\\\/\\\/us-gc.net\\\/it\\\/?s={search_term_string}\"},\"query-input\":{\"@type\":\"PropertyValueSpecification\",\"valueRequired\":true,\"valueName\":\"search_term_string\"}}],\"inLanguage\":\"it-IT\"}]}<\/script>\n<!-- \/ Yoast SEO plugin. -->","yoast_head_json":{"title":"Specifiche della foto d'identit\u00e0 della Green Card - USA GC","description":"Per ottenere o rinnovare la Green Card, i richiedenti devono fornire una fototessera secondo determinate regole.","robots":{"index":"index","follow":"follow","max-snippet":"max-snippet:-1","max-image-preview":"max-image-preview:large","max-video-preview":"max-video-preview:-1"},"canonical":"https:\/\/us-gc.net\/it\/foto-green-card\/","og_locale":"it_IT","og_type":"article","og_title":"Specifiche della foto d'identit\u00e0 della Green Card - USA GC","og_description":"Per ottenere o rinnovare la Green Card, i richiedenti devono fornire una fototessera secondo determinate regole.","og_url":"https:\/\/us-gc.net\/it\/foto-green-card\/","og_site_name":"USA GC","article_modified_time":"2024-12-30T09:39:52+00:00","og_image":[{"url":"https:\/\/us-gc.net\/wp-content\/uploads\/2024\/05\/Green-card-2024.jpg","type":"","width":"","height":""}],"twitter_card":"summary_large_image","twitter_misc":{"Tempo di lettura stimato":"2 minuti"},"schema":{"@context":"https:\/\/schema.org","@graph":[{"@type":"WebPage","@id":"https:\/\/us-gc.net\/it\/foto-green-card\/","url":"https:\/\/us-gc.net\/it\/foto-green-card\/","name":"Specifiche della foto d'identit\u00e0 della Green Card - USA GC","isPartOf":{"@id":"https:\/\/us-gc.net\/it\/#website"},"primaryImageOfPage":{"@id":"https:\/\/us-gc.net\/it\/foto-green-card\/#primaryimage"},"image":{"@id":"https:\/\/us-gc.net\/it\/foto-green-card\/#primaryimage"},"thumbnailUrl":"https:\/\/us-gc.net\/wp-content\/uploads\/2024\/05\/Green-card-2024.jpg","datePublished":"2024-01-31T14:45:08+00:00","dateModified":"2024-12-30T09:39:52+00:00","description":"Per ottenere o rinnovare la Green Card, i richiedenti devono fornire una fototessera secondo determinate regole.","breadcrumb":{"@id":"https:\/\/us-gc.net\/it\/foto-green-card\/#breadcrumb"},"inLanguage":"it-IT","potentialAction":[{"@type":"ReadAction","target":["https:\/\/us-gc.net\/it\/foto-green-card\/"]}]},{"@type":"ImageObject","inLanguage":"it-IT","@id":"https:\/\/us-gc.net\/it\/foto-green-card\/#primaryimage","url":"https:\/\/us-gc.net\/wp-content\/uploads\/2024\/05\/Green-card-2024.jpg","contentUrl":"https:\/\/us-gc.net\/wp-content\/uploads\/2024\/05\/Green-card-2024.jpg"},{"@type":"BreadcrumbList","@id":"https:\/\/us-gc.net\/it\/foto-green-card\/#breadcrumb","itemListElement":[{"@type":"ListItem","position":1,"name":"Accueil","item":"https:\/\/us-gc.net\/it\/green-card\/"},{"@type":"ListItem","position":2,"name":"Specifiche della foto d&rsquo;identit\u00e0 della Green Card"}]},{"@type":"WebSite","@id":"https:\/\/us-gc.net\/it\/#website","url":"https:\/\/us-gc.net\/it\/","name":"USA GC","description":"","potentialAction":[{"@type":"SearchAction","target":{"@type":"EntryPoint","urlTemplate":"https:\/\/us-gc.net\/it\/?s={search_term_string}"},"query-input":{"@type":"PropertyValueSpecification","valueRequired":true,"valueName":"search_term_string"}}],"inLanguage":"it-IT"}]}},"_links":{"self":[{"href":"https:\/\/us-gc.net\/it\/wp-json\/wp\/v2\/pages\/747","targetHints":{"allow":["GET"]}}],"collection":[{"href":"https:\/\/us-gc.net\/it\/wp-json\/wp\/v2\/pages"}],"about":[{"href":"https:\/\/us-gc.net\/it\/wp-json\/wp\/v2\/types\/page"}],"author":[{"embeddable":true,"href":"https:\/\/us-gc.net\/it\/wp-json\/wp\/v2\/users\/1"}],"replies":[{"embeddable":true,"href":"https:\/\/us-gc.net\/it\/wp-json\/wp\/v2\/comments?post=747"}],"version-history":[{"count":1,"href":"https:\/\/us-gc.net\/it\/wp-json\/wp\/v2\/pages\/747\/revisions"}],"predecessor-version":[{"id":7680,"href":"https:\/\/us-gc.net\/it\/wp-json\/wp\/v2\/pages\/747\/revisions\/7680"}],"wp:attachment":[{"href":"https:\/\/us-gc.net\/it\/wp-json\/wp\/v2\/media?parent=747"}],"curies":[{"name":"wp","href":"https:\/\/api.w.org\/{rel}","templated":true}]}}