{"id":666,"date":"2024-01-31T08:01:49","date_gmt":"2024-01-31T08:01:49","guid":{"rendered":"https:\/\/green-card-usa.net\/informativa-sulla-privacy\/"},"modified":"2025-03-31T11:22:13","modified_gmt":"2025-03-31T11:22:13","slug":"informativa-sulla-privacy","status":"publish","type":"page","link":"https:\/\/us-gc.net\/it\/informativa-sulla-privacy\/","title":{"rendered":"Politica di riservatezza dei dati personali"},"content":{"rendered":"\n<h1 class=\"wp-block-heading\" id=\"h-politique-de-confidentialite\">Informativa sulla privacy<\/h1>\n\n<p>Siamo un sito di informazione sul mercato del lavoro americano. Non offriamo servizi online e non abbiamo un modulo di registrazione sul sito. L&#8217;unico modulo presente sul sito \u00e8 il nostro <a href=\"https:\/\/us-gc.net\/it\/contact\/\">modulo di contatto<\/a>.<\/p>\n\n<h2 class=\"wp-block-heading\" id=\"h-la-collecte-d-informations-sur-le-site\">La raccolta di informazioni sul sito<\/h2>\n\n<p>Ecco l&#8217;elenco delle informazioni personali che possono essere raccolte sul nostro sito:<\/p>\n\n<ul class=\"wp-block-list\">\n<li>Informazioni di contatto quando si invia un&#8217;e-mail al nostro team di assistenza, come nome, cognome, e-mail. Le informazioni contenute nelle e-mail che ci inviate.<\/li>\n<\/ul>\n\n<div style=\"height:10px\" aria-hidden=\"true\" class=\"wp-block-spacer\"><\/div>\n\n<h2 class=\"wp-block-heading\" id=\"h-duree-de-conservation-des-donnees\">Durata della conservazione dei dati<\/h2>\n\n<p>I dati raccolti vengono regolarmente cancellati, il che significa che non conserviamo i contenuti delle e-mail inviateci per pi\u00f9 di una settimana.  <\/p>\n\n<p>Aggiornamento delle informazioni conservate: Vi preghiamo di comunicarci se desiderate che le informazioni personali in nostro possesso siano corrette o aggiornate durante la loro conservazione.<\/p>\n\n<h2 class=\"wp-block-heading\" id=\"h-securite-de-vos-donnees-personnelles\">Sicurezza dei dati personali<\/h2>\n\n<p>Adottiamo precauzioni tecniche per evitare il furto delle informazioni personali contenute nel nostro database durante il tempo di conservazione, anche se limitato. Tutte le informazioni personali inviate saranno memorizzate sui nostri server sicuri.<\/p>\n\n<p>L&#8217;utente accetta che l&#8217;invio di informazioni via Internet non \u00e8 in linea di principio molto sicuro. \u00c8 quasi impossibile per noi garantire la totale sicurezza dei dati trasmessi.<\/p>\n\n<h2 class=\"wp-block-heading\" id=\"h-vos-droits-en-matiere-de-donnees-personnelles\">I vostri diritti in materia di dati personali<\/h2>\n\n<p>Avete il diritto di chiederci di trasmettervi qualsiasi informazione personale in nostro possesso; ci\u00f2 pu\u00f2 avvenire dietro presentazione di una prova della vostra identit\u00e0 (fotocopia autenticata del passaporto + fattura che attesti il vostro indirizzo di residenza).<\/p>\n\n<h2 class=\"wp-block-heading\" id=\"h-mise-a-jour-de-cette-politique-de-confidentialite\">Aggiornamento della presente informativa sulla privacy<\/h2>\n\n<p>Aggiorniamo regolarmente questa politica. \u00c8 necessario controllare questa pagina durante l&#8217;utilizzo del sito per verificare eventuali modifiche all&#8217;informativa sulla privacy.<\/p>\n\n<h2 class=\"wp-block-heading\" id=\"h-liens-contextuels-vers-des-sites-web-tiers\">Link contestuali a siti web di terzi<\/h2>\n\n<p>Il nostro sito web contiene collegamenti ipertestuali a siti web di terzi. Non abbiamo alcun controllo su questi siti e non siamo responsabili delle loro politiche sulla privacy o delle loro pratiche commerciali o di marketing. Non ci assumiamo alcuna responsabilit\u00e0 per questi link.<\/p>\n","protected":false},"excerpt":{"rendered":"<p>Informativa sulla privacy Siamo un sito di informazione sul mercato del lavoro americano. Non offriamo servizi online e non abbiamo un modulo di registrazione sul sito. L&#8217;unico modulo presente sul sito \u00e8 il nostro modulo di contatto. La raccolta di informazioni sul sito Ecco l&#8217;elenco delle informazioni personali che possono essere raccolte sul nostro sito: [&hellip;]<\/p>\n","protected":false},"author":1,"featured_media":0,"parent":0,"menu_order":0,"comment_status":"closed","ping_status":"closed","template":"","meta":{"footnotes":""},"class_list":["post-666","page","type-page","status-publish","hentry"],"yoast_head":"<!-- This site is optimized with the Yoast SEO plugin v27.2 - https:\/\/yoast.com\/product\/yoast-seo-wordpress\/ -->\n<title>Politica di riservatezza dei dati personali - USA GC<\/title>\n<meta name=\"description\" content=\"Un&#039;informativa sulla privacy dettagliata e conforme alle normative vigenti in materia di protezione dei dati.\" \/>\n<meta name=\"robots\" content=\"noindex, nofollow\" \/>\n<meta property=\"og:locale\" content=\"it_IT\" \/>\n<meta property=\"og:type\" content=\"article\" \/>\n<meta property=\"og:title\" content=\"Politica di riservatezza dei dati personali - USA GC\" \/>\n<meta property=\"og:description\" content=\"Un&#039;informativa sulla privacy dettagliata e conforme alle normative vigenti in materia di protezione dei dati.\" \/>\n<meta property=\"og:url\" content=\"https:\/\/us-gc.net\/it\/informativa-sulla-privacy\/\" \/>\n<meta property=\"og:site_name\" content=\"USA GC\" \/>\n<meta property=\"article:modified_time\" content=\"2025-03-31T11:22:13+00:00\" \/>\n<meta name=\"twitter:card\" content=\"summary_large_image\" \/>\n<meta name=\"twitter:label1\" content=\"Tempo di lettura stimato\" \/>\n\t<meta name=\"twitter:data1\" content=\"2 minuti\" \/>\n<script type=\"application\/ld+json\" class=\"yoast-schema-graph\">{\"@context\":\"https:\/\/schema.org\",\"@graph\":[{\"@type\":\"WebPage\",\"@id\":\"https:\/\/us-gc.net\/it\/informativa-sulla-privacy\/\",\"url\":\"https:\/\/us-gc.net\/it\/informativa-sulla-privacy\/\",\"name\":\"Politica di riservatezza dei dati personali - USA GC\",\"isPartOf\":{\"@id\":\"https:\/\/us-gc.net\/it\/#website\"},\"datePublished\":\"2024-01-31T08:01:49+00:00\",\"dateModified\":\"2025-03-31T11:22:13+00:00\",\"description\":\"Un'informativa sulla privacy dettagliata e conforme alle normative vigenti in materia di protezione dei dati.\",\"breadcrumb\":{\"@id\":\"https:\/\/us-gc.net\/it\/informativa-sulla-privacy\/#breadcrumb\"},\"inLanguage\":\"it-IT\",\"potentialAction\":[{\"@type\":\"ReadAction\",\"target\":[\"https:\/\/us-gc.net\/it\/informativa-sulla-privacy\/\"]}]},{\"@type\":\"BreadcrumbList\",\"@id\":\"https:\/\/us-gc.net\/it\/informativa-sulla-privacy\/#breadcrumb\",\"itemListElement\":[{\"@type\":\"ListItem\",\"position\":1,\"name\":\"Accueil\",\"item\":\"https:\/\/us-gc.net\/it\/green-card\/\"},{\"@type\":\"ListItem\",\"position\":2,\"name\":\"Politica di riservatezza dei dati personali\"}]},{\"@type\":\"WebSite\",\"@id\":\"https:\/\/us-gc.net\/it\/#website\",\"url\":\"https:\/\/us-gc.net\/it\/\",\"name\":\"USA GC\",\"description\":\"\",\"potentialAction\":[{\"@type\":\"SearchAction\",\"target\":{\"@type\":\"EntryPoint\",\"urlTemplate\":\"https:\/\/us-gc.net\/it\/?s={search_term_string}\"},\"query-input\":{\"@type\":\"PropertyValueSpecification\",\"valueRequired\":true,\"valueName\":\"search_term_string\"}}],\"inLanguage\":\"it-IT\"}]}<\/script>\n<!-- \/ Yoast SEO plugin. -->","yoast_head_json":{"title":"Politica di riservatezza dei dati personali - USA GC","description":"Un'informativa sulla privacy dettagliata e conforme alle normative vigenti in materia di protezione dei dati.","robots":{"index":"noindex","follow":"nofollow"},"og_locale":"it_IT","og_type":"article","og_title":"Politica di riservatezza dei dati personali - USA GC","og_description":"Un'informativa sulla privacy dettagliata e conforme alle normative vigenti in materia di protezione dei dati.","og_url":"https:\/\/us-gc.net\/it\/informativa-sulla-privacy\/","og_site_name":"USA GC","article_modified_time":"2025-03-31T11:22:13+00:00","twitter_card":"summary_large_image","twitter_misc":{"Tempo di lettura stimato":"2 minuti"},"schema":{"@context":"https:\/\/schema.org","@graph":[{"@type":"WebPage","@id":"https:\/\/us-gc.net\/it\/informativa-sulla-privacy\/","url":"https:\/\/us-gc.net\/it\/informativa-sulla-privacy\/","name":"Politica di riservatezza dei dati personali - USA GC","isPartOf":{"@id":"https:\/\/us-gc.net\/it\/#website"},"datePublished":"2024-01-31T08:01:49+00:00","dateModified":"2025-03-31T11:22:13+00:00","description":"Un'informativa sulla privacy dettagliata e conforme alle normative vigenti in materia di protezione dei dati.","breadcrumb":{"@id":"https:\/\/us-gc.net\/it\/informativa-sulla-privacy\/#breadcrumb"},"inLanguage":"it-IT","potentialAction":[{"@type":"ReadAction","target":["https:\/\/us-gc.net\/it\/informativa-sulla-privacy\/"]}]},{"@type":"BreadcrumbList","@id":"https:\/\/us-gc.net\/it\/informativa-sulla-privacy\/#breadcrumb","itemListElement":[{"@type":"ListItem","position":1,"name":"Accueil","item":"https:\/\/us-gc.net\/it\/green-card\/"},{"@type":"ListItem","position":2,"name":"Politica di riservatezza dei dati personali"}]},{"@type":"WebSite","@id":"https:\/\/us-gc.net\/it\/#website","url":"https:\/\/us-gc.net\/it\/","name":"USA GC","description":"","potentialAction":[{"@type":"SearchAction","target":{"@type":"EntryPoint","urlTemplate":"https:\/\/us-gc.net\/it\/?s={search_term_string}"},"query-input":{"@type":"PropertyValueSpecification","valueRequired":true,"valueName":"search_term_string"}}],"inLanguage":"it-IT"}]}},"_links":{"self":[{"href":"https:\/\/us-gc.net\/it\/wp-json\/wp\/v2\/pages\/666","targetHints":{"allow":["GET"]}}],"collection":[{"href":"https:\/\/us-gc.net\/it\/wp-json\/wp\/v2\/pages"}],"about":[{"href":"https:\/\/us-gc.net\/it\/wp-json\/wp\/v2\/types\/page"}],"author":[{"embeddable":true,"href":"https:\/\/us-gc.net\/it\/wp-json\/wp\/v2\/users\/1"}],"replies":[{"embeddable":true,"href":"https:\/\/us-gc.net\/it\/wp-json\/wp\/v2\/comments?post=666"}],"version-history":[{"count":2,"href":"https:\/\/us-gc.net\/it\/wp-json\/wp\/v2\/pages\/666\/revisions"}],"predecessor-version":[{"id":8665,"href":"https:\/\/us-gc.net\/it\/wp-json\/wp\/v2\/pages\/666\/revisions\/8665"}],"wp:attachment":[{"href":"https:\/\/us-gc.net\/it\/wp-json\/wp\/v2\/media?parent=666"}],"curies":[{"name":"wp","href":"https:\/\/api.w.org\/{rel}","templated":true}]}}