{"id":627,"date":"2024-01-31T07:59:57","date_gmt":"2024-01-31T07:59:57","guid":{"rendered":"https:\/\/green-card-usa.net\/avviso-legale\/"},"modified":"2025-03-31T10:09:46","modified_gmt":"2025-03-31T10:09:46","slug":"avviso-legale","status":"publish","type":"page","link":"https:\/\/us-gc.net\/it\/avviso-legale\/","title":{"rendered":"Informazioni legali"},"content":{"rendered":"\n<h1 class=\"wp-block-heading\" id=\"h-mentions-legales-du-site\">Note legali del sito<\/h1>\n\n<h2 class=\"wp-block-heading\" id=\"h-editeur-du-site\">Editore del sito web<\/h2>\n\n<p>Siamo un sito web di informazione sul mercato del lavoro negli Stati Uniti. Il nostro sito \u00e8 pubblicato dalla societ\u00e0 privata maltese <a href=\"https:\/\/alma-consulting.org\/\">Alma Consulting<\/a>. Siamo indipendenti da qualsiasi amministrazione pubblica.    <\/p>\n\n<p>Il responsabile della pubblicazione del sito \u00e8 il sig. Kevin Borg. Per contattarci, utilizzate il <a href=\"https:\/\/us-gc.net\/it\/contact\/\">modulo di contatto<\/a>.<\/p>\n\n<h2 class=\"wp-block-heading\" id=\"h-hebergement-du-site\">Hosting del sito web<\/h2>\n\n<p>Il sito web \u00e8 ospitato da OVH, con sede a Roubaix, Francia. OVH \u00e8 una societ\u00e0 iscritta al registro delle imprese di Lille M\u00e9tropole con il numero B424 761 419. <\/p>\n\n<h2 class=\"wp-block-heading\" id=\"h-traitement-des-donnees-personnelles\">Trattamento dei dati personali<\/h2>\n\n<p>Non raccogliamo dati personali tramite un modulo online. Gli unici dati personali raccolti dai visitatori del sito riguardano le informazioni fornite nel modulo di contatto. Queste informazioni vengono distrutte e non conservate una volta che l&#8217;e-mail \u00e8 stata elaborata. <\/p>\n\n<p>Per quanto riguarda i cookie del browser, i visitatori possono bloccare l&#8217;uso dei cookie del browser stesso. L&#8217;utente ha inoltre il diritto di accedere, modificare, rettificare e cancellare tali dati. Per esercitare questo diritto, vi preghiamo di contattarci utilizzando il <a href=\"https:\/\/us-gc.net\/it\/contact\/\">modulo di contatto<\/a>.<\/p>\n","protected":false},"excerpt":{"rendered":"<p>Note legali del sito Editore del sito web Siamo un sito web di informazione sul mercato del lavoro negli Stati Uniti. Il nostro sito \u00e8 pubblicato dalla societ\u00e0 privata maltese Alma Consulting. Siamo indipendenti da qualsiasi amministrazione pubblica. Il responsabile della pubblicazione del sito \u00e8 il sig. Kevin Borg. Per contattarci, utilizzate il modulo di [&hellip;]<\/p>\n","protected":false},"author":1,"featured_media":0,"parent":0,"menu_order":0,"comment_status":"closed","ping_status":"closed","template":"","meta":{"footnotes":""},"class_list":["post-627","page","type-page","status-publish","hentry"],"yoast_head":"<!-- This site is optimized with the Yoast SEO plugin v27.2 - https:\/\/yoast.com\/product\/yoast-seo-wordpress\/ -->\n<title>Informazioni legali - USA GC<\/title>\n<meta name=\"description\" content=\"Nota legale per il sito web us-gc.net, informazioni sul mercato del lavoro e dell&#039;immigrazione negli USA\" \/>\n<meta name=\"robots\" content=\"noindex, nofollow\" \/>\n<meta property=\"og:locale\" content=\"it_IT\" \/>\n<meta property=\"og:type\" content=\"article\" \/>\n<meta property=\"og:title\" content=\"Informazioni legali - USA GC\" \/>\n<meta property=\"og:description\" content=\"Nota legale per il sito web us-gc.net, informazioni sul mercato del lavoro e dell&#039;immigrazione negli USA\" \/>\n<meta property=\"og:url\" content=\"https:\/\/us-gc.net\/it\/avviso-legale\/\" \/>\n<meta property=\"og:site_name\" content=\"USA GC\" \/>\n<meta property=\"article:modified_time\" content=\"2025-03-31T10:09:46+00:00\" \/>\n<meta name=\"twitter:card\" content=\"summary_large_image\" \/>\n<meta name=\"twitter:label1\" content=\"Tempo di lettura stimato\" \/>\n\t<meta name=\"twitter:data1\" content=\"1 minuto\" \/>\n<script type=\"application\/ld+json\" class=\"yoast-schema-graph\">{\"@context\":\"https:\/\/schema.org\",\"@graph\":[{\"@type\":\"WebPage\",\"@id\":\"https:\/\/us-gc.net\/it\/avviso-legale\/\",\"url\":\"https:\/\/us-gc.net\/it\/avviso-legale\/\",\"name\":\"Informazioni legali - USA GC\",\"isPartOf\":{\"@id\":\"https:\/\/us-gc.net\/it\/#website\"},\"datePublished\":\"2024-01-31T07:59:57+00:00\",\"dateModified\":\"2025-03-31T10:09:46+00:00\",\"description\":\"Nota legale per il sito web us-gc.net, informazioni sul mercato del lavoro e dell'immigrazione negli USA\",\"breadcrumb\":{\"@id\":\"https:\/\/us-gc.net\/it\/avviso-legale\/#breadcrumb\"},\"inLanguage\":\"it-IT\",\"potentialAction\":[{\"@type\":\"ReadAction\",\"target\":[\"https:\/\/us-gc.net\/it\/avviso-legale\/\"]}]},{\"@type\":\"BreadcrumbList\",\"@id\":\"https:\/\/us-gc.net\/it\/avviso-legale\/#breadcrumb\",\"itemListElement\":[{\"@type\":\"ListItem\",\"position\":1,\"name\":\"Accueil\",\"item\":\"https:\/\/us-gc.net\/it\/green-card\/\"},{\"@type\":\"ListItem\",\"position\":2,\"name\":\"Informazioni legali\"}]},{\"@type\":\"WebSite\",\"@id\":\"https:\/\/us-gc.net\/it\/#website\",\"url\":\"https:\/\/us-gc.net\/it\/\",\"name\":\"USA GC\",\"description\":\"\",\"potentialAction\":[{\"@type\":\"SearchAction\",\"target\":{\"@type\":\"EntryPoint\",\"urlTemplate\":\"https:\/\/us-gc.net\/it\/?s={search_term_string}\"},\"query-input\":{\"@type\":\"PropertyValueSpecification\",\"valueRequired\":true,\"valueName\":\"search_term_string\"}}],\"inLanguage\":\"it-IT\"}]}<\/script>\n<!-- \/ Yoast SEO plugin. -->","yoast_head_json":{"title":"Informazioni legali - USA GC","description":"Nota legale per il sito web us-gc.net, informazioni sul mercato del lavoro e dell'immigrazione negli USA","robots":{"index":"noindex","follow":"nofollow"},"og_locale":"it_IT","og_type":"article","og_title":"Informazioni legali - USA GC","og_description":"Nota legale per il sito web us-gc.net, informazioni sul mercato del lavoro e dell'immigrazione negli USA","og_url":"https:\/\/us-gc.net\/it\/avviso-legale\/","og_site_name":"USA GC","article_modified_time":"2025-03-31T10:09:46+00:00","twitter_card":"summary_large_image","twitter_misc":{"Tempo di lettura stimato":"1 minuto"},"schema":{"@context":"https:\/\/schema.org","@graph":[{"@type":"WebPage","@id":"https:\/\/us-gc.net\/it\/avviso-legale\/","url":"https:\/\/us-gc.net\/it\/avviso-legale\/","name":"Informazioni legali - USA GC","isPartOf":{"@id":"https:\/\/us-gc.net\/it\/#website"},"datePublished":"2024-01-31T07:59:57+00:00","dateModified":"2025-03-31T10:09:46+00:00","description":"Nota legale per il sito web us-gc.net, informazioni sul mercato del lavoro e dell'immigrazione negli USA","breadcrumb":{"@id":"https:\/\/us-gc.net\/it\/avviso-legale\/#breadcrumb"},"inLanguage":"it-IT","potentialAction":[{"@type":"ReadAction","target":["https:\/\/us-gc.net\/it\/avviso-legale\/"]}]},{"@type":"BreadcrumbList","@id":"https:\/\/us-gc.net\/it\/avviso-legale\/#breadcrumb","itemListElement":[{"@type":"ListItem","position":1,"name":"Accueil","item":"https:\/\/us-gc.net\/it\/green-card\/"},{"@type":"ListItem","position":2,"name":"Informazioni legali"}]},{"@type":"WebSite","@id":"https:\/\/us-gc.net\/it\/#website","url":"https:\/\/us-gc.net\/it\/","name":"USA GC","description":"","potentialAction":[{"@type":"SearchAction","target":{"@type":"EntryPoint","urlTemplate":"https:\/\/us-gc.net\/it\/?s={search_term_string}"},"query-input":{"@type":"PropertyValueSpecification","valueRequired":true,"valueName":"search_term_string"}}],"inLanguage":"it-IT"}]}},"_links":{"self":[{"href":"https:\/\/us-gc.net\/it\/wp-json\/wp\/v2\/pages\/627","targetHints":{"allow":["GET"]}}],"collection":[{"href":"https:\/\/us-gc.net\/it\/wp-json\/wp\/v2\/pages"}],"about":[{"href":"https:\/\/us-gc.net\/it\/wp-json\/wp\/v2\/types\/page"}],"author":[{"embeddable":true,"href":"https:\/\/us-gc.net\/it\/wp-json\/wp\/v2\/users\/1"}],"replies":[{"embeddable":true,"href":"https:\/\/us-gc.net\/it\/wp-json\/wp\/v2\/comments?post=627"}],"version-history":[{"count":2,"href":"https:\/\/us-gc.net\/it\/wp-json\/wp\/v2\/pages\/627\/revisions"}],"predecessor-version":[{"id":8459,"href":"https:\/\/us-gc.net\/it\/wp-json\/wp\/v2\/pages\/627\/revisions\/8459"}],"wp:attachment":[{"href":"https:\/\/us-gc.net\/it\/wp-json\/wp\/v2\/media?parent=627"}],"curies":[{"name":"wp","href":"https:\/\/api.w.org\/{rel}","templated":true}]}}