{"id":440,"date":"2024-02-01T08:19:27","date_gmt":"2024-02-01T08:19:27","guid":{"rendered":"https:\/\/green-card-usa.net\/green-card-modulo-lotteria\/"},"modified":"2025-03-31T10:05:54","modified_gmt":"2025-03-31T10:05:54","slug":"green-card-modulo-lotteria","status":"publish","type":"page","link":"https:\/\/us-gc.net\/it\/green-card-modulo-lotteria\/","title":{"rendered":"Modulo di registrazione online alla lotteria della Carta verde"},"content":{"rendered":"\t\t<div data-elementor-type=\"wp-page\" data-elementor-id=\"440\" class=\"elementor elementor-440 elementor-145\" data-elementor-post-type=\"page\">\n\t\t\t\t<div class=\"elementor-element elementor-element-75ef7d8 e-flex e-con-boxed e-con e-parent\" data-id=\"75ef7d8\" data-element_type=\"container\" data-e-type=\"container\">\n\t\t\t\t\t<div class=\"e-con-inner\">\n\t\t\t\t<div class=\"elementor-element elementor-element-3149e08 elementor-widget elementor-widget-heading\" data-id=\"3149e08\" data-element_type=\"widget\" data-e-type=\"widget\" data-widget_type=\"heading.default\">\n\t\t\t\t<div class=\"elementor-widget-container\">\n\t\t\t\t\t<h1 class=\"elementor-heading-title elementor-size-default\">Modulo di registrazione alla lotteria della Carta Verde<\/h1>\t\t\t\t<\/div>\n\t\t\t\t<\/div>\n\t\t\t\t\t<\/div>\n\t\t\t\t<\/div>\n\t\t<div class=\"elementor-element elementor-element-1c60801 e-flex e-con-boxed e-con e-parent\" data-id=\"1c60801\" data-element_type=\"container\" data-e-type=\"container\">\n\t\t\t\t\t<div class=\"e-con-inner\">\n\t\t\t\t<div class=\"elementor-element elementor-element-2e9ffc9 elementor-widget elementor-widget-text-editor\" data-id=\"2e9ffc9\" data-element_type=\"widget\" data-e-type=\"widget\" data-widget_type=\"text-editor.default\">\n\t\t\t\t<div class=\"elementor-widget-container\">\n\t\t\t\t\t\t\t\t\t<p>L&#8217;iscrizione alla prossima lotteria della Carta verde \u00e8 interamente online. La compilazione del modulo richiede solo pochi minuti. Proteggi la tua domanda il prima possibile per evitare di perdere la scadenza di registrazione.<\/p>\n\t\t\t\t\t\t\t\t<\/div>\n\t\t\t\t<\/div>\n\t\t\t\t\t<\/div>\n\t\t\t\t<\/div>\n\t\t<div class=\"elementor-element elementor-element-9d42428 e-flex e-con-boxed e-con e-parent\" data-id=\"9d42428\" data-element_type=\"container\" data-e-type=\"container\">\n\t\t\t\t\t<div class=\"e-con-inner\">\n\t\t\t\t<div class=\"elementor-element elementor-element-6933e78 elementor-widget elementor-widget-text-editor\" data-id=\"6933e78\" data-element_type=\"widget\" data-e-type=\"widget\" data-widget_type=\"text-editor.default\">\n\t\t\t\t<div class=\"elementor-widget-container\">\n\t\t\t\t\t\t\t\t\t<p>Il modulo di registrazione \u00e8 abbastanza veloce da compilare. \u00c8 necessario inserire una serie di dati personali e soddisfare determinate condizioni di ammissibilit\u00e0.<\/p>\n\t\t\t\t\t\t\t\t<\/div>\n\t\t\t\t<\/div>\n\t\t\t\t\t<\/div>\n\t\t\t\t<\/div>\n\t\t<div class=\"elementor-element elementor-element-6306da8 e-flex e-con-boxed e-con e-parent\" data-id=\"6306da8\" data-element_type=\"container\" data-e-type=\"container\">\n\t\t\t\t\t<div class=\"e-con-inner\">\n\t\t\t\t<div class=\"elementor-element elementor-element-b506912 elementor-widget elementor-widget-heading\" data-id=\"b506912\" data-element_type=\"widget\" data-e-type=\"widget\" data-widget_type=\"heading.default\">\n\t\t\t\t<div class=\"elementor-widget-container\">\n\t\t\t\t\t<h2 class=\"elementor-heading-title elementor-size-default\">Come compilare il modulo<\/h2>\t\t\t\t<\/div>\n\t\t\t\t<\/div>\n\t\t\t\t\t<\/div>\n\t\t\t\t<\/div>\n\t\t<div class=\"elementor-element elementor-element-e5c6b45 e-flex e-con-boxed e-con e-parent\" data-id=\"e5c6b45\" data-element_type=\"container\" data-e-type=\"container\">\n\t\t\t\t\t<div class=\"e-con-inner\">\n\t\t\t\t<div class=\"elementor-element elementor-element-e90f36f elementor-widget elementor-widget-text-editor\" data-id=\"e90f36f\" data-element_type=\"widget\" data-e-type=\"widget\" data-widget_type=\"text-editor.default\">\n\t\t\t\t<div class=\"elementor-widget-container\">\n\t\t\t\t\t\t\t\t\t<p>Il modulo si compila interamente online. le informazioni necessarie per convalidare la registrazione sono :<\/p>\n<ul>\n<li>Stato civile ;<\/li>\n<li>Luogo di residenza ;<\/li>\n<li>Indirizzo e-mail e numero di telefono ;<\/li>\n<li>Livello di istruzione ;<\/li>\n<li>La vostra situazione familiare ;<\/li>\n<li>Il passaporto valido.<\/li>\n<\/ul>\n<div> <\/div>\n<div>Per completare la tua iscrizione alla lotteria della Carta Verde, dovrai inviare una foto <span style=\"text-decoration: underline;\"><a href=\"https:\/\/us-gc.net\/it\/foto-green-card\/\">foto per la Carta Verde<\/a><\/span> che abbia meno di 6 mesi, nel formato richiesto.<\/div>\n\t\t\t\t\t\t\t\t<\/div>\n\t\t\t\t<\/div>\n\t\t\t\t\t<\/div>\n\t\t\t\t<\/div>\n\t\t<div class=\"elementor-element elementor-element-b40a6c1 e-flex e-con-boxed e-con e-parent\" data-id=\"b40a6c1\" data-element_type=\"container\" data-e-type=\"container\">\n\t\t\t\t\t<div class=\"e-con-inner\">\n\t\t\t\t<div class=\"elementor-element elementor-element-844f7e4 elementor-widget elementor-widget-heading\" data-id=\"844f7e4\" data-element_type=\"widget\" data-e-type=\"widget\" data-widget_type=\"heading.default\">\n\t\t\t\t<div class=\"elementor-widget-container\">\n\t\t\t\t\t<h2 class=\"elementor-heading-title elementor-size-default\">Condizioni di ammissibilit\u00e0<\/h2>\t\t\t\t<\/div>\n\t\t\t\t<\/div>\n\t\t\t\t\t<\/div>\n\t\t\t\t<\/div>\n\t\t<div class=\"elementor-element elementor-element-905f167 e-flex e-con-boxed e-con e-parent\" data-id=\"905f167\" data-element_type=\"container\" data-e-type=\"container\">\n\t\t\t\t\t<div class=\"e-con-inner\">\n\t\t\t\t<div class=\"elementor-element elementor-element-a70162a elementor-widget elementor-widget-text-editor\" data-id=\"a70162a\" data-element_type=\"widget\" data-e-type=\"widget\" data-widget_type=\"text-editor.default\">\n\t\t\t\t<div class=\"elementor-widget-container\">\n\t\t\t\t\t\t\t\t\t<p>I requisiti per partecipare alla lotteria annuale della Green Card americana sono molto semplici. I criteri principali da soddisfare sono due:<\/p>\n<h3>\u00c8 necessario essere cittadini di un paese ammissibile<\/h3>\n<p>Non tutti i paesi sono autorizzati a partecipare alla <span style=\"text-decoration: underline;\"><a href=\"https:\/\/us-gc.net\/it\/lotteria-green-card\/\">Lotteria della Carta Verde<\/a><\/span>. Gli Stati Uniti cercano di mantenere una popolazione immigrata mista. I cittadini di paesi in cui pi\u00f9 di 50.000 cittadini sono immigrati negli Stati Uniti negli ultimi cinque anni non possono richiedere la Green Card. <span style=\"text-decoration: underline;\"><a href=\"https:\/\/us-gc.net\/it\/\">Carta Verde<\/a><\/span>. L&#8217;elenco dei Paesi i cui cittadini non possono partecipare \u00e8 pubblicato ogni anno dall&#8217;USCIS. Ecco l&#8217;elenco dei paesi che non sono autorizzati a partecipare all&#8217;estrazione della <span style=\"text-decoration: underline;\"><a href=\"https:\/\/us-gc.net\/it\/green-card-lotteria-2025\/\">Lotteria della Carta Verde 2025<\/a><\/span>.<\/p>\n<h3>\u00c8 necessario avere un livello minimo di istruzione superiore<\/h3>\n<p>Per partecipare alla <span style=\"text-decoration: underline;\"><a href=\"https:\/\/us-gc.net\/it\/lotteria-americana-carta-verde\/\">lotteria della carta verde<\/a><\/span> devi avere un livello accademico minimo. Questo livello di istruzione superiore pu\u00f2 essere giustificato in due modi:<\/p>\n<ul>\n<li>Aver conseguito il baccalaur\u00e9at o un titolo equivalente;<\/li>\n<li>Aver ricoperto una posizione per almeno 2 anni negli ultimi 5 anni, che richieda almeno 2 anni di formazione o esperienza.<\/li>\n<\/ul>\n\t\t\t\t\t\t\t\t<\/div>\n\t\t\t\t<\/div>\n\t\t\t\t\t<\/div>\n\t\t\t\t<\/div>\n\t\t<div class=\"elementor-element elementor-element-6a0528e e-flex e-con-boxed e-con e-parent\" data-id=\"6a0528e\" data-element_type=\"container\" data-e-type=\"container\">\n\t\t\t\t\t<div class=\"e-con-inner\">\n\t\t\t\t<div class=\"elementor-element elementor-element-57b8aba elementor-widget elementor-widget-heading\" data-id=\"57b8aba\" data-element_type=\"widget\" data-e-type=\"widget\" data-widget_type=\"heading.default\">\n\t\t\t\t<div class=\"elementor-widget-container\">\n\t\t\t\t\t<h2 class=\"elementor-heading-title elementor-size-default\">Risultati della lotteria della Carta Verde<\/h2>\t\t\t\t<\/div>\n\t\t\t\t<\/div>\n\t\t\t\t\t<\/div>\n\t\t\t\t<\/div>\n\t\t<div class=\"elementor-element elementor-element-5bfb210 e-flex e-con-boxed e-con e-parent\" data-id=\"5bfb210\" data-element_type=\"container\" data-e-type=\"container\">\n\t\t\t\t\t<div class=\"e-con-inner\">\n\t\t\t\t<div class=\"elementor-element elementor-element-2e3ef98 elementor-widget elementor-widget-text-editor\" data-id=\"2e3ef98\" data-element_type=\"widget\" data-e-type=\"widget\" data-widget_type=\"text-editor.default\">\n\t\t\t\t<div class=\"elementor-widget-container\">\n\t\t\t\t\t\t\t\t\t<p>Visita <span style=\"text-decoration: underline;\"><a href=\"https:\/\/us-gc.net\/it\/risultati-lotteria-green-card\/\">Risultati della lotteria della Carta Verde<\/a><\/span> La lotteria viene pubblicata online ogni anno. Per tutti i candidati che vincono la lotteria, inizia il processo di ottenimento della Carta verde. Questo processo si svolge nell&#8217;arco di diversi mesi. La fase finale consiste in un <span style=\"text-decoration: underline;\"><a href=\"https:\/\/us-gc.net\/it\/green-card-colloquio\/\">colloquio per ottenere la Carta Verde<\/a><\/span>. Questo colloquio ha luogo con un funzionario dell&#8217;USCIS e conclude il processo.<\/p>\n\t\t\t\t\t\t\t\t<\/div>\n\t\t\t\t<\/div>\n\t\t\t\t\t<\/div>\n\t\t\t\t<\/div>\n\t\t\t\t<\/div>\n\t\t","protected":false},"excerpt":{"rendered":"<p>Modulo di registrazione alla lotteria della Carta Verde L&#8217;iscrizione alla prossima lotteria della Carta verde \u00e8 interamente online. La compilazione del modulo richiede solo pochi minuti. Proteggi la tua domanda il prima possibile per evitare di perdere la scadenza di registrazione. Il modulo di registrazione \u00e8 abbastanza veloce da compilare. \u00c8 necessario inserire una serie [&hellip;]<\/p>\n","protected":false},"author":1,"featured_media":0,"parent":0,"menu_order":0,"comment_status":"closed","ping_status":"closed","template":"","meta":{"footnotes":""},"class_list":["post-440","page","type-page","status-publish","hentry"],"yoast_head":"<!-- This site is optimized with the Yoast SEO plugin v27.2 - https:\/\/yoast.com\/product\/yoast-seo-wordpress\/ -->\n<title>Modulo di registrazione online alla lotteria della Carta verde - USA GC<\/title>\n<meta name=\"description\" content=\"Registratevi direttamente online per partecipare alla prossima estrazione della Green Card americana.\" \/>\n<meta name=\"robots\" content=\"index, follow, max-snippet:-1, max-image-preview:large, max-video-preview:-1\" \/>\n<link rel=\"canonical\" href=\"https:\/\/us-gc.net\/it\/green-card-modulo-lotteria\/\" \/>\n<meta property=\"og:locale\" content=\"it_IT\" \/>\n<meta property=\"og:type\" content=\"article\" \/>\n<meta property=\"og:title\" content=\"Modulo di registrazione online alla lotteria della Carta verde - USA GC\" \/>\n<meta property=\"og:description\" content=\"Registratevi direttamente online per partecipare alla prossima estrazione della Green Card americana.\" \/>\n<meta property=\"og:url\" content=\"https:\/\/us-gc.net\/it\/green-card-modulo-lotteria\/\" \/>\n<meta property=\"og:site_name\" content=\"USA GC\" \/>\n<meta property=\"article:modified_time\" content=\"2025-03-31T10:05:54+00:00\" \/>\n<meta name=\"twitter:card\" content=\"summary_large_image\" \/>\n<meta name=\"twitter:label1\" content=\"Tempo di lettura stimato\" \/>\n\t<meta name=\"twitter:data1\" content=\"2 minuti\" \/>\n<script type=\"application\/ld+json\" class=\"yoast-schema-graph\">{\"@context\":\"https:\/\/schema.org\",\"@graph\":[{\"@type\":\"WebPage\",\"@id\":\"https:\/\/us-gc.net\/it\/green-card-modulo-lotteria\/\",\"url\":\"https:\/\/us-gc.net\/it\/green-card-modulo-lotteria\/\",\"name\":\"Modulo di registrazione online alla lotteria della Carta verde - USA GC\",\"isPartOf\":{\"@id\":\"https:\/\/us-gc.net\/it\/#website\"},\"datePublished\":\"2024-02-01T08:19:27+00:00\",\"dateModified\":\"2025-03-31T10:05:54+00:00\",\"description\":\"Registratevi direttamente online per partecipare alla prossima estrazione della Green Card americana.\",\"breadcrumb\":{\"@id\":\"https:\/\/us-gc.net\/it\/green-card-modulo-lotteria\/#breadcrumb\"},\"inLanguage\":\"it-IT\",\"potentialAction\":[{\"@type\":\"ReadAction\",\"target\":[\"https:\/\/us-gc.net\/it\/green-card-modulo-lotteria\/\"]}]},{\"@type\":\"BreadcrumbList\",\"@id\":\"https:\/\/us-gc.net\/it\/green-card-modulo-lotteria\/#breadcrumb\",\"itemListElement\":[{\"@type\":\"ListItem\",\"position\":1,\"name\":\"Accueil\",\"item\":\"https:\/\/us-gc.net\/it\/green-card\/\"},{\"@type\":\"ListItem\",\"position\":2,\"name\":\"Modulo di registrazione online alla lotteria della Carta verde\"}]},{\"@type\":\"WebSite\",\"@id\":\"https:\/\/us-gc.net\/it\/#website\",\"url\":\"https:\/\/us-gc.net\/it\/\",\"name\":\"USA GC\",\"description\":\"\",\"potentialAction\":[{\"@type\":\"SearchAction\",\"target\":{\"@type\":\"EntryPoint\",\"urlTemplate\":\"https:\/\/us-gc.net\/it\/?s={search_term_string}\"},\"query-input\":{\"@type\":\"PropertyValueSpecification\",\"valueRequired\":true,\"valueName\":\"search_term_string\"}}],\"inLanguage\":\"it-IT\"}]}<\/script>\n<!-- \/ Yoast SEO plugin. -->","yoast_head_json":{"title":"Modulo di registrazione online alla lotteria della Carta verde - USA GC","description":"Registratevi direttamente online per partecipare alla prossima estrazione della Green Card americana.","robots":{"index":"index","follow":"follow","max-snippet":"max-snippet:-1","max-image-preview":"max-image-preview:large","max-video-preview":"max-video-preview:-1"},"canonical":"https:\/\/us-gc.net\/it\/green-card-modulo-lotteria\/","og_locale":"it_IT","og_type":"article","og_title":"Modulo di registrazione online alla lotteria della Carta verde - USA GC","og_description":"Registratevi direttamente online per partecipare alla prossima estrazione della Green Card americana.","og_url":"https:\/\/us-gc.net\/it\/green-card-modulo-lotteria\/","og_site_name":"USA GC","article_modified_time":"2025-03-31T10:05:54+00:00","twitter_card":"summary_large_image","twitter_misc":{"Tempo di lettura stimato":"2 minuti"},"schema":{"@context":"https:\/\/schema.org","@graph":[{"@type":"WebPage","@id":"https:\/\/us-gc.net\/it\/green-card-modulo-lotteria\/","url":"https:\/\/us-gc.net\/it\/green-card-modulo-lotteria\/","name":"Modulo di registrazione online alla lotteria della Carta verde - USA GC","isPartOf":{"@id":"https:\/\/us-gc.net\/it\/#website"},"datePublished":"2024-02-01T08:19:27+00:00","dateModified":"2025-03-31T10:05:54+00:00","description":"Registratevi direttamente online per partecipare alla prossima estrazione della Green Card americana.","breadcrumb":{"@id":"https:\/\/us-gc.net\/it\/green-card-modulo-lotteria\/#breadcrumb"},"inLanguage":"it-IT","potentialAction":[{"@type":"ReadAction","target":["https:\/\/us-gc.net\/it\/green-card-modulo-lotteria\/"]}]},{"@type":"BreadcrumbList","@id":"https:\/\/us-gc.net\/it\/green-card-modulo-lotteria\/#breadcrumb","itemListElement":[{"@type":"ListItem","position":1,"name":"Accueil","item":"https:\/\/us-gc.net\/it\/green-card\/"},{"@type":"ListItem","position":2,"name":"Modulo di registrazione online alla lotteria della Carta verde"}]},{"@type":"WebSite","@id":"https:\/\/us-gc.net\/it\/#website","url":"https:\/\/us-gc.net\/it\/","name":"USA GC","description":"","potentialAction":[{"@type":"SearchAction","target":{"@type":"EntryPoint","urlTemplate":"https:\/\/us-gc.net\/it\/?s={search_term_string}"},"query-input":{"@type":"PropertyValueSpecification","valueRequired":true,"valueName":"search_term_string"}}],"inLanguage":"it-IT"}]}},"_links":{"self":[{"href":"https:\/\/us-gc.net\/it\/wp-json\/wp\/v2\/pages\/440","targetHints":{"allow":["GET"]}}],"collection":[{"href":"https:\/\/us-gc.net\/it\/wp-json\/wp\/v2\/pages"}],"about":[{"href":"https:\/\/us-gc.net\/it\/wp-json\/wp\/v2\/types\/page"}],"author":[{"embeddable":true,"href":"https:\/\/us-gc.net\/it\/wp-json\/wp\/v2\/users\/1"}],"replies":[{"embeddable":true,"href":"https:\/\/us-gc.net\/it\/wp-json\/wp\/v2\/comments?post=440"}],"version-history":[{"count":4,"href":"https:\/\/us-gc.net\/it\/wp-json\/wp\/v2\/pages\/440\/revisions"}],"predecessor-version":[{"id":10081,"href":"https:\/\/us-gc.net\/it\/wp-json\/wp\/v2\/pages\/440\/revisions\/10081"}],"wp:attachment":[{"href":"https:\/\/us-gc.net\/it\/wp-json\/wp\/v2\/media?parent=440"}],"curies":[{"name":"wp","href":"https:\/\/api.w.org\/{rel}","templated":true}]}}