{"id":397,"date":"2024-01-30T17:24:00","date_gmt":"2024-01-30T17:24:00","guid":{"rendered":"https:\/\/green-card-usa.net\/green-card\/"},"modified":"2024-12-30T09:40:07","modified_gmt":"2024-12-30T09:40:07","slug":"green-card","status":"publish","type":"page","link":"https:\/\/us-gc.net\/it\/","title":{"rendered":"Green Card USA | Carta di residente permanente"},"content":{"rendered":"\n<h1 class=\"wp-block-heading\" id=\"h-la-green-card-pour-resider-aux-etats-unis\">La Green Card per vivere negli Stati Uniti<\/h1>\n\n<p>Gli Stati Uniti d&#8217;America sono il Paese pi\u00f9 ambito al mondo per i cittadini stranieri che desiderano immigrare. La Green Card \u00e8 un&#8217;opportunit\u00e0 per molti stranieri di ottenere il diritto di vivere e lavorare negli Stati Uniti.<\/p>\n\n<h2 class=\"wp-block-heading\" id=\"h-qu-est-ce-que-la-green-card\">Che cos&#8217;\u00e8 la Green Card?<\/h2>\n\n<p>La Green Card \u00e8 una carta di soggiorno permanente negli Stati Uniti. Permette ai cittadini stranieri di vivere e lavorare in modo permanente negli Stati Uniti. Le condizioni per ottenere la Green Card dipendono dal motivo della richiesta.<\/p>\n\n<h2 class=\"wp-block-heading\" id=\"h-quelle-est-son-utilite\">Qual \u00e8 il suo scopo?<\/h2>\n\n<p>L&#8217;utilit\u00e0 della Green Card risiede nell&#8217;accesso agli Stati Uniti e al suo vasto mercato del lavoro. Ogni anno, centinaia di migliaia di richiedenti sperano di ottenere la Green Card per venire a lavorare negli Stati Uniti.<\/p>\n\n<h2 class=\"wp-block-heading\" id=\"h-comment-obtenir-une-green-card\">Come si ottiene la Green Card?<\/h2>\n\n<p>Esistono diversi modi per ottenere la Green Card. La procedura per ottenere la carta dipende dal motivo per cui il richiedente richiede la carta di soggiorno negli Stati Uniti. Ecco i quattro motivi principali per ottenere la Green Card:<\/p>\n\n<ul class=\"wp-block-list\">\n<li>La <a href=\"https:\/\/us-gc.net\/it\/green-card-per-occupazione\/\">Green Card per motivi di lavoro<\/a><\/li>\n\n\n\n<li>La <a href=\"https:\/\/us-gc.net\/it\/green-card-per-matrimonio\/\">Green Card attraverso il matrimonio<\/a><\/li>\n\n\n\n<li>La <a href=\"https:\/\/us-gc.net\/it\/green-card-sponsorizzazione\/\">Green Card attraverso la sponsorizzazione<\/a> da parte di un familiare o di un&#8217;azienda<\/li>\n\n\n\n<li>Partecipazione alla <a href=\"https:\/\/us-gc.net\/it\/lotteria-green-card\/\">lotteria della Green Card<\/a><\/li>\n<\/ul>\n\n<div style=\"height:10px\" aria-hidden=\"true\" class=\"wp-block-spacer\"><\/div>\n\n<p>Ogni procedura \u00e8 diversa in termini di documentazione e condizioni richieste per ottenere la Green Card. <\/p>\n\n<h2 class=\"wp-block-heading\" id=\"h-quand-effectuer-la-demande-d-une-green-card\">Quando devo richiedere la Green Card?<\/h2>\n\n<p>Esistono due situazioni diverse a seconda del tipo di Green Card richiesta. <\/p>\n\n<ol class=\"wp-block-list\">\n<li>Tutte le domande di Green Card, sia quelle basate sull&#8217;impiego, sulla sponsorizzazione o sul matrimonio, possono essere presentate in qualsiasi momento dell&#8217;anno. Il processo di candidatura inizia non appena la domanda \u00e8 completa.<\/li>\n\n\n\n<li>La <a href=\"https:\/\/us-gc.net\/it\/lotteria-americana-carta-verde\/\">lotteria della Green Card americana<\/a> si svolge solo una volta all&#8217;anno. Il sorteggio che avr\u00e0 luogo alla fine del 2024 riguarda l&#8217;assegnazione della <a href=\"https:\/\/us-gc.net\/it\/lotteria-green-card-2026\/\">Lotteria della Green Card 2026<\/a>. L&#8217;iscrizione alla lotteria deve essere completata entro la prima settimana di novembre di ogni anno. Nel corso del 2024, l&#8217;USCIS completer\u00e0 il processo di assegnazione delle Green Card vinte durante la campagna <a href=\"https:\/\/us-gc.net\/it\/green-card-lotteria-2024\/\">delle Green Card lotteria 2024<\/a>. Sta inoltre continuando a elaborare i risultati dell&#8217;estrazione a <a href=\"https:\/\/us-gc.net\/it\/green-card-lotteria-2025\/\">sorte della Green Card 2025<\/a>.<\/li>\n<\/ol>\n\n<div style=\"height:10px\" aria-hidden=\"true\" class=\"wp-block-spacer\"><\/div>\n\n<p>In tutti i casi, il processo di ottenimento della <a href=\"https:\/\/us-gc.net\/it\/green-card-colloquio\/\">Green Card prevede un colloquio<\/a> con un funzionario dell&#8217;USCIS. I richiedenti devono portare all&#8217;appuntamento i documenti originali a sostegno della domanda di Green Card.<\/p>\n\n<h2 class=\"wp-block-heading\" id=\"h-comment-renouveler-une-green-card\">Come si rinnova la Green Card?<\/h2>\n\n<p>Per rinnovare la Green Card, \u00e8 necessario presentare all&#8217;USCIS un modulo I-90 prima della scadenza della carta attuale, di solito ogni 10 anni.<\/p>\n\n<h2 class=\"wp-block-heading\" id=\"h-a-quoi-ressemble-une-green-card\">Che aspetto ha la Green Card?<\/h2>\n\n<p>Come suggerisce il nome, la Green Card \u00e8 una carta verde. Sembra una carta d&#8217;identit\u00e0 con la foto del titolare. Questa <a href=\"https:\/\/us-gc.net\/it\/foto-green-card\/\">foto della Carta Verde<\/a> ha dimensioni specifiche, come mostrato nell&#8217;immagine sottostante. Deve avere meno di 6 mesi al momento dell&#8217;emissione della Carta Verde.<\/p>\n\n<figure class=\"wp-block-image size-full\"><img decoding=\"async\" src=\"https:\/\/us-gc.net\/wp-content\/uploads\/2024\/05\/Green-card-2024-1.jpg\" alt=\"immagine di una Carta Verde valida nel 2024\" class=\"wp-image-4848\"\/><figcaption class=\"wp-element-caption\">Immagine della Carta Verde per gli Stati Uniti<\/figcaption><\/figure>\n\n<h2 class=\"wp-block-heading\" id=\"h-combien-coute-une-green-card\">Quanto costa una Green Card?<\/h2>\n\n<p>La procedura per ottenere la Carta verde prevede il pagamento di tasse amministrative obbligatorie. Le <a href=\"https:\/\/us-gc.net\/it\/premio-green-card\/\">tasse per la Carta verde<\/a> variano a seconda del tipo di Carta verde richiesta.<\/p>\n\n<h2 class=\"wp-block-heading\" id=\"h-peut-on-voyager-avec-une-green-card\">Posso viaggiare con la Green Card?<\/h2>\n\n<p>I titolari di Carta verde possono viaggiare in alcuni Paesi del mondo con le stesse agevolazioni dei titolari di passaporto americano. Questa opportunit\u00e0 di <a href=\"https:\/\/us-gc.net\/it\/viaggiare-all-estero-con-la-green-card\/\">viaggiare con la Green Card<\/a> si applica solo ad alcuni Paesi che hanno firmato accordi specifici con gli Stati Uniti. I principali Paesi partner sono i vicini geografici, come Canada e Messico.<\/p>\n","protected":false},"excerpt":{"rendered":"<p>La Green Card per vivere negli Stati Uniti Gli Stati Uniti d&#8217;America sono il Paese pi\u00f9 ambito al mondo per i cittadini stranieri che desiderano immigrare. La Green Card \u00e8 un&#8217;opportunit\u00e0 per molti stranieri di ottenere il diritto di vivere e lavorare negli Stati Uniti. Che cos&#8217;\u00e8 la Green Card? La Green Card \u00e8 una [&hellip;]<\/p>\n","protected":false},"author":1,"featured_media":0,"parent":0,"menu_order":0,"comment_status":"closed","ping_status":"closed","template":"","meta":{"footnotes":""},"class_list":["post-397","page","type-page","status-publish","hentry"],"yoast_head":"<!-- This site is optimized with the Yoast SEO plugin v27.4 - https:\/\/yoast.com\/product\/yoast-seo-wordpress\/ -->\n<title>Green Card USA | Carta di residente permanente - USA GC<\/title>\n<meta name=\"description\" content=\"La Green Card \u00e8 la carta di soggiorno permanente negli Stati Uniti. Esistono diversi modi per ottenere un permesso di soggiorno per vivere e lavorare negli USA\" \/>\n<meta name=\"robots\" content=\"index, follow, max-snippet:-1, max-image-preview:large, max-video-preview:-1\" \/>\n<link rel=\"canonical\" href=\"https:\/\/us-gc.net\/it\/\" \/>\n<meta property=\"og:locale\" content=\"it_IT\" \/>\n<meta property=\"og:type\" content=\"article\" \/>\n<meta property=\"og:title\" content=\"Green Card USA | Carta di residente permanente - USA GC\" \/>\n<meta property=\"og:description\" content=\"La Green Card \u00e8 la carta di soggiorno permanente negli Stati Uniti. Esistono diversi modi per ottenere un permesso di soggiorno per vivere e lavorare negli USA\" \/>\n<meta property=\"og:url\" content=\"https:\/\/us-gc.net\/it\/\" \/>\n<meta property=\"og:site_name\" content=\"USA GC\" \/>\n<meta property=\"article:modified_time\" content=\"2024-12-30T09:40:07+00:00\" \/>\n<meta property=\"og:image\" content=\"https:\/\/us-gc.net\/wp-content\/uploads\/2024\/05\/Green-card-2024-1.jpg\" \/>\n<meta name=\"twitter:card\" content=\"summary_large_image\" \/>\n<meta name=\"twitter:label1\" content=\"Tempo di lettura stimato\" \/>\n\t<meta name=\"twitter:data1\" content=\"3 minuti\" \/>\n<script type=\"application\/ld+json\" class=\"yoast-schema-graph\">{\"@context\":\"https:\\\/\\\/schema.org\",\"@graph\":[{\"@type\":\"WebPage\",\"@id\":\"https:\\\/\\\/us-gc.net\\\/it\\\/\",\"url\":\"https:\\\/\\\/us-gc.net\\\/it\\\/\",\"name\":\"Green Card USA | Carta di residente permanente - USA GC\",\"isPartOf\":{\"@id\":\"https:\\\/\\\/us-gc.net\\\/it\\\/#website\"},\"primaryImageOfPage\":{\"@id\":\"https:\\\/\\\/us-gc.net\\\/it\\\/#primaryimage\"},\"image\":{\"@id\":\"https:\\\/\\\/us-gc.net\\\/it\\\/#primaryimage\"},\"thumbnailUrl\":\"https:\\\/\\\/us-gc.net\\\/wp-content\\\/uploads\\\/2024\\\/05\\\/Green-card-2024-1.jpg\",\"datePublished\":\"2024-01-30T17:24:00+00:00\",\"dateModified\":\"2024-12-30T09:40:07+00:00\",\"description\":\"La Green Card \u00e8 la carta di soggiorno permanente negli Stati Uniti. Esistono diversi modi per ottenere un permesso di soggiorno per vivere e lavorare negli USA\",\"breadcrumb\":{\"@id\":\"https:\\\/\\\/us-gc.net\\\/it\\\/#breadcrumb\"},\"inLanguage\":\"it-IT\",\"potentialAction\":[{\"@type\":\"ReadAction\",\"target\":[\"https:\\\/\\\/us-gc.net\\\/it\\\/\"]}]},{\"@type\":\"ImageObject\",\"inLanguage\":\"it-IT\",\"@id\":\"https:\\\/\\\/us-gc.net\\\/it\\\/#primaryimage\",\"url\":\"https:\\\/\\\/us-gc.net\\\/wp-content\\\/uploads\\\/2024\\\/05\\\/Green-card-2024-1.jpg\",\"contentUrl\":\"https:\\\/\\\/us-gc.net\\\/wp-content\\\/uploads\\\/2024\\\/05\\\/Green-card-2024-1.jpg\"},{\"@type\":\"BreadcrumbList\",\"@id\":\"https:\\\/\\\/us-gc.net\\\/it\\\/#breadcrumb\",\"itemListElement\":[{\"@type\":\"ListItem\",\"position\":1,\"name\":\"Accueil\",\"item\":\"https:\\\/\\\/us-gc.net\\\/it\\\/green-card\\\/\"},{\"@type\":\"ListItem\",\"position\":2,\"name\":\"Green Card USA | Carta di residente permanente\"}]},{\"@type\":\"WebSite\",\"@id\":\"https:\\\/\\\/us-gc.net\\\/it\\\/#website\",\"url\":\"https:\\\/\\\/us-gc.net\\\/it\\\/\",\"name\":\"USA GC\",\"description\":\"\",\"potentialAction\":[{\"@type\":\"SearchAction\",\"target\":{\"@type\":\"EntryPoint\",\"urlTemplate\":\"https:\\\/\\\/us-gc.net\\\/it\\\/?s={search_term_string}\"},\"query-input\":{\"@type\":\"PropertyValueSpecification\",\"valueRequired\":true,\"valueName\":\"search_term_string\"}}],\"inLanguage\":\"it-IT\"}]}<\/script>\n<!-- \/ Yoast SEO plugin. -->","yoast_head_json":{"title":"Green Card USA | Carta di residente permanente - USA GC","description":"La Green Card \u00e8 la carta di soggiorno permanente negli Stati Uniti. Esistono diversi modi per ottenere un permesso di soggiorno per vivere e lavorare negli USA","robots":{"index":"index","follow":"follow","max-snippet":"max-snippet:-1","max-image-preview":"max-image-preview:large","max-video-preview":"max-video-preview:-1"},"canonical":"https:\/\/us-gc.net\/it\/","og_locale":"it_IT","og_type":"article","og_title":"Green Card USA | Carta di residente permanente - USA GC","og_description":"La Green Card \u00e8 la carta di soggiorno permanente negli Stati Uniti. Esistono diversi modi per ottenere un permesso di soggiorno per vivere e lavorare negli USA","og_url":"https:\/\/us-gc.net\/it\/","og_site_name":"USA GC","article_modified_time":"2024-12-30T09:40:07+00:00","og_image":[{"url":"https:\/\/us-gc.net\/wp-content\/uploads\/2024\/05\/Green-card-2024-1.jpg","type":"","width":"","height":""}],"twitter_card":"summary_large_image","twitter_misc":{"Tempo di lettura stimato":"3 minuti"},"schema":{"@context":"https:\/\/schema.org","@graph":[{"@type":"WebPage","@id":"https:\/\/us-gc.net\/it\/","url":"https:\/\/us-gc.net\/it\/","name":"Green Card USA | Carta di residente permanente - USA GC","isPartOf":{"@id":"https:\/\/us-gc.net\/it\/#website"},"primaryImageOfPage":{"@id":"https:\/\/us-gc.net\/it\/#primaryimage"},"image":{"@id":"https:\/\/us-gc.net\/it\/#primaryimage"},"thumbnailUrl":"https:\/\/us-gc.net\/wp-content\/uploads\/2024\/05\/Green-card-2024-1.jpg","datePublished":"2024-01-30T17:24:00+00:00","dateModified":"2024-12-30T09:40:07+00:00","description":"La Green Card \u00e8 la carta di soggiorno permanente negli Stati Uniti. Esistono diversi modi per ottenere un permesso di soggiorno per vivere e lavorare negli USA","breadcrumb":{"@id":"https:\/\/us-gc.net\/it\/#breadcrumb"},"inLanguage":"it-IT","potentialAction":[{"@type":"ReadAction","target":["https:\/\/us-gc.net\/it\/"]}]},{"@type":"ImageObject","inLanguage":"it-IT","@id":"https:\/\/us-gc.net\/it\/#primaryimage","url":"https:\/\/us-gc.net\/wp-content\/uploads\/2024\/05\/Green-card-2024-1.jpg","contentUrl":"https:\/\/us-gc.net\/wp-content\/uploads\/2024\/05\/Green-card-2024-1.jpg"},{"@type":"BreadcrumbList","@id":"https:\/\/us-gc.net\/it\/#breadcrumb","itemListElement":[{"@type":"ListItem","position":1,"name":"Accueil","item":"https:\/\/us-gc.net\/it\/green-card\/"},{"@type":"ListItem","position":2,"name":"Green Card USA | Carta di residente permanente"}]},{"@type":"WebSite","@id":"https:\/\/us-gc.net\/it\/#website","url":"https:\/\/us-gc.net\/it\/","name":"USA GC","description":"","potentialAction":[{"@type":"SearchAction","target":{"@type":"EntryPoint","urlTemplate":"https:\/\/us-gc.net\/it\/?s={search_term_string}"},"query-input":{"@type":"PropertyValueSpecification","valueRequired":true,"valueName":"search_term_string"}}],"inLanguage":"it-IT"}]}},"_links":{"self":[{"href":"https:\/\/us-gc.net\/it\/wp-json\/wp\/v2\/pages\/397","targetHints":{"allow":["GET"]}}],"collection":[{"href":"https:\/\/us-gc.net\/it\/wp-json\/wp\/v2\/pages"}],"about":[{"href":"https:\/\/us-gc.net\/it\/wp-json\/wp\/v2\/types\/page"}],"author":[{"embeddable":true,"href":"https:\/\/us-gc.net\/it\/wp-json\/wp\/v2\/users\/1"}],"replies":[{"embeddable":true,"href":"https:\/\/us-gc.net\/it\/wp-json\/wp\/v2\/comments?post=397"}],"version-history":[{"count":1,"href":"https:\/\/us-gc.net\/it\/wp-json\/wp\/v2\/pages\/397\/revisions"}],"predecessor-version":[{"id":7702,"href":"https:\/\/us-gc.net\/it\/wp-json\/wp\/v2\/pages\/397\/revisions\/7702"}],"wp:attachment":[{"href":"https:\/\/us-gc.net\/it\/wp-json\/wp\/v2\/media?parent=397"}],"curies":[{"name":"wp","href":"https:\/\/api.w.org\/{rel}","templated":true}]}}