{"id":2230,"date":"2024-02-13T09:26:58","date_gmt":"2024-02-13T09:26:58","guid":{"rendered":"https:\/\/green-card-usa.net\/programma-visti-diversita\/"},"modified":"2024-12-30T09:40:50","modified_gmt":"2024-12-30T09:40:50","slug":"programma-visti-diversita","status":"publish","type":"page","link":"https:\/\/us-gc.net\/it\/programma-visti-diversita\/","title":{"rendered":"Il programma americano di visti diversificati"},"content":{"rendered":"\n<h1 class=\"wp-block-heading\" id=\"h-le-diversity-visa-program-des-etats-unis\">Il programma di visti per persone diversificate negli Stati Uniti  <\/h1>\n\n<h2 class=\"wp-block-heading\" id=\"h-qu-est-ce-que-le-diversity-visa-program\">Che cos&#8217;\u00e8 il programma per i visti per diversit\u00e0?<\/h2>\n\n<p>Il Diversity Visa Program \u00e8 un&#8217;iniziativa del governo statunitense volta a diversificare la popolazione immigrata degli Stati Uniti. Ogni anno vengono rilasciati pi\u00f9 di 50.000 visti a persone provenienti da Paesi con bassi tassi di immigrazione negli Stati Uniti. Il programma DV \u00e8 noto come <a href=\"https:\/\/us-gc.net\/it\/lotteria-americana-carta-verde\/\">lotteria della carta verde<\/a>.<\/p>\n\n<h2 class=\"wp-block-heading\" id=\"h-comment-fonctionne-t-il\">Come funziona?<\/h2>\n\n<p>La partecipazione al Diversity Visa Program \u00e8 soggetta a un processo di selezione casuale. I candidati devono presentare una <a href=\"https:\/\/us-gc.net\/it\/green-card-modulo-lotteria\/\">domanda online<\/a> entro la fine di ottobre di ogni anno. I criteri di ammissione comprendono il possesso di un diploma di scuola secondaria o di un titolo equivalente, oppure due anni di esperienza professionale in un settore che richiede almeno due anni di formazione o esperienza negli ultimi cinque anni.<\/p>\n\n<h2 class=\"wp-block-heading\" id=\"h-qui-peut-en-beneficier\">Chi pu\u00f2 beneficiarne?<\/h2>\n\n<p>Sono ammessi i cittadini di Paesi con un basso tasso di immigrazione negli Stati Uniti. Ogni anno, il Dipartimento di Stato americano pubblica un elenco di <a href=\"https:\/\/us-gc.net\/it\/lotteria-della-green-card-dei-paesi-non-partecipanti\/\">Paesi i cui cittadini non possono partecipare<\/a>. Sono escluse le persone provenienti da Paesi con un alto tasso di immigrazione negli Stati Uniti. Puoi consultare le nostre statistiche sulle pagine dedicate:<\/p>\n\n<ul class=\"wp-block-list\">\n<li><a href=\"https:\/\/us-gc.net\/it\/lotteria-green-card-europa\/\">Carta verde per cittadini europei<\/a><\/li>\n\n\n\n<li><a href=\"https:\/\/us-gc.net\/it\/lotteria-green-card-paesi-africa\/\">Carta verde per i cittadini africani<\/a><\/li>\n\n\n\n<li><a href=\"https:\/\/us-gc.net\/it\/paese-della-lotteria-della-green-card-asia\/\">Carta verde per cittadini asiatici<\/a><\/li>\n<\/ul>\n\n<div style=\"height:10px\" aria-hidden=\"true\" class=\"wp-block-spacer\"><\/div>\n\n<h2 class=\"wp-block-heading\" id=\"h-qu-apporte-le-programme\">Cosa offre il programma?<\/h2>\n\n<p>Il programma Diversity Visa offre un&#8217;opportunit\u00e0 unica di ottenere la residenza permanente negli Stati Uniti, aprendo le porte all&#8217;occupazione, all&#8217;istruzione e alla possibilit\u00e0 di diventare cittadini statunitensi dopo cinque anni. \u00c8 un&#8217;occasione per i beneficiari di vivere il sogno americano e di contribuire alla diversit\u00e0 culturale degli Stati Uniti.<\/p>\n\n<h2 class=\"wp-block-heading\" id=\"h-qu-est-ce-que-la-loterie-du-dv\">Che cos&#8217;\u00e8 la lotteria DV?<\/h2>\n\n<p>La <a href=\"https:\/\/us-gc.net\/it\/lotteria-green-card\/\">lotteria per la Carta Verde<\/a> DV \u00e8 il processo di selezione alla base del programma per i visti per diversit\u00e0. Le iscrizioni vengono effettuate tramite un <a href=\"https:\/\/us-gc.net\/it\/green-card-modulo-lotteria\/\">modulo online<\/a> nell&#8217;ultimo trimestre di ogni anno. I <a href=\"https:\/\/us-gc.net\/it\/risultati-lotteria-green-card\/\">risultati della lotteria<\/a> vengono pubblicati 6 mesi dopo. I vincitori sono scelti a caso tra tutti i partecipanti idonei. Questo processo garantisce che tutti i partecipanti abbiano le stesse possibilit\u00e0 di vincere, indipendentemente dal loro status sociale, economico o educativo.<\/p>\n\n<p><\/p>\n","protected":false},"excerpt":{"rendered":"<p>Il programma di visti per persone diversificate negli Stati Uniti Che cos&#8217;\u00e8 il programma per i visti per diversit\u00e0? Il Diversity Visa Program \u00e8 un&#8217;iniziativa del governo statunitense volta a diversificare la popolazione immigrata degli Stati Uniti. Ogni anno vengono rilasciati pi\u00f9 di 50.000 visti a persone provenienti da Paesi con bassi tassi di immigrazione [&hellip;]<\/p>\n","protected":false},"author":1,"featured_media":0,"parent":0,"menu_order":0,"comment_status":"closed","ping_status":"closed","template":"","meta":{"footnotes":""},"class_list":["post-2230","page","type-page","status-publish","hentry"],"yoast_head":"<!-- This site is optimized with the Yoast SEO plugin v27.4 - https:\/\/yoast.com\/product\/yoast-seo-wordpress\/ -->\n<title>Il programma americano di visti diversificati - USA GC<\/title>\n<meta name=\"robots\" content=\"index, follow, max-snippet:-1, max-image-preview:large, max-video-preview:-1\" \/>\n<link rel=\"canonical\" href=\"https:\/\/us-gc.net\/it\/programma-visti-diversita\/\" \/>\n<meta property=\"og:locale\" content=\"it_IT\" \/>\n<meta property=\"og:type\" content=\"article\" \/>\n<meta property=\"og:title\" content=\"Il programma americano di visti diversificati - USA GC\" \/>\n<meta property=\"og:description\" content=\"Il programma di visti per persone diversificate negli Stati Uniti Che cos&#8217;\u00e8 il programma per i visti per diversit\u00e0? Il Diversity Visa Program \u00e8 un&#8217;iniziativa del governo statunitense volta a diversificare la popolazione immigrata degli Stati Uniti. Ogni anno vengono rilasciati pi\u00f9 di 50.000 visti a persone provenienti da Paesi con bassi tassi di immigrazione [&hellip;]\" \/>\n<meta property=\"og:url\" content=\"https:\/\/us-gc.net\/it\/programma-visti-diversita\/\" \/>\n<meta property=\"og:site_name\" content=\"USA GC\" \/>\n<meta property=\"article:modified_time\" content=\"2024-12-30T09:40:50+00:00\" \/>\n<meta name=\"twitter:card\" content=\"summary_large_image\" \/>\n<meta name=\"twitter:label1\" content=\"Tempo di lettura stimato\" \/>\n\t<meta name=\"twitter:data1\" content=\"2 minuti\" \/>\n<script type=\"application\/ld+json\" class=\"yoast-schema-graph\">{\"@context\":\"https:\\\/\\\/schema.org\",\"@graph\":[{\"@type\":\"WebPage\",\"@id\":\"https:\\\/\\\/us-gc.net\\\/it\\\/programma-visti-diversita\\\/\",\"url\":\"https:\\\/\\\/us-gc.net\\\/it\\\/programma-visti-diversita\\\/\",\"name\":\"Il programma americano di visti diversificati - USA GC\",\"isPartOf\":{\"@id\":\"https:\\\/\\\/us-gc.net\\\/it\\\/#website\"},\"datePublished\":\"2024-02-13T09:26:58+00:00\",\"dateModified\":\"2024-12-30T09:40:50+00:00\",\"breadcrumb\":{\"@id\":\"https:\\\/\\\/us-gc.net\\\/it\\\/programma-visti-diversita\\\/#breadcrumb\"},\"inLanguage\":\"it-IT\",\"potentialAction\":[{\"@type\":\"ReadAction\",\"target\":[\"https:\\\/\\\/us-gc.net\\\/it\\\/programma-visti-diversita\\\/\"]}]},{\"@type\":\"BreadcrumbList\",\"@id\":\"https:\\\/\\\/us-gc.net\\\/it\\\/programma-visti-diversita\\\/#breadcrumb\",\"itemListElement\":[{\"@type\":\"ListItem\",\"position\":1,\"name\":\"Accueil\",\"item\":\"https:\\\/\\\/us-gc.net\\\/it\\\/green-card\\\/\"},{\"@type\":\"ListItem\",\"position\":2,\"name\":\"Il programma americano di visti diversificati\"}]},{\"@type\":\"WebSite\",\"@id\":\"https:\\\/\\\/us-gc.net\\\/it\\\/#website\",\"url\":\"https:\\\/\\\/us-gc.net\\\/it\\\/\",\"name\":\"USA GC\",\"description\":\"\",\"potentialAction\":[{\"@type\":\"SearchAction\",\"target\":{\"@type\":\"EntryPoint\",\"urlTemplate\":\"https:\\\/\\\/us-gc.net\\\/it\\\/?s={search_term_string}\"},\"query-input\":{\"@type\":\"PropertyValueSpecification\",\"valueRequired\":true,\"valueName\":\"search_term_string\"}}],\"inLanguage\":\"it-IT\"}]}<\/script>\n<!-- \/ Yoast SEO plugin. -->","yoast_head_json":{"title":"Il programma americano di visti diversificati - USA GC","robots":{"index":"index","follow":"follow","max-snippet":"max-snippet:-1","max-image-preview":"max-image-preview:large","max-video-preview":"max-video-preview:-1"},"canonical":"https:\/\/us-gc.net\/it\/programma-visti-diversita\/","og_locale":"it_IT","og_type":"article","og_title":"Il programma americano di visti diversificati - USA GC","og_description":"Il programma di visti per persone diversificate negli Stati Uniti Che cos&#8217;\u00e8 il programma per i visti per diversit\u00e0? Il Diversity Visa Program \u00e8 un&#8217;iniziativa del governo statunitense volta a diversificare la popolazione immigrata degli Stati Uniti. Ogni anno vengono rilasciati pi\u00f9 di 50.000 visti a persone provenienti da Paesi con bassi tassi di immigrazione [&hellip;]","og_url":"https:\/\/us-gc.net\/it\/programma-visti-diversita\/","og_site_name":"USA GC","article_modified_time":"2024-12-30T09:40:50+00:00","twitter_card":"summary_large_image","twitter_misc":{"Tempo di lettura stimato":"2 minuti"},"schema":{"@context":"https:\/\/schema.org","@graph":[{"@type":"WebPage","@id":"https:\/\/us-gc.net\/it\/programma-visti-diversita\/","url":"https:\/\/us-gc.net\/it\/programma-visti-diversita\/","name":"Il programma americano di visti diversificati - USA GC","isPartOf":{"@id":"https:\/\/us-gc.net\/it\/#website"},"datePublished":"2024-02-13T09:26:58+00:00","dateModified":"2024-12-30T09:40:50+00:00","breadcrumb":{"@id":"https:\/\/us-gc.net\/it\/programma-visti-diversita\/#breadcrumb"},"inLanguage":"it-IT","potentialAction":[{"@type":"ReadAction","target":["https:\/\/us-gc.net\/it\/programma-visti-diversita\/"]}]},{"@type":"BreadcrumbList","@id":"https:\/\/us-gc.net\/it\/programma-visti-diversita\/#breadcrumb","itemListElement":[{"@type":"ListItem","position":1,"name":"Accueil","item":"https:\/\/us-gc.net\/it\/green-card\/"},{"@type":"ListItem","position":2,"name":"Il programma americano di visti diversificati"}]},{"@type":"WebSite","@id":"https:\/\/us-gc.net\/it\/#website","url":"https:\/\/us-gc.net\/it\/","name":"USA GC","description":"","potentialAction":[{"@type":"SearchAction","target":{"@type":"EntryPoint","urlTemplate":"https:\/\/us-gc.net\/it\/?s={search_term_string}"},"query-input":{"@type":"PropertyValueSpecification","valueRequired":true,"valueName":"search_term_string"}}],"inLanguage":"it-IT"}]}},"_links":{"self":[{"href":"https:\/\/us-gc.net\/it\/wp-json\/wp\/v2\/pages\/2230","targetHints":{"allow":["GET"]}}],"collection":[{"href":"https:\/\/us-gc.net\/it\/wp-json\/wp\/v2\/pages"}],"about":[{"href":"https:\/\/us-gc.net\/it\/wp-json\/wp\/v2\/types\/page"}],"author":[{"embeddable":true,"href":"https:\/\/us-gc.net\/it\/wp-json\/wp\/v2\/users\/1"}],"replies":[{"embeddable":true,"href":"https:\/\/us-gc.net\/it\/wp-json\/wp\/v2\/comments?post=2230"}],"version-history":[{"count":1,"href":"https:\/\/us-gc.net\/it\/wp-json\/wp\/v2\/pages\/2230\/revisions"}],"predecessor-version":[{"id":7724,"href":"https:\/\/us-gc.net\/it\/wp-json\/wp\/v2\/pages\/2230\/revisions\/7724"}],"wp:attachment":[{"href":"https:\/\/us-gc.net\/it\/wp-json\/wp\/v2\/media?parent=2230"}],"curies":[{"name":"wp","href":"https:\/\/api.w.org\/{rel}","templated":true}]}}