{"id":1511,"date":"2024-02-08T15:57:06","date_gmt":"2024-02-08T15:57:06","guid":{"rendered":"https:\/\/green-card-usa.net\/premio-green-card\/"},"modified":"2025-03-31T11:22:36","modified_gmt":"2025-03-31T11:22:36","slug":"premio-green-card","status":"publish","type":"page","link":"https:\/\/us-gc.net\/it\/premio-green-card\/","title":{"rendered":"Quanto costa la Green Card?"},"content":{"rendered":"\n<h1 class=\"wp-block-heading\" id=\"h-prix-a-payer-pour-obtenir-la-green-card\">Costo di ottenimento della Green Card<\/h1>\n\n<p>Il costo dell&#8217;ottenimento della Green Card dipende dal tipo di Green Card e dalla situazione del richiedente. Le quattro situazioni principali per l&#8217;ottenimento della Green Card prevedono il pagamento di tasse.<\/p>\n\n<h2 class=\"wp-block-heading\" id=\"h-quels-sont-les-frais-d-une-green-card-obtenue-a-la-loterie\">Quanto costa una Green Card ottenuta tramite lotteria?<\/h2>\n\n<p>La <a href=\"https:\/\/us-gc.net\/it\/lotteria-green-card\/\">lotteria della Green Card<\/a> consente a pi\u00f9 di 50.000 cittadini stranieri di aggiudicarsi il diritto di ottenere una <a href=\"https:\/\/us-gc.net\/it\/\">Green Card<\/a>. L&#8217;iscrizione all&#8217;estrazione \u00e8 gratuita. Tuttavia, i richiedenti dovranno pagare una tassa per il visto di diversit\u00e0 alle autorit\u00e0 statunitensi per ottenere la Green Card che hanno vinto alla lotteria.<\/p>\n\n<p>Queste tasse non sono rimborsabili e vanno direttamente al Dipartimento di Stato americano. La tassa \u00e8 destinata a coprire i costi sostenuti dal Dipartimento per la gestione del programma DV ed \u00e8 separata da qualsiasi tassa che dovrete pagare all&#8217;USCIS nell&#8217;ambito della vostra domanda di visto.<\/p>\n\n<p>La <strong>tassa per un visto per motivi di diversit\u00e0 ottenuto attraverso la lotteria della Green Card \u00e8 di 330 dollari<\/strong> per ogni richiedente selezionato nella lotteria. Il pagamento di queste tasse deve essere effettuato prima che l&#8217;elaborazione della domanda accettata dall&#8217;<a href=\"https:\/\/www.uscis.gov\/\">USCIS<\/a> possa continuare. L&#8217;importo dipende dallo status iniziale del richiedente la Green Card.<\/p>\n\n<p><strong>Per assicurarsi un posto nella prossima estrazione annuale<\/strong>, \u00e8 necessario compilare il <a href=\"https:\/\/us-gc.net\/it\/green-card-modulo-lotteria\/\">modulo di registrazione alla lotteria della Green Card<\/a>.<\/p>\n\n<div style=\"height:10px\" aria-hidden=\"true\" class=\"wp-block-spacer\"><\/div>\n\n<h2 class=\"wp-block-heading\" id=\"h-quels-sont-les-frais-d-une-green-card-par-rapprochement-familial\">Quanto costa una Green Card per il ricongiungimento familiare?<\/h2>\n\n<p>Un cittadino straniero che desidera vivere in modo permanente negli Stati Uniti ha bisogno di un visto di immigrazione. Questo visto pu\u00f2 essere ottenuto grazie alla sponsorizzazione di un parente stretto che sia cittadino statunitense o residente permanente negli Stati Uniti.<\/p>\n\n<h3 class=\"wp-block-heading\" id=\"h-il-existe-deux-types-de-visas-d-immigrant-familiaux\">Esistono due tipi di visto di immigrazione per motivi familiari<\/h3>\n\n<ul class=\"wp-block-list\">\n<li><strong>Da un parente stretto<\/strong>: questi visti si basano su un rapporto familiare diretto con un cittadino statunitense, come un coniuge, un figlio o un genitore. Non c&#8217;\u00e8 limite al numero di immigrati in queste categorie ogni anno.<\/li>\n\n\n\n<li><strong>Preferenza familiare<\/strong>: questi visti sono destinati a relazioni familiari specifiche e pi\u00f9 lontane con un cittadino statunitense e ad alcune relazioni specifiche con un residente permanente legale. Il numero di immigrati in questa categoria di visti \u00e8 limitato ogni anno.<\/li>\n<\/ul>\n\n<div style=\"height:10px\" aria-hidden=\"true\" class=\"wp-block-spacer\"><\/div>\n\n<p>Per entrambi i tipi di visto: <strong>la tassa \u00e8 di 325 dollari a persona<\/strong>. Queste tasse non sono rimborsabili.<\/p>\n","protected":false},"excerpt":{"rendered":"<p>Costo di ottenimento della Green Card Il costo dell&#8217;ottenimento della Green Card dipende dal tipo di Green Card e dalla situazione del richiedente. Le quattro situazioni principali per l&#8217;ottenimento della Green Card prevedono il pagamento di tasse. Quanto costa una Green Card ottenuta tramite lotteria? La lotteria della Green Card consente a pi\u00f9 di 50.000 [&hellip;]<\/p>\n","protected":false},"author":1,"featured_media":0,"parent":0,"menu_order":0,"comment_status":"closed","ping_status":"closed","template":"","meta":{"footnotes":""},"class_list":["post-1511","page","type-page","status-publish","hentry"],"yoast_head":"<!-- This site is optimized with the Yoast SEO plugin v27.2 - https:\/\/yoast.com\/product\/yoast-seo-wordpress\/ -->\n<title>Quanto costa la Green Card? - USA GC<\/title>\n<meta name=\"description\" content=\"Quanto costa richiedere una Green Card americana? Dipende dalle condizioni per ottenerla.\" \/>\n<meta name=\"robots\" content=\"index, follow, max-snippet:-1, max-image-preview:large, max-video-preview:-1\" \/>\n<link rel=\"canonical\" href=\"https:\/\/us-gc.net\/it\/premio-green-card\/\" \/>\n<meta property=\"og:locale\" content=\"it_IT\" \/>\n<meta property=\"og:type\" content=\"article\" \/>\n<meta property=\"og:title\" content=\"Quanto costa la Green Card? - USA GC\" \/>\n<meta property=\"og:description\" content=\"Quanto costa richiedere una Green Card americana? Dipende dalle condizioni per ottenerla.\" \/>\n<meta property=\"og:url\" content=\"https:\/\/us-gc.net\/it\/premio-green-card\/\" \/>\n<meta property=\"og:site_name\" content=\"USA GC\" \/>\n<meta property=\"article:modified_time\" content=\"2025-03-31T11:22:36+00:00\" \/>\n<meta name=\"twitter:card\" content=\"summary_large_image\" \/>\n<meta name=\"twitter:label1\" content=\"Tempo di lettura stimato\" \/>\n\t<meta name=\"twitter:data1\" content=\"2 minuti\" \/>\n<script type=\"application\/ld+json\" class=\"yoast-schema-graph\">{\"@context\":\"https:\/\/schema.org\",\"@graph\":[{\"@type\":\"WebPage\",\"@id\":\"https:\/\/us-gc.net\/it\/premio-green-card\/\",\"url\":\"https:\/\/us-gc.net\/it\/premio-green-card\/\",\"name\":\"Quanto costa la Green Card? - USA GC\",\"isPartOf\":{\"@id\":\"https:\/\/us-gc.net\/it\/#website\"},\"datePublished\":\"2024-02-08T15:57:06+00:00\",\"dateModified\":\"2025-03-31T11:22:36+00:00\",\"description\":\"Quanto costa richiedere una Green Card americana? Dipende dalle condizioni per ottenerla.\",\"breadcrumb\":{\"@id\":\"https:\/\/us-gc.net\/it\/premio-green-card\/#breadcrumb\"},\"inLanguage\":\"it-IT\",\"potentialAction\":[{\"@type\":\"ReadAction\",\"target\":[\"https:\/\/us-gc.net\/it\/premio-green-card\/\"]}]},{\"@type\":\"BreadcrumbList\",\"@id\":\"https:\/\/us-gc.net\/it\/premio-green-card\/#breadcrumb\",\"itemListElement\":[{\"@type\":\"ListItem\",\"position\":1,\"name\":\"Accueil\",\"item\":\"https:\/\/us-gc.net\/it\/green-card\/\"},{\"@type\":\"ListItem\",\"position\":2,\"name\":\"Quanto costa la Green Card?\"}]},{\"@type\":\"WebSite\",\"@id\":\"https:\/\/us-gc.net\/it\/#website\",\"url\":\"https:\/\/us-gc.net\/it\/\",\"name\":\"USA GC\",\"description\":\"\",\"potentialAction\":[{\"@type\":\"SearchAction\",\"target\":{\"@type\":\"EntryPoint\",\"urlTemplate\":\"https:\/\/us-gc.net\/it\/?s={search_term_string}\"},\"query-input\":{\"@type\":\"PropertyValueSpecification\",\"valueRequired\":true,\"valueName\":\"search_term_string\"}}],\"inLanguage\":\"it-IT\"}]}<\/script>\n<!-- \/ Yoast SEO plugin. -->","yoast_head_json":{"title":"Quanto costa la Green Card? - USA GC","description":"Quanto costa richiedere una Green Card americana? Dipende dalle condizioni per ottenerla.","robots":{"index":"index","follow":"follow","max-snippet":"max-snippet:-1","max-image-preview":"max-image-preview:large","max-video-preview":"max-video-preview:-1"},"canonical":"https:\/\/us-gc.net\/it\/premio-green-card\/","og_locale":"it_IT","og_type":"article","og_title":"Quanto costa la Green Card? - USA GC","og_description":"Quanto costa richiedere una Green Card americana? Dipende dalle condizioni per ottenerla.","og_url":"https:\/\/us-gc.net\/it\/premio-green-card\/","og_site_name":"USA GC","article_modified_time":"2025-03-31T11:22:36+00:00","twitter_card":"summary_large_image","twitter_misc":{"Tempo di lettura stimato":"2 minuti"},"schema":{"@context":"https:\/\/schema.org","@graph":[{"@type":"WebPage","@id":"https:\/\/us-gc.net\/it\/premio-green-card\/","url":"https:\/\/us-gc.net\/it\/premio-green-card\/","name":"Quanto costa la Green Card? - USA GC","isPartOf":{"@id":"https:\/\/us-gc.net\/it\/#website"},"datePublished":"2024-02-08T15:57:06+00:00","dateModified":"2025-03-31T11:22:36+00:00","description":"Quanto costa richiedere una Green Card americana? Dipende dalle condizioni per ottenerla.","breadcrumb":{"@id":"https:\/\/us-gc.net\/it\/premio-green-card\/#breadcrumb"},"inLanguage":"it-IT","potentialAction":[{"@type":"ReadAction","target":["https:\/\/us-gc.net\/it\/premio-green-card\/"]}]},{"@type":"BreadcrumbList","@id":"https:\/\/us-gc.net\/it\/premio-green-card\/#breadcrumb","itemListElement":[{"@type":"ListItem","position":1,"name":"Accueil","item":"https:\/\/us-gc.net\/it\/green-card\/"},{"@type":"ListItem","position":2,"name":"Quanto costa la Green Card?"}]},{"@type":"WebSite","@id":"https:\/\/us-gc.net\/it\/#website","url":"https:\/\/us-gc.net\/it\/","name":"USA GC","description":"","potentialAction":[{"@type":"SearchAction","target":{"@type":"EntryPoint","urlTemplate":"https:\/\/us-gc.net\/it\/?s={search_term_string}"},"query-input":{"@type":"PropertyValueSpecification","valueRequired":true,"valueName":"search_term_string"}}],"inLanguage":"it-IT"}]}},"_links":{"self":[{"href":"https:\/\/us-gc.net\/it\/wp-json\/wp\/v2\/pages\/1511","targetHints":{"allow":["GET"]}}],"collection":[{"href":"https:\/\/us-gc.net\/it\/wp-json\/wp\/v2\/pages"}],"about":[{"href":"https:\/\/us-gc.net\/it\/wp-json\/wp\/v2\/types\/page"}],"author":[{"embeddable":true,"href":"https:\/\/us-gc.net\/it\/wp-json\/wp\/v2\/users\/1"}],"replies":[{"embeddable":true,"href":"https:\/\/us-gc.net\/it\/wp-json\/wp\/v2\/comments?post=1511"}],"version-history":[{"count":3,"href":"https:\/\/us-gc.net\/it\/wp-json\/wp\/v2\/pages\/1511\/revisions"}],"predecessor-version":[{"id":10144,"href":"https:\/\/us-gc.net\/it\/wp-json\/wp\/v2\/pages\/1511\/revisions\/10144"}],"wp:attachment":[{"href":"https:\/\/us-gc.net\/it\/wp-json\/wp\/v2\/media?parent=1511"}],"curies":[{"name":"wp","href":"https:\/\/api.w.org\/{rel}","templated":true}]}}