{"id":1252,"date":"2024-01-31T16:27:17","date_gmt":"2024-01-31T16:27:17","guid":{"rendered":"https:\/\/green-card-usa.net\/green-card-colloquio\/"},"modified":"2024-12-30T09:41:03","modified_gmt":"2024-12-30T09:41:03","slug":"green-card-colloquio","status":"publish","type":"page","link":"https:\/\/us-gc.net\/it\/green-card-colloquio\/","title":{"rendered":"Come ottenere la Green Card"},"content":{"rendered":"\n<h1 class=\"wp-block-heading\" id=\"h-comment-preparer-l-entretien-pour-la-green-card\">Come prepararsi al colloquio per la Carta verde<\/h1>\n\n<h3 class=\"wp-block-heading\" id=\"h-confirmation-du-rendez-vous-pour-passer-l-entretien\">Conferma dell&#8217;appuntamento per il colloquio<\/h3>\n\n<p>Una volta che le autorit\u00e0 statunitensi hanno esaminato il modulo DS-260 compilato, il richiedente ricever\u00e0 un&#8217;e-mail che lo informa che \u00e8 stato fissato un colloquio presso l&#8217;ambasciata o il consolato statunitense selezionato. I candidati devono collegarsi al sito web del <a href=\"https:\/\/us-gc.net\/it\/programma-visti-diversita\/\">programma Diversity Visa<\/a> utilizzando il proprio numero di registrazione. Questo collegamento consentir\u00e0 loro di confermare la data, l&#8217;ora e il luogo del colloquio.<\/p>\n\n<h3 class=\"wp-block-heading\" id=\"h-preparation-de-l-interview\">Preparazione al colloquio<\/h3>\n\n<p>La preparazione al colloquio \u00e8 fondamentale. Il candidato deve completare i seguenti passaggi importanti prima della data del colloquio:<\/p>\n\n<ol class=\"wp-block-list\">\n<li>Esaminare le informazioni come partecipante sul sito web del <a href=\"https:\/\/us-gc.net\/it\/programma-visti-diversita\/\">Programma DV<\/a>;<\/li>\n\n\n\n<li>Consultate le istruzioni per il colloquio dell&#8217;ambasciata in cui si svolge il colloquio;<\/li>\n\n\n\n<li>Pianificazione ed esecuzione di una visita medica. \u00c8 necessario fissare un appuntamento con un medico autorizzato nel Paese in cui si svolger\u00e0 il colloquio. \u00c8 necessario superare la visita medica e le vaccinazioni richieste prima della data prevista per il colloquio per il visto. Una volta completata la visita medica, riceverete una busta sigillata per la visita medica da portare al colloquio per il visto. Alcuni medici invieranno i risultati della visita medica direttamente all&#8217;ambasciata o al consolato.<\/li>\n\n\n\n<li>Raccogliere le fotografie e tutti i documenti richiesti. Ogni candidato deve portare due <a href=\"https:\/\/us-gc.net\/it\/foto-green-card\/\">foto<\/a> identiche <a href=\"https:\/\/us-gc.net\/it\/foto-green-card\/\">della Carta Verde<\/a> al colloquio.<\/li>\n<\/ol>\n\n<div style=\"height:10px\" aria-hidden=\"true\" class=\"wp-block-spacer\"><\/div>\n\n<h3 class=\"wp-block-heading\" id=\"h-documents-a-fournir-lors-de-l-entretien-pour-la-green-card\">Documenti da fornire al colloquio per la Carta Verde<\/h3>\n\n<p>Al colloquio presso l&#8217;<a href=\"https:\/\/www.usembassy.gov\/\">ambasciata statunitense<\/a>, il richiedente deve presentare le seguenti informazioni:<\/p>\n\n<ul class=\"wp-block-list\">\n<li>Informazioni sull&#8217;appuntamento stampate dall&#8217;account del partecipante sul sito web del <a href=\"https:\/\/us-gc.net\/it\/programma-visti-diversita\/\">Programma DV<\/a>;<\/li>\n\n\n\n<li>La pagina di conferma del modulo DS-260 stampato ;<\/li>\n\n\n\n<li>Un passaporto valido per sei mesi dalla data di ingresso prevista negli Stati Uniti;<\/li>\n\n\n\n<li>Documenti originali o copie certificate dei documenti civili presentati al Centro consolare del Kentucky al momento della convalida del modulo DS-260.<\/li>\n<\/ul>\n\n<div style=\"height:10px\" aria-hidden=\"true\" class=\"wp-block-spacer\"><\/div>\n\n<h3 class=\"wp-block-heading\" id=\"h-payer-les-frais-de-visa\">Pagamento dei diritti di visto<\/h3>\n\n<p>Prima del colloquio in ambasciata, ogni richiedente deve pagare la <a href=\"https:\/\/us-gc.net\/it\/premio-green-card\/\">tassa per il visto di diversit\u00e0<\/a>. Per i richiedenti della <a href=\"https:\/\/us-gc.net\/it\/green-card-lotteria-2024\/\">Green Card 2024 Lottery<\/a>: <strong>la tassa \u00e8 di 330 dollari a persona<\/strong>. Questa tassa non \u00e8 rimborsabile, indipendentemente dall&#8217;esito della domanda di visto per il Diversity Programme.<\/p>\n\n<p>\u00c8 necessario provvedere al pagamento delle tasse prima della data e dell&#8217;ora del colloquio, seguendo le istruzioni dell&#8217;ambasciata o del consolato americano in cui si svolger\u00e0 il colloquio.<\/p>\n\n<div style=\"height:10px\" aria-hidden=\"true\" class=\"wp-block-spacer\"><\/div>\n\n<h2 class=\"wp-block-heading\" id=\"h-l-entretien-pour-obtenir-la-green-card-peut-il-etre-annule\">Il colloquio per la Green Card pu\u00f2 essere annullato?<\/h2>\n\n<p>S\u00ec, il colloquio per la <a href=\"https:\/\/us-gc.net\/it\/\">Green Card<\/a> pu\u00f2 essere annullato o rinviato in determinate circostanze. Ecco alcuni motivi per cui ci\u00f2 pu\u00f2 accadere:<\/p>\n\n<ul class=\"wp-block-list\">\n<li><strong>Richiesta di rinvio da parte del candidato<\/strong>: se avete un conflitto o un&#8217;emergenza, potete chiedere all&#8217;USCIS di rinviare il vostro colloquio. \u00c8 importante fornire un motivo valido e, se necessario, prove a sostegno;<\/li>\n\n\n\n<li><strong>Un problema amministrativo<\/strong>: l&#8217;USCIS pu\u00f2 cancellare o rinviare un colloquio se mancano dei documenti, se ci sono problemi con la vostra pratica o se il funzionario responsabile della vostra pratica non \u00e8 disponibile;<\/li>\n\n\n\n<li><strong>Condizioni meteorologiche o disastri naturali<\/strong>: eventi imprevisti come forti tempeste o altri disastri naturali possono costringere l&#8217;USCIS a chiudere gli uffici e ad annullare i colloqui programmati;<\/li>\n\n\n\n<li><strong>Motivi di sicurezza o di salute pubblica<\/strong>: situazioni come le pandemie possono portare alla cancellazione dei colloqui per motivi di sicurezza o di salute pubblica.<\/li>\n<\/ul>\n\n<p>Se il vostro colloquio viene cancellato, \u00e8 essenziale che manteniate aggiornati i vostri dati di contatto con l&#8217;USCIS per assicurarvi di ricevere tutte le comunicazioni importanti relative al vostro caso.<\/p>\n\n<h2 class=\"wp-block-heading\" id=\"h-peut-on-obtenir-la-green-card-sans-passer-l-interview\">Posso ottenere la Green Card senza sostenere un colloquio?<\/h2>\n\n<p>La maggior parte dei richiedenti la Carta verde deve sostenere un colloquio. Il colloquio consente all&#8217;USCIS di verificare le informazioni fornite nella domanda, di autenticare i documenti e di assicurarsi che il richiedente soddisfi tutte le condizioni necessarie per diventare residente permanente.  <\/p>\n\n<p>Tuttavia, in alcune circostanze specifiche, la manutenzione potrebbe non essere necessaria. Ecco alcune situazioni in cui ci\u00f2 pu\u00f2 accadere:<\/p>\n\n<ul class=\"wp-block-list\">\n<li><strong>Regolarizzazione dello status per alcune categorie di immigrati<\/strong>: In alcuni casi, per determinate categorie di immigrati, l&#8217;USCIS pu\u00f2 decidere che un colloquio non \u00e8 necessario e approvare la domanda di adeguamento dello status senza un colloquio. Questo pu\u00f2 accadere per alcune categorie di visti per motivi di lavoro, soprattutto se il dossier \u00e8 particolarmente chiaro e completo;<\/li>\n\n\n\n<li><strong>Rinuncia al colloquio<\/strong>: in rari casi, se il richiedente pu\u00f2 dimostrare che il viaggio per il colloquio causerebbe difficolt\u00e0 estreme o non necessarie, l&#8217;USCIS pu\u00f2 prendere in considerazione la possibilit\u00e0 di rinunciare al colloquio. Queste situazioni sono eccezionali;<\/li>\n\n\n\n<li><strong>Esperienze passate<\/strong>: In periodi di forte domanda o di limitazioni operative, l&#8217;USCIS ha talvolta modificato le proprie prassi limitando i colloqui per alcune categorie di richiedenti. Questo \u00e8 stato il caso in passato per alcuni rinnovi della Carta Verde o aggiustamenti di status che non sollevavano questioni complesse che richiedevano un colloquio.<\/li>\n\n\n\n<li><strong>Modifiche alle politiche in risposta a una crisi<\/strong>: durante una crisi sanitaria come la pandemia COVID-19, l&#8217;USCIS ha adattato le proprie politiche e procedure. Il numero di interviste richieste \u00e8 stato ridotto.<\/li>\n<\/ul>\n\n<div style=\"height:10px\" aria-hidden=\"true\" class=\"wp-block-spacer\"><\/div>\n\n<h2 class=\"wp-block-heading\" id=\"h-combien-de-temps-dure-l-entretien\">Quanto dura il colloquio?<\/h2>\n\n<p>La durata di un colloquio per l&#8217;ottenimento della Carta verde pu\u00f2 variare in base a una serie di fattori. Di solito dura da 20 minuti a un&#8217;ora. La complessit\u00e0 del caso, le domande che il funzionario dell&#8217;immigrazione desidera affrontare e il numero di documenti da controllare possono influenzare la durata del colloquio.<\/p>\n\n<p>\u00c8 consigliabile arrivare al colloquio ben preparati e pronti a rispondere in modo esauriente a tutte le domande. Prima e dopo il colloquio, dovrete prevedere un tempo sufficiente per eventuali procedure amministrative aggiuntive in loco.<\/p>\n\n<h2 class=\"wp-block-heading\" id=\"h-combien-de-temps-apres-l-entretien-on-obtient-la-green-card\">Quanto tempo ci vuole per ottenere la Green Card dopo il colloquio?<\/h2>\n\n<p>Di norma, l&#8217;USCIS informa il richiedente della decisione relativa alla sua domanda poco dopo il colloquio. Se la domanda viene approvata, possono essere necessarie alcune settimane per la produzione e l&#8217;invio della Carta verde. L&#8217;USCIS spesso fornisce un tempo stimato per il ricevimento della carta una volta che la domanda \u00e8 stata approvata.<\/p>\n\n<p>\u00c8 importante tenersi in contatto con l&#8217;USCIS e monitorare lo stato della domanda sul sito web del <a href=\"https:\/\/us-gc.net\/it\/programma-visti-diversita\/\">Diversity Visa Program<\/a>.<\/p>\n","protected":false},"excerpt":{"rendered":"<p>Come prepararsi al colloquio per la Carta verde Conferma dell&#8217;appuntamento per il colloquio Una volta che le autorit\u00e0 statunitensi hanno esaminato il modulo DS-260 compilato, il richiedente ricever\u00e0 un&#8217;e-mail che lo informa che \u00e8 stato fissato un colloquio presso l&#8217;ambasciata o il consolato statunitense selezionato. I candidati devono collegarsi al sito web del programma Diversity [&hellip;]<\/p>\n","protected":false},"author":1,"featured_media":0,"parent":0,"menu_order":0,"comment_status":"closed","ping_status":"closed","template":"","meta":{"footnotes":""},"class_list":["post-1252","page","type-page","status-publish","hentry"],"yoast_head":"<!-- This site is optimized with the Yoast SEO plugin v27.2 - https:\/\/yoast.com\/product\/yoast-seo-wordpress\/ -->\n<title>Come ottenere la Green Card - USA GC<\/title>\n<meta name=\"description\" content=\"Come avere un colloquio di successo per la Green Card\" \/>\n<meta name=\"robots\" content=\"index, follow, max-snippet:-1, max-image-preview:large, max-video-preview:-1\" \/>\n<link rel=\"canonical\" href=\"https:\/\/us-gc.net\/it\/green-card-colloquio\/\" \/>\n<meta property=\"og:locale\" content=\"it_IT\" \/>\n<meta property=\"og:type\" content=\"article\" \/>\n<meta property=\"og:title\" content=\"Come ottenere la Green Card - USA GC\" \/>\n<meta property=\"og:description\" content=\"Come avere un colloquio di successo per la Green Card\" \/>\n<meta property=\"og:url\" content=\"https:\/\/us-gc.net\/it\/green-card-colloquio\/\" \/>\n<meta property=\"og:site_name\" content=\"USA GC\" \/>\n<meta property=\"article:modified_time\" content=\"2024-12-30T09:41:03+00:00\" \/>\n<meta name=\"twitter:card\" content=\"summary_large_image\" \/>\n<meta name=\"twitter:label1\" content=\"Tempo di lettura stimato\" \/>\n\t<meta name=\"twitter:data1\" content=\"5 minuti\" \/>\n<script type=\"application\/ld+json\" class=\"yoast-schema-graph\">{\"@context\":\"https:\/\/schema.org\",\"@graph\":[{\"@type\":\"WebPage\",\"@id\":\"https:\/\/us-gc.net\/it\/green-card-colloquio\/\",\"url\":\"https:\/\/us-gc.net\/it\/green-card-colloquio\/\",\"name\":\"Come ottenere la Green Card - USA GC\",\"isPartOf\":{\"@id\":\"https:\/\/us-gc.net\/it\/#website\"},\"datePublished\":\"2024-01-31T16:27:17+00:00\",\"dateModified\":\"2024-12-30T09:41:03+00:00\",\"description\":\"Come avere un colloquio di successo per la Green Card\",\"breadcrumb\":{\"@id\":\"https:\/\/us-gc.net\/it\/green-card-colloquio\/#breadcrumb\"},\"inLanguage\":\"it-IT\",\"potentialAction\":[{\"@type\":\"ReadAction\",\"target\":[\"https:\/\/us-gc.net\/it\/green-card-colloquio\/\"]}]},{\"@type\":\"BreadcrumbList\",\"@id\":\"https:\/\/us-gc.net\/it\/green-card-colloquio\/#breadcrumb\",\"itemListElement\":[{\"@type\":\"ListItem\",\"position\":1,\"name\":\"Accueil\",\"item\":\"https:\/\/us-gc.net\/it\/green-card\/\"},{\"@type\":\"ListItem\",\"position\":2,\"name\":\"Come ottenere la Green Card\"}]},{\"@type\":\"WebSite\",\"@id\":\"https:\/\/us-gc.net\/it\/#website\",\"url\":\"https:\/\/us-gc.net\/it\/\",\"name\":\"USA GC\",\"description\":\"\",\"potentialAction\":[{\"@type\":\"SearchAction\",\"target\":{\"@type\":\"EntryPoint\",\"urlTemplate\":\"https:\/\/us-gc.net\/it\/?s={search_term_string}\"},\"query-input\":{\"@type\":\"PropertyValueSpecification\",\"valueRequired\":true,\"valueName\":\"search_term_string\"}}],\"inLanguage\":\"it-IT\"}]}<\/script>\n<!-- \/ Yoast SEO plugin. -->","yoast_head_json":{"title":"Come ottenere la Green Card - USA GC","description":"Come avere un colloquio di successo per la Green Card","robots":{"index":"index","follow":"follow","max-snippet":"max-snippet:-1","max-image-preview":"max-image-preview:large","max-video-preview":"max-video-preview:-1"},"canonical":"https:\/\/us-gc.net\/it\/green-card-colloquio\/","og_locale":"it_IT","og_type":"article","og_title":"Come ottenere la Green Card - USA GC","og_description":"Come avere un colloquio di successo per la Green Card","og_url":"https:\/\/us-gc.net\/it\/green-card-colloquio\/","og_site_name":"USA GC","article_modified_time":"2024-12-30T09:41:03+00:00","twitter_card":"summary_large_image","twitter_misc":{"Tempo di lettura stimato":"5 minuti"},"schema":{"@context":"https:\/\/schema.org","@graph":[{"@type":"WebPage","@id":"https:\/\/us-gc.net\/it\/green-card-colloquio\/","url":"https:\/\/us-gc.net\/it\/green-card-colloquio\/","name":"Come ottenere la Green Card - USA GC","isPartOf":{"@id":"https:\/\/us-gc.net\/it\/#website"},"datePublished":"2024-01-31T16:27:17+00:00","dateModified":"2024-12-30T09:41:03+00:00","description":"Come avere un colloquio di successo per la Green Card","breadcrumb":{"@id":"https:\/\/us-gc.net\/it\/green-card-colloquio\/#breadcrumb"},"inLanguage":"it-IT","potentialAction":[{"@type":"ReadAction","target":["https:\/\/us-gc.net\/it\/green-card-colloquio\/"]}]},{"@type":"BreadcrumbList","@id":"https:\/\/us-gc.net\/it\/green-card-colloquio\/#breadcrumb","itemListElement":[{"@type":"ListItem","position":1,"name":"Accueil","item":"https:\/\/us-gc.net\/it\/green-card\/"},{"@type":"ListItem","position":2,"name":"Come ottenere la Green Card"}]},{"@type":"WebSite","@id":"https:\/\/us-gc.net\/it\/#website","url":"https:\/\/us-gc.net\/it\/","name":"USA GC","description":"","potentialAction":[{"@type":"SearchAction","target":{"@type":"EntryPoint","urlTemplate":"https:\/\/us-gc.net\/it\/?s={search_term_string}"},"query-input":{"@type":"PropertyValueSpecification","valueRequired":true,"valueName":"search_term_string"}}],"inLanguage":"it-IT"}]}},"_links":{"self":[{"href":"https:\/\/us-gc.net\/it\/wp-json\/wp\/v2\/pages\/1252","targetHints":{"allow":["GET"]}}],"collection":[{"href":"https:\/\/us-gc.net\/it\/wp-json\/wp\/v2\/pages"}],"about":[{"href":"https:\/\/us-gc.net\/it\/wp-json\/wp\/v2\/types\/page"}],"author":[{"embeddable":true,"href":"https:\/\/us-gc.net\/it\/wp-json\/wp\/v2\/users\/1"}],"replies":[{"embeddable":true,"href":"https:\/\/us-gc.net\/it\/wp-json\/wp\/v2\/comments?post=1252"}],"version-history":[{"count":1,"href":"https:\/\/us-gc.net\/it\/wp-json\/wp\/v2\/pages\/1252\/revisions"}],"predecessor-version":[{"id":7746,"href":"https:\/\/us-gc.net\/it\/wp-json\/wp\/v2\/pages\/1252\/revisions\/7746"}],"wp:attachment":[{"href":"https:\/\/us-gc.net\/it\/wp-json\/wp\/v2\/media?parent=1252"}],"curies":[{"name":"wp","href":"https:\/\/api.w.org\/{rel}","templated":true}]}}