{"id":1161,"date":"2024-01-31T16:36:26","date_gmt":"2024-01-31T16:36:26","guid":{"rendered":"https:\/\/green-card-usa.net\/green-card-sponsorizzazione\/"},"modified":"2024-12-30T09:46:02","modified_gmt":"2024-12-30T09:46:02","slug":"green-card-sponsorizzazione","status":"publish","type":"page","link":"https:\/\/us-gc.net\/it\/green-card-sponsorizzazione\/","title":{"rendered":"Sponsorizzare un richiedente la Green Card"},"content":{"rendered":"\n<h1 class=\"wp-block-heading\" id=\"h-obtenir-la-green-card-grace-au-parrainage\">Ottenere la Green Card attraverso la sponsorizzazione<\/h1>\n\n<p>L&#8217;ottenimento di una Green Card americana attraverso uno sponsor consente agli immigrati di diventare residenti permanenti negli Stati Uniti. Ecco gli aspetti essenziali della sponsorizzazione della Green Card e gli obblighi dello sponsor.<\/p>\n\n<h2 class=\"wp-block-heading\" id=\"h-qu-est-ce-que-le-parrainage-de-la-green-card\">Che cos&#8217;\u00e8 la sponsorizzazione della Green Card?<\/h2>\n\n<p>Per sponsorizzazione della Green Card si intende l&#8217;atto di sostenere la richiesta di residenza permanente di una persona negli Stati Uniti. Questo sostegno pu\u00f2 provenire da un familiare gi\u00e0 cittadino americano o titolare di <a href=\"https:\/\/us-gc.net\/it\/\">Green Card<\/a>, oppure da un datore di lavoro americano.<\/p>\n\n<p>Lo sponsor \u00e8 una sorta di garante morale per il richiedente la Green Card. <\/p>\n\n<h2 class=\"wp-block-heading\" id=\"h-parrainage-familial\">Sponsorizzazione della famiglia<\/h2>\n\n<h3 class=\"wp-block-heading\" id=\"h-le-titulaire-d-une-green-card-peut-il-parrainer-ses-parents\">I titolari di Green Card possono sponsorizzare i propri genitori?<\/h3>\n\n<p>No, i titolari di Green Card non possono sponsorizzare i propri genitori. Solo i cittadini statunitensi possono sponsorizzare i propri genitori per una Green Card in quanto parenti stretti.<\/p>\n\n<h3 class=\"wp-block-heading\" id=\"h-le-titulaire-d-une-green-card-peut-il-parrainer-son-conjoint\">Un titolare di Green Card pu\u00f2 sponsorizzare il proprio coniuge?<\/h3>\n\n<p>S\u00ec, i titolari di Green Card possono sponsorizzare il proprio coniuge per ottenere la residenza permanente negli Stati Uniti.<\/p>\n\n<h3 class=\"wp-block-heading\" id=\"h-le-titulaire-d-une-green-card-peut-il-parrainer-ses-freres-et-soeurs\">I titolari di Green Card possono sponsorizzare i loro fratelli e sorelle?<\/h3>\n\n<p>No, i titolari di Green Card non possono sponsorizzare i propri fratelli e sorelle. Questa opzione \u00e8 disponibile solo per i cittadini statunitensi.<\/p>\n\n<h3 class=\"wp-block-heading\" id=\"h-le-titulaire-d-une-green-card-peut-il-parrainer-un-enfant-de-plus-de-21-ans\">Un titolare di Green Card pu\u00f2 sponsorizzare un figlio di et\u00e0 superiore ai 21 anni?<\/h3>\n\n<p>S\u00ec, i titolari di Green Card possono sponsorizzare i loro figli non sposati di et\u00e0 superiore ai 21 anni, ma rientrano in una categoria di preferenza, il che pu\u00f2 comportare ritardi pi\u00f9 lunghi.<\/p>\n\n<h2 class=\"wp-block-heading\" id=\"h-une-entreprise-peut-elle-sponsoriser-une-green-card\">Un&#8217;azienda pu\u00f2 sponsorizzare una Green Card?<\/h2>\n\n<p>S\u00ec, un&#8217;azienda pu\u00f2 sponsorizzare un dipendente per ottenere la Green Card attraverso il processo di certificazione del lavoro o altre categorie occupazionali.<\/p>\n\n<h2 class=\"wp-block-heading\" id=\"h-les-etapes-pour-obtenir-une-green-card-grace-a-un-sponsor\">I passi per ottenere la Green Card grazie a uno sponsor<\/h2>\n\n<ol class=\"wp-block-list\">\n<li><strong>Identificare lo sponsor<\/strong>: determinare se si \u00e8 idonei a essere sponsorizzati da un familiare o da un datore di lavoro.<\/li>\n\n\n\n<li><strong>Presentazione del modulo I-130<\/strong> per la sponsorizzazione familiare. Nel caso di un datore di lavoro sponsor, \u00e8 necessario avviare un processo di certificazione del lavoro.<\/li>\n\n\n\n<li><strong>Attesa per l&#8217;approvazione<\/strong>: i tempi variano a seconda della categoria di sponsorizzazione e dell&#8217;origine nazionale del richiedente.<\/li>\n\n\n\n<li><strong>Regolazione dello status o procedura consolare<\/strong>: se siete gi\u00e0 negli Stati Uniti, potete regolare il vostro status. In caso contrario, dovrete seguire la procedura consolare nel vostro Paese d&#8217;origine.<\/li>\n\n\n\n<li><strong>Colloquio e approvazione<\/strong>: partecipare a un <a href=\"https:\/\/us-gc.net\/it\/green-card-colloquio\/\">colloquio per la Green Card<\/a> presso il consolato o con il personale dell&#8217;<a href=\"https:\/\/www.uscis.gov\/\">USCIS<\/a> per convalidare la domanda.<\/li>\n<\/ol>\n\n<h2 class=\"wp-block-heading\" id=\"h-le-sponsor-peut-il-revoquer-la-green-card\">Lo sponsor pu\u00f2 revocare la Green Card?<\/h2>\n\n<p>Una volta concessa la Green Card, lo sponsor non pu\u00f2 generalmente revocarla. Esistono tuttavia delle eccezioni, in particolare se la Green Card \u00e8 stata ottenuta con la frode.<\/p>\n\n<h2 class=\"wp-block-heading\" id=\"h-faut-il-un-sponsor-pour-participer-a-la-loterie\">Ho bisogno di uno sponsor per partecipare alla lotteria?<\/h2>\n\n<p>No, non \u00e8 necessario uno sponsor per partecipare alla <a href=\"https:\/\/us-gc.net\/it\/lotteria-green-card\/\">lotteria della Green Card<\/a>. L&#8217;iscrizione si effettua interamente online in pochi minuti. Per assicurarsi la partecipazione, cliccare sul <a href=\"https:\/\/us-gc.net\/it\/green-card-modulo-lotteria\/\">modulo online<\/a>.<\/p>\n","protected":false},"excerpt":{"rendered":"<p>Ottenere la Green Card attraverso la sponsorizzazione L&#8217;ottenimento di una Green Card americana attraverso uno sponsor consente agli immigrati di diventare residenti permanenti negli Stati Uniti. Ecco gli aspetti essenziali della sponsorizzazione della Green Card e gli obblighi dello sponsor. Che cos&#8217;\u00e8 la sponsorizzazione della Green Card? Per sponsorizzazione della Green Card si intende l&#8217;atto [&hellip;]<\/p>\n","protected":false},"author":1,"featured_media":0,"parent":0,"menu_order":0,"comment_status":"closed","ping_status":"closed","template":"","meta":{"footnotes":""},"class_list":["post-1161","page","type-page","status-publish","hentry"],"yoast_head":"<!-- This site is optimized with the Yoast SEO plugin v27.2 - https:\/\/yoast.com\/product\/yoast-seo-wordpress\/ -->\n<title>Sponsorizzare un richiedente la Green Card - USA GC<\/title>\n<meta name=\"description\" content=\"I titolari di Green Card possono sponsorizzare un richiedente di Green Card in determinate circostanze\" \/>\n<meta name=\"robots\" content=\"index, follow, max-snippet:-1, max-image-preview:large, max-video-preview:-1\" \/>\n<link rel=\"canonical\" href=\"https:\/\/us-gc.net\/it\/green-card-sponsorizzazione\/\" \/>\n<meta property=\"og:locale\" content=\"it_IT\" \/>\n<meta property=\"og:type\" content=\"article\" \/>\n<meta property=\"og:title\" content=\"Sponsorizzare un richiedente la Green Card - USA GC\" \/>\n<meta property=\"og:description\" content=\"I titolari di Green Card possono sponsorizzare un richiedente di Green Card in determinate circostanze\" \/>\n<meta property=\"og:url\" content=\"https:\/\/us-gc.net\/it\/green-card-sponsorizzazione\/\" \/>\n<meta property=\"og:site_name\" content=\"USA GC\" \/>\n<meta property=\"article:modified_time\" content=\"2024-12-30T09:46:02+00:00\" \/>\n<meta name=\"twitter:card\" content=\"summary_large_image\" \/>\n<meta name=\"twitter:label1\" content=\"Tempo di lettura stimato\" \/>\n\t<meta name=\"twitter:data1\" content=\"2 minuti\" \/>\n<script type=\"application\/ld+json\" class=\"yoast-schema-graph\">{\"@context\":\"https:\/\/schema.org\",\"@graph\":[{\"@type\":\"WebPage\",\"@id\":\"https:\/\/us-gc.net\/it\/green-card-sponsorizzazione\/\",\"url\":\"https:\/\/us-gc.net\/it\/green-card-sponsorizzazione\/\",\"name\":\"Sponsorizzare un richiedente la Green Card - USA GC\",\"isPartOf\":{\"@id\":\"https:\/\/us-gc.net\/it\/#website\"},\"datePublished\":\"2024-01-31T16:36:26+00:00\",\"dateModified\":\"2024-12-30T09:46:02+00:00\",\"description\":\"I titolari di Green Card possono sponsorizzare un richiedente di Green Card in determinate circostanze\",\"breadcrumb\":{\"@id\":\"https:\/\/us-gc.net\/it\/green-card-sponsorizzazione\/#breadcrumb\"},\"inLanguage\":\"it-IT\",\"potentialAction\":[{\"@type\":\"ReadAction\",\"target\":[\"https:\/\/us-gc.net\/it\/green-card-sponsorizzazione\/\"]}]},{\"@type\":\"BreadcrumbList\",\"@id\":\"https:\/\/us-gc.net\/it\/green-card-sponsorizzazione\/#breadcrumb\",\"itemListElement\":[{\"@type\":\"ListItem\",\"position\":1,\"name\":\"Accueil\",\"item\":\"https:\/\/us-gc.net\/it\/green-card\/\"},{\"@type\":\"ListItem\",\"position\":2,\"name\":\"Sponsorizzare un richiedente la Green Card\"}]},{\"@type\":\"WebSite\",\"@id\":\"https:\/\/us-gc.net\/it\/#website\",\"url\":\"https:\/\/us-gc.net\/it\/\",\"name\":\"USA GC\",\"description\":\"\",\"potentialAction\":[{\"@type\":\"SearchAction\",\"target\":{\"@type\":\"EntryPoint\",\"urlTemplate\":\"https:\/\/us-gc.net\/it\/?s={search_term_string}\"},\"query-input\":{\"@type\":\"PropertyValueSpecification\",\"valueRequired\":true,\"valueName\":\"search_term_string\"}}],\"inLanguage\":\"it-IT\"}]}<\/script>\n<!-- \/ Yoast SEO plugin. -->","yoast_head_json":{"title":"Sponsorizzare un richiedente la Green Card - USA GC","description":"I titolari di Green Card possono sponsorizzare un richiedente di Green Card in determinate circostanze","robots":{"index":"index","follow":"follow","max-snippet":"max-snippet:-1","max-image-preview":"max-image-preview:large","max-video-preview":"max-video-preview:-1"},"canonical":"https:\/\/us-gc.net\/it\/green-card-sponsorizzazione\/","og_locale":"it_IT","og_type":"article","og_title":"Sponsorizzare un richiedente la Green Card - USA GC","og_description":"I titolari di Green Card possono sponsorizzare un richiedente di Green Card in determinate circostanze","og_url":"https:\/\/us-gc.net\/it\/green-card-sponsorizzazione\/","og_site_name":"USA GC","article_modified_time":"2024-12-30T09:46:02+00:00","twitter_card":"summary_large_image","twitter_misc":{"Tempo di lettura stimato":"2 minuti"},"schema":{"@context":"https:\/\/schema.org","@graph":[{"@type":"WebPage","@id":"https:\/\/us-gc.net\/it\/green-card-sponsorizzazione\/","url":"https:\/\/us-gc.net\/it\/green-card-sponsorizzazione\/","name":"Sponsorizzare un richiedente la Green Card - USA GC","isPartOf":{"@id":"https:\/\/us-gc.net\/it\/#website"},"datePublished":"2024-01-31T16:36:26+00:00","dateModified":"2024-12-30T09:46:02+00:00","description":"I titolari di Green Card possono sponsorizzare un richiedente di Green Card in determinate circostanze","breadcrumb":{"@id":"https:\/\/us-gc.net\/it\/green-card-sponsorizzazione\/#breadcrumb"},"inLanguage":"it-IT","potentialAction":[{"@type":"ReadAction","target":["https:\/\/us-gc.net\/it\/green-card-sponsorizzazione\/"]}]},{"@type":"BreadcrumbList","@id":"https:\/\/us-gc.net\/it\/green-card-sponsorizzazione\/#breadcrumb","itemListElement":[{"@type":"ListItem","position":1,"name":"Accueil","item":"https:\/\/us-gc.net\/it\/green-card\/"},{"@type":"ListItem","position":2,"name":"Sponsorizzare un richiedente la Green Card"}]},{"@type":"WebSite","@id":"https:\/\/us-gc.net\/it\/#website","url":"https:\/\/us-gc.net\/it\/","name":"USA GC","description":"","potentialAction":[{"@type":"SearchAction","target":{"@type":"EntryPoint","urlTemplate":"https:\/\/us-gc.net\/it\/?s={search_term_string}"},"query-input":{"@type":"PropertyValueSpecification","valueRequired":true,"valueName":"search_term_string"}}],"inLanguage":"it-IT"}]}},"_links":{"self":[{"href":"https:\/\/us-gc.net\/it\/wp-json\/wp\/v2\/pages\/1161","targetHints":{"allow":["GET"]}}],"collection":[{"href":"https:\/\/us-gc.net\/it\/wp-json\/wp\/v2\/pages"}],"about":[{"href":"https:\/\/us-gc.net\/it\/wp-json\/wp\/v2\/types\/page"}],"author":[{"embeddable":true,"href":"https:\/\/us-gc.net\/it\/wp-json\/wp\/v2\/users\/1"}],"replies":[{"embeddable":true,"href":"https:\/\/us-gc.net\/it\/wp-json\/wp\/v2\/comments?post=1161"}],"version-history":[{"count":1,"href":"https:\/\/us-gc.net\/it\/wp-json\/wp\/v2\/pages\/1161\/revisions"}],"predecessor-version":[{"id":7990,"href":"https:\/\/us-gc.net\/it\/wp-json\/wp\/v2\/pages\/1161\/revisions\/7990"}],"wp:attachment":[{"href":"https:\/\/us-gc.net\/it\/wp-json\/wp\/v2\/media?parent=1161"}],"curies":[{"name":"wp","href":"https:\/\/api.w.org\/{rel}","templated":true}]}}