{"id":1124,"date":"2024-01-31T15:53:04","date_gmt":"2024-01-31T15:53:04","guid":{"rendered":"https:\/\/green-card-usa.net\/lotteria-americana-carta-verde\/"},"modified":"2024-12-30T09:46:12","modified_gmt":"2024-12-30T09:46:12","slug":"lotteria-americana-carta-verde","status":"publish","type":"page","link":"https:\/\/us-gc.net\/it\/lotteria-americana-carta-verde\/","title":{"rendered":"Partecipare alla lotteria della Carta Verde americana"},"content":{"rendered":"\n<h1 class=\"wp-block-heading\" id=\"h-la-carte-verte-permet-de-vivre-aux-etats-unis\">La Carta Verde permette di vivere negli Stati Uniti<\/h1>\n\n<p>Ogni anno, migliaia di cittadini di tutto il mondo cercano di ottenere una Carta Verde americana per poter vivere negli Stati Uniti.<\/p>\n\n<h2 class=\"wp-block-heading\" id=\"h-qu-est-ce-que-la-carte-verte\">Che cos&#8217;\u00e8 la Carta verde?<\/h2>\n\n<p>La Carta Verde \u00e8 una carta americana che d\u00e0 diritto a diventare un residente permanente negli Stati Uniti. Permette agli stranieri di lavorare legalmente negli Stati Uniti. Questo permesso di soggiorno \u00e8 conosciuto in tutto il mondo come Carta Verde americana perch\u00e9 \u00e8 una carta verde.<\/p>\n\n<h2 class=\"wp-block-heading\" id=\"h-comment-obtenir-une-carte-verte\">Come si ottiene la Carta Verde?<\/h2>\n\n<p>Esistono diversi modi per ottenere la Carta Verde negli Stati Uniti. I richiedenti la Carta Verde stranieri possono presentare domanda per i seguenti motivi:<\/p>\n\n<ul class=\"wp-block-list\">\n<li><a href=\"https:\/\/us-gc.net\/it\/green-card-per-matrimonio\/\">Carta Verde attraverso il matrimonio<\/a> con un titolare di Carta Verde americano;<\/li>\n\n\n\n<li>Ottenere la <a href=\"https:\/\/us-gc.net\/it\/green-card-per-occupazione\/\">Carta Verde attraverso l&#8217;occupazione<\/a>;<\/li>\n\n\n\n<li>Ottenere la <a href=\"https:\/\/us-gc.net\/it\/green-card-sponsorizzazione\/\">Carta verde grazie a uno sponsor<\/a> familiare o aziendale;<\/li>\n<\/ul>\n\n<div style=\"height:10px\" aria-hidden=\"true\" class=\"wp-block-spacer\"><\/div>\n\n<p>Esistono altri modi per ottenere la Carta verde. La soluzione pi\u00f9 ambita a livello mondiale per ottenere una Carta Verde \u00e8 la lotteria americana. <strong>\u00c8 possibile partecipare a questa lotteria annuale registrandosi online<\/strong> in pochi minuti, cliccando sul <a href=\"https:\/\/us-gc.net\/it\/green-card-modulo-lotteria\/\">modulo online<\/a>.<\/p>\n\n<div style=\"height:10px\" aria-hidden=\"true\" class=\"wp-block-spacer\"><\/div>\n\n<h2 class=\"wp-block-heading\" id=\"h-qu-est-ce-que-la-loterie-americaine-de-la-carte-verte\">Che cos&#8217;\u00e8 la lotteria della Carta Verde americana?<\/h2>\n\n<p>Gli Stati Uniti hanno istituito il programma di visti diversificati per gestire l&#8217;immigrazione straniera. Si tratta di una lotteria annuale a cui partecipano ogni anno diversi milioni di stranieri per ottenere una delle 50.000 Carta Verde messe a disposizione tramite sorteggio.<\/p>\n\n<h2 class=\"wp-block-heading\" id=\"h-quand-se-deroule-le-tirage-de-la-loterie-carte-verte\">Quando avviene l&#8217;estrazione della lotteria della Carta Verde?<\/h2>\n\n<p>La lotteria della Carta verde si tiene una volta all&#8217;anno. Si svolge alla fine dell&#8217;anno, a novembre. Le estrazioni della lotteria sono quindi designate dall&#8217;anno: c&#8217;\u00e8 la <a href=\"https:\/\/us-gc.net\/it\/green-card-lotteria-2024\/\">Carta Verde Lottery 2024<\/a>, la <a href=\"https:\/\/us-gc.net\/it\/green-card-lotteria-2025\/\">Carta Verde Lottery 2025<\/a> e la <a href=\"https:\/\/us-gc.net\/it\/lotteria-green-card-2026\/\">Carta Verde Lottery 2026<\/a>. Per partecipare all&#8217;estrazione i candidati devono registrarsi prima della chiusura delle iscrizioni. I <a href=\"https:\/\/us-gc.net\/it\/risultati-lotteria-green-card\/\">risultati della lotteria della Carta verde<\/a> vengono poi pubblicati direttamente sul web.<\/p>\n\n<h2 class=\"wp-block-heading\" id=\"h-comment-s-inscrire-a-la-loterie\">Come si fa a partecipare alla lotteria?<\/h2>\n\n<p>I candidati devono prima verificare la loro idoneit\u00e0 a partecipare alla lotteria. Ogni anno, il governo statunitense pubblica un elenco di <a href=\"https:\/\/us-gc.net\/it\/lotteria-della-green-card-dei-paesi-non-partecipanti\/\">Paesi non autorizzati a partecipare alla lotteria della Carta Verde<\/a>.<\/p>\n\n<p>I candidati alla lotteria della Carta verde devono registrarsi direttamente online. devono compilare un <a href=\"https:\/\/us-gc.net\/it\/green-card-modulo-lotteria\/\">modulo online<\/a> per iscriversi alla lotteria.<\/p>\n","protected":false},"excerpt":{"rendered":"<p>La Carta Verde permette di vivere negli Stati Uniti Ogni anno, migliaia di cittadini di tutto il mondo cercano di ottenere una Carta Verde americana per poter vivere negli Stati Uniti. Che cos&#8217;\u00e8 la Carta verde? La Carta Verde \u00e8 una carta americana che d\u00e0 diritto a diventare un residente permanente negli Stati Uniti. Permette [&hellip;]<\/p>\n","protected":false},"author":1,"featured_media":0,"parent":0,"menu_order":0,"comment_status":"closed","ping_status":"closed","template":"","meta":{"footnotes":""},"class_list":["post-1124","page","type-page","status-publish","hentry"],"yoast_head":"<!-- This site is optimized with the Yoast SEO plugin v27.2 - https:\/\/yoast.com\/product\/yoast-seo-wordpress\/ -->\n<title>Partecipare alla lotteria della Carta Verde americana - USA GC<\/title>\n<meta name=\"description\" content=\"Partecipare alla lotteria americana per vincere una Carta Verde. \u00c8 la carta di soggiorno permanente per vivere negli Stati Uniti.\" \/>\n<meta name=\"robots\" content=\"index, follow, max-snippet:-1, max-image-preview:large, max-video-preview:-1\" \/>\n<link rel=\"canonical\" href=\"https:\/\/us-gc.net\/it\/lotteria-americana-carta-verde\/\" \/>\n<meta property=\"og:locale\" content=\"it_IT\" \/>\n<meta property=\"og:type\" content=\"article\" \/>\n<meta property=\"og:title\" content=\"Partecipare alla lotteria della Carta Verde americana - USA GC\" \/>\n<meta property=\"og:description\" content=\"Partecipare alla lotteria americana per vincere una Carta Verde. \u00c8 la carta di soggiorno permanente per vivere negli Stati Uniti.\" \/>\n<meta property=\"og:url\" content=\"https:\/\/us-gc.net\/it\/lotteria-americana-carta-verde\/\" \/>\n<meta property=\"og:site_name\" content=\"USA GC\" \/>\n<meta property=\"article:modified_time\" content=\"2024-12-30T09:46:12+00:00\" \/>\n<meta name=\"twitter:card\" content=\"summary_large_image\" \/>\n<meta name=\"twitter:label1\" content=\"Tempo di lettura stimato\" \/>\n\t<meta name=\"twitter:data1\" content=\"2 minuti\" \/>\n<script type=\"application\/ld+json\" class=\"yoast-schema-graph\">{\"@context\":\"https:\/\/schema.org\",\"@graph\":[{\"@type\":\"WebPage\",\"@id\":\"https:\/\/us-gc.net\/it\/lotteria-americana-carta-verde\/\",\"url\":\"https:\/\/us-gc.net\/it\/lotteria-americana-carta-verde\/\",\"name\":\"Partecipare alla lotteria della Carta Verde americana - USA GC\",\"isPartOf\":{\"@id\":\"https:\/\/us-gc.net\/it\/#website\"},\"datePublished\":\"2024-01-31T15:53:04+00:00\",\"dateModified\":\"2024-12-30T09:46:12+00:00\",\"description\":\"Partecipare alla lotteria americana per vincere una Carta Verde. \u00c8 la carta di soggiorno permanente per vivere negli Stati Uniti.\",\"breadcrumb\":{\"@id\":\"https:\/\/us-gc.net\/it\/lotteria-americana-carta-verde\/#breadcrumb\"},\"inLanguage\":\"it-IT\",\"potentialAction\":[{\"@type\":\"ReadAction\",\"target\":[\"https:\/\/us-gc.net\/it\/lotteria-americana-carta-verde\/\"]}]},{\"@type\":\"BreadcrumbList\",\"@id\":\"https:\/\/us-gc.net\/it\/lotteria-americana-carta-verde\/#breadcrumb\",\"itemListElement\":[{\"@type\":\"ListItem\",\"position\":1,\"name\":\"Accueil\",\"item\":\"https:\/\/us-gc.net\/it\/green-card\/\"},{\"@type\":\"ListItem\",\"position\":2,\"name\":\"Partecipare alla lotteria della Carta Verde americana\"}]},{\"@type\":\"WebSite\",\"@id\":\"https:\/\/us-gc.net\/it\/#website\",\"url\":\"https:\/\/us-gc.net\/it\/\",\"name\":\"USA GC\",\"description\":\"\",\"potentialAction\":[{\"@type\":\"SearchAction\",\"target\":{\"@type\":\"EntryPoint\",\"urlTemplate\":\"https:\/\/us-gc.net\/it\/?s={search_term_string}\"},\"query-input\":{\"@type\":\"PropertyValueSpecification\",\"valueRequired\":true,\"valueName\":\"search_term_string\"}}],\"inLanguage\":\"it-IT\"}]}<\/script>\n<!-- \/ Yoast SEO plugin. -->","yoast_head_json":{"title":"Partecipare alla lotteria della Carta Verde americana - USA GC","description":"Partecipare alla lotteria americana per vincere una Carta Verde. \u00c8 la carta di soggiorno permanente per vivere negli Stati Uniti.","robots":{"index":"index","follow":"follow","max-snippet":"max-snippet:-1","max-image-preview":"max-image-preview:large","max-video-preview":"max-video-preview:-1"},"canonical":"https:\/\/us-gc.net\/it\/lotteria-americana-carta-verde\/","og_locale":"it_IT","og_type":"article","og_title":"Partecipare alla lotteria della Carta Verde americana - USA GC","og_description":"Partecipare alla lotteria americana per vincere una Carta Verde. \u00c8 la carta di soggiorno permanente per vivere negli Stati Uniti.","og_url":"https:\/\/us-gc.net\/it\/lotteria-americana-carta-verde\/","og_site_name":"USA GC","article_modified_time":"2024-12-30T09:46:12+00:00","twitter_card":"summary_large_image","twitter_misc":{"Tempo di lettura stimato":"2 minuti"},"schema":{"@context":"https:\/\/schema.org","@graph":[{"@type":"WebPage","@id":"https:\/\/us-gc.net\/it\/lotteria-americana-carta-verde\/","url":"https:\/\/us-gc.net\/it\/lotteria-americana-carta-verde\/","name":"Partecipare alla lotteria della Carta Verde americana - USA GC","isPartOf":{"@id":"https:\/\/us-gc.net\/it\/#website"},"datePublished":"2024-01-31T15:53:04+00:00","dateModified":"2024-12-30T09:46:12+00:00","description":"Partecipare alla lotteria americana per vincere una Carta Verde. \u00c8 la carta di soggiorno permanente per vivere negli Stati Uniti.","breadcrumb":{"@id":"https:\/\/us-gc.net\/it\/lotteria-americana-carta-verde\/#breadcrumb"},"inLanguage":"it-IT","potentialAction":[{"@type":"ReadAction","target":["https:\/\/us-gc.net\/it\/lotteria-americana-carta-verde\/"]}]},{"@type":"BreadcrumbList","@id":"https:\/\/us-gc.net\/it\/lotteria-americana-carta-verde\/#breadcrumb","itemListElement":[{"@type":"ListItem","position":1,"name":"Accueil","item":"https:\/\/us-gc.net\/it\/green-card\/"},{"@type":"ListItem","position":2,"name":"Partecipare alla lotteria della Carta Verde americana"}]},{"@type":"WebSite","@id":"https:\/\/us-gc.net\/it\/#website","url":"https:\/\/us-gc.net\/it\/","name":"USA GC","description":"","potentialAction":[{"@type":"SearchAction","target":{"@type":"EntryPoint","urlTemplate":"https:\/\/us-gc.net\/it\/?s={search_term_string}"},"query-input":{"@type":"PropertyValueSpecification","valueRequired":true,"valueName":"search_term_string"}}],"inLanguage":"it-IT"}]}},"_links":{"self":[{"href":"https:\/\/us-gc.net\/it\/wp-json\/wp\/v2\/pages\/1124","targetHints":{"allow":["GET"]}}],"collection":[{"href":"https:\/\/us-gc.net\/it\/wp-json\/wp\/v2\/pages"}],"about":[{"href":"https:\/\/us-gc.net\/it\/wp-json\/wp\/v2\/types\/page"}],"author":[{"embeddable":true,"href":"https:\/\/us-gc.net\/it\/wp-json\/wp\/v2\/users\/1"}],"replies":[{"embeddable":true,"href":"https:\/\/us-gc.net\/it\/wp-json\/wp\/v2\/comments?post=1124"}],"version-history":[{"count":1,"href":"https:\/\/us-gc.net\/it\/wp-json\/wp\/v2\/pages\/1124\/revisions"}],"predecessor-version":[{"id":8012,"href":"https:\/\/us-gc.net\/it\/wp-json\/wp\/v2\/pages\/1124\/revisions\/8012"}],"wp:attachment":[{"href":"https:\/\/us-gc.net\/it\/wp-json\/wp\/v2\/media?parent=1124"}],"curies":[{"name":"wp","href":"https:\/\/api.w.org\/{rel}","templated":true}]}}