{"id":1103,"date":"2024-02-04T15:55:27","date_gmt":"2024-02-04T15:55:27","guid":{"rendered":"https:\/\/green-card-usa.net\/lotteria-green-card-2026\/"},"modified":"2025-03-31T10:09:29","modified_gmt":"2025-03-31T10:09:29","slug":"lotteria-green-card-2026","status":"publish","type":"page","link":"https:\/\/us-gc.net\/it\/lotteria-green-card-2026\/","title":{"rendered":"Lotteria della Green Card 2026"},"content":{"rendered":"\n<h1 class=\"wp-block-heading\" id=\"h-la-loterie-de-la-green-card-2026\">La lotteria della Green Card 2026<\/h1>\n\n<p>Ogni anno, gli Stati Uniti offrono a pi\u00f9 di 50.000 cittadini stranieri l&#8217;opportunit\u00e0 di ottenere una Green Card tramite sorteggio. Questa lotteria fa parte del programma statunitense per i visti di diversit\u00e0. Questo programma \u00e8 stato istituito per gestire l&#8217;immigrazione negli Stati Uniti.<\/p>\n\n<h2 class=\"wp-block-heading\" id=\"h-qu-est-ce-que-la-loterie-de-la-green-card-2026\">Che cos&#8217;\u00e8 la lotteria della Green Card 2026?<\/h2>\n\n<p>Ogni promozione del sorteggio della Carta verde reca il numero dell&#8217;anno in cui i candidati saranno finalmente titolari di una <a href=\"https:\/\/us-gc.net\/it\/\">Green Card americana<\/a>. La lotteria per la Green Card 2026 riguarda quindi la quota di Green Card che verr\u00e0 emessa nel 2026. L&#8217;amministrazione statunitense chiama questa promozione dei nuovi visti derivanti dal programma di diversit\u00e0 DV-2026 per Diversity-Program 2026.<\/p>\n\n<h2 class=\"wp-block-heading\" id=\"h-quand-se-deroule-le-tirage-au-sort-du-quota-de-green-card-2026\">Quando avverr\u00e0 il sorteggio per la quota di Green Card 2026?<\/h2>\n\n<p>Il processo di ottenimento della Green Card attraverso la lotteria prevede diverse fasi. La prima fase \u00e8 il sorteggio. <\/p>\n\n<p><strong>I candidati al DV2026 dovevano registrarsi a partire dal 2 ottobre 2024<\/strong> per partecipare all&#8217;estrazione, che si svolge ogni anno all&#8217;inizio di novembre. La registrazione online per l&#8217;estrazione del DV2026 si \u00e8 chiusa il 5 novembre 2024. <\/p>\n\n<h2 class=\"wp-block-heading\" id=\"h-quand-sont-publies-les-resultats-du-tirage-au-sort-du-dv-2026\">Quando vengono pubblicati i risultati del sorteggio DV-2026?<\/h2>\n\n<p>I <a href=\"https:\/\/us-gc.net\/it\/risultati-lotteria-green-card\/\">risultati dell&#8217;estrazione della Carta Verde<\/a> vengono pubblicati circa 6 mesi dopo la fine delle domande: i risultati dell&#8217;estrazione DV2026 vengono pubblicati a partire da maggio 2025.<\/p>\n\n<h2 class=\"wp-block-heading\" id=\"h-quel-sont-les-etapes-suivantes-pour-les-gagnants-de-la-loterie\">Quali sono i passi successivi per i vincitori della lotteria?<\/h2>\n\n<p>I vincitori devono poi richiedere un visto Diversity. Le fasi principali per ottenere la Green Card sono :<\/p>\n\n<ul class=\"wp-block-list\">\n<li>Compilare il <a href=\"https:\/\/travel.state.gov\/content\/travel\/en\/us-visas\/visa-information-resources\/forms\/online-immigrant-visa-forms\/ds-260-faqs.html\">modulo DS-260<\/a> di domanda di visto .<\/li>\n\n\n\n<li>Pagare le <a href=\"https:\/\/us-gc.net\/it\/premio-green-card\/\">tasse necessarie per ottenere la Green Card<\/a> come parte di questa richiesta di visto obbligatoria;<\/li>\n\n\n\n<li>Sostenete il <a href=\"https:\/\/us-gc.net\/it\/green-card-colloquio\/\">colloquio per la Green Card<\/a> con un funzionario dell&#8217;USCIS che partecipa al Diversity Visa Program.<\/li>\n<\/ul>\n\n<div style=\"height:10px\" aria-hidden=\"true\" class=\"wp-block-spacer\"><\/div>\n\n<p>La <a href=\"https:\/\/us-gc.net\/it\/differenza-green-card-e-visto\/\">Green Card e il visto sono documenti diversi<\/a>. L&#8217;ottenimento di un Diversity Visa \u00e8 una delle fasi per ottenere la Green Card.<\/p>\n\n<p><\/p>\n\n<p><\/p>\n","protected":false},"excerpt":{"rendered":"<p>La lotteria della Green Card 2026 Ogni anno, gli Stati Uniti offrono a pi\u00f9 di 50.000 cittadini stranieri l&#8217;opportunit\u00e0 di ottenere una Green Card tramite sorteggio. Questa lotteria fa parte del programma statunitense per i visti di diversit\u00e0. Questo programma \u00e8 stato istituito per gestire l&#8217;immigrazione negli Stati Uniti. Che cos&#8217;\u00e8 la lotteria della Green [&hellip;]<\/p>\n","protected":false},"author":1,"featured_media":0,"parent":0,"menu_order":0,"comment_status":"closed","ping_status":"closed","template":"","meta":{"footnotes":""},"class_list":["post-1103","page","type-page","status-publish","hentry"],"yoast_head":"<!-- This site is optimized with the Yoast SEO plugin v27.2 - https:\/\/yoast.com\/product\/yoast-seo-wordpress\/ -->\n<title>Lotteria della Green Card 2026 - USA GC<\/title>\n<meta name=\"description\" content=\"Ecco tutte le informazioni sul programma per ottenere la Green Card tramite lotteria nel 2026 negli Stati Uniti.\" \/>\n<meta name=\"robots\" content=\"index, follow, max-snippet:-1, max-image-preview:large, max-video-preview:-1\" \/>\n<link rel=\"canonical\" href=\"https:\/\/us-gc.net\/it\/lotteria-green-card-2026\/\" \/>\n<meta property=\"og:locale\" content=\"it_IT\" \/>\n<meta property=\"og:type\" content=\"article\" \/>\n<meta property=\"og:title\" content=\"Lotteria della Green Card 2026 - USA GC\" \/>\n<meta property=\"og:description\" content=\"Ecco tutte le informazioni sul programma per ottenere la Green Card tramite lotteria nel 2026 negli Stati Uniti.\" \/>\n<meta property=\"og:url\" content=\"https:\/\/us-gc.net\/it\/lotteria-green-card-2026\/\" \/>\n<meta property=\"og:site_name\" content=\"USA GC\" \/>\n<meta property=\"article:modified_time\" content=\"2025-03-31T10:09:29+00:00\" \/>\n<meta name=\"twitter:card\" content=\"summary_large_image\" \/>\n<meta name=\"twitter:label1\" content=\"Tempo di lettura stimato\" \/>\n\t<meta name=\"twitter:data1\" content=\"1 minuto\" \/>\n<script type=\"application\/ld+json\" class=\"yoast-schema-graph\">{\"@context\":\"https:\/\/schema.org\",\"@graph\":[{\"@type\":\"WebPage\",\"@id\":\"https:\/\/us-gc.net\/it\/lotteria-green-card-2026\/\",\"url\":\"https:\/\/us-gc.net\/it\/lotteria-green-card-2026\/\",\"name\":\"Lotteria della Green Card 2026 - USA GC\",\"isPartOf\":{\"@id\":\"https:\/\/us-gc.net\/it\/#website\"},\"datePublished\":\"2024-02-04T15:55:27+00:00\",\"dateModified\":\"2025-03-31T10:09:29+00:00\",\"description\":\"Ecco tutte le informazioni sul programma per ottenere la Green Card tramite lotteria nel 2026 negli Stati Uniti.\",\"breadcrumb\":{\"@id\":\"https:\/\/us-gc.net\/it\/lotteria-green-card-2026\/#breadcrumb\"},\"inLanguage\":\"it-IT\",\"potentialAction\":[{\"@type\":\"ReadAction\",\"target\":[\"https:\/\/us-gc.net\/it\/lotteria-green-card-2026\/\"]}]},{\"@type\":\"BreadcrumbList\",\"@id\":\"https:\/\/us-gc.net\/it\/lotteria-green-card-2026\/#breadcrumb\",\"itemListElement\":[{\"@type\":\"ListItem\",\"position\":1,\"name\":\"Accueil\",\"item\":\"https:\/\/us-gc.net\/it\/green-card\/\"},{\"@type\":\"ListItem\",\"position\":2,\"name\":\"Lotteria della Green Card 2026\"}]},{\"@type\":\"WebSite\",\"@id\":\"https:\/\/us-gc.net\/it\/#website\",\"url\":\"https:\/\/us-gc.net\/it\/\",\"name\":\"USA GC\",\"description\":\"\",\"potentialAction\":[{\"@type\":\"SearchAction\",\"target\":{\"@type\":\"EntryPoint\",\"urlTemplate\":\"https:\/\/us-gc.net\/it\/?s={search_term_string}\"},\"query-input\":{\"@type\":\"PropertyValueSpecification\",\"valueRequired\":true,\"valueName\":\"search_term_string\"}}],\"inLanguage\":\"it-IT\"}]}<\/script>\n<!-- \/ Yoast SEO plugin. -->","yoast_head_json":{"title":"Lotteria della Green Card 2026 - USA GC","description":"Ecco tutte le informazioni sul programma per ottenere la Green Card tramite lotteria nel 2026 negli Stati Uniti.","robots":{"index":"index","follow":"follow","max-snippet":"max-snippet:-1","max-image-preview":"max-image-preview:large","max-video-preview":"max-video-preview:-1"},"canonical":"https:\/\/us-gc.net\/it\/lotteria-green-card-2026\/","og_locale":"it_IT","og_type":"article","og_title":"Lotteria della Green Card 2026 - USA GC","og_description":"Ecco tutte le informazioni sul programma per ottenere la Green Card tramite lotteria nel 2026 negli Stati Uniti.","og_url":"https:\/\/us-gc.net\/it\/lotteria-green-card-2026\/","og_site_name":"USA GC","article_modified_time":"2025-03-31T10:09:29+00:00","twitter_card":"summary_large_image","twitter_misc":{"Tempo di lettura stimato":"1 minuto"},"schema":{"@context":"https:\/\/schema.org","@graph":[{"@type":"WebPage","@id":"https:\/\/us-gc.net\/it\/lotteria-green-card-2026\/","url":"https:\/\/us-gc.net\/it\/lotteria-green-card-2026\/","name":"Lotteria della Green Card 2026 - USA GC","isPartOf":{"@id":"https:\/\/us-gc.net\/it\/#website"},"datePublished":"2024-02-04T15:55:27+00:00","dateModified":"2025-03-31T10:09:29+00:00","description":"Ecco tutte le informazioni sul programma per ottenere la Green Card tramite lotteria nel 2026 negli Stati Uniti.","breadcrumb":{"@id":"https:\/\/us-gc.net\/it\/lotteria-green-card-2026\/#breadcrumb"},"inLanguage":"it-IT","potentialAction":[{"@type":"ReadAction","target":["https:\/\/us-gc.net\/it\/lotteria-green-card-2026\/"]}]},{"@type":"BreadcrumbList","@id":"https:\/\/us-gc.net\/it\/lotteria-green-card-2026\/#breadcrumb","itemListElement":[{"@type":"ListItem","position":1,"name":"Accueil","item":"https:\/\/us-gc.net\/it\/green-card\/"},{"@type":"ListItem","position":2,"name":"Lotteria della Green Card 2026"}]},{"@type":"WebSite","@id":"https:\/\/us-gc.net\/it\/#website","url":"https:\/\/us-gc.net\/it\/","name":"USA GC","description":"","potentialAction":[{"@type":"SearchAction","target":{"@type":"EntryPoint","urlTemplate":"https:\/\/us-gc.net\/it\/?s={search_term_string}"},"query-input":{"@type":"PropertyValueSpecification","valueRequired":true,"valueName":"search_term_string"}}],"inLanguage":"it-IT"}]}},"_links":{"self":[{"href":"https:\/\/us-gc.net\/it\/wp-json\/wp\/v2\/pages\/1103","targetHints":{"allow":["GET"]}}],"collection":[{"href":"https:\/\/us-gc.net\/it\/wp-json\/wp\/v2\/pages"}],"about":[{"href":"https:\/\/us-gc.net\/it\/wp-json\/wp\/v2\/types\/page"}],"author":[{"embeddable":true,"href":"https:\/\/us-gc.net\/it\/wp-json\/wp\/v2\/users\/1"}],"replies":[{"embeddable":true,"href":"https:\/\/us-gc.net\/it\/wp-json\/wp\/v2\/comments?post=1103"}],"version-history":[{"count":3,"href":"https:\/\/us-gc.net\/it\/wp-json\/wp\/v2\/pages\/1103\/revisions"}],"predecessor-version":[{"id":10123,"href":"https:\/\/us-gc.net\/it\/wp-json\/wp\/v2\/pages\/1103\/revisions\/10123"}],"wp:attachment":[{"href":"https:\/\/us-gc.net\/it\/wp-json\/wp\/v2\/media?parent=1103"}],"curies":[{"name":"wp","href":"https:\/\/api.w.org\/{rel}","templated":true}]}}