{"id":1059,"date":"2024-01-31T15:56:24","date_gmt":"2024-01-31T15:56:24","guid":{"rendered":"https:\/\/green-card-usa.net\/green-card-lotteria-2024\/"},"modified":"2025-03-31T10:08:00","modified_gmt":"2025-03-31T10:08:00","slug":"green-card-lotteria-2024","status":"publish","type":"page","link":"https:\/\/us-gc.net\/it\/green-card-lotteria-2024\/","title":{"rendered":"Lotteria della Carta Verde 2024"},"content":{"rendered":"\n<h1 class=\"wp-block-heading\" id=\"h-loterie-de-la-green-card-en-2024\">Lotteria per la Carta Verde nel 2024<\/h1>\n\n<p>L&#8217;estrazione a sorte della Carta verde avviene solo una volta all&#8217;anno. Esistono due modi per designare l&#8217;anno della lotteria:<\/p>\n\n<ul class=\"wp-block-list\">\n<li>Il Dipartimento di Stato degli Stati Uniti assegna a ciascuna promozione della lotteria il nome dell&#8217;anno in cui i richiedenti riceveranno la <a href=\"https:\/\/us-gc.net\/it\/\">Carta verde<\/a>. Il sorteggio che avr\u00e0 luogo nel quarto trimestre del 2024 \u00e8 il programma <a href=\"https:\/\/us-gc.net\/it\/lotteria-green-card-2026\/\">Green Card 2026<\/a>;<\/li>\n\n\n\n<li>La maggior parte dei richiedenti il sorteggio attribuisce il nome di Green Card 2024 al sorteggio che avr\u00e0 luogo nel 2024.<\/li>\n<\/ul>\n\n<h2 class=\"wp-block-heading\" id=\"h-qu-est-ce-que-la-loterie-2024-de-la-green-card\">Che cos&#8217;\u00e8 la lotteria della Green Card 2024?<\/h2>\n\n<p>La lotteria della Green Card 2024 \u00e8 pi\u00f9 spesso indicata come l&#8217;estrazione annuale che si svolge nell&#8217;anno 2024. Questa estrazione a premi si svolge una volta all&#8217;anno e permette a oltre 50.000 cittadini stranieri di vincere il diritto di richiedere una Green Card nell&#8217;ambito del programma statunitense per i visti di diversit\u00e0.<\/p>\n\n<h2 class=\"wp-block-heading\" id=\"h-quand-se-deroule-la-loterie-de-la-green-card-pour-l-annee-2024\">Quando si terr\u00e0 la lotteria per la Green Card nel 2024?<\/h2>\n\n<p>Le iscrizioni finali per l&#8217;estrazione del 2024 hanno avuto luogo nell&#8217;ottobre 2024. Le date precise per il 2024 erano : <\/p>\n\n<ul class=\"wp-block-list\">\n<li>Il periodo di registrazione \u00e8 iniziato il 2 ottobre 2024;<\/li>\n\n\n\n<li>Le iscrizioni si chiudono il 5 novembre 2024.<\/li>\n<\/ul>\n\n<div style=\"height:10px\" aria-hidden=\"true\" class=\"wp-block-spacer\"><\/div>\n\n<p>La prossima fase di registrazione sar\u00e0 quella per partecipare all&#8217;estrazione, che avverr\u00e0 nel 2025. Puoi gi\u00e0 pre-registrarti cliccando sul <a href=\"https:\/\/us-gc.net\/it\/green-card-modulo-lotteria\/\">modulo online<\/a> per completare la tua domanda di partecipazione all&#8217;estrazione. <\/p>\n\n<h2 class=\"wp-block-heading\" id=\"h-quelles-sont-les-resultats-de-la-loterie-de-la-green-card-2024\">Quali sono i risultati della lotteria della Green Card 2024?<\/h2>\n\n<p>I <a href=\"https:\/\/us-gc.net\/it\/risultati-lotteria-green-card\/\">risultati del sorteggio della Green Card<\/a> vengono pubblicati ogni anno circa 6 mesi dopo il sorteggio, che avviene a novembre. I risultati dell&#8217;estrazione della lotteria che avr\u00e0 luogo nel 2024 saranno pubblicati online a partire da maggio 2025.<\/p>\n\n<h2 class=\"wp-block-heading\" id=\"h-comment-s-inscrire-a-la-loterie-de-la-green-card-2024\">Come si accede alla lotteria della Green Card 2024?<\/h2>\n\n<p>La registrazione alla <a href=\"https:\/\/us-gc.net\/it\/lotteria-americana-carta-verde\/\">lotteria Carta Verde USA<\/a> \u00e8 interamente online. <strong>Partecipate a questa lotteria annuale registrandovi online<\/strong> in pochi minuti cliccando sul <a href=\"https:\/\/us-gc.net\/it\/green-card-modulo-lotteria\/\">modulo online<\/a>. Il processo richiede solo pochi minuti.<\/p>\n\n<h2 class=\"wp-block-heading\" id=\"h-quel-sont-les-etapes-suivantes-pour-les-gagnants-de-la-loterie\">Quali sono i passi successivi per i vincitori della lotteria?<\/h2>\n\n<p>I vincitori della lotteria devono poi ottenere un visto Diversity. Le fasi successive della procedura sono :<\/p>\n\n<ul class=\"wp-block-list\">\n<li>Compilare il <a href=\"https:\/\/travel.state.gov\/content\/travel\/en\/us-visas\/visa-information-resources\/forms\/online-immigrant-visa-forms\/ds-260-faqs.html\">modulo DS-260<\/a> di domanda di visto .<\/li>\n\n\n\n<li>Pagare le <a href=\"https:\/\/us-gc.net\/it\/premio-green-card\/\">tasse necessarie per ottenere la Green Card<\/a> come parte di questa richiesta di visto obbligatoria;<\/li>\n\n\n\n<li>Un <a href=\"https:\/\/us-gc.net\/it\/green-card-colloquio\/\">colloquio per la Green Card<\/a> con un funzionario dell&#8217;USCIS addetto al Diversity Visa Program;<\/li>\n\n\n\n<li>Eseguire una visita medica.<\/li>\n<\/ul>\n\n<div style=\"height:10px\" aria-hidden=\"true\" class=\"wp-block-spacer\"><\/div>\n\n<p>La <a href=\"https:\/\/us-gc.net\/it\/differenza-green-card-e-visto\/\">Green Card e il visto sono documenti diversi<\/a>. L&#8217;ottenimento di un Diversity Visa \u00e8 una delle fasi per ottenere la Green Card.<\/p>\n","protected":false},"excerpt":{"rendered":"<p>Lotteria per la Carta Verde nel 2024 L&#8217;estrazione a sorte della Carta verde avviene solo una volta all&#8217;anno. Esistono due modi per designare l&#8217;anno della lotteria: Che cos&#8217;\u00e8 la lotteria della Green Card 2024? La lotteria della Green Card 2024 \u00e8 pi\u00f9 spesso indicata come l&#8217;estrazione annuale che si svolge nell&#8217;anno 2024. Questa estrazione a [&hellip;]<\/p>\n","protected":false},"author":1,"featured_media":0,"parent":0,"menu_order":0,"comment_status":"closed","ping_status":"closed","template":"","meta":{"footnotes":""},"class_list":["post-1059","page","type-page","status-publish","hentry"],"yoast_head":"<!-- This site is optimized with the Yoast SEO plugin v27.2 - https:\/\/yoast.com\/product\/yoast-seo-wordpress\/ -->\n<title>Lotteria della Carta Verde 2024 - USA GC<\/title>\n<meta name=\"description\" content=\"Partecipare all&#039;estrazione a sorte della Carta verde nel 2024. Ogni anno viene effettuata un&#039;estrazione per vincere una Carta verde.\" \/>\n<meta name=\"robots\" content=\"index, follow, max-snippet:-1, max-image-preview:large, max-video-preview:-1\" \/>\n<link rel=\"canonical\" href=\"https:\/\/us-gc.net\/it\/green-card-lotteria-2024\/\" \/>\n<meta property=\"og:locale\" content=\"it_IT\" \/>\n<meta property=\"og:type\" content=\"article\" \/>\n<meta property=\"og:title\" content=\"Lotteria della Carta Verde 2024 - USA GC\" \/>\n<meta property=\"og:description\" content=\"Partecipare all&#039;estrazione a sorte della Carta verde nel 2024. Ogni anno viene effettuata un&#039;estrazione per vincere una Carta verde.\" \/>\n<meta property=\"og:url\" content=\"https:\/\/us-gc.net\/it\/green-card-lotteria-2024\/\" \/>\n<meta property=\"og:site_name\" content=\"USA GC\" \/>\n<meta property=\"article:modified_time\" content=\"2025-03-31T10:08:00+00:00\" \/>\n<meta name=\"twitter:card\" content=\"summary_large_image\" \/>\n<meta name=\"twitter:label1\" content=\"Tempo di lettura stimato\" \/>\n\t<meta name=\"twitter:data1\" content=\"2 minuti\" \/>\n<script type=\"application\/ld+json\" class=\"yoast-schema-graph\">{\"@context\":\"https:\/\/schema.org\",\"@graph\":[{\"@type\":\"WebPage\",\"@id\":\"https:\/\/us-gc.net\/it\/green-card-lotteria-2024\/\",\"url\":\"https:\/\/us-gc.net\/it\/green-card-lotteria-2024\/\",\"name\":\"Lotteria della Carta Verde 2024 - USA GC\",\"isPartOf\":{\"@id\":\"https:\/\/us-gc.net\/it\/#website\"},\"datePublished\":\"2024-01-31T15:56:24+00:00\",\"dateModified\":\"2025-03-31T10:08:00+00:00\",\"description\":\"Partecipare all'estrazione a sorte della Carta verde nel 2024. Ogni anno viene effettuata un'estrazione per vincere una Carta verde.\",\"breadcrumb\":{\"@id\":\"https:\/\/us-gc.net\/it\/green-card-lotteria-2024\/#breadcrumb\"},\"inLanguage\":\"it-IT\",\"potentialAction\":[{\"@type\":\"ReadAction\",\"target\":[\"https:\/\/us-gc.net\/it\/green-card-lotteria-2024\/\"]}]},{\"@type\":\"BreadcrumbList\",\"@id\":\"https:\/\/us-gc.net\/it\/green-card-lotteria-2024\/#breadcrumb\",\"itemListElement\":[{\"@type\":\"ListItem\",\"position\":1,\"name\":\"Accueil\",\"item\":\"https:\/\/us-gc.net\/it\/green-card\/\"},{\"@type\":\"ListItem\",\"position\":2,\"name\":\"Lotteria della Carta Verde 2024\"}]},{\"@type\":\"WebSite\",\"@id\":\"https:\/\/us-gc.net\/it\/#website\",\"url\":\"https:\/\/us-gc.net\/it\/\",\"name\":\"USA GC\",\"description\":\"\",\"potentialAction\":[{\"@type\":\"SearchAction\",\"target\":{\"@type\":\"EntryPoint\",\"urlTemplate\":\"https:\/\/us-gc.net\/it\/?s={search_term_string}\"},\"query-input\":{\"@type\":\"PropertyValueSpecification\",\"valueRequired\":true,\"valueName\":\"search_term_string\"}}],\"inLanguage\":\"it-IT\"}]}<\/script>\n<!-- \/ Yoast SEO plugin. -->","yoast_head_json":{"title":"Lotteria della Carta Verde 2024 - USA GC","description":"Partecipare all'estrazione a sorte della Carta verde nel 2024. Ogni anno viene effettuata un'estrazione per vincere una Carta verde.","robots":{"index":"index","follow":"follow","max-snippet":"max-snippet:-1","max-image-preview":"max-image-preview:large","max-video-preview":"max-video-preview:-1"},"canonical":"https:\/\/us-gc.net\/it\/green-card-lotteria-2024\/","og_locale":"it_IT","og_type":"article","og_title":"Lotteria della Carta Verde 2024 - USA GC","og_description":"Partecipare all'estrazione a sorte della Carta verde nel 2024. Ogni anno viene effettuata un'estrazione per vincere una Carta verde.","og_url":"https:\/\/us-gc.net\/it\/green-card-lotteria-2024\/","og_site_name":"USA GC","article_modified_time":"2025-03-31T10:08:00+00:00","twitter_card":"summary_large_image","twitter_misc":{"Tempo di lettura stimato":"2 minuti"},"schema":{"@context":"https:\/\/schema.org","@graph":[{"@type":"WebPage","@id":"https:\/\/us-gc.net\/it\/green-card-lotteria-2024\/","url":"https:\/\/us-gc.net\/it\/green-card-lotteria-2024\/","name":"Lotteria della Carta Verde 2024 - USA GC","isPartOf":{"@id":"https:\/\/us-gc.net\/it\/#website"},"datePublished":"2024-01-31T15:56:24+00:00","dateModified":"2025-03-31T10:08:00+00:00","description":"Partecipare all'estrazione a sorte della Carta verde nel 2024. Ogni anno viene effettuata un'estrazione per vincere una Carta verde.","breadcrumb":{"@id":"https:\/\/us-gc.net\/it\/green-card-lotteria-2024\/#breadcrumb"},"inLanguage":"it-IT","potentialAction":[{"@type":"ReadAction","target":["https:\/\/us-gc.net\/it\/green-card-lotteria-2024\/"]}]},{"@type":"BreadcrumbList","@id":"https:\/\/us-gc.net\/it\/green-card-lotteria-2024\/#breadcrumb","itemListElement":[{"@type":"ListItem","position":1,"name":"Accueil","item":"https:\/\/us-gc.net\/it\/green-card\/"},{"@type":"ListItem","position":2,"name":"Lotteria della Carta Verde 2024"}]},{"@type":"WebSite","@id":"https:\/\/us-gc.net\/it\/#website","url":"https:\/\/us-gc.net\/it\/","name":"USA GC","description":"","potentialAction":[{"@type":"SearchAction","target":{"@type":"EntryPoint","urlTemplate":"https:\/\/us-gc.net\/it\/?s={search_term_string}"},"query-input":{"@type":"PropertyValueSpecification","valueRequired":true,"valueName":"search_term_string"}}],"inLanguage":"it-IT"}]}},"_links":{"self":[{"href":"https:\/\/us-gc.net\/it\/wp-json\/wp\/v2\/pages\/1059","targetHints":{"allow":["GET"]}}],"collection":[{"href":"https:\/\/us-gc.net\/it\/wp-json\/wp\/v2\/pages"}],"about":[{"href":"https:\/\/us-gc.net\/it\/wp-json\/wp\/v2\/types\/page"}],"author":[{"embeddable":true,"href":"https:\/\/us-gc.net\/it\/wp-json\/wp\/v2\/users\/1"}],"replies":[{"embeddable":true,"href":"https:\/\/us-gc.net\/it\/wp-json\/wp\/v2\/comments?post=1059"}],"version-history":[{"count":3,"href":"https:\/\/us-gc.net\/it\/wp-json\/wp\/v2\/pages\/1059\/revisions"}],"predecessor-version":[{"id":10102,"href":"https:\/\/us-gc.net\/it\/wp-json\/wp\/v2\/pages\/1059\/revisions\/10102"}],"wp:attachment":[{"href":"https:\/\/us-gc.net\/it\/wp-json\/wp\/v2\/media?parent=1059"}],"curies":[{"name":"wp","href":"https:\/\/api.w.org\/{rel}","templated":true}]}}