{"id":1011,"date":"2024-01-31T14:33:04","date_gmt":"2024-01-31T14:33:04","guid":{"rendered":"https:\/\/green-card-usa.net\/green-card-per-matrimonio\/"},"modified":"2024-12-30T09:39:39","modified_gmt":"2024-12-30T09:39:39","slug":"green-card-per-matrimonio","status":"publish","type":"page","link":"https:\/\/us-gc.net\/it\/green-card-per-matrimonio\/","title":{"rendered":"Green Card ottenuta tramite matrimonio"},"content":{"rendered":"\n<h1 class=\"wp-block-heading\" id=\"h-obtenir-une-green-card-par-mariage\">Ottenere la Green Card per matrimonio<\/h1>\n\n<p>La Green Card pu\u00f2 essere ottenuta in seguito al matrimonio con un cittadino americano o con un residente permanente legale (LPR). Il matrimonio consente quindi di diventare residenti permanenti negli Stati Uniti. Ecco le fasi e le condizioni essenziali per usufruire del programma.<\/p>\n\n<h2 class=\"wp-block-heading\" id=\"h-eligibilite-a-la-green-card-par-mariage\">Idoneit\u00e0 alla Green Card per matrimonio<\/h2>\n\n<p>Per poter ottenere la Green Card per matrimonio, \u00e8 necessario essere sposati con un cittadino americano o un LPR. Il matrimonio deve essere legale e basato su un rapporto autentico. L&#8217;ambizione di diventare un residente permanente americano non deve essere il motivo principale del matrimonio.<\/p>\n\n<h2 class=\"wp-block-heading\" id=\"h-conditions-et-preuves-requises\">Condizioni e prove richieste<\/h2>\n\n<p>Le coppie devono fornire prove sostanziali del loro matrimonio legittimo. Ad esempio, la coppia pu\u00f2 fornire estratti conto bancari congiunti, contratti di locazione o ipoteche comuni, foto del matrimonio ed eventi familiari. Qualsiasi altro documento che attesti la loro relazione pu\u00f2 essere rilevante e deve essere allegato alla domanda.<\/p>\n\n<p>Se non si soddisfano le condizioni, \u00e8 comunque possibile ottenere la <a href=\"https:\/\/us-gc.net\/it\/lotteria-green-card\/\">Green Card tramite sorteggio<\/a>. <strong>Per partecipare all&#8217;estrazione annuale<\/strong> \u00e8 sufficiente compilare il <a href=\"https:\/\/us-gc.net\/it\/green-card-modulo-lotteria\/\">modulo online<\/a>.<\/p>\n\n<div style=\"height:10px\" aria-hidden=\"true\" class=\"wp-block-spacer\"><\/div>\n\n<h2 class=\"wp-block-heading\" id=\"h-processus-de-demande\">Processo di candidatura<\/h2>\n\n<p>La richiesta di una <a href=\"https:\/\/us-gc.net\/it\/\">Green Card<\/a> in relazione a un matrimonio prevede diverse fasi.<\/p>\n\n<ol class=\"wp-block-list\">\n<li><strong>Presentazione della petizione<\/strong>: il partner cittadino o l&#8217;RPL deve prima presentare il <a href=\"https:\/\/www.uscis.gov\/i-130\">modulo I-130<\/a>. Si tratta di una petizione per un genitore straniero da presentare all&#8217;United States Citizenship and Immigration Service (USCIS).<\/li>\n\n\n\n<li><strong>Aggiustamento dello status o procedura consolare<\/strong>: se il coniuge non cittadino si trova gi\u00e0 negli Stati Uniti, pu\u00f2 richiedere l&#8217;aggiustamento dello status utilizzando il <a href=\"https:\/\/www.uscis.gov\/i-485\">modulo I-485<\/a>. Se il coniuge si trova al di fuori degli Stati Uniti, deve rivolgersi al consolato del suo Paese d&#8217;origine.<\/li>\n\n\n\n<li><strong>Colloquio e approvazione<\/strong>: entrambi i partner saranno invitati a un <a href=\"https:\/\/us-gc.net\/it\/green-card-colloquio\/\">colloquio per la Green Card<\/a> per verificare l&#8217;autenticit\u00e0 del matrimonio. Se la domanda viene approvata, al coniuge non cittadino viene rilasciata la Green Card.<\/li>\n<\/ol>\n\n<h2 class=\"wp-block-heading\" id=\"h-green-card-conditionnelle\">Green Card condizionata<\/h2>\n\n<p>Se il matrimonio ha meno di due anni al momento dell&#8217;approvazione, il coniuge non cittadino ricever\u00e0 una Green Card condizionata valida per due anni. Prima della scadenza, la coppia dovr\u00e0 presentare il <a href=\"https:\/\/www.uscis.gov\/sites\/default\/files\/document\/forms\/i-751.pdf\">modulo I-751<\/a> per richiedere la rimozione delle condizioni e ottenere una Carta Verde permanente.<\/p>\n\n<h2 class=\"wp-block-heading\" id=\"h-conseils-pour-une-reussir-la-demande-de-green-card\">Suggerimenti per una domanda di Green Card di successo<\/h2>\n\n<p>La Green Card d\u00e0 diritto alla residenza permanente negli Stati Uniti. La procedura per ottenere la Green Card attraverso il matrimonio \u00e8 particolarmente accurata e il successo non \u00e8 garantito. Ecco alcuni consigli per massimizzare le vostre possibilit\u00e0 di successo:<\/p>\n\n<ul class=\"wp-block-list\">\n<li><strong>Documentate accuratamente la vostra relazione<\/strong>: tenete un registro dei documenti e delle foto che dimostrano la continuit\u00e0 e l&#8217;autenticit\u00e0 della vostra relazione.<\/li>\n\n\n\n<li><strong>Preparatevi al colloquio<\/strong>: siate pronti a rispondere alle domande sulla vostra relazione e sul vostro matrimonio in modo aperto e onesto.<\/li>\n\n\n\n<li><strong>Rispettare le scadenze<\/strong>: assicurarsi di presentare tutte le domande e i documenti necessari entro le scadenze previste.<\/li>\n<\/ul>\n\n<p><\/p>\n","protected":false},"excerpt":{"rendered":"<p>Ottenere la Green Card per matrimonio La Green Card pu\u00f2 essere ottenuta in seguito al matrimonio con un cittadino americano o con un residente permanente legale (LPR). Il matrimonio consente quindi di diventare residenti permanenti negli Stati Uniti. Ecco le fasi e le condizioni essenziali per usufruire del programma. Idoneit\u00e0 alla Green Card per matrimonio [&hellip;]<\/p>\n","protected":false},"author":1,"featured_media":0,"parent":0,"menu_order":0,"comment_status":"closed","ping_status":"closed","template":"","meta":{"footnotes":""},"class_list":["post-1011","page","type-page","status-publish","hentry"],"yoast_head":"<!-- This site is optimized with the Yoast SEO plugin v27.2 - https:\/\/yoast.com\/product\/yoast-seo-wordpress\/ -->\n<title>Green Card ottenuta tramite matrimonio - USA GC<\/title>\n<meta name=\"description\" content=\"Ottenere una Green Card sposando un cittadino americano o un titolare di una Green Card americana\" \/>\n<meta name=\"robots\" content=\"index, follow, max-snippet:-1, max-image-preview:large, max-video-preview:-1\" \/>\n<link rel=\"canonical\" href=\"https:\/\/us-gc.net\/it\/green-card-per-matrimonio\/\" \/>\n<meta property=\"og:locale\" content=\"it_IT\" \/>\n<meta property=\"og:type\" content=\"article\" \/>\n<meta property=\"og:title\" content=\"Green Card ottenuta tramite matrimonio - USA GC\" \/>\n<meta property=\"og:description\" content=\"Ottenere una Green Card sposando un cittadino americano o un titolare di una Green Card americana\" \/>\n<meta property=\"og:url\" content=\"https:\/\/us-gc.net\/it\/green-card-per-matrimonio\/\" \/>\n<meta property=\"og:site_name\" content=\"USA GC\" \/>\n<meta property=\"article:modified_time\" content=\"2024-12-30T09:39:39+00:00\" \/>\n<meta name=\"twitter:card\" content=\"summary_large_image\" \/>\n<meta name=\"twitter:label1\" content=\"Tempo di lettura stimato\" \/>\n\t<meta name=\"twitter:data1\" content=\"2 minuti\" \/>\n<script type=\"application\/ld+json\" class=\"yoast-schema-graph\">{\"@context\":\"https:\/\/schema.org\",\"@graph\":[{\"@type\":\"WebPage\",\"@id\":\"https:\/\/us-gc.net\/it\/green-card-per-matrimonio\/\",\"url\":\"https:\/\/us-gc.net\/it\/green-card-per-matrimonio\/\",\"name\":\"Green Card ottenuta tramite matrimonio - USA GC\",\"isPartOf\":{\"@id\":\"https:\/\/us-gc.net\/it\/#website\"},\"datePublished\":\"2024-01-31T14:33:04+00:00\",\"dateModified\":\"2024-12-30T09:39:39+00:00\",\"description\":\"Ottenere una Green Card sposando un cittadino americano o un titolare di una Green Card americana\",\"breadcrumb\":{\"@id\":\"https:\/\/us-gc.net\/it\/green-card-per-matrimonio\/#breadcrumb\"},\"inLanguage\":\"it-IT\",\"potentialAction\":[{\"@type\":\"ReadAction\",\"target\":[\"https:\/\/us-gc.net\/it\/green-card-per-matrimonio\/\"]}]},{\"@type\":\"BreadcrumbList\",\"@id\":\"https:\/\/us-gc.net\/it\/green-card-per-matrimonio\/#breadcrumb\",\"itemListElement\":[{\"@type\":\"ListItem\",\"position\":1,\"name\":\"Accueil\",\"item\":\"https:\/\/us-gc.net\/it\/green-card\/\"},{\"@type\":\"ListItem\",\"position\":2,\"name\":\"Green Card ottenuta tramite matrimonio\"}]},{\"@type\":\"WebSite\",\"@id\":\"https:\/\/us-gc.net\/it\/#website\",\"url\":\"https:\/\/us-gc.net\/it\/\",\"name\":\"USA GC\",\"description\":\"\",\"potentialAction\":[{\"@type\":\"SearchAction\",\"target\":{\"@type\":\"EntryPoint\",\"urlTemplate\":\"https:\/\/us-gc.net\/it\/?s={search_term_string}\"},\"query-input\":{\"@type\":\"PropertyValueSpecification\",\"valueRequired\":true,\"valueName\":\"search_term_string\"}}],\"inLanguage\":\"it-IT\"}]}<\/script>\n<!-- \/ Yoast SEO plugin. -->","yoast_head_json":{"title":"Green Card ottenuta tramite matrimonio - USA GC","description":"Ottenere una Green Card sposando un cittadino americano o un titolare di una Green Card americana","robots":{"index":"index","follow":"follow","max-snippet":"max-snippet:-1","max-image-preview":"max-image-preview:large","max-video-preview":"max-video-preview:-1"},"canonical":"https:\/\/us-gc.net\/it\/green-card-per-matrimonio\/","og_locale":"it_IT","og_type":"article","og_title":"Green Card ottenuta tramite matrimonio - USA GC","og_description":"Ottenere una Green Card sposando un cittadino americano o un titolare di una Green Card americana","og_url":"https:\/\/us-gc.net\/it\/green-card-per-matrimonio\/","og_site_name":"USA GC","article_modified_time":"2024-12-30T09:39:39+00:00","twitter_card":"summary_large_image","twitter_misc":{"Tempo di lettura stimato":"2 minuti"},"schema":{"@context":"https:\/\/schema.org","@graph":[{"@type":"WebPage","@id":"https:\/\/us-gc.net\/it\/green-card-per-matrimonio\/","url":"https:\/\/us-gc.net\/it\/green-card-per-matrimonio\/","name":"Green Card ottenuta tramite matrimonio - USA GC","isPartOf":{"@id":"https:\/\/us-gc.net\/it\/#website"},"datePublished":"2024-01-31T14:33:04+00:00","dateModified":"2024-12-30T09:39:39+00:00","description":"Ottenere una Green Card sposando un cittadino americano o un titolare di una Green Card americana","breadcrumb":{"@id":"https:\/\/us-gc.net\/it\/green-card-per-matrimonio\/#breadcrumb"},"inLanguage":"it-IT","potentialAction":[{"@type":"ReadAction","target":["https:\/\/us-gc.net\/it\/green-card-per-matrimonio\/"]}]},{"@type":"BreadcrumbList","@id":"https:\/\/us-gc.net\/it\/green-card-per-matrimonio\/#breadcrumb","itemListElement":[{"@type":"ListItem","position":1,"name":"Accueil","item":"https:\/\/us-gc.net\/it\/green-card\/"},{"@type":"ListItem","position":2,"name":"Green Card ottenuta tramite matrimonio"}]},{"@type":"WebSite","@id":"https:\/\/us-gc.net\/it\/#website","url":"https:\/\/us-gc.net\/it\/","name":"USA GC","description":"","potentialAction":[{"@type":"SearchAction","target":{"@type":"EntryPoint","urlTemplate":"https:\/\/us-gc.net\/it\/?s={search_term_string}"},"query-input":{"@type":"PropertyValueSpecification","valueRequired":true,"valueName":"search_term_string"}}],"inLanguage":"it-IT"}]}},"_links":{"self":[{"href":"https:\/\/us-gc.net\/it\/wp-json\/wp\/v2\/pages\/1011","targetHints":{"allow":["GET"]}}],"collection":[{"href":"https:\/\/us-gc.net\/it\/wp-json\/wp\/v2\/pages"}],"about":[{"href":"https:\/\/us-gc.net\/it\/wp-json\/wp\/v2\/types\/page"}],"author":[{"embeddable":true,"href":"https:\/\/us-gc.net\/it\/wp-json\/wp\/v2\/users\/1"}],"replies":[{"embeddable":true,"href":"https:\/\/us-gc.net\/it\/wp-json\/wp\/v2\/comments?post=1011"}],"version-history":[{"count":1,"href":"https:\/\/us-gc.net\/it\/wp-json\/wp\/v2\/pages\/1011\/revisions"}],"predecessor-version":[{"id":7658,"href":"https:\/\/us-gc.net\/it\/wp-json\/wp\/v2\/pages\/1011\/revisions\/7658"}],"wp:attachment":[{"href":"https:\/\/us-gc.net\/it\/wp-json\/wp\/v2\/media?parent=1011"}],"curies":[{"name":"wp","href":"https:\/\/api.w.org\/{rel}","templated":true}]}}