{"id":4727,"date":"2024-02-02T15:07:30","date_gmt":"2024-02-02T15:07:30","guid":{"rendered":"https:\/\/green-card-usa.net\/lotto-eredmenyek-green-card\/"},"modified":"2024-12-30T09:47:01","modified_gmt":"2024-12-30T09:47:01","slug":"lotto-eredmenyek-green-card","status":"publish","type":"page","link":"https:\/\/us-gc.net\/hu\/lotto-eredmenyek-green-card\/","title":{"rendered":"Z\u00f6ld k\u00e1rtya sorsol\u00e1s eredm\u00e9nyei"},"content":{"rendered":"\n<h1 class=\"wp-block-heading\" id=\"h-les-resultats-du-tirage-au-sort-de-la-loterie-de-la-green-card\">A Green Card sorsol\u00e1s eredm\u00e9nyei<\/h1>\n\n<p>Az amerikai z\u00f6ldk\u00e1rtya-sorsol\u00e1s eredm\u00e9nyeit minden \u00e9vben k\u00f6zz\u00e9teszik a <a href=\"https:\/\/us-gc.net\/hu\/sokszinusegi-vizumprogram\/\">soksz\u00edn\u0171s\u00e9gi v\u00edzumprogram<\/a> r\u00e9szek\u00e9nt. A <a href=\"https:\/\/us-gc.net\/hu\/amerikai-lotto-zold-kartya\/\">z\u00f6ldk\u00e1rtya-sorsol\u00e1st<\/a> k\u00e9relmez\u0151k online kaphatj\u00e1k meg szem\u00e9lyes eredm\u00e9nyeiket.<\/p>\n\n<h2 class=\"wp-block-heading\" id=\"h-quand-a-lieu-le-tirage-de-la-loterie-de-la-green-card\">Mikor lesz a z\u00f6ldk\u00e1rtya sorsol\u00e1s?<\/h2>\n\n<p>A sorsol\u00e1sra minden \u00e9v november\u00e9ben ker\u00fcl sor. A regisztr\u00e1ci\u00f3 pontos nyit\u00f3- \u00e9s z\u00e1r\u00f3 id\u0151pontj\u00e1t minden \u00e9v el\u0151tt n\u00e9h\u00e1ny h\u00f3nappal teszik k\u00f6zz\u00e9.<\/p>\n\n<h2 class=\"wp-block-heading\" id=\"h-quand-est-ce-que-les-resultats-sont-publies\">Mikor teszik k\u00f6zz\u00e9 az eredm\u00e9nyeket?<\/h2>\n\n<p>A <a href=\"https:\/\/us-gc.net\/hu\/lotto-green-card\/\">Green Card-sorsol\u00e1s<\/a> eredm\u00e9nyei k\u00f6r\u00fclbel\u00fcl 6 h\u00f3nappal a nevez\u00e9sek lez\u00e1r\u00e1sa ut\u00e1n \u00e1llnak rendelkez\u00e9sre. Ez\u00e9rt minden \u00e9vben m\u00e1jus k\u00f6r\u00fcl teszik k\u00f6zz\u00e9 \u0151ket. A 2023 november\u00e9ben tartott Diversity Visa 2025 sorsol\u00e1s eredm\u00e9nyeit 2024. m\u00e1jus 4-\u00e9n tett\u00e9k k\u00f6zz\u00e9 online ezen a <a href=\"https:\/\/dvprogram.state.gov\/ESC\/CheckStatus.aspx\">dvprogram.state.<\/a>gov oldalon.<\/p>\n\n<h2 class=\"wp-block-heading\" id=\"h-resultats-de-la-loterie-de-2018-a-2022\">Lott\u00f3 eredm\u00e9nyek 2018-t\u00f3l 2022<\/h2>\n\n<p>A K\u00fcl\u00fcgyminiszt\u00e9rium \u00e1ltal minden \u00e9vben k\u00f6zz\u00e9tett statisztik\u00e1k alapj\u00e1n itt tal\u00e1lja a lott\u00f3eredm\u00e9nyeket az elm\u00falt 5 \u00e9vben, amelyek eredm\u00e9nyei nyilv\u00e1nosak:<\/p>\n\n<figure class=\"wp-block-table\"><table><tbody><tr><td><strong>F\u00f6ldrajzi \u00f6vezetek  <\/strong><\/td><td class=\"has-text-align-center\" data-align=\"center\"><strong>2018<\/strong><\/td><td class=\"has-text-align-center\" data-align=\"center\"><strong>2019<\/strong><\/td><td class=\"has-text-align-center\" data-align=\"center\"><strong>2020<\/strong><\/td><td class=\"has-text-align-center\" data-align=\"center\"><strong>2021<\/strong><\/td><td class=\"has-text-align-center\" data-align=\"center\"><strong>2022<\/strong><\/td><\/tr><tr><td><a href=\"https:\/\/us-gc.net\/hu\/lotto-green-card-reszvetel-orszagok-afrikai\/\">Afrikai orsz\u00e1gok<\/a><\/td><td class=\"has-text-align-center\" data-align=\"center\">20 532<\/td><td class=\"has-text-align-center\" data-align=\"center\">20 336<\/td><td class=\"has-text-align-center\" data-align=\"center\">6 017<\/td><td class=\"has-text-align-center\" data-align=\"center\">5 801<\/td><td class=\"has-text-align-center\" data-align=\"center\">19 215<\/td><\/tr><tr><td><a href=\"https:\/\/us-gc.net\/hu\/lotto-zold-kartya-reszvetel-orszagok-azsia\/\">\u00c1zsiai orsz\u00e1gok<\/a><\/td><td class=\"has-text-align-center\" data-align=\"center\">6 290<\/td><td class=\"has-text-align-center\" data-align=\"center\">6 079<\/td><td class=\"has-text-align-center\" data-align=\"center\">4 055<\/td><td class=\"has-text-align-center\" data-align=\"center\">4 498<\/td><td class=\"has-text-align-center\" data-align=\"center\">11 693<\/td><\/tr><tr><td><a href=\"https:\/\/us-gc.net\/hu\/lotto-green-card-europa\/\">Eur\u00f3pai orsz\u00e1gok<\/a><\/td><td class=\"has-text-align-center\" data-align=\"center\">20 434<\/td><td class=\"has-text-align-center\" data-align=\"center\">17 897<\/td><td class=\"has-text-align-center\" data-align=\"center\">7 643<\/td><td class=\"has-text-align-center\" data-align=\"center\">5 795<\/td><td class=\"has-text-align-center\" data-align=\"center\">21 806<\/td><\/tr><tr><td>\u00c9szak-amerikai orsz\u00e1gok (Bahama-szigetek)<\/td><td class=\"has-text-align-center\" data-align=\"center\">2<\/td><td class=\"has-text-align-center\" data-align=\"center\">8<\/td><td class=\"has-text-align-center\" data-align=\"center\">13<\/td><td class=\"has-text-align-center\" data-align=\"center\">21<\/td><td class=\"has-text-align-center\" data-align=\"center\">12<\/td><\/tr><tr><td>\u00d3ce\u00e1nia<\/td><td class=\"has-text-align-center\" data-align=\"center\">824<\/td><td class=\"has-text-align-center\" data-align=\"center\">592<\/td><td class=\"has-text-align-center\" data-align=\"center\">543<\/td><td class=\"has-text-align-center\" data-align=\"center\">631<\/td><td class=\"has-text-align-center\" data-align=\"center\">1 195<\/td><\/tr><tr><td>K\u00f6z\u00e9p- \u00e9s d\u00e9l-amerikai orsz\u00e1gok<\/td><td class=\"has-text-align-center\" data-align=\"center\">1 631<\/td><td class=\"has-text-align-center\" data-align=\"center\">977<\/td><td class=\"has-text-align-center\" data-align=\"center\">854<\/td><td class=\"has-text-align-center\" data-align=\"center\">2 166<\/td><td class=\"has-text-align-center\" data-align=\"center\">1 961<\/td><\/tr><tr><td><strong>\u00d6sszesen  <\/strong><\/td><td class=\"has-text-align-center\" data-align=\"center\"><strong>49 713<\/strong><\/td><td class=\"has-text-align-center\" data-align=\"center\"><strong><strong>45 889<\/strong><\/strong><\/td><td class=\"has-text-align-center\" data-align=\"center\"><strong><strong>19 125<\/strong><\/strong><\/td><td class=\"has-text-align-center\" data-align=\"center\"><strong><strong>18 912<\/strong><\/strong><\/td><td class=\"has-text-align-center\" data-align=\"center\"><strong>55 882<\/strong><\/td><\/tr><\/tbody><\/table><figcaption class=\"wp-element-caption\">A sorsol\u00e1son nyert z\u00f6ldk\u00e1rty\u00e1k sz\u00e1ma 2018-t\u00f3l 2022-ig f\u00f6ldrajzi ter\u00fclet szerint<\/figcaption><\/figure>\n\n<h2 class=\"wp-block-heading\" id=\"h-ou-trouver-les-resultats-en-ligne-de-la-loterie-de-la-green-card\">Hol tal\u00e1lom a z\u00f6ldk\u00e1rtya-sorsol\u00e1s eredm\u00e9nyeit online?<\/h2>\n\n<p>Az amerikai soksz\u00edn\u0171s\u00e9gi program k\u00fcl\u00f6n erre a c\u00e9lra l\u00e9trehozott honlapj\u00e1n k\u00f6zvetlen\u00fcl online ellen\u0151rizheti a z\u00f6ldk\u00e1rtya-sorsol\u00e1son val\u00f3 r\u00e9szv\u00e9telre jelentkez\u0151k eredm\u00e9nyeit. A szem\u00e9lyes eredm\u00e9nyek k\u00f6zvetlen ellen\u0151rz\u00e9s\u00e9re szolg\u00e1l\u00f3 oldal a <a href=\"https:\/\/dvprogram.state.gov\/ESC\/CheckStatus.aspx\">https:\/\/dvprogram.state.gov\/ESC\/CheckStatus.aspx<\/a>.<\/p>\n\n<p>Az eredm\u00e9nyek el\u00e9r\u00e9s\u00e9hez a k\u00f6vetkez\u0151kre van sz\u00fcks\u00e9g:<\/p>\n\n<ul class=\"wp-block-list\">\n<li>Adja meg a sorsol\u00e1s <strong>meger\u0151s\u00edt\u0151 sz\u00e1m\u00e1t<\/strong> <\/li>\n\n\n\n<li>\u00cdrja be a z\u00f6ldk\u00e1rtya-sorsol\u00e1sra val\u00f3 regisztr\u00e1ci\u00f3hoz haszn\u00e1lt vezet\u00e9knev\u00e9t.<\/li>\n\n\n\n<li>Adja meg sz\u00fclet\u00e9si d\u00e1tum\u00e1t szem\u00e9lyazonoss\u00e1g\u00e1nak meger\u0151s\u00edt\u00e9s\u00e9hez<\/li>\n\n\n\n<li>V\u00e9g\u00fcl \u00edrja be a CAPTCHA-ban megjelen\u0151 sz\u00f6veget, hogy hiteles\u00edtse mag\u00e1t.<\/li>\n<\/ul>\n\n<div style=\"height:9px\" aria-hidden=\"true\" class=\"wp-block-spacer\"><\/div>\n\n<p>Kattintson a meger\u0151s\u00edt\u00e9s gombra, ha l\u00e1tni szeretn\u00e9 a z\u00f6ldk\u00e1rtya-sorsol\u00e1son val\u00f3 r\u00e9szv\u00e9tel\u00e9nek eredm\u00e9ny\u00e9t.<\/p>\n\n<p>Itt van egy f\u00e9nyk\u00e9p a nyomtatv\u00e1nyr\u00f3l, amelyet ki kell t\u00f6ltenie, hogy megkapja a lott\u00f3 eredm\u00e9nyeket online<\/p>\n\n<figure class=\"wp-block-image size-large\" id=\"Formulaire-de-r&#xE9;sultat-de-la-loterie\"><img fetchpriority=\"high\" decoding=\"async\" width=\"1024\" height=\"953\" src=\"https:\/\/us-gc.net\/wp-content\/uploads\/2024\/02\/check-lotery-green-card-usa-1024x953.jpg\" alt=\"Z&#xF6;ld k&#xE1;rtya sorsol&#xE1;s eredm&#xE9;nyei\" class=\"wp-image-182\" title=\"Z&#xF6;ld k&#xE1;rtya sorsol&#xE1;s eredm&#xE9;nyei\" srcset=\"https:\/\/us-gc.net\/wp-content\/uploads\/2024\/02\/check-lotery-green-card-usa-1024x953.jpg 1024w, https:\/\/us-gc.net\/wp-content\/uploads\/2024\/02\/check-lotery-green-card-usa-300x279.jpg 300w, https:\/\/us-gc.net\/wp-content\/uploads\/2024\/02\/check-lotery-green-card-usa-768x714.jpg 768w, https:\/\/us-gc.net\/wp-content\/uploads\/2024\/02\/check-lotery-green-card-usa.jpg 1119w\" sizes=\"(max-width: 1024px) 100vw, 1024px\" \/><\/figure>\n\n<p><\/p>\n","protected":false},"excerpt":{"rendered":"<p>A Green Card sorsol\u00e1s eredm\u00e9nyei Az amerikai z\u00f6ldk\u00e1rtya-sorsol\u00e1s eredm\u00e9nyeit minden \u00e9vben k\u00f6zz\u00e9teszik a soksz\u00edn\u0171s\u00e9gi v\u00edzumprogram r\u00e9szek\u00e9nt. A z\u00f6ldk\u00e1rtya-sorsol\u00e1st k\u00e9relmez\u0151k online kaphatj\u00e1k meg szem\u00e9lyes eredm\u00e9nyeiket. Mikor lesz a z\u00f6ldk\u00e1rtya sorsol\u00e1s? A sorsol\u00e1sra minden \u00e9v november\u00e9ben ker\u00fcl sor. A regisztr\u00e1ci\u00f3 pontos nyit\u00f3- \u00e9s z\u00e1r\u00f3 id\u0151pontj\u00e1t minden \u00e9v el\u0151tt n\u00e9h\u00e1ny h\u00f3nappal teszik k\u00f6zz\u00e9. Mikor teszik k\u00f6zz\u00e9 az eredm\u00e9nyeket? [&hellip;]<\/p>\n","protected":false},"author":1,"featured_media":0,"parent":0,"menu_order":0,"comment_status":"closed","ping_status":"closed","template":"","meta":{"footnotes":""},"class_list":["post-4727","page","type-page","status-publish","hentry"],"yoast_head":"<!-- This site is optimized with the Yoast SEO plugin v27.4 - https:\/\/yoast.com\/product\/yoast-seo-wordpress\/ -->\n<title>Z\u00f6ld k\u00e1rtya sorsol\u00e1s eredm\u00e9nyei - USA GC<\/title>\n<meta name=\"description\" content=\"N\u00e9zze meg az amerikai z\u00f6ldk\u00e1rtya lott\u00f3 eredm\u00e9nyeit online a meger\u0151s\u00edt\u0151 sz\u00e1mmal\" \/>\n<meta name=\"robots\" content=\"index, follow, max-snippet:-1, max-image-preview:large, max-video-preview:-1\" \/>\n<link rel=\"canonical\" href=\"https:\/\/us-gc.net\/hu\/lotto-eredmenyek-green-card\/\" \/>\n<meta property=\"og:locale\" content=\"hu_HU\" \/>\n<meta property=\"og:type\" content=\"article\" \/>\n<meta property=\"og:title\" content=\"Z\u00f6ld k\u00e1rtya sorsol\u00e1s eredm\u00e9nyei - USA GC\" \/>\n<meta property=\"og:description\" content=\"N\u00e9zze meg az amerikai z\u00f6ldk\u00e1rtya lott\u00f3 eredm\u00e9nyeit online a meger\u0151s\u00edt\u0151 sz\u00e1mmal\" \/>\n<meta property=\"og:url\" content=\"https:\/\/us-gc.net\/hu\/lotto-eredmenyek-green-card\/\" \/>\n<meta property=\"og:site_name\" content=\"USA GC\" \/>\n<meta property=\"article:modified_time\" content=\"2024-12-30T09:47:01+00:00\" \/>\n<meta property=\"og:image\" content=\"https:\/\/us-gc.net\/wp-content\/uploads\/2024\/02\/check-lotery-green-card-usa-1024x953.jpg\" \/>\n<meta name=\"twitter:card\" content=\"summary_large_image\" \/>\n<meta name=\"twitter:label1\" content=\"Becs\u00fclt olvas\u00e1si id\u0151\" \/>\n\t<meta name=\"twitter:data1\" content=\"2 perc\" \/>\n<script type=\"application\/ld+json\" class=\"yoast-schema-graph\">{\"@context\":\"https:\\\/\\\/schema.org\",\"@graph\":[{\"@type\":\"WebPage\",\"@id\":\"https:\\\/\\\/us-gc.net\\\/hu\\\/lotto-eredmenyek-green-card\\\/\",\"url\":\"https:\\\/\\\/us-gc.net\\\/hu\\\/lotto-eredmenyek-green-card\\\/\",\"name\":\"Z\u00f6ld k\u00e1rtya sorsol\u00e1s eredm\u00e9nyei - USA GC\",\"isPartOf\":{\"@id\":\"https:\\\/\\\/us-gc.net\\\/hu\\\/#website\"},\"primaryImageOfPage\":{\"@id\":\"https:\\\/\\\/us-gc.net\\\/hu\\\/lotto-eredmenyek-green-card\\\/#primaryimage\"},\"image\":{\"@id\":\"https:\\\/\\\/us-gc.net\\\/hu\\\/lotto-eredmenyek-green-card\\\/#primaryimage\"},\"thumbnailUrl\":\"https:\\\/\\\/us-gc.net\\\/wp-content\\\/uploads\\\/2024\\\/02\\\/check-lotery-green-card-usa-1024x953.jpg\",\"datePublished\":\"2024-02-02T15:07:30+00:00\",\"dateModified\":\"2024-12-30T09:47:01+00:00\",\"description\":\"N\u00e9zze meg az amerikai z\u00f6ldk\u00e1rtya lott\u00f3 eredm\u00e9nyeit online a meger\u0151s\u00edt\u0151 sz\u00e1mmal\",\"breadcrumb\":{\"@id\":\"https:\\\/\\\/us-gc.net\\\/hu\\\/lotto-eredmenyek-green-card\\\/#breadcrumb\"},\"inLanguage\":\"hu\",\"potentialAction\":[{\"@type\":\"ReadAction\",\"target\":[\"https:\\\/\\\/us-gc.net\\\/hu\\\/lotto-eredmenyek-green-card\\\/\"]}]},{\"@type\":\"ImageObject\",\"inLanguage\":\"hu\",\"@id\":\"https:\\\/\\\/us-gc.net\\\/hu\\\/lotto-eredmenyek-green-card\\\/#primaryimage\",\"url\":\"https:\\\/\\\/us-gc.net\\\/wp-content\\\/uploads\\\/2024\\\/02\\\/check-lotery-green-card-usa-1024x953.jpg\",\"contentUrl\":\"https:\\\/\\\/us-gc.net\\\/wp-content\\\/uploads\\\/2024\\\/02\\\/check-lotery-green-card-usa-1024x953.jpg\"},{\"@type\":\"BreadcrumbList\",\"@id\":\"https:\\\/\\\/us-gc.net\\\/hu\\\/lotto-eredmenyek-green-card\\\/#breadcrumb\",\"itemListElement\":[{\"@type\":\"ListItem\",\"position\":1,\"name\":\"Accueil\",\"item\":\"https:\\\/\\\/us-gc.net\\\/hu\\\/green-card\\\/\"},{\"@type\":\"ListItem\",\"position\":2,\"name\":\"Z\u00f6ld k\u00e1rtya sorsol\u00e1s eredm\u00e9nyei\"}]},{\"@type\":\"WebSite\",\"@id\":\"https:\\\/\\\/us-gc.net\\\/hu\\\/#website\",\"url\":\"https:\\\/\\\/us-gc.net\\\/hu\\\/\",\"name\":\"USA GC\",\"description\":\"\",\"potentialAction\":[{\"@type\":\"SearchAction\",\"target\":{\"@type\":\"EntryPoint\",\"urlTemplate\":\"https:\\\/\\\/us-gc.net\\\/hu\\\/?s={search_term_string}\"},\"query-input\":{\"@type\":\"PropertyValueSpecification\",\"valueRequired\":true,\"valueName\":\"search_term_string\"}}],\"inLanguage\":\"hu\"}]}<\/script>\n<!-- \/ Yoast SEO plugin. -->","yoast_head_json":{"title":"Z\u00f6ld k\u00e1rtya sorsol\u00e1s eredm\u00e9nyei - USA GC","description":"N\u00e9zze meg az amerikai z\u00f6ldk\u00e1rtya lott\u00f3 eredm\u00e9nyeit online a meger\u0151s\u00edt\u0151 sz\u00e1mmal","robots":{"index":"index","follow":"follow","max-snippet":"max-snippet:-1","max-image-preview":"max-image-preview:large","max-video-preview":"max-video-preview:-1"},"canonical":"https:\/\/us-gc.net\/hu\/lotto-eredmenyek-green-card\/","og_locale":"hu_HU","og_type":"article","og_title":"Z\u00f6ld k\u00e1rtya sorsol\u00e1s eredm\u00e9nyei - USA GC","og_description":"N\u00e9zze meg az amerikai z\u00f6ldk\u00e1rtya lott\u00f3 eredm\u00e9nyeit online a meger\u0151s\u00edt\u0151 sz\u00e1mmal","og_url":"https:\/\/us-gc.net\/hu\/lotto-eredmenyek-green-card\/","og_site_name":"USA GC","article_modified_time":"2024-12-30T09:47:01+00:00","og_image":[{"url":"https:\/\/us-gc.net\/wp-content\/uploads\/2024\/02\/check-lotery-green-card-usa-1024x953.jpg","type":"","width":"","height":""}],"twitter_card":"summary_large_image","twitter_misc":{"Becs\u00fclt olvas\u00e1si id\u0151":"2 perc"},"schema":{"@context":"https:\/\/schema.org","@graph":[{"@type":"WebPage","@id":"https:\/\/us-gc.net\/hu\/lotto-eredmenyek-green-card\/","url":"https:\/\/us-gc.net\/hu\/lotto-eredmenyek-green-card\/","name":"Z\u00f6ld k\u00e1rtya sorsol\u00e1s eredm\u00e9nyei - USA GC","isPartOf":{"@id":"https:\/\/us-gc.net\/hu\/#website"},"primaryImageOfPage":{"@id":"https:\/\/us-gc.net\/hu\/lotto-eredmenyek-green-card\/#primaryimage"},"image":{"@id":"https:\/\/us-gc.net\/hu\/lotto-eredmenyek-green-card\/#primaryimage"},"thumbnailUrl":"https:\/\/us-gc.net\/wp-content\/uploads\/2024\/02\/check-lotery-green-card-usa-1024x953.jpg","datePublished":"2024-02-02T15:07:30+00:00","dateModified":"2024-12-30T09:47:01+00:00","description":"N\u00e9zze meg az amerikai z\u00f6ldk\u00e1rtya lott\u00f3 eredm\u00e9nyeit online a meger\u0151s\u00edt\u0151 sz\u00e1mmal","breadcrumb":{"@id":"https:\/\/us-gc.net\/hu\/lotto-eredmenyek-green-card\/#breadcrumb"},"inLanguage":"hu","potentialAction":[{"@type":"ReadAction","target":["https:\/\/us-gc.net\/hu\/lotto-eredmenyek-green-card\/"]}]},{"@type":"ImageObject","inLanguage":"hu","@id":"https:\/\/us-gc.net\/hu\/lotto-eredmenyek-green-card\/#primaryimage","url":"https:\/\/us-gc.net\/wp-content\/uploads\/2024\/02\/check-lotery-green-card-usa-1024x953.jpg","contentUrl":"https:\/\/us-gc.net\/wp-content\/uploads\/2024\/02\/check-lotery-green-card-usa-1024x953.jpg"},{"@type":"BreadcrumbList","@id":"https:\/\/us-gc.net\/hu\/lotto-eredmenyek-green-card\/#breadcrumb","itemListElement":[{"@type":"ListItem","position":1,"name":"Accueil","item":"https:\/\/us-gc.net\/hu\/green-card\/"},{"@type":"ListItem","position":2,"name":"Z\u00f6ld k\u00e1rtya sorsol\u00e1s eredm\u00e9nyei"}]},{"@type":"WebSite","@id":"https:\/\/us-gc.net\/hu\/#website","url":"https:\/\/us-gc.net\/hu\/","name":"USA GC","description":"","potentialAction":[{"@type":"SearchAction","target":{"@type":"EntryPoint","urlTemplate":"https:\/\/us-gc.net\/hu\/?s={search_term_string}"},"query-input":{"@type":"PropertyValueSpecification","valueRequired":true,"valueName":"search_term_string"}}],"inLanguage":"hu"}]}},"_links":{"self":[{"href":"https:\/\/us-gc.net\/hu\/wp-json\/wp\/v2\/pages\/4727","targetHints":{"allow":["GET"]}}],"collection":[{"href":"https:\/\/us-gc.net\/hu\/wp-json\/wp\/v2\/pages"}],"about":[{"href":"https:\/\/us-gc.net\/hu\/wp-json\/wp\/v2\/types\/page"}],"author":[{"embeddable":true,"href":"https:\/\/us-gc.net\/hu\/wp-json\/wp\/v2\/users\/1"}],"replies":[{"embeddable":true,"href":"https:\/\/us-gc.net\/hu\/wp-json\/wp\/v2\/comments?post=4727"}],"version-history":[{"count":1,"href":"https:\/\/us-gc.net\/hu\/wp-json\/wp\/v2\/pages\/4727\/revisions"}],"predecessor-version":[{"id":8097,"href":"https:\/\/us-gc.net\/hu\/wp-json\/wp\/v2\/pages\/4727\/revisions\/8097"}],"wp:attachment":[{"href":"https:\/\/us-gc.net\/hu\/wp-json\/wp\/v2\/media?parent=4727"}],"curies":[{"name":"wp","href":"https:\/\/api.w.org\/{rel}","templated":true}]}}