{"id":4725,"date":"2024-02-08T15:57:06","date_gmt":"2024-02-08T15:57:06","guid":{"rendered":"https:\/\/green-card-usa.net\/green-card-dij\/"},"modified":"2025-03-31T11:22:36","modified_gmt":"2025-03-31T11:22:36","slug":"green-card-dij","status":"publish","type":"page","link":"https:\/\/us-gc.net\/hu\/green-card-dij\/","title":{"rendered":"Mennyibe ker\u00fcl a Green Card?"},"content":{"rendered":"\n<h1 class=\"wp-block-heading\" id=\"h-prix-a-payer-pour-obtenir-la-green-card\">A Green Card megszerz\u00e9s\u00e9nek k\u00f6lts\u00e9gei<\/h1>\n\n<p>A Green Card megszerz\u00e9s\u00e9nek k\u00f6lts\u00e9gei a z\u00f6ld k\u00e1rtya t\u00edpus\u00e1t\u00f3l \u00e9s a k\u00e9relmez\u0151 helyzet\u00e9t\u0151l f\u00fcggnek. A z\u00f6ldk\u00e1rtya megszerz\u00e9s\u00e9nek n\u00e9gy f\u0151 helyzet\u00e9ben d\u00edjakat kell fizetni.<\/p>\n\n<h2 class=\"wp-block-heading\" id=\"h-quels-sont-les-frais-d-une-green-card-obtenue-a-la-loterie\">Mennyibe ker\u00fcl a sorsol\u00e1s \u00fatj\u00e1n megszerzett z\u00f6ld k\u00e1rtya?<\/h2>\n\n<p>A <a href=\"https:\/\/us-gc.net\/hu\/lotto-green-card\/\">Green Card-sorsol\u00e1son<\/a> t\u00f6bb mint 50 000 k\u00fclf\u00f6ldi \u00e1llampolg\u00e1r nyerheti el a <a href=\"https:\/\/us-gc.net\/hu\/\">Green Card<\/a> megszerz\u00e9s\u00e9nek jog\u00e1t. A sorsol\u00e1son val\u00f3 r\u00e9szv\u00e9tel ingyenes. A k\u00e9relmez\u0151knek azonban soksz\u00edn\u0171s\u00e9gi v\u00edzumd\u00edjat kell fizetni\u00fck az amerikai hat\u00f3s\u00e1goknak, hogy megkapj\u00e1k a sorsol\u00e1son nyert z\u00f6ldk\u00e1rty\u00e1t.<\/p>\n\n<p>Ezek a d\u00edjak nem visszat\u00e9r\u00edthet\u0151k, \u00e9s k\u00f6zvetlen\u00fcl az Egyes\u00fclt \u00c1llamok K\u00fcl\u00fcgyminiszt\u00e9rium\u00e1t illetik meg. A d\u00edj a miniszt\u00e9riumnak a DV-program igazgat\u00e1s\u00e1val kapcsolatban felmer\u00fcl\u0151 k\u00f6lts\u00e9geinek fedez\u00e9s\u00e9re szolg\u00e1l, \u00e9s nem kapcsol\u00f3dik a v\u00edzumk\u00e9relem r\u00e9szek\u00e9nt az USCIS-nek fizetend\u0151 d\u00edjakhoz.<\/p>\n\n<p>A <strong>Green Card-sorsol\u00e1son kereszt\u00fcl megszerzett soksz\u00edn\u0171s\u00e9gi v\u00edzum d\u00edja<\/strong> a sorsol\u00e1son sikeres p\u00e1ly\u00e1z\u00f3k\u00e9nt p\u00e1ly\u00e1z\u00f3 szem\u00e9lyenk\u00e9nt 330 USD. Ezeket a d\u00edjakat az <a href=\"https:\/\/www.uscis.gov\/\">USCIS<\/a> \u00e1ltal elfogadott k\u00e9relem feldolgoz\u00e1s\u00e1nak folytat\u00e1sa el\u0151tt be kell fizetni. Az \u00f6sszeg a z\u00f6ldk\u00e1rty\u00e1t k\u00e9relmez\u0151 eredeti st\u00e1tusz\u00e1t\u00f3l f\u00fcgg.<\/p>\n\n<p><strong>Ahhoz, hogy biztos\u00edtsa hely\u00e9t a k\u00f6vetkez\u0151 \u00e9ves sorsol\u00e1son<\/strong>, ki kell t\u00f6ltenie a <a href=\"https:\/\/us-gc.net\/hu\/green-card-lotto-urlap\/\">Green Card-sorsol\u00e1s regisztr\u00e1ci\u00f3s \u0171rlapj\u00e1t<\/a>.<\/p>\n\n<div style=\"height:10px\" aria-hidden=\"true\" class=\"wp-block-spacer\"><\/div>\n\n<h2 class=\"wp-block-heading\" id=\"h-quels-sont-les-frais-d-une-green-card-par-rapprochement-familial\">Mennyibe ker\u00fcl a csal\u00e1degyes\u00edt\u00e9si z\u00f6ld k\u00e1rtya?<\/h2>\n\n<p>Azoknak a k\u00fclf\u00f6ldi \u00e1llampolg\u00e1roknak, akik tart\u00f3san az Egyes\u00fclt \u00c1llamokban k\u00edv\u00e1nnak \u00e9lni, bev\u00e1ndorl\u00f3v\u00edzumra van sz\u00fcks\u00e9g\u00fck. Ezt a v\u00edzumot egy olyan k\u00f6zvetlen rokon szponzor\u00e1l\u00e1s\u00e1val lehet megszerezni, aki amerikai \u00e1llampolg\u00e1r vagy az Egyes\u00fclt \u00c1llamokban jogszer\u0171en \u00e1lland\u00f3 lakhellyel rendelkez\u0151 szem\u00e9ly.<\/p>\n\n<h3 class=\"wp-block-heading\" id=\"h-il-existe-deux-types-de-visas-d-immigrant-familiaux\">K\u00e9tf\u00e9le csal\u00e1di bev\u00e1ndorl\u00e1si v\u00edzum l\u00e9tezik<\/h3>\n\n<ul class=\"wp-block-list\">\n<li><strong>K\u00f6zeli hozz\u00e1tartoz\u00f3t\u00f3l<\/strong>: Ezek a v\u00edzumok az amerikai \u00e1llampolg\u00e1rral val\u00f3 k\u00f6zvetlen csal\u00e1di kapcsolaton alapulnak, mint p\u00e9ld\u00e1ul h\u00e1zast\u00e1rs, gyermek vagy sz\u00fcl\u0151. Az e kateg\u00f3ri\u00e1kba tartoz\u00f3 bev\u00e1ndorl\u00f3k sz\u00e1ma \u00e9vente nem korl\u00e1tozott.<\/li>\n\n\n\n<li><strong>Csal\u00e1di preferencia<\/strong>: Ezek a v\u00edzumok az amerikai \u00e1llampolg\u00e1rral val\u00f3 k\u00fcl\u00f6nleges, t\u00e1volabbi csal\u00e1di kapcsolatokra \u00e9s bizonyos meghat\u00e1rozott, \u00e1lland\u00f3 lakhellyel rendelkez\u0151 jogszer\u0171 szem\u00e9lyekkel val\u00f3 kapcsolatokra szolg\u00e1lnak. Ebben a v\u00edzumkateg\u00f3ri\u00e1ban a bev\u00e1ndorl\u00f3k sz\u00e1ma \u00e9vente korl\u00e1tozott.<\/li>\n<\/ul>\n\n<div style=\"height:10px\" aria-hidden=\"true\" class=\"wp-block-spacer\"><\/div>\n\n<p>Mindk\u00e9t v\u00edzumt\u00edpus eset\u00e9ben: <strong>a d\u00edj szem\u00e9lyenk\u00e9nt 325 USD<\/strong>. Ezek a d\u00edjak nem visszat\u00e9r\u00edthet\u0151k.<\/p>\n","protected":false},"excerpt":{"rendered":"<p>A Green Card megszerz\u00e9s\u00e9nek k\u00f6lts\u00e9gei A Green Card megszerz\u00e9s\u00e9nek k\u00f6lts\u00e9gei a z\u00f6ld k\u00e1rtya t\u00edpus\u00e1t\u00f3l \u00e9s a k\u00e9relmez\u0151 helyzet\u00e9t\u0151l f\u00fcggnek. A z\u00f6ldk\u00e1rtya megszerz\u00e9s\u00e9nek n\u00e9gy f\u0151 helyzet\u00e9ben d\u00edjakat kell fizetni. Mennyibe ker\u00fcl a sorsol\u00e1s \u00fatj\u00e1n megszerzett z\u00f6ld k\u00e1rtya? A Green Card-sorsol\u00e1son t\u00f6bb mint 50 000 k\u00fclf\u00f6ldi \u00e1llampolg\u00e1r nyerheti el a Green Card megszerz\u00e9s\u00e9nek jog\u00e1t. A sorsol\u00e1son val\u00f3 [&hellip;]<\/p>\n","protected":false},"author":1,"featured_media":0,"parent":0,"menu_order":0,"comment_status":"closed","ping_status":"closed","template":"","meta":{"footnotes":""},"class_list":["post-4725","page","type-page","status-publish","hentry"],"yoast_head":"<!-- This site is optimized with the Yoast SEO plugin v27.4 - https:\/\/yoast.com\/product\/yoast-seo-wordpress\/ -->\n<title>Mennyibe ker\u00fcl a Green Card? - USA GC<\/title>\n<meta name=\"description\" content=\"Mennyibe ker\u00fcl az amerikai z\u00f6ld k\u00e1rtya ig\u00e9nyl\u00e9se? Ez a k\u00e1rtyaszerz\u00e9s felt\u00e9teleit\u0151l f\u00fcgg.\" \/>\n<meta name=\"robots\" content=\"index, follow, max-snippet:-1, max-image-preview:large, max-video-preview:-1\" \/>\n<link rel=\"canonical\" href=\"https:\/\/us-gc.net\/hu\/green-card-dij\/\" \/>\n<meta property=\"og:locale\" content=\"hu_HU\" \/>\n<meta property=\"og:type\" content=\"article\" \/>\n<meta property=\"og:title\" content=\"Mennyibe ker\u00fcl a Green Card? - USA GC\" \/>\n<meta property=\"og:description\" content=\"Mennyibe ker\u00fcl az amerikai z\u00f6ld k\u00e1rtya ig\u00e9nyl\u00e9se? Ez a k\u00e1rtyaszerz\u00e9s felt\u00e9teleit\u0151l f\u00fcgg.\" \/>\n<meta property=\"og:url\" content=\"https:\/\/us-gc.net\/hu\/green-card-dij\/\" \/>\n<meta property=\"og:site_name\" content=\"USA GC\" \/>\n<meta property=\"article:modified_time\" content=\"2025-03-31T11:22:36+00:00\" \/>\n<meta name=\"twitter:card\" content=\"summary_large_image\" \/>\n<meta name=\"twitter:label1\" content=\"Becs\u00fclt olvas\u00e1si id\u0151\" \/>\n\t<meta name=\"twitter:data1\" content=\"2 perc\" \/>\n<script type=\"application\/ld+json\" class=\"yoast-schema-graph\">{\"@context\":\"https:\\\/\\\/schema.org\",\"@graph\":[{\"@type\":\"WebPage\",\"@id\":\"https:\\\/\\\/us-gc.net\\\/hu\\\/green-card-dij\\\/\",\"url\":\"https:\\\/\\\/us-gc.net\\\/hu\\\/green-card-dij\\\/\",\"name\":\"Mennyibe ker\u00fcl a Green Card? - USA GC\",\"isPartOf\":{\"@id\":\"https:\\\/\\\/us-gc.net\\\/hu\\\/#website\"},\"datePublished\":\"2024-02-08T15:57:06+00:00\",\"dateModified\":\"2025-03-31T11:22:36+00:00\",\"description\":\"Mennyibe ker\u00fcl az amerikai z\u00f6ld k\u00e1rtya ig\u00e9nyl\u00e9se? Ez a k\u00e1rtyaszerz\u00e9s felt\u00e9teleit\u0151l f\u00fcgg.\",\"breadcrumb\":{\"@id\":\"https:\\\/\\\/us-gc.net\\\/hu\\\/green-card-dij\\\/#breadcrumb\"},\"inLanguage\":\"hu\",\"potentialAction\":[{\"@type\":\"ReadAction\",\"target\":[\"https:\\\/\\\/us-gc.net\\\/hu\\\/green-card-dij\\\/\"]}]},{\"@type\":\"BreadcrumbList\",\"@id\":\"https:\\\/\\\/us-gc.net\\\/hu\\\/green-card-dij\\\/#breadcrumb\",\"itemListElement\":[{\"@type\":\"ListItem\",\"position\":1,\"name\":\"Accueil\",\"item\":\"https:\\\/\\\/us-gc.net\\\/hu\\\/green-card\\\/\"},{\"@type\":\"ListItem\",\"position\":2,\"name\":\"Mennyibe ker\u00fcl a Green Card?\"}]},{\"@type\":\"WebSite\",\"@id\":\"https:\\\/\\\/us-gc.net\\\/hu\\\/#website\",\"url\":\"https:\\\/\\\/us-gc.net\\\/hu\\\/\",\"name\":\"USA GC\",\"description\":\"\",\"potentialAction\":[{\"@type\":\"SearchAction\",\"target\":{\"@type\":\"EntryPoint\",\"urlTemplate\":\"https:\\\/\\\/us-gc.net\\\/hu\\\/?s={search_term_string}\"},\"query-input\":{\"@type\":\"PropertyValueSpecification\",\"valueRequired\":true,\"valueName\":\"search_term_string\"}}],\"inLanguage\":\"hu\"}]}<\/script>\n<!-- \/ Yoast SEO plugin. -->","yoast_head_json":{"title":"Mennyibe ker\u00fcl a Green Card? - USA GC","description":"Mennyibe ker\u00fcl az amerikai z\u00f6ld k\u00e1rtya ig\u00e9nyl\u00e9se? Ez a k\u00e1rtyaszerz\u00e9s felt\u00e9teleit\u0151l f\u00fcgg.","robots":{"index":"index","follow":"follow","max-snippet":"max-snippet:-1","max-image-preview":"max-image-preview:large","max-video-preview":"max-video-preview:-1"},"canonical":"https:\/\/us-gc.net\/hu\/green-card-dij\/","og_locale":"hu_HU","og_type":"article","og_title":"Mennyibe ker\u00fcl a Green Card? - USA GC","og_description":"Mennyibe ker\u00fcl az amerikai z\u00f6ld k\u00e1rtya ig\u00e9nyl\u00e9se? Ez a k\u00e1rtyaszerz\u00e9s felt\u00e9teleit\u0151l f\u00fcgg.","og_url":"https:\/\/us-gc.net\/hu\/green-card-dij\/","og_site_name":"USA GC","article_modified_time":"2025-03-31T11:22:36+00:00","twitter_card":"summary_large_image","twitter_misc":{"Becs\u00fclt olvas\u00e1si id\u0151":"2 perc"},"schema":{"@context":"https:\/\/schema.org","@graph":[{"@type":"WebPage","@id":"https:\/\/us-gc.net\/hu\/green-card-dij\/","url":"https:\/\/us-gc.net\/hu\/green-card-dij\/","name":"Mennyibe ker\u00fcl a Green Card? - USA GC","isPartOf":{"@id":"https:\/\/us-gc.net\/hu\/#website"},"datePublished":"2024-02-08T15:57:06+00:00","dateModified":"2025-03-31T11:22:36+00:00","description":"Mennyibe ker\u00fcl az amerikai z\u00f6ld k\u00e1rtya ig\u00e9nyl\u00e9se? Ez a k\u00e1rtyaszerz\u00e9s felt\u00e9teleit\u0151l f\u00fcgg.","breadcrumb":{"@id":"https:\/\/us-gc.net\/hu\/green-card-dij\/#breadcrumb"},"inLanguage":"hu","potentialAction":[{"@type":"ReadAction","target":["https:\/\/us-gc.net\/hu\/green-card-dij\/"]}]},{"@type":"BreadcrumbList","@id":"https:\/\/us-gc.net\/hu\/green-card-dij\/#breadcrumb","itemListElement":[{"@type":"ListItem","position":1,"name":"Accueil","item":"https:\/\/us-gc.net\/hu\/green-card\/"},{"@type":"ListItem","position":2,"name":"Mennyibe ker\u00fcl a Green Card?"}]},{"@type":"WebSite","@id":"https:\/\/us-gc.net\/hu\/#website","url":"https:\/\/us-gc.net\/hu\/","name":"USA GC","description":"","potentialAction":[{"@type":"SearchAction","target":{"@type":"EntryPoint","urlTemplate":"https:\/\/us-gc.net\/hu\/?s={search_term_string}"},"query-input":{"@type":"PropertyValueSpecification","valueRequired":true,"valueName":"search_term_string"}}],"inLanguage":"hu"}]}},"_links":{"self":[{"href":"https:\/\/us-gc.net\/hu\/wp-json\/wp\/v2\/pages\/4725","targetHints":{"allow":["GET"]}}],"collection":[{"href":"https:\/\/us-gc.net\/hu\/wp-json\/wp\/v2\/pages"}],"about":[{"href":"https:\/\/us-gc.net\/hu\/wp-json\/wp\/v2\/types\/page"}],"author":[{"embeddable":true,"href":"https:\/\/us-gc.net\/hu\/wp-json\/wp\/v2\/users\/1"}],"replies":[{"embeddable":true,"href":"https:\/\/us-gc.net\/hu\/wp-json\/wp\/v2\/comments?post=4725"}],"version-history":[{"count":3,"href":"https:\/\/us-gc.net\/hu\/wp-json\/wp\/v2\/pages\/4725\/revisions"}],"predecessor-version":[{"id":10142,"href":"https:\/\/us-gc.net\/hu\/wp-json\/wp\/v2\/pages\/4725\/revisions\/10142"}],"wp:attachment":[{"href":"https:\/\/us-gc.net\/hu\/wp-json\/wp\/v2\/media?parent=4725"}],"curies":[{"name":"wp","href":"https:\/\/api.w.org\/{rel}","templated":true}]}}