{"id":4723,"date":"2024-02-10T08:30:09","date_gmt":"2024-02-10T08:30:09","guid":{"rendered":"https:\/\/green-card-usa.net\/nem-resztvevo-orszag-lotto-green-card\/"},"modified":"2024-12-30T09:46:25","modified_gmt":"2024-12-30T09:46:25","slug":"nem-resztvevo-orszag-lotto-green-card","status":"publish","type":"page","link":"https:\/\/us-gc.net\/hu\/nem-resztvevo-orszag-lotto-green-card\/","title":{"rendered":"A z\u00f6ldk\u00e1rtya sorsol\u00e1sra nem jogosult orsz\u00e1gok"},"content":{"rendered":"\n<h1 class=\"wp-block-heading\" id=\"h-liste-des-pays-non-participants-a-la-loterie-de-la-green-card\">A z\u00f6ldk\u00e1rtya-sorsol\u00e1son r\u00e9szt nem vev\u0151 orsz\u00e1gok list\u00e1ja<\/h1>\n\n<p>Az Egyes\u00fclt \u00c1llamok vegyes bev\u00e1ndorl\u00f3 n\u00e9pess\u00e9get akar fenntartani. A soksz\u00edn\u0171s\u00e9gi v\u00edzumprogram minden \u00e9vben \u00f6ssze\u00e1ll\u00edtja azon orsz\u00e1gok list\u00e1j\u00e1t, amelyek \u00e1llampolg\u00e1rai nem vehetnek r\u00e9szt a z\u00f6ldk\u00e1rtya-sorsol\u00e1son. Ezek a nem r\u00e9szt vev\u0151 orsz\u00e1gok azok, amelyeknek az el\u0151z\u0151 \u00f6t \u00e9vben t\u00f6bb mint 50 000 \u00e1llampolg\u00e1ra v\u00e1ndorolt be az Egyes\u00fclt \u00c1llamokba, \u00e9s nem jogosultak r\u00e9szt venni az idei sorsol\u00e1son.<\/p>\n\n<h2 class=\"wp-block-heading\" id=\"h-pays-exclus-de-la-loterie-green-card-dv-2024\">A z\u00f6ldk\u00e1rtya DV-2024 lott\u00f3b\u00f3l kiz\u00e1rt orsz\u00e1gok<\/h2>\n\n<p>Az \u00e9ves <a href=\"https:\/\/us-gc.net\/hu\/green-card-lotto-2024\/\">DV-2024 z\u00f6ldk\u00e1rtya<\/a> sorsol\u00e1son a k\u00f6vetkez\u0151 orsz\u00e1gok \u00e9s r\u00e9gi\u00f3k sz\u00fcl\u00f6ttei nem voltak jogosultak, mivel az el\u0151z\u0151 \u00f6t \u00e9vben t\u00f6bb mint 50 000-en v\u00e1ndoroltak be az Egyes\u00fclt \u00c1llamokba: Banglades, Braz\u00edlia, Kanada, K\u00edna (bele\u00e9rtve Hongkongot is), Kolumbia, Dominikai K\u00f6zt\u00e1rsas\u00e1g, El Salvador, Haiti, Honduras, India, Jamaica, Mexik\u00f3, Nig\u00e9ria, Pakiszt\u00e1n, F\u00fcl\u00f6p-szigetek, Kolumbia, Koreai K\u00f6zt\u00e1rsas\u00e1g, Egyes\u00fclt Kir\u00e1lys\u00e1g (\u00c9szak-\u00cdrorsz\u00e1g kiv\u00e9tel\u00e9vel) \u00e9s annak f\u00fcgg\u0151 ter\u00fcletei, Venezuela \u00e9s Vietnam.<\/p>\n\n<p><strong>K\u00ednai kiv\u00e9tel<\/strong>: a Maka\u00f3n \u00e9s Tajvanon sz\u00fcletett szem\u00e9lyek jogosultak voltak.<\/p>\n\n<h2 class=\"wp-block-heading\" id=\"h-pays-exclus-de-la-loterie-green-card-dv-2025\">A Z\u00f6ldk\u00e1rtya DV-2025 sorsol\u00e1sb\u00f3l kiz\u00e1rt orsz\u00e1gok<\/h2>\n\n<p>A k\u00f6vetkez\u0151 orsz\u00e1gok \u00e1llampolg\u00e1rai nem vehetnek r\u00e9szt az \u00e9ves <a href=\"https:\/\/us-gc.net\/hu\/lotto-green-card-2025\/\">DV-2025 Green Card<\/a> sorsol\u00e1son: Banglades, Braz\u00edlia, Kanada, K\u00edna (bele\u00e9rtve Hongkongot is), Kolumbia, Dominikai K\u00f6zt\u00e1rsas\u00e1g, El Salvador, Haiti, Honduras, India, Jamaica, Kanada, Mexik\u00f3, Nig\u00e9ria, Pakiszt\u00e1n, F\u00fcl\u00f6p-szigetek, Koreai K\u00f6zt\u00e1rsas\u00e1g, Venezuela \u00e9s Vietnam.<\/p>\n\n<p><strong>K\u00ednai kiv\u00e9tel<\/strong>: a Maka\u00f3n \u00e9s Tajvanon sz\u00fcletett szem\u00e9lyek jogosultak voltak.<\/p>\n\n<p>A DV-2024 \u00e9s a DV-2025 programok k\u00f6z\u00f6tt csak egy ter\u00fclet ker\u00fclt le a kiz\u00e1rt orsz\u00e1gok list\u00e1j\u00e1r\u00f3l: <strong>az Egyes\u00fclt Kir\u00e1lys\u00e1g<\/strong>. \u00cdgy a brit \u00e1llampolg\u00e1rok ism\u00e9t p\u00e1ly\u00e1zhattak a <a href=\"https:\/\/us-gc.net\/hu\/amerikai-lotto-zold-kartya\/\">z\u00f6ldk\u00e1rtya-sorsol\u00e1son<\/a> a DV-2025 sorsol\u00e1s keret\u00e9ben.<\/p>\n","protected":false},"excerpt":{"rendered":"<p>A z\u00f6ldk\u00e1rtya-sorsol\u00e1son r\u00e9szt nem vev\u0151 orsz\u00e1gok list\u00e1ja Az Egyes\u00fclt \u00c1llamok vegyes bev\u00e1ndorl\u00f3 n\u00e9pess\u00e9get akar fenntartani. A soksz\u00edn\u0171s\u00e9gi v\u00edzumprogram minden \u00e9vben \u00f6ssze\u00e1ll\u00edtja azon orsz\u00e1gok list\u00e1j\u00e1t, amelyek \u00e1llampolg\u00e1rai nem vehetnek r\u00e9szt a z\u00f6ldk\u00e1rtya-sorsol\u00e1son. Ezek a nem r\u00e9szt vev\u0151 orsz\u00e1gok azok, amelyeknek az el\u0151z\u0151 \u00f6t \u00e9vben t\u00f6bb mint 50 000 \u00e1llampolg\u00e1ra v\u00e1ndorolt be az Egyes\u00fclt \u00c1llamokba, \u00e9s nem [&hellip;]<\/p>\n","protected":false},"author":1,"featured_media":0,"parent":0,"menu_order":0,"comment_status":"closed","ping_status":"closed","template":"","meta":{"footnotes":""},"class_list":["post-4723","page","type-page","status-publish","hentry"],"yoast_head":"<!-- This site is optimized with the Yoast SEO plugin v27.4 - https:\/\/yoast.com\/product\/yoast-seo-wordpress\/ -->\n<title>A z\u00f6ldk\u00e1rtya sorsol\u00e1sra nem jogosult orsz\u00e1gok - USA GC<\/title>\n<meta name=\"robots\" content=\"index, follow, max-snippet:-1, max-image-preview:large, max-video-preview:-1\" \/>\n<link rel=\"canonical\" href=\"https:\/\/us-gc.net\/hu\/nem-resztvevo-orszag-lotto-green-card\/\" \/>\n<meta property=\"og:locale\" content=\"hu_HU\" \/>\n<meta property=\"og:type\" content=\"article\" \/>\n<meta property=\"og:title\" content=\"A z\u00f6ldk\u00e1rtya sorsol\u00e1sra nem jogosult orsz\u00e1gok - USA GC\" \/>\n<meta property=\"og:description\" content=\"A z\u00f6ldk\u00e1rtya-sorsol\u00e1son r\u00e9szt nem vev\u0151 orsz\u00e1gok list\u00e1ja Az Egyes\u00fclt \u00c1llamok vegyes bev\u00e1ndorl\u00f3 n\u00e9pess\u00e9get akar fenntartani. A soksz\u00edn\u0171s\u00e9gi v\u00edzumprogram minden \u00e9vben \u00f6ssze\u00e1ll\u00edtja azon orsz\u00e1gok list\u00e1j\u00e1t, amelyek \u00e1llampolg\u00e1rai nem vehetnek r\u00e9szt a z\u00f6ldk\u00e1rtya-sorsol\u00e1son. Ezek a nem r\u00e9szt vev\u0151 orsz\u00e1gok azok, amelyeknek az el\u0151z\u0151 \u00f6t \u00e9vben t\u00f6bb mint 50 000 \u00e1llampolg\u00e1ra v\u00e1ndorolt be az Egyes\u00fclt \u00c1llamokba, \u00e9s nem [&hellip;]\" \/>\n<meta property=\"og:url\" content=\"https:\/\/us-gc.net\/hu\/nem-resztvevo-orszag-lotto-green-card\/\" \/>\n<meta property=\"og:site_name\" content=\"USA GC\" \/>\n<meta property=\"article:modified_time\" content=\"2024-12-30T09:46:25+00:00\" \/>\n<meta name=\"twitter:card\" content=\"summary_large_image\" \/>\n<meta name=\"twitter:label1\" content=\"Becs\u00fclt olvas\u00e1si id\u0151\" \/>\n\t<meta name=\"twitter:data1\" content=\"2 perc\" \/>\n<script type=\"application\/ld+json\" class=\"yoast-schema-graph\">{\"@context\":\"https:\\\/\\\/schema.org\",\"@graph\":[{\"@type\":\"WebPage\",\"@id\":\"https:\\\/\\\/us-gc.net\\\/hu\\\/nem-resztvevo-orszag-lotto-green-card\\\/\",\"url\":\"https:\\\/\\\/us-gc.net\\\/hu\\\/nem-resztvevo-orszag-lotto-green-card\\\/\",\"name\":\"A z\u00f6ldk\u00e1rtya sorsol\u00e1sra nem jogosult orsz\u00e1gok - USA GC\",\"isPartOf\":{\"@id\":\"https:\\\/\\\/us-gc.net\\\/hu\\\/#website\"},\"datePublished\":\"2024-02-10T08:30:09+00:00\",\"dateModified\":\"2024-12-30T09:46:25+00:00\",\"breadcrumb\":{\"@id\":\"https:\\\/\\\/us-gc.net\\\/hu\\\/nem-resztvevo-orszag-lotto-green-card\\\/#breadcrumb\"},\"inLanguage\":\"hu\",\"potentialAction\":[{\"@type\":\"ReadAction\",\"target\":[\"https:\\\/\\\/us-gc.net\\\/hu\\\/nem-resztvevo-orszag-lotto-green-card\\\/\"]}]},{\"@type\":\"BreadcrumbList\",\"@id\":\"https:\\\/\\\/us-gc.net\\\/hu\\\/nem-resztvevo-orszag-lotto-green-card\\\/#breadcrumb\",\"itemListElement\":[{\"@type\":\"ListItem\",\"position\":1,\"name\":\"Accueil\",\"item\":\"https:\\\/\\\/us-gc.net\\\/hu\\\/green-card\\\/\"},{\"@type\":\"ListItem\",\"position\":2,\"name\":\"A z\u00f6ldk\u00e1rtya sorsol\u00e1sra nem jogosult orsz\u00e1gok\"}]},{\"@type\":\"WebSite\",\"@id\":\"https:\\\/\\\/us-gc.net\\\/hu\\\/#website\",\"url\":\"https:\\\/\\\/us-gc.net\\\/hu\\\/\",\"name\":\"USA GC\",\"description\":\"\",\"potentialAction\":[{\"@type\":\"SearchAction\",\"target\":{\"@type\":\"EntryPoint\",\"urlTemplate\":\"https:\\\/\\\/us-gc.net\\\/hu\\\/?s={search_term_string}\"},\"query-input\":{\"@type\":\"PropertyValueSpecification\",\"valueRequired\":true,\"valueName\":\"search_term_string\"}}],\"inLanguage\":\"hu\"}]}<\/script>\n<!-- \/ Yoast SEO plugin. -->","yoast_head_json":{"title":"A z\u00f6ldk\u00e1rtya sorsol\u00e1sra nem jogosult orsz\u00e1gok - USA GC","robots":{"index":"index","follow":"follow","max-snippet":"max-snippet:-1","max-image-preview":"max-image-preview:large","max-video-preview":"max-video-preview:-1"},"canonical":"https:\/\/us-gc.net\/hu\/nem-resztvevo-orszag-lotto-green-card\/","og_locale":"hu_HU","og_type":"article","og_title":"A z\u00f6ldk\u00e1rtya sorsol\u00e1sra nem jogosult orsz\u00e1gok - USA GC","og_description":"A z\u00f6ldk\u00e1rtya-sorsol\u00e1son r\u00e9szt nem vev\u0151 orsz\u00e1gok list\u00e1ja Az Egyes\u00fclt \u00c1llamok vegyes bev\u00e1ndorl\u00f3 n\u00e9pess\u00e9get akar fenntartani. A soksz\u00edn\u0171s\u00e9gi v\u00edzumprogram minden \u00e9vben \u00f6ssze\u00e1ll\u00edtja azon orsz\u00e1gok list\u00e1j\u00e1t, amelyek \u00e1llampolg\u00e1rai nem vehetnek r\u00e9szt a z\u00f6ldk\u00e1rtya-sorsol\u00e1son. Ezek a nem r\u00e9szt vev\u0151 orsz\u00e1gok azok, amelyeknek az el\u0151z\u0151 \u00f6t \u00e9vben t\u00f6bb mint 50 000 \u00e1llampolg\u00e1ra v\u00e1ndorolt be az Egyes\u00fclt \u00c1llamokba, \u00e9s nem [&hellip;]","og_url":"https:\/\/us-gc.net\/hu\/nem-resztvevo-orszag-lotto-green-card\/","og_site_name":"USA GC","article_modified_time":"2024-12-30T09:46:25+00:00","twitter_card":"summary_large_image","twitter_misc":{"Becs\u00fclt olvas\u00e1si id\u0151":"2 perc"},"schema":{"@context":"https:\/\/schema.org","@graph":[{"@type":"WebPage","@id":"https:\/\/us-gc.net\/hu\/nem-resztvevo-orszag-lotto-green-card\/","url":"https:\/\/us-gc.net\/hu\/nem-resztvevo-orszag-lotto-green-card\/","name":"A z\u00f6ldk\u00e1rtya sorsol\u00e1sra nem jogosult orsz\u00e1gok - USA GC","isPartOf":{"@id":"https:\/\/us-gc.net\/hu\/#website"},"datePublished":"2024-02-10T08:30:09+00:00","dateModified":"2024-12-30T09:46:25+00:00","breadcrumb":{"@id":"https:\/\/us-gc.net\/hu\/nem-resztvevo-orszag-lotto-green-card\/#breadcrumb"},"inLanguage":"hu","potentialAction":[{"@type":"ReadAction","target":["https:\/\/us-gc.net\/hu\/nem-resztvevo-orszag-lotto-green-card\/"]}]},{"@type":"BreadcrumbList","@id":"https:\/\/us-gc.net\/hu\/nem-resztvevo-orszag-lotto-green-card\/#breadcrumb","itemListElement":[{"@type":"ListItem","position":1,"name":"Accueil","item":"https:\/\/us-gc.net\/hu\/green-card\/"},{"@type":"ListItem","position":2,"name":"A z\u00f6ldk\u00e1rtya sorsol\u00e1sra nem jogosult orsz\u00e1gok"}]},{"@type":"WebSite","@id":"https:\/\/us-gc.net\/hu\/#website","url":"https:\/\/us-gc.net\/hu\/","name":"USA GC","description":"","potentialAction":[{"@type":"SearchAction","target":{"@type":"EntryPoint","urlTemplate":"https:\/\/us-gc.net\/hu\/?s={search_term_string}"},"query-input":{"@type":"PropertyValueSpecification","valueRequired":true,"valueName":"search_term_string"}}],"inLanguage":"hu"}]}},"_links":{"self":[{"href":"https:\/\/us-gc.net\/hu\/wp-json\/wp\/v2\/pages\/4723","targetHints":{"allow":["GET"]}}],"collection":[{"href":"https:\/\/us-gc.net\/hu\/wp-json\/wp\/v2\/pages"}],"about":[{"href":"https:\/\/us-gc.net\/hu\/wp-json\/wp\/v2\/types\/page"}],"author":[{"embeddable":true,"href":"https:\/\/us-gc.net\/hu\/wp-json\/wp\/v2\/users\/1"}],"replies":[{"embeddable":true,"href":"https:\/\/us-gc.net\/hu\/wp-json\/wp\/v2\/comments?post=4723"}],"version-history":[{"count":1,"href":"https:\/\/us-gc.net\/hu\/wp-json\/wp\/v2\/pages\/4723\/revisions"}],"predecessor-version":[{"id":8032,"href":"https:\/\/us-gc.net\/hu\/wp-json\/wp\/v2\/pages\/4723\/revisions\/8032"}],"wp:attachment":[{"href":"https:\/\/us-gc.net\/hu\/wp-json\/wp\/v2\/media?parent=4723"}],"curies":[{"name":"wp","href":"https:\/\/api.w.org\/{rel}","templated":true}]}}