{"id":4721,"date":"2024-01-31T15:53:04","date_gmt":"2024-01-31T15:53:04","guid":{"rendered":"https:\/\/green-card-usa.net\/amerikai-lotto-zold-kartya\/"},"modified":"2024-12-30T09:46:11","modified_gmt":"2024-12-30T09:46:11","slug":"amerikai-lotto-zold-kartya","status":"publish","type":"page","link":"https:\/\/us-gc.net\/hu\/amerikai-lotto-zold-kartya\/","title":{"rendered":"R\u00e9szv\u00e9tel az amerikai z\u00f6ldk\u00e1rtya lott\u00f3n"},"content":{"rendered":"\n<h1 class=\"wp-block-heading\" id=\"h-la-carte-verte-permet-de-vivre-aux-etats-unis\">A z\u00f6ldk\u00e1rtya lehet\u0151v\u00e9 teszi, hogy az Egyes\u00fclt \u00c1llamokban \u00e9ljen<\/h1>\n\n<p>Minden \u00e9vben a vil\u00e1g minden t\u00e1j\u00e1r\u00f3l t\u00f6bb ezer \u00e1llampolg\u00e1r pr\u00f3b\u00e1l amerikai z\u00f6ldk\u00e1rty\u00e1t szerezni, hogy az Egyes\u00fclt \u00c1llamokban \u00e9lhessen.<\/p>\n\n<h2 class=\"wp-block-heading\" id=\"h-qu-est-ce-que-la-carte-verte\">Mi az a z\u00f6ld k\u00e1rtya?<\/h2>\n\n<p>A z\u00f6ld k\u00e1rtya egy olyan amerikai k\u00e1rtya, amely feljogos\u00edtja tulajdonos\u00e1t arra, hogy \u00e1lland\u00f3 lakhellyel rendelkezzen az Egyes\u00fclt \u00c1llamokban. Ez lehet\u0151v\u00e9 teszi a k\u00fclf\u00f6ldiek sz\u00e1m\u00e1ra, hogy leg\u00e1lisan dolgozzanak az Egyes\u00fclt \u00c1llamokban. Ezt a tart\u00f3zkod\u00e1si enged\u00e9lyt vil\u00e1gszerte amerikai z\u00f6ldk\u00e1rtyak\u00e9nt ismerik, mivel ez egy z\u00f6ld k\u00e1rtya.<\/p>\n\n<h2 class=\"wp-block-heading\" id=\"h-comment-obtenir-une-carte-verte\">Hogyan kaphatok z\u00f6ldk\u00e1rty\u00e1t?<\/h2>\n\n<p>Az Egyes\u00fclt \u00c1llamokban t\u00f6bbf\u00e9lek\u00e9ppen lehet z\u00f6ldk\u00e1rty\u00e1t szerezni. A k\u00fclf\u00f6ldi z\u00f6ldk\u00e1rtya-ig\u00e9nyl\u0151k a k\u00f6vetkez\u0151 okok miatt ny\u00fajthatnak be k\u00e9relmet:<\/p>\n\n<ul class=\"wp-block-list\">\n<li>Z\u00f6ldk\u00e1rtya amerikai z\u00f6ldk\u00e1rtya-tulajdonossal <a href=\"https:\/\/us-gc.net\/hu\/hazassag-utjan-szerzett-green-card\/\">k\u00f6t\u00f6tt h\u00e1zass\u00e1g r\u00e9v\u00e9n<\/a>;<\/li>\n\n\n\n<li><a href=\"https:\/\/us-gc.net\/hu\/green-card-munkaviszony-alapjan\/\">Z\u00f6ldk\u00e1rtya megszerz\u00e9se munkav\u00e1llal\u00e1s \u00fatj\u00e1n<\/a>;<\/li>\n\n\n\n<li>Z\u00f6ldk\u00e1rtya megszerz\u00e9se csal\u00e1di vagy v\u00e1llalati <a href=\"https:\/\/us-gc.net\/hu\/green-card-tamogatas\/\">szponzornak k\u00f6sz\u00f6nhet\u0151en<\/a>;<\/li>\n<\/ul>\n\n<div style=\"height:10px\" aria-hidden=\"true\" class=\"wp-block-spacer\"><\/div>\n\n<p>A z\u00f6ldk\u00e1rtya megszerz\u00e9s\u00e9nek m\u00e1s m\u00f3djai is vannak. Vil\u00e1gszerte a legkeresettebb megold\u00e1s a z\u00f6ldk\u00e1rtya megszerz\u00e9s\u00e9re az amerikai lott\u00f3. <strong>Ezen az \u00e9vente megrendez\u00e9sre ker\u00fcl\u0151 lott\u00f3n online regisztr\u00e1ci\u00f3val veh<\/strong> et r\u00e9szt, mind\u00f6ssze n\u00e9h\u00e1ny perc alatt, az <a href=\"https:\/\/us-gc.net\/hu\/green-card-lotto-urlap\/\">online \u0171rlapra<\/a> kattintva.<\/p>\n\n<div style=\"height:10px\" aria-hidden=\"true\" class=\"wp-block-spacer\"><\/div>\n\n<h2 class=\"wp-block-heading\" id=\"h-qu-est-ce-que-la-loterie-americaine-de-la-carte-verte\">Mi az amerikai z\u00f6ldk\u00e1rtya lott\u00f3?<\/h2>\n\n<p>Az Egyes\u00fclt \u00c1llamok a k\u00fclf\u00f6ldi bev\u00e1ndorl\u00e1s kezel\u00e9s\u00e9re hozta l\u00e9tre a soksz\u00edn\u0171s\u00e9gi v\u00edzumprogramot. Ez egy \u00e9vente megrendezett sorsol\u00e1s, amelyen \u00e9vente t\u00f6bb milli\u00f3 k\u00fclf\u00f6ldi vesz r\u00e9szt, hogy sorsol\u00e1s \u00fatj\u00e1n hozz\u00e1jusson az 50 000 z\u00f6ld k\u00e1rtya egyik\u00e9hez.<\/p>\n\n<h2 class=\"wp-block-heading\" id=\"h-quand-se-deroule-le-tirage-de-la-loterie-carte-verte\">Mikor ker\u00fcl sor a z\u00f6ldk\u00e1rtya sorsol\u00e1sra?<\/h2>\n\n<p>A z\u00f6ldk\u00e1rtya-sorsol\u00e1st \u00e9vente egyszer tartj\u00e1k. A rendezv\u00e9nyre az \u00e9v v\u00e9g\u00e9n, novemberben ker\u00fcl sor. A sorsol\u00e1sokat ez\u00e9rt az \u00e9vsz\u00e1muk szerint jel\u00f6lik: van a <a href=\"https:\/\/us-gc.net\/hu\/green-card-lotto-2024\/\">2024-es Z\u00f6ldk\u00e1rtya-sorsol\u00e1s<\/a>, a <a href=\"https:\/\/us-gc.net\/hu\/lotto-green-card-2025\/\">2025-\u00f6s Z\u00f6ldk\u00e1rtya-sorsol\u00e1s<\/a> \u00e9s a <a href=\"https:\/\/us-gc.net\/hu\/lotto-green-card-2026\/\">2026-os Z\u00f6ldk\u00e1rtya-sorsol\u00e1s<\/a>. A sorsol\u00e1son val\u00f3 r\u00e9szv\u00e9telhez a jelentkez\u0151knek a regisztr\u00e1ci\u00f3 lez\u00e1r\u00e1sa el\u0151tt kell regisztr\u00e1lniuk. A <a href=\"https:\/\/us-gc.net\/hu\/lotto-eredmenyek-green-card\/\">z\u00f6ldk\u00e1rtya-sorsol\u00e1s eredm\u00e9nyeit<\/a> ezut\u00e1n k\u00f6zvetlen\u00fcl az interneten teszik k\u00f6zz\u00e9.<\/p>\n\n<h2 class=\"wp-block-heading\" id=\"h-comment-s-inscrire-a-la-loterie\">Hogyan vehetek r\u00e9szt a sorsol\u00e1son?<\/h2>\n\n<p>A k\u00e9relmez\u0151knek el\u0151sz\u00f6r ellen\u0151rizni\u00fck kell, hogy jogosultak-e a sorsol\u00e1son val\u00f3 r\u00e9szv\u00e9telre. Az Egyes\u00fclt \u00c1llamok korm\u00e1nya minden \u00e9vben k\u00f6zz\u00e9teszi azoknak az orsz\u00e1goknak a list\u00e1j\u00e1t, amelyek <a href=\"https:\/\/us-gc.net\/hu\/nem-resztvevo-orszag-lotto-green-card\/\">nem vehetnek r\u00e9szt a z\u00f6ldk\u00e1rtya-sorsol\u00e1son<\/a>.<\/p>\n\n<p>A z\u00f6ldk\u00e1rtya-sorsol\u00e1sra jelentkez\u0151knek k\u00f6zvetlen\u00fcl online kell regisztr\u00e1lniuk. ki kell t\u00f6lteni\u00fck egy <a href=\"https:\/\/us-gc.net\/hu\/green-card-lotto-urlap\/\">online \u0171rlapot<\/a> a sorsol\u00e1sra val\u00f3 regisztr\u00e1ci\u00f3hoz.<\/p>\n","protected":false},"excerpt":{"rendered":"<p>A z\u00f6ldk\u00e1rtya lehet\u0151v\u00e9 teszi, hogy az Egyes\u00fclt \u00c1llamokban \u00e9ljen Minden \u00e9vben a vil\u00e1g minden t\u00e1j\u00e1r\u00f3l t\u00f6bb ezer \u00e1llampolg\u00e1r pr\u00f3b\u00e1l amerikai z\u00f6ldk\u00e1rty\u00e1t szerezni, hogy az Egyes\u00fclt \u00c1llamokban \u00e9lhessen. Mi az a z\u00f6ld k\u00e1rtya? A z\u00f6ld k\u00e1rtya egy olyan amerikai k\u00e1rtya, amely feljogos\u00edtja tulajdonos\u00e1t arra, hogy \u00e1lland\u00f3 lakhellyel rendelkezzen az Egyes\u00fclt \u00c1llamokban. Ez lehet\u0151v\u00e9 teszi a k\u00fclf\u00f6ldiek [&hellip;]<\/p>\n","protected":false},"author":1,"featured_media":0,"parent":0,"menu_order":0,"comment_status":"closed","ping_status":"closed","template":"","meta":{"footnotes":""},"class_list":["post-4721","page","type-page","status-publish","hentry"],"yoast_head":"<!-- This site is optimized with the Yoast SEO plugin v27.4 - https:\/\/yoast.com\/product\/yoast-seo-wordpress\/ -->\n<title>R\u00e9szv\u00e9tel az amerikai z\u00f6ldk\u00e1rtya lott\u00f3n - USA GC<\/title>\n<meta name=\"description\" content=\"Vegyen r\u00e9szt az amerikai lott\u00f3n, hogy z\u00f6ldk\u00e1rty\u00e1t nyerjen. Ez az Egyes\u00fclt \u00c1llamokban val\u00f3 tart\u00f3zkod\u00e1sra jogos\u00edt\u00f3 \u00e1lland\u00f3 lakc\u00edmk\u00e1rtya.\" \/>\n<meta name=\"robots\" content=\"index, follow, max-snippet:-1, max-image-preview:large, max-video-preview:-1\" \/>\n<link rel=\"canonical\" href=\"https:\/\/us-gc.net\/hu\/amerikai-lotto-zold-kartya\/\" \/>\n<meta property=\"og:locale\" content=\"hu_HU\" \/>\n<meta property=\"og:type\" content=\"article\" \/>\n<meta property=\"og:title\" content=\"R\u00e9szv\u00e9tel az amerikai z\u00f6ldk\u00e1rtya lott\u00f3n - USA GC\" \/>\n<meta property=\"og:description\" content=\"Vegyen r\u00e9szt az amerikai lott\u00f3n, hogy z\u00f6ldk\u00e1rty\u00e1t nyerjen. Ez az Egyes\u00fclt \u00c1llamokban val\u00f3 tart\u00f3zkod\u00e1sra jogos\u00edt\u00f3 \u00e1lland\u00f3 lakc\u00edmk\u00e1rtya.\" \/>\n<meta property=\"og:url\" content=\"https:\/\/us-gc.net\/hu\/amerikai-lotto-zold-kartya\/\" \/>\n<meta property=\"og:site_name\" content=\"USA GC\" \/>\n<meta property=\"article:modified_time\" content=\"2024-12-30T09:46:11+00:00\" \/>\n<meta name=\"twitter:card\" content=\"summary_large_image\" \/>\n<meta name=\"twitter:label1\" content=\"Becs\u00fclt olvas\u00e1si id\u0151\" \/>\n\t<meta name=\"twitter:data1\" content=\"3 perc\" \/>\n<script type=\"application\/ld+json\" class=\"yoast-schema-graph\">{\"@context\":\"https:\\\/\\\/schema.org\",\"@graph\":[{\"@type\":\"WebPage\",\"@id\":\"https:\\\/\\\/us-gc.net\\\/hu\\\/amerikai-lotto-zold-kartya\\\/\",\"url\":\"https:\\\/\\\/us-gc.net\\\/hu\\\/amerikai-lotto-zold-kartya\\\/\",\"name\":\"R\u00e9szv\u00e9tel az amerikai z\u00f6ldk\u00e1rtya lott\u00f3n - USA GC\",\"isPartOf\":{\"@id\":\"https:\\\/\\\/us-gc.net\\\/hu\\\/#website\"},\"datePublished\":\"2024-01-31T15:53:04+00:00\",\"dateModified\":\"2024-12-30T09:46:11+00:00\",\"description\":\"Vegyen r\u00e9szt az amerikai lott\u00f3n, hogy z\u00f6ldk\u00e1rty\u00e1t nyerjen. Ez az Egyes\u00fclt \u00c1llamokban val\u00f3 tart\u00f3zkod\u00e1sra jogos\u00edt\u00f3 \u00e1lland\u00f3 lakc\u00edmk\u00e1rtya.\",\"breadcrumb\":{\"@id\":\"https:\\\/\\\/us-gc.net\\\/hu\\\/amerikai-lotto-zold-kartya\\\/#breadcrumb\"},\"inLanguage\":\"hu\",\"potentialAction\":[{\"@type\":\"ReadAction\",\"target\":[\"https:\\\/\\\/us-gc.net\\\/hu\\\/amerikai-lotto-zold-kartya\\\/\"]}]},{\"@type\":\"BreadcrumbList\",\"@id\":\"https:\\\/\\\/us-gc.net\\\/hu\\\/amerikai-lotto-zold-kartya\\\/#breadcrumb\",\"itemListElement\":[{\"@type\":\"ListItem\",\"position\":1,\"name\":\"Accueil\",\"item\":\"https:\\\/\\\/us-gc.net\\\/hu\\\/green-card\\\/\"},{\"@type\":\"ListItem\",\"position\":2,\"name\":\"R\u00e9szv\u00e9tel az amerikai z\u00f6ldk\u00e1rtya lott\u00f3n\"}]},{\"@type\":\"WebSite\",\"@id\":\"https:\\\/\\\/us-gc.net\\\/hu\\\/#website\",\"url\":\"https:\\\/\\\/us-gc.net\\\/hu\\\/\",\"name\":\"USA GC\",\"description\":\"\",\"potentialAction\":[{\"@type\":\"SearchAction\",\"target\":{\"@type\":\"EntryPoint\",\"urlTemplate\":\"https:\\\/\\\/us-gc.net\\\/hu\\\/?s={search_term_string}\"},\"query-input\":{\"@type\":\"PropertyValueSpecification\",\"valueRequired\":true,\"valueName\":\"search_term_string\"}}],\"inLanguage\":\"hu\"}]}<\/script>\n<!-- \/ Yoast SEO plugin. -->","yoast_head_json":{"title":"R\u00e9szv\u00e9tel az amerikai z\u00f6ldk\u00e1rtya lott\u00f3n - USA GC","description":"Vegyen r\u00e9szt az amerikai lott\u00f3n, hogy z\u00f6ldk\u00e1rty\u00e1t nyerjen. Ez az Egyes\u00fclt \u00c1llamokban val\u00f3 tart\u00f3zkod\u00e1sra jogos\u00edt\u00f3 \u00e1lland\u00f3 lakc\u00edmk\u00e1rtya.","robots":{"index":"index","follow":"follow","max-snippet":"max-snippet:-1","max-image-preview":"max-image-preview:large","max-video-preview":"max-video-preview:-1"},"canonical":"https:\/\/us-gc.net\/hu\/amerikai-lotto-zold-kartya\/","og_locale":"hu_HU","og_type":"article","og_title":"R\u00e9szv\u00e9tel az amerikai z\u00f6ldk\u00e1rtya lott\u00f3n - USA GC","og_description":"Vegyen r\u00e9szt az amerikai lott\u00f3n, hogy z\u00f6ldk\u00e1rty\u00e1t nyerjen. Ez az Egyes\u00fclt \u00c1llamokban val\u00f3 tart\u00f3zkod\u00e1sra jogos\u00edt\u00f3 \u00e1lland\u00f3 lakc\u00edmk\u00e1rtya.","og_url":"https:\/\/us-gc.net\/hu\/amerikai-lotto-zold-kartya\/","og_site_name":"USA GC","article_modified_time":"2024-12-30T09:46:11+00:00","twitter_card":"summary_large_image","twitter_misc":{"Becs\u00fclt olvas\u00e1si id\u0151":"3 perc"},"schema":{"@context":"https:\/\/schema.org","@graph":[{"@type":"WebPage","@id":"https:\/\/us-gc.net\/hu\/amerikai-lotto-zold-kartya\/","url":"https:\/\/us-gc.net\/hu\/amerikai-lotto-zold-kartya\/","name":"R\u00e9szv\u00e9tel az amerikai z\u00f6ldk\u00e1rtya lott\u00f3n - USA GC","isPartOf":{"@id":"https:\/\/us-gc.net\/hu\/#website"},"datePublished":"2024-01-31T15:53:04+00:00","dateModified":"2024-12-30T09:46:11+00:00","description":"Vegyen r\u00e9szt az amerikai lott\u00f3n, hogy z\u00f6ldk\u00e1rty\u00e1t nyerjen. Ez az Egyes\u00fclt \u00c1llamokban val\u00f3 tart\u00f3zkod\u00e1sra jogos\u00edt\u00f3 \u00e1lland\u00f3 lakc\u00edmk\u00e1rtya.","breadcrumb":{"@id":"https:\/\/us-gc.net\/hu\/amerikai-lotto-zold-kartya\/#breadcrumb"},"inLanguage":"hu","potentialAction":[{"@type":"ReadAction","target":["https:\/\/us-gc.net\/hu\/amerikai-lotto-zold-kartya\/"]}]},{"@type":"BreadcrumbList","@id":"https:\/\/us-gc.net\/hu\/amerikai-lotto-zold-kartya\/#breadcrumb","itemListElement":[{"@type":"ListItem","position":1,"name":"Accueil","item":"https:\/\/us-gc.net\/hu\/green-card\/"},{"@type":"ListItem","position":2,"name":"R\u00e9szv\u00e9tel az amerikai z\u00f6ldk\u00e1rtya lott\u00f3n"}]},{"@type":"WebSite","@id":"https:\/\/us-gc.net\/hu\/#website","url":"https:\/\/us-gc.net\/hu\/","name":"USA GC","description":"","potentialAction":[{"@type":"SearchAction","target":{"@type":"EntryPoint","urlTemplate":"https:\/\/us-gc.net\/hu\/?s={search_term_string}"},"query-input":{"@type":"PropertyValueSpecification","valueRequired":true,"valueName":"search_term_string"}}],"inLanguage":"hu"}]}},"_links":{"self":[{"href":"https:\/\/us-gc.net\/hu\/wp-json\/wp\/v2\/pages\/4721","targetHints":{"allow":["GET"]}}],"collection":[{"href":"https:\/\/us-gc.net\/hu\/wp-json\/wp\/v2\/pages"}],"about":[{"href":"https:\/\/us-gc.net\/hu\/wp-json\/wp\/v2\/types\/page"}],"author":[{"embeddable":true,"href":"https:\/\/us-gc.net\/hu\/wp-json\/wp\/v2\/users\/1"}],"replies":[{"embeddable":true,"href":"https:\/\/us-gc.net\/hu\/wp-json\/wp\/v2\/comments?post=4721"}],"version-history":[{"count":1,"href":"https:\/\/us-gc.net\/hu\/wp-json\/wp\/v2\/pages\/4721\/revisions"}],"predecessor-version":[{"id":8010,"href":"https:\/\/us-gc.net\/hu\/wp-json\/wp\/v2\/pages\/4721\/revisions\/8010"}],"wp:attachment":[{"href":"https:\/\/us-gc.net\/hu\/wp-json\/wp\/v2\/media?parent=4721"}],"curies":[{"name":"wp","href":"https:\/\/api.w.org\/{rel}","templated":true}]}}