{"id":4719,"date":"2024-01-31T16:36:26","date_gmt":"2024-01-31T16:36:26","guid":{"rendered":"https:\/\/green-card-usa.net\/green-card-tamogatas\/"},"modified":"2024-12-30T09:46:02","modified_gmt":"2024-12-30T09:46:02","slug":"green-card-tamogatas","status":"publish","type":"page","link":"https:\/\/us-gc.net\/hu\/green-card-tamogatas\/","title":{"rendered":"Z\u00f6ldk\u00e1rtya k\u00e9relmez\u0151 szponzor\u00e1l\u00e1sa"},"content":{"rendered":"\n<h1 class=\"wp-block-heading\" id=\"h-obtenir-la-green-card-grace-au-parrainage\">Szponzor\u00e1l\u00e1ssal szerezzen z\u00f6ld k\u00e1rty\u00e1t<\/h1>\n\n<p>Az amerikai z\u00f6ldk\u00e1rtya szponzoron kereszt\u00fcl t\u00f6rt\u00e9n\u0151 megszerz\u00e9se lehet\u0151v\u00e9 teszi a bev\u00e1ndorl\u00f3k sz\u00e1m\u00e1ra, hogy az Egyes\u00fclt \u00c1llamok \u00e1lland\u00f3 lakosai legyenek. Az al\u00e1bbiakban a z\u00f6ldk\u00e1rtya-szponzor\u00e1l\u00e1s alapvet\u0151 szempontjait \u00e9s a szponzor k\u00f6telezetts\u00e9geit ismertetj\u00fck.<\/p>\n\n<h2 class=\"wp-block-heading\" id=\"h-qu-est-ce-que-le-parrainage-de-la-green-card\">Mi az a z\u00f6ldk\u00e1rtya-t\u00e1mogat\u00e1s?<\/h2>\n\n<p>A z\u00f6ldk\u00e1rtya-szponzor\u00e1l\u00e1s azt jelenti, hogy t\u00e1mogatj\u00e1k egy szem\u00e9lynek az Egyes\u00fclt \u00c1llamokban val\u00f3 \u00e1lland\u00f3 tart\u00f3zkod\u00e1sra ir\u00e1nyul\u00f3 k\u00e9relm\u00e9t. Ez a t\u00e1mogat\u00e1s \u00e9rkezhet egy olyan csal\u00e1dtagt\u00f3l, aki m\u00e1r amerikai \u00e1llampolg\u00e1r vagy <a href=\"https:\/\/us-gc.net\/en\/\">Green Card<\/a> birtokosa, vagy egy amerikai munk\u00e1ltat\u00f3t\u00f3l.<\/p>\n\n<p>A szponzor egyfajta erk\u00f6lcsi garanci\u00e1t jelent a z\u00f6ldk\u00e1rty\u00e1t k\u00e9relmez\u0151 sz\u00e1m\u00e1ra.  <\/p>\n\n<h2 class=\"wp-block-heading\" id=\"h-parrainage-familial\">Csal\u00e1di szponzor\u00e1ci\u00f3<\/h2>\n\n<h3 class=\"wp-block-heading\" id=\"h-le-titulaire-d-une-green-card-peut-il-parrainer-ses-parents\">A z\u00f6ldk\u00e1rtya birtokosok szponzor\u00e1lhatj\u00e1k sz\u00fcleiket?<\/h3>\n\n<p>Nem, a z\u00f6ldk\u00e1rtya-tulajdonosok nem szponzor\u00e1lhatj\u00e1k sz\u00fcleiket. Csak amerikai \u00e1llampolg\u00e1rok szponzor\u00e1lhatj\u00e1k sz\u00fcleiket z\u00f6ldk\u00e1rty\u00e1\u00e9rt, mint k\u00f6zvetlen hozz\u00e1tartoz\u00f3kat.<\/p>\n\n<h3 class=\"wp-block-heading\" id=\"h-le-titulaire-d-une-green-card-peut-il-parrainer-son-conjoint\">Szponzor\u00e1lhatja-e a z\u00f6ldk\u00e1rtya birtokosa a h\u00e1zast\u00e1rs\u00e1t?<\/h3>\n\n<p>Igen, a z\u00f6ldk\u00e1rtya birtokosai szponzor\u00e1lhatj\u00e1k h\u00e1zast\u00e1rsukat az Egyes\u00fclt \u00c1llamokban val\u00f3 \u00e1lland\u00f3 tart\u00f3zkod\u00e1shoz.<\/p>\n\n<h3 class=\"wp-block-heading\" id=\"h-le-titulaire-d-une-green-card-peut-il-parrainer-ses-freres-et-soeurs\">A z\u00f6ldk\u00e1rtya birtokosai szponzor\u00e1lhatj\u00e1k testv\u00e9reiket?<\/h3>\n\n<p>Nem, a z\u00f6ldk\u00e1rtya-tulajdonosok nem szponzor\u00e1lhatj\u00e1k testv\u00e9reiket. Ez a lehet\u0151s\u00e9g csak amerikai \u00e1llampolg\u00e1rok sz\u00e1m\u00e1ra el\u00e9rhet\u0151.<\/p>\n\n<h3 class=\"wp-block-heading\" id=\"h-le-titulaire-d-une-green-card-peut-il-parrainer-un-enfant-de-plus-de-21-ans\">Szponzor\u00e1lhat-e a z\u00f6ldk\u00e1rtya birtokosa 21 \u00e9v feletti gyermeket?<\/h3>\n\n<p>Igen, a z\u00f6ldk\u00e1rtya-tulajdonosok szponzor\u00e1lhatj\u00e1k 21 \u00e9v feletti, nem h\u00e1zas gyermekeiket, de \u0151k egy preferenciakateg\u00f3ri\u00e1ba tartoznak, ami hosszabb k\u00e9sedelmet eredm\u00e9nyezhet.<\/p>\n\n<h2 class=\"wp-block-heading\" id=\"h-une-entreprise-peut-elle-sponsoriser-une-green-card\">Szponzor\u00e1lhat-e egy v\u00e1llalat z\u00f6ldk\u00e1rty\u00e1t?<\/h2>\n\n<p>Igen, egy v\u00e1llalat szponzor\u00e1lhat egy munkav\u00e1llal\u00f3t z\u00f6ldk\u00e1rty\u00e1\u00e9rt a munka\u00fcgyi igazol\u00e1si elj\u00e1r\u00e1s vagy m\u00e1s foglalkoztat\u00e1si kateg\u00f3ri\u00e1k r\u00e9v\u00e9n.<\/p>\n\n<h2 class=\"wp-block-heading\" id=\"h-les-etapes-pour-obtenir-une-green-card-grace-a-un-sponsor\">A szponzornak k\u00f6sz\u00f6nhet\u0151 z\u00f6ld k\u00e1rtya megszerz\u00e9s\u00e9nek l\u00e9p\u00e9sei<\/h2>\n\n<ol class=\"wp-block-list\">\n<li><strong>A szponzor azonos\u00edt\u00e1sa<\/strong>: Hat\u00e1rozza meg, hogy \u00d6n jogosult-e arra, hogy egy csal\u00e1dtagja vagy egy munk\u00e1ltat\u00f3ja szponzor\u00e1lja.<\/li>\n\n\n\n<li><strong>Az I-130-as nyomtatv\u00e1ny beny\u00fajt\u00e1sa<\/strong> csal\u00e1di szponzor\u00e1ci\u00f3ra. A t\u00e1mogat\u00f3 munk\u00e1ltat\u00f3 eset\u00e9ben munkaigazol\u00e1si elj\u00e1r\u00e1st kell ind\u00edtani.<\/li>\n\n\n\n<li><strong>V\u00e1rakoz\u00e1s a j\u00f3v\u00e1hagy\u00e1sra<\/strong>: Az id\u0151k a szponzori kateg\u00f3ri\u00e1t\u00f3l \u00e9s a k\u00e9relmez\u0151 nemzeti sz\u00e1rmaz\u00e1s\u00e1t\u00f3l f\u00fcgg\u0151en v\u00e1ltoznak.<\/li>\n\n\n\n<li><strong>A st\u00e1tusz kiigaz\u00edt\u00e1sa vagy konzuli elj\u00e1r\u00e1s<\/strong>: Ha m\u00e1r az Egyes\u00fclt \u00c1llamokban tart\u00f3zkodik, m\u00f3dos\u00edthatja st\u00e1tusz\u00e1t. Ellenkez\u0151 esetben a haz\u00e1j\u00e1ban kell v\u00e9gigj\u00e1rnia a konzuli elj\u00e1r\u00e1st.<\/li>\n\n\n\n<li><strong>Interj\u00fa \u00e9s j\u00f3v\u00e1hagy\u00e1s<\/strong>: Vegyen r\u00e9szt a konzul\u00e1tuson vagy az <a href=\"https:\/\/www.uscis.gov\/\">USCIS<\/a> munkat\u00e1rsaival folytatott <a href=\"https:\/\/us-gc.net\/hu\/interju-green-card\/\">Green Card-interj\u00fan<\/a>, hogy \u00e9rv\u00e9nyes\u00edtse k\u00e9relm\u00e9t.<\/li>\n<\/ol>\n\n<h2 class=\"wp-block-heading\" id=\"h-le-sponsor-peut-il-revoquer-la-green-card\">Visszavonhatja-e a szponzor a z\u00f6ldk\u00e1rty\u00e1t?<\/h2>\n\n<p>A z\u00f6ld k\u00e1rtya kiad\u00e1s\u00e1t k\u00f6vet\u0151en a szponzor \u00e1ltal\u00e1ban nem vonhatja vissza azt. Vannak azonban kiv\u00e9telek, k\u00fcl\u00f6n\u00f6sen akkor, ha a z\u00f6ldk\u00e1rty\u00e1t csal\u00e1ssal szerezt\u00e9k meg.<\/p>\n\n<h2 class=\"wp-block-heading\" id=\"h-faut-il-un-sponsor-pour-participer-a-la-loterie\">Sz\u00fcks\u00e9gem van szponzorra a sorsol\u00e1son val\u00f3 r\u00e9szv\u00e9telhez?<\/h2>\n\n<p>Nem, nincs sz\u00fcks\u00e9ge szponzorra ahhoz, hogy r\u00e9szt vegyen a <a href=\"https:\/\/us-gc.net\/hu\/lotto-green-card\/\">z\u00f6ldk\u00e1rtya-sorsol\u00e1son<\/a>. A regisztr\u00e1ci\u00f3 teljes eg\u00e9sz\u00e9ben online t\u00f6rt\u00e9nik, mind\u00f6ssze n\u00e9h\u00e1ny perc alatt. R\u00e9szv\u00e9tel\u00e9nek biztos\u00edt\u00e1s\u00e1hoz kattintson az <a href=\"https:\/\/us-gc.net\/hu\/green-card-lotto-urlap\/\">online \u0171rlapra<\/a>.<\/p>\n","protected":false},"excerpt":{"rendered":"<p>Szponzor\u00e1l\u00e1ssal szerezzen z\u00f6ld k\u00e1rty\u00e1t Az amerikai z\u00f6ldk\u00e1rtya szponzoron kereszt\u00fcl t\u00f6rt\u00e9n\u0151 megszerz\u00e9se lehet\u0151v\u00e9 teszi a bev\u00e1ndorl\u00f3k sz\u00e1m\u00e1ra, hogy az Egyes\u00fclt \u00c1llamok \u00e1lland\u00f3 lakosai legyenek. Az al\u00e1bbiakban a z\u00f6ldk\u00e1rtya-szponzor\u00e1l\u00e1s alapvet\u0151 szempontjait \u00e9s a szponzor k\u00f6telezetts\u00e9geit ismertetj\u00fck. Mi az a z\u00f6ldk\u00e1rtya-t\u00e1mogat\u00e1s? A z\u00f6ldk\u00e1rtya-szponzor\u00e1l\u00e1s azt jelenti, hogy t\u00e1mogatj\u00e1k egy szem\u00e9lynek az Egyes\u00fclt \u00c1llamokban val\u00f3 \u00e1lland\u00f3 tart\u00f3zkod\u00e1sra ir\u00e1nyul\u00f3 k\u00e9relm\u00e9t. Ez [&hellip;]<\/p>\n","protected":false},"author":1,"featured_media":0,"parent":0,"menu_order":0,"comment_status":"closed","ping_status":"closed","template":"","meta":{"footnotes":""},"class_list":["post-4719","page","type-page","status-publish","hentry"],"yoast_head":"<!-- This site is optimized with the Yoast SEO plugin v27.4 - https:\/\/yoast.com\/product\/yoast-seo-wordpress\/ -->\n<title>Z\u00f6ldk\u00e1rtya k\u00e9relmez\u0151 szponzor\u00e1l\u00e1sa - USA GC<\/title>\n<meta name=\"description\" content=\"A z\u00f6ldk\u00e1rtya-tulajdonosok bizonyos k\u00f6r\u00fclm\u00e9nyek k\u00f6z\u00f6tt szponzor\u00e1lhatnak z\u00f6ldk\u00e1rtya-ig\u00e9nyl\u0151t.\" \/>\n<meta name=\"robots\" content=\"index, follow, max-snippet:-1, max-image-preview:large, max-video-preview:-1\" \/>\n<link rel=\"canonical\" href=\"https:\/\/us-gc.net\/hu\/green-card-tamogatas\/\" \/>\n<meta property=\"og:locale\" content=\"hu_HU\" \/>\n<meta property=\"og:type\" content=\"article\" \/>\n<meta property=\"og:title\" content=\"Z\u00f6ldk\u00e1rtya k\u00e9relmez\u0151 szponzor\u00e1l\u00e1sa - USA GC\" \/>\n<meta property=\"og:description\" content=\"A z\u00f6ldk\u00e1rtya-tulajdonosok bizonyos k\u00f6r\u00fclm\u00e9nyek k\u00f6z\u00f6tt szponzor\u00e1lhatnak z\u00f6ldk\u00e1rtya-ig\u00e9nyl\u0151t.\" \/>\n<meta property=\"og:url\" content=\"https:\/\/us-gc.net\/hu\/green-card-tamogatas\/\" \/>\n<meta property=\"og:site_name\" content=\"USA GC\" \/>\n<meta property=\"article:modified_time\" content=\"2024-12-30T09:46:02+00:00\" \/>\n<meta name=\"twitter:card\" content=\"summary_large_image\" \/>\n<meta name=\"twitter:label1\" content=\"Becs\u00fclt olvas\u00e1si id\u0151\" \/>\n\t<meta name=\"twitter:data1\" content=\"3 perc\" \/>\n<script type=\"application\/ld+json\" class=\"yoast-schema-graph\">{\"@context\":\"https:\\\/\\\/schema.org\",\"@graph\":[{\"@type\":\"WebPage\",\"@id\":\"https:\\\/\\\/us-gc.net\\\/hu\\\/green-card-tamogatas\\\/\",\"url\":\"https:\\\/\\\/us-gc.net\\\/hu\\\/green-card-tamogatas\\\/\",\"name\":\"Z\u00f6ldk\u00e1rtya k\u00e9relmez\u0151 szponzor\u00e1l\u00e1sa - USA GC\",\"isPartOf\":{\"@id\":\"https:\\\/\\\/us-gc.net\\\/hu\\\/#website\"},\"datePublished\":\"2024-01-31T16:36:26+00:00\",\"dateModified\":\"2024-12-30T09:46:02+00:00\",\"description\":\"A z\u00f6ldk\u00e1rtya-tulajdonosok bizonyos k\u00f6r\u00fclm\u00e9nyek k\u00f6z\u00f6tt szponzor\u00e1lhatnak z\u00f6ldk\u00e1rtya-ig\u00e9nyl\u0151t.\",\"breadcrumb\":{\"@id\":\"https:\\\/\\\/us-gc.net\\\/hu\\\/green-card-tamogatas\\\/#breadcrumb\"},\"inLanguage\":\"hu\",\"potentialAction\":[{\"@type\":\"ReadAction\",\"target\":[\"https:\\\/\\\/us-gc.net\\\/hu\\\/green-card-tamogatas\\\/\"]}]},{\"@type\":\"BreadcrumbList\",\"@id\":\"https:\\\/\\\/us-gc.net\\\/hu\\\/green-card-tamogatas\\\/#breadcrumb\",\"itemListElement\":[{\"@type\":\"ListItem\",\"position\":1,\"name\":\"Accueil\",\"item\":\"https:\\\/\\\/us-gc.net\\\/hu\\\/green-card\\\/\"},{\"@type\":\"ListItem\",\"position\":2,\"name\":\"Z\u00f6ldk\u00e1rtya k\u00e9relmez\u0151 szponzor\u00e1l\u00e1sa\"}]},{\"@type\":\"WebSite\",\"@id\":\"https:\\\/\\\/us-gc.net\\\/hu\\\/#website\",\"url\":\"https:\\\/\\\/us-gc.net\\\/hu\\\/\",\"name\":\"USA GC\",\"description\":\"\",\"potentialAction\":[{\"@type\":\"SearchAction\",\"target\":{\"@type\":\"EntryPoint\",\"urlTemplate\":\"https:\\\/\\\/us-gc.net\\\/hu\\\/?s={search_term_string}\"},\"query-input\":{\"@type\":\"PropertyValueSpecification\",\"valueRequired\":true,\"valueName\":\"search_term_string\"}}],\"inLanguage\":\"hu\"}]}<\/script>\n<!-- \/ Yoast SEO plugin. -->","yoast_head_json":{"title":"Z\u00f6ldk\u00e1rtya k\u00e9relmez\u0151 szponzor\u00e1l\u00e1sa - USA GC","description":"A z\u00f6ldk\u00e1rtya-tulajdonosok bizonyos k\u00f6r\u00fclm\u00e9nyek k\u00f6z\u00f6tt szponzor\u00e1lhatnak z\u00f6ldk\u00e1rtya-ig\u00e9nyl\u0151t.","robots":{"index":"index","follow":"follow","max-snippet":"max-snippet:-1","max-image-preview":"max-image-preview:large","max-video-preview":"max-video-preview:-1"},"canonical":"https:\/\/us-gc.net\/hu\/green-card-tamogatas\/","og_locale":"hu_HU","og_type":"article","og_title":"Z\u00f6ldk\u00e1rtya k\u00e9relmez\u0151 szponzor\u00e1l\u00e1sa - USA GC","og_description":"A z\u00f6ldk\u00e1rtya-tulajdonosok bizonyos k\u00f6r\u00fclm\u00e9nyek k\u00f6z\u00f6tt szponzor\u00e1lhatnak z\u00f6ldk\u00e1rtya-ig\u00e9nyl\u0151t.","og_url":"https:\/\/us-gc.net\/hu\/green-card-tamogatas\/","og_site_name":"USA GC","article_modified_time":"2024-12-30T09:46:02+00:00","twitter_card":"summary_large_image","twitter_misc":{"Becs\u00fclt olvas\u00e1si id\u0151":"3 perc"},"schema":{"@context":"https:\/\/schema.org","@graph":[{"@type":"WebPage","@id":"https:\/\/us-gc.net\/hu\/green-card-tamogatas\/","url":"https:\/\/us-gc.net\/hu\/green-card-tamogatas\/","name":"Z\u00f6ldk\u00e1rtya k\u00e9relmez\u0151 szponzor\u00e1l\u00e1sa - USA GC","isPartOf":{"@id":"https:\/\/us-gc.net\/hu\/#website"},"datePublished":"2024-01-31T16:36:26+00:00","dateModified":"2024-12-30T09:46:02+00:00","description":"A z\u00f6ldk\u00e1rtya-tulajdonosok bizonyos k\u00f6r\u00fclm\u00e9nyek k\u00f6z\u00f6tt szponzor\u00e1lhatnak z\u00f6ldk\u00e1rtya-ig\u00e9nyl\u0151t.","breadcrumb":{"@id":"https:\/\/us-gc.net\/hu\/green-card-tamogatas\/#breadcrumb"},"inLanguage":"hu","potentialAction":[{"@type":"ReadAction","target":["https:\/\/us-gc.net\/hu\/green-card-tamogatas\/"]}]},{"@type":"BreadcrumbList","@id":"https:\/\/us-gc.net\/hu\/green-card-tamogatas\/#breadcrumb","itemListElement":[{"@type":"ListItem","position":1,"name":"Accueil","item":"https:\/\/us-gc.net\/hu\/green-card\/"},{"@type":"ListItem","position":2,"name":"Z\u00f6ldk\u00e1rtya k\u00e9relmez\u0151 szponzor\u00e1l\u00e1sa"}]},{"@type":"WebSite","@id":"https:\/\/us-gc.net\/hu\/#website","url":"https:\/\/us-gc.net\/hu\/","name":"USA GC","description":"","potentialAction":[{"@type":"SearchAction","target":{"@type":"EntryPoint","urlTemplate":"https:\/\/us-gc.net\/hu\/?s={search_term_string}"},"query-input":{"@type":"PropertyValueSpecification","valueRequired":true,"valueName":"search_term_string"}}],"inLanguage":"hu"}]}},"_links":{"self":[{"href":"https:\/\/us-gc.net\/hu\/wp-json\/wp\/v2\/pages\/4719","targetHints":{"allow":["GET"]}}],"collection":[{"href":"https:\/\/us-gc.net\/hu\/wp-json\/wp\/v2\/pages"}],"about":[{"href":"https:\/\/us-gc.net\/hu\/wp-json\/wp\/v2\/types\/page"}],"author":[{"embeddable":true,"href":"https:\/\/us-gc.net\/hu\/wp-json\/wp\/v2\/users\/1"}],"replies":[{"embeddable":true,"href":"https:\/\/us-gc.net\/hu\/wp-json\/wp\/v2\/comments?post=4719"}],"version-history":[{"count":1,"href":"https:\/\/us-gc.net\/hu\/wp-json\/wp\/v2\/pages\/4719\/revisions"}],"predecessor-version":[{"id":7988,"href":"https:\/\/us-gc.net\/hu\/wp-json\/wp\/v2\/pages\/4719\/revisions\/7988"}],"wp:attachment":[{"href":"https:\/\/us-gc.net\/hu\/wp-json\/wp\/v2\/media?parent=4719"}],"curies":[{"name":"wp","href":"https:\/\/api.w.org\/{rel}","templated":true}]}}