{"id":4711,"date":"2024-01-31T08:01:49","date_gmt":"2024-01-31T08:01:49","guid":{"rendered":"https:\/\/green-card-usa.net\/adatvedelmi-politika\/"},"modified":"2025-03-31T11:22:13","modified_gmt":"2025-03-31T11:22:13","slug":"adatvedelmi-politika","status":"publish","type":"page","link":"https:\/\/us-gc.net\/hu\/adatvedelmi-politika\/","title":{"rendered":"Szem\u00e9lyes adatok bizalmas kezel\u00e9s\u00e9r\u0151l sz\u00f3l\u00f3 politika"},"content":{"rendered":"\n<h1 class=\"wp-block-heading\" id=\"h-politique-de-confidentialite\">Adatv\u00e9delmi ir\u00e1nyelvek<\/h1>\n\n<p>Az amerikai munkaer\u0151piacr\u00f3l sz\u00f3l\u00f3 inform\u00e1ci\u00f3s oldal vagyunk. Nem k\u00edn\u00e1lunk semmilyen online szolg\u00e1ltat\u00e1st, \u00e9s nincs regisztr\u00e1ci\u00f3s \u0171rlap az oldalon. Az egyetlen \u0171rlap az oldalon a <a href=\"https:\/\/us-gc.net\/hu\/contact\/\">kapcsolatfelv\u00e9teli \u0171rlap<\/a>.<\/p>\n\n<h2 class=\"wp-block-heading\" id=\"h-la-collecte-d-informations-sur-le-site\">Inform\u00e1ci\u00f3gy\u0171jt\u00e9s a helysz\u00ednen<\/h2>\n\n<p>Az al\u00e1bbiakban felsoroljuk a webhely\u00fcnk\u00f6n gy\u0171jthet\u0151 szem\u00e9lyes adatokat:<\/p>\n\n<ul class=\"wp-block-list\">\n<li>Kapcsolatfelv\u00e9teli adatok, amikor e-mailt k\u00fcld a t\u00e1mogat\u00e1si csapatunknak, p\u00e9ld\u00e1ul az \u00d6n neve, keresztneve, e-mail c\u00edme. Az \u00d6n \u00e1ltal nek\u00fcnk k\u00fcld\u00f6tt e-mailekben tal\u00e1lhat\u00f3 inform\u00e1ci\u00f3k.<\/li>\n<\/ul>\n\n<div style=\"height:10px\" aria-hidden=\"true\" class=\"wp-block-spacer\"><\/div>\n\n<h2 class=\"wp-block-heading\" id=\"h-duree-de-conservation-des-donnees\">Adatmeg\u0151rz\u00e9si id\u0151szak<\/h2>\n\n<p>Az \u00f6sszegy\u0171jt\u00f6tt adatokat rendszeresen t\u00f6r\u00f6lj\u00fck, ami azt jelenti, hogy a nek\u00fcnk k\u00fcld\u00f6tt e-mail tartalmakat egy h\u00e9tn\u00e9l tov\u00e1bb nem t\u00e1roljuk.  <\/p>\n\n<p>Meg\u0151rz\u00f6tt adatok friss\u00edt\u00e9se: K\u00e9rj\u00fck, tudassa vel\u00fcnk, ha szeretn\u00e9, hogy az \u00d6nr\u0151l t\u00e1rolt szem\u00e9lyes adatainkat a meg\u0151rz\u00e9si id\u0151szak alatt helyesb\u00edts\u00fck vagy friss\u00edts\u00fck.<\/p>\n\n<h2 class=\"wp-block-heading\" id=\"h-securite-de-vos-donnees-personnelles\">Szem\u00e9lyes adatainak biztons\u00e1ga<\/h2>\n\n<p>Technikai \u00f3vint\u00e9zked\u00e9seket tesz\u00fcnk annak \u00e9rdek\u00e9ben, hogy megakad\u00e1lyozzuk az adatb\u00e1zisunkban t\u00e1rolt szem\u00e9lyes adatok ellop\u00e1s\u00e1t a t\u00e1rol\u00e1si id\u0151szak alatt, m\u00e9g ha az korl\u00e1tozott is. Minden tov\u00e1bb\u00edtott szem\u00e9lyes adatot biztons\u00e1gos szervereinken t\u00e1rolunk.<\/p>\n\n<p>\u00d6n elfogadja, hogy az interneten kereszt\u00fcl t\u00f6rt\u00e9n\u0151 inform\u00e1ci\u00f3k\u00fcld\u00e9s elvileg nem t\u00fal biztons\u00e1gos. Szinte lehetetlen garant\u00e1lni az \u00d6n \u00e1ltal tov\u00e1bb\u00edtott adatok teljes biztons\u00e1g\u00e1t.<\/p>\n\n<h2 class=\"wp-block-heading\" id=\"h-vos-droits-en-matiere-de-donnees-personnelles\">Szem\u00e9lyes adatokkal kapcsolatos jogai<\/h2>\n\n<p>\u00d6n jogosult arra, hogy k\u00e9rje t\u0151l\u00fcnk az \u00d6nr\u0151l birtokunkban l\u00e9v\u0151 szem\u00e9lyes adatok tov\u00e1bb\u00edt\u00e1s\u00e1t. Erre szem\u00e9lyazonoss\u00e1g\u00e1nak igazol\u00e1sa ellen\u00e9ben ker\u00fclhet sor (\u00fatlev\u00e9l hiteles\u00edtett f\u00e9nym\u00e1solata + a lakc\u00edm\u00e9t igazol\u00f3 sz\u00e1mla).<\/p>\n\n<h2 class=\"wp-block-heading\" id=\"h-mise-a-jour-de-cette-politique-de-confidentialite\">Jelen adatv\u00e9delmi szab\u00e1lyzat friss\u00edt\u00e9se<\/h2>\n\n<p>Ezt a szab\u00e1lyzatot rendszeresen friss\u00edtj\u00fck. Az oldal haszn\u00e1lata sor\u00e1n ellen\u0151rizni kell ezt az oldalt a szem\u00e9lyes adatok bizalmas kezel\u00e9s\u00e9vel kapcsolatos v\u00e1ltoz\u00e1sok miatt.<\/p>\n\n<h2 class=\"wp-block-heading\" id=\"h-liens-contextuels-vers-des-sites-web-tiers\">Harmadik f\u00e9l webhelyeire mutat\u00f3 kontextu\u00e1lis linkek<\/h2>\n\n<p>Weboldalunk harmadik felek weboldalaira mutat\u00f3 hiperhivatkoz\u00e1sokat tartalmaz. Nincs befoly\u00e1sunk ezekre a webhelyekre, \u00e9s nem v\u00e1llalunk felel\u0151ss\u00e9get adatv\u00e9delmi szab\u00e1lyzataik\u00e9rt vagy \u00fczleti vagy marketing gyakorlatuk\u00e9rt. Nem v\u00e1llalunk felel\u0151ss\u00e9get ezek\u00e9rt a linkek\u00e9rt.<\/p>\n","protected":false},"excerpt":{"rendered":"<p>Adatv\u00e9delmi ir\u00e1nyelvek Az amerikai munkaer\u0151piacr\u00f3l sz\u00f3l\u00f3 inform\u00e1ci\u00f3s oldal vagyunk. Nem k\u00edn\u00e1lunk semmilyen online szolg\u00e1ltat\u00e1st, \u00e9s nincs regisztr\u00e1ci\u00f3s \u0171rlap az oldalon. Az egyetlen \u0171rlap az oldalon a kapcsolatfelv\u00e9teli \u0171rlap. Inform\u00e1ci\u00f3gy\u0171jt\u00e9s a helysz\u00ednen Az al\u00e1bbiakban felsoroljuk a webhely\u00fcnk\u00f6n gy\u0171jthet\u0151 szem\u00e9lyes adatokat: Adatmeg\u0151rz\u00e9si id\u0151szak Az \u00f6sszegy\u0171jt\u00f6tt adatokat rendszeresen t\u00f6r\u00f6lj\u00fck, ami azt jelenti, hogy a nek\u00fcnk k\u00fcld\u00f6tt e-mail tartalmakat [&hellip;]<\/p>\n","protected":false},"author":1,"featured_media":0,"parent":0,"menu_order":0,"comment_status":"closed","ping_status":"closed","template":"","meta":{"footnotes":""},"class_list":["post-4711","page","type-page","status-publish","hentry"],"yoast_head":"<!-- This site is optimized with the Yoast SEO plugin v27.4 - https:\/\/yoast.com\/product\/yoast-seo-wordpress\/ -->\n<title>Szem\u00e9lyes adatok bizalmas kezel\u00e9s\u00e9r\u0151l sz\u00f3l\u00f3 politika - USA GC<\/title>\n<meta name=\"description\" content=\"R\u00e9szletes adatv\u00e9delmi szab\u00e1lyzat, amely megfelel a hat\u00e1lyos adatv\u00e9delmi szab\u00e1lyoknak\" \/>\n<meta name=\"robots\" content=\"noindex, nofollow\" \/>\n<meta property=\"og:locale\" content=\"hu_HU\" \/>\n<meta property=\"og:type\" content=\"article\" \/>\n<meta property=\"og:title\" content=\"Szem\u00e9lyes adatok bizalmas kezel\u00e9s\u00e9r\u0151l sz\u00f3l\u00f3 politika - USA GC\" \/>\n<meta property=\"og:description\" content=\"R\u00e9szletes adatv\u00e9delmi szab\u00e1lyzat, amely megfelel a hat\u00e1lyos adatv\u00e9delmi szab\u00e1lyoknak\" \/>\n<meta property=\"og:url\" content=\"https:\/\/us-gc.net\/hu\/adatvedelmi-politika\/\" \/>\n<meta property=\"og:site_name\" content=\"USA GC\" \/>\n<meta property=\"article:modified_time\" content=\"2025-03-31T11:22:13+00:00\" \/>\n<meta name=\"twitter:card\" content=\"summary_large_image\" \/>\n<meta name=\"twitter:label1\" content=\"Becs\u00fclt olvas\u00e1si id\u0151\" \/>\n\t<meta name=\"twitter:data1\" content=\"2 perc\" \/>\n<script type=\"application\/ld+json\" class=\"yoast-schema-graph\">{\"@context\":\"https:\\\/\\\/schema.org\",\"@graph\":[{\"@type\":\"WebPage\",\"@id\":\"https:\\\/\\\/us-gc.net\\\/hu\\\/adatvedelmi-politika\\\/\",\"url\":\"https:\\\/\\\/us-gc.net\\\/hu\\\/adatvedelmi-politika\\\/\",\"name\":\"Szem\u00e9lyes adatok bizalmas kezel\u00e9s\u00e9r\u0151l sz\u00f3l\u00f3 politika - USA GC\",\"isPartOf\":{\"@id\":\"https:\\\/\\\/us-gc.net\\\/hu\\\/#website\"},\"datePublished\":\"2024-01-31T08:01:49+00:00\",\"dateModified\":\"2025-03-31T11:22:13+00:00\",\"description\":\"R\u00e9szletes adatv\u00e9delmi szab\u00e1lyzat, amely megfelel a hat\u00e1lyos adatv\u00e9delmi szab\u00e1lyoknak\",\"breadcrumb\":{\"@id\":\"https:\\\/\\\/us-gc.net\\\/hu\\\/adatvedelmi-politika\\\/#breadcrumb\"},\"inLanguage\":\"hu\",\"potentialAction\":[{\"@type\":\"ReadAction\",\"target\":[\"https:\\\/\\\/us-gc.net\\\/hu\\\/adatvedelmi-politika\\\/\"]}]},{\"@type\":\"BreadcrumbList\",\"@id\":\"https:\\\/\\\/us-gc.net\\\/hu\\\/adatvedelmi-politika\\\/#breadcrumb\",\"itemListElement\":[{\"@type\":\"ListItem\",\"position\":1,\"name\":\"Accueil\",\"item\":\"https:\\\/\\\/us-gc.net\\\/hu\\\/green-card\\\/\"},{\"@type\":\"ListItem\",\"position\":2,\"name\":\"Szem\u00e9lyes adatok bizalmas kezel\u00e9s\u00e9r\u0151l sz\u00f3l\u00f3 politika\"}]},{\"@type\":\"WebSite\",\"@id\":\"https:\\\/\\\/us-gc.net\\\/hu\\\/#website\",\"url\":\"https:\\\/\\\/us-gc.net\\\/hu\\\/\",\"name\":\"USA GC\",\"description\":\"\",\"potentialAction\":[{\"@type\":\"SearchAction\",\"target\":{\"@type\":\"EntryPoint\",\"urlTemplate\":\"https:\\\/\\\/us-gc.net\\\/hu\\\/?s={search_term_string}\"},\"query-input\":{\"@type\":\"PropertyValueSpecification\",\"valueRequired\":true,\"valueName\":\"search_term_string\"}}],\"inLanguage\":\"hu\"}]}<\/script>\n<!-- \/ Yoast SEO plugin. -->","yoast_head_json":{"title":"Szem\u00e9lyes adatok bizalmas kezel\u00e9s\u00e9r\u0151l sz\u00f3l\u00f3 politika - USA GC","description":"R\u00e9szletes adatv\u00e9delmi szab\u00e1lyzat, amely megfelel a hat\u00e1lyos adatv\u00e9delmi szab\u00e1lyoknak","robots":{"index":"noindex","follow":"nofollow"},"og_locale":"hu_HU","og_type":"article","og_title":"Szem\u00e9lyes adatok bizalmas kezel\u00e9s\u00e9r\u0151l sz\u00f3l\u00f3 politika - USA GC","og_description":"R\u00e9szletes adatv\u00e9delmi szab\u00e1lyzat, amely megfelel a hat\u00e1lyos adatv\u00e9delmi szab\u00e1lyoknak","og_url":"https:\/\/us-gc.net\/hu\/adatvedelmi-politika\/","og_site_name":"USA GC","article_modified_time":"2025-03-31T11:22:13+00:00","twitter_card":"summary_large_image","twitter_misc":{"Becs\u00fclt olvas\u00e1si id\u0151":"2 perc"},"schema":{"@context":"https:\/\/schema.org","@graph":[{"@type":"WebPage","@id":"https:\/\/us-gc.net\/hu\/adatvedelmi-politika\/","url":"https:\/\/us-gc.net\/hu\/adatvedelmi-politika\/","name":"Szem\u00e9lyes adatok bizalmas kezel\u00e9s\u00e9r\u0151l sz\u00f3l\u00f3 politika - USA GC","isPartOf":{"@id":"https:\/\/us-gc.net\/hu\/#website"},"datePublished":"2024-01-31T08:01:49+00:00","dateModified":"2025-03-31T11:22:13+00:00","description":"R\u00e9szletes adatv\u00e9delmi szab\u00e1lyzat, amely megfelel a hat\u00e1lyos adatv\u00e9delmi szab\u00e1lyoknak","breadcrumb":{"@id":"https:\/\/us-gc.net\/hu\/adatvedelmi-politika\/#breadcrumb"},"inLanguage":"hu","potentialAction":[{"@type":"ReadAction","target":["https:\/\/us-gc.net\/hu\/adatvedelmi-politika\/"]}]},{"@type":"BreadcrumbList","@id":"https:\/\/us-gc.net\/hu\/adatvedelmi-politika\/#breadcrumb","itemListElement":[{"@type":"ListItem","position":1,"name":"Accueil","item":"https:\/\/us-gc.net\/hu\/green-card\/"},{"@type":"ListItem","position":2,"name":"Szem\u00e9lyes adatok bizalmas kezel\u00e9s\u00e9r\u0151l sz\u00f3l\u00f3 politika"}]},{"@type":"WebSite","@id":"https:\/\/us-gc.net\/hu\/#website","url":"https:\/\/us-gc.net\/hu\/","name":"USA GC","description":"","potentialAction":[{"@type":"SearchAction","target":{"@type":"EntryPoint","urlTemplate":"https:\/\/us-gc.net\/hu\/?s={search_term_string}"},"query-input":{"@type":"PropertyValueSpecification","valueRequired":true,"valueName":"search_term_string"}}],"inLanguage":"hu"}]}},"_links":{"self":[{"href":"https:\/\/us-gc.net\/hu\/wp-json\/wp\/v2\/pages\/4711","targetHints":{"allow":["GET"]}}],"collection":[{"href":"https:\/\/us-gc.net\/hu\/wp-json\/wp\/v2\/pages"}],"about":[{"href":"https:\/\/us-gc.net\/hu\/wp-json\/wp\/v2\/types\/page"}],"author":[{"embeddable":true,"href":"https:\/\/us-gc.net\/hu\/wp-json\/wp\/v2\/users\/1"}],"replies":[{"embeddable":true,"href":"https:\/\/us-gc.net\/hu\/wp-json\/wp\/v2\/comments?post=4711"}],"version-history":[{"count":2,"href":"https:\/\/us-gc.net\/hu\/wp-json\/wp\/v2\/pages\/4711\/revisions"}],"predecessor-version":[{"id":8667,"href":"https:\/\/us-gc.net\/hu\/wp-json\/wp\/v2\/pages\/4711\/revisions\/8667"}],"wp:attachment":[{"href":"https:\/\/us-gc.net\/hu\/wp-json\/wp\/v2\/media?parent=4711"}],"curies":[{"name":"wp","href":"https:\/\/api.w.org\/{rel}","templated":true}]}}