{"id":4709,"date":"2024-01-31T07:59:57","date_gmt":"2024-01-31T07:59:57","guid":{"rendered":"https:\/\/green-card-usa.net\/jogi-nyilatkozat\/"},"modified":"2025-03-31T10:09:46","modified_gmt":"2025-03-31T10:09:46","slug":"jogi-nyilatkozat","status":"publish","type":"page","link":"https:\/\/us-gc.net\/hu\/jogi-nyilatkozat\/","title":{"rendered":"Jogi inform\u00e1ci\u00f3k"},"content":{"rendered":"\n<h1 class=\"wp-block-heading\" id=\"h-mentions-legales-du-site\">Az oldal jogi eml\u00edt\u00e9sei<\/h1>\n\n<h2 class=\"wp-block-heading\" id=\"h-editeur-du-site\">Webhelyszerkeszt\u0151<\/h2>\n\n<p>Az Egyes\u00fclt \u00c1llamok munkaer\u0151piac\u00e1val foglalkoz\u00f3 inform\u00e1ci\u00f3s weboldal vagyunk. Oldalunkat az <a href=\"https:\/\/alma-consulting.org\/\">Alma Consulting<\/a> m\u00e1ltai mag\u00e1nc\u00e9g adja ki. F\u00fcggetlenek vagyunk mindenf\u00e9le k\u00f6zigazgat\u00e1st\u00f3l.    <\/p>\n\n<p>Az oldal k\u00f6zz\u00e9t\u00e9tel\u00e9\u00e9rt felel\u0151s szem\u00e9ly Kevin Borg \u00far. Ha kapcsolatba szeretne l\u00e9pni vel\u00fcnk, k\u00e9rj\u00fck, haszn\u00e1lja a <a href=\"https:\/\/us-gc.net\/hu\/contact\/\">kapcsolatfelv\u00e9teli \u0171rlapot<\/a>.<\/p>\n\n<h2 class=\"wp-block-heading\" id=\"h-hebergement-du-site\">Webhely hosting<\/h2>\n\n<p>A weboldal t\u00e1rhely\u00e9t a franciaorsz\u00e1gi Roubaix-ban m\u0171k\u00f6d\u0151 OVH v\u00e1llalat \u00fczemelteti.\nAz OVH a Lille M\u00e9tropole-i c\u00e9gnyilv\u00e1ntart\u00e1sba B424 761 419 sz\u00e1mon bejegyzett t\u00e1rsas\u00e1g. <\/p>\n\n<h2 class=\"wp-block-heading\" id=\"h-traitement-des-donnees-personnelles\">Szem\u00e9lyes adatok feldolgoz\u00e1sa<\/h2>\n\n<p>Online \u0171rlapon kereszt\u00fcl nem gy\u0171jt\u00fcnk szem\u00e9lyes adatokat. Az oldal l\u00e1togat\u00f3it\u00f3l gy\u0171jt\u00f6tt egyetlen szem\u00e9lyes adat a kapcsolatfelv\u00e9teli \u0171rlapon megadott adatokra vonatkozik. Ezeket az inform\u00e1ci\u00f3kat megsemmis\u00edtj\u00fck, \u00e9s nem \u0151rizz\u00fck meg, miut\u00e1n az e-mailt feldolgoztuk. <\/p>\n\n<p>A b\u00f6ng\u00e9sz\u0151 s\u00fctik tekintet\u00e9ben a l\u00e1togat\u00f3k maguk is letilthatj\u00e1k a b\u00f6ng\u00e9sz\u0151 s\u00fctik haszn\u00e1lat\u00e1t. \u00d6nnek joga van ezen adatokhoz val\u00f3 hozz\u00e1f\u00e9r\u00e9sre, azok m\u00f3dos\u00edt\u00e1s\u00e1ra, helyesb\u00edt\u00e9s\u00e9re \u00e9s t\u00f6rl\u00e9s\u00e9re is. Ha \u00e9lni k\u00edv\u00e1n ezzel a jog\u00e1val, k\u00e9rj\u00fck, l\u00e9pjen kapcsolatba vel\u00fcnk a <a href=\"https:\/\/us-gc.net\/hu\/contact\/\">kapcsolatfelv\u00e9teli \u0171rlapon<\/a>.<\/p>\n","protected":false},"excerpt":{"rendered":"<p>Az oldal jogi eml\u00edt\u00e9sei Webhelyszerkeszt\u0151 Az Egyes\u00fclt \u00c1llamok munkaer\u0151piac\u00e1val foglalkoz\u00f3 inform\u00e1ci\u00f3s weboldal vagyunk. Oldalunkat az Alma Consulting m\u00e1ltai mag\u00e1nc\u00e9g adja ki. F\u00fcggetlenek vagyunk mindenf\u00e9le k\u00f6zigazgat\u00e1st\u00f3l. Az oldal k\u00f6zz\u00e9t\u00e9tel\u00e9\u00e9rt felel\u0151s szem\u00e9ly Kevin Borg \u00far. Ha kapcsolatba szeretne l\u00e9pni vel\u00fcnk, k\u00e9rj\u00fck, haszn\u00e1lja a kapcsolatfelv\u00e9teli \u0171rlapot. Webhely hosting A weboldal t\u00e1rhely\u00e9t a franciaorsz\u00e1gi Roubaix-ban m\u0171k\u00f6d\u0151 OVH v\u00e1llalat \u00fczemelteti. [&hellip;]<\/p>\n","protected":false},"author":1,"featured_media":0,"parent":0,"menu_order":0,"comment_status":"closed","ping_status":"closed","template":"","meta":{"footnotes":""},"class_list":["post-4709","page","type-page","status-publish","hentry"],"yoast_head":"<!-- This site is optimized with the Yoast SEO plugin v27.4 - https:\/\/yoast.com\/product\/yoast-seo-wordpress\/ -->\n<title>Jogi inform\u00e1ci\u00f3k - USA GC<\/title>\n<meta name=\"description\" content=\"Jogi k\u00f6zlem\u00e9ny az us-gc.net weboldalhoz, inform\u00e1ci\u00f3k az amerikai foglalkoztat\u00e1si \u00e9s bev\u00e1ndorl\u00e1si piacr\u00f3l\" \/>\n<meta name=\"robots\" content=\"noindex, nofollow\" \/>\n<meta property=\"og:locale\" content=\"hu_HU\" \/>\n<meta property=\"og:type\" content=\"article\" \/>\n<meta property=\"og:title\" content=\"Jogi inform\u00e1ci\u00f3k - USA GC\" \/>\n<meta property=\"og:description\" content=\"Jogi k\u00f6zlem\u00e9ny az us-gc.net weboldalhoz, inform\u00e1ci\u00f3k az amerikai foglalkoztat\u00e1si \u00e9s bev\u00e1ndorl\u00e1si piacr\u00f3l\" \/>\n<meta property=\"og:url\" content=\"https:\/\/us-gc.net\/hu\/jogi-nyilatkozat\/\" \/>\n<meta property=\"og:site_name\" content=\"USA GC\" \/>\n<meta property=\"article:modified_time\" content=\"2025-03-31T10:09:46+00:00\" \/>\n<meta name=\"twitter:card\" content=\"summary_large_image\" \/>\n<meta name=\"twitter:label1\" content=\"Becs\u00fclt olvas\u00e1si id\u0151\" \/>\n\t<meta name=\"twitter:data1\" content=\"1 perc\" \/>\n<script type=\"application\/ld+json\" class=\"yoast-schema-graph\">{\"@context\":\"https:\\\/\\\/schema.org\",\"@graph\":[{\"@type\":\"WebPage\",\"@id\":\"https:\\\/\\\/us-gc.net\\\/hu\\\/jogi-nyilatkozat\\\/\",\"url\":\"https:\\\/\\\/us-gc.net\\\/hu\\\/jogi-nyilatkozat\\\/\",\"name\":\"Jogi inform\u00e1ci\u00f3k - USA GC\",\"isPartOf\":{\"@id\":\"https:\\\/\\\/us-gc.net\\\/hu\\\/#website\"},\"datePublished\":\"2024-01-31T07:59:57+00:00\",\"dateModified\":\"2025-03-31T10:09:46+00:00\",\"description\":\"Jogi k\u00f6zlem\u00e9ny az us-gc.net weboldalhoz, inform\u00e1ci\u00f3k az amerikai foglalkoztat\u00e1si \u00e9s bev\u00e1ndorl\u00e1si piacr\u00f3l\",\"breadcrumb\":{\"@id\":\"https:\\\/\\\/us-gc.net\\\/hu\\\/jogi-nyilatkozat\\\/#breadcrumb\"},\"inLanguage\":\"hu\",\"potentialAction\":[{\"@type\":\"ReadAction\",\"target\":[\"https:\\\/\\\/us-gc.net\\\/hu\\\/jogi-nyilatkozat\\\/\"]}]},{\"@type\":\"BreadcrumbList\",\"@id\":\"https:\\\/\\\/us-gc.net\\\/hu\\\/jogi-nyilatkozat\\\/#breadcrumb\",\"itemListElement\":[{\"@type\":\"ListItem\",\"position\":1,\"name\":\"Accueil\",\"item\":\"https:\\\/\\\/us-gc.net\\\/hu\\\/green-card\\\/\"},{\"@type\":\"ListItem\",\"position\":2,\"name\":\"Jogi inform\u00e1ci\u00f3k\"}]},{\"@type\":\"WebSite\",\"@id\":\"https:\\\/\\\/us-gc.net\\\/hu\\\/#website\",\"url\":\"https:\\\/\\\/us-gc.net\\\/hu\\\/\",\"name\":\"USA GC\",\"description\":\"\",\"potentialAction\":[{\"@type\":\"SearchAction\",\"target\":{\"@type\":\"EntryPoint\",\"urlTemplate\":\"https:\\\/\\\/us-gc.net\\\/hu\\\/?s={search_term_string}\"},\"query-input\":{\"@type\":\"PropertyValueSpecification\",\"valueRequired\":true,\"valueName\":\"search_term_string\"}}],\"inLanguage\":\"hu\"}]}<\/script>\n<!-- \/ Yoast SEO plugin. -->","yoast_head_json":{"title":"Jogi inform\u00e1ci\u00f3k - USA GC","description":"Jogi k\u00f6zlem\u00e9ny az us-gc.net weboldalhoz, inform\u00e1ci\u00f3k az amerikai foglalkoztat\u00e1si \u00e9s bev\u00e1ndorl\u00e1si piacr\u00f3l","robots":{"index":"noindex","follow":"nofollow"},"og_locale":"hu_HU","og_type":"article","og_title":"Jogi inform\u00e1ci\u00f3k - USA GC","og_description":"Jogi k\u00f6zlem\u00e9ny az us-gc.net weboldalhoz, inform\u00e1ci\u00f3k az amerikai foglalkoztat\u00e1si \u00e9s bev\u00e1ndorl\u00e1si piacr\u00f3l","og_url":"https:\/\/us-gc.net\/hu\/jogi-nyilatkozat\/","og_site_name":"USA GC","article_modified_time":"2025-03-31T10:09:46+00:00","twitter_card":"summary_large_image","twitter_misc":{"Becs\u00fclt olvas\u00e1si id\u0151":"1 perc"},"schema":{"@context":"https:\/\/schema.org","@graph":[{"@type":"WebPage","@id":"https:\/\/us-gc.net\/hu\/jogi-nyilatkozat\/","url":"https:\/\/us-gc.net\/hu\/jogi-nyilatkozat\/","name":"Jogi inform\u00e1ci\u00f3k - USA GC","isPartOf":{"@id":"https:\/\/us-gc.net\/hu\/#website"},"datePublished":"2024-01-31T07:59:57+00:00","dateModified":"2025-03-31T10:09:46+00:00","description":"Jogi k\u00f6zlem\u00e9ny az us-gc.net weboldalhoz, inform\u00e1ci\u00f3k az amerikai foglalkoztat\u00e1si \u00e9s bev\u00e1ndorl\u00e1si piacr\u00f3l","breadcrumb":{"@id":"https:\/\/us-gc.net\/hu\/jogi-nyilatkozat\/#breadcrumb"},"inLanguage":"hu","potentialAction":[{"@type":"ReadAction","target":["https:\/\/us-gc.net\/hu\/jogi-nyilatkozat\/"]}]},{"@type":"BreadcrumbList","@id":"https:\/\/us-gc.net\/hu\/jogi-nyilatkozat\/#breadcrumb","itemListElement":[{"@type":"ListItem","position":1,"name":"Accueil","item":"https:\/\/us-gc.net\/hu\/green-card\/"},{"@type":"ListItem","position":2,"name":"Jogi inform\u00e1ci\u00f3k"}]},{"@type":"WebSite","@id":"https:\/\/us-gc.net\/hu\/#website","url":"https:\/\/us-gc.net\/hu\/","name":"USA GC","description":"","potentialAction":[{"@type":"SearchAction","target":{"@type":"EntryPoint","urlTemplate":"https:\/\/us-gc.net\/hu\/?s={search_term_string}"},"query-input":{"@type":"PropertyValueSpecification","valueRequired":true,"valueName":"search_term_string"}}],"inLanguage":"hu"}]}},"_links":{"self":[{"href":"https:\/\/us-gc.net\/hu\/wp-json\/wp\/v2\/pages\/4709","targetHints":{"allow":["GET"]}}],"collection":[{"href":"https:\/\/us-gc.net\/hu\/wp-json\/wp\/v2\/pages"}],"about":[{"href":"https:\/\/us-gc.net\/hu\/wp-json\/wp\/v2\/types\/page"}],"author":[{"embeddable":true,"href":"https:\/\/us-gc.net\/hu\/wp-json\/wp\/v2\/users\/1"}],"replies":[{"embeddable":true,"href":"https:\/\/us-gc.net\/hu\/wp-json\/wp\/v2\/comments?post=4709"}],"version-history":[{"count":2,"href":"https:\/\/us-gc.net\/hu\/wp-json\/wp\/v2\/pages\/4709\/revisions"}],"predecessor-version":[{"id":8462,"href":"https:\/\/us-gc.net\/hu\/wp-json\/wp\/v2\/pages\/4709\/revisions\/8462"}],"wp:attachment":[{"href":"https:\/\/us-gc.net\/hu\/wp-json\/wp\/v2\/media?parent=4709"}],"curies":[{"name":"wp","href":"https:\/\/api.w.org\/{rel}","templated":true}]}}