{"id":4707,"date":"2024-02-04T15:55:27","date_gmt":"2024-02-04T15:55:27","guid":{"rendered":"https:\/\/green-card-usa.net\/lotto-green-card-2026\/"},"modified":"2025-03-31T10:09:28","modified_gmt":"2025-03-31T10:09:28","slug":"lotto-green-card-2026","status":"publish","type":"page","link":"https:\/\/us-gc.net\/hu\/lotto-green-card-2026\/","title":{"rendered":"Green Card lott\u00f3 2026"},"content":{"rendered":"\n<h1 class=\"wp-block-heading\" id=\"h-la-loterie-de-la-green-card-2026\">A 2026-os Green Card lott\u00f3<\/h1>\n\n<p>Az Egyes\u00fclt \u00c1llamok \u00e9vente t\u00f6bb mint 50 000 k\u00fclf\u00f6ldi \u00e1llampolg\u00e1rnak k\u00edn\u00e1l lehet\u0151s\u00e9get arra, hogy sorsol\u00e1s \u00fatj\u00e1n z\u00f6ldk\u00e1rty\u00e1t kapjon. Ez a sorsol\u00e1s az amerikai soksz\u00edn\u0171s\u00e9gi v\u00edzumprogram r\u00e9sze. Ezt a programot az Egyes\u00fclt \u00c1llamokba ir\u00e1nyul\u00f3 bev\u00e1ndorl\u00e1s kezel\u00e9s\u00e9re hozt\u00e1k l\u00e9tre.<\/p>\n\n<h2 class=\"wp-block-heading\" id=\"h-qu-est-ce-que-la-loterie-de-la-green-card-2026\">Mi az a Green Card 2026 lott\u00f3?<\/h2>\n\n<p>A z\u00f6ldk\u00e1rtya-sorsol\u00e1son minden egyes prom\u00f3ci\u00f3 azt az \u00e9vsz\u00e1mot viseli, amelyben a jel\u00f6ltek v\u00e9g\u00fcl <a href=\"https:\/\/us-gc.net\/hu\/\">amerikai Green Card<\/a> birtokosai lesznek. A 2026-os z\u00f6ldk\u00e1rtya-sorsol\u00e1s teh\u00e1t a 2026-ban kibocs\u00e1tand\u00f3 z\u00f6ldk\u00e1rty\u00e1k kv\u00f3t\u00e1j\u00e1ra vonatkozik. Az amerikai korm\u00e1nyzat a DV-2026 soksz\u00edn\u0171s\u00e9gi programb\u00f3l sz\u00e1rmaz\u00f3 \u00faj v\u00edzumok t\u00e1mogat\u00e1s\u00e1t a Diversity-Program 2026-nak nevezi.<\/p>\n\n<h2 class=\"wp-block-heading\" id=\"h-quand-se-deroule-le-tirage-au-sort-du-quota-de-green-card-2026\">Mikor lesz a 2026-os z\u00f6ldk\u00e1rtya-kv\u00f3ta sorsol\u00e1sa?<\/h2>\n\n<p>A z\u00f6ldk\u00e1rtya sorsol\u00e1s \u00fatj\u00e1n t\u00f6rt\u00e9n\u0151 megszerz\u00e9s\u00e9nek t\u00f6bb szakasza van. Az els\u0151 szakasz a sorsol\u00e1s. <\/p>\n\n<p><strong>A DV2026 p\u00e1ly\u00e1z\u00f3knak 2024. okt\u00f3ber 2-t\u00f3l kellett regisztr\u00e1lniuk<\/strong>, hogy r\u00e9szt vehessenek a sorsol\u00e1son, amelyre minden \u00e9vben november elej\u00e9n ker\u00fcl sor. A DV2026 sorsol\u00e1sra val\u00f3 online regisztr\u00e1ci\u00f3 2024. november 5-\u00e9n z\u00e1rult. <\/p>\n\n<h2 class=\"wp-block-heading\" id=\"h-quand-sont-publies-les-resultats-du-tirage-au-sort-du-dv-2026\">Mikor teszik k\u00f6zz\u00e9 a DV-2026 sorsol\u00e1s eredm\u00e9nyeit?<\/h2>\n\n<p><a href=\"https:\/\/us-gc.net\/hu\/lotto-eredmenyek-green-card\/\">A z\u00f6ldk\u00e1rtya-sorsol\u00e1s eredm\u00e9nyeit<\/a> k\u00f6r\u00fclbel\u00fcl 6 h\u00f3nappal a k\u00e9relmek beny\u00fajt\u00e1s\u00e1nak befejez\u00e9se ut\u00e1n teszik k\u00f6zz\u00e9: A DV2026 sorsol\u00e1s eredm\u00e9nyeit 2025 m\u00e1jus\u00e1t\u00f3l teszik k\u00f6zz\u00e9.<\/p>\n\n<h2 class=\"wp-block-heading\" id=\"h-quel-sont-les-etapes-suivantes-pour-les-gagnants-de-la-loterie\">Mik a k\u00f6vetkez\u0151 l\u00e9p\u00e9sek a lott\u00f3nyertesek sz\u00e1m\u00e1ra?<\/h2>\n\n<p>A nyerteseknek ezut\u00e1n soksz\u00edn\u0171s\u00e9gi v\u00edzumot kell k\u00e9relmezni\u00fck. A z\u00f6ld k\u00e1rtya megszerz\u00e9s\u00e9nek f\u0151 l\u00e9p\u00e9sei a k\u00f6vetkez\u0151k:<\/p>\n\n<ul class=\"wp-block-list\">\n<li>T\u00f6ltse ki a <a href=\"https:\/\/travel.state.gov\/content\/travel\/en\/us-visas\/visa-information-resources\/forms\/online-immigrant-visa-forms\/ds-260-faqs.html\">DS-260-as v\u00edzumk\u00e9relmi nyomtatv\u00e1nyt<\/a>.<\/li>\n\n\n\n<li>A <a href=\"https:\/\/us-gc.net\/hu\/green-card-dij\/\">Green Card megszerz\u00e9s\u00e9hez sz\u00fcks\u00e9ges d\u00edjak<\/a> megfizet\u00e9se e k\u00f6telez\u0151 v\u00edzumk\u00e9relem r\u00e9szek\u00e9nt;<\/li>\n\n\n\n<li>Vegye fel a <a href=\"https:\/\/us-gc.net\/hu\/interju-green-card\/\">Green Card-interj\u00fat<\/a> egy olyan USCIS-tisztvisel\u0151vel, aki r\u00e9szt vesz a soksz\u00edn\u0171s\u00e9gi v\u00edzumprogramban.<\/li>\n<\/ul>\n\n<div style=\"height:10px\" aria-hidden=\"true\" class=\"wp-block-spacer\"><\/div>\n\n<p>A <a href=\"https:\/\/us-gc.net\/hu\/kulonbseg-a-zoldkartya-es-a-vizum-kozott\/\">Green Card \u00e9s a v\u00edzum k\u00fcl\u00f6nb\u00f6z\u0151 dokumentumok<\/a>. A soksz\u00edn\u0171s\u00e9gi v\u00edzum megszerz\u00e9se a z\u00f6ld k\u00e1rtya megszerz\u00e9s\u00e9nek egyik l\u00e9p\u00e9se.<\/p>\n\n<p><\/p>\n\n<p><\/p>\n","protected":false},"excerpt":{"rendered":"<p>A 2026-os Green Card lott\u00f3 Az Egyes\u00fclt \u00c1llamok \u00e9vente t\u00f6bb mint 50 000 k\u00fclf\u00f6ldi \u00e1llampolg\u00e1rnak k\u00edn\u00e1l lehet\u0151s\u00e9get arra, hogy sorsol\u00e1s \u00fatj\u00e1n z\u00f6ldk\u00e1rty\u00e1t kapjon. Ez a sorsol\u00e1s az amerikai soksz\u00edn\u0171s\u00e9gi v\u00edzumprogram r\u00e9sze. Ezt a programot az Egyes\u00fclt \u00c1llamokba ir\u00e1nyul\u00f3 bev\u00e1ndorl\u00e1s kezel\u00e9s\u00e9re hozt\u00e1k l\u00e9tre. Mi az a Green Card 2026 lott\u00f3? A z\u00f6ldk\u00e1rtya-sorsol\u00e1son minden egyes prom\u00f3ci\u00f3 azt [&hellip;]<\/p>\n","protected":false},"author":1,"featured_media":0,"parent":0,"menu_order":0,"comment_status":"closed","ping_status":"closed","template":"","meta":{"footnotes":""},"class_list":["post-4707","page","type-page","status-publish","hentry"],"yoast_head":"<!-- This site is optimized with the Yoast SEO plugin v27.4 - https:\/\/yoast.com\/product\/yoast-seo-wordpress\/ -->\n<title>Green Card lott\u00f3 2026 - USA GC<\/title>\n<meta name=\"description\" content=\"Itt van minden inform\u00e1ci\u00f3 a 2026-ban sorsol\u00e1s \u00fatj\u00e1n t\u00f6rt\u00e9n\u0151 z\u00f6ld k\u00e1rtya megszerz\u00e9s\u00e9re ir\u00e1nyul\u00f3 programr\u00f3l az Egyes\u00fclt \u00c1llamokban.\" \/>\n<meta name=\"robots\" content=\"index, follow, max-snippet:-1, max-image-preview:large, max-video-preview:-1\" \/>\n<link rel=\"canonical\" href=\"https:\/\/us-gc.net\/hu\/lotto-green-card-2026\/\" \/>\n<meta property=\"og:locale\" content=\"hu_HU\" \/>\n<meta property=\"og:type\" content=\"article\" \/>\n<meta property=\"og:title\" content=\"Green Card lott\u00f3 2026 - USA GC\" \/>\n<meta property=\"og:description\" content=\"Itt van minden inform\u00e1ci\u00f3 a 2026-ban sorsol\u00e1s \u00fatj\u00e1n t\u00f6rt\u00e9n\u0151 z\u00f6ld k\u00e1rtya megszerz\u00e9s\u00e9re ir\u00e1nyul\u00f3 programr\u00f3l az Egyes\u00fclt \u00c1llamokban.\" \/>\n<meta property=\"og:url\" content=\"https:\/\/us-gc.net\/hu\/lotto-green-card-2026\/\" \/>\n<meta property=\"og:site_name\" content=\"USA GC\" \/>\n<meta property=\"article:modified_time\" content=\"2025-03-31T10:09:28+00:00\" \/>\n<meta name=\"twitter:card\" content=\"summary_large_image\" \/>\n<meta name=\"twitter:label1\" content=\"Becs\u00fclt olvas\u00e1si id\u0151\" \/>\n\t<meta name=\"twitter:data1\" content=\"2 perc\" \/>\n<script type=\"application\/ld+json\" class=\"yoast-schema-graph\">{\"@context\":\"https:\\\/\\\/schema.org\",\"@graph\":[{\"@type\":\"WebPage\",\"@id\":\"https:\\\/\\\/us-gc.net\\\/hu\\\/lotto-green-card-2026\\\/\",\"url\":\"https:\\\/\\\/us-gc.net\\\/hu\\\/lotto-green-card-2026\\\/\",\"name\":\"Green Card lott\u00f3 2026 - USA GC\",\"isPartOf\":{\"@id\":\"https:\\\/\\\/us-gc.net\\\/hu\\\/#website\"},\"datePublished\":\"2024-02-04T15:55:27+00:00\",\"dateModified\":\"2025-03-31T10:09:28+00:00\",\"description\":\"Itt van minden inform\u00e1ci\u00f3 a 2026-ban sorsol\u00e1s \u00fatj\u00e1n t\u00f6rt\u00e9n\u0151 z\u00f6ld k\u00e1rtya megszerz\u00e9s\u00e9re ir\u00e1nyul\u00f3 programr\u00f3l az Egyes\u00fclt \u00c1llamokban.\",\"breadcrumb\":{\"@id\":\"https:\\\/\\\/us-gc.net\\\/hu\\\/lotto-green-card-2026\\\/#breadcrumb\"},\"inLanguage\":\"hu\",\"potentialAction\":[{\"@type\":\"ReadAction\",\"target\":[\"https:\\\/\\\/us-gc.net\\\/hu\\\/lotto-green-card-2026\\\/\"]}]},{\"@type\":\"BreadcrumbList\",\"@id\":\"https:\\\/\\\/us-gc.net\\\/hu\\\/lotto-green-card-2026\\\/#breadcrumb\",\"itemListElement\":[{\"@type\":\"ListItem\",\"position\":1,\"name\":\"Accueil\",\"item\":\"https:\\\/\\\/us-gc.net\\\/hu\\\/green-card\\\/\"},{\"@type\":\"ListItem\",\"position\":2,\"name\":\"Green Card lott\u00f3 2026\"}]},{\"@type\":\"WebSite\",\"@id\":\"https:\\\/\\\/us-gc.net\\\/hu\\\/#website\",\"url\":\"https:\\\/\\\/us-gc.net\\\/hu\\\/\",\"name\":\"USA GC\",\"description\":\"\",\"potentialAction\":[{\"@type\":\"SearchAction\",\"target\":{\"@type\":\"EntryPoint\",\"urlTemplate\":\"https:\\\/\\\/us-gc.net\\\/hu\\\/?s={search_term_string}\"},\"query-input\":{\"@type\":\"PropertyValueSpecification\",\"valueRequired\":true,\"valueName\":\"search_term_string\"}}],\"inLanguage\":\"hu\"}]}<\/script>\n<!-- \/ Yoast SEO plugin. -->","yoast_head_json":{"title":"Green Card lott\u00f3 2026 - USA GC","description":"Itt van minden inform\u00e1ci\u00f3 a 2026-ban sorsol\u00e1s \u00fatj\u00e1n t\u00f6rt\u00e9n\u0151 z\u00f6ld k\u00e1rtya megszerz\u00e9s\u00e9re ir\u00e1nyul\u00f3 programr\u00f3l az Egyes\u00fclt \u00c1llamokban.","robots":{"index":"index","follow":"follow","max-snippet":"max-snippet:-1","max-image-preview":"max-image-preview:large","max-video-preview":"max-video-preview:-1"},"canonical":"https:\/\/us-gc.net\/hu\/lotto-green-card-2026\/","og_locale":"hu_HU","og_type":"article","og_title":"Green Card lott\u00f3 2026 - USA GC","og_description":"Itt van minden inform\u00e1ci\u00f3 a 2026-ban sorsol\u00e1s \u00fatj\u00e1n t\u00f6rt\u00e9n\u0151 z\u00f6ld k\u00e1rtya megszerz\u00e9s\u00e9re ir\u00e1nyul\u00f3 programr\u00f3l az Egyes\u00fclt \u00c1llamokban.","og_url":"https:\/\/us-gc.net\/hu\/lotto-green-card-2026\/","og_site_name":"USA GC","article_modified_time":"2025-03-31T10:09:28+00:00","twitter_card":"summary_large_image","twitter_misc":{"Becs\u00fclt olvas\u00e1si id\u0151":"2 perc"},"schema":{"@context":"https:\/\/schema.org","@graph":[{"@type":"WebPage","@id":"https:\/\/us-gc.net\/hu\/lotto-green-card-2026\/","url":"https:\/\/us-gc.net\/hu\/lotto-green-card-2026\/","name":"Green Card lott\u00f3 2026 - USA GC","isPartOf":{"@id":"https:\/\/us-gc.net\/hu\/#website"},"datePublished":"2024-02-04T15:55:27+00:00","dateModified":"2025-03-31T10:09:28+00:00","description":"Itt van minden inform\u00e1ci\u00f3 a 2026-ban sorsol\u00e1s \u00fatj\u00e1n t\u00f6rt\u00e9n\u0151 z\u00f6ld k\u00e1rtya megszerz\u00e9s\u00e9re ir\u00e1nyul\u00f3 programr\u00f3l az Egyes\u00fclt \u00c1llamokban.","breadcrumb":{"@id":"https:\/\/us-gc.net\/hu\/lotto-green-card-2026\/#breadcrumb"},"inLanguage":"hu","potentialAction":[{"@type":"ReadAction","target":["https:\/\/us-gc.net\/hu\/lotto-green-card-2026\/"]}]},{"@type":"BreadcrumbList","@id":"https:\/\/us-gc.net\/hu\/lotto-green-card-2026\/#breadcrumb","itemListElement":[{"@type":"ListItem","position":1,"name":"Accueil","item":"https:\/\/us-gc.net\/hu\/green-card\/"},{"@type":"ListItem","position":2,"name":"Green Card lott\u00f3 2026"}]},{"@type":"WebSite","@id":"https:\/\/us-gc.net\/hu\/#website","url":"https:\/\/us-gc.net\/hu\/","name":"USA GC","description":"","potentialAction":[{"@type":"SearchAction","target":{"@type":"EntryPoint","urlTemplate":"https:\/\/us-gc.net\/hu\/?s={search_term_string}"},"query-input":{"@type":"PropertyValueSpecification","valueRequired":true,"valueName":"search_term_string"}}],"inLanguage":"hu"}]}},"_links":{"self":[{"href":"https:\/\/us-gc.net\/hu\/wp-json\/wp\/v2\/pages\/4707","targetHints":{"allow":["GET"]}}],"collection":[{"href":"https:\/\/us-gc.net\/hu\/wp-json\/wp\/v2\/pages"}],"about":[{"href":"https:\/\/us-gc.net\/hu\/wp-json\/wp\/v2\/types\/page"}],"author":[{"embeddable":true,"href":"https:\/\/us-gc.net\/hu\/wp-json\/wp\/v2\/users\/1"}],"replies":[{"embeddable":true,"href":"https:\/\/us-gc.net\/hu\/wp-json\/wp\/v2\/comments?post=4707"}],"version-history":[{"count":3,"href":"https:\/\/us-gc.net\/hu\/wp-json\/wp\/v2\/pages\/4707\/revisions"}],"predecessor-version":[{"id":10121,"href":"https:\/\/us-gc.net\/hu\/wp-json\/wp\/v2\/pages\/4707\/revisions\/10121"}],"wp:attachment":[{"href":"https:\/\/us-gc.net\/hu\/wp-json\/wp\/v2\/media?parent=4707"}],"curies":[{"name":"wp","href":"https:\/\/api.w.org\/{rel}","templated":true}]}}