{"id":4705,"date":"2024-01-31T16:02:41","date_gmt":"2024-01-31T16:02:41","guid":{"rendered":"https:\/\/green-card-usa.net\/lotto-green-card-2025\/"},"modified":"2024-12-30T09:45:44","modified_gmt":"2024-12-30T09:45:44","slug":"lotto-green-card-2025","status":"publish","type":"page","link":"https:\/\/us-gc.net\/hu\/lotto-green-card-2025\/","title":{"rendered":"Green Card 2025 lott\u00f3"},"content":{"rendered":"\n<h1 class=\"wp-block-heading\" id=\"h-loterie-de-la-green-card-en-2025\">Green Card lott\u00f3 2025-ben<\/h1>\n\n<p>A Green Card-sorsol\u00e1sra \u00e9vente csak egyszer ker\u00fcl sor. \u00cdgy minden \u00e9vben \u00faj lott\u00f3nyertesek \u00e9rkeznek, akiket a z\u00f6ldk\u00e1rtya megszerz\u00e9s\u00e9nek \u00e9ve alapj\u00e1n neveznek meg.<\/p>\n\n<h2 class=\"wp-block-heading\" id=\"h-qu-est-ce-que-la-loterie-2025-de-la-green-card\">Mi az a 2025-\u00f6s z\u00f6ldk\u00e1rtya lott\u00f3?<\/h2>\n\n<p>A 2025-\u00f6s z\u00f6ldk\u00e1rtya-sorsol\u00e1s a 2025-ben kibocs\u00e1tand\u00f3 z\u00f6ldk\u00e1rty\u00e1k kv\u00f3t\u00e1j\u00e1ra vonatkozik. A 2025-\u00f6s sorsol\u00e1sra 2023 okt\u00f3ber\u00e9ben ker\u00fclt sor. Ez a sorsol\u00e1s t\u00f6bb mint 50 000 k\u00fclf\u00f6ldi \u00e1llampolg\u00e1rt jel\u00f6lt ki, akik az Egyes\u00fclt \u00c1llamok <a href=\"https:\/\/us-gc.net\/hu\/sokszinusegi-vizumprogram\/\">soksz\u00edn\u0171s\u00e9gi v\u00edzumprogramja<\/a> keret\u00e9ben z\u00f6ldk\u00e1rtya megszerz\u00e9s\u00e9re jogosultak.  <\/p>\n\n<h2 class=\"wp-block-heading\" id=\"h-quand-se-deroule-la-loterie-de-la-green-card-en-2025\">Mikor ker\u00fcl sor a z\u00f6ldk\u00e1rtya sorsol\u00e1sra 2025-ben?<\/h2>\n\n<p>A 2025-ben megrendez\u00e9sre ker\u00fcl\u0151 sorsol\u00e1sra a regisztr\u00e1ci\u00f3 2025 okt\u00f3ber\u00e9ben ny\u00edlik meg.<\/p>\n\n<h2 class=\"wp-block-heading\" id=\"h-quelles-sont-les-resultats-de-la-loterie-de-la-green-card-2025\">Milyen eredm\u00e9nyek sz\u00fclettek a 2025-\u00f6s z\u00f6ldk\u00e1rtya sorsol\u00e1son?<\/h2>\n\n<p>A <a href=\"https:\/\/us-gc.net\/hu\/lotto-eredmenyek-green-card\/\">z\u00f6ldk\u00e1rtya-sorsol\u00e1s eredm\u00e9nyeit<\/a> k\u00f6r\u00fclbel\u00fcl 6 h\u00f3nappal a novemberben tartott sorsol\u00e1s ut\u00e1n teszik k\u00f6zz\u00e9. A 2025-ben sorra ker\u00fcl\u0151 sorsol\u00e1s eredm\u00e9nyeit 2026 m\u00e1jus\u00e1t\u00f3l teszik k\u00f6zz\u00e9 az interneten.<\/p>\n\n<p>A 2023 november\u00e9ben tartott Diversity Visa 2025 sorsol\u00e1s eredm\u00e9nyei 2024. m\u00e1jus 4. \u00f3ta el\u00e9rhet\u0151k az al\u00e1bbi online oldalon: <a href=\"https:\/\/dvprogram.state.gov\/ESC\/\">dvprogram.state.gov<\/a>.<\/p>\n\n<h2 class=\"wp-block-heading\" id=\"h-comment-s-inscrire-a-la-loterie-de-la-green-card-2025\">Hogyan vehetek r\u00e9szt a 2025-\u00f6s z\u00f6ldk\u00e1rtya sorsol\u00e1son?<\/h2>\n\n<p>A <a href=\"https:\/\/us-gc.net\/hu\/amerikai-lotto-zold-kartya\/\">Z\u00f6ldk\u00e1rtya USA lott\u00f3<\/a> regisztr\u00e1ci\u00f3ja teljes m\u00e9rt\u00e9kben online t\u00f6rt\u00e9nik. Vegyen <strong>r\u00e9szt ezen az \u00e9ves sorsol\u00e1son az online regisztr\u00e1ci\u00f3val<\/strong>, mind\u00f6ssze n\u00e9h\u00e1ny perc alatt, az <a href=\"https:\/\/us-gc.net\/hu\/green-card-lotto-urlap\/\">online \u0171rlapra<\/a> kattintva. A folyamat mind\u00f6ssze n\u00e9h\u00e1ny percet vesz ig\u00e9nybe.<\/p>\n\n<h2 class=\"wp-block-heading\" id=\"h-quel-sont-les-etapes-suivantes-pour-les-gagnants-de-la-loterie\">Mik a k\u00f6vetkez\u0151 l\u00e9p\u00e9sek a lott\u00f3nyertesek sz\u00e1m\u00e1ra?<\/h2>\n\n<p>A lott\u00f3nyerteseknek ezut\u00e1n soksz\u00edn\u0171s\u00e9gi v\u00edzumot kell szerezni\u00fck. Az elj\u00e1r\u00e1s k\u00f6vetkez\u0151 l\u00e9p\u00e9sei a k\u00f6vetkez\u0151k:<\/p>\n\n<ul class=\"wp-block-list\">\n<li>T\u00f6ltse ki a <a href=\"https:\/\/travel.state.gov\/content\/travel\/en\/us-visas\/visa-information-resources\/forms\/online-immigrant-visa-forms\/ds-260-faqs.html\">DS-260-as v\u00edzumk\u00e9relmi nyomtatv\u00e1nyt<\/a>.<\/li>\n\n\n\n<li>A <a href=\"https:\/\/us-gc.net\/hu\/green-card-dij\/\">Green Card megszerz\u00e9s\u00e9hez sz\u00fcks\u00e9ges d\u00edjak<\/a> megfizet\u00e9se e k\u00f6telez\u0151 v\u00edzumk\u00e9relem r\u00e9szek\u00e9nt;<\/li>\n\n\n\n<li><a href=\"https:\/\/us-gc.net\/hu\/interju-green-card\/\">Interj\u00fa a z\u00f6ldk\u00e1rty\u00e1val kapcsolatban<\/a> az USCIS Diversity Visa Program tisztvisel\u0151j\u00e9vel;<\/li>\n\n\n\n<li>V\u00e9gezzen orvosi vizsg\u00e1latot.<\/li>\n<\/ul>\n\n<div style=\"height:10px\" aria-hidden=\"true\" class=\"wp-block-spacer\"><\/div>\n\n<p>A <a href=\"https:\/\/us-gc.net\/hu\/kulonbseg-a-zoldkartya-es-a-vizum-kozott\/\">Green Card \u00e9s a v\u00edzum k\u00fcl\u00f6nb\u00f6z\u0151 dokumentumok<\/a>. A soksz\u00edn\u0171s\u00e9gi v\u00edzum megszerz\u00e9se a z\u00f6ld k\u00e1rtya megszerz\u00e9s\u00e9nek egyik l\u00e9p\u00e9se.<\/p>\n","protected":false},"excerpt":{"rendered":"<p>Green Card lott\u00f3 2025-ben A Green Card-sorsol\u00e1sra \u00e9vente csak egyszer ker\u00fcl sor. \u00cdgy minden \u00e9vben \u00faj lott\u00f3nyertesek \u00e9rkeznek, akiket a z\u00f6ldk\u00e1rtya megszerz\u00e9s\u00e9nek \u00e9ve alapj\u00e1n neveznek meg. Mi az a 2025-\u00f6s z\u00f6ldk\u00e1rtya lott\u00f3? A 2025-\u00f6s z\u00f6ldk\u00e1rtya-sorsol\u00e1s a 2025-ben kibocs\u00e1tand\u00f3 z\u00f6ldk\u00e1rty\u00e1k kv\u00f3t\u00e1j\u00e1ra vonatkozik. A 2025-\u00f6s sorsol\u00e1sra 2023 okt\u00f3ber\u00e9ben ker\u00fclt sor. Ez a sorsol\u00e1s t\u00f6bb mint 50 000 [&hellip;]<\/p>\n","protected":false},"author":1,"featured_media":0,"parent":0,"menu_order":0,"comment_status":"closed","ping_status":"closed","template":"","meta":{"footnotes":""},"class_list":["post-4705","page","type-page","status-publish","hentry"],"yoast_head":"<!-- This site is optimized with the Yoast SEO plugin v27.4 - https:\/\/yoast.com\/product\/yoast-seo-wordpress\/ -->\n<title>Green Card 2025 lott\u00f3 - USA GC<\/title>\n<meta name=\"description\" content=\"Vegyen r\u00e9szt a 2025-\u00f6s z\u00f6ldk\u00e1rtya sorsol\u00e1son, hogy \u00e1lland\u00f3 lakhellyel rendelkez\u0151 k\u00e1rty\u00e1t kapjon az Egyes\u00fclt \u00c1llamokban.\" \/>\n<meta name=\"robots\" content=\"index, follow, max-snippet:-1, max-image-preview:large, max-video-preview:-1\" \/>\n<link rel=\"canonical\" href=\"https:\/\/us-gc.net\/hu\/lotto-green-card-2025\/\" \/>\n<meta property=\"og:locale\" content=\"hu_HU\" \/>\n<meta property=\"og:type\" content=\"article\" \/>\n<meta property=\"og:title\" content=\"Green Card 2025 lott\u00f3 - USA GC\" \/>\n<meta property=\"og:description\" content=\"Vegyen r\u00e9szt a 2025-\u00f6s z\u00f6ldk\u00e1rtya sorsol\u00e1son, hogy \u00e1lland\u00f3 lakhellyel rendelkez\u0151 k\u00e1rty\u00e1t kapjon az Egyes\u00fclt \u00c1llamokban.\" \/>\n<meta property=\"og:url\" content=\"https:\/\/us-gc.net\/hu\/lotto-green-card-2025\/\" \/>\n<meta property=\"og:site_name\" content=\"USA GC\" \/>\n<meta property=\"article:modified_time\" content=\"2024-12-30T09:45:44+00:00\" \/>\n<meta name=\"twitter:card\" content=\"summary_large_image\" \/>\n<meta name=\"twitter:label1\" content=\"Becs\u00fclt olvas\u00e1si id\u0151\" \/>\n\t<meta name=\"twitter:data1\" content=\"2 perc\" \/>\n<script type=\"application\/ld+json\" class=\"yoast-schema-graph\">{\"@context\":\"https:\\\/\\\/schema.org\",\"@graph\":[{\"@type\":\"WebPage\",\"@id\":\"https:\\\/\\\/us-gc.net\\\/hu\\\/lotto-green-card-2025\\\/\",\"url\":\"https:\\\/\\\/us-gc.net\\\/hu\\\/lotto-green-card-2025\\\/\",\"name\":\"Green Card 2025 lott\u00f3 - USA GC\",\"isPartOf\":{\"@id\":\"https:\\\/\\\/us-gc.net\\\/hu\\\/#website\"},\"datePublished\":\"2024-01-31T16:02:41+00:00\",\"dateModified\":\"2024-12-30T09:45:44+00:00\",\"description\":\"Vegyen r\u00e9szt a 2025-\u00f6s z\u00f6ldk\u00e1rtya sorsol\u00e1son, hogy \u00e1lland\u00f3 lakhellyel rendelkez\u0151 k\u00e1rty\u00e1t kapjon az Egyes\u00fclt \u00c1llamokban.\",\"breadcrumb\":{\"@id\":\"https:\\\/\\\/us-gc.net\\\/hu\\\/lotto-green-card-2025\\\/#breadcrumb\"},\"inLanguage\":\"hu\",\"potentialAction\":[{\"@type\":\"ReadAction\",\"target\":[\"https:\\\/\\\/us-gc.net\\\/hu\\\/lotto-green-card-2025\\\/\"]}]},{\"@type\":\"BreadcrumbList\",\"@id\":\"https:\\\/\\\/us-gc.net\\\/hu\\\/lotto-green-card-2025\\\/#breadcrumb\",\"itemListElement\":[{\"@type\":\"ListItem\",\"position\":1,\"name\":\"Accueil\",\"item\":\"https:\\\/\\\/us-gc.net\\\/hu\\\/green-card\\\/\"},{\"@type\":\"ListItem\",\"position\":2,\"name\":\"Green Card 2025 lott\u00f3\"}]},{\"@type\":\"WebSite\",\"@id\":\"https:\\\/\\\/us-gc.net\\\/hu\\\/#website\",\"url\":\"https:\\\/\\\/us-gc.net\\\/hu\\\/\",\"name\":\"USA GC\",\"description\":\"\",\"potentialAction\":[{\"@type\":\"SearchAction\",\"target\":{\"@type\":\"EntryPoint\",\"urlTemplate\":\"https:\\\/\\\/us-gc.net\\\/hu\\\/?s={search_term_string}\"},\"query-input\":{\"@type\":\"PropertyValueSpecification\",\"valueRequired\":true,\"valueName\":\"search_term_string\"}}],\"inLanguage\":\"hu\"}]}<\/script>\n<!-- \/ Yoast SEO plugin. -->","yoast_head_json":{"title":"Green Card 2025 lott\u00f3 - USA GC","description":"Vegyen r\u00e9szt a 2025-\u00f6s z\u00f6ldk\u00e1rtya sorsol\u00e1son, hogy \u00e1lland\u00f3 lakhellyel rendelkez\u0151 k\u00e1rty\u00e1t kapjon az Egyes\u00fclt \u00c1llamokban.","robots":{"index":"index","follow":"follow","max-snippet":"max-snippet:-1","max-image-preview":"max-image-preview:large","max-video-preview":"max-video-preview:-1"},"canonical":"https:\/\/us-gc.net\/hu\/lotto-green-card-2025\/","og_locale":"hu_HU","og_type":"article","og_title":"Green Card 2025 lott\u00f3 - USA GC","og_description":"Vegyen r\u00e9szt a 2025-\u00f6s z\u00f6ldk\u00e1rtya sorsol\u00e1son, hogy \u00e1lland\u00f3 lakhellyel rendelkez\u0151 k\u00e1rty\u00e1t kapjon az Egyes\u00fclt \u00c1llamokban.","og_url":"https:\/\/us-gc.net\/hu\/lotto-green-card-2025\/","og_site_name":"USA GC","article_modified_time":"2024-12-30T09:45:44+00:00","twitter_card":"summary_large_image","twitter_misc":{"Becs\u00fclt olvas\u00e1si id\u0151":"2 perc"},"schema":{"@context":"https:\/\/schema.org","@graph":[{"@type":"WebPage","@id":"https:\/\/us-gc.net\/hu\/lotto-green-card-2025\/","url":"https:\/\/us-gc.net\/hu\/lotto-green-card-2025\/","name":"Green Card 2025 lott\u00f3 - USA GC","isPartOf":{"@id":"https:\/\/us-gc.net\/hu\/#website"},"datePublished":"2024-01-31T16:02:41+00:00","dateModified":"2024-12-30T09:45:44+00:00","description":"Vegyen r\u00e9szt a 2025-\u00f6s z\u00f6ldk\u00e1rtya sorsol\u00e1son, hogy \u00e1lland\u00f3 lakhellyel rendelkez\u0151 k\u00e1rty\u00e1t kapjon az Egyes\u00fclt \u00c1llamokban.","breadcrumb":{"@id":"https:\/\/us-gc.net\/hu\/lotto-green-card-2025\/#breadcrumb"},"inLanguage":"hu","potentialAction":[{"@type":"ReadAction","target":["https:\/\/us-gc.net\/hu\/lotto-green-card-2025\/"]}]},{"@type":"BreadcrumbList","@id":"https:\/\/us-gc.net\/hu\/lotto-green-card-2025\/#breadcrumb","itemListElement":[{"@type":"ListItem","position":1,"name":"Accueil","item":"https:\/\/us-gc.net\/hu\/green-card\/"},{"@type":"ListItem","position":2,"name":"Green Card 2025 lott\u00f3"}]},{"@type":"WebSite","@id":"https:\/\/us-gc.net\/hu\/#website","url":"https:\/\/us-gc.net\/hu\/","name":"USA GC","description":"","potentialAction":[{"@type":"SearchAction","target":{"@type":"EntryPoint","urlTemplate":"https:\/\/us-gc.net\/hu\/?s={search_term_string}"},"query-input":{"@type":"PropertyValueSpecification","valueRequired":true,"valueName":"search_term_string"}}],"inLanguage":"hu"}]}},"_links":{"self":[{"href":"https:\/\/us-gc.net\/hu\/wp-json\/wp\/v2\/pages\/4705","targetHints":{"allow":["GET"]}}],"collection":[{"href":"https:\/\/us-gc.net\/hu\/wp-json\/wp\/v2\/pages"}],"about":[{"href":"https:\/\/us-gc.net\/hu\/wp-json\/wp\/v2\/types\/page"}],"author":[{"embeddable":true,"href":"https:\/\/us-gc.net\/hu\/wp-json\/wp\/v2\/users\/1"}],"replies":[{"embeddable":true,"href":"https:\/\/us-gc.net\/hu\/wp-json\/wp\/v2\/comments?post=4705"}],"version-history":[{"count":1,"href":"https:\/\/us-gc.net\/hu\/wp-json\/wp\/v2\/pages\/4705\/revisions"}],"predecessor-version":[{"id":7944,"href":"https:\/\/us-gc.net\/hu\/wp-json\/wp\/v2\/pages\/4705\/revisions\/7944"}],"wp:attachment":[{"href":"https:\/\/us-gc.net\/hu\/wp-json\/wp\/v2\/media?parent=4705"}],"curies":[{"name":"wp","href":"https:\/\/api.w.org\/{rel}","templated":true}]}}