{"id":4703,"date":"2024-01-31T15:56:24","date_gmt":"2024-01-31T15:56:24","guid":{"rendered":"https:\/\/green-card-usa.net\/green-card-lotto-2024\/"},"modified":"2025-03-31T10:08:00","modified_gmt":"2025-03-31T10:08:00","slug":"green-card-lotto-2024","status":"publish","type":"page","link":"https:\/\/us-gc.net\/hu\/green-card-lotto-2024\/","title":{"rendered":"Green Card 2024 lott\u00f3"},"content":{"rendered":"\n<h1 class=\"wp-block-heading\" id=\"h-loterie-de-la-green-card-en-2024\">Green Card lott\u00f3 2024-ben<\/h1>\n\n<p>A Green Card-sorsol\u00e1sra \u00e9vente csak egyszer ker\u00fcl sor. A lott\u00f3\u00e9v kijel\u00f6l\u00e9s\u00e9nek k\u00e9t m\u00f3dja van:<\/p>\n\n<ul class=\"wp-block-list\">\n<li>Az Egyes\u00fclt \u00c1llamok K\u00fcl\u00fcgyminiszt\u00e9riuma az egyes sorsol\u00e1si prom\u00f3ci\u00f3kat aszerint nevezi meg, hogy a k\u00e9relmez\u0151k melyik \u00e9vben kapj\u00e1k meg a <a href=\"https:\/\/us-gc.net\/hu\/\">Green Card<\/a>. A 2024 negyedik negyed\u00e9v\u00e9ben sorra ker\u00fcl\u0151 sorsol\u00e1s teh\u00e1t a <a href=\"https:\/\/us-gc.net\/hu\/lotto-green-card-2026\/\">Green Card 2026<\/a> program;<\/li>\n\n\n\n<li>A legt\u00f6bb sorsol\u00e1st k\u00e9r\u0151 a Z\u00f6ldk\u00e1rtya 2024 lott\u00f3 nevet a 2024-ben megrendez\u00e9sre ker\u00fcl\u0151 sorsol\u00e1snak adja.<\/li>\n<\/ul>\n\n<h2 class=\"wp-block-heading\" id=\"h-qu-est-ce-que-la-loterie-2024-de-la-green-card\">Mi az a 2024-es z\u00f6ldk\u00e1rtya lott\u00f3?<\/h2>\n\n<p>A 2024-es z\u00f6ldk\u00e1rtya-lott\u00f3 a leggyakrabban a 2024-es \u00e9v sor\u00e1n \u00e9vente megrendez\u00e9sre ker\u00fcl\u0151 sorsol\u00e1sk\u00e9nt eml\u00edtik. Ez a nyerem\u00e9nyj\u00e1t\u00e9k \u00e9vente egyszer ker\u00fcl megrendez\u00e9sre, \u00e9s t\u00f6bb mint 50 000 k\u00fclf\u00f6ldi \u00e1llampolg\u00e1r nyerheti el a jogot, hogy z\u00f6ldk\u00e1rty\u00e1t ig\u00e9nyelhessen az Egyes\u00fclt \u00c1llamok soksz\u00edn\u0171s\u00e9gi v\u00edzumprogramja keret\u00e9ben.<\/p>\n\n<h2 class=\"wp-block-heading\" id=\"h-quand-se-deroule-la-loterie-de-la-green-card-pour-l-annee-2024\">Mikor lesz a 2024-es z\u00f6ldk\u00e1rtya-sorsol\u00e1s?<\/h2>\n\n<p>A 2024. \u00e9vi sorsol\u00e1sra vonatkoz\u00f3 v\u00e9gs\u0151 bejegyz\u00e9sekre 2024 okt\u00f3ber\u00e9ben ker\u00fclt sor. A 2024-es pontos d\u00e1tumok a k\u00f6vetkez\u0151k voltak: <\/p>\n\n<ul class=\"wp-block-list\">\n<li>A regisztr\u00e1ci\u00f3s id\u0151szak 2024. okt\u00f3ber 2-\u00e1n kezd\u0151d\u00f6tt;<\/li>\n\n\n\n<li>A regisztr\u00e1ci\u00f3 2024. november 5-\u00e9n z\u00e1rult.<\/li>\n<\/ul>\n\n<div style=\"height:10px\" aria-hidden=\"true\" class=\"wp-block-spacer\"><\/div>\n\n<p>A k\u00f6vetkez\u0151 regisztr\u00e1ci\u00f3s f\u00e1zis a sorsol\u00e1son val\u00f3 r\u00e9szv\u00e9tel lesz, amelyre 2025-ben ker\u00fcl sor. A sorsol\u00e1son val\u00f3 r\u00e9szv\u00e9telre vonatkoz\u00f3 jelentkez\u00e9si lap kit\u00f6lt\u00e9s\u00e9hez m\u00e1r most el\u0151regisztr\u00e1lhat az <a href=\"https:\/\/us-gc.net\/hu\/green-card-lotto-urlap\/\">online \u0171rlapra<\/a> kattintva. <\/p>\n\n<h2 class=\"wp-block-heading\" id=\"h-quelles-sont-les-resultats-de-la-loterie-de-la-green-card-2024\">Mik a 2024-es z\u00f6ldk\u00e1rtya sorsol\u00e1s eredm\u00e9nyei?<\/h2>\n\n<p>A <a href=\"https:\/\/us-gc.net\/hu\/lotto-eredmenyek-green-card\/\">Green Card-sorsol\u00e1s eredm\u00e9nyeit<\/a> minden \u00e9vben k\u00f6r\u00fclbel\u00fcl 6 h\u00f3nappal a novemberben tartott sorsol\u00e1st k\u00f6vet\u0151en teszik k\u00f6zz\u00e9. A 2024-ben sorra ker\u00fcl\u0151 sorsol\u00e1s eredm\u00e9nyeit 2025 m\u00e1jus\u00e1t\u00f3l teszik k\u00f6zz\u00e9 az interneten.<\/p>\n\n<h2 class=\"wp-block-heading\" id=\"h-comment-s-inscrire-a-la-loterie-de-la-green-card-2024\">Hogyan vehetek r\u00e9szt a 2024-es z\u00f6ldk\u00e1rtya sorsol\u00e1son?<\/h2>\n\n<p>A <a href=\"https:\/\/us-gc.net\/hu\/amerikai-lotto-zold-kartya\/\">Z\u00f6ldk\u00e1rtya USA lott\u00f3<\/a> regisztr\u00e1ci\u00f3ja teljes m\u00e9rt\u00e9kben online t\u00f6rt\u00e9nik. Vegyen <strong>r\u00e9szt ezen az \u00e9ves sorsol\u00e1son az online regisztr\u00e1ci\u00f3val<\/strong>, mind\u00f6ssze n\u00e9h\u00e1ny perc alatt, az <a href=\"https:\/\/us-gc.net\/hu\/green-card-lotto-urlap\/\">online \u0171rlapra<\/a> kattintva. A folyamat mind\u00f6ssze n\u00e9h\u00e1ny percet vesz ig\u00e9nybe.<\/p>\n\n<h2 class=\"wp-block-heading\" id=\"h-quel-sont-les-etapes-suivantes-pour-les-gagnants-de-la-loterie\">Mik a k\u00f6vetkez\u0151 l\u00e9p\u00e9sek a lott\u00f3nyertesek sz\u00e1m\u00e1ra?<\/h2>\n\n<p>A lott\u00f3nyerteseknek ezut\u00e1n soksz\u00edn\u0171s\u00e9gi v\u00edzumot kell szerezni\u00fck. Az elj\u00e1r\u00e1s k\u00f6vetkez\u0151 l\u00e9p\u00e9sei a k\u00f6vetkez\u0151k:<\/p>\n\n<ul class=\"wp-block-list\">\n<li>T\u00f6ltse ki a <a href=\"https:\/\/travel.state.gov\/content\/travel\/en\/us-visas\/visa-information-resources\/forms\/online-immigrant-visa-forms\/ds-260-faqs.html\">DS-260-as v\u00edzumk\u00e9relmi nyomtatv\u00e1nyt<\/a>.<\/li>\n\n\n\n<li>A <a href=\"https:\/\/us-gc.net\/hu\/green-card-dij\/\">Green Card megszerz\u00e9s\u00e9hez sz\u00fcks\u00e9ges d\u00edjak<\/a> megfizet\u00e9se e k\u00f6telez\u0151 v\u00edzumk\u00e9relem r\u00e9szek\u00e9nt;<\/li>\n\n\n\n<li><a href=\"https:\/\/us-gc.net\/hu\/interju-green-card\/\">Interj\u00fa a z\u00f6ldk\u00e1rty\u00e1val kapcsolatban<\/a> az USCIS Diversity Visa Program tisztvisel\u0151j\u00e9vel;<\/li>\n\n\n\n<li>V\u00e9gezzen orvosi vizsg\u00e1latot.<\/li>\n<\/ul>\n\n<div style=\"height:10px\" aria-hidden=\"true\" class=\"wp-block-spacer\"><\/div>\n\n<p>A <a href=\"https:\/\/us-gc.net\/hu\/kulonbseg-a-zoldkartya-es-a-vizum-kozott\/\">Green Card \u00e9s a v\u00edzum k\u00fcl\u00f6nb\u00f6z\u0151 dokumentumok<\/a>. A soksz\u00edn\u0171s\u00e9gi v\u00edzum megszerz\u00e9se a z\u00f6ld k\u00e1rtya megszerz\u00e9s\u00e9nek egyik l\u00e9p\u00e9se.<\/p>\n","protected":false},"excerpt":{"rendered":"<p>Green Card lott\u00f3 2024-ben A Green Card-sorsol\u00e1sra \u00e9vente csak egyszer ker\u00fcl sor. A lott\u00f3\u00e9v kijel\u00f6l\u00e9s\u00e9nek k\u00e9t m\u00f3dja van: Mi az a 2024-es z\u00f6ldk\u00e1rtya lott\u00f3? A 2024-es z\u00f6ldk\u00e1rtya-lott\u00f3 a leggyakrabban a 2024-es \u00e9v sor\u00e1n \u00e9vente megrendez\u00e9sre ker\u00fcl\u0151 sorsol\u00e1sk\u00e9nt eml\u00edtik. Ez a nyerem\u00e9nyj\u00e1t\u00e9k \u00e9vente egyszer ker\u00fcl megrendez\u00e9sre, \u00e9s t\u00f6bb mint 50 000 k\u00fclf\u00f6ldi \u00e1llampolg\u00e1r nyerheti el a [&hellip;]<\/p>\n","protected":false},"author":1,"featured_media":0,"parent":0,"menu_order":0,"comment_status":"closed","ping_status":"closed","template":"","meta":{"footnotes":""},"class_list":["post-4703","page","type-page","status-publish","hentry"],"yoast_head":"<!-- This site is optimized with the Yoast SEO plugin v27.4 - https:\/\/yoast.com\/product\/yoast-seo-wordpress\/ -->\n<title>Green Card 2024 lott\u00f3 - USA GC<\/title>\n<meta name=\"description\" content=\"Vegyen r\u00e9szt a 2024-es z\u00f6ldk\u00e1rtya sorsol\u00e1son. Minden \u00e9vben sorsolunk egy z\u00f6ldk\u00e1rty\u00e1t.\" \/>\n<meta name=\"robots\" content=\"index, follow, max-snippet:-1, max-image-preview:large, max-video-preview:-1\" \/>\n<link rel=\"canonical\" href=\"https:\/\/us-gc.net\/hu\/green-card-lotto-2024\/\" \/>\n<meta property=\"og:locale\" content=\"hu_HU\" \/>\n<meta property=\"og:type\" content=\"article\" \/>\n<meta property=\"og:title\" content=\"Green Card 2024 lott\u00f3 - USA GC\" \/>\n<meta property=\"og:description\" content=\"Vegyen r\u00e9szt a 2024-es z\u00f6ldk\u00e1rtya sorsol\u00e1son. Minden \u00e9vben sorsolunk egy z\u00f6ldk\u00e1rty\u00e1t.\" \/>\n<meta property=\"og:url\" content=\"https:\/\/us-gc.net\/hu\/green-card-lotto-2024\/\" \/>\n<meta property=\"og:site_name\" content=\"USA GC\" \/>\n<meta property=\"article:modified_time\" content=\"2025-03-31T10:08:00+00:00\" \/>\n<meta name=\"twitter:card\" content=\"summary_large_image\" \/>\n<meta name=\"twitter:label1\" content=\"Becs\u00fclt olvas\u00e1si id\u0151\" \/>\n\t<meta name=\"twitter:data1\" content=\"3 perc\" \/>\n<script type=\"application\/ld+json\" class=\"yoast-schema-graph\">{\"@context\":\"https:\\\/\\\/schema.org\",\"@graph\":[{\"@type\":\"WebPage\",\"@id\":\"https:\\\/\\\/us-gc.net\\\/hu\\\/green-card-lotto-2024\\\/\",\"url\":\"https:\\\/\\\/us-gc.net\\\/hu\\\/green-card-lotto-2024\\\/\",\"name\":\"Green Card 2024 lott\u00f3 - USA GC\",\"isPartOf\":{\"@id\":\"https:\\\/\\\/us-gc.net\\\/hu\\\/#website\"},\"datePublished\":\"2024-01-31T15:56:24+00:00\",\"dateModified\":\"2025-03-31T10:08:00+00:00\",\"description\":\"Vegyen r\u00e9szt a 2024-es z\u00f6ldk\u00e1rtya sorsol\u00e1son. Minden \u00e9vben sorsolunk egy z\u00f6ldk\u00e1rty\u00e1t.\",\"breadcrumb\":{\"@id\":\"https:\\\/\\\/us-gc.net\\\/hu\\\/green-card-lotto-2024\\\/#breadcrumb\"},\"inLanguage\":\"hu\",\"potentialAction\":[{\"@type\":\"ReadAction\",\"target\":[\"https:\\\/\\\/us-gc.net\\\/hu\\\/green-card-lotto-2024\\\/\"]}]},{\"@type\":\"BreadcrumbList\",\"@id\":\"https:\\\/\\\/us-gc.net\\\/hu\\\/green-card-lotto-2024\\\/#breadcrumb\",\"itemListElement\":[{\"@type\":\"ListItem\",\"position\":1,\"name\":\"Accueil\",\"item\":\"https:\\\/\\\/us-gc.net\\\/hu\\\/green-card\\\/\"},{\"@type\":\"ListItem\",\"position\":2,\"name\":\"Green Card 2024 lott\u00f3\"}]},{\"@type\":\"WebSite\",\"@id\":\"https:\\\/\\\/us-gc.net\\\/hu\\\/#website\",\"url\":\"https:\\\/\\\/us-gc.net\\\/hu\\\/\",\"name\":\"USA GC\",\"description\":\"\",\"potentialAction\":[{\"@type\":\"SearchAction\",\"target\":{\"@type\":\"EntryPoint\",\"urlTemplate\":\"https:\\\/\\\/us-gc.net\\\/hu\\\/?s={search_term_string}\"},\"query-input\":{\"@type\":\"PropertyValueSpecification\",\"valueRequired\":true,\"valueName\":\"search_term_string\"}}],\"inLanguage\":\"hu\"}]}<\/script>\n<!-- \/ Yoast SEO plugin. -->","yoast_head_json":{"title":"Green Card 2024 lott\u00f3 - USA GC","description":"Vegyen r\u00e9szt a 2024-es z\u00f6ldk\u00e1rtya sorsol\u00e1son. Minden \u00e9vben sorsolunk egy z\u00f6ldk\u00e1rty\u00e1t.","robots":{"index":"index","follow":"follow","max-snippet":"max-snippet:-1","max-image-preview":"max-image-preview:large","max-video-preview":"max-video-preview:-1"},"canonical":"https:\/\/us-gc.net\/hu\/green-card-lotto-2024\/","og_locale":"hu_HU","og_type":"article","og_title":"Green Card 2024 lott\u00f3 - USA GC","og_description":"Vegyen r\u00e9szt a 2024-es z\u00f6ldk\u00e1rtya sorsol\u00e1son. Minden \u00e9vben sorsolunk egy z\u00f6ldk\u00e1rty\u00e1t.","og_url":"https:\/\/us-gc.net\/hu\/green-card-lotto-2024\/","og_site_name":"USA GC","article_modified_time":"2025-03-31T10:08:00+00:00","twitter_card":"summary_large_image","twitter_misc":{"Becs\u00fclt olvas\u00e1si id\u0151":"3 perc"},"schema":{"@context":"https:\/\/schema.org","@graph":[{"@type":"WebPage","@id":"https:\/\/us-gc.net\/hu\/green-card-lotto-2024\/","url":"https:\/\/us-gc.net\/hu\/green-card-lotto-2024\/","name":"Green Card 2024 lott\u00f3 - USA GC","isPartOf":{"@id":"https:\/\/us-gc.net\/hu\/#website"},"datePublished":"2024-01-31T15:56:24+00:00","dateModified":"2025-03-31T10:08:00+00:00","description":"Vegyen r\u00e9szt a 2024-es z\u00f6ldk\u00e1rtya sorsol\u00e1son. Minden \u00e9vben sorsolunk egy z\u00f6ldk\u00e1rty\u00e1t.","breadcrumb":{"@id":"https:\/\/us-gc.net\/hu\/green-card-lotto-2024\/#breadcrumb"},"inLanguage":"hu","potentialAction":[{"@type":"ReadAction","target":["https:\/\/us-gc.net\/hu\/green-card-lotto-2024\/"]}]},{"@type":"BreadcrumbList","@id":"https:\/\/us-gc.net\/hu\/green-card-lotto-2024\/#breadcrumb","itemListElement":[{"@type":"ListItem","position":1,"name":"Accueil","item":"https:\/\/us-gc.net\/hu\/green-card\/"},{"@type":"ListItem","position":2,"name":"Green Card 2024 lott\u00f3"}]},{"@type":"WebSite","@id":"https:\/\/us-gc.net\/hu\/#website","url":"https:\/\/us-gc.net\/hu\/","name":"USA GC","description":"","potentialAction":[{"@type":"SearchAction","target":{"@type":"EntryPoint","urlTemplate":"https:\/\/us-gc.net\/hu\/?s={search_term_string}"},"query-input":{"@type":"PropertyValueSpecification","valueRequired":true,"valueName":"search_term_string"}}],"inLanguage":"hu"}]}},"_links":{"self":[{"href":"https:\/\/us-gc.net\/hu\/wp-json\/wp\/v2\/pages\/4703","targetHints":{"allow":["GET"]}}],"collection":[{"href":"https:\/\/us-gc.net\/hu\/wp-json\/wp\/v2\/pages"}],"about":[{"href":"https:\/\/us-gc.net\/hu\/wp-json\/wp\/v2\/types\/page"}],"author":[{"embeddable":true,"href":"https:\/\/us-gc.net\/hu\/wp-json\/wp\/v2\/users\/1"}],"replies":[{"embeddable":true,"href":"https:\/\/us-gc.net\/hu\/wp-json\/wp\/v2\/comments?post=4703"}],"version-history":[{"count":3,"href":"https:\/\/us-gc.net\/hu\/wp-json\/wp\/v2\/pages\/4703\/revisions"}],"predecessor-version":[{"id":10100,"href":"https:\/\/us-gc.net\/hu\/wp-json\/wp\/v2\/pages\/4703\/revisions\/10100"}],"wp:attachment":[{"href":"https:\/\/us-gc.net\/hu\/wp-json\/wp\/v2\/media?parent=4703"}],"curies":[{"name":"wp","href":"https:\/\/api.w.org\/{rel}","templated":true}]}}