{"id":4701,"date":"2024-04-08T08:17:47","date_gmt":"2024-04-08T08:17:47","guid":{"rendered":"https:\/\/green-card-usa.net\/lotto-zold-kartya-reszvetel-orszagok-azsia\/"},"modified":"2024-12-30T09:44:37","modified_gmt":"2024-12-30T09:44:37","slug":"lotto-zold-kartya-reszvetel-orszagok-azsia","status":"publish","type":"page","link":"https:\/\/us-gc.net\/hu\/lotto-zold-kartya-reszvetel-orszagok-azsia\/","title":{"rendered":"Z\u00f6ld k\u00e1rtya lott\u00f3 \u00e1zsiai orsz\u00e1gok sz\u00e1m\u00e1ra"},"content":{"rendered":"\n<h1 class=\"wp-block-heading\" id=\"h-les-pays-d-asie-a-la-loterie-de-la-carte-verte-americaine\">\u00c1zsiai orsz\u00e1gok az amerikai z\u00f6ldk\u00e1rtya lott\u00f3n<\/h1>\n\n<p>Minden \u00e9vben t\u00f6bb milli\u00f3 k\u00e9relmez\u0151 vesz r\u00e9szt az amerikai z\u00f6ldk\u00e1rtya-sorsol\u00e1son. \u00d6sszegy\u0171jt\u00f6tt\u00fck a K\u00fcl\u00fcgyminiszt\u00e9rium \u00e1ltal a <a href=\"https:\/\/travel.state.gov\/content\/travel\/en\/us-visas\/immigrate\/diversity-visa-program-entry\/diversity-visa-program-statistics.html\">travel.state.gov<\/a> oldalon k\u00f6zz\u00e9tett statisztik\u00e1kat, hogy megadjuk az \u00e1zsiai \u00e1llampolg\u00e1roknak a z\u00f6ldk\u00e1rtya-sorsol\u00e1son val\u00f3 r\u00e9szv\u00e9tel\u00e9re vonatkoz\u00f3 legfontosabb adatokat.<\/p>\n\n<h2 class=\"wp-block-heading\" id=\"h-quelle-est-la-participation-des-asiatiques-a-la-loterie\">H\u00e1ny \u00e1zsiai vesz r\u00e9szt a lott\u00f3n?<\/h2>\n\n<p>A <a href=\"https:\/\/us-gc.net\/hu\/lotto-green-card\/\">Green Card-sorsol\u00e1sra<\/a> jelentkez\u0151k 15-20%-a \u00e1zsiai orsz\u00e1g \u00e1llampolg\u00e1ra volt az elm\u00falt n\u00e9h\u00e1ny \u00e9vben, amelyr\u0151l rendelkez\u00e9sre \u00e1llnak statisztik\u00e1k.<\/p>\n\n<figure class=\"wp-block-table\"><table><tbody><tr><td><strong>\u00c9vek<\/strong><\/td><td class=\"has-text-align-center\" data-align=\"center\"><strong>2019<\/strong><\/td><td class=\"has-text-align-center\" data-align=\"center\"><strong>2020<\/strong><\/td><td class=\"has-text-align-center\" data-align=\"center\"><strong>2021<\/strong><\/td><\/tr><tr><td>Az \u00e1zsiai regisztr\u00e1l\u00f3k sz\u00e1ma<\/td><td class=\"has-text-align-center\" data-align=\"center\">1 871 824<\/td><td class=\"has-text-align-center\" data-align=\"center\">1 952 489<\/td><td class=\"has-text-align-center\" data-align=\"center\">1 281 046<\/td><\/tr><tr><td>\u00d6sszes regisztr\u00e1ci\u00f3s f\u00e1jl<\/td><td class=\"has-text-align-center\" data-align=\"center\">14 352 013<\/td><td class=\"has-text-align-center\" data-align=\"center\">14 722 798<\/td><td class=\"has-text-align-center\" data-align=\"center\">6 741 128<\/td><\/tr><tr><td><strong>Az \u00e1zsiai regisztr\u00e1l\u00f3k ar\u00e1nya<\/strong><\/td><td class=\"has-text-align-center\" data-align=\"center\"><strong>13%<\/strong><\/td><td class=\"has-text-align-center\" data-align=\"center\"><strong>13%<\/strong><\/td><td class=\"has-text-align-center\" data-align=\"center\"><strong>19%<\/strong><\/td><\/tr><\/tbody><\/table><figcaption class=\"wp-element-caption\">A z\u00f6ldk\u00e1rtya-sorsol\u00e1sra regisztr\u00e1lt \u00e1zsiaiak ar\u00e1nya<\/figcaption><\/figure>\n\n<h2 class=\"wp-block-heading\" id=\"h-quels-sont-les-principaux-pays-d-asie-d-ou-proviennent-les-candidats\">Melyek azok a f\u0151bb \u00e1zsiai orsz\u00e1gok, ahonnan a jel\u00f6ltek \u00e9rkeznek?<\/h2>\n\n<p>Itt l\u00e1that\u00f3 a 20 legfontosabb \u00e1zsiai orsz\u00e1g z\u00f6ldk\u00e1rtya-sorsol\u00e1sra be\u00e9rkezett k\u00e9relmek sz\u00e1ma. A k\u00fcl\u00fcgyminiszt\u00e9rium \u00e1ltal k\u00f6zz\u00e9tett legfrissebb adatok a 2019-2021-es \u00e9vekre vonatkoznak:<\/p>\n\n<figure class=\"wp-block-table\"><table><tbody><tr><td><strong>\u00c1zsiai orsz\u00e1gok<\/strong><\/td><td class=\"has-text-align-center\" data-align=\"center\"><strong>2019<\/strong><\/td><td class=\"has-text-align-center\" data-align=\"center\"><strong>2020<\/strong><\/td><td class=\"has-text-align-center\" data-align=\"center\"><strong>2021<\/strong><\/td><\/tr><tr><td>Nep\u00e1l<\/td><td class=\"has-text-align-center\" data-align=\"center\">684 180<\/td><td class=\"has-text-align-center\" data-align=\"center\">637 696<\/td><td class=\"has-text-align-center\" data-align=\"center\">421 765<\/td><\/tr><tr><td>Ir\u00e1n<\/td><td class=\"has-text-align-center\" data-align=\"center\">453 242<\/td><td class=\"has-text-align-center\" data-align=\"center\">709 469<\/td><td class=\"has-text-align-center\" data-align=\"center\">404 863<\/td><\/tr><tr><td>Afganiszt\u00e1n<\/td><td class=\"has-text-align-center\" data-align=\"center\">35 939<\/td><td class=\"has-text-align-center\" data-align=\"center\">58 711<\/td><td class=\"has-text-align-center\" data-align=\"center\">60 602<\/td><\/tr><tr><td>Kambodzsa<\/td><td class=\"has-text-align-center\" data-align=\"center\">179 662<\/td><td class=\"has-text-align-center\" data-align=\"center\">109 881<\/td><td class=\"has-text-align-center\" data-align=\"center\">46 110<\/td><\/tr><tr><td>Sri Lanka<\/td><td class=\"has-text-align-center\" data-align=\"center\">53 396<\/td><td class=\"has-text-align-center\" data-align=\"center\">47 705<\/td><td class=\"has-text-align-center\" data-align=\"center\">41 595<\/td><\/tr><tr><td>Jemen<\/td><td class=\"has-text-align-center\" data-align=\"center\">141 679<\/td><td class=\"has-text-align-center\" data-align=\"center\">62 389<\/td><td class=\"has-text-align-center\" data-align=\"center\">41 495<\/td><\/tr><tr><td>Jordan<\/td><td class=\"has-text-align-center\" data-align=\"center\">39 092<\/td><td class=\"has-text-align-center\" data-align=\"center\">42 116<\/td><td class=\"has-text-align-center\" data-align=\"center\">36 815<\/td><\/tr><tr><td>Irak<\/td><td class=\"has-text-align-center\" data-align=\"center\">47 368<\/td><td class=\"has-text-align-center\" data-align=\"center\">40 852<\/td><td class=\"has-text-align-center\" data-align=\"center\">31 197<\/td><\/tr><tr><td>Sza\u00fad-Ar\u00e1bia<\/td><td class=\"has-text-align-center\" data-align=\"center\">40 114<\/td><td class=\"has-text-align-center\" data-align=\"center\">41 019<\/td><td class=\"has-text-align-center\" data-align=\"center\">30 844<\/td><\/tr><tr><td>Tajvan<\/td><td class=\"has-text-align-center\" data-align=\"center\">30 603<\/td><td class=\"has-text-align-center\" data-align=\"center\">31 640<\/td><td class=\"has-text-align-center\" data-align=\"center\">24 645<\/td><\/tr><tr><td>Burma<\/td><td class=\"has-text-align-center\" data-align=\"center\">20 078<\/td><td class=\"has-text-align-center\" data-align=\"center\">29 504<\/td><td class=\"has-text-align-center\" data-align=\"center\">21 555<\/td><\/tr><tr><td>Jap\u00e1n<\/td><td class=\"has-text-align-center\" data-align=\"center\">24 895<\/td><td class=\"has-text-align-center\" data-align=\"center\">21 674<\/td><td class=\"has-text-align-center\" data-align=\"center\">17 181<\/td><\/tr><tr><td>Hong Kong<\/td><td class=\"has-text-align-center\" data-align=\"center\">6 358<\/td><td class=\"has-text-align-center\" data-align=\"center\">5 451<\/td><td class=\"has-text-align-center\" data-align=\"center\">15 471<\/td><\/tr><tr><td>Thaif\u00f6ld<\/td><td class=\"has-text-align-center\" data-align=\"center\">10 969<\/td><td class=\"has-text-align-center\" data-align=\"center\">12 354<\/td><td class=\"has-text-align-center\" data-align=\"center\">14 187<\/td><\/tr><tr><td>Sz\u00edria<\/td><td class=\"has-text-align-center\" data-align=\"center\">20 124<\/td><td class=\"has-text-align-center\" data-align=\"center\">14 168<\/td><td class=\"has-text-align-center\" data-align=\"center\">11 424<\/td><\/tr><tr><td>Mong\u00f3lia<\/td><td class=\"has-text-align-center\" data-align=\"center\">10 546<\/td><td class=\"has-text-align-center\" data-align=\"center\">11 242<\/td><td class=\"has-text-align-center\" data-align=\"center\">9 871<\/td><\/tr><tr><td>Izrael<\/td><td class=\"has-text-align-center\" data-align=\"center\">14 234<\/td><td class=\"has-text-align-center\" data-align=\"center\">12 727<\/td><td class=\"has-text-align-center\" data-align=\"center\">8 793<\/td><\/tr><tr><td>Indon\u00e9zia<\/td><td class=\"has-text-align-center\" data-align=\"center\">10 970<\/td><td class=\"has-text-align-center\" data-align=\"center\">10 691<\/td><td class=\"has-text-align-center\" data-align=\"center\">8 440<\/td><\/tr><tr><td>Egyes\u00fclt Arab Em\u00edrs\u00e9gek<\/td><td class=\"has-text-align-center\" data-align=\"center\">10 281<\/td><td class=\"has-text-align-center\" data-align=\"center\">10 964<\/td><td class=\"has-text-align-center\" data-align=\"center\">8 030<\/td><\/tr><tr><td>Libanon<\/td><td class=\"has-text-align-center\" data-align=\"center\">12 868<\/td><td class=\"has-text-align-center\" data-align=\"center\">11 184<\/td><td class=\"has-text-align-center\" data-align=\"center\">7 250<\/td><\/tr><\/tbody><\/table><figcaption class=\"wp-element-caption\">A legfontosabb \u00e1zsiai orsz\u00e1gok az amerikai z\u00f6ldk\u00e1rtya-sorsol\u00e1son r\u00e9sztvev\u0151k sz\u00e1ma szerint<\/figcaption><\/figure>\n\n<h2 class=\"wp-block-heading\" id=\"h-quels-sont-les-gagnants-a-la-loterie-provenant-de-pays-d-asie\">Kik az \u00e1zsiai orsz\u00e1gok lott\u00f3nyertesei?<\/h2>\n\n<p>A K\u00fcl\u00fcgyminiszt\u00e9rium azt is k\u00f6zz\u00e9teszi, hogy \u00e9vente h\u00e1ny v\u00edzumot kapnak a soksz\u00edn\u0171s\u00e9gi program keret\u00e9ben. Ezeket a <a href=\"https:\/\/us-gc.net\/hu\/lotto-eredmenyek-green-card\/\">lott\u00f3eredm\u00e9nyeket<\/a> f\u00f6ldrajzi ter\u00fcletenk\u00e9nt \u00e9s orsz\u00e1gonk\u00e9nti bont\u00e1sban teszik k\u00f6zz\u00e9.<\/p>\n\n<p>A k\u00f6vetkez\u0151kben a <a href=\"https:\/\/us-gc.net\/hu\/amerikai-lotto-zold-kartya\/\">z\u00f6ldk\u00e1rtya-sorsol\u00e1son<\/a> nyert v\u00edzumok sz\u00e1ma a 20 legjelent\u0151sebb \u00e1zsiai orsz\u00e1g sz\u00e1m\u00e1ra 2018 \u00e9s 2022 k\u00f6z\u00f6tt:<\/p>\n\n<figure class=\"wp-block-table\"><table><tbody><tr><td><strong>\u00c1zsiai orsz\u00e1gok<\/strong><\/td><td class=\"has-text-align-center\" data-align=\"center\"><strong>2018<\/strong><\/td><td class=\"has-text-align-center\" data-align=\"center\"><strong>2019<\/strong><\/td><td class=\"has-text-align-center\" data-align=\"center\"><strong>2020<\/strong><\/td><td class=\"has-text-align-center\" data-align=\"center\"><strong>2021<\/strong><\/td><td class=\"has-text-align-center\" data-align=\"center\"><strong>2022<\/strong><\/td><\/tr><tr><td>Nep\u00e1l<\/td><td class=\"has-text-align-center\" data-align=\"center\">3 307<\/td><td class=\"has-text-align-center\" data-align=\"center\">2 795<\/td><td class=\"has-text-align-center\" data-align=\"center\">2 085<\/td><td class=\"has-text-align-center\" data-align=\"center\">1 372<\/td><td class=\"has-text-align-center\" data-align=\"center\">3 345<\/td><\/tr><tr><td>Ir\u00e1n<\/td><td class=\"has-text-align-center\" data-align=\"center\">318<\/td><td class=\"has-text-align-center\" data-align=\"center\">298<\/td><td class=\"has-text-align-center\" data-align=\"center\">131<\/td><td class=\"has-text-align-center\" data-align=\"center\">244<\/td><td class=\"has-text-align-center\" data-align=\"center\">2 024<\/td><\/tr><tr><td>Afganiszt\u00e1n<\/td><td class=\"has-text-align-center\" data-align=\"center\">231<\/td><td class=\"has-text-align-center\" data-align=\"center\">265<\/td><td class=\"has-text-align-center\" data-align=\"center\">165<\/td><td class=\"has-text-align-center\" data-align=\"center\">87<\/td><td class=\"has-text-align-center\" data-align=\"center\">723<\/td><\/tr><tr><td>Jordan<\/td><td class=\"has-text-align-center\" data-align=\"center\">254<\/td><td class=\"has-text-align-center\" data-align=\"center\">330<\/td><td class=\"has-text-align-center\" data-align=\"center\">266<\/td><td class=\"has-text-align-center\" data-align=\"center\">542<\/td><td class=\"has-text-align-center\" data-align=\"center\">713<\/td><\/tr><tr><td>Irak<\/td><td class=\"has-text-align-center\" data-align=\"center\">297<\/td><td class=\"has-text-align-center\" data-align=\"center\">264<\/td><td class=\"has-text-align-center\" data-align=\"center\">86<\/td><td class=\"has-text-align-center\" data-align=\"center\">30<\/td><td class=\"has-text-align-center\" data-align=\"center\">650<\/td><\/tr><tr><td>Jemen<\/td><td class=\"has-text-align-center\" data-align=\"center\">28<\/td><td class=\"has-text-align-center\" data-align=\"center\">70<\/td><td class=\"has-text-align-center\" data-align=\"center\">13<\/td><td class=\"has-text-align-center\" data-align=\"center\">228<\/td><td class=\"has-text-align-center\" data-align=\"center\">625<\/td><\/tr><tr><td>Sri Lanka<\/td><td class=\"has-text-align-center\" data-align=\"center\">360<\/td><td class=\"has-text-align-center\" data-align=\"center\">331<\/td><td class=\"has-text-align-center\" data-align=\"center\">225<\/td><td class=\"has-text-align-center\" data-align=\"center\">438<\/td><td class=\"has-text-align-center\" data-align=\"center\">583<\/td><\/tr><tr><td>Sza\u00fad-Ar\u00e1bia<\/td><td class=\"has-text-align-center\" data-align=\"center\">218<\/td><td class=\"has-text-align-center\" data-align=\"center\">262<\/td><td class=\"has-text-align-center\" data-align=\"center\">143<\/td><td class=\"has-text-align-center\" data-align=\"center\">117<\/td><td class=\"has-text-align-center\" data-align=\"center\">450<\/td><\/tr><tr><td>Burma<\/td><td class=\"has-text-align-center\" data-align=\"center\">125<\/td><td class=\"has-text-align-center\" data-align=\"center\">210<\/td><td class=\"has-text-align-center\" data-align=\"center\">82<\/td><td class=\"has-text-align-center\" data-align=\"center\">96<\/td><td class=\"has-text-align-center\" data-align=\"center\">422<\/td><\/tr><tr><td>Jap\u00e1n<\/td><td class=\"has-text-align-center\" data-align=\"center\">164<\/td><td class=\"has-text-align-center\" data-align=\"center\">223<\/td><td class=\"has-text-align-center\" data-align=\"center\">135<\/td><td class=\"has-text-align-center\" data-align=\"center\">237<\/td><td class=\"has-text-align-center\" data-align=\"center\">331<\/td><\/tr><tr><td>Tajvan<\/td><td class=\"has-text-align-center\" data-align=\"center\">174<\/td><td class=\"has-text-align-center\" data-align=\"center\">180<\/td><td class=\"has-text-align-center\" data-align=\"center\">142<\/td><td class=\"has-text-align-center\" data-align=\"center\">178<\/td><td class=\"has-text-align-center\" data-align=\"center\">301<\/td><\/tr><tr><td>Sz\u00edria<\/td><td class=\"has-text-align-center\" data-align=\"center\">55<\/td><td class=\"has-text-align-center\" data-align=\"center\">83<\/td><td class=\"has-text-align-center\" data-align=\"center\">36<\/td><td class=\"has-text-align-center\" data-align=\"center\">84<\/td><td class=\"has-text-align-center\" data-align=\"center\">240<\/td><\/tr><tr><td>Libanon<\/td><td class=\"has-text-align-center\" data-align=\"center\">44<\/td><td class=\"has-text-align-center\" data-align=\"center\">77<\/td><td class=\"has-text-align-center\" data-align=\"center\">26<\/td><td class=\"has-text-align-center\" data-align=\"center\">107<\/td><td class=\"has-text-align-center\" data-align=\"center\">209<\/td><\/tr><tr><td>Mong\u00f3lia<\/td><td class=\"has-text-align-center\" data-align=\"center\">160<\/td><td class=\"has-text-align-center\" data-align=\"center\">143<\/td><td class=\"has-text-align-center\" data-align=\"center\">114<\/td><td class=\"has-text-align-center\" data-align=\"center\">197<\/td><td class=\"has-text-align-center\" data-align=\"center\">196<\/td><\/tr><tr><td>Kambodzsa<\/td><td class=\"has-text-align-center\" data-align=\"center\">121<\/td><td class=\"has-text-align-center\" data-align=\"center\">86<\/td><td class=\"has-text-align-center\" data-align=\"center\">69<\/td><td class=\"has-text-align-center\" data-align=\"center\">51<\/td><td class=\"has-text-align-center\" data-align=\"center\">166<\/td><\/tr><tr><td>Thaif\u00f6ld<\/td><td class=\"has-text-align-center\" data-align=\"center\">32<\/td><td class=\"has-text-align-center\" data-align=\"center\">60<\/td><td class=\"has-text-align-center\" data-align=\"center\">36<\/td><td class=\"has-text-align-center\" data-align=\"center\">51<\/td><td class=\"has-text-align-center\" data-align=\"center\">142<\/td><\/tr><tr><td>Indon\u00e9zia<\/td><td class=\"has-text-align-center\" data-align=\"center\">64<\/td><td class=\"has-text-align-center\" data-align=\"center\">63<\/td><td class=\"has-text-align-center\" data-align=\"center\">58<\/td><td class=\"has-text-align-center\" data-align=\"center\">85<\/td><td class=\"has-text-align-center\" data-align=\"center\">106<\/td><\/tr><tr><td>Kuvait<\/td><td class=\"has-text-align-center\" data-align=\"center\">81<\/td><td class=\"has-text-align-center\" data-align=\"center\">51<\/td><td class=\"has-text-align-center\" data-align=\"center\">37<\/td><td class=\"has-text-align-center\" data-align=\"center\">52<\/td><td class=\"has-text-align-center\" data-align=\"center\">106<\/td><\/tr><tr><td>Egyes\u00fclt Arab Em\u00edrs\u00e9gek<\/td><td class=\"has-text-align-center\" data-align=\"center\">64<\/td><td class=\"has-text-align-center\" data-align=\"center\">78<\/td><td class=\"has-text-align-center\" data-align=\"center\">71<\/td><td class=\"has-text-align-center\" data-align=\"center\">50<\/td><td class=\"has-text-align-center\" data-align=\"center\">85<\/td><\/tr><tr><td>Bhut\u00e1n<\/td><td class=\"has-text-align-center\" data-align=\"center\">7<\/td><td class=\"has-text-align-center\" data-align=\"center\">20<\/td><td class=\"has-text-align-center\" data-align=\"center\">5<\/td><td class=\"has-text-align-center\" data-align=\"center\">18<\/td><td class=\"has-text-align-center\" data-align=\"center\">80<\/td><\/tr><\/tbody><\/table><figcaption class=\"wp-element-caption\">A <a href=\"https:\/\/us-gc.net\/hu\/sokszinusegi-vizumprogram\/\">soksz\u00edn\u0171s\u00e9gi v\u00edzumprogram<\/a> \u00e1ltal a f\u0151bb \u00e1zsiai orsz\u00e1gok sz\u00e1m\u00e1ra kiadott v\u00edzumok sz\u00e1ma<\/figcaption><\/figure>\n\n<p><\/p>\n","protected":false},"excerpt":{"rendered":"<p>\u00c1zsiai orsz\u00e1gok az amerikai z\u00f6ldk\u00e1rtya lott\u00f3n Minden \u00e9vben t\u00f6bb milli\u00f3 k\u00e9relmez\u0151 vesz r\u00e9szt az amerikai z\u00f6ldk\u00e1rtya-sorsol\u00e1son. \u00d6sszegy\u0171jt\u00f6tt\u00fck a K\u00fcl\u00fcgyminiszt\u00e9rium \u00e1ltal a travel.state.gov oldalon k\u00f6zz\u00e9tett statisztik\u00e1kat, hogy megadjuk az \u00e1zsiai \u00e1llampolg\u00e1roknak a z\u00f6ldk\u00e1rtya-sorsol\u00e1son val\u00f3 r\u00e9szv\u00e9tel\u00e9re vonatkoz\u00f3 legfontosabb adatokat. H\u00e1ny \u00e1zsiai vesz r\u00e9szt a lott\u00f3n? A Green Card-sorsol\u00e1sra jelentkez\u0151k 15-20%-a \u00e1zsiai orsz\u00e1g \u00e1llampolg\u00e1ra volt az elm\u00falt n\u00e9h\u00e1ny [&hellip;]<\/p>\n","protected":false},"author":1,"featured_media":0,"parent":0,"menu_order":0,"comment_status":"closed","ping_status":"closed","template":"","meta":{"footnotes":""},"class_list":["post-4701","page","type-page","status-publish","hentry"],"yoast_head":"<!-- This site is optimized with the Yoast SEO plugin v27.4 - https:\/\/yoast.com\/product\/yoast-seo-wordpress\/ -->\n<title>Z\u00f6ld k\u00e1rtya lott\u00f3 \u00e1zsiai orsz\u00e1gok sz\u00e1m\u00e1ra - USA GC<\/title>\n<meta name=\"robots\" content=\"index, follow, max-snippet:-1, max-image-preview:large, max-video-preview:-1\" \/>\n<link rel=\"canonical\" href=\"https:\/\/us-gc.net\/hu\/lotto-zold-kartya-reszvetel-orszagok-azsia\/\" \/>\n<meta property=\"og:locale\" content=\"hu_HU\" \/>\n<meta property=\"og:type\" content=\"article\" \/>\n<meta property=\"og:title\" content=\"Z\u00f6ld k\u00e1rtya lott\u00f3 \u00e1zsiai orsz\u00e1gok sz\u00e1m\u00e1ra - USA GC\" \/>\n<meta property=\"og:description\" content=\"\u00c1zsiai orsz\u00e1gok az amerikai z\u00f6ldk\u00e1rtya lott\u00f3n Minden \u00e9vben t\u00f6bb milli\u00f3 k\u00e9relmez\u0151 vesz r\u00e9szt az amerikai z\u00f6ldk\u00e1rtya-sorsol\u00e1son. \u00d6sszegy\u0171jt\u00f6tt\u00fck a K\u00fcl\u00fcgyminiszt\u00e9rium \u00e1ltal a travel.state.gov oldalon k\u00f6zz\u00e9tett statisztik\u00e1kat, hogy megadjuk az \u00e1zsiai \u00e1llampolg\u00e1roknak a z\u00f6ldk\u00e1rtya-sorsol\u00e1son val\u00f3 r\u00e9szv\u00e9tel\u00e9re vonatkoz\u00f3 legfontosabb adatokat. H\u00e1ny \u00e1zsiai vesz r\u00e9szt a lott\u00f3n? A Green Card-sorsol\u00e1sra jelentkez\u0151k 15-20%-a \u00e1zsiai orsz\u00e1g \u00e1llampolg\u00e1ra volt az elm\u00falt n\u00e9h\u00e1ny [&hellip;]\" \/>\n<meta property=\"og:url\" content=\"https:\/\/us-gc.net\/hu\/lotto-zold-kartya-reszvetel-orszagok-azsia\/\" \/>\n<meta property=\"og:site_name\" content=\"USA GC\" \/>\n<meta property=\"article:modified_time\" content=\"2024-12-30T09:44:37+00:00\" \/>\n<meta name=\"twitter:card\" content=\"summary_large_image\" \/>\n<meta name=\"twitter:label1\" content=\"Becs\u00fclt olvas\u00e1si id\u0151\" \/>\n\t<meta name=\"twitter:data1\" content=\"2 perc\" \/>\n<script type=\"application\/ld+json\" class=\"yoast-schema-graph\">{\"@context\":\"https:\\\/\\\/schema.org\",\"@graph\":[{\"@type\":\"WebPage\",\"@id\":\"https:\\\/\\\/us-gc.net\\\/hu\\\/lotto-zold-kartya-reszvetel-orszagok-azsia\\\/\",\"url\":\"https:\\\/\\\/us-gc.net\\\/hu\\\/lotto-zold-kartya-reszvetel-orszagok-azsia\\\/\",\"name\":\"Z\u00f6ld k\u00e1rtya lott\u00f3 \u00e1zsiai orsz\u00e1gok sz\u00e1m\u00e1ra - USA GC\",\"isPartOf\":{\"@id\":\"https:\\\/\\\/us-gc.net\\\/hu\\\/#website\"},\"datePublished\":\"2024-04-08T08:17:47+00:00\",\"dateModified\":\"2024-12-30T09:44:37+00:00\",\"breadcrumb\":{\"@id\":\"https:\\\/\\\/us-gc.net\\\/hu\\\/lotto-zold-kartya-reszvetel-orszagok-azsia\\\/#breadcrumb\"},\"inLanguage\":\"hu\",\"potentialAction\":[{\"@type\":\"ReadAction\",\"target\":[\"https:\\\/\\\/us-gc.net\\\/hu\\\/lotto-zold-kartya-reszvetel-orszagok-azsia\\\/\"]}]},{\"@type\":\"BreadcrumbList\",\"@id\":\"https:\\\/\\\/us-gc.net\\\/hu\\\/lotto-zold-kartya-reszvetel-orszagok-azsia\\\/#breadcrumb\",\"itemListElement\":[{\"@type\":\"ListItem\",\"position\":1,\"name\":\"Accueil\",\"item\":\"https:\\\/\\\/us-gc.net\\\/hu\\\/green-card\\\/\"},{\"@type\":\"ListItem\",\"position\":2,\"name\":\"Z\u00f6ld k\u00e1rtya lott\u00f3 \u00e1zsiai orsz\u00e1gok sz\u00e1m\u00e1ra\"}]},{\"@type\":\"WebSite\",\"@id\":\"https:\\\/\\\/us-gc.net\\\/hu\\\/#website\",\"url\":\"https:\\\/\\\/us-gc.net\\\/hu\\\/\",\"name\":\"USA GC\",\"description\":\"\",\"potentialAction\":[{\"@type\":\"SearchAction\",\"target\":{\"@type\":\"EntryPoint\",\"urlTemplate\":\"https:\\\/\\\/us-gc.net\\\/hu\\\/?s={search_term_string}\"},\"query-input\":{\"@type\":\"PropertyValueSpecification\",\"valueRequired\":true,\"valueName\":\"search_term_string\"}}],\"inLanguage\":\"hu\"}]}<\/script>\n<!-- \/ Yoast SEO plugin. -->","yoast_head_json":{"title":"Z\u00f6ld k\u00e1rtya lott\u00f3 \u00e1zsiai orsz\u00e1gok sz\u00e1m\u00e1ra - USA GC","robots":{"index":"index","follow":"follow","max-snippet":"max-snippet:-1","max-image-preview":"max-image-preview:large","max-video-preview":"max-video-preview:-1"},"canonical":"https:\/\/us-gc.net\/hu\/lotto-zold-kartya-reszvetel-orszagok-azsia\/","og_locale":"hu_HU","og_type":"article","og_title":"Z\u00f6ld k\u00e1rtya lott\u00f3 \u00e1zsiai orsz\u00e1gok sz\u00e1m\u00e1ra - USA GC","og_description":"\u00c1zsiai orsz\u00e1gok az amerikai z\u00f6ldk\u00e1rtya lott\u00f3n Minden \u00e9vben t\u00f6bb milli\u00f3 k\u00e9relmez\u0151 vesz r\u00e9szt az amerikai z\u00f6ldk\u00e1rtya-sorsol\u00e1son. \u00d6sszegy\u0171jt\u00f6tt\u00fck a K\u00fcl\u00fcgyminiszt\u00e9rium \u00e1ltal a travel.state.gov oldalon k\u00f6zz\u00e9tett statisztik\u00e1kat, hogy megadjuk az \u00e1zsiai \u00e1llampolg\u00e1roknak a z\u00f6ldk\u00e1rtya-sorsol\u00e1son val\u00f3 r\u00e9szv\u00e9tel\u00e9re vonatkoz\u00f3 legfontosabb adatokat. H\u00e1ny \u00e1zsiai vesz r\u00e9szt a lott\u00f3n? A Green Card-sorsol\u00e1sra jelentkez\u0151k 15-20%-a \u00e1zsiai orsz\u00e1g \u00e1llampolg\u00e1ra volt az elm\u00falt n\u00e9h\u00e1ny [&hellip;]","og_url":"https:\/\/us-gc.net\/hu\/lotto-zold-kartya-reszvetel-orszagok-azsia\/","og_site_name":"USA GC","article_modified_time":"2024-12-30T09:44:37+00:00","twitter_card":"summary_large_image","twitter_misc":{"Becs\u00fclt olvas\u00e1si id\u0151":"2 perc"},"schema":{"@context":"https:\/\/schema.org","@graph":[{"@type":"WebPage","@id":"https:\/\/us-gc.net\/hu\/lotto-zold-kartya-reszvetel-orszagok-azsia\/","url":"https:\/\/us-gc.net\/hu\/lotto-zold-kartya-reszvetel-orszagok-azsia\/","name":"Z\u00f6ld k\u00e1rtya lott\u00f3 \u00e1zsiai orsz\u00e1gok sz\u00e1m\u00e1ra - USA GC","isPartOf":{"@id":"https:\/\/us-gc.net\/hu\/#website"},"datePublished":"2024-04-08T08:17:47+00:00","dateModified":"2024-12-30T09:44:37+00:00","breadcrumb":{"@id":"https:\/\/us-gc.net\/hu\/lotto-zold-kartya-reszvetel-orszagok-azsia\/#breadcrumb"},"inLanguage":"hu","potentialAction":[{"@type":"ReadAction","target":["https:\/\/us-gc.net\/hu\/lotto-zold-kartya-reszvetel-orszagok-azsia\/"]}]},{"@type":"BreadcrumbList","@id":"https:\/\/us-gc.net\/hu\/lotto-zold-kartya-reszvetel-orszagok-azsia\/#breadcrumb","itemListElement":[{"@type":"ListItem","position":1,"name":"Accueil","item":"https:\/\/us-gc.net\/hu\/green-card\/"},{"@type":"ListItem","position":2,"name":"Z\u00f6ld k\u00e1rtya lott\u00f3 \u00e1zsiai orsz\u00e1gok sz\u00e1m\u00e1ra"}]},{"@type":"WebSite","@id":"https:\/\/us-gc.net\/hu\/#website","url":"https:\/\/us-gc.net\/hu\/","name":"USA GC","description":"","potentialAction":[{"@type":"SearchAction","target":{"@type":"EntryPoint","urlTemplate":"https:\/\/us-gc.net\/hu\/?s={search_term_string}"},"query-input":{"@type":"PropertyValueSpecification","valueRequired":true,"valueName":"search_term_string"}}],"inLanguage":"hu"}]}},"_links":{"self":[{"href":"https:\/\/us-gc.net\/hu\/wp-json\/wp\/v2\/pages\/4701","targetHints":{"allow":["GET"]}}],"collection":[{"href":"https:\/\/us-gc.net\/hu\/wp-json\/wp\/v2\/pages"}],"about":[{"href":"https:\/\/us-gc.net\/hu\/wp-json\/wp\/v2\/types\/page"}],"author":[{"embeddable":true,"href":"https:\/\/us-gc.net\/hu\/wp-json\/wp\/v2\/users\/1"}],"replies":[{"embeddable":true,"href":"https:\/\/us-gc.net\/hu\/wp-json\/wp\/v2\/comments?post=4701"}],"version-history":[{"count":1,"href":"https:\/\/us-gc.net\/hu\/wp-json\/wp\/v2\/pages\/4701\/revisions"}],"predecessor-version":[{"id":7900,"href":"https:\/\/us-gc.net\/hu\/wp-json\/wp\/v2\/pages\/4701\/revisions\/7900"}],"wp:attachment":[{"href":"https:\/\/us-gc.net\/hu\/wp-json\/wp\/v2\/media?parent=4701"}],"curies":[{"name":"wp","href":"https:\/\/api.w.org\/{rel}","templated":true}]}}