{"id":4697,"date":"2024-02-13T15:26:40","date_gmt":"2024-02-13T15:26:40","guid":{"rendered":"https:\/\/green-card-usa.net\/lotto-green-card-reszvetel-orszagok-afrikai\/"},"modified":"2024-12-30T09:44:30","modified_gmt":"2024-12-30T09:44:30","slug":"lotto-green-card-reszvetel-orszagok-afrikai","status":"publish","type":"page","link":"https:\/\/us-gc.net\/hu\/lotto-green-card-reszvetel-orszagok-afrikai\/","title":{"rendered":"Z\u00f6ldk\u00e1rtya lott\u00f3 az afrikai orsz\u00e1gok sz\u00e1m\u00e1ra"},"content":{"rendered":"\n<h1 class=\"wp-block-heading\" id=\"h-les-pays-d-afrique-a-la-loterie-de-la-carte-verte-americaine\">Afrikai orsz\u00e1gok az amerikai z\u00f6ldk\u00e1rtya lott\u00f3n<\/h1>\n\n<p>Minden \u00e9vben t\u00f6bb milli\u00f3 k\u00e9relmez\u0151 vesz r\u00e9szt az amerikai z\u00f6ldk\u00e1rtya-sorsol\u00e1son. \u00d6sszegy\u0171jt\u00f6tt\u00fck a K\u00fcl\u00fcgyminiszt\u00e9rium \u00e1ltal a <a href=\"https:\/\/travel.state.gov\/content\/travel\/en\/us-visas\/immigrate\/diversity-visa-program-entry\/diversity-visa-program-statistics.html\">travel.state.gov<\/a> oldalon k\u00f6zz\u00e9tett statisztik\u00e1kat, hogy megadjuk az afrikai \u00e1llampolg\u00e1roknak a z\u00f6ldk\u00e1rtya-sorsol\u00e1son val\u00f3 r\u00e9szv\u00e9tel\u00e9re vonatkoz\u00f3 legfontosabb adatokat.<\/p>\n\n<h2 class=\"wp-block-heading\" id=\"h-quelle-est-la-participation-des-africains-a-la-loterie\">H\u00e1ny afrikai vesz r\u00e9szt a lott\u00f3n?<\/h2>\n\n<p>A <a href=\"https:\/\/us-gc.net\/hu\/lotto-green-card\/\">z\u00f6ldk\u00e1rtya-sorsol\u00e1sra<\/a> jelentkez\u0151k mintegy 50%-a afrikai orsz\u00e1g \u00e1llampolg\u00e1ra volt az elm\u00falt n\u00e9h\u00e1ny \u00e9vben, amelyr\u0151l rendelkez\u00e9sre \u00e1llnak statisztik\u00e1k.<\/p>\n\n<figure class=\"wp-block-table\"><table><tbody><tr><td><strong>\u00c9vek<\/strong><\/td><td class=\"has-text-align-center\" data-align=\"center\"><strong>2019<\/strong><\/td><td class=\"has-text-align-center\" data-align=\"center\"><strong>2020<\/strong><\/td><td class=\"has-text-align-center\" data-align=\"center\"><strong>2021<\/strong><\/td><\/tr><tr><td>Az afrikai regisztr\u00e1l\u00f3k sz\u00e1ma<\/td><td class=\"has-text-align-center\" data-align=\"center\">7 832 894<\/td><td class=\"has-text-align-center\" data-align=\"center\">8 145 390<\/td><td class=\"has-text-align-center\" data-align=\"center\">3 100 982<\/td><\/tr><tr><td>\u00d6sszes regisztr\u00e1ci\u00f3s f\u00e1jl<\/td><td class=\"has-text-align-center\" data-align=\"center\">14 352 013<\/td><td class=\"has-text-align-center\" data-align=\"center\">14 722 798<\/td><td class=\"has-text-align-center\" data-align=\"center\">6 741 128<\/td><\/tr><tr><td><strong>Az afrikai regisztr\u00e1ltak ar\u00e1nya<\/strong><\/td><td class=\"has-text-align-center\" data-align=\"center\"><strong>55%<\/strong><\/td><td class=\"has-text-align-center\" data-align=\"center\"><strong>55%<\/strong><\/td><td class=\"has-text-align-center\" data-align=\"center\"><strong>46%<\/strong><\/td><\/tr><\/tbody><\/table><figcaption class=\"wp-element-caption\">A z\u00f6ldk\u00e1rtya-sorsol\u00e1sra regisztr\u00e1lt afrikaiak sz\u00e1zal\u00e9kos ar\u00e1nya<\/figcaption><\/figure>\n\n<h2 class=\"wp-block-heading\" id=\"h-quels-sont-les-principaux-pays-d-afrique-d-ou-proviennent-les-candidats\">Melyek azok az afrikai orsz\u00e1gok, ahonnan a p\u00e1ly\u00e1z\u00f3k els\u0151sorban \u00e9rkeznek?<\/h2>\n\n<p>Itt l\u00e1that\u00f3 a 20 legfontosabb afrikai orsz\u00e1g z\u00f6ldk\u00e1rtya-sorsol\u00e1sra be\u00e9rkezett k\u00e9relmek sz\u00e1ma. A k\u00fcl\u00fcgyminiszt\u00e9rium \u00e1ltal k\u00f6zz\u00e9tett legfrissebb adatok a 2019-2021-es \u00e9vekre vonatkoznak:<\/p>\n\n<figure class=\"wp-block-table\"><table><tbody><tr><td><strong>Afrikai orsz\u00e1gok<\/strong><\/td><td class=\"has-text-align-center\" data-align=\"center\"><strong>2019<\/strong><\/td><td class=\"has-text-align-center\" data-align=\"center\"><strong>2020<\/strong><\/td><td class=\"has-text-align-center\" data-align=\"center\"><strong>2021<\/strong><\/td><\/tr><tr><td>Kong\u00f3 Kinshasa<\/td><td class=\"has-text-align-center\" data-align=\"center\">617 573<\/td><td class=\"has-text-align-center\" data-align=\"center\">924 918<\/td><td class=\"has-text-align-center\" data-align=\"center\">593 917<\/td><\/tr><tr><td>Eti\u00f3pia<\/td><td class=\"has-text-align-center\" data-align=\"center\">781 945<\/td><td class=\"has-text-align-center\" data-align=\"center\">775 252<\/td><td class=\"has-text-align-center\" data-align=\"center\">401 661<\/td><\/tr><tr><td>Egyiptom<\/td><td class=\"has-text-align-center\" data-align=\"center\">525 593<\/td><td class=\"has-text-align-center\" data-align=\"center\">525 717<\/td><td class=\"has-text-align-center\" data-align=\"center\">327 401<\/td><\/tr><tr><td>Gh\u00e1na<\/td><td class=\"has-text-align-center\" data-align=\"center\">2 010 531<\/td><td class=\"has-text-align-center\" data-align=\"center\">1 905 520<\/td><td class=\"has-text-align-center\" data-align=\"center\">298 151<\/td><\/tr><tr><td>Szud\u00e1n<\/td><td class=\"has-text-align-center\" data-align=\"center\">276 827<\/td><td class=\"has-text-align-center\" data-align=\"center\">327 475<\/td><td class=\"has-text-align-center\" data-align=\"center\">232 832<\/td><\/tr><tr><td>Alg\u00e9ria<\/td><td class=\"has-text-align-center\" data-align=\"center\">227 019<\/td><td class=\"has-text-align-center\" data-align=\"center\">252 684<\/td><td class=\"has-text-align-center\" data-align=\"center\">221 212<\/td><\/tr><tr><td>Marokk\u00f3<\/td><td class=\"has-text-align-center\" data-align=\"center\">203 581<\/td><td class=\"has-text-align-center\" data-align=\"center\">253 336<\/td><td class=\"has-text-align-center\" data-align=\"center\">161 349<\/td><\/tr><tr><td>Kamerun<\/td><td class=\"has-text-align-center\" data-align=\"center\">310 373<\/td><td class=\"has-text-align-center\" data-align=\"center\">310 802<\/td><td class=\"has-text-align-center\" data-align=\"center\">150 970<\/td><\/tr><tr><td>Kenya<\/td><td class=\"has-text-align-center\" data-align=\"center\">322 307<\/td><td class=\"has-text-align-center\" data-align=\"center\">398 959<\/td><td class=\"has-text-align-center\" data-align=\"center\">102 018<\/td><\/tr><tr><td>Benin<\/td><td class=\"has-text-align-center\" data-align=\"center\">128 911<\/td><td class=\"has-text-align-center\" data-align=\"center\">150 386<\/td><td class=\"has-text-align-center\" data-align=\"center\">92 847<\/td><\/tr><tr><td>Lib\u00e9ria<\/td><td class=\"has-text-align-center\" data-align=\"center\">438 333<\/td><td class=\"has-text-align-center\" data-align=\"center\">459 005<\/td><td class=\"has-text-align-center\" data-align=\"center\">71 724<\/td><\/tr><tr><td>Togo<\/td><td class=\"has-text-align-center\" data-align=\"center\">231 564<\/td><td class=\"has-text-align-center\" data-align=\"center\">259 819<\/td><td class=\"has-text-align-center\" data-align=\"center\">68 994<\/td><\/tr><tr><td>Sierra Leone<\/td><td class=\"has-text-align-center\" data-align=\"center\">1 005 370<\/td><td class=\"has-text-align-center\" data-align=\"center\">947 803<\/td><td class=\"has-text-align-center\" data-align=\"center\">57 779<\/td><\/tr><tr><td>Guinea<\/td><td class=\"has-text-align-center\" data-align=\"center\">179 735<\/td><td class=\"has-text-align-center\" data-align=\"center\">142 008<\/td><td class=\"has-text-align-center\" data-align=\"center\">47 607<\/td><\/tr><tr><td>Elef\u00e1ntcsontpart<\/td><td class=\"has-text-align-center\" data-align=\"center\">160 790<\/td><td class=\"has-text-align-center\" data-align=\"center\">145 913<\/td><td class=\"has-text-align-center\" data-align=\"center\">35 090<\/td><\/tr><tr><td>Uganda<\/td><td class=\"has-text-align-center\" data-align=\"center\">33 460<\/td><td class=\"has-text-align-center\" data-align=\"center\">37 079<\/td><td class=\"has-text-align-center\" data-align=\"center\">26 852<\/td><\/tr><tr><td>Ruanda<\/td><td class=\"has-text-align-center\" data-align=\"center\">41 526<\/td><td class=\"has-text-align-center\" data-align=\"center\">50 711<\/td><td class=\"has-text-align-center\" data-align=\"center\">26 612<\/td><\/tr><tr><td>Kong\u00f3 Brazzaville<\/td><td class=\"has-text-align-center\" data-align=\"center\">21 793<\/td><td class=\"has-text-align-center\" data-align=\"center\">25 592<\/td><td class=\"has-text-align-center\" data-align=\"center\">21 958<\/td><\/tr><tr><td>Szeneg\u00e1l<\/td><td class=\"has-text-align-center\" data-align=\"center\">44 785<\/td><td class=\"has-text-align-center\" data-align=\"center\">33 063<\/td><td class=\"has-text-align-center\" data-align=\"center\">16 920<\/td><\/tr><tr><td>Eritrea<\/td><td class=\"has-text-align-center\" data-align=\"center\">26 121<\/td><td class=\"has-text-align-center\" data-align=\"center\">17 872<\/td><td class=\"has-text-align-center\" data-align=\"center\">16 610<\/td><\/tr><\/tbody><\/table><figcaption class=\"wp-element-caption\">A legfontosabb afrikai orsz\u00e1gok az amerikai z\u00f6ldk\u00e1rtya-sorsol\u00e1son r\u00e9sztvev\u0151k sz\u00e1ma szerint<\/figcaption><\/figure>\n\n<h2 class=\"wp-block-heading\" id=\"h-quels-sont-les-gagnants-a-la-loterie-provenant-de-pays-d-afrique\">Kik az afrikai orsz\u00e1gok lott\u00f3nyertesei?<\/h2>\n\n<p>A K\u00fcl\u00fcgyminiszt\u00e9rium azt is k\u00f6zz\u00e9teszi, hogy \u00e9vente h\u00e1ny v\u00edzumot kapnak a soksz\u00edn\u0171s\u00e9gi program keret\u00e9ben. Ezeket a <a href=\"https:\/\/us-gc.net\/hu\/lotto-eredmenyek-green-card\/\">lott\u00f3eredm\u00e9nyeket<\/a> f\u00f6ldrajzi ter\u00fcletenk\u00e9nt \u00e9s orsz\u00e1gonk\u00e9nti bont\u00e1sban teszik k\u00f6zz\u00e9.<\/p>\n\n<p>Itt l\u00e1that\u00f3 a <a href=\"https:\/\/us-gc.net\/hu\/amerikai-lotto-zold-kartya\/\">z\u00f6ldk\u00e1rtya-sorsol\u00e1son<\/a> kereszt\u00fcl megszerzett v\u00edzumok sz\u00e1ma a 20 legnagyobb afrikai orsz\u00e1g sz\u00e1m\u00e1ra 2018 \u00e9s 2022 k\u00f6z\u00f6tt:<\/p>\n\n<figure class=\"wp-block-table\"><table><tbody><tr><td><strong>Afrikai orsz\u00e1gok<\/strong><\/td><td class=\"has-text-align-center\" data-align=\"center\"><strong>2018<\/strong><\/td><td class=\"has-text-align-center\" data-align=\"center\"><strong>2019<\/strong><\/td><td class=\"has-text-align-center\" data-align=\"center\"><strong>2020<\/strong><\/td><td class=\"has-text-align-center\" data-align=\"center\"><strong>2021<\/strong><\/td><td class=\"has-text-align-center\" data-align=\"center\"><strong>2022<\/strong><\/td><\/tr><tr><td>Marokk\u00f3<\/td><td class=\"has-text-align-center\" data-align=\"center\">1011<\/td><td class=\"has-text-align-center\" data-align=\"center\">1132<\/td><td class=\"has-text-align-center\" data-align=\"center\">719<\/td><td class=\"has-text-align-center\" data-align=\"center\">1126<\/td><td class=\"has-text-align-center\" data-align=\"center\">2559<\/td><\/tr><tr><td>Alg\u00e9ria<\/td><td class=\"has-text-align-center\" data-align=\"center\">1346<\/td><td class=\"has-text-align-center\" data-align=\"center\">1649<\/td><td class=\"has-text-align-center\" data-align=\"center\">783<\/td><td class=\"has-text-align-center\" data-align=\"center\">814<\/td><td class=\"has-text-align-center\" data-align=\"center\">2380<\/td><\/tr><tr><td>Egyiptom<\/td><td class=\"has-text-align-center\" data-align=\"center\">3466<\/td><td class=\"has-text-align-center\" data-align=\"center\">3312<\/td><td class=\"has-text-align-center\" data-align=\"center\">1297<\/td><td class=\"has-text-align-center\" data-align=\"center\">447<\/td><td class=\"has-text-align-center\" data-align=\"center\">2147<\/td><\/tr><tr><td>Kamerun<\/td><td class=\"has-text-align-center\" data-align=\"center\">1626<\/td><td class=\"has-text-align-center\" data-align=\"center\">1661<\/td><td class=\"has-text-align-center\" data-align=\"center\">460<\/td><td class=\"has-text-align-center\" data-align=\"center\">653<\/td><td class=\"has-text-align-center\" data-align=\"center\">1705<\/td><\/tr><tr><td>Szud\u00e1n<\/td><td class=\"has-text-align-center\" data-align=\"center\">1680<\/td><td class=\"has-text-align-center\" data-align=\"center\">1548<\/td><td class=\"has-text-align-center\" data-align=\"center\">403<\/td><td class=\"has-text-align-center\" data-align=\"center\">249<\/td><td class=\"has-text-align-center\" data-align=\"center\">1704<\/td><\/tr><tr><td>Kenya<\/td><td class=\"has-text-align-center\" data-align=\"center\">1220<\/td><td class=\"has-text-align-center\" data-align=\"center\">1207<\/td><td class=\"has-text-align-center\" data-align=\"center\">393<\/td><td class=\"has-text-align-center\" data-align=\"center\">278<\/td><td class=\"has-text-align-center\" data-align=\"center\">1157<\/td><\/tr><tr><td>Kong\u00f3 Kinshasa<\/td><td class=\"has-text-align-center\" data-align=\"center\">2874<\/td><td class=\"has-text-align-center\" data-align=\"center\">3096<\/td><td class=\"has-text-align-center\" data-align=\"center\">478<\/td><td class=\"has-text-align-center\" data-align=\"center\">592<\/td><td class=\"has-text-align-center\" data-align=\"center\">903<\/td><\/tr><tr><td>Togo<\/td><td class=\"has-text-align-center\" data-align=\"center\">664<\/td><td class=\"has-text-align-center\" data-align=\"center\">757<\/td><td class=\"has-text-align-center\" data-align=\"center\">208<\/td><td class=\"has-text-align-center\" data-align=\"center\">186<\/td><td class=\"has-text-align-center\" data-align=\"center\">838<\/td><\/tr><tr><td>Ruanda<\/td><td class=\"has-text-align-center\" data-align=\"center\">277<\/td><td class=\"has-text-align-center\" data-align=\"center\">338<\/td><td class=\"has-text-align-center\" data-align=\"center\">115<\/td><td class=\"has-text-align-center\" data-align=\"center\">155<\/td><td class=\"has-text-align-center\" data-align=\"center\">661<\/td><\/tr><tr><td>Eti\u00f3pia<\/td><td class=\"has-text-align-center\" data-align=\"center\">2106<\/td><td class=\"has-text-align-center\" data-align=\"center\">1696<\/td><td class=\"has-text-align-center\" data-align=\"center\">339<\/td><td class=\"has-text-align-center\" data-align=\"center\">67<\/td><td class=\"has-text-align-center\" data-align=\"center\">621<\/td><\/tr><tr><td>Lib\u00e9ria<\/td><td class=\"has-text-align-center\" data-align=\"center\">1249<\/td><td class=\"has-text-align-center\" data-align=\"center\">653<\/td><td class=\"has-text-align-center\" data-align=\"center\">89<\/td><td class=\"has-text-align-center\" data-align=\"center\">46<\/td><td class=\"has-text-align-center\" data-align=\"center\">531<\/td><\/tr><tr><td>Elef\u00e1ntcsontpart<\/td><td class=\"has-text-align-center\" data-align=\"center\">386<\/td><td class=\"has-text-align-center\" data-align=\"center\">424<\/td><td class=\"has-text-align-center\" data-align=\"center\">76<\/td><td class=\"has-text-align-center\" data-align=\"center\">144<\/td><td class=\"has-text-align-center\" data-align=\"center\">383<\/td><\/tr><tr><td>Guinea<\/td><td class=\"has-text-align-center\" data-align=\"center\">155<\/td><td class=\"has-text-align-center\" data-align=\"center\">300<\/td><td class=\"has-text-align-center\" data-align=\"center\">38<\/td><td class=\"has-text-align-center\" data-align=\"center\">41<\/td><td class=\"has-text-align-center\" data-align=\"center\">377<\/td><\/tr><tr><td>Gh\u00e1na<\/td><td class=\"has-text-align-center\" data-align=\"center\">777<\/td><td class=\"has-text-align-center\" data-align=\"center\">640<\/td><td class=\"has-text-align-center\" data-align=\"center\">111<\/td><td class=\"has-text-align-center\" data-align=\"center\">229<\/td><td class=\"has-text-align-center\" data-align=\"center\">355<\/td><\/tr><tr><td>Angola<\/td><td class=\"has-text-align-center\" data-align=\"center\">20<\/td><td class=\"has-text-align-center\" data-align=\"center\">60<\/td><td class=\"has-text-align-center\" data-align=\"center\">9<\/td><td class=\"has-text-align-center\" data-align=\"center\">17<\/td><td class=\"has-text-align-center\" data-align=\"center\">293<\/td><\/tr><tr><td>Benin<\/td><td class=\"has-text-align-center\" data-align=\"center\">237<\/td><td class=\"has-text-align-center\" data-align=\"center\">364<\/td><td class=\"has-text-align-center\" data-align=\"center\">92<\/td><td class=\"has-text-align-center\" data-align=\"center\">58<\/td><td class=\"has-text-align-center\" data-align=\"center\">266<\/td><\/tr><tr><td>D\u00e9l-Afrika<\/td><td class=\"has-text-align-center\" data-align=\"center\">175<\/td><td class=\"has-text-align-center\" data-align=\"center\">180<\/td><td class=\"has-text-align-center\" data-align=\"center\">38<\/td><td class=\"has-text-align-center\" data-align=\"center\">106<\/td><td class=\"has-text-align-center\" data-align=\"center\">266<\/td><\/tr><tr><td>Sierra Leone<\/td><td class=\"has-text-align-center\" data-align=\"center\">119<\/td><td class=\"has-text-align-center\" data-align=\"center\">172<\/td><td class=\"has-text-align-center\" data-align=\"center\">13<\/td><td class=\"has-text-align-center\" data-align=\"center\">70<\/td><td class=\"has-text-align-center\" data-align=\"center\">207<\/td><\/tr><tr><td>Uganda<\/td><td class=\"has-text-align-center\" data-align=\"center\">177<\/td><td class=\"has-text-align-center\" data-align=\"center\">133<\/td><td class=\"has-text-align-center\" data-align=\"center\">64<\/td><td class=\"has-text-align-center\" data-align=\"center\">69<\/td><td class=\"has-text-align-center\" data-align=\"center\">206<\/td><\/tr><tr><td>L\u00edbia<\/td><td class=\"has-text-align-center\" data-align=\"center\">47<\/td><td class=\"has-text-align-center\" data-align=\"center\">72<\/td><td class=\"has-text-align-center\" data-align=\"center\">24<\/td><td class=\"has-text-align-center\" data-align=\"center\">59<\/td><td class=\"has-text-align-center\" data-align=\"center\">192<\/td><\/tr><\/tbody><\/table><figcaption class=\"wp-element-caption\">A <a href=\"https:\/\/us-gc.net\/hu\/sokszinusegi-vizumprogram\/\">soksz\u00edn\u0171s\u00e9gi v\u00edzumprogram<\/a> \u00e1ltal a f\u0151bb afrikai orsz\u00e1gok sz\u00e1m\u00e1ra kiadott v\u00edzumok sz\u00e1ma<\/figcaption><\/figure>\n\n<p><\/p>\n","protected":false},"excerpt":{"rendered":"<p>Afrikai orsz\u00e1gok az amerikai z\u00f6ldk\u00e1rtya lott\u00f3n Minden \u00e9vben t\u00f6bb milli\u00f3 k\u00e9relmez\u0151 vesz r\u00e9szt az amerikai z\u00f6ldk\u00e1rtya-sorsol\u00e1son. \u00d6sszegy\u0171jt\u00f6tt\u00fck a K\u00fcl\u00fcgyminiszt\u00e9rium \u00e1ltal a travel.state.gov oldalon k\u00f6zz\u00e9tett statisztik\u00e1kat, hogy megadjuk az afrikai \u00e1llampolg\u00e1roknak a z\u00f6ldk\u00e1rtya-sorsol\u00e1son val\u00f3 r\u00e9szv\u00e9tel\u00e9re vonatkoz\u00f3 legfontosabb adatokat. H\u00e1ny afrikai vesz r\u00e9szt a lott\u00f3n? A z\u00f6ldk\u00e1rtya-sorsol\u00e1sra jelentkez\u0151k mintegy 50%-a afrikai orsz\u00e1g \u00e1llampolg\u00e1ra volt az elm\u00falt n\u00e9h\u00e1ny [&hellip;]<\/p>\n","protected":false},"author":1,"featured_media":0,"parent":0,"menu_order":0,"comment_status":"closed","ping_status":"closed","template":"","meta":{"footnotes":""},"class_list":["post-4697","page","type-page","status-publish","hentry"],"yoast_head":"<!-- This site is optimized with the Yoast SEO plugin v27.4 - https:\/\/yoast.com\/product\/yoast-seo-wordpress\/ -->\n<title>Z\u00f6ldk\u00e1rtya lott\u00f3 az afrikai orsz\u00e1gok sz\u00e1m\u00e1ra - USA GC<\/title>\n<meta name=\"description\" content=\"Az afrikai orsz\u00e1gok \u00e1llampolg\u00e1rainak r\u00e9szletes r\u00e9szv\u00e9tele az amerikai z\u00f6ldk\u00e1rtya-sorsol\u00e1son az elm\u00falt \u00e9vekben\" \/>\n<meta name=\"robots\" content=\"index, follow, max-snippet:-1, max-image-preview:large, max-video-preview:-1\" \/>\n<link rel=\"canonical\" href=\"https:\/\/us-gc.net\/hu\/lotto-green-card-reszvetel-orszagok-afrikai\/\" \/>\n<meta property=\"og:locale\" content=\"hu_HU\" \/>\n<meta property=\"og:type\" content=\"article\" \/>\n<meta property=\"og:title\" content=\"Z\u00f6ldk\u00e1rtya lott\u00f3 az afrikai orsz\u00e1gok sz\u00e1m\u00e1ra - USA GC\" \/>\n<meta property=\"og:description\" content=\"Az afrikai orsz\u00e1gok \u00e1llampolg\u00e1rainak r\u00e9szletes r\u00e9szv\u00e9tele az amerikai z\u00f6ldk\u00e1rtya-sorsol\u00e1son az elm\u00falt \u00e9vekben\" \/>\n<meta property=\"og:url\" content=\"https:\/\/us-gc.net\/hu\/lotto-green-card-reszvetel-orszagok-afrikai\/\" \/>\n<meta property=\"og:site_name\" content=\"USA GC\" \/>\n<meta property=\"article:modified_time\" content=\"2024-12-30T09:44:30+00:00\" \/>\n<meta name=\"twitter:card\" content=\"summary_large_image\" \/>\n<meta name=\"twitter:label1\" content=\"Becs\u00fclt olvas\u00e1si id\u0151\" \/>\n\t<meta name=\"twitter:data1\" content=\"2 perc\" \/>\n<script type=\"application\/ld+json\" class=\"yoast-schema-graph\">{\"@context\":\"https:\\\/\\\/schema.org\",\"@graph\":[{\"@type\":\"WebPage\",\"@id\":\"https:\\\/\\\/us-gc.net\\\/hu\\\/lotto-green-card-reszvetel-orszagok-afrikai\\\/\",\"url\":\"https:\\\/\\\/us-gc.net\\\/hu\\\/lotto-green-card-reszvetel-orszagok-afrikai\\\/\",\"name\":\"Z\u00f6ldk\u00e1rtya lott\u00f3 az afrikai orsz\u00e1gok sz\u00e1m\u00e1ra - USA GC\",\"isPartOf\":{\"@id\":\"https:\\\/\\\/us-gc.net\\\/hu\\\/#website\"},\"datePublished\":\"2024-02-13T15:26:40+00:00\",\"dateModified\":\"2024-12-30T09:44:30+00:00\",\"description\":\"Az afrikai orsz\u00e1gok \u00e1llampolg\u00e1rainak r\u00e9szletes r\u00e9szv\u00e9tele az amerikai z\u00f6ldk\u00e1rtya-sorsol\u00e1son az elm\u00falt \u00e9vekben\",\"breadcrumb\":{\"@id\":\"https:\\\/\\\/us-gc.net\\\/hu\\\/lotto-green-card-reszvetel-orszagok-afrikai\\\/#breadcrumb\"},\"inLanguage\":\"hu\",\"potentialAction\":[{\"@type\":\"ReadAction\",\"target\":[\"https:\\\/\\\/us-gc.net\\\/hu\\\/lotto-green-card-reszvetel-orszagok-afrikai\\\/\"]}]},{\"@type\":\"BreadcrumbList\",\"@id\":\"https:\\\/\\\/us-gc.net\\\/hu\\\/lotto-green-card-reszvetel-orszagok-afrikai\\\/#breadcrumb\",\"itemListElement\":[{\"@type\":\"ListItem\",\"position\":1,\"name\":\"Accueil\",\"item\":\"https:\\\/\\\/us-gc.net\\\/hu\\\/green-card\\\/\"},{\"@type\":\"ListItem\",\"position\":2,\"name\":\"Z\u00f6ldk\u00e1rtya lott\u00f3 az afrikai orsz\u00e1gok sz\u00e1m\u00e1ra\"}]},{\"@type\":\"WebSite\",\"@id\":\"https:\\\/\\\/us-gc.net\\\/hu\\\/#website\",\"url\":\"https:\\\/\\\/us-gc.net\\\/hu\\\/\",\"name\":\"USA GC\",\"description\":\"\",\"potentialAction\":[{\"@type\":\"SearchAction\",\"target\":{\"@type\":\"EntryPoint\",\"urlTemplate\":\"https:\\\/\\\/us-gc.net\\\/hu\\\/?s={search_term_string}\"},\"query-input\":{\"@type\":\"PropertyValueSpecification\",\"valueRequired\":true,\"valueName\":\"search_term_string\"}}],\"inLanguage\":\"hu\"}]}<\/script>\n<!-- \/ Yoast SEO plugin. -->","yoast_head_json":{"title":"Z\u00f6ldk\u00e1rtya lott\u00f3 az afrikai orsz\u00e1gok sz\u00e1m\u00e1ra - USA GC","description":"Az afrikai orsz\u00e1gok \u00e1llampolg\u00e1rainak r\u00e9szletes r\u00e9szv\u00e9tele az amerikai z\u00f6ldk\u00e1rtya-sorsol\u00e1son az elm\u00falt \u00e9vekben","robots":{"index":"index","follow":"follow","max-snippet":"max-snippet:-1","max-image-preview":"max-image-preview:large","max-video-preview":"max-video-preview:-1"},"canonical":"https:\/\/us-gc.net\/hu\/lotto-green-card-reszvetel-orszagok-afrikai\/","og_locale":"hu_HU","og_type":"article","og_title":"Z\u00f6ldk\u00e1rtya lott\u00f3 az afrikai orsz\u00e1gok sz\u00e1m\u00e1ra - USA GC","og_description":"Az afrikai orsz\u00e1gok \u00e1llampolg\u00e1rainak r\u00e9szletes r\u00e9szv\u00e9tele az amerikai z\u00f6ldk\u00e1rtya-sorsol\u00e1son az elm\u00falt \u00e9vekben","og_url":"https:\/\/us-gc.net\/hu\/lotto-green-card-reszvetel-orszagok-afrikai\/","og_site_name":"USA GC","article_modified_time":"2024-12-30T09:44:30+00:00","twitter_card":"summary_large_image","twitter_misc":{"Becs\u00fclt olvas\u00e1si id\u0151":"2 perc"},"schema":{"@context":"https:\/\/schema.org","@graph":[{"@type":"WebPage","@id":"https:\/\/us-gc.net\/hu\/lotto-green-card-reszvetel-orszagok-afrikai\/","url":"https:\/\/us-gc.net\/hu\/lotto-green-card-reszvetel-orszagok-afrikai\/","name":"Z\u00f6ldk\u00e1rtya lott\u00f3 az afrikai orsz\u00e1gok sz\u00e1m\u00e1ra - USA GC","isPartOf":{"@id":"https:\/\/us-gc.net\/hu\/#website"},"datePublished":"2024-02-13T15:26:40+00:00","dateModified":"2024-12-30T09:44:30+00:00","description":"Az afrikai orsz\u00e1gok \u00e1llampolg\u00e1rainak r\u00e9szletes r\u00e9szv\u00e9tele az amerikai z\u00f6ldk\u00e1rtya-sorsol\u00e1son az elm\u00falt \u00e9vekben","breadcrumb":{"@id":"https:\/\/us-gc.net\/hu\/lotto-green-card-reszvetel-orszagok-afrikai\/#breadcrumb"},"inLanguage":"hu","potentialAction":[{"@type":"ReadAction","target":["https:\/\/us-gc.net\/hu\/lotto-green-card-reszvetel-orszagok-afrikai\/"]}]},{"@type":"BreadcrumbList","@id":"https:\/\/us-gc.net\/hu\/lotto-green-card-reszvetel-orszagok-afrikai\/#breadcrumb","itemListElement":[{"@type":"ListItem","position":1,"name":"Accueil","item":"https:\/\/us-gc.net\/hu\/green-card\/"},{"@type":"ListItem","position":2,"name":"Z\u00f6ldk\u00e1rtya lott\u00f3 az afrikai orsz\u00e1gok sz\u00e1m\u00e1ra"}]},{"@type":"WebSite","@id":"https:\/\/us-gc.net\/hu\/#website","url":"https:\/\/us-gc.net\/hu\/","name":"USA GC","description":"","potentialAction":[{"@type":"SearchAction","target":{"@type":"EntryPoint","urlTemplate":"https:\/\/us-gc.net\/hu\/?s={search_term_string}"},"query-input":{"@type":"PropertyValueSpecification","valueRequired":true,"valueName":"search_term_string"}}],"inLanguage":"hu"}]}},"_links":{"self":[{"href":"https:\/\/us-gc.net\/hu\/wp-json\/wp\/v2\/pages\/4697","targetHints":{"allow":["GET"]}}],"collection":[{"href":"https:\/\/us-gc.net\/hu\/wp-json\/wp\/v2\/pages"}],"about":[{"href":"https:\/\/us-gc.net\/hu\/wp-json\/wp\/v2\/types\/page"}],"author":[{"embeddable":true,"href":"https:\/\/us-gc.net\/hu\/wp-json\/wp\/v2\/users\/1"}],"replies":[{"embeddable":true,"href":"https:\/\/us-gc.net\/hu\/wp-json\/wp\/v2\/comments?post=4697"}],"version-history":[{"count":1,"href":"https:\/\/us-gc.net\/hu\/wp-json\/wp\/v2\/pages\/4697\/revisions"}],"predecessor-version":[{"id":7878,"href":"https:\/\/us-gc.net\/hu\/wp-json\/wp\/v2\/pages\/4697\/revisions\/7878"}],"wp:attachment":[{"href":"https:\/\/us-gc.net\/hu\/wp-json\/wp\/v2\/media?parent=4697"}],"curies":[{"name":"wp","href":"https:\/\/api.w.org\/{rel}","templated":true}]}}