{"id":4695,"date":"2024-02-13T10:11:47","date_gmt":"2024-02-13T10:11:47","guid":{"rendered":"https:\/\/green-card-usa.net\/lotto-green-card-europa\/"},"modified":"2024-12-30T09:43:02","modified_gmt":"2024-12-30T09:43:02","slug":"lotto-green-card-europa","status":"publish","type":"page","link":"https:\/\/us-gc.net\/hu\/lotto-green-card-europa\/","title":{"rendered":"Z\u00f6ldk\u00e1rtya-sorsol\u00e1s eur\u00f3pai polg\u00e1rok sz\u00e1m\u00e1ra"},"content":{"rendered":"\n<h1 class=\"wp-block-heading\" id=\"h-la-loterie-de-la-carte-verte-pour-les-pays-europeens\">A z\u00f6ldk\u00e1rtya-sorsol\u00e1s az eur\u00f3pai orsz\u00e1gok sz\u00e1m\u00e1ra<\/h1>\n\n<p>Minden \u00e9vben t\u00f6bb milli\u00f3 k\u00e9relmez\u0151 vesz r\u00e9szt az amerikai z\u00f6ldk\u00e1rtya-sorsol\u00e1son. \u00d6sszegy\u0171jt\u00f6tt\u00fck a K\u00fcl\u00fcgyminiszt\u00e9rium \u00e1ltal a <a href=\"https:\/\/travel.state.gov\/content\/travel\/en\/us-visas\/immigrate\/diversity-visa-program-entry\/diversity-visa-program-statistics.html\">travel.state.gov<\/a> oldalon k\u00f6zz\u00e9tett statisztik\u00e1kat, hogy megadjuk az eur\u00f3pai polg\u00e1rok z\u00f6ldk\u00e1rtya-sorsol\u00e1son val\u00f3 r\u00e9szv\u00e9tel\u00e9nek f\u0151bb adatait.<\/p>\n\n<h2 class=\"wp-block-heading\" id=\"h-quelle-est-la-participation-des-europeens-a-la-loterie-de-la-carte-verte\">H\u00e1ny eur\u00f3pai vesz r\u00e9szt a z\u00f6ldk\u00e1rtya-sorsol\u00e1son?<\/h2>\n\n<p>A <a href=\"https:\/\/us-gc.net\/hu\/lotto-green-card\/\">Green Card-sorsol\u00e1sra<\/a> jelentkez\u0151k mintegy 30%-a eur\u00f3pai orsz\u00e1g \u00e1llampolg\u00e1ra volt az elm\u00falt n\u00e9h\u00e1ny \u00e9vben, amelyr\u0151l rendelkez\u00e9sre \u00e1llnak statisztik\u00e1k.<\/p>\n\n<figure class=\"wp-block-table\"><table><tbody><tr><td><strong>\u00c9vek<\/strong><\/td><td class=\"has-text-align-center\" data-align=\"center\"><strong>2019<\/strong><\/td><td class=\"has-text-align-center\" data-align=\"center\"><strong>2020<\/strong><\/td><td class=\"has-text-align-center\" data-align=\"center\"><strong>2021<\/strong><\/td><\/tr><tr><td>Az eur\u00f3pai regisztr\u00e1l\u00f3k sz\u00e1ma<\/td><td class=\"has-text-align-center\" data-align=\"center\">4 349 555<\/td><td class=\"has-text-align-center\" data-align=\"center\">4 072 324<\/td><td class=\"has-text-align-center\" data-align=\"center\">2 014 089<\/td><\/tr><tr><td>\u00d6sszes regisztr\u00e1ci\u00f3s f\u00e1jl<\/td><td class=\"has-text-align-center\" data-align=\"center\">14 352 013<\/td><td class=\"has-text-align-center\" data-align=\"center\">14 722 798<\/td><td class=\"has-text-align-center\" data-align=\"center\">6 741 128<\/td><\/tr><tr><td><strong>Az eur\u00f3pai regisztr\u00e1l\u00f3k sz\u00e1zal\u00e9kos ar\u00e1nya<\/strong><\/td><td class=\"has-text-align-center\" data-align=\"center\"><strong>30%<\/strong><\/td><td class=\"has-text-align-center\" data-align=\"center\"><strong>28%<\/strong><\/td><td class=\"has-text-align-center\" data-align=\"center\"><strong>30%<\/strong><\/td><\/tr><\/tbody><\/table><figcaption class=\"wp-element-caption\">A z\u00f6ldk\u00e1rtya-sorsol\u00e1sra regisztr\u00e1lt eur\u00f3paiak sz\u00e1zal\u00e9kos ar\u00e1nya<\/figcaption><\/figure>\n\n<h2 class=\"wp-block-heading\" id=\"h-quels-sont-les-principaux-pays-d-europe-d-ou-proviennent-les-candidats\">Melyek azok az eur\u00f3pai orsz\u00e1gok, ahonnan a p\u00e1ly\u00e1z\u00f3k els\u0151sorban \u00e9rkeznek?<\/h2>\n\n<p>A z\u00f6ldk\u00e1rtya-sorsol\u00e1sra be\u00e9rkezett k\u00e9relmek sz\u00e1ma a 20 legfontosabb eur\u00f3pai orsz\u00e1gban. A k\u00fcl\u00fcgyminiszt\u00e9rium \u00e1ltal k\u00f6zz\u00e9tett legfrissebb adatok a 2019-2021-es \u00e9vekre vonatkoznak:<\/p>\n\n<figure class=\"wp-block-table\"><table><tbody><tr><td><strong>Eur\u00f3pai orsz\u00e1gok<\/strong><\/td><td class=\"has-text-align-center\" data-align=\"center\"><strong>2019<\/strong><\/td><td class=\"has-text-align-center\" data-align=\"center\"><strong>2020<\/strong><\/td><td class=\"has-text-align-center\" data-align=\"center\"><strong>2021<\/strong><\/td><\/tr><tr><td>\u00dczbegiszt\u00e1n<\/td><td class=\"has-text-align-center\" data-align=\"center\">1 813 357<\/td><td class=\"has-text-align-center\" data-align=\"center\">1 674 787<\/td><td class=\"has-text-align-center\" data-align=\"center\">466 480<\/td><\/tr><tr><td>Oroszorsz\u00e1g<\/td><td class=\"has-text-align-center\" data-align=\"center\">240 323<\/td><td class=\"has-text-align-center\" data-align=\"center\">289 910<\/td><td class=\"has-text-align-center\" data-align=\"center\">260 292<\/td><\/tr><tr><td>Ukrajna<\/td><td class=\"has-text-align-center\" data-align=\"center\">665 764<\/td><td class=\"has-text-align-center\" data-align=\"center\">586 088<\/td><td class=\"has-text-align-center\" data-align=\"center\">210 570<\/td><\/tr><tr><td>Moldova<\/td><td class=\"has-text-align-center\" data-align=\"center\">323 102<\/td><td class=\"has-text-align-center\" data-align=\"center\">200 204<\/td><td class=\"has-text-align-center\" data-align=\"center\">135 992<\/td><\/tr><tr><td>Alb\u00e1nia<\/td><td class=\"has-text-align-center\" data-align=\"center\">172 817<\/td><td class=\"has-text-align-center\" data-align=\"center\">181 270<\/td><td class=\"has-text-align-center\" data-align=\"center\">128 871<\/td><\/tr><tr><td>T\u00f6r\u00f6korsz\u00e1g<\/td><td class=\"has-text-align-center\" data-align=\"center\">188 579<\/td><td class=\"has-text-align-center\" data-align=\"center\">221 271<\/td><td class=\"has-text-align-center\" data-align=\"center\">128 743<\/td><\/tr><tr><td>Feh\u00e9roroszorsz\u00e1g<\/td><td class=\"has-text-align-center\" data-align=\"center\">107 223<\/td><td class=\"has-text-align-center\" data-align=\"center\">98 617<\/td><td class=\"has-text-align-center\" data-align=\"center\">83 001<\/td><\/tr><tr><td>\u00d6rm\u00e9nyorsz\u00e1g<\/td><td class=\"has-text-align-center\" data-align=\"center\">102 653<\/td><td class=\"has-text-align-center\" data-align=\"center\">79 628<\/td><td class=\"has-text-align-center\" data-align=\"center\">68 309<\/td><\/tr><tr><td>Kazahszt\u00e1n<\/td><td class=\"has-text-align-center\" data-align=\"center\">55 686<\/td><td class=\"has-text-align-center\" data-align=\"center\">82 180<\/td><td class=\"has-text-align-center\" data-align=\"center\">67 593<\/td><\/tr><tr><td>T\u00e1dzsikiszt\u00e1n<\/td><td class=\"has-text-align-center\" data-align=\"center\">62 581<\/td><td class=\"has-text-align-center\" data-align=\"center\">77 745<\/td><td class=\"has-text-align-center\" data-align=\"center\">63 944<\/td><\/tr><tr><td>Kirgiziszt\u00e1n<\/td><td class=\"has-text-align-center\" data-align=\"center\">46 045<\/td><td class=\"has-text-align-center\" data-align=\"center\">77 540<\/td><td class=\"has-text-align-center\" data-align=\"center\">55 178<\/td><\/tr><tr><td>Azerbajdzs\u00e1n<\/td><td class=\"has-text-align-center\" data-align=\"center\">93 736<\/td><td class=\"has-text-align-center\" data-align=\"center\">91 137<\/td><td class=\"has-text-align-center\" data-align=\"center\">52 659<\/td><\/tr><tr><td>Georgia<\/td><td class=\"has-text-align-center\" data-align=\"center\">56 781<\/td><td class=\"has-text-align-center\" data-align=\"center\">61 292<\/td><td class=\"has-text-align-center\" data-align=\"center\">50 272<\/td><\/tr><tr><td>N\u00e9metorsz\u00e1g<\/td><td class=\"has-text-align-center\" data-align=\"center\">45 947<\/td><td class=\"has-text-align-center\" data-align=\"center\">38 618<\/td><td class=\"has-text-align-center\" data-align=\"center\">30 417<\/td><\/tr><tr><td>T\u00fcrkmeniszt\u00e1n<\/td><td class=\"has-text-align-center\" data-align=\"center\">15 057<\/td><td class=\"has-text-align-center\" data-align=\"center\">23 362<\/td><td class=\"has-text-align-center\" data-align=\"center\">23 907<\/td><\/tr><tr><td>Olaszorsz\u00e1g<\/td><td class=\"has-text-align-center\" data-align=\"center\">35 326<\/td><td class=\"has-text-align-center\" data-align=\"center\">28 947<\/td><td class=\"has-text-align-center\" data-align=\"center\">22 693<\/td><\/tr><tr><td>Franciaorsz\u00e1g<\/td><td class=\"has-text-align-center\" data-align=\"center\">34 077<\/td><td class=\"has-text-align-center\" data-align=\"center\">27 304<\/td><td class=\"has-text-align-center\" data-align=\"center\">19 947<\/td><\/tr><tr><td>Lengyelorsz\u00e1g<\/td><td class=\"has-text-align-center\" data-align=\"center\">38 539<\/td><td class=\"has-text-align-center\" data-align=\"center\">25 215<\/td><td class=\"has-text-align-center\" data-align=\"center\">16 150<\/td><\/tr><tr><td>Rom\u00e1nia<\/td><td class=\"has-text-align-center\" data-align=\"center\">35 367<\/td><td class=\"has-text-align-center\" data-align=\"center\">23 830<\/td><td class=\"has-text-align-center\" data-align=\"center\">15 637<\/td><\/tr><tr><td>Bulg\u00e1ria<\/td><td class=\"has-text-align-center\" data-align=\"center\">30 649<\/td><td class=\"has-text-align-center\" data-align=\"center\">22 696<\/td><td class=\"has-text-align-center\" data-align=\"center\">14 407<\/td><\/tr><\/tbody><\/table><figcaption class=\"wp-element-caption\">A legfontosabb eur\u00f3pai orsz\u00e1gok az amerikai z\u00f6ldk\u00e1rtya-sorsol\u00e1son r\u00e9sztvev\u0151k sz\u00e1ma alapj\u00e1n<\/figcaption><\/figure>\n\n<h2 class=\"wp-block-heading\" id=\"h-quels-sont-les-gagnants-a-la-loterie-provenant-de-pays-europeens\">Kik az eur\u00f3pai orsz\u00e1gok lott\u00f3nyertesei?<\/h2>\n\n<p>A K\u00fcl\u00fcgyminiszt\u00e9rium azt is k\u00f6zz\u00e9teszi, hogy \u00e9vente h\u00e1ny v\u00edzumot kapnak a soksz\u00edn\u0171s\u00e9gi program keret\u00e9ben. Ezeket a <a href=\"https:\/\/us-gc.net\/hu\/lotto-eredmenyek-green-card\/\">lott\u00f3eredm\u00e9nyeket<\/a> f\u00f6ldrajzi ter\u00fcletenk\u00e9nt \u00e9s orsz\u00e1gonk\u00e9nti bont\u00e1sban teszik k\u00f6zz\u00e9.<\/p>\n\n<p>A k\u00f6vetkez\u0151kben a <a href=\"https:\/\/us-gc.net\/hu\/amerikai-lotto-zold-kartya\/\">Green Card-sorsol\u00e1snak<\/a> k\u00f6sz\u00f6nhet\u0151en 2018 \u00e9s 2022 k\u00f6z\u00f6tt a 20 legfontosabb eur\u00f3pai orsz\u00e1g sz\u00e1m\u00e1ra kiadott v\u00edzumok sz\u00e1ma szerepel:<\/p>\n\n<figure class=\"wp-block-table\"><table><tbody><tr><td><strong>Eur\u00f3pai orsz\u00e1gok<\/strong><\/td><td class=\"has-text-align-center\" data-align=\"center\"><strong>2018<\/strong><\/td><td class=\"has-text-align-center\" data-align=\"center\"><strong>2019<\/strong><\/td><td class=\"has-text-align-center\" data-align=\"center\"><strong>2020<\/strong><\/td><td class=\"has-text-align-center\" data-align=\"center\"><strong>2021<\/strong><\/td><td class=\"has-text-align-center\" data-align=\"center\"><strong>2022<\/strong><\/td><\/tr><tr><td>Oroszorsz\u00e1g<\/td><td class=\"has-text-align-center\" data-align=\"center\">2 175<\/td><td class=\"has-text-align-center\" data-align=\"center\">2 506<\/td><td class=\"has-text-align-center\" data-align=\"center\">947<\/td><td class=\"has-text-align-center\" data-align=\"center\">414<\/td><td class=\"has-text-align-center\" data-align=\"center\">2 784<\/td><\/tr><tr><td>Ukrajna<\/td><td class=\"has-text-align-center\" data-align=\"center\">2 653<\/td><td class=\"has-text-align-center\" data-align=\"center\">2 062<\/td><td class=\"has-text-align-center\" data-align=\"center\">1 101<\/td><td class=\"has-text-align-center\" data-align=\"center\">938<\/td><td class=\"has-text-align-center\" data-align=\"center\">2 636<\/td><\/tr><tr><td>\u00dczbegiszt\u00e1n<\/td><td class=\"has-text-align-center\" data-align=\"center\">2 058<\/td><td class=\"has-text-align-center\" data-align=\"center\">823<\/td><td class=\"has-text-align-center\" data-align=\"center\">314<\/td><td class=\"has-text-align-center\" data-align=\"center\">89<\/td><td class=\"has-text-align-center\" data-align=\"center\">  2 413<\/td><\/tr><tr><td>Alb\u00e1nia<\/td><td class=\"has-text-align-center\" data-align=\"center\">2 630<\/td><td class=\"has-text-align-center\" data-align=\"center\">2 284<\/td><td class=\"has-text-align-center\" data-align=\"center\">460<\/td><td class=\"has-text-align-center\" data-align=\"center\">653<\/td><td class=\"has-text-align-center\" data-align=\"center\">2 054<\/td><\/tr><tr><td>Kirgiziszt\u00e1n<\/td><td class=\"has-text-align-center\" data-align=\"center\">383<\/td><td class=\"has-text-align-center\" data-align=\"center\">383<\/td><td class=\"has-text-align-center\" data-align=\"center\">149<\/td><td class=\"has-text-align-center\" data-align=\"center\">358<\/td><td class=\"has-text-align-center\" data-align=\"center\">1 394<\/td><\/tr><tr><td>T\u00f6r\u00f6korsz\u00e1g<\/td><td class=\"has-text-align-center\" data-align=\"center\">1 821<\/td><td class=\"has-text-align-center\" data-align=\"center\">1 387<\/td><td class=\"has-text-align-center\" data-align=\"center\">708<\/td><td class=\"has-text-align-center\" data-align=\"center\">588<\/td><td class=\"has-text-align-center\" data-align=\"center\">1 330<\/td><\/tr><tr><td>\u00d6rm\u00e9nyorsz\u00e1g<\/td><td class=\"has-text-align-center\" data-align=\"center\">1 662<\/td><td class=\"has-text-align-center\" data-align=\"center\">1 313<\/td><td class=\"has-text-align-center\" data-align=\"center\">373<\/td><td class=\"has-text-align-center\" data-align=\"center\">133<\/td><td class=\"has-text-align-center\" data-align=\"center\">1 308<\/td><\/tr><tr><td>Georgia<\/td><td class=\"has-text-align-center\" data-align=\"center\">676<\/td><td class=\"has-text-align-center\" data-align=\"center\">662<\/td><td class=\"has-text-align-center\" data-align=\"center\">399<\/td><td class=\"has-text-align-center\" data-align=\"center\">265<\/td><td class=\"has-text-align-center\" data-align=\"center\">1 290<\/td><\/tr><tr><td>Kazahszt\u00e1n<\/td><td class=\"has-text-align-center\" data-align=\"center\">514<\/td><td class=\"has-text-align-center\" data-align=\"center\">576<\/td><td class=\"has-text-align-center\" data-align=\"center\">392<\/td><td class=\"has-text-align-center\" data-align=\"center\">325<\/td><td class=\"has-text-align-center\" data-align=\"center\">865<\/td><\/tr><tr><td>Feh\u00e9roroszorsz\u00e1g<\/td><td class=\"has-text-align-center\" data-align=\"center\">828<\/td><td class=\"has-text-align-center\" data-align=\"center\">929<\/td><td class=\"has-text-align-center\" data-align=\"center\">361<\/td><td class=\"has-text-align-center\" data-align=\"center\">503<\/td><td class=\"has-text-align-center\" data-align=\"center\">863<\/td><\/tr><tr><td>T\u00e1dzsikiszt\u00e1n<\/td><td class=\"has-text-align-center\" data-align=\"center\">698<\/td><td class=\"has-text-align-center\" data-align=\"center\">919<\/td><td class=\"has-text-align-center\" data-align=\"center\">159<\/td><td class=\"has-text-align-center\" data-align=\"center\">243<\/td><td class=\"has-text-align-center\" data-align=\"center\">723<\/td><\/tr><tr><td>Azerbajdzs\u00e1n<\/td><td class=\"has-text-align-center\" data-align=\"center\">508<\/td><td class=\"has-text-align-center\" data-align=\"center\">822<\/td><td class=\"has-text-align-center\" data-align=\"center\">189<\/td><td class=\"has-text-align-center\" data-align=\"center\">188<\/td><td class=\"has-text-align-center\" data-align=\"center\">720<\/td><\/tr><tr><td>T\u00fcrkmeniszt\u00e1n<\/td><td class=\"has-text-align-center\" data-align=\"center\">157<\/td><td class=\"has-text-align-center\" data-align=\"center\">177<\/td><td class=\"has-text-align-center\" data-align=\"center\">61<\/td><td class=\"has-text-align-center\" data-align=\"center\">235<\/td><td class=\"has-text-align-center\" data-align=\"center\">547<\/td><\/tr><tr><td>Moldova<\/td><td class=\"has-text-align-center\" data-align=\"center\">574<\/td><td class=\"has-text-align-center\" data-align=\"center\">626<\/td><td class=\"has-text-align-center\" data-align=\"center\">226<\/td><td class=\"has-text-align-center\" data-align=\"center\">168<\/td><td class=\"has-text-align-center\" data-align=\"center\">481<\/td><\/tr><tr><td>N\u00e9metorsz\u00e1g<\/td><td class=\"has-text-align-center\" data-align=\"center\">311<\/td><td class=\"has-text-align-center\" data-align=\"center\">203<\/td><td class=\"has-text-align-center\" data-align=\"center\">92<\/td><td class=\"has-text-align-center\" data-align=\"center\">88<\/td><td class=\"has-text-align-center\" data-align=\"center\">309<\/td><\/tr><tr><td>Koszov\u00f3<\/td><td class=\"has-text-align-center\" data-align=\"center\">230<\/td><td class=\"has-text-align-center\" data-align=\"center\">232<\/td><td class=\"has-text-align-center\" data-align=\"center\">113<\/td><td class=\"has-text-align-center\" data-align=\"center\">114<\/td><td class=\"has-text-align-center\" data-align=\"center\">295<\/td><\/tr><tr><td>\u00c9szak-Maced\u00f3nia<\/td><td class=\"has-text-align-center\" data-align=\"center\">284<\/td><td class=\"has-text-align-center\" data-align=\"center\">194<\/td><td class=\"has-text-align-center\" data-align=\"center\">61<\/td><td class=\"has-text-align-center\" data-align=\"center\">61<\/td><td class=\"has-text-align-center\" data-align=\"center\">224<\/td><\/tr><tr><td>Lengyelorsz\u00e1g<\/td><td class=\"has-text-align-center\" data-align=\"center\">277<\/td><td class=\"has-text-align-center\" data-align=\"center\">215<\/td><td class=\"has-text-align-center\" data-align=\"center\">37<\/td><td class=\"has-text-align-center\" data-align=\"center\">92<\/td><td class=\"has-text-align-center\" data-align=\"center\">192<\/td><\/tr><tr><td>Rom\u00e1nia<\/td><td class=\"has-text-align-center\" data-align=\"center\">199<\/td><td class=\"has-text-align-center\" data-align=\"center\">242<\/td><td class=\"has-text-align-center\" data-align=\"center\">94<\/td><td class=\"has-text-align-center\" data-align=\"center\">106<\/td><td class=\"has-text-align-center\" data-align=\"center\">188<\/td><\/tr><tr><td>Olaszorsz\u00e1g<\/td><td class=\"has-text-align-center\" data-align=\"center\">162<\/td><td class=\"has-text-align-center\" data-align=\"center\">141<\/td><td class=\"has-text-align-center\" data-align=\"center\">66<\/td><td class=\"has-text-align-center\" data-align=\"center\">120<\/td><td class=\"has-text-align-center\" data-align=\"center\">161<\/td><\/tr><\/tbody><\/table><figcaption class=\"wp-element-caption\">A <a href=\"https:\/\/us-gc.net\/hu\/sokszinusegi-vizumprogram\/\">soksz\u00edn\u0171s\u00e9gi v\u00edzumprogram<\/a> keret\u00e9ben kiadott v\u00edzumok sz\u00e1ma a f\u0151bb eur\u00f3pai orsz\u00e1gok sz\u00e1m\u00e1ra<\/figcaption><\/figure>\n\n<p><\/p>\n","protected":false},"excerpt":{"rendered":"<p>A z\u00f6ldk\u00e1rtya-sorsol\u00e1s az eur\u00f3pai orsz\u00e1gok sz\u00e1m\u00e1ra Minden \u00e9vben t\u00f6bb milli\u00f3 k\u00e9relmez\u0151 vesz r\u00e9szt az amerikai z\u00f6ldk\u00e1rtya-sorsol\u00e1son. \u00d6sszegy\u0171jt\u00f6tt\u00fck a K\u00fcl\u00fcgyminiszt\u00e9rium \u00e1ltal a travel.state.gov oldalon k\u00f6zz\u00e9tett statisztik\u00e1kat, hogy megadjuk az eur\u00f3pai polg\u00e1rok z\u00f6ldk\u00e1rtya-sorsol\u00e1son val\u00f3 r\u00e9szv\u00e9tel\u00e9nek f\u0151bb adatait. H\u00e1ny eur\u00f3pai vesz r\u00e9szt a z\u00f6ldk\u00e1rtya-sorsol\u00e1son? A Green Card-sorsol\u00e1sra jelentkez\u0151k mintegy 30%-a eur\u00f3pai orsz\u00e1g \u00e1llampolg\u00e1ra volt az elm\u00falt n\u00e9h\u00e1ny \u00e9vben, [&hellip;]<\/p>\n","protected":false},"author":1,"featured_media":0,"parent":0,"menu_order":0,"comment_status":"closed","ping_status":"closed","template":"","meta":{"footnotes":""},"class_list":["post-4695","page","type-page","status-publish","hentry"],"yoast_head":"<!-- This site is optimized with the Yoast SEO plugin v27.4 - https:\/\/yoast.com\/product\/yoast-seo-wordpress\/ -->\n<title>Z\u00f6ldk\u00e1rtya-sorsol\u00e1s eur\u00f3pai polg\u00e1rok sz\u00e1m\u00e1ra - USA GC<\/title>\n<meta name=\"description\" content=\"Az eur\u00f3pai \u00e1llampolg\u00e1rok r\u00e9szv\u00e9tele az amerikai z\u00f6ldk\u00e1rtya-sorsol\u00e1son az elm\u00falt \u00e9vekben\" \/>\n<meta name=\"robots\" content=\"index, follow, max-snippet:-1, max-image-preview:large, max-video-preview:-1\" \/>\n<link rel=\"canonical\" href=\"https:\/\/us-gc.net\/hu\/lotto-green-card-europa\/\" \/>\n<meta property=\"og:locale\" content=\"hu_HU\" \/>\n<meta property=\"og:type\" content=\"article\" \/>\n<meta property=\"og:title\" content=\"Z\u00f6ldk\u00e1rtya-sorsol\u00e1s eur\u00f3pai polg\u00e1rok sz\u00e1m\u00e1ra - USA GC\" \/>\n<meta property=\"og:description\" content=\"Az eur\u00f3pai \u00e1llampolg\u00e1rok r\u00e9szv\u00e9tele az amerikai z\u00f6ldk\u00e1rtya-sorsol\u00e1son az elm\u00falt \u00e9vekben\" \/>\n<meta property=\"og:url\" content=\"https:\/\/us-gc.net\/hu\/lotto-green-card-europa\/\" \/>\n<meta property=\"og:site_name\" content=\"USA GC\" \/>\n<meta property=\"article:modified_time\" content=\"2024-12-30T09:43:02+00:00\" \/>\n<meta name=\"twitter:card\" content=\"summary_large_image\" \/>\n<meta name=\"twitter:label1\" content=\"Becs\u00fclt olvas\u00e1si id\u0151\" \/>\n\t<meta name=\"twitter:data1\" content=\"2 perc\" \/>\n<script type=\"application\/ld+json\" class=\"yoast-schema-graph\">{\"@context\":\"https:\\\/\\\/schema.org\",\"@graph\":[{\"@type\":\"WebPage\",\"@id\":\"https:\\\/\\\/us-gc.net\\\/hu\\\/lotto-green-card-europa\\\/\",\"url\":\"https:\\\/\\\/us-gc.net\\\/hu\\\/lotto-green-card-europa\\\/\",\"name\":\"Z\u00f6ldk\u00e1rtya-sorsol\u00e1s eur\u00f3pai polg\u00e1rok sz\u00e1m\u00e1ra - USA GC\",\"isPartOf\":{\"@id\":\"https:\\\/\\\/us-gc.net\\\/hu\\\/#website\"},\"datePublished\":\"2024-02-13T10:11:47+00:00\",\"dateModified\":\"2024-12-30T09:43:02+00:00\",\"description\":\"Az eur\u00f3pai \u00e1llampolg\u00e1rok r\u00e9szv\u00e9tele az amerikai z\u00f6ldk\u00e1rtya-sorsol\u00e1son az elm\u00falt \u00e9vekben\",\"breadcrumb\":{\"@id\":\"https:\\\/\\\/us-gc.net\\\/hu\\\/lotto-green-card-europa\\\/#breadcrumb\"},\"inLanguage\":\"hu\",\"potentialAction\":[{\"@type\":\"ReadAction\",\"target\":[\"https:\\\/\\\/us-gc.net\\\/hu\\\/lotto-green-card-europa\\\/\"]}]},{\"@type\":\"BreadcrumbList\",\"@id\":\"https:\\\/\\\/us-gc.net\\\/hu\\\/lotto-green-card-europa\\\/#breadcrumb\",\"itemListElement\":[{\"@type\":\"ListItem\",\"position\":1,\"name\":\"Accueil\",\"item\":\"https:\\\/\\\/us-gc.net\\\/hu\\\/green-card\\\/\"},{\"@type\":\"ListItem\",\"position\":2,\"name\":\"Z\u00f6ldk\u00e1rtya-sorsol\u00e1s eur\u00f3pai polg\u00e1rok sz\u00e1m\u00e1ra\"}]},{\"@type\":\"WebSite\",\"@id\":\"https:\\\/\\\/us-gc.net\\\/hu\\\/#website\",\"url\":\"https:\\\/\\\/us-gc.net\\\/hu\\\/\",\"name\":\"USA GC\",\"description\":\"\",\"potentialAction\":[{\"@type\":\"SearchAction\",\"target\":{\"@type\":\"EntryPoint\",\"urlTemplate\":\"https:\\\/\\\/us-gc.net\\\/hu\\\/?s={search_term_string}\"},\"query-input\":{\"@type\":\"PropertyValueSpecification\",\"valueRequired\":true,\"valueName\":\"search_term_string\"}}],\"inLanguage\":\"hu\"}]}<\/script>\n<!-- \/ Yoast SEO plugin. -->","yoast_head_json":{"title":"Z\u00f6ldk\u00e1rtya-sorsol\u00e1s eur\u00f3pai polg\u00e1rok sz\u00e1m\u00e1ra - USA GC","description":"Az eur\u00f3pai \u00e1llampolg\u00e1rok r\u00e9szv\u00e9tele az amerikai z\u00f6ldk\u00e1rtya-sorsol\u00e1son az elm\u00falt \u00e9vekben","robots":{"index":"index","follow":"follow","max-snippet":"max-snippet:-1","max-image-preview":"max-image-preview:large","max-video-preview":"max-video-preview:-1"},"canonical":"https:\/\/us-gc.net\/hu\/lotto-green-card-europa\/","og_locale":"hu_HU","og_type":"article","og_title":"Z\u00f6ldk\u00e1rtya-sorsol\u00e1s eur\u00f3pai polg\u00e1rok sz\u00e1m\u00e1ra - USA GC","og_description":"Az eur\u00f3pai \u00e1llampolg\u00e1rok r\u00e9szv\u00e9tele az amerikai z\u00f6ldk\u00e1rtya-sorsol\u00e1son az elm\u00falt \u00e9vekben","og_url":"https:\/\/us-gc.net\/hu\/lotto-green-card-europa\/","og_site_name":"USA GC","article_modified_time":"2024-12-30T09:43:02+00:00","twitter_card":"summary_large_image","twitter_misc":{"Becs\u00fclt olvas\u00e1si id\u0151":"2 perc"},"schema":{"@context":"https:\/\/schema.org","@graph":[{"@type":"WebPage","@id":"https:\/\/us-gc.net\/hu\/lotto-green-card-europa\/","url":"https:\/\/us-gc.net\/hu\/lotto-green-card-europa\/","name":"Z\u00f6ldk\u00e1rtya-sorsol\u00e1s eur\u00f3pai polg\u00e1rok sz\u00e1m\u00e1ra - USA GC","isPartOf":{"@id":"https:\/\/us-gc.net\/hu\/#website"},"datePublished":"2024-02-13T10:11:47+00:00","dateModified":"2024-12-30T09:43:02+00:00","description":"Az eur\u00f3pai \u00e1llampolg\u00e1rok r\u00e9szv\u00e9tele az amerikai z\u00f6ldk\u00e1rtya-sorsol\u00e1son az elm\u00falt \u00e9vekben","breadcrumb":{"@id":"https:\/\/us-gc.net\/hu\/lotto-green-card-europa\/#breadcrumb"},"inLanguage":"hu","potentialAction":[{"@type":"ReadAction","target":["https:\/\/us-gc.net\/hu\/lotto-green-card-europa\/"]}]},{"@type":"BreadcrumbList","@id":"https:\/\/us-gc.net\/hu\/lotto-green-card-europa\/#breadcrumb","itemListElement":[{"@type":"ListItem","position":1,"name":"Accueil","item":"https:\/\/us-gc.net\/hu\/green-card\/"},{"@type":"ListItem","position":2,"name":"Z\u00f6ldk\u00e1rtya-sorsol\u00e1s eur\u00f3pai polg\u00e1rok sz\u00e1m\u00e1ra"}]},{"@type":"WebSite","@id":"https:\/\/us-gc.net\/hu\/#website","url":"https:\/\/us-gc.net\/hu\/","name":"USA GC","description":"","potentialAction":[{"@type":"SearchAction","target":{"@type":"EntryPoint","urlTemplate":"https:\/\/us-gc.net\/hu\/?s={search_term_string}"},"query-input":{"@type":"PropertyValueSpecification","valueRequired":true,"valueName":"search_term_string"}}],"inLanguage":"hu"}]}},"_links":{"self":[{"href":"https:\/\/us-gc.net\/hu\/wp-json\/wp\/v2\/pages\/4695","targetHints":{"allow":["GET"]}}],"collection":[{"href":"https:\/\/us-gc.net\/hu\/wp-json\/wp\/v2\/pages"}],"about":[{"href":"https:\/\/us-gc.net\/hu\/wp-json\/wp\/v2\/types\/page"}],"author":[{"embeddable":true,"href":"https:\/\/us-gc.net\/hu\/wp-json\/wp\/v2\/users\/1"}],"replies":[{"embeddable":true,"href":"https:\/\/us-gc.net\/hu\/wp-json\/wp\/v2\/comments?post=4695"}],"version-history":[{"count":1,"href":"https:\/\/us-gc.net\/hu\/wp-json\/wp\/v2\/pages\/4695\/revisions"}],"predecessor-version":[{"id":7834,"href":"https:\/\/us-gc.net\/hu\/wp-json\/wp\/v2\/pages\/4695\/revisions\/7834"}],"wp:attachment":[{"href":"https:\/\/us-gc.net\/hu\/wp-json\/wp\/v2\/media?parent=4695"}],"curies":[{"name":"wp","href":"https:\/\/api.w.org\/{rel}","templated":true}]}}