{"id":4693,"date":"2024-01-31T07:57:06","date_gmt":"2024-01-31T07:57:06","guid":{"rendered":"https:\/\/green-card-usa.net\/lotto-green-card\/"},"modified":"2025-02-21T09:17:40","modified_gmt":"2025-02-21T09:17:40","slug":"lotto-green-card","status":"publish","type":"page","link":"https:\/\/us-gc.net\/hu\/lotto-green-card\/","title":{"rendered":"Amerikai z\u00f6ldk\u00e1rtya lott\u00f3"},"content":{"rendered":"\n<h1 class=\"wp-block-heading\" id=\"h-loterie-americaine-pour-obtenir-une-green-card\">Amerikai lott\u00f3 a z\u00f6ld k\u00e1rtya megszerz\u00e9s\u00e9hez<\/h1>\n\n<p>Minden \u00e9vben t\u00f6bb mint 50 000 ember szerte a vil\u00e1gon kap z\u00f6ldk\u00e1rty\u00e1t az amerikai lott\u00f3nak k\u00f6sz\u00f6nhet\u0151en. A z\u00f6ldk\u00e1rty\u00e1hoz val\u00f3 jog elnyer\u00e9s\u00e9hez a k\u00e9relmez\u0151k \u00e9vente egyszer v\u00e9letlenszer\u0171 sz\u00e1m\u00edt\u00f3g\u00e9pes sorsol\u00e1son vesznek r\u00e9szt.<\/p>\n\n<p><strong>Vegyen r\u00e9szt ezen az \u00e9ves sorsol\u00e1son az online regisztr\u00e1ci\u00f3val<\/strong>, mind\u00f6ssze n\u00e9h\u00e1ny perc alatt, az <a href=\"https:\/\/us-gc.net\/hu\/green-card-lotto-urlap\/\">online \u0171rlapra<\/a> kattintva. <\/p>\n\n<div style=\"height:10px\" aria-hidden=\"true\" class=\"wp-block-spacer\"><\/div>\n\n<h2 class=\"wp-block-heading\" id=\"h-qu-est-ce-que-la-loterie-de-la-green-card\">Mi az a z\u00f6ldk\u00e1rtya-lott\u00f3?<\/h2>\n\n<p>Az Egyes\u00fclt \u00c1llamok programot hozott l\u00e9tre a k\u00fclf\u00f6ldi bev\u00e1ndorl\u00e1s soksz\u00edn\u0171s\u00e9g\u00e9nek kezel\u00e9s\u00e9re. Ezt az elj\u00e1r\u00e1st soksz\u00edn\u0171s\u00e9gi v\u00edzumprogramnak nevezik. A program keret\u00e9ben \u00e9vente sorsolnak az USA-ba bev\u00e1ndorolni sz\u00e1nd\u00e9koz\u00f3k k\u00f6z\u00f6tt. A nyertesek jogosultak <a href=\"https:\/\/us-gc.net\/hu\/green-card\/\">Green Card<\/a> ig\u00e9nyelni a soksz\u00edn\u0171s\u00e9gi v\u00edzumprogram keret\u00e9ben.<\/p>\n\n<h2 class=\"wp-block-heading\" id=\"h-quand-se-deroule-la-loterie-de-la-green-card\">Mikor ker\u00fcl sor a z\u00f6ldk\u00e1rtya-sorsol\u00e1sra?<\/h2>\n\n<p>A z\u00f6ldk\u00e1rtya-sorsol\u00e1sra az amerikai korm\u00e1nyzat \u00e1ltal meghat\u00e1rozott id\u0151szakban lehet jelentkezni. Ez a regisztr\u00e1ci\u00f3s szakasz a k\u00f6vetkez\u0151k\u00e9ppen zajlik:<\/p>\n\n<ul class=\"wp-block-list\">\n<li>A regisztr\u00e1ci\u00f3s id\u0151szak okt\u00f3ber els\u0151 het\u00e9ben kezd\u0151dik;<\/li>\n\n\n\n<li>A regisztr\u00e1ci\u00f3 november els\u0151 het\u00e9ben z\u00e1rul.<\/li>\n<\/ul>\n\n<div style=\"height:10px\" aria-hidden=\"true\" class=\"wp-block-spacer\"><\/div>\n\n<p>A v\u00e9gs\u0151 sorsol\u00e1sra minden \u00e9v november\u00e9ben ker\u00fcl sor.<\/p>\n\n<h2 class=\"wp-block-heading\" id=\"h-comment-s-inscrire-a-la-loterie\">Hogyan vehetek r\u00e9szt a sorsol\u00e1son?<\/h2>\n\n<p>A regisztr\u00e1ci\u00f3 kiz\u00e1r\u00f3lag online t\u00f6rt\u00e9nik. A regisztr\u00e1ci\u00f3nak k\u00e9t f\u0151 szakasza van:<\/p>\n\n<ul class=\"wp-block-list\">\n<li>A k\u00e9relmez\u0151knek ellen\u0151rizni\u00fck kell, hogy jogosultak-e a soksz\u00edn\u0171s\u00e9gi v\u00edzumprogram sorsol\u00e1s\u00e1n val\u00f3 r\u00e9szv\u00e9telre.<\/li>\n\n\n\n<li>A p\u00e1ly\u00e1z\u00f3knak egy online \u0171rlapot kell kit\u00f6lteni\u00fck a sorsol\u00e1sra val\u00f3 regisztr\u00e1ci\u00f3hoz.<\/li>\n<\/ul>\n\n<h3 class=\"wp-block-heading\" id=\"h-verifier-son-eligibilite-pour-participer-a-la-loterie\">Ellen\u0151rizze, hogy jogosult-e a sorsol\u00e1son val\u00f3 r\u00e9szv\u00e9telre<\/h3>\n\n<p><strong>Az els\u0151 jogosults\u00e1gi felt\u00e9tel<\/strong>: A z\u00f6ldk\u00e1rtya-sorsol\u00e1son val\u00f3 r\u00e9szv\u00e9tel els\u0151 felt\u00e9tele, hogy \u00d6n nem lehet olyan orsz\u00e1g \u00e1llampolg\u00e1ra, amely nem jogosult a r\u00e9szv\u00e9telre.<\/p>\n\n<p>Az Egyes\u00fclt \u00c1llamok vegyes bev\u00e1ndorl\u00f3 n\u00e9pess\u00e9get akar fenntartani. Az Egyes\u00fclt \u00c1llamok korm\u00e1nya minden \u00e9vben eld\u00f6nti, hogy mely <a href=\"https:\/\/us-gc.net\/hu\/nem-resztvevo-orszag-lotto-green-card\/\">orsz\u00e1gok nem vehetnek r\u00e9szt a z\u00f6ldk\u00e1rtya-sorsol\u00e1son<\/a>. A nem r\u00e9szt vev\u0151 orsz\u00e1gok kiv\u00e1laszt\u00e1sa a k\u00f6vetkez\u0151 szab\u00e1lyon alapul: Azon orsz\u00e1gok \u00e1llampolg\u00e1rai, amelyeknek az el\u0151z\u0151 \u00f6t \u00e9vben t\u00f6bb mint 50 000 \u00e1llampolg\u00e1ra v\u00e1ndorolt be az Egyes\u00fclt \u00c1llamokba, nem vehetnek r\u00e9szt az idei sorsol\u00e1son.<\/p>\n\n<p><strong>A m\u00e1sodik alkalmass\u00e1gi felt\u00e9tel <\/strong>: A p\u00e1ly\u00e1z\u00f3nak \u00e9retts\u00e9givel kell rendelkeznie, vagy az elm\u00falt 5 \u00e9vben legal\u00e1bb 2 \u00e9vig olyan poz\u00edci\u00f3t kellett bet\u00f6ltenie, amely legal\u00e1bb 2 \u00e9ves k\u00e9pzetts\u00e9get vagy tapasztalatot ig\u00e9nyel.<\/p>\n\n<h3 class=\"wp-block-heading\" id=\"h-s-inscrire-en-ligne-a-la-loterie\">Regisztr\u00e1ljon a sorsol\u00e1sra online<\/h3>\n\n<p>Az <a href=\"https:\/\/us-gc.net\/hu\/green-card-lotto-urlap\/\">online \u0171rlap<\/a> kit\u00f6lt\u00e9s\u00e9vel n\u00e9h\u00e1ny perc alatt regisztr\u00e1lhat a <a href=\"https:\/\/us-gc.net\/hu\/amerikai-lotto-zold-kartya\/\">Green Card-sorsol\u00e1sra<\/a>. <\/p>\n\n<h2 class=\"wp-block-heading\" id=\"h-comment-connaitre-les-resultats-de-la-loterie-de-la-green-card\">Hogyan tudhatom meg a z\u00f6ldk\u00e1rtya-sorsol\u00e1s eredm\u00e9ny\u00e9t?<\/h2>\n\n<p>A <a href=\"https:\/\/us-gc.net\/hu\/lotto-eredmenyek-green-card\/\">Green Card-sorsol\u00e1s eredm\u00e9nyeit<\/a> minden \u00e9vben legal\u00e1bb 6 h\u00f3nappal a novemberi sorsol\u00e1st k\u00f6vet\u0151en teszik k\u00f6zz\u00e9. A sorsol\u00e1s eredm\u00e9nyeit a k\u00f6vetkez\u0151 \u00e9v m\u00e1jus\u00e1t\u00f3l teszik k\u00f6zz\u00e9 az interneten.<\/p>\n\n<p>Az Egyes\u00fclt \u00c1llamok K\u00fcl\u00fcgyminiszt\u00e9riuma, amely a soksz\u00edn\u0171s\u00e9gi v\u00edzumprogramot ir\u00e1ny\u00edtja, minden \u00e9vben online statisztik\u00e1kat tesz k\u00f6zz\u00e9 a sorsol\u00e1son r\u00e9szt vev\u0151 k\u00e9relmez\u0151kr\u0151l.  <\/p>\n\n<h2 class=\"wp-block-heading\" id=\"h-est-ce-qu-il-y-a-des-quotas-par-pays-pour-la-loterie\">Vannak orsz\u00e1gonk\u00e9nti kv\u00f3t\u00e1k a sorsol\u00e1son?<\/h2>\n\n<p>A z\u00f6ldk\u00e1rtya-sorsol\u00e1son val\u00f3 r\u00e9szv\u00e9telre val\u00f3 regisztr\u00e1ci\u00f3kor nincsenek orsz\u00e1gonk\u00e9nti kv\u00f3t\u00e1k. M\u00e1sr\u00e9szt a soksz\u00edn\u0171s\u00e9gi v\u00edzumprogram orsz\u00e1gonk\u00e9nti kv\u00f3t\u00e1kat hat\u00e1roz meg a soksz\u00edn\u0171s\u00e9gi programb\u00f3l sz\u00e1rmaz\u00f3 v\u00edzumok v\u00e9gleges kioszt\u00e1s\u00e1ra vonatkoz\u00f3an: <strong>egy orsz\u00e1g \u00e1llampolg\u00e1rai nem k\u00e9pviselhetik a nyertesek teljes sz\u00e1m\u00e1nak t\u00f6bb mint 7%-\u00e1t<\/strong>.<\/p>\n\n<p><strong>P\u00e9lda 2023-ra<\/strong>: A 2023-ban kiadott \u00f6sszesen 55 000 z\u00f6ldk\u00e1rtya eset\u00e9ben egyetlen orsz\u00e1g sem kaphat t\u00f6bb mint 7%-ot, azaz legfeljebb 3850 z\u00f6ldk\u00e1rty\u00e1t.<\/p>\n\n<h2 class=\"wp-block-heading\" id=\"h-synthese-des-candidats-ayant-participes-a-la-loterie-de-2019-a-2021\">A sorsol\u00e1son 2019-t\u0151l 2021-ig r\u00e9szt vev\u0151 jel\u00f6ltek \u00f6sszefoglal\u00e1sa<\/h2>\n\n<p>Az Egyes\u00fclt \u00c1llamok K\u00fcl\u00fcgyminiszt\u00e9riuma \u00e1ltal k\u00f6zz\u00e9tett legfrissebb adatok a z\u00f6ldk\u00e1rtya-sorsol\u00e1sra beny\u00fajtott online k\u00e9relmek sz\u00e1m\u00e1r\u00f3l 2021-re vonatkoznak. \u00cdme a 2019 \u00e9s 2021 k\u00f6z\u00f6tti r\u00e9szv\u00e9tel \u00f6sszefoglal\u00f3ja, f\u00f6ldrajzi ter\u00fcletek szerinti bont\u00e1sban:  <\/p>\n\n<figure class=\"wp-block-table\"><table><tbody><tr><td><strong>F\u00f6ldrajzi \u00f6vezetek  <\/strong><\/td><td class=\"has-text-align-center\" data-align=\"center\"><strong>2019<\/strong><\/td><td class=\"has-text-align-center\" data-align=\"center\"><strong>2020<\/strong><\/td><td class=\"has-text-align-center\" data-align=\"center\"><strong>2021<\/strong><\/td><\/tr><tr><td><a href=\"https:\/\/us-gc.net\/hu\/lotto-green-card-reszvetel-orszagok-afrikai\/\">Afrikai orsz\u00e1gok<\/a><\/td><td class=\"has-text-align-center\" data-align=\"center\">7 832 894<\/td><td class=\"has-text-align-center\" data-align=\"center\">8 145 390<\/td><td class=\"has-text-align-center\" data-align=\"center\">3 100 982<\/td><\/tr><tr><td><a href=\"https:\/\/us-gc.net\/hu\/lotto-zold-kartya-reszvetel-orszagok-azsia\/\">\u00c1zsiai orsz\u00e1gok<\/a><\/td><td class=\"has-text-align-center\" data-align=\"center\">1 871 824<\/td><td class=\"has-text-align-center\" data-align=\"center\">1 952 489<\/td><td class=\"has-text-align-center\" data-align=\"center\">1 281 046<\/td><\/tr><tr><td><a href=\"https:\/\/us-gc.net\/hu\/lotto-green-card-europa\/\">Eur\u00f3pai orsz\u00e1gok<\/a><\/td><td class=\"has-text-align-center\" data-align=\"center\">4 349 555<\/td><td class=\"has-text-align-center\" data-align=\"center\">4 072 324<\/td><td class=\"has-text-align-center\" data-align=\"center\">2 014 089<\/td><\/tr><tr><td>\u00c9szak-amerikai orsz\u00e1gok (Bahama-szigetek)<\/td><td class=\"has-text-align-center\" data-align=\"center\">1 506<\/td><td class=\"has-text-align-center\" data-align=\"center\">1 445<\/td><td class=\"has-text-align-center\" data-align=\"center\">937<\/td><\/tr><tr><td>\u00d3ce\u00e1nia<\/td><td class=\"has-text-align-center\" data-align=\"center\">23 201<\/td><td class=\"has-text-align-center\" data-align=\"center\">22 722<\/td><td class=\"has-text-align-center\" data-align=\"center\">16 672<\/td><\/tr><tr><td>K\u00f6z\u00e9p- \u00e9s d\u00e9l-amerikai orsz\u00e1gok<\/td><td class=\"has-text-align-center\" data-align=\"center\">273 033<\/td><td class=\"has-text-align-center\" data-align=\"center\">528 428<\/td><td class=\"has-text-align-center\" data-align=\"center\">327 402<\/td><\/tr><tr><td><strong>A k\u00e9relmek sz\u00e1ma \u00f6sszesen<\/strong><\/td><td class=\"has-text-align-center\" data-align=\"center\"><strong>14 352 013<\/strong><\/td><td class=\"has-text-align-center\" data-align=\"center\"><strong>14 722 798<\/strong><\/td><td class=\"has-text-align-center\" data-align=\"center\"><strong>6 741 128<\/strong><\/td><\/tr><\/tbody><\/table><\/figure>\n\n<p>Ezeket a statisztik\u00e1kat a K\u00fcl\u00fcgyminiszt\u00e9rium \u00e1ltal a <a href=\"https:\/\/travel.state.gov\/content\/travel\/en\/us-visas\/immigrate\/diversity-visa-program-entry\/diversity-visa-program-statistics.html\">travel.state.gov<\/a> oldalon k\u00f6zz\u00e9tett nyilv\u00e1nos adatokb\u00f3l \u00e1ll\u00edtott\u00e1k \u00f6ssze.<\/p>\n\n<h2 class=\"wp-block-heading\" id=\"h-qu-est-ce-qu-il-se-passe-apres-la-loterie-de-la-green-card\">Mi t\u00f6rt\u00e9nik a z\u00f6ldk\u00e1rtya-sorsol\u00e1s ut\u00e1n?<\/h2>\n\n<p>A lott\u00f3nyerteseknek a lott\u00f3 megnyer\u00e9se ut\u00e1n sz\u00e1mos l\u00e9p\u00e9st kell k\u00f6vetni\u00fck. Az elj\u00e1r\u00e1s k\u00f6vetkez\u0151 l\u00e9p\u00e9sei a k\u00f6vetkez\u0151k:<\/p>\n\n<ul class=\"wp-block-list\">\n<li>T\u00f6ltse ki a <a href=\"https:\/\/travel.state.gov\/content\/travel\/en\/us-visas\/visa-information-resources\/forms\/online-immigrant-visa-forms\/ds-260-faqs.html\">DS-260-as v\u00edzumk\u00e9relmi nyomtatv\u00e1nyt<\/a>.<\/li>\n\n\n\n<li>A <a href=\"https:\/\/us-gc.net\/hu\/green-card-dij\/\">Green Card megszerz\u00e9s\u00e9hez sz\u00fcks\u00e9ges d\u00edjak<\/a> megfizet\u00e9se e k\u00f6telez\u0151 v\u00edzumk\u00e9relem r\u00e9szek\u00e9nt;<\/li>\n\n\n\n<li><a href=\"https:\/\/us-gc.net\/hu\/interju-green-card\/\">Interj\u00fa a z\u00f6ldk\u00e1rty\u00e1val kapcsolatban<\/a> az USCIS Diversity Visa Program tisztvisel\u0151j\u00e9vel;<\/li>\n\n\n\n<li>V\u00e9gezzen orvosi vizsg\u00e1latot.<\/li>\n<\/ul>\n\n<div style=\"height:10px\" aria-hidden=\"true\" class=\"wp-block-spacer\"><\/div>\n","protected":false},"excerpt":{"rendered":"<p>Amerikai lott\u00f3 a z\u00f6ld k\u00e1rtya megszerz\u00e9s\u00e9hez Minden \u00e9vben t\u00f6bb mint 50 000 ember szerte a vil\u00e1gon kap z\u00f6ldk\u00e1rty\u00e1t az amerikai lott\u00f3nak k\u00f6sz\u00f6nhet\u0151en. A z\u00f6ldk\u00e1rty\u00e1hoz val\u00f3 jog elnyer\u00e9s\u00e9hez a k\u00e9relmez\u0151k \u00e9vente egyszer v\u00e9letlenszer\u0171 sz\u00e1m\u00edt\u00f3g\u00e9pes sorsol\u00e1son vesznek r\u00e9szt. Vegyen r\u00e9szt ezen az \u00e9ves sorsol\u00e1son az online regisztr\u00e1ci\u00f3val, mind\u00f6ssze n\u00e9h\u00e1ny perc alatt, az online \u0171rlapra kattintva. Mi az [&hellip;]<\/p>\n","protected":false},"author":1,"featured_media":0,"parent":0,"menu_order":0,"comment_status":"closed","ping_status":"closed","template":"","meta":{"footnotes":""},"class_list":["post-4693","page","type-page","status-publish","hentry"],"yoast_head":"<!-- This site is optimized with the Yoast SEO plugin v27.4 - https:\/\/yoast.com\/product\/yoast-seo-wordpress\/ -->\n<title>Amerikai z\u00f6ldk\u00e1rtya lott\u00f3 - USA GC<\/title>\n<meta name=\"description\" content=\"Vegyen r\u00e9szt az \u00e9ves amerikai lott\u00f3n, hogy 50 000 m\u00e1sik nyerteshez hasonl\u00f3an v\u00e9letlenszer\u0171 sorsol\u00e1ssal z\u00f6ldk\u00e1rty\u00e1t kapjon.\" \/>\n<meta name=\"robots\" content=\"index, follow, max-snippet:-1, max-image-preview:large, max-video-preview:-1\" \/>\n<link rel=\"canonical\" href=\"https:\/\/us-gc.net\/hu\/lotto-green-card\/\" \/>\n<meta property=\"og:locale\" content=\"hu_HU\" \/>\n<meta property=\"og:type\" content=\"article\" \/>\n<meta property=\"og:title\" content=\"Amerikai z\u00f6ldk\u00e1rtya lott\u00f3 - USA GC\" \/>\n<meta property=\"og:description\" content=\"Vegyen r\u00e9szt az \u00e9ves amerikai lott\u00f3n, hogy 50 000 m\u00e1sik nyerteshez hasonl\u00f3an v\u00e9letlenszer\u0171 sorsol\u00e1ssal z\u00f6ldk\u00e1rty\u00e1t kapjon.\" \/>\n<meta property=\"og:url\" content=\"https:\/\/us-gc.net\/hu\/lotto-green-card\/\" \/>\n<meta property=\"og:site_name\" content=\"USA GC\" \/>\n<meta property=\"article:modified_time\" content=\"2025-02-21T09:17:40+00:00\" \/>\n<meta name=\"twitter:card\" content=\"summary_large_image\" \/>\n<meta name=\"twitter:label1\" content=\"Becs\u00fclt olvas\u00e1si id\u0151\" \/>\n\t<meta name=\"twitter:data1\" content=\"5 perc\" \/>\n<script type=\"application\/ld+json\" class=\"yoast-schema-graph\">{\"@context\":\"https:\\\/\\\/schema.org\",\"@graph\":[{\"@type\":\"WebPage\",\"@id\":\"https:\\\/\\\/us-gc.net\\\/hu\\\/lotto-green-card\\\/\",\"url\":\"https:\\\/\\\/us-gc.net\\\/hu\\\/lotto-green-card\\\/\",\"name\":\"Amerikai z\u00f6ldk\u00e1rtya lott\u00f3 - USA GC\",\"isPartOf\":{\"@id\":\"https:\\\/\\\/us-gc.net\\\/hu\\\/#website\"},\"datePublished\":\"2024-01-31T07:57:06+00:00\",\"dateModified\":\"2025-02-21T09:17:40+00:00\",\"description\":\"Vegyen r\u00e9szt az \u00e9ves amerikai lott\u00f3n, hogy 50 000 m\u00e1sik nyerteshez hasonl\u00f3an v\u00e9letlenszer\u0171 sorsol\u00e1ssal z\u00f6ldk\u00e1rty\u00e1t kapjon.\",\"breadcrumb\":{\"@id\":\"https:\\\/\\\/us-gc.net\\\/hu\\\/lotto-green-card\\\/#breadcrumb\"},\"inLanguage\":\"hu\",\"potentialAction\":[{\"@type\":\"ReadAction\",\"target\":[\"https:\\\/\\\/us-gc.net\\\/hu\\\/lotto-green-card\\\/\"]}]},{\"@type\":\"BreadcrumbList\",\"@id\":\"https:\\\/\\\/us-gc.net\\\/hu\\\/lotto-green-card\\\/#breadcrumb\",\"itemListElement\":[{\"@type\":\"ListItem\",\"position\":1,\"name\":\"Accueil\",\"item\":\"https:\\\/\\\/us-gc.net\\\/hu\\\/green-card\\\/\"},{\"@type\":\"ListItem\",\"position\":2,\"name\":\"Amerikai z\u00f6ldk\u00e1rtya lott\u00f3\"}]},{\"@type\":\"WebSite\",\"@id\":\"https:\\\/\\\/us-gc.net\\\/hu\\\/#website\",\"url\":\"https:\\\/\\\/us-gc.net\\\/hu\\\/\",\"name\":\"USA GC\",\"description\":\"\",\"potentialAction\":[{\"@type\":\"SearchAction\",\"target\":{\"@type\":\"EntryPoint\",\"urlTemplate\":\"https:\\\/\\\/us-gc.net\\\/hu\\\/?s={search_term_string}\"},\"query-input\":{\"@type\":\"PropertyValueSpecification\",\"valueRequired\":true,\"valueName\":\"search_term_string\"}}],\"inLanguage\":\"hu\"}]}<\/script>\n<!-- \/ Yoast SEO plugin. -->","yoast_head_json":{"title":"Amerikai z\u00f6ldk\u00e1rtya lott\u00f3 - USA GC","description":"Vegyen r\u00e9szt az \u00e9ves amerikai lott\u00f3n, hogy 50 000 m\u00e1sik nyerteshez hasonl\u00f3an v\u00e9letlenszer\u0171 sorsol\u00e1ssal z\u00f6ldk\u00e1rty\u00e1t kapjon.","robots":{"index":"index","follow":"follow","max-snippet":"max-snippet:-1","max-image-preview":"max-image-preview:large","max-video-preview":"max-video-preview:-1"},"canonical":"https:\/\/us-gc.net\/hu\/lotto-green-card\/","og_locale":"hu_HU","og_type":"article","og_title":"Amerikai z\u00f6ldk\u00e1rtya lott\u00f3 - USA GC","og_description":"Vegyen r\u00e9szt az \u00e9ves amerikai lott\u00f3n, hogy 50 000 m\u00e1sik nyerteshez hasonl\u00f3an v\u00e9letlenszer\u0171 sorsol\u00e1ssal z\u00f6ldk\u00e1rty\u00e1t kapjon.","og_url":"https:\/\/us-gc.net\/hu\/lotto-green-card\/","og_site_name":"USA GC","article_modified_time":"2025-02-21T09:17:40+00:00","twitter_card":"summary_large_image","twitter_misc":{"Becs\u00fclt olvas\u00e1si id\u0151":"5 perc"},"schema":{"@context":"https:\/\/schema.org","@graph":[{"@type":"WebPage","@id":"https:\/\/us-gc.net\/hu\/lotto-green-card\/","url":"https:\/\/us-gc.net\/hu\/lotto-green-card\/","name":"Amerikai z\u00f6ldk\u00e1rtya lott\u00f3 - USA GC","isPartOf":{"@id":"https:\/\/us-gc.net\/hu\/#website"},"datePublished":"2024-01-31T07:57:06+00:00","dateModified":"2025-02-21T09:17:40+00:00","description":"Vegyen r\u00e9szt az \u00e9ves amerikai lott\u00f3n, hogy 50 000 m\u00e1sik nyerteshez hasonl\u00f3an v\u00e9letlenszer\u0171 sorsol\u00e1ssal z\u00f6ldk\u00e1rty\u00e1t kapjon.","breadcrumb":{"@id":"https:\/\/us-gc.net\/hu\/lotto-green-card\/#breadcrumb"},"inLanguage":"hu","potentialAction":[{"@type":"ReadAction","target":["https:\/\/us-gc.net\/hu\/lotto-green-card\/"]}]},{"@type":"BreadcrumbList","@id":"https:\/\/us-gc.net\/hu\/lotto-green-card\/#breadcrumb","itemListElement":[{"@type":"ListItem","position":1,"name":"Accueil","item":"https:\/\/us-gc.net\/hu\/green-card\/"},{"@type":"ListItem","position":2,"name":"Amerikai z\u00f6ldk\u00e1rtya lott\u00f3"}]},{"@type":"WebSite","@id":"https:\/\/us-gc.net\/hu\/#website","url":"https:\/\/us-gc.net\/hu\/","name":"USA GC","description":"","potentialAction":[{"@type":"SearchAction","target":{"@type":"EntryPoint","urlTemplate":"https:\/\/us-gc.net\/hu\/?s={search_term_string}"},"query-input":{"@type":"PropertyValueSpecification","valueRequired":true,"valueName":"search_term_string"}}],"inLanguage":"hu"}]}},"_links":{"self":[{"href":"https:\/\/us-gc.net\/hu\/wp-json\/wp\/v2\/pages\/4693","targetHints":{"allow":["GET"]}}],"collection":[{"href":"https:\/\/us-gc.net\/hu\/wp-json\/wp\/v2\/pages"}],"about":[{"href":"https:\/\/us-gc.net\/hu\/wp-json\/wp\/v2\/types\/page"}],"author":[{"embeddable":true,"href":"https:\/\/us-gc.net\/hu\/wp-json\/wp\/v2\/users\/1"}],"replies":[{"embeddable":true,"href":"https:\/\/us-gc.net\/hu\/wp-json\/wp\/v2\/comments?post=4693"}],"version-history":[{"count":2,"href":"https:\/\/us-gc.net\/hu\/wp-json\/wp\/v2\/pages\/4693\/revisions"}],"predecessor-version":[{"id":9823,"href":"https:\/\/us-gc.net\/hu\/wp-json\/wp\/v2\/pages\/4693\/revisions\/9823"}],"wp:attachment":[{"href":"https:\/\/us-gc.net\/hu\/wp-json\/wp\/v2\/media?parent=4693"}],"curies":[{"name":"wp","href":"https:\/\/api.w.org\/{rel}","templated":true}]}}