{"id":4691,"date":"2024-01-31T16:27:17","date_gmt":"2024-01-31T16:27:17","guid":{"rendered":"https:\/\/green-card-usa.net\/interju-green-card\/"},"modified":"2024-12-30T09:41:03","modified_gmt":"2024-12-30T09:41:03","slug":"interju-green-card","status":"publish","type":"page","link":"https:\/\/us-gc.net\/hu\/interju-green-card\/","title":{"rendered":"Hogyan szerezheti meg a Green Card"},"content":{"rendered":"\n<h1 class=\"wp-block-heading\" id=\"h-comment-preparer-l-entretien-pour-la-green-card\">Hogyan k\u00e9sz\u00fclj\u00f6n fel a Green Card-interj\u00fara<\/h1>\n\n<h3 class=\"wp-block-heading\" id=\"h-confirmation-du-rendez-vous-pour-passer-l-entretien\">Az interj\u00fara val\u00f3 kinevez\u00e9s meger\u0151s\u00edt\u00e9se<\/h3>\n\n<p>Miut\u00e1n az amerikai hat\u00f3s\u00e1gok \u00e1tn\u00e9zt\u00e9k a kit\u00f6lt\u00f6tt DS-260 nyomtatv\u00e1nyt, a k\u00e9relmez\u0151 kap egy e-mailt, amelyben \u00e9rtes\u00edtik arr\u00f3l, hogy a kiv\u00e1lasztott amerikai nagyk\u00f6vets\u00e9gen vagy konzul\u00e1tuson id\u0151pontot t\u0171ztek ki az interj\u00fara. A k\u00e9relmez\u0151knek a regisztr\u00e1ci\u00f3s sz\u00e1mukkal kell bejelentkezni\u00fck a <a href=\"https:\/\/us-gc.net\/hu\/sokszinusegi-vizumprogram\/\">Diversity Visa program<\/a> weboldal\u00e1ra. Ez a kapcsolat lehet\u0151v\u00e9 teszi sz\u00e1mukra, hogy meger\u0151s\u00edts\u00e9k az interj\u00fa id\u0151pontj\u00e1t \u00e9s hely\u00e9t.<\/p>\n\n<h3 class=\"wp-block-heading\" id=\"h-preparation-de-l-interview\">Felk\u00e9sz\u00fcl\u00e9s az interj\u00fara<\/h3>\n\n<p>Az interj\u00fara val\u00f3 felk\u00e9sz\u00fcl\u00e9s alapvet\u0151 fontoss\u00e1g\u00fa. A jel\u00f6ltnek a k\u00f6vetkez\u0151 fontos l\u00e9p\u00e9seket kell elv\u00e9geznie az interj\u00fa id\u0151pontja el\u0151tt:<\/p>\n\n<ol class=\"wp-block-list\">\n<li>Vizsg\u00e1lja meg az inform\u00e1ci\u00f3kat r\u00e9sztvev\u0151k\u00e9nt a <a href=\"https:\/\/us-gc.net\/hu\/sokszinusegi-vizumprogram\/\">DV Program<\/a> honlapj\u00e1n ;<\/li>\n\n\n\n<li>Olvassa el a meghallgat\u00e1sra vonatkoz\u00f3 utas\u00edt\u00e1sokat a nagyk\u00f6vets\u00e9gen, ahol a meghallgat\u00e1sra sor ker\u00fcl;<\/li>\n\n\n\n<li>Orvosi vizsg\u00e1lat megtervez\u00e9se \u00e9s elv\u00e9gz\u00e9se. Id\u0151pontot kell k\u00e9rnie egy j\u00f3v\u00e1hagyott orvoshoz abban az orsz\u00e1gban, ahol a meghallgat\u00e1sra ker\u00fcl. A v\u00edzuminterj\u00fa tervezett id\u0151pontja el\u0151tt \u00e1t kell esnie az orvosi vizsg\u00e1laton, valamint az el\u0151\u00edrt v\u00e9d\u0151olt\u00e1sokon. Ha az orvosi vizsg\u00e1lat befejez\u0151d\u00f6tt, egy lez\u00e1rt orvosi vizsg\u00e1lati bor\u00edt\u00e9kot kap, amelyet a v\u00edzuminterj\u00fara kell mag\u00e1val vinnie. Egyes orvosok az orvosi vizsg\u00e1lat eredm\u00e9ny\u00e9t k\u00f6zvetlen\u00fcl a nagyk\u00f6vets\u00e9gre vagy konzul\u00e1tusra k\u00fcldik.<\/li>\n\n\n\n<li>Gy\u0171jtse \u00f6ssze a f\u00e9nyk\u00e9peket \u00e9s az \u00f6sszes sz\u00fcks\u00e9ges dokumentumot. Minden k\u00e9relmez\u0151nek k\u00e9t egyforma <a href=\"https:\/\/us-gc.net\/hu\/green-card-fenykep\/\">z\u00f6ldk\u00e1rty\u00e1s f\u00e9nyk\u00e9pet<\/a> kell hoznia az interj\u00fara.<\/li>\n<\/ol>\n\n<div style=\"height:10px\" aria-hidden=\"true\" class=\"wp-block-spacer\"><\/div>\n\n<h3 class=\"wp-block-heading\" id=\"h-documents-a-fournir-lors-de-l-entretien-pour-la-green-card\">A z\u00f6ldk\u00e1rtya-interj\u00fan beny\u00fajtand\u00f3 dokumentumok<\/h3>\n\n<p>Az <a href=\"https:\/\/www.usembassy.gov\/\">Egyes\u00fclt \u00c1llamok nagyk\u00f6vets\u00e9g\u00e9n<\/a> tartott meghallgat\u00e1son a k\u00e9relmez\u0151nek a k\u00f6vetkez\u0151 inform\u00e1ci\u00f3kat kell bemutatnia:<\/p>\n\n<ul class=\"wp-block-list\">\n<li>A <a href=\"https:\/\/us-gc.net\/hu\/sokszinusegi-vizumprogram\/\">DV-program<\/a> weboldal\u00e1n a r\u00e9sztvev\u0151 fi\u00f3kj\u00e1b\u00f3l kinyomtatott kinevez\u00e9si inform\u00e1ci\u00f3k;<\/li>\n\n\n\n<li>A kinyomtatott DS-260 nyomtatv\u00e1ny meger\u0151s\u00edt\u0151 oldala ;<\/li>\n\n\n\n<li>Az Egyes\u00fclt \u00c1llamokba t\u00f6rt\u00e9n\u0151 bel\u00e9p\u00e9s tervezett id\u0151pontj\u00e1t\u00f3l sz\u00e1m\u00edtott hat h\u00f3napig \u00e9rv\u00e9nyes \u00fatlev\u00e9l;<\/li>\n\n\n\n<li>A DS-260 nyomtatv\u00e1ny \u00e9rv\u00e9nyes\u00edt\u00e9sekor a Kentucky Konzuli K\u00f6zpontnak beny\u00fajtott eredeti dokumentumok vagy a polg\u00e1ri okm\u00e1nyok hiteles\u00edtett m\u00e1solatai.<\/li>\n<\/ul>\n\n<div style=\"height:10px\" aria-hidden=\"true\" class=\"wp-block-spacer\"><\/div>\n\n<h3 class=\"wp-block-heading\" id=\"h-payer-les-frais-de-visa\">A v\u00edzumd\u00edjak megfizet\u00e9se<\/h3>\n\n<p>A nagyk\u00f6vets\u00e9gen t\u00f6rt\u00e9n\u0151 interj\u00fa el\u0151tt minden k\u00e9relmez\u0151nek be kell fizetnie a <a href=\"https:\/\/us-gc.net\/hu\/green-card-dij\/\">soksz\u00edn\u0171s\u00e9gi v\u00edzumd\u00edjat<\/a>. A <a href=\"https:\/\/us-gc.net\/hu\/green-card-lotto-2024\/\">2024-es Green Card a lott\u00f3n<\/a> ig\u00e9nyl\u0151k sz\u00e1m\u00e1ra: <strong>a d\u00edj szem\u00e9lyenk\u00e9nt 330 doll\u00e1r<\/strong>. Ez a d\u00edj nem visszat\u00e9r\u00edtend\u0151, f\u00fcggetlen\u00fcl a Soksz\u00edn\u0171s\u00e9g Program v\u00edzumk\u00e9relm\u00e9nek eredm\u00e9ny\u00e9t\u0151l.<\/p>\n\n<p>A d\u00edjakat a meghallgat\u00e1s id\u0151pontja el\u0151tt kell befizetnie az amerikai nagyk\u00f6vets\u00e9g vagy konzul\u00e1tus utas\u00edt\u00e1sait k\u00f6vetve, ahol a meghallgat\u00e1sra ker\u00fcl sor.<\/p>\n\n<div style=\"height:10px\" aria-hidden=\"true\" class=\"wp-block-spacer\"><\/div>\n\n<h2 class=\"wp-block-heading\" id=\"h-l-entretien-pour-obtenir-la-green-card-peut-il-etre-annule\">T\u00f6r\u00f6lhet\u0151-e a z\u00f6ldk\u00e1rtya-interj\u00fa?<\/h2>\n\n<p>Igen, a <a href=\"https:\/\/us-gc.net\/en\/\">Green Card-interj\u00fat<\/a> bizonyos k\u00f6r\u00fclm\u00e9nyek k\u00f6z\u00f6tt el lehet t\u00f6r\u00f6lni vagy el lehet halasztani. \u00cdme n\u00e9h\u00e1ny ok, ami\u00e9rt ez megt\u00f6rt\u00e9nhet:<\/p>\n\n<ul class=\"wp-block-list\">\n<li><strong>A p\u00e1ly\u00e1z\u00f3 halaszt\u00e1si k\u00e9relme<\/strong>: Ha konfliktusa van vagy v\u00e9szhelyzetben van, k\u00e9rheti az USCIS-t\u0151l, hogy halassza el az interj\u00fat. Fontos, hogy \u00e9rv\u00e9nyes indokot \u00e9s sz\u00fcks\u00e9g eset\u00e9n al\u00e1t\u00e1maszt\u00f3 bizony\u00edt\u00e9kot adjon meg;<\/li>\n\n\n\n<li><strong>Adminisztrat\u00edv probl\u00e9ma<\/strong>: Az USCIS t\u00f6r\u00f6lheti vagy elhalaszthatja az interj\u00fat, ha hi\u00e1nyoznak dokumentumok, ha probl\u00e9m\u00e1k vannak az akt\u00e1j\u00e1val, vagy ha az akt\u00e1j\u00e1val foglalkoz\u00f3 tisztvisel\u0151 nem el\u00e9rhet\u0151;<\/li>\n\n\n\n<li><strong>Id\u0151j\u00e1r\u00e1si k\u00f6r\u00fclm\u00e9nyek vagy term\u00e9szeti katasztr\u00f3f\u00e1k<\/strong>: El\u0151re nem l\u00e1that\u00f3 esem\u00e9nyek, p\u00e9ld\u00e1ul s\u00falyos viharok vagy m\u00e1s term\u00e9szeti katasztr\u00f3f\u00e1k arra k\u00e9nyszer\u00edthetik az USCIS-t, hogy bez\u00e1rja irod\u00e1it \u00e9s t\u00f6r\u00f6lje a tervezett interj\u00fakat;<\/li>\n\n\n\n<li><strong>Biztons\u00e1gi vagy k\u00f6zeg\u00e9szs\u00e9g\u00fcgyi okok<\/strong>: Az olyan helyzetek, mint p\u00e9ld\u00e1ul a j\u00e1rv\u00e1nyok, biztons\u00e1gi vagy k\u00f6zeg\u00e9szs\u00e9g\u00fcgyi okokb\u00f3l az interj\u00fak t\u00f6rl\u00e9s\u00e9t eredm\u00e9nyezhetik.<\/li>\n<\/ul>\n\n<p>Ha az interj\u00fat t\u00f6rlik, fontos, hogy naprak\u00e9szen tartsa az USCIS-n\u00e9l megadott el\u00e9rhet\u0151s\u00e9geit, hogy az \u00fcgy\u00e9vel kapcsolatos minden fontos k\u00f6zlem\u00e9nyt megkapjon.<\/p>\n\n<h2 class=\"wp-block-heading\" id=\"h-peut-on-obtenir-la-green-card-sans-passer-l-interview\">Kaphatok z\u00f6ldk\u00e1rty\u00e1t interj\u00fa n\u00e9lk\u00fcl?<\/h2>\n\n<p>A z\u00f6ldk\u00e1rty\u00e1t k\u00e9relmez\u0151k t\u00falnyom\u00f3 t\u00f6bbs\u00e9g\u00e9nek r\u00e9szt kell vennie egy interj\u00fan. Az interj\u00fa lehet\u0151v\u00e9 teszi az USCIS sz\u00e1m\u00e1ra, hogy ellen\u0151rizze a k\u00e9relemben megadott inform\u00e1ci\u00f3kat, hiteles\u00edtse a dokumentumokat, \u00e9s megbizonyosodjon arr\u00f3l, hogy a k\u00e9relmez\u0151 megfelel-e az \u00e1lland\u00f3 lakosk\u00e9nt val\u00f3 tart\u00f3zkod\u00e1shoz sz\u00fcks\u00e9ges valamennyi felt\u00e9telnek.  <\/p>\n\n<p>Bizonyos k\u00fcl\u00f6nleges k\u00f6r\u00fclm\u00e9nyek k\u00f6z\u00f6tt azonban el\u0151fordulhat, hogy a karbantart\u00e1s nem sz\u00fcks\u00e9ges. \u00cdme n\u00e9h\u00e1ny helyzet, amikor ez el\u0151fordulhat:<\/p>\n\n<ul class=\"wp-block-list\">\n<li><strong>A bev\u00e1ndorl\u00f3k bizonyos kateg\u00f3ri\u00e1inak st\u00e1tusz\u00e1nak kiigaz\u00edt\u00e1sa<\/strong>: Bizonyos esetekben, a bev\u00e1ndorl\u00f3k bizonyos kateg\u00f3ri\u00e1i eset\u00e9ben az USCIS \u00fagy d\u00f6nthet, hogy nincs sz\u00fcks\u00e9g interj\u00fara, \u00e9s interj\u00fa n\u00e9lk\u00fcl hagyja j\u00f3v\u00e1 a st\u00e1tusz kiigaz\u00edt\u00e1sa ir\u00e1nti k\u00e9relmet. Ez a foglalkoztat\u00e1son alapul\u00f3 v\u00edzumok bizonyos kateg\u00f3ri\u00e1in\u00e1l el\u0151fordulhat, k\u00fcl\u00f6n\u00f6sen, ha az \u00fcgyirat k\u00fcl\u00f6n\u00f6sen vil\u00e1gos \u00e9s teljes;<\/li>\n\n\n\n<li><strong>Az interj\u00far\u00f3l val\u00f3 lemond\u00e1s<\/strong>: Ritka esetekben, ha a k\u00e9relmez\u0151 bizony\u00edtani tudja, hogy az interj\u00fara val\u00f3 utaz\u00e1s rendk\u00edv\u00fcli vagy sz\u00fcks\u00e9gtelen neh\u00e9zs\u00e9geket okozna, az USCIS fontol\u00f3ra veheti az interj\u00far\u00f3l val\u00f3 lemond\u00e1st. Ezek a helyzetek kiv\u00e9telesek;<\/li>\n\n\n\n<li><strong>Kor\u00e1bbi tapasztalatok<\/strong>: A nagy kereslet vagy m\u0171k\u00f6d\u00e9si korl\u00e1tok idej\u00e9n az USCIS n\u00e9ha \u00fagy m\u00f3dos\u00edtotta gyakorlat\u00e1t, hogy korl\u00e1tozta a k\u00e9relmez\u0151k bizonyos kateg\u00f3ri\u00e1ira vonatkoz\u00f3 interj\u00fakat. Ez volt a helyzet a m\u00faltban bizonyos z\u00f6ldk\u00e1rtya meg\u00faj\u00edt\u00e1sok vagy st\u00e1tuszm\u00f3dos\u00edt\u00e1sok eset\u00e9ben, amelyek nem vetettek fel \u00f6sszetett, interj\u00fat ig\u00e9nyl\u0151 k\u00e9rd\u00e9seket.<\/li>\n\n\n\n<li><strong>Ir\u00e1nyelvek m\u00f3dos\u00edt\u00e1sa v\u00e1ls\u00e1ghelyzetre adott v\u00e1laszk\u00e9nt<\/strong>: Egy olyan eg\u00e9szs\u00e9g\u00fcgyi v\u00e1ls\u00e1ghelyzet sor\u00e1n, mint a COVID-19 vil\u00e1gj\u00e1rv\u00e1ny, az USCIS m\u00f3dos\u00edtotta ir\u00e1nyelveit \u00e9s elj\u00e1r\u00e1sait. A sz\u00fcks\u00e9ges interj\u00fak sz\u00e1ma cs\u00f6kkent.<\/li>\n<\/ul>\n\n<div style=\"height:10px\" aria-hidden=\"true\" class=\"wp-block-spacer\"><\/div>\n\n<h2 class=\"wp-block-heading\" id=\"h-combien-de-temps-dure-l-entretien\">Mennyi ideig tart az interj\u00fa?<\/h2>\n\n<p>A z\u00f6ldk\u00e1rtya megszerz\u00e9s\u00e9hez sz\u00fcks\u00e9ges interj\u00fa hossza sz\u00e1mos t\u00e9nyez\u0151t\u0151l f\u00fcgg\u0151en v\u00e1ltozhat. \u00c1ltal\u00e1ban 20 perc \u00e9s egy \u00f3ra k\u00f6z\u00f6tt tart. Az \u00fcgy \u00f6sszetetts\u00e9ge, a bev\u00e1ndorl\u00e1si tisztvisel\u0151 \u00e1ltal feltenni k\u00edv\u00e1nt k\u00e9rd\u00e9sek \u00e9s az ellen\u0151rizend\u0151 dokumentumok sz\u00e1ma mind befoly\u00e1solhatja a meghallgat\u00e1s hossz\u00e1t.<\/p>\n\n<p>C\u00e9lszer\u0171, ha j\u00f3l felk\u00e9sz\u00fclten \u00e9rkezik az interj\u00fara, \u00e9s k\u00e9szen \u00e1ll arra, hogy minden k\u00e9rd\u00e9sre teljes k\u00f6r\u0171en v\u00e1laszoljon. A felv\u00e9teli besz\u00e9lget\u00e9s el\u0151tt \u00e9s ut\u00e1n elegend\u0151 id\u0151t kell hagynia a helysz\u00ednen t\u00f6rt\u00e9n\u0151 tov\u00e1bbi adminisztrat\u00edv elj\u00e1r\u00e1sokra.<\/p>\n\n<h2 class=\"wp-block-heading\" id=\"h-combien-de-temps-apres-l-entretien-on-obtient-la-green-card\">Mennyi id\u0151be telik a z\u00f6ldk\u00e1rtya megszerz\u00e9se az interj\u00fa ut\u00e1n?<\/h2>\n\n<p>\u00c1ltal\u00e1nos szab\u00e1lyk\u00e9nt az USCIS r\u00f6viddel az interj\u00fa ut\u00e1n t\u00e1j\u00e9koztatja a k\u00e9relmez\u0151t a k\u00e9relm\u00e9re vonatkoz\u00f3 d\u00f6nt\u00e9sr\u0151l. Ha a k\u00e9relmet j\u00f3v\u00e1hagyj\u00e1k, a z\u00f6ld k\u00e1rtya el\u0151\u00e1ll\u00edt\u00e1sa \u00e9s kik\u00fcld\u00e9se n\u00e9h\u00e1ny hetet vehet ig\u00e9nybe. Az USCIS a k\u00e9relem j\u00f3v\u00e1hagy\u00e1s\u00e1t k\u00f6vet\u0151en gyakran megadja a k\u00e1rtya k\u00e9zhezv\u00e9tel\u00e9nek becs\u00fclt idej\u00e9t.<\/p>\n\n<p>Fontos, hogy folyamatosan tartsa a kapcsolatot az USCIS-szel, \u00e9s figyelemmel k\u00eds\u00e9rje a k\u00e9relem st\u00e1tusz\u00e1t a <a href=\"https:\/\/us-gc.net\/hu\/sokszinusegi-vizumprogram\/\">Diversity Visa Program<\/a> weboldal\u00e1n.<\/p>\n","protected":false},"excerpt":{"rendered":"<p>Hogyan k\u00e9sz\u00fclj\u00f6n fel a Green Card-interj\u00fara Az interj\u00fara val\u00f3 kinevez\u00e9s meger\u0151s\u00edt\u00e9se Miut\u00e1n az amerikai hat\u00f3s\u00e1gok \u00e1tn\u00e9zt\u00e9k a kit\u00f6lt\u00f6tt DS-260 nyomtatv\u00e1nyt, a k\u00e9relmez\u0151 kap egy e-mailt, amelyben \u00e9rtes\u00edtik arr\u00f3l, hogy a kiv\u00e1lasztott amerikai nagyk\u00f6vets\u00e9gen vagy konzul\u00e1tuson id\u0151pontot t\u0171ztek ki az interj\u00fara. A k\u00e9relmez\u0151knek a regisztr\u00e1ci\u00f3s sz\u00e1mukkal kell bejelentkezni\u00fck a Diversity Visa program weboldal\u00e1ra. Ez a kapcsolat [&hellip;]<\/p>\n","protected":false},"author":1,"featured_media":0,"parent":0,"menu_order":0,"comment_status":"closed","ping_status":"closed","template":"","meta":{"footnotes":""},"class_list":["post-4691","page","type-page","status-publish","hentry"],"yoast_head":"<!-- This site is optimized with the Yoast SEO plugin v27.4 - https:\/\/yoast.com\/product\/yoast-seo-wordpress\/ -->\n<title>Hogyan szerezheti meg a Green Card - USA GC<\/title>\n<meta name=\"description\" content=\"Hogyan lehet sikeres a Green Card-interj\u00fa\" \/>\n<meta name=\"robots\" content=\"index, follow, max-snippet:-1, max-image-preview:large, max-video-preview:-1\" \/>\n<link rel=\"canonical\" href=\"https:\/\/us-gc.net\/hu\/interju-green-card\/\" \/>\n<meta property=\"og:locale\" content=\"hu_HU\" \/>\n<meta property=\"og:type\" content=\"article\" \/>\n<meta property=\"og:title\" content=\"Hogyan szerezheti meg a Green Card - USA GC\" \/>\n<meta property=\"og:description\" content=\"Hogyan lehet sikeres a Green Card-interj\u00fa\" \/>\n<meta property=\"og:url\" content=\"https:\/\/us-gc.net\/hu\/interju-green-card\/\" \/>\n<meta property=\"og:site_name\" content=\"USA GC\" \/>\n<meta property=\"article:modified_time\" content=\"2024-12-30T09:41:03+00:00\" \/>\n<meta name=\"twitter:card\" content=\"summary_large_image\" \/>\n<meta name=\"twitter:label1\" content=\"Becs\u00fclt olvas\u00e1si id\u0151\" \/>\n\t<meta name=\"twitter:data1\" content=\"7 perc\" \/>\n<script type=\"application\/ld+json\" class=\"yoast-schema-graph\">{\"@context\":\"https:\\\/\\\/schema.org\",\"@graph\":[{\"@type\":\"WebPage\",\"@id\":\"https:\\\/\\\/us-gc.net\\\/hu\\\/interju-green-card\\\/\",\"url\":\"https:\\\/\\\/us-gc.net\\\/hu\\\/interju-green-card\\\/\",\"name\":\"Hogyan szerezheti meg a Green Card - USA GC\",\"isPartOf\":{\"@id\":\"https:\\\/\\\/us-gc.net\\\/hu\\\/#website\"},\"datePublished\":\"2024-01-31T16:27:17+00:00\",\"dateModified\":\"2024-12-30T09:41:03+00:00\",\"description\":\"Hogyan lehet sikeres a Green Card-interj\u00fa\",\"breadcrumb\":{\"@id\":\"https:\\\/\\\/us-gc.net\\\/hu\\\/interju-green-card\\\/#breadcrumb\"},\"inLanguage\":\"hu\",\"potentialAction\":[{\"@type\":\"ReadAction\",\"target\":[\"https:\\\/\\\/us-gc.net\\\/hu\\\/interju-green-card\\\/\"]}]},{\"@type\":\"BreadcrumbList\",\"@id\":\"https:\\\/\\\/us-gc.net\\\/hu\\\/interju-green-card\\\/#breadcrumb\",\"itemListElement\":[{\"@type\":\"ListItem\",\"position\":1,\"name\":\"Accueil\",\"item\":\"https:\\\/\\\/us-gc.net\\\/hu\\\/green-card\\\/\"},{\"@type\":\"ListItem\",\"position\":2,\"name\":\"Hogyan szerezheti meg a Green Card\"}]},{\"@type\":\"WebSite\",\"@id\":\"https:\\\/\\\/us-gc.net\\\/hu\\\/#website\",\"url\":\"https:\\\/\\\/us-gc.net\\\/hu\\\/\",\"name\":\"USA GC\",\"description\":\"\",\"potentialAction\":[{\"@type\":\"SearchAction\",\"target\":{\"@type\":\"EntryPoint\",\"urlTemplate\":\"https:\\\/\\\/us-gc.net\\\/hu\\\/?s={search_term_string}\"},\"query-input\":{\"@type\":\"PropertyValueSpecification\",\"valueRequired\":true,\"valueName\":\"search_term_string\"}}],\"inLanguage\":\"hu\"}]}<\/script>\n<!-- \/ Yoast SEO plugin. -->","yoast_head_json":{"title":"Hogyan szerezheti meg a Green Card - USA GC","description":"Hogyan lehet sikeres a Green Card-interj\u00fa","robots":{"index":"index","follow":"follow","max-snippet":"max-snippet:-1","max-image-preview":"max-image-preview:large","max-video-preview":"max-video-preview:-1"},"canonical":"https:\/\/us-gc.net\/hu\/interju-green-card\/","og_locale":"hu_HU","og_type":"article","og_title":"Hogyan szerezheti meg a Green Card - USA GC","og_description":"Hogyan lehet sikeres a Green Card-interj\u00fa","og_url":"https:\/\/us-gc.net\/hu\/interju-green-card\/","og_site_name":"USA GC","article_modified_time":"2024-12-30T09:41:03+00:00","twitter_card":"summary_large_image","twitter_misc":{"Becs\u00fclt olvas\u00e1si id\u0151":"7 perc"},"schema":{"@context":"https:\/\/schema.org","@graph":[{"@type":"WebPage","@id":"https:\/\/us-gc.net\/hu\/interju-green-card\/","url":"https:\/\/us-gc.net\/hu\/interju-green-card\/","name":"Hogyan szerezheti meg a Green Card - USA GC","isPartOf":{"@id":"https:\/\/us-gc.net\/hu\/#website"},"datePublished":"2024-01-31T16:27:17+00:00","dateModified":"2024-12-30T09:41:03+00:00","description":"Hogyan lehet sikeres a Green Card-interj\u00fa","breadcrumb":{"@id":"https:\/\/us-gc.net\/hu\/interju-green-card\/#breadcrumb"},"inLanguage":"hu","potentialAction":[{"@type":"ReadAction","target":["https:\/\/us-gc.net\/hu\/interju-green-card\/"]}]},{"@type":"BreadcrumbList","@id":"https:\/\/us-gc.net\/hu\/interju-green-card\/#breadcrumb","itemListElement":[{"@type":"ListItem","position":1,"name":"Accueil","item":"https:\/\/us-gc.net\/hu\/green-card\/"},{"@type":"ListItem","position":2,"name":"Hogyan szerezheti meg a Green Card"}]},{"@type":"WebSite","@id":"https:\/\/us-gc.net\/hu\/#website","url":"https:\/\/us-gc.net\/hu\/","name":"USA GC","description":"","potentialAction":[{"@type":"SearchAction","target":{"@type":"EntryPoint","urlTemplate":"https:\/\/us-gc.net\/hu\/?s={search_term_string}"},"query-input":{"@type":"PropertyValueSpecification","valueRequired":true,"valueName":"search_term_string"}}],"inLanguage":"hu"}]}},"_links":{"self":[{"href":"https:\/\/us-gc.net\/hu\/wp-json\/wp\/v2\/pages\/4691","targetHints":{"allow":["GET"]}}],"collection":[{"href":"https:\/\/us-gc.net\/hu\/wp-json\/wp\/v2\/pages"}],"about":[{"href":"https:\/\/us-gc.net\/hu\/wp-json\/wp\/v2\/types\/page"}],"author":[{"embeddable":true,"href":"https:\/\/us-gc.net\/hu\/wp-json\/wp\/v2\/users\/1"}],"replies":[{"embeddable":true,"href":"https:\/\/us-gc.net\/hu\/wp-json\/wp\/v2\/comments?post=4691"}],"version-history":[{"count":1,"href":"https:\/\/us-gc.net\/hu\/wp-json\/wp\/v2\/pages\/4691\/revisions"}],"predecessor-version":[{"id":7744,"href":"https:\/\/us-gc.net\/hu\/wp-json\/wp\/v2\/pages\/4691\/revisions\/7744"}],"wp:attachment":[{"href":"https:\/\/us-gc.net\/hu\/wp-json\/wp\/v2\/media?parent=4691"}],"curies":[{"name":"wp","href":"https:\/\/api.w.org\/{rel}","templated":true}]}}