{"id":4689,"date":"2024-02-13T09:26:58","date_gmt":"2024-02-13T09:26:58","guid":{"rendered":"https:\/\/green-card-usa.net\/sokszinusegi-vizumprogram\/"},"modified":"2024-12-30T09:40:50","modified_gmt":"2024-12-30T09:40:50","slug":"sokszinusegi-vizumprogram","status":"publish","type":"page","link":"https:\/\/us-gc.net\/hu\/sokszinusegi-vizumprogram\/","title":{"rendered":"Az amerikai soksz\u00edn\u0171s\u00e9gi v\u00edzumprogram"},"content":{"rendered":"\n<h1 class=\"wp-block-heading\" id=\"h-le-diversity-visa-program-des-etats-unis\">A soksz\u00edn\u0171s\u00e9gi v\u00edzumprogram az Egyes\u00fclt \u00c1llamokban  <\/h1>\n\n<h2 class=\"wp-block-heading\" id=\"h-qu-est-ce-que-le-diversity-visa-program\">Mi az a soksz\u00edn\u0171s\u00e9gi v\u00edzumprogram?<\/h2>\n\n<p>A soksz\u00edn\u0171s\u00e9gi v\u00edzumprogram az Egyes\u00fclt \u00c1llamok korm\u00e1ny\u00e1nak kezdem\u00e9nyez\u00e9se, amelynek c\u00e9lja az amerikai bev\u00e1ndorl\u00f3 n\u00e9pess\u00e9g diverzifik\u00e1l\u00e1sa. \u00c9vente t\u00f6bb mint 50 000 v\u00edzumot adnak ki az Egyes\u00fclt \u00c1llamokba ir\u00e1nyul\u00f3 alacsony bev\u00e1ndorl\u00e1si r\u00e1t\u00e1val rendelkez\u0151 orsz\u00e1gokb\u00f3l sz\u00e1rmaz\u00f3 szem\u00e9lyek sz\u00e1m\u00e1ra. A DV-programot <a href=\"https:\/\/us-gc.net\/hu\/amerikai-lotto-zold-kartya\/\">Green Card-sorsol\u00e1sk\u00e9nt<\/a> ismerik.<\/p>\n\n<h2 class=\"wp-block-heading\" id=\"h-comment-fonctionne-t-il\">Hogyan m\u0171k\u00f6dik?<\/h2>\n\n<p>A soksz\u00edn\u0171s\u00e9gi v\u00edzumprogramban val\u00f3 r\u00e9szv\u00e9tel v\u00e9letlenszer\u0171 kiv\u00e1laszt\u00e1si elj\u00e1r\u00e1son alapul. A p\u00e1ly\u00e1z\u00f3knak minden \u00e9v okt\u00f3ber v\u00e9g\u00e9ig kell beny\u00fajtaniuk az <a href=\"https:\/\/us-gc.net\/hu\/green-card-lotto-urlap\/\">online jelentkez\u00e9si<\/a> lapot. A jogosults\u00e1gi felt\u00e9telek k\u00f6z\u00e9 tartozik a k\u00f6z\u00e9piskolai v\u00e9gzetts\u00e9g vagy azzal egyen\u00e9rt\u00e9k\u0171 v\u00e9gzetts\u00e9g, illetve az elm\u00falt \u00f6t \u00e9vben szerzett k\u00e9t\u00e9ves szakmai tapasztalat egy olyan ter\u00fcleten, amely legal\u00e1bb k\u00e9t\u00e9ves k\u00e9pz\u00e9st vagy tapasztalatot ig\u00e9nyel.<\/p>\n\n<h2 class=\"wp-block-heading\" id=\"h-qui-peut-en-beneficier\">Kinek lehet haszn\u00e1ra?<\/h2>\n\n<p>Az Egyes\u00fclt \u00c1llamokba alacsony bev\u00e1ndorl\u00e1si ar\u00e1nnyal rendelkez\u0151 orsz\u00e1gok \u00e1llampolg\u00e1rai jogosultak. Az Egyes\u00fclt \u00c1llamok K\u00fcl\u00fcgyminiszt\u00e9riuma minden \u00e9vben k\u00f6zz\u00e9teszi azon orsz\u00e1gok list\u00e1j\u00e1t, <a href=\"https:\/\/us-gc.net\/hu\/nem-resztvevo-orszag-lotto-green-card\/\">amelyek \u00e1llampolg\u00e1rai nem jogosultak a r\u00e9szv\u00e9telre<\/a>. Az Egyes\u00fclt \u00c1llamokba nagy ar\u00e1nyban bev\u00e1ndorl\u00f3 orsz\u00e1gokb\u00f3l sz\u00e1rmaz\u00f3 szem\u00e9lyek nem tartoznak ide. Statisztik\u00e1inkat a k\u00fcl\u00f6n erre a c\u00e9lra l\u00e9trehozott oldalainkon tekintheti meg:<\/p>\n\n<ul class=\"wp-block-list\">\n<li><a href=\"https:\/\/us-gc.net\/hu\/lotto-green-card-europa\/\">Z\u00f6ld k\u00e1rtya eur\u00f3pai polg\u00e1rok sz\u00e1m\u00e1ra<\/a><\/li>\n\n\n\n<li><a href=\"https:\/\/us-gc.net\/hu\/lotto-green-card-reszvetel-orszagok-afrikai\/\">Z\u00f6ld k\u00e1rtya afrikai \u00e1llampolg\u00e1rok sz\u00e1m\u00e1ra<\/a><\/li>\n\n\n\n<li><a href=\"https:\/\/us-gc.net\/hu\/lotto-zold-kartya-reszvetel-orszagok-azsia\/\">Z\u00f6ld k\u00e1rtya \u00e1zsiai \u00e1llampolg\u00e1rok sz\u00e1m\u00e1ra<\/a><\/li>\n<\/ul>\n\n<div style=\"height:10px\" aria-hidden=\"true\" class=\"wp-block-spacer\"><\/div>\n\n<h2 class=\"wp-block-heading\" id=\"h-qu-apporte-le-programme\">Mit k\u00edn\u00e1l a program?<\/h2>\n\n<p>A soksz\u00edn\u0171s\u00e9gi v\u00edzumprogram egyed\u00fcl\u00e1ll\u00f3 lehet\u0151s\u00e9get k\u00edn\u00e1l az Egyes\u00fclt \u00c1llamokban val\u00f3 \u00e1lland\u00f3 tart\u00f3zkod\u00e1sra, amely megnyitja az utat a munkav\u00e1llal\u00e1s, az oktat\u00e1s \u00e9s a lehet\u0151s\u00e9g el\u0151tt, hogy \u00f6t \u00e9v eltelt\u00e9vel amerikai \u00e1llampolg\u00e1rr\u00e1 v\u00e1ljon. A kedvezm\u00e9nyezettek sz\u00e1m\u00e1ra ez egy lehet\u0151s\u00e9g arra, hogy megtapasztalj\u00e1k az amerikai \u00e1lmot, \u00e9s hozz\u00e1j\u00e1ruljanak az Egyes\u00fclt \u00c1llamok kultur\u00e1lis soksz\u00edn\u0171s\u00e9g\u00e9hez.<\/p>\n\n<h2 class=\"wp-block-heading\" id=\"h-qu-est-ce-que-la-loterie-du-dv\">Mi az a DV lott\u00f3?<\/h2>\n\n<p>A DV <a href=\"https:\/\/us-gc.net\/hu\/lotto-green-card\/\">Green Card sorsol\u00e1s<\/a> a soksz\u00edn\u0171s\u00e9gi v\u00edzumprogram k\u00f6zponti kiv\u00e1laszt\u00e1si folyamata. A regisztr\u00e1ci\u00f3 minden \u00e9v utols\u00f3 negyed\u00e9v\u00e9ben <a href=\"https:\/\/us-gc.net\/hu\/green-card-lotto-urlap\/\">online \u0171rlapon<\/a> t\u00f6rt\u00e9nik. A <a href=\"https:\/\/us-gc.net\/hu\/lotto-eredmenyek-green-card\/\">sorsol\u00e1s eredm\u00e9nyeit<\/a> 6 h\u00f3nappal k\u00e9s\u0151bb teszik k\u00f6zz\u00e9. A nyerteseket v\u00e9letlenszer\u0171en v\u00e1lasztj\u00e1k ki a jogosult r\u00e9sztvev\u0151k k\u00f6z\u00fcl. Ez a folyamat biztos\u00edtja, hogy minden r\u00e9sztvev\u0151nek egyenl\u0151 es\u00e9lye legyen a gy\u0151zelemre, f\u00fcggetlen\u00fcl t\u00e1rsadalmi, gazdas\u00e1gi vagy iskol\u00e1zotts\u00e1gi helyzet\u00e9t\u0151l.<\/p>\n\n<p><\/p>\n","protected":false},"excerpt":{"rendered":"<p>A soksz\u00edn\u0171s\u00e9gi v\u00edzumprogram az Egyes\u00fclt \u00c1llamokban Mi az a soksz\u00edn\u0171s\u00e9gi v\u00edzumprogram? A soksz\u00edn\u0171s\u00e9gi v\u00edzumprogram az Egyes\u00fclt \u00c1llamok korm\u00e1ny\u00e1nak kezdem\u00e9nyez\u00e9se, amelynek c\u00e9lja az amerikai bev\u00e1ndorl\u00f3 n\u00e9pess\u00e9g diverzifik\u00e1l\u00e1sa. \u00c9vente t\u00f6bb mint 50 000 v\u00edzumot adnak ki az Egyes\u00fclt \u00c1llamokba ir\u00e1nyul\u00f3 alacsony bev\u00e1ndorl\u00e1si r\u00e1t\u00e1val rendelkez\u0151 orsz\u00e1gokb\u00f3l sz\u00e1rmaz\u00f3 szem\u00e9lyek sz\u00e1m\u00e1ra. A DV-programot Green Card-sorsol\u00e1sk\u00e9nt ismerik. Hogyan m\u0171k\u00f6dik? A soksz\u00edn\u0171s\u00e9gi [&hellip;]<\/p>\n","protected":false},"author":1,"featured_media":0,"parent":0,"menu_order":0,"comment_status":"closed","ping_status":"closed","template":"","meta":{"footnotes":""},"class_list":["post-4689","page","type-page","status-publish","hentry"],"yoast_head":"<!-- This site is optimized with the Yoast SEO plugin v27.4 - https:\/\/yoast.com\/product\/yoast-seo-wordpress\/ -->\n<title>Az amerikai soksz\u00edn\u0171s\u00e9gi v\u00edzumprogram - USA GC<\/title>\n<meta name=\"robots\" content=\"index, follow, max-snippet:-1, max-image-preview:large, max-video-preview:-1\" \/>\n<link rel=\"canonical\" href=\"https:\/\/us-gc.net\/hu\/sokszinusegi-vizumprogram\/\" \/>\n<meta property=\"og:locale\" content=\"hu_HU\" \/>\n<meta property=\"og:type\" content=\"article\" \/>\n<meta property=\"og:title\" content=\"Az amerikai soksz\u00edn\u0171s\u00e9gi v\u00edzumprogram - USA GC\" \/>\n<meta property=\"og:description\" content=\"A soksz\u00edn\u0171s\u00e9gi v\u00edzumprogram az Egyes\u00fclt \u00c1llamokban Mi az a soksz\u00edn\u0171s\u00e9gi v\u00edzumprogram? A soksz\u00edn\u0171s\u00e9gi v\u00edzumprogram az Egyes\u00fclt \u00c1llamok korm\u00e1ny\u00e1nak kezdem\u00e9nyez\u00e9se, amelynek c\u00e9lja az amerikai bev\u00e1ndorl\u00f3 n\u00e9pess\u00e9g diverzifik\u00e1l\u00e1sa. \u00c9vente t\u00f6bb mint 50 000 v\u00edzumot adnak ki az Egyes\u00fclt \u00c1llamokba ir\u00e1nyul\u00f3 alacsony bev\u00e1ndorl\u00e1si r\u00e1t\u00e1val rendelkez\u0151 orsz\u00e1gokb\u00f3l sz\u00e1rmaz\u00f3 szem\u00e9lyek sz\u00e1m\u00e1ra. A DV-programot Green Card-sorsol\u00e1sk\u00e9nt ismerik. Hogyan m\u0171k\u00f6dik? A soksz\u00edn\u0171s\u00e9gi [&hellip;]\" \/>\n<meta property=\"og:url\" content=\"https:\/\/us-gc.net\/hu\/sokszinusegi-vizumprogram\/\" \/>\n<meta property=\"og:site_name\" content=\"USA GC\" \/>\n<meta property=\"article:modified_time\" content=\"2024-12-30T09:40:50+00:00\" \/>\n<meta name=\"twitter:card\" content=\"summary_large_image\" \/>\n<meta name=\"twitter:label1\" content=\"Becs\u00fclt olvas\u00e1si id\u0151\" \/>\n\t<meta name=\"twitter:data1\" content=\"2 perc\" \/>\n<script type=\"application\/ld+json\" class=\"yoast-schema-graph\">{\"@context\":\"https:\\\/\\\/schema.org\",\"@graph\":[{\"@type\":\"WebPage\",\"@id\":\"https:\\\/\\\/us-gc.net\\\/hu\\\/sokszinusegi-vizumprogram\\\/\",\"url\":\"https:\\\/\\\/us-gc.net\\\/hu\\\/sokszinusegi-vizumprogram\\\/\",\"name\":\"Az amerikai soksz\u00edn\u0171s\u00e9gi v\u00edzumprogram - USA GC\",\"isPartOf\":{\"@id\":\"https:\\\/\\\/us-gc.net\\\/hu\\\/#website\"},\"datePublished\":\"2024-02-13T09:26:58+00:00\",\"dateModified\":\"2024-12-30T09:40:50+00:00\",\"breadcrumb\":{\"@id\":\"https:\\\/\\\/us-gc.net\\\/hu\\\/sokszinusegi-vizumprogram\\\/#breadcrumb\"},\"inLanguage\":\"hu\",\"potentialAction\":[{\"@type\":\"ReadAction\",\"target\":[\"https:\\\/\\\/us-gc.net\\\/hu\\\/sokszinusegi-vizumprogram\\\/\"]}]},{\"@type\":\"BreadcrumbList\",\"@id\":\"https:\\\/\\\/us-gc.net\\\/hu\\\/sokszinusegi-vizumprogram\\\/#breadcrumb\",\"itemListElement\":[{\"@type\":\"ListItem\",\"position\":1,\"name\":\"Accueil\",\"item\":\"https:\\\/\\\/us-gc.net\\\/hu\\\/green-card\\\/\"},{\"@type\":\"ListItem\",\"position\":2,\"name\":\"Az amerikai soksz\u00edn\u0171s\u00e9gi v\u00edzumprogram\"}]},{\"@type\":\"WebSite\",\"@id\":\"https:\\\/\\\/us-gc.net\\\/hu\\\/#website\",\"url\":\"https:\\\/\\\/us-gc.net\\\/hu\\\/\",\"name\":\"USA GC\",\"description\":\"\",\"potentialAction\":[{\"@type\":\"SearchAction\",\"target\":{\"@type\":\"EntryPoint\",\"urlTemplate\":\"https:\\\/\\\/us-gc.net\\\/hu\\\/?s={search_term_string}\"},\"query-input\":{\"@type\":\"PropertyValueSpecification\",\"valueRequired\":true,\"valueName\":\"search_term_string\"}}],\"inLanguage\":\"hu\"}]}<\/script>\n<!-- \/ Yoast SEO plugin. -->","yoast_head_json":{"title":"Az amerikai soksz\u00edn\u0171s\u00e9gi v\u00edzumprogram - USA GC","robots":{"index":"index","follow":"follow","max-snippet":"max-snippet:-1","max-image-preview":"max-image-preview:large","max-video-preview":"max-video-preview:-1"},"canonical":"https:\/\/us-gc.net\/hu\/sokszinusegi-vizumprogram\/","og_locale":"hu_HU","og_type":"article","og_title":"Az amerikai soksz\u00edn\u0171s\u00e9gi v\u00edzumprogram - USA GC","og_description":"A soksz\u00edn\u0171s\u00e9gi v\u00edzumprogram az Egyes\u00fclt \u00c1llamokban Mi az a soksz\u00edn\u0171s\u00e9gi v\u00edzumprogram? A soksz\u00edn\u0171s\u00e9gi v\u00edzumprogram az Egyes\u00fclt \u00c1llamok korm\u00e1ny\u00e1nak kezdem\u00e9nyez\u00e9se, amelynek c\u00e9lja az amerikai bev\u00e1ndorl\u00f3 n\u00e9pess\u00e9g diverzifik\u00e1l\u00e1sa. \u00c9vente t\u00f6bb mint 50 000 v\u00edzumot adnak ki az Egyes\u00fclt \u00c1llamokba ir\u00e1nyul\u00f3 alacsony bev\u00e1ndorl\u00e1si r\u00e1t\u00e1val rendelkez\u0151 orsz\u00e1gokb\u00f3l sz\u00e1rmaz\u00f3 szem\u00e9lyek sz\u00e1m\u00e1ra. A DV-programot Green Card-sorsol\u00e1sk\u00e9nt ismerik. Hogyan m\u0171k\u00f6dik? A soksz\u00edn\u0171s\u00e9gi [&hellip;]","og_url":"https:\/\/us-gc.net\/hu\/sokszinusegi-vizumprogram\/","og_site_name":"USA GC","article_modified_time":"2024-12-30T09:40:50+00:00","twitter_card":"summary_large_image","twitter_misc":{"Becs\u00fclt olvas\u00e1si id\u0151":"2 perc"},"schema":{"@context":"https:\/\/schema.org","@graph":[{"@type":"WebPage","@id":"https:\/\/us-gc.net\/hu\/sokszinusegi-vizumprogram\/","url":"https:\/\/us-gc.net\/hu\/sokszinusegi-vizumprogram\/","name":"Az amerikai soksz\u00edn\u0171s\u00e9gi v\u00edzumprogram - USA GC","isPartOf":{"@id":"https:\/\/us-gc.net\/hu\/#website"},"datePublished":"2024-02-13T09:26:58+00:00","dateModified":"2024-12-30T09:40:50+00:00","breadcrumb":{"@id":"https:\/\/us-gc.net\/hu\/sokszinusegi-vizumprogram\/#breadcrumb"},"inLanguage":"hu","potentialAction":[{"@type":"ReadAction","target":["https:\/\/us-gc.net\/hu\/sokszinusegi-vizumprogram\/"]}]},{"@type":"BreadcrumbList","@id":"https:\/\/us-gc.net\/hu\/sokszinusegi-vizumprogram\/#breadcrumb","itemListElement":[{"@type":"ListItem","position":1,"name":"Accueil","item":"https:\/\/us-gc.net\/hu\/green-card\/"},{"@type":"ListItem","position":2,"name":"Az amerikai soksz\u00edn\u0171s\u00e9gi v\u00edzumprogram"}]},{"@type":"WebSite","@id":"https:\/\/us-gc.net\/hu\/#website","url":"https:\/\/us-gc.net\/hu\/","name":"USA GC","description":"","potentialAction":[{"@type":"SearchAction","target":{"@type":"EntryPoint","urlTemplate":"https:\/\/us-gc.net\/hu\/?s={search_term_string}"},"query-input":{"@type":"PropertyValueSpecification","valueRequired":true,"valueName":"search_term_string"}}],"inLanguage":"hu"}]}},"_links":{"self":[{"href":"https:\/\/us-gc.net\/hu\/wp-json\/wp\/v2\/pages\/4689","targetHints":{"allow":["GET"]}}],"collection":[{"href":"https:\/\/us-gc.net\/hu\/wp-json\/wp\/v2\/pages"}],"about":[{"href":"https:\/\/us-gc.net\/hu\/wp-json\/wp\/v2\/types\/page"}],"author":[{"embeddable":true,"href":"https:\/\/us-gc.net\/hu\/wp-json\/wp\/v2\/users\/1"}],"replies":[{"embeddable":true,"href":"https:\/\/us-gc.net\/hu\/wp-json\/wp\/v2\/comments?post=4689"}],"version-history":[{"count":1,"href":"https:\/\/us-gc.net\/hu\/wp-json\/wp\/v2\/pages\/4689\/revisions"}],"predecessor-version":[{"id":7722,"href":"https:\/\/us-gc.net\/hu\/wp-json\/wp\/v2\/pages\/4689\/revisions\/7722"}],"wp:attachment":[{"href":"https:\/\/us-gc.net\/hu\/wp-json\/wp\/v2\/media?parent=4689"}],"curies":[{"name":"wp","href":"https:\/\/api.w.org\/{rel}","templated":true}]}}