{"id":4686,"date":"2024-01-30T17:24:00","date_gmt":"2024-01-30T17:24:00","guid":{"rendered":"https:\/\/green-card-usa.net\/green-card\/"},"modified":"2024-12-30T09:40:07","modified_gmt":"2024-12-30T09:40:07","slug":"green-card","status":"publish","type":"page","link":"https:\/\/us-gc.net\/hu\/","title":{"rendered":"Z\u00f6ld k\u00e1rtya USA | \u00c1lland\u00f3 tart\u00f3zkod\u00e1si k\u00e1rtya"},"content":{"rendered":"\n<h1 class=\"wp-block-heading\" id=\"h-la-green-card-pour-resider-aux-etats-unis\">A z\u00f6ld k\u00e1rtya az Egyes\u00fclt \u00c1llamokban val\u00f3 tart\u00f3zkod\u00e1shoz<\/h1>\n\n<p>Az Amerikai Egyes\u00fclt \u00c1llamok a vil\u00e1g legkeresettebb orsz\u00e1ga a bev\u00e1ndorolni k\u00edv\u00e1n\u00f3 k\u00fclf\u00f6ldi \u00e1llampolg\u00e1rok sz\u00e1m\u00e1ra. A z\u00f6ld k\u00e1rtya sok k\u00fclf\u00f6ldi sz\u00e1m\u00e1ra lehet\u0151s\u00e9get jelent arra, hogy jogot szerezzenek arra, hogy az Egyes\u00fclt \u00c1llamokban \u00e9lhessenek \u00e9s dolgozhassanak.<\/p>\n\n<h2 class=\"wp-block-heading\" id=\"h-qu-est-ce-que-la-green-card\">Mi az a z\u00f6ld k\u00e1rtya?<\/h2>\n\n<p>A z\u00f6ld k\u00e1rtya az Egyes\u00fclt \u00c1llamokban val\u00f3 \u00e1lland\u00f3 tart\u00f3zkod\u00e1sra jogos\u00edt\u00f3 k\u00e1rtya. Ez lehet\u0151v\u00e9 teszi k\u00fclf\u00f6ldi \u00e1llampolg\u00e1rok sz\u00e1m\u00e1ra, hogy tart\u00f3san az Egyes\u00fclt \u00c1llamokban \u00e9ljenek \u00e9s dolgozzanak. A z\u00f6ld k\u00e1rtya megszerz\u00e9s\u00e9nek felt\u00e9telei a k\u00e9relem ok\u00e1t\u00f3l f\u00fcggnek.<\/p>\n\n<h2 class=\"wp-block-heading\" id=\"h-quelle-est-son-utilite\">Mi a c\u00e9lja?<\/h2>\n\n<p>A z\u00f6ld k\u00e1rtya hasznoss\u00e1ga abban rejlik, hogy hozz\u00e1f\u00e9r\u00e9st biztos\u00edt az Egyes\u00fclt \u00c1llamokhoz \u00e9s annak hatalmas munkaer\u0151piac\u00e1hoz. \u00c9vente t\u00f6bb sz\u00e1zezer k\u00e9relmez\u0151 rem\u00e9li, hogy z\u00f6ldk\u00e1rty\u00e1t kaphat, hogy az Egyes\u00fclt \u00c1llamokba j\u00f6hessen \u00e9s ott dolgozhasson.<\/p>\n\n<h2 class=\"wp-block-heading\" id=\"h-comment-obtenir-une-green-card\">Hogyan kaphatok z\u00f6ldk\u00e1rty\u00e1t?<\/h2>\n\n<p>A z\u00f6ldk\u00e1rtya megszerz\u00e9s\u00e9nek t\u00f6bb m\u00f3dja van. A k\u00e1rtya megszerz\u00e9s\u00e9nek elj\u00e1r\u00e1sa att\u00f3l f\u00fcgg, hogy a k\u00e9relmez\u0151 milyen okb\u00f3l k\u00e9r amerikai tart\u00f3zkod\u00e1si enged\u00e9lyt. \u00cdme a z\u00f6ld k\u00e1rtya megszerz\u00e9s\u00e9nek n\u00e9gy f\u0151 oka:<\/p>\n\n<ul class=\"wp-block-list\">\n<li>A <a href=\"https:\/\/us-gc.net\/hu\/green-card-munkaviszony-alapjan\/\">munkav\u00e1llal\u00e1son alapul\u00f3 Green Card<\/a><\/li>\n\n\n\n<li>A <a href=\"https:\/\/us-gc.net\/hu\/hazassag-utjan-szerzett-green-card\/\">Green Card h\u00e1zass\u00e1g r\u00e9v\u00e9n<\/a><\/li>\n\n\n\n<li>Green Card csal\u00e1dtag vagy v\u00e1llalat <a href=\"https:\/\/us-gc.net\/hu\/green-card-tamogatas\/\">szponzor\u00e1l\u00e1s\u00e1val <\/a><\/li>\n\n\n\n<li>R\u00e9szv\u00e9tel a <a href=\"https:\/\/us-gc.net\/hu\/lotto-green-card\/\">Green Card-sorsol\u00e1son<\/a><\/li>\n<\/ul>\n\n<div style=\"height:10px\" aria-hidden=\"true\" class=\"wp-block-spacer\"><\/div>\n\n<p>Az egyes elj\u00e1r\u00e1sok a z\u00f6ldk\u00e1rtya megszerz\u00e9s\u00e9hez sz\u00fcks\u00e9ges dokument\u00e1ci\u00f3 \u00e9s felt\u00e9telek tekintet\u00e9ben k\u00fcl\u00f6nb\u00f6znek egym\u00e1st\u00f3l.  <\/p>\n\n<h2 class=\"wp-block-heading\" id=\"h-quand-effectuer-la-demande-d-une-green-card\">Mikor kell z\u00f6ldk\u00e1rty\u00e1t k\u00e9rv\u00e9nyeznem?<\/h2>\n\n<p>A k\u00e9rt z\u00f6ldk\u00e1rtya t\u00edpus\u00e1t\u00f3l f\u00fcgg\u0151en k\u00e9t k\u00fcl\u00f6nb\u00f6z\u0151 helyzet \u00e1ll fenn.  <\/p>\n\n<ol class=\"wp-block-list\">\n<li>Minden z\u00f6ldk\u00e1rtya-k\u00e9relem, ak\u00e1r munkaviszonyon, szponzor\u00e1l\u00e1son vagy h\u00e1zass\u00e1gon alapul, az \u00e9v b\u00e1rmely szak\u00e1ban beny\u00fajthat\u00f3. Amint a k\u00e9relem elk\u00e9sz\u00fclt, az akt\u00e1t fel\u00fclvizsg\u00e1lj\u00e1k.<\/li>\n\n\n\n<li>Az <a href=\"https:\/\/us-gc.net\/hu\/amerikai-lotto-zold-kartya\/\">amerikai z\u00f6ldk\u00e1rtya-sorsol\u00e1sra<\/a> \u00e9vente csak egyszer ker\u00fcl sor. A 2024 v\u00e9g\u00e9n sorra ker\u00fcl\u0151 sorsol\u00e1s a <a href=\"https:\/\/us-gc.net\/hu\/lotto-green-card-2026\/\">2026-os Green Card-sorsol\u00e1s<\/a> kioszt\u00e1s\u00e1ra vonatkozik. A sorsol\u00e1sra val\u00f3 regisztr\u00e1ci\u00f3t minden \u00e9vben november els\u0151 het\u00e9ig kell befejezni. 2024-ben az USCIS v\u00e9gleges\u00edti a <a href=\"https:\/\/us-gc.net\/hu\/green-card-lotto-2024\/\">2024-es Green Card-sorsol\u00e1si<\/a> kamp\u00e1ny sor\u00e1n nyert z\u00f6ldk\u00e1rty\u00e1k oda\u00edt\u00e9l\u00e9s\u00e9nek folyamat\u00e1t. A Bizotts\u00e1g folytatja a <a href=\"https:\/\/us-gc.net\/hu\/lotto-green-card-2025\/\">2025-\u00f6s Green Card<\/a> sorsol\u00e1s eredm\u00e9nyeinek feldolgoz\u00e1s\u00e1t is.<\/li>\n<\/ol>\n\n<div style=\"height:10px\" aria-hidden=\"true\" class=\"wp-block-spacer\"><\/div>\n\n<p>A z\u00f6ldk\u00e1rtya megszerz\u00e9s\u00e9nek folyamata minden esetben mag\u00e1ban foglalja a <a href=\"https:\/\/us-gc.net\/hu\/interju-green-card\/\">Green Card-interj\u00fat<\/a> az USCIS tisztvisel\u0151j\u00e9vel. A k\u00e9relmez\u0151knek a tal\u00e1lkoz\u00f3ra magukkal kell hozniuk a z\u00f6ldk\u00e1rtya ir\u00e1nti k\u00e9relm\u00fcket al\u00e1t\u00e1maszt\u00f3 eredeti dokumentumokat.<\/p>\n\n<h2 class=\"wp-block-heading\" id=\"h-comment-renouveler-une-green-card\">Hogyan \u00faj\u00edthatom meg a z\u00f6ldk\u00e1rty\u00e1mat?<\/h2>\n\n<p>A z\u00f6ld k\u00e1rtya meg\u00faj\u00edt\u00e1s\u00e1hoz az I-90-es nyomtatv\u00e1nyt kell beny\u00fajtani az USCIS-hez a jelenlegi k\u00e1rtya lej\u00e1rta el\u0151tt, \u00e1ltal\u00e1ban 10 \u00e9vente.<\/p>\n\n<h2 class=\"wp-block-heading\" id=\"h-a-quoi-ressemble-une-green-card\">Hogyan n\u00e9z ki egy z\u00f6ld k\u00e1rtya?<\/h2>\n\n<p>Ahogy a neve is mutatja, a z\u00f6ld k\u00e1rtya egy z\u00f6ld k\u00e1rtya. \u00dagy n\u00e9z ki, mint egy szem\u00e9lyazonos\u00edt\u00f3 igazolv\u00e1ny a tulajdonos f\u00e9nyk\u00e9p\u00e9vel. A <a href=\"https:\/\/us-gc.net\/hu\/green-card-fenykep\/\">z\u00f6ldk\u00e1rtya<\/a> ezen <a href=\"https:\/\/us-gc.net\/hu\/green-card-fenykep\/\">fot\u00f3ja<\/a> k\u00fcl\u00f6nleges m\u00e9retekkel rendelkezik, amint az az al\u00e1bbi k\u00e9pen l\u00e1that\u00f3. A z\u00f6ldk\u00e1rtya ki\u00e1ll\u00edt\u00e1sakor 6 h\u00f3napn\u00e1l nem lehet r\u00e9gebbi.<\/p>\n\n<figure class=\"wp-block-image size-full\"><img decoding=\"async\" src=\"https:\/\/us-gc.net\/wp-content\/uploads\/2024\/05\/Green-card-2024-1.jpg\" alt=\"a 2024-ben &#xE9;rv&#xE9;nyes z&#xF6;ld k&#xE1;rtya k&#xE9;pe\" class=\"wp-image-4848\"\/><figcaption class=\"wp-element-caption\">A z\u00f6ld k\u00e1rtya k\u00e9pe az Egyes\u00fclt \u00c1llamokban<\/figcaption><\/figure>\n\n<h2 class=\"wp-block-heading\" id=\"h-combien-coute-une-green-card\">Mennyibe ker\u00fcl a z\u00f6ld k\u00e1rtya?<\/h2>\n\n<p>A z\u00f6ldk\u00e1rtya megszerz\u00e9s\u00e9re ir\u00e1nyul\u00f3 elj\u00e1r\u00e1s mag\u00e1ban foglalja a k\u00f6telez\u0151 igazgat\u00e1si d\u00edjak megfizet\u00e9s\u00e9t. <a href=\"https:\/\/us-gc.net\/hu\/green-card-dij\/\">A Green Card d\u00edjai<\/a> a k\u00e9rt z\u00f6ldk\u00e1rtya t\u00edpus\u00e1t\u00f3l f\u00fcgg\u0151en v\u00e1ltoznak.<\/p>\n\n<h2 class=\"wp-block-heading\" id=\"h-peut-on-voyager-avec-une-green-card\">Utazhatok z\u00f6ldk\u00e1rty\u00e1val?<\/h2>\n\n<p>A z\u00f6ldk\u00e1rtya birtokosai ugyanolyan k\u00f6nny\u00edt\u00e9sekkel utazhatnak a vil\u00e1g bizonyos orsz\u00e1gaiba, mint az amerikai \u00fatlev\u00e9llel rendelkez\u0151k. A <a href=\"https:\/\/us-gc.net\/hu\/kulfoldre-utazni-green-card\/\">z\u00f6ldk\u00e1rty\u00e1val val\u00f3 utaz\u00e1s<\/a> lehet\u0151s\u00e9ge csak bizonyos, az Egyes\u00fclt \u00c1llamokkal k\u00fcl\u00f6n meg\u00e1llapod\u00e1st k\u00f6t\u00f6tt orsz\u00e1gokra vonatkozik. A f\u0151 partnerorsz\u00e1gok f\u00f6ldrajzi szomsz\u00e9dok, p\u00e9ld\u00e1ul Kanada \u00e9s Mexik\u00f3.<\/p>\n","protected":false},"excerpt":{"rendered":"<p>A z\u00f6ld k\u00e1rtya az Egyes\u00fclt \u00c1llamokban val\u00f3 tart\u00f3zkod\u00e1shoz Az Amerikai Egyes\u00fclt \u00c1llamok a vil\u00e1g legkeresettebb orsz\u00e1ga a bev\u00e1ndorolni k\u00edv\u00e1n\u00f3 k\u00fclf\u00f6ldi \u00e1llampolg\u00e1rok sz\u00e1m\u00e1ra. A z\u00f6ld k\u00e1rtya sok k\u00fclf\u00f6ldi sz\u00e1m\u00e1ra lehet\u0151s\u00e9get jelent arra, hogy jogot szerezzenek arra, hogy az Egyes\u00fclt \u00c1llamokban \u00e9lhessenek \u00e9s dolgozhassanak. Mi az a z\u00f6ld k\u00e1rtya? A z\u00f6ld k\u00e1rtya az Egyes\u00fclt \u00c1llamokban val\u00f3 \u00e1lland\u00f3 [&hellip;]<\/p>\n","protected":false},"author":1,"featured_media":0,"parent":0,"menu_order":0,"comment_status":"closed","ping_status":"closed","template":"","meta":{"footnotes":""},"class_list":["post-4686","page","type-page","status-publish","hentry"],"yoast_head":"<!-- This site is optimized with the Yoast SEO plugin v27.4 - https:\/\/yoast.com\/product\/yoast-seo-wordpress\/ -->\n<title>Z\u00f6ld k\u00e1rtya USA | \u00c1lland\u00f3 tart\u00f3zkod\u00e1si k\u00e1rtya - USA GC<\/title>\n<meta name=\"description\" content=\"A z\u00f6ld k\u00e1rtya az Egyes\u00fclt \u00c1llamok \u00e1lland\u00f3 lakosainak k\u00e1rty\u00e1ja. Az Egyes\u00fclt \u00c1llamokban val\u00f3 tart\u00f3zkod\u00e1sra \u00e9s munkav\u00e1llal\u00e1sra vonatkoz\u00f3 tart\u00f3zkod\u00e1si enged\u00e9lyt t\u00f6bbf\u00e9lek\u00e9ppen lehet megszerezni.\" \/>\n<meta name=\"robots\" content=\"index, follow, max-snippet:-1, max-image-preview:large, max-video-preview:-1\" \/>\n<link rel=\"canonical\" href=\"https:\/\/us-gc.net\/hu\/\" \/>\n<meta property=\"og:locale\" content=\"hu_HU\" \/>\n<meta property=\"og:type\" content=\"article\" \/>\n<meta property=\"og:title\" content=\"Z\u00f6ld k\u00e1rtya USA | \u00c1lland\u00f3 tart\u00f3zkod\u00e1si k\u00e1rtya - USA GC\" \/>\n<meta property=\"og:description\" content=\"A z\u00f6ld k\u00e1rtya az Egyes\u00fclt \u00c1llamok \u00e1lland\u00f3 lakosainak k\u00e1rty\u00e1ja. Az Egyes\u00fclt \u00c1llamokban val\u00f3 tart\u00f3zkod\u00e1sra \u00e9s munkav\u00e1llal\u00e1sra vonatkoz\u00f3 tart\u00f3zkod\u00e1si enged\u00e9lyt t\u00f6bbf\u00e9lek\u00e9ppen lehet megszerezni.\" \/>\n<meta property=\"og:url\" content=\"https:\/\/us-gc.net\/hu\/\" \/>\n<meta property=\"og:site_name\" content=\"USA GC\" \/>\n<meta property=\"article:modified_time\" content=\"2024-12-30T09:40:07+00:00\" \/>\n<meta property=\"og:image\" content=\"https:\/\/us-gc.net\/wp-content\/uploads\/2024\/05\/Green-card-2024-1.jpg\" \/>\n<meta name=\"twitter:card\" content=\"summary_large_image\" \/>\n<meta name=\"twitter:label1\" content=\"Becs\u00fclt olvas\u00e1si id\u0151\" \/>\n\t<meta name=\"twitter:data1\" content=\"4 perc\" \/>\n<script type=\"application\/ld+json\" class=\"yoast-schema-graph\">{\"@context\":\"https:\\\/\\\/schema.org\",\"@graph\":[{\"@type\":\"WebPage\",\"@id\":\"https:\\\/\\\/us-gc.net\\\/hu\\\/\",\"url\":\"https:\\\/\\\/us-gc.net\\\/hu\\\/\",\"name\":\"Z\u00f6ld k\u00e1rtya USA | \u00c1lland\u00f3 tart\u00f3zkod\u00e1si k\u00e1rtya - USA GC\",\"isPartOf\":{\"@id\":\"https:\\\/\\\/us-gc.net\\\/hu\\\/#website\"},\"primaryImageOfPage\":{\"@id\":\"https:\\\/\\\/us-gc.net\\\/hu\\\/#primaryimage\"},\"image\":{\"@id\":\"https:\\\/\\\/us-gc.net\\\/hu\\\/#primaryimage\"},\"thumbnailUrl\":\"https:\\\/\\\/us-gc.net\\\/wp-content\\\/uploads\\\/2024\\\/05\\\/Green-card-2024-1.jpg\",\"datePublished\":\"2024-01-30T17:24:00+00:00\",\"dateModified\":\"2024-12-30T09:40:07+00:00\",\"description\":\"A z\u00f6ld k\u00e1rtya az Egyes\u00fclt \u00c1llamok \u00e1lland\u00f3 lakosainak k\u00e1rty\u00e1ja. Az Egyes\u00fclt \u00c1llamokban val\u00f3 tart\u00f3zkod\u00e1sra \u00e9s munkav\u00e1llal\u00e1sra vonatkoz\u00f3 tart\u00f3zkod\u00e1si enged\u00e9lyt t\u00f6bbf\u00e9lek\u00e9ppen lehet megszerezni.\",\"breadcrumb\":{\"@id\":\"https:\\\/\\\/us-gc.net\\\/hu\\\/#breadcrumb\"},\"inLanguage\":\"hu\",\"potentialAction\":[{\"@type\":\"ReadAction\",\"target\":[\"https:\\\/\\\/us-gc.net\\\/hu\\\/\"]}]},{\"@type\":\"ImageObject\",\"inLanguage\":\"hu\",\"@id\":\"https:\\\/\\\/us-gc.net\\\/hu\\\/#primaryimage\",\"url\":\"https:\\\/\\\/us-gc.net\\\/wp-content\\\/uploads\\\/2024\\\/05\\\/Green-card-2024-1.jpg\",\"contentUrl\":\"https:\\\/\\\/us-gc.net\\\/wp-content\\\/uploads\\\/2024\\\/05\\\/Green-card-2024-1.jpg\"},{\"@type\":\"BreadcrumbList\",\"@id\":\"https:\\\/\\\/us-gc.net\\\/hu\\\/#breadcrumb\",\"itemListElement\":[{\"@type\":\"ListItem\",\"position\":1,\"name\":\"Accueil\",\"item\":\"https:\\\/\\\/us-gc.net\\\/hu\\\/green-card\\\/\"},{\"@type\":\"ListItem\",\"position\":2,\"name\":\"Z\u00f6ld k\u00e1rtya USA | \u00c1lland\u00f3 tart\u00f3zkod\u00e1si k\u00e1rtya\"}]},{\"@type\":\"WebSite\",\"@id\":\"https:\\\/\\\/us-gc.net\\\/hu\\\/#website\",\"url\":\"https:\\\/\\\/us-gc.net\\\/hu\\\/\",\"name\":\"USA GC\",\"description\":\"\",\"potentialAction\":[{\"@type\":\"SearchAction\",\"target\":{\"@type\":\"EntryPoint\",\"urlTemplate\":\"https:\\\/\\\/us-gc.net\\\/hu\\\/?s={search_term_string}\"},\"query-input\":{\"@type\":\"PropertyValueSpecification\",\"valueRequired\":true,\"valueName\":\"search_term_string\"}}],\"inLanguage\":\"hu\"}]}<\/script>\n<!-- \/ Yoast SEO plugin. -->","yoast_head_json":{"title":"Z\u00f6ld k\u00e1rtya USA | \u00c1lland\u00f3 tart\u00f3zkod\u00e1si k\u00e1rtya - USA GC","description":"A z\u00f6ld k\u00e1rtya az Egyes\u00fclt \u00c1llamok \u00e1lland\u00f3 lakosainak k\u00e1rty\u00e1ja. Az Egyes\u00fclt \u00c1llamokban val\u00f3 tart\u00f3zkod\u00e1sra \u00e9s munkav\u00e1llal\u00e1sra vonatkoz\u00f3 tart\u00f3zkod\u00e1si enged\u00e9lyt t\u00f6bbf\u00e9lek\u00e9ppen lehet megszerezni.","robots":{"index":"index","follow":"follow","max-snippet":"max-snippet:-1","max-image-preview":"max-image-preview:large","max-video-preview":"max-video-preview:-1"},"canonical":"https:\/\/us-gc.net\/hu\/","og_locale":"hu_HU","og_type":"article","og_title":"Z\u00f6ld k\u00e1rtya USA | \u00c1lland\u00f3 tart\u00f3zkod\u00e1si k\u00e1rtya - USA GC","og_description":"A z\u00f6ld k\u00e1rtya az Egyes\u00fclt \u00c1llamok \u00e1lland\u00f3 lakosainak k\u00e1rty\u00e1ja. Az Egyes\u00fclt \u00c1llamokban val\u00f3 tart\u00f3zkod\u00e1sra \u00e9s munkav\u00e1llal\u00e1sra vonatkoz\u00f3 tart\u00f3zkod\u00e1si enged\u00e9lyt t\u00f6bbf\u00e9lek\u00e9ppen lehet megszerezni.","og_url":"https:\/\/us-gc.net\/hu\/","og_site_name":"USA GC","article_modified_time":"2024-12-30T09:40:07+00:00","og_image":[{"url":"https:\/\/us-gc.net\/wp-content\/uploads\/2024\/05\/Green-card-2024-1.jpg","type":"","width":"","height":""}],"twitter_card":"summary_large_image","twitter_misc":{"Becs\u00fclt olvas\u00e1si id\u0151":"4 perc"},"schema":{"@context":"https:\/\/schema.org","@graph":[{"@type":"WebPage","@id":"https:\/\/us-gc.net\/hu\/","url":"https:\/\/us-gc.net\/hu\/","name":"Z\u00f6ld k\u00e1rtya USA | \u00c1lland\u00f3 tart\u00f3zkod\u00e1si k\u00e1rtya - USA GC","isPartOf":{"@id":"https:\/\/us-gc.net\/hu\/#website"},"primaryImageOfPage":{"@id":"https:\/\/us-gc.net\/hu\/#primaryimage"},"image":{"@id":"https:\/\/us-gc.net\/hu\/#primaryimage"},"thumbnailUrl":"https:\/\/us-gc.net\/wp-content\/uploads\/2024\/05\/Green-card-2024-1.jpg","datePublished":"2024-01-30T17:24:00+00:00","dateModified":"2024-12-30T09:40:07+00:00","description":"A z\u00f6ld k\u00e1rtya az Egyes\u00fclt \u00c1llamok \u00e1lland\u00f3 lakosainak k\u00e1rty\u00e1ja. Az Egyes\u00fclt \u00c1llamokban val\u00f3 tart\u00f3zkod\u00e1sra \u00e9s munkav\u00e1llal\u00e1sra vonatkoz\u00f3 tart\u00f3zkod\u00e1si enged\u00e9lyt t\u00f6bbf\u00e9lek\u00e9ppen lehet megszerezni.","breadcrumb":{"@id":"https:\/\/us-gc.net\/hu\/#breadcrumb"},"inLanguage":"hu","potentialAction":[{"@type":"ReadAction","target":["https:\/\/us-gc.net\/hu\/"]}]},{"@type":"ImageObject","inLanguage":"hu","@id":"https:\/\/us-gc.net\/hu\/#primaryimage","url":"https:\/\/us-gc.net\/wp-content\/uploads\/2024\/05\/Green-card-2024-1.jpg","contentUrl":"https:\/\/us-gc.net\/wp-content\/uploads\/2024\/05\/Green-card-2024-1.jpg"},{"@type":"BreadcrumbList","@id":"https:\/\/us-gc.net\/hu\/#breadcrumb","itemListElement":[{"@type":"ListItem","position":1,"name":"Accueil","item":"https:\/\/us-gc.net\/hu\/green-card\/"},{"@type":"ListItem","position":2,"name":"Z\u00f6ld k\u00e1rtya USA | \u00c1lland\u00f3 tart\u00f3zkod\u00e1si k\u00e1rtya"}]},{"@type":"WebSite","@id":"https:\/\/us-gc.net\/hu\/#website","url":"https:\/\/us-gc.net\/hu\/","name":"USA GC","description":"","potentialAction":[{"@type":"SearchAction","target":{"@type":"EntryPoint","urlTemplate":"https:\/\/us-gc.net\/hu\/?s={search_term_string}"},"query-input":{"@type":"PropertyValueSpecification","valueRequired":true,"valueName":"search_term_string"}}],"inLanguage":"hu"}]}},"_links":{"self":[{"href":"https:\/\/us-gc.net\/hu\/wp-json\/wp\/v2\/pages\/4686","targetHints":{"allow":["GET"]}}],"collection":[{"href":"https:\/\/us-gc.net\/hu\/wp-json\/wp\/v2\/pages"}],"about":[{"href":"https:\/\/us-gc.net\/hu\/wp-json\/wp\/v2\/types\/page"}],"author":[{"embeddable":true,"href":"https:\/\/us-gc.net\/hu\/wp-json\/wp\/v2\/users\/1"}],"replies":[{"embeddable":true,"href":"https:\/\/us-gc.net\/hu\/wp-json\/wp\/v2\/comments?post=4686"}],"version-history":[{"count":1,"href":"https:\/\/us-gc.net\/hu\/wp-json\/wp\/v2\/pages\/4686\/revisions"}],"predecessor-version":[{"id":7700,"href":"https:\/\/us-gc.net\/hu\/wp-json\/wp\/v2\/pages\/4686\/revisions\/7700"}],"wp:attachment":[{"href":"https:\/\/us-gc.net\/hu\/wp-json\/wp\/v2\/media?parent=4686"}],"curies":[{"name":"wp","href":"https:\/\/api.w.org\/{rel}","templated":true}]}}