{"id":4682,"date":"2024-01-31T14:45:08","date_gmt":"2024-01-31T14:45:08","guid":{"rendered":"https:\/\/green-card-usa.net\/green-card-fenykep\/"},"modified":"2024-12-30T09:39:52","modified_gmt":"2024-12-30T09:39:52","slug":"green-card-fenykep","status":"publish","type":"page","link":"https:\/\/us-gc.net\/hu\/green-card-fenykep\/","title":{"rendered":"Z\u00f6ldk\u00e1rtya szem\u00e9lyazonos\u00edt\u00f3 f\u00e9nyk\u00e9pre vonatkoz\u00f3 el\u0151\u00edr\u00e1sok"},"content":{"rendered":"\n<h1 class=\"wp-block-heading\" id=\"h-les-specificites-de-la-photo-pour-la-green-card\">A z\u00f6ldk\u00e1rty\u00e1ra vonatkoz\u00f3 f\u00e9nyk\u00e9pes el\u0151\u00edr\u00e1sok<\/h1>\n\n<p>A z\u00f6ldk\u00e1rtya k\u00e9relmez\u00e9sekor a k\u00e9relmez\u0151knek \u00fatlev\u00e9lk\u00e9pet kell beny\u00fajtaniuk. Ennek a fot\u00f3nak a form\u00e1tuma k\u00fcl\u00f6nleges, \u00e9s van n\u00e9h\u00e1ny k\u00f6telez\u0151 szab\u00e1ly, amelyet be kell tartani, ha nem akarjuk, hogy a fot\u00f3t elutas\u00edts\u00e1k.  <\/p>\n\n<h2 class=\"wp-block-heading\" id=\"h-quelles-sont-les-principales-regles-concernant-la-photo\">Melyek a fot\u00f3z\u00e1s f\u0151 szab\u00e1lyai?<\/h2>\n\n<p>A z\u00f6ldk\u00e1rtya-f\u00e9nyk\u00e9pre vonatkoz\u00f3 f\u0151 szab\u00e1lyok a k\u00f6vetkez\u0151k:<\/p>\n\n<ol class=\"wp-block-list\">\n<li>F\u00e9nyk\u00e9p form\u00e1tum<\/li>\n\n\n\n<li>A f\u00e9nyk\u00e9p kora<\/li>\n\n\n\n<li>A fej helyzete a f\u00e9nyk\u00e9pen<\/li>\n\n\n\n<li>A felv\u00e9tel h\u00e1ttere<\/li>\n\n\n\n<li>Mit viselhetek a fot\u00f3n?<\/li>\n<\/ol>\n\n<h3 class=\"wp-block-heading\" id=\"h-1-quel-est-le-format-de-la-photo-pour-la-green-card\">1. Milyen form\u00e1tum\u00fa f\u00e9nyk\u00e9pet kell k\u00e9sz\u00edteni a z\u00f6ldk\u00e1rty\u00e1hoz?<\/h3>\n\n<p>A f\u00e9nyk\u00e9p digit\u00e1lis v\u00e1ltozat\u00e1nak JPEG form\u00e1tum\u00fanak kell lennie. A fot\u00f3 minim\u00e1lis m\u00e9rete legal\u00e1bb 600 pixel x 600 pixel \u00e9s legal\u00e1bb 54 kb kell, hogy legyen.<\/p>\n\n<h3 class=\"wp-block-heading\" id=\"h-2-quelle-peut-etre-l-anciennete-de-la-photo\">2. Milyen r\u00e9gi a f\u00e9nyk\u00e9p?<\/h3>\n\n<p>A z\u00f6ldk\u00e1rtya megszerz\u00e9s\u00e9hez beny\u00fajtott f\u00e9nyk\u00e9p nem lehet 6 h\u00f3napn\u00e1l r\u00e9gebbi. Ez lehet\u0151v\u00e9 teszi az amerikai k\u00fcl\u00fcgyminiszt\u00e9rium sz\u00e1m\u00e1ra, hogy megbizonyosodjon arr\u00f3l, hogy a f\u00e9nyk\u00e9p megfelel a k\u00e9relmez\u0151 arc\u00e1nak. Ez a szab\u00e1ly elengedhetetlen \u00e9s nagyon komolyan kell venni. A f\u00e9nyk\u00e9pet a <a href=\"https:\/\/us-gc.net\/hu\/interju-green-card\/\">z\u00f6ldk\u00e1rty\u00e1val kapcsolatos v\u00e9gs\u0151 interj\u00fan<\/a> v\u00e9gleges\u00edtik.<\/p>\n\n<h3 class=\"wp-block-heading\" id=\"h-3-quelle-doit-etre-la-position-de-la-tete-sur-la-photo\">3. Milyen helyzetben legyen a fej a k\u00e9pen?<\/h3>\n\n<p>A jel\u00f6ltnek semleges arckifejez\u00e9ssel kell rendelkeznie, \u00e9s nem szabad mosolyognia. Az arcodnak teljesen l\u00e1that\u00f3nak \u00e9s a f\u00e9nyk\u00e9p k\u00f6zep\u00e9n kell lennie. A jel\u00f6lteknek a kamer\u00e1ba kell n\u00e9zni\u00fck, \u00e9s a fej\u00fcknek a f\u00e9nyk\u00e9p teljes magass\u00e1g\u00e1nak 60%-\u00e1t kell kitennie. A szemei biztosan t\u00e1gra ny\u00edltak.<\/p>\n\n<h3 class=\"wp-block-heading\" id=\"h-4-comment-doit-etre-l-arriere-plan-de-la-prise-de-vue\">4. Milyen legyen a felv\u00e9tel h\u00e1ttere?<\/h3>\n\n<p>A f\u00e9nyk\u00e9p h\u00e1tter\u00e9nek egysz\u00edn\u0171nek, vil\u00e1gosnak kell lennie, \u00e1rny\u00e9k n\u00e9lk\u00fcl. A h\u00e1tt\u00e9r sz\u00edne lehet feh\u00e9r vagy t\u00f6rtfeh\u00e9r.<\/p>\n\n<h3 class=\"wp-block-heading\" id=\"h-5-peut-on-porter-des-lunettes-ou-le-voile-sur-la-photo\">5. Viselhetek szem\u00fcveget vagy f\u00e1tylat a f\u00e9nyk\u00e9pen?<\/h3>\n\n<p>A z\u00f6ldk\u00e1rty\u00e1s f\u00e9nyk\u00e9pen tilos szem\u00fcveget viselni. A z\u00f6ldk\u00e1rty\u00e1t k\u00e9relmez\u0151k sem viselhetnek sapk\u00e1t vagy kalapot.<\/p>\n\n<p>A z\u00f6ldk\u00e1rty\u00e1s f\u00e9nyk\u00e9pen azonban viselhet vall\u00e1si kend\u0151t. Az arcnak azonban a homlok tetej\u00e9t\u0151l az \u00e1ll alj\u00e1ig l\u00e1that\u00f3nak kell lennie.<\/p>\n\n<p>Ezek a szab\u00e1lyok a z\u00f6ldk\u00e1rtya megszerz\u00e9s\u00e9re ir\u00e1nyul\u00f3 valamennyi elj\u00e1r\u00e1sra vonatkoznak, f\u00fcggetlen\u00fcl att\u00f3l, hogy :<\/p>\n\n<ul class=\"wp-block-list\">\n<li>A <a href=\"https:\/\/us-gc.net\/hu\/lotto-green-card\/\">Green Card-lott\u00f3<\/a> fot\u00f3ja;<\/li>\n\n\n\n<li>A <a href=\"https:\/\/us-gc.net\/hu\/hazassag-utjan-szerzett-green-card\/\">h\u00e1zass\u00e1gi z\u00f6ldk\u00e1rty\u00e1hoz<\/a>, a <a href=\"https:\/\/us-gc.net\/hu\/green-card-tamogatas\/\">szponzor \u00e1ltal ki\u00e1ll\u00edtott z\u00f6ldk\u00e1rty\u00e1hoz<\/a> vagy a z\u00f6ldk\u00e1rtya megszerz\u00e9s\u00e9re ir\u00e1nyul\u00f3 b\u00e1rmely m\u00e1s elj\u00e1r\u00e1shoz beny\u00fajtott f\u00e9nyk\u00e9p.<\/li>\n<\/ul>\n\n<div style=\"height:10px\" aria-hidden=\"true\" class=\"wp-block-spacer\"><\/div>\n\n<h2 class=\"wp-block-heading\" id=\"h-dimensions-de-la-photo-d-identite-de-la-green-card\">A z\u00f6ldk\u00e1rty\u00e1s \u00fatlev\u00e9lk\u00e9p m\u00e9retei<\/h2>\n\n<figure class=\"wp-block-image size-full\"><img fetchpriority=\"high\" decoding=\"async\" width=\"601\" height=\"378\" src=\"https:\/\/us-gc.net\/wp-content\/uploads\/2024\/05\/Green-card-2024.jpg\" alt=\"A 2024-ben &#xE9;rv&#xE9;nyes z&#xF6;ld k&#xE1;rtya k&#xE9;pe\" class=\"wp-image-4826\" srcset=\"https:\/\/us-gc.net\/wp-content\/uploads\/2024\/05\/Green-card-2024.jpg 601w, https:\/\/us-gc.net\/wp-content\/uploads\/2024\/05\/Green-card-2024-300x189.jpg 300w\" sizes=\"(max-width: 601px) 100vw, 601px\" \/><figcaption class=\"wp-element-caption\">Z\u00f6ld k\u00e1rtya az USA-ban \u00e1lland\u00f3 lakosok sz\u00e1m\u00e1ra<\/figcaption><\/figure>\n","protected":false},"excerpt":{"rendered":"<p>A z\u00f6ldk\u00e1rty\u00e1ra vonatkoz\u00f3 f\u00e9nyk\u00e9pes el\u0151\u00edr\u00e1sok A z\u00f6ldk\u00e1rtya k\u00e9relmez\u00e9sekor a k\u00e9relmez\u0151knek \u00fatlev\u00e9lk\u00e9pet kell beny\u00fajtaniuk. Ennek a fot\u00f3nak a form\u00e1tuma k\u00fcl\u00f6nleges, \u00e9s van n\u00e9h\u00e1ny k\u00f6telez\u0151 szab\u00e1ly, amelyet be kell tartani, ha nem akarjuk, hogy a fot\u00f3t elutas\u00edts\u00e1k. Melyek a fot\u00f3z\u00e1s f\u0151 szab\u00e1lyai? A z\u00f6ldk\u00e1rtya-f\u00e9nyk\u00e9pre vonatkoz\u00f3 f\u0151 szab\u00e1lyok a k\u00f6vetkez\u0151k: 1. Milyen form\u00e1tum\u00fa f\u00e9nyk\u00e9pet kell k\u00e9sz\u00edteni a z\u00f6ldk\u00e1rty\u00e1hoz? [&hellip;]<\/p>\n","protected":false},"author":1,"featured_media":0,"parent":0,"menu_order":0,"comment_status":"closed","ping_status":"closed","template":"","meta":{"footnotes":""},"class_list":["post-4682","page","type-page","status-publish","hentry"],"yoast_head":"<!-- This site is optimized with the Yoast SEO plugin v27.4 - https:\/\/yoast.com\/product\/yoast-seo-wordpress\/ -->\n<title>Z\u00f6ldk\u00e1rtya szem\u00e9lyazonos\u00edt\u00f3 f\u00e9nyk\u00e9pre vonatkoz\u00f3 el\u0151\u00edr\u00e1sok - USA GC<\/title>\n<meta name=\"description\" content=\"A z\u00f6ld k\u00e1rtya megszerz\u00e9s\u00e9hez vagy meg\u00faj\u00edt\u00e1s\u00e1hoz a k\u00e9relmez\u0151knek bizonyos szab\u00e1lyoknak megfelel\u0151en be kell ny\u00fajtaniuk \u00fatlev\u00e9lk\u00e9p\u00fcket.\" \/>\n<meta name=\"robots\" content=\"index, follow, max-snippet:-1, max-image-preview:large, max-video-preview:-1\" \/>\n<link rel=\"canonical\" href=\"https:\/\/us-gc.net\/hu\/green-card-fenykep\/\" \/>\n<meta property=\"og:locale\" content=\"hu_HU\" \/>\n<meta property=\"og:type\" content=\"article\" \/>\n<meta property=\"og:title\" content=\"Z\u00f6ldk\u00e1rtya szem\u00e9lyazonos\u00edt\u00f3 f\u00e9nyk\u00e9pre vonatkoz\u00f3 el\u0151\u00edr\u00e1sok - USA GC\" \/>\n<meta property=\"og:description\" content=\"A z\u00f6ld k\u00e1rtya megszerz\u00e9s\u00e9hez vagy meg\u00faj\u00edt\u00e1s\u00e1hoz a k\u00e9relmez\u0151knek bizonyos szab\u00e1lyoknak megfelel\u0151en be kell ny\u00fajtaniuk \u00fatlev\u00e9lk\u00e9p\u00fcket.\" \/>\n<meta property=\"og:url\" content=\"https:\/\/us-gc.net\/hu\/green-card-fenykep\/\" \/>\n<meta property=\"og:site_name\" content=\"USA GC\" \/>\n<meta property=\"article:modified_time\" content=\"2024-12-30T09:39:52+00:00\" \/>\n<meta property=\"og:image\" content=\"https:\/\/us-gc.net\/wp-content\/uploads\/2024\/05\/Green-card-2024.jpg\" \/>\n<meta name=\"twitter:card\" content=\"summary_large_image\" \/>\n<meta name=\"twitter:label1\" content=\"Becs\u00fclt olvas\u00e1si id\u0151\" \/>\n\t<meta name=\"twitter:data1\" content=\"3 perc\" \/>\n<script type=\"application\/ld+json\" class=\"yoast-schema-graph\">{\"@context\":\"https:\\\/\\\/schema.org\",\"@graph\":[{\"@type\":\"WebPage\",\"@id\":\"https:\\\/\\\/us-gc.net\\\/hu\\\/green-card-fenykep\\\/\",\"url\":\"https:\\\/\\\/us-gc.net\\\/hu\\\/green-card-fenykep\\\/\",\"name\":\"Z\u00f6ldk\u00e1rtya szem\u00e9lyazonos\u00edt\u00f3 f\u00e9nyk\u00e9pre vonatkoz\u00f3 el\u0151\u00edr\u00e1sok - USA GC\",\"isPartOf\":{\"@id\":\"https:\\\/\\\/us-gc.net\\\/hu\\\/#website\"},\"primaryImageOfPage\":{\"@id\":\"https:\\\/\\\/us-gc.net\\\/hu\\\/green-card-fenykep\\\/#primaryimage\"},\"image\":{\"@id\":\"https:\\\/\\\/us-gc.net\\\/hu\\\/green-card-fenykep\\\/#primaryimage\"},\"thumbnailUrl\":\"https:\\\/\\\/us-gc.net\\\/wp-content\\\/uploads\\\/2024\\\/05\\\/Green-card-2024.jpg\",\"datePublished\":\"2024-01-31T14:45:08+00:00\",\"dateModified\":\"2024-12-30T09:39:52+00:00\",\"description\":\"A z\u00f6ld k\u00e1rtya megszerz\u00e9s\u00e9hez vagy meg\u00faj\u00edt\u00e1s\u00e1hoz a k\u00e9relmez\u0151knek bizonyos szab\u00e1lyoknak megfelel\u0151en be kell ny\u00fajtaniuk \u00fatlev\u00e9lk\u00e9p\u00fcket.\",\"breadcrumb\":{\"@id\":\"https:\\\/\\\/us-gc.net\\\/hu\\\/green-card-fenykep\\\/#breadcrumb\"},\"inLanguage\":\"hu\",\"potentialAction\":[{\"@type\":\"ReadAction\",\"target\":[\"https:\\\/\\\/us-gc.net\\\/hu\\\/green-card-fenykep\\\/\"]}]},{\"@type\":\"ImageObject\",\"inLanguage\":\"hu\",\"@id\":\"https:\\\/\\\/us-gc.net\\\/hu\\\/green-card-fenykep\\\/#primaryimage\",\"url\":\"https:\\\/\\\/us-gc.net\\\/wp-content\\\/uploads\\\/2024\\\/05\\\/Green-card-2024.jpg\",\"contentUrl\":\"https:\\\/\\\/us-gc.net\\\/wp-content\\\/uploads\\\/2024\\\/05\\\/Green-card-2024.jpg\"},{\"@type\":\"BreadcrumbList\",\"@id\":\"https:\\\/\\\/us-gc.net\\\/hu\\\/green-card-fenykep\\\/#breadcrumb\",\"itemListElement\":[{\"@type\":\"ListItem\",\"position\":1,\"name\":\"Accueil\",\"item\":\"https:\\\/\\\/us-gc.net\\\/hu\\\/green-card\\\/\"},{\"@type\":\"ListItem\",\"position\":2,\"name\":\"Z\u00f6ldk\u00e1rtya szem\u00e9lyazonos\u00edt\u00f3 f\u00e9nyk\u00e9pre vonatkoz\u00f3 el\u0151\u00edr\u00e1sok\"}]},{\"@type\":\"WebSite\",\"@id\":\"https:\\\/\\\/us-gc.net\\\/hu\\\/#website\",\"url\":\"https:\\\/\\\/us-gc.net\\\/hu\\\/\",\"name\":\"USA GC\",\"description\":\"\",\"potentialAction\":[{\"@type\":\"SearchAction\",\"target\":{\"@type\":\"EntryPoint\",\"urlTemplate\":\"https:\\\/\\\/us-gc.net\\\/hu\\\/?s={search_term_string}\"},\"query-input\":{\"@type\":\"PropertyValueSpecification\",\"valueRequired\":true,\"valueName\":\"search_term_string\"}}],\"inLanguage\":\"hu\"}]}<\/script>\n<!-- \/ Yoast SEO plugin. -->","yoast_head_json":{"title":"Z\u00f6ldk\u00e1rtya szem\u00e9lyazonos\u00edt\u00f3 f\u00e9nyk\u00e9pre vonatkoz\u00f3 el\u0151\u00edr\u00e1sok - USA GC","description":"A z\u00f6ld k\u00e1rtya megszerz\u00e9s\u00e9hez vagy meg\u00faj\u00edt\u00e1s\u00e1hoz a k\u00e9relmez\u0151knek bizonyos szab\u00e1lyoknak megfelel\u0151en be kell ny\u00fajtaniuk \u00fatlev\u00e9lk\u00e9p\u00fcket.","robots":{"index":"index","follow":"follow","max-snippet":"max-snippet:-1","max-image-preview":"max-image-preview:large","max-video-preview":"max-video-preview:-1"},"canonical":"https:\/\/us-gc.net\/hu\/green-card-fenykep\/","og_locale":"hu_HU","og_type":"article","og_title":"Z\u00f6ldk\u00e1rtya szem\u00e9lyazonos\u00edt\u00f3 f\u00e9nyk\u00e9pre vonatkoz\u00f3 el\u0151\u00edr\u00e1sok - USA GC","og_description":"A z\u00f6ld k\u00e1rtya megszerz\u00e9s\u00e9hez vagy meg\u00faj\u00edt\u00e1s\u00e1hoz a k\u00e9relmez\u0151knek bizonyos szab\u00e1lyoknak megfelel\u0151en be kell ny\u00fajtaniuk \u00fatlev\u00e9lk\u00e9p\u00fcket.","og_url":"https:\/\/us-gc.net\/hu\/green-card-fenykep\/","og_site_name":"USA GC","article_modified_time":"2024-12-30T09:39:52+00:00","og_image":[{"url":"https:\/\/us-gc.net\/wp-content\/uploads\/2024\/05\/Green-card-2024.jpg","type":"","width":"","height":""}],"twitter_card":"summary_large_image","twitter_misc":{"Becs\u00fclt olvas\u00e1si id\u0151":"3 perc"},"schema":{"@context":"https:\/\/schema.org","@graph":[{"@type":"WebPage","@id":"https:\/\/us-gc.net\/hu\/green-card-fenykep\/","url":"https:\/\/us-gc.net\/hu\/green-card-fenykep\/","name":"Z\u00f6ldk\u00e1rtya szem\u00e9lyazonos\u00edt\u00f3 f\u00e9nyk\u00e9pre vonatkoz\u00f3 el\u0151\u00edr\u00e1sok - USA GC","isPartOf":{"@id":"https:\/\/us-gc.net\/hu\/#website"},"primaryImageOfPage":{"@id":"https:\/\/us-gc.net\/hu\/green-card-fenykep\/#primaryimage"},"image":{"@id":"https:\/\/us-gc.net\/hu\/green-card-fenykep\/#primaryimage"},"thumbnailUrl":"https:\/\/us-gc.net\/wp-content\/uploads\/2024\/05\/Green-card-2024.jpg","datePublished":"2024-01-31T14:45:08+00:00","dateModified":"2024-12-30T09:39:52+00:00","description":"A z\u00f6ld k\u00e1rtya megszerz\u00e9s\u00e9hez vagy meg\u00faj\u00edt\u00e1s\u00e1hoz a k\u00e9relmez\u0151knek bizonyos szab\u00e1lyoknak megfelel\u0151en be kell ny\u00fajtaniuk \u00fatlev\u00e9lk\u00e9p\u00fcket.","breadcrumb":{"@id":"https:\/\/us-gc.net\/hu\/green-card-fenykep\/#breadcrumb"},"inLanguage":"hu","potentialAction":[{"@type":"ReadAction","target":["https:\/\/us-gc.net\/hu\/green-card-fenykep\/"]}]},{"@type":"ImageObject","inLanguage":"hu","@id":"https:\/\/us-gc.net\/hu\/green-card-fenykep\/#primaryimage","url":"https:\/\/us-gc.net\/wp-content\/uploads\/2024\/05\/Green-card-2024.jpg","contentUrl":"https:\/\/us-gc.net\/wp-content\/uploads\/2024\/05\/Green-card-2024.jpg"},{"@type":"BreadcrumbList","@id":"https:\/\/us-gc.net\/hu\/green-card-fenykep\/#breadcrumb","itemListElement":[{"@type":"ListItem","position":1,"name":"Accueil","item":"https:\/\/us-gc.net\/hu\/green-card\/"},{"@type":"ListItem","position":2,"name":"Z\u00f6ldk\u00e1rtya szem\u00e9lyazonos\u00edt\u00f3 f\u00e9nyk\u00e9pre vonatkoz\u00f3 el\u0151\u00edr\u00e1sok"}]},{"@type":"WebSite","@id":"https:\/\/us-gc.net\/hu\/#website","url":"https:\/\/us-gc.net\/hu\/","name":"USA GC","description":"","potentialAction":[{"@type":"SearchAction","target":{"@type":"EntryPoint","urlTemplate":"https:\/\/us-gc.net\/hu\/?s={search_term_string}"},"query-input":{"@type":"PropertyValueSpecification","valueRequired":true,"valueName":"search_term_string"}}],"inLanguage":"hu"}]}},"_links":{"self":[{"href":"https:\/\/us-gc.net\/hu\/wp-json\/wp\/v2\/pages\/4682","targetHints":{"allow":["GET"]}}],"collection":[{"href":"https:\/\/us-gc.net\/hu\/wp-json\/wp\/v2\/pages"}],"about":[{"href":"https:\/\/us-gc.net\/hu\/wp-json\/wp\/v2\/types\/page"}],"author":[{"embeddable":true,"href":"https:\/\/us-gc.net\/hu\/wp-json\/wp\/v2\/users\/1"}],"replies":[{"embeddable":true,"href":"https:\/\/us-gc.net\/hu\/wp-json\/wp\/v2\/comments?post=4682"}],"version-history":[{"count":1,"href":"https:\/\/us-gc.net\/hu\/wp-json\/wp\/v2\/pages\/4682\/revisions"}],"predecessor-version":[{"id":7678,"href":"https:\/\/us-gc.net\/hu\/wp-json\/wp\/v2\/pages\/4682\/revisions\/7678"}],"wp:attachment":[{"href":"https:\/\/us-gc.net\/hu\/wp-json\/wp\/v2\/media?parent=4682"}],"curies":[{"name":"wp","href":"https:\/\/api.w.org\/{rel}","templated":true}]}}