{"id":4680,"date":"2024-01-31T14:33:04","date_gmt":"2024-01-31T14:33:04","guid":{"rendered":"https:\/\/green-card-usa.net\/hazassag-utjan-szerzett-green-card\/"},"modified":"2024-12-30T09:39:39","modified_gmt":"2024-12-30T09:39:39","slug":"hazassag-utjan-szerzett-green-card","status":"publish","type":"page","link":"https:\/\/us-gc.net\/hu\/hazassag-utjan-szerzett-green-card\/","title":{"rendered":"H\u00e1zass\u00e1g r\u00e9v\u00e9n szerzett z\u00f6ld k\u00e1rtya"},"content":{"rendered":"\n<h1 class=\"wp-block-heading\" id=\"h-obtenir-une-green-card-par-mariage\">Z\u00f6ldk\u00e1rtya megszerz\u00e9se h\u00e1zass\u00e1g r\u00e9v\u00e9n<\/h1>\n\n<p>A z\u00f6ldk\u00e1rty\u00e1t amerikai \u00e1llampolg\u00e1rral vagy \u00e1lland\u00f3 lakhellyel rendelkez\u0151 jogszer\u0171 szem\u00e9lyekkel (Legal Permanent Resident, LPR) k\u00f6t\u00f6tt h\u00e1zass\u00e1g alapj\u00e1n lehet megszerezni. A h\u00e1zass\u00e1g teh\u00e1t lehet\u0151v\u00e9 teszi, hogy \u00d6n az Egyes\u00fclt \u00c1llamok \u00e1lland\u00f3 lakos\u00e1v\u00e1 v\u00e1ljon. Az al\u00e1bbiakban ismertetj\u00fck a rendszer ig\u00e9nybev\u00e9tel\u00e9nek alapvet\u0151 szakaszait \u00e9s felt\u00e9teleit.<\/p>\n\n<h2 class=\"wp-block-heading\" id=\"h-eligibilite-a-la-green-card-par-mariage\">Jogosults\u00e1g a z\u00f6ldk\u00e1rty\u00e1ra h\u00e1zass\u00e1g r\u00e9v\u00e9n<\/h2>\n\n<p>Ahhoz, hogy \u00d6n jogosult legyen h\u00e1zass\u00e1g r\u00e9v\u00e9n z\u00f6ldk\u00e1rty\u00e1t kapni, amerikai \u00e1llampolg\u00e1rral vagy LPR \u00e1llampolg\u00e1rral kell h\u00e1zass\u00e1got k\u00f6tnie. A h\u00e1zass\u00e1gnak t\u00f6rv\u00e9nyesnek kell lennie, \u00e9s val\u00f3di kapcsolaton kell alapulnia. A h\u00e1zass\u00e1gk\u00f6t\u00e9s f\u0151 oka nem lehet az a t\u00f6rekv\u00e9s, hogy \u00e1lland\u00f3 amerikai lakos legyen.<\/p>\n\n<h2 class=\"wp-block-heading\" id=\"h-conditions-et-preuves-requises\">Sz\u00fcks\u00e9ges felt\u00e9telek \u00e9s bizony\u00edt\u00e9kok<\/h2>\n\n<p>A p\u00e1roknak alapos bizony\u00edt\u00e9kot kell szolg\u00e1ltatniuk t\u00f6rv\u00e9nyes h\u00e1zass\u00e1gukr\u00f3l. A h\u00e1zasp\u00e1r p\u00e9ld\u00e1ul k\u00f6z\u00f6s banksz\u00e1mlakivonatokat, k\u00f6z\u00f6s b\u00e9rleti szerz\u0151d\u00e9seket vagy jelz\u00e1loghiteleket, esk\u00fcv\u0151i fot\u00f3kat \u00e9s csal\u00e1di esem\u00e9nyeket is bemutathat. A kapcsolatukat igazol\u00f3 b\u00e1rmely m\u00e1s dokumentum is relev\u00e1ns lehet, \u00e9s azt csatolni kell a k\u00e9relemhez.<\/p>\n\n<p>Ha nem felel meg a felt\u00e9teleknek, akkor is kaphat <a href=\"https:\/\/us-gc.net\/hu\/lotto-green-card\/\">Green Card sorsol\u00e1s \u00fatj\u00e1n<\/a>. Az <strong>\u00e9ves sorsol\u00e1son<\/strong> val\u00f3 r\u00e9szv\u00e9telhez egyszer\u0171en t\u00f6ltse ki az <a href=\"https:\/\/us-gc.net\/hu\/green-card-lotto-urlap\/\">online \u0171rlapot<\/a>.<\/p>\n\n<div style=\"height:10px\" aria-hidden=\"true\" class=\"wp-block-spacer\"><\/div>\n\n<h2 class=\"wp-block-heading\" id=\"h-processus-de-demande\">Jelentkez\u00e9si folyamat<\/h2>\n\n<p>A h\u00e1zass\u00e1ggal kapcsolatos <a href=\"https:\/\/us-gc.net\/en\/\">Green Card-k\u00e9relem<\/a> beny\u00fajt\u00e1s\u00e1nak t\u00f6bb szakasza van.<\/p>\n\n<ol class=\"wp-block-list\">\n<li><strong>A pet\u00edci\u00f3 beny\u00fajt\u00e1sa<\/strong>: Az \u00e1llampolg\u00e1r \u00e9lett\u00e1rsnak vagy az RPL-nek el\u0151sz\u00f6r be kell ny\u00fajtania <a href=\"https:\/\/www.uscis.gov\/i-130\">az I-130-as formanyomtatv\u00e1nyt<\/a>. Ez egy k\u00fclf\u00f6ldi sz\u00fcl\u0151re vonatkoz\u00f3 k\u00e9relem, amelyet az Egyes\u00fclt \u00c1llamok \u00c1llampolg\u00e1rs\u00e1gi \u00e9s Bev\u00e1ndorl\u00e1si Hivatal\u00e1hoz (USCIS) kell beny\u00fajtani.<\/li>\n\n\n\n<li><strong>A st\u00e1tusz kiigaz\u00edt\u00e1sa vagy konzuli elj\u00e1r\u00e1s<\/strong>: Ha a nem \u00e1llampolg\u00e1r h\u00e1zast\u00e1rs m\u00e1r az Egyes\u00fclt \u00c1llamokban tart\u00f3zkodik, akkor az <a href=\"https:\/\/www.uscis.gov\/i-485\">I-485-\u00f6s \u0171rlap<\/a> seg\u00edts\u00e9g\u00e9vel k\u00e9relmezheti a st\u00e1tusz kiigaz\u00edt\u00e1s\u00e1t. Ha a h\u00e1zast\u00e1rs az Egyes\u00fclt \u00c1llamokon k\u00edv\u00fcl tart\u00f3zkodik, a sz\u00e1rmaz\u00e1si orsz\u00e1ga konzul\u00e1tus\u00e1n kereszt\u00fcl kell k\u00e9relmeznie.<\/li>\n\n\n\n<li><strong>Interj\u00fa \u00e9s j\u00f3v\u00e1hagy\u00e1s<\/strong>: Mindk\u00e9t partnert megh\u00edvj\u00e1k egy <a href=\"https:\/\/us-gc.net\/hu\/interju-green-card\/\">Green Card-interj\u00fara<\/a>, amelyen a h\u00e1zass\u00e1g hiteless\u00e9g\u00e9t ellen\u0151rzik. Ha a k\u00e9relmet j\u00f3v\u00e1hagyj\u00e1k, a nem \u00e1llampolg\u00e1r h\u00e1zast\u00e1rs z\u00f6ldk\u00e1rty\u00e1t kap.<\/li>\n<\/ol>\n\n<h2 class=\"wp-block-heading\" id=\"h-green-card-conditionnelle\">Felt\u00e9teles z\u00f6ld k\u00e1rtya<\/h2>\n\n<p>Ha a h\u00e1zass\u00e1g a j\u00f3v\u00e1hagy\u00e1s id\u0151pontj\u00e1ban kevesebb mint k\u00e9t\u00e9ves, a nem \u00e1llampolg\u00e1r h\u00e1zast\u00e1rs k\u00e9t \u00e9vig \u00e9rv\u00e9nyes felt\u00e9teles z\u00f6ldk\u00e1rty\u00e1t kap. Miel\u0151tt az lej\u00e1r, a h\u00e1zasp\u00e1rnak be kell ny\u00fajtania <a href=\"https:\/\/www.uscis.gov\/sites\/default\/files\/document\/forms\/i-751.pdf\">az I-751-es \u0171rlapot<\/a>, hogy k\u00e9rje a felt\u00e9telek megsz\u00fcntet\u00e9s\u00e9t, \u00e9s \u00e1lland\u00f3 z\u00f6ldk\u00e1rty\u00e1t kapjon.<\/p>\n\n<h2 class=\"wp-block-heading\" id=\"h-conseils-pour-une-reussir-la-demande-de-green-card\">Tippek a sikeres z\u00f6ldk\u00e1rtya-k\u00e9relemhez<\/h2>\n\n<p>A z\u00f6ld k\u00e1rtya \u00e1lland\u00f3 tart\u00f3zkod\u00e1sra jogos\u00edt az Egyes\u00fclt \u00c1llamokban. A h\u00e1zass\u00e1g r\u00e9v\u00e9n t\u00f6rt\u00e9n\u0151 z\u00f6ldk\u00e1rtya megszerz\u00e9s\u00e9re ir\u00e1nyul\u00f3 elj\u00e1r\u00e1s k\u00fcl\u00f6n\u00f6sen alapos, \u00e9s a siker nem garant\u00e1lt. \u00cdme n\u00e9h\u00e1ny tipp a siker es\u00e9lyeinek maximaliz\u00e1l\u00e1s\u00e1hoz:<\/p>\n\n<ul class=\"wp-block-list\">\n<li><strong>Dokument\u00e1lja alaposan a kapcsolat\u00e1t<\/strong>: Tartsa nyilv\u00e1n azokat a dokumentumokat \u00e9s f\u00e9nyk\u00e9peket, amelyek a kapcsolatuk folyamatoss\u00e1g\u00e1t \u00e9s hiteless\u00e9g\u00e9t bizony\u00edtj\u00e1k.<\/li>\n\n\n\n<li><strong>K\u00e9sz\u00fclj\u00f6n fel az interj\u00fara<\/strong>: K\u00e9sz\u00fclj\u00f6n fel arra, hogy ny\u00edltan \u00e9s \u0151szint\u00e9n v\u00e1laszoljon a kapcsolat\u00e1ra \u00e9s h\u00e1zass\u00e1g\u00e1ra vonatkoz\u00f3 k\u00e9rd\u00e9sekre.<\/li>\n\n\n\n<li><strong>Tartsa be a hat\u00e1rid\u0151ket<\/strong>: Gy\u0151z\u0151dj\u00f6n meg r\u00f3la, hogy minden sz\u00fcks\u00e9ges k\u00e9relmet \u00e9s dokumentumot az el\u0151\u00edrt hat\u00e1rid\u0151n bel\u00fcl beny\u00fajt.<\/li>\n<\/ul>\n\n<p><\/p>\n","protected":false},"excerpt":{"rendered":"<p>Z\u00f6ldk\u00e1rtya megszerz\u00e9se h\u00e1zass\u00e1g r\u00e9v\u00e9n A z\u00f6ldk\u00e1rty\u00e1t amerikai \u00e1llampolg\u00e1rral vagy \u00e1lland\u00f3 lakhellyel rendelkez\u0151 jogszer\u0171 szem\u00e9lyekkel (Legal Permanent Resident, LPR) k\u00f6t\u00f6tt h\u00e1zass\u00e1g alapj\u00e1n lehet megszerezni. A h\u00e1zass\u00e1g teh\u00e1t lehet\u0151v\u00e9 teszi, hogy \u00d6n az Egyes\u00fclt \u00c1llamok \u00e1lland\u00f3 lakos\u00e1v\u00e1 v\u00e1ljon. Az al\u00e1bbiakban ismertetj\u00fck a rendszer ig\u00e9nybev\u00e9tel\u00e9nek alapvet\u0151 szakaszait \u00e9s felt\u00e9teleit. Jogosults\u00e1g a z\u00f6ldk\u00e1rty\u00e1ra h\u00e1zass\u00e1g r\u00e9v\u00e9n Ahhoz, hogy \u00d6n jogosult [&hellip;]<\/p>\n","protected":false},"author":1,"featured_media":0,"parent":0,"menu_order":0,"comment_status":"closed","ping_status":"closed","template":"","meta":{"footnotes":""},"class_list":["post-4680","page","type-page","status-publish","hentry"],"yoast_head":"<!-- This site is optimized with the Yoast SEO plugin v27.4 - https:\/\/yoast.com\/product\/yoast-seo-wordpress\/ -->\n<title>H\u00e1zass\u00e1g r\u00e9v\u00e9n szerzett z\u00f6ld k\u00e1rtya - USA GC<\/title>\n<meta name=\"description\" content=\"Z\u00f6ldk\u00e1rtya megszerz\u00e9se amerikai \u00e1llampolg\u00e1rral vagy amerikai z\u00f6ldk\u00e1rtya birtokos\u00e1val k\u00f6t\u00f6tt h\u00e1zass\u00e1g r\u00e9v\u00e9n\" \/>\n<meta name=\"robots\" content=\"index, follow, max-snippet:-1, max-image-preview:large, max-video-preview:-1\" \/>\n<link rel=\"canonical\" href=\"https:\/\/us-gc.net\/hu\/hazassag-utjan-szerzett-green-card\/\" \/>\n<meta property=\"og:locale\" content=\"hu_HU\" \/>\n<meta property=\"og:type\" content=\"article\" \/>\n<meta property=\"og:title\" content=\"H\u00e1zass\u00e1g r\u00e9v\u00e9n szerzett z\u00f6ld k\u00e1rtya - USA GC\" \/>\n<meta property=\"og:description\" content=\"Z\u00f6ldk\u00e1rtya megszerz\u00e9se amerikai \u00e1llampolg\u00e1rral vagy amerikai z\u00f6ldk\u00e1rtya birtokos\u00e1val k\u00f6t\u00f6tt h\u00e1zass\u00e1g r\u00e9v\u00e9n\" \/>\n<meta property=\"og:url\" content=\"https:\/\/us-gc.net\/hu\/hazassag-utjan-szerzett-green-card\/\" \/>\n<meta property=\"og:site_name\" content=\"USA GC\" \/>\n<meta property=\"article:modified_time\" content=\"2024-12-30T09:39:39+00:00\" \/>\n<meta name=\"twitter:card\" content=\"summary_large_image\" \/>\n<meta name=\"twitter:label1\" content=\"Becs\u00fclt olvas\u00e1si id\u0151\" \/>\n\t<meta name=\"twitter:data1\" content=\"3 perc\" \/>\n<script type=\"application\/ld+json\" class=\"yoast-schema-graph\">{\"@context\":\"https:\\\/\\\/schema.org\",\"@graph\":[{\"@type\":\"WebPage\",\"@id\":\"https:\\\/\\\/us-gc.net\\\/hu\\\/hazassag-utjan-szerzett-green-card\\\/\",\"url\":\"https:\\\/\\\/us-gc.net\\\/hu\\\/hazassag-utjan-szerzett-green-card\\\/\",\"name\":\"H\u00e1zass\u00e1g r\u00e9v\u00e9n szerzett z\u00f6ld k\u00e1rtya - USA GC\",\"isPartOf\":{\"@id\":\"https:\\\/\\\/us-gc.net\\\/hu\\\/#website\"},\"datePublished\":\"2024-01-31T14:33:04+00:00\",\"dateModified\":\"2024-12-30T09:39:39+00:00\",\"description\":\"Z\u00f6ldk\u00e1rtya megszerz\u00e9se amerikai \u00e1llampolg\u00e1rral vagy amerikai z\u00f6ldk\u00e1rtya birtokos\u00e1val k\u00f6t\u00f6tt h\u00e1zass\u00e1g r\u00e9v\u00e9n\",\"breadcrumb\":{\"@id\":\"https:\\\/\\\/us-gc.net\\\/hu\\\/hazassag-utjan-szerzett-green-card\\\/#breadcrumb\"},\"inLanguage\":\"hu\",\"potentialAction\":[{\"@type\":\"ReadAction\",\"target\":[\"https:\\\/\\\/us-gc.net\\\/hu\\\/hazassag-utjan-szerzett-green-card\\\/\"]}]},{\"@type\":\"BreadcrumbList\",\"@id\":\"https:\\\/\\\/us-gc.net\\\/hu\\\/hazassag-utjan-szerzett-green-card\\\/#breadcrumb\",\"itemListElement\":[{\"@type\":\"ListItem\",\"position\":1,\"name\":\"Accueil\",\"item\":\"https:\\\/\\\/us-gc.net\\\/hu\\\/green-card\\\/\"},{\"@type\":\"ListItem\",\"position\":2,\"name\":\"H\u00e1zass\u00e1g r\u00e9v\u00e9n szerzett z\u00f6ld k\u00e1rtya\"}]},{\"@type\":\"WebSite\",\"@id\":\"https:\\\/\\\/us-gc.net\\\/hu\\\/#website\",\"url\":\"https:\\\/\\\/us-gc.net\\\/hu\\\/\",\"name\":\"USA GC\",\"description\":\"\",\"potentialAction\":[{\"@type\":\"SearchAction\",\"target\":{\"@type\":\"EntryPoint\",\"urlTemplate\":\"https:\\\/\\\/us-gc.net\\\/hu\\\/?s={search_term_string}\"},\"query-input\":{\"@type\":\"PropertyValueSpecification\",\"valueRequired\":true,\"valueName\":\"search_term_string\"}}],\"inLanguage\":\"hu\"}]}<\/script>\n<!-- \/ Yoast SEO plugin. -->","yoast_head_json":{"title":"H\u00e1zass\u00e1g r\u00e9v\u00e9n szerzett z\u00f6ld k\u00e1rtya - USA GC","description":"Z\u00f6ldk\u00e1rtya megszerz\u00e9se amerikai \u00e1llampolg\u00e1rral vagy amerikai z\u00f6ldk\u00e1rtya birtokos\u00e1val k\u00f6t\u00f6tt h\u00e1zass\u00e1g r\u00e9v\u00e9n","robots":{"index":"index","follow":"follow","max-snippet":"max-snippet:-1","max-image-preview":"max-image-preview:large","max-video-preview":"max-video-preview:-1"},"canonical":"https:\/\/us-gc.net\/hu\/hazassag-utjan-szerzett-green-card\/","og_locale":"hu_HU","og_type":"article","og_title":"H\u00e1zass\u00e1g r\u00e9v\u00e9n szerzett z\u00f6ld k\u00e1rtya - USA GC","og_description":"Z\u00f6ldk\u00e1rtya megszerz\u00e9se amerikai \u00e1llampolg\u00e1rral vagy amerikai z\u00f6ldk\u00e1rtya birtokos\u00e1val k\u00f6t\u00f6tt h\u00e1zass\u00e1g r\u00e9v\u00e9n","og_url":"https:\/\/us-gc.net\/hu\/hazassag-utjan-szerzett-green-card\/","og_site_name":"USA GC","article_modified_time":"2024-12-30T09:39:39+00:00","twitter_card":"summary_large_image","twitter_misc":{"Becs\u00fclt olvas\u00e1si id\u0151":"3 perc"},"schema":{"@context":"https:\/\/schema.org","@graph":[{"@type":"WebPage","@id":"https:\/\/us-gc.net\/hu\/hazassag-utjan-szerzett-green-card\/","url":"https:\/\/us-gc.net\/hu\/hazassag-utjan-szerzett-green-card\/","name":"H\u00e1zass\u00e1g r\u00e9v\u00e9n szerzett z\u00f6ld k\u00e1rtya - USA GC","isPartOf":{"@id":"https:\/\/us-gc.net\/hu\/#website"},"datePublished":"2024-01-31T14:33:04+00:00","dateModified":"2024-12-30T09:39:39+00:00","description":"Z\u00f6ldk\u00e1rtya megszerz\u00e9se amerikai \u00e1llampolg\u00e1rral vagy amerikai z\u00f6ldk\u00e1rtya birtokos\u00e1val k\u00f6t\u00f6tt h\u00e1zass\u00e1g r\u00e9v\u00e9n","breadcrumb":{"@id":"https:\/\/us-gc.net\/hu\/hazassag-utjan-szerzett-green-card\/#breadcrumb"},"inLanguage":"hu","potentialAction":[{"@type":"ReadAction","target":["https:\/\/us-gc.net\/hu\/hazassag-utjan-szerzett-green-card\/"]}]},{"@type":"BreadcrumbList","@id":"https:\/\/us-gc.net\/hu\/hazassag-utjan-szerzett-green-card\/#breadcrumb","itemListElement":[{"@type":"ListItem","position":1,"name":"Accueil","item":"https:\/\/us-gc.net\/hu\/green-card\/"},{"@type":"ListItem","position":2,"name":"H\u00e1zass\u00e1g r\u00e9v\u00e9n szerzett z\u00f6ld k\u00e1rtya"}]},{"@type":"WebSite","@id":"https:\/\/us-gc.net\/hu\/#website","url":"https:\/\/us-gc.net\/hu\/","name":"USA GC","description":"","potentialAction":[{"@type":"SearchAction","target":{"@type":"EntryPoint","urlTemplate":"https:\/\/us-gc.net\/hu\/?s={search_term_string}"},"query-input":{"@type":"PropertyValueSpecification","valueRequired":true,"valueName":"search_term_string"}}],"inLanguage":"hu"}]}},"_links":{"self":[{"href":"https:\/\/us-gc.net\/hu\/wp-json\/wp\/v2\/pages\/4680","targetHints":{"allow":["GET"]}}],"collection":[{"href":"https:\/\/us-gc.net\/hu\/wp-json\/wp\/v2\/pages"}],"about":[{"href":"https:\/\/us-gc.net\/hu\/wp-json\/wp\/v2\/types\/page"}],"author":[{"embeddable":true,"href":"https:\/\/us-gc.net\/hu\/wp-json\/wp\/v2\/users\/1"}],"replies":[{"embeddable":true,"href":"https:\/\/us-gc.net\/hu\/wp-json\/wp\/v2\/comments?post=4680"}],"version-history":[{"count":1,"href":"https:\/\/us-gc.net\/hu\/wp-json\/wp\/v2\/pages\/4680\/revisions"}],"predecessor-version":[{"id":7656,"href":"https:\/\/us-gc.net\/hu\/wp-json\/wp\/v2\/pages\/4680\/revisions\/7656"}],"wp:attachment":[{"href":"https:\/\/us-gc.net\/hu\/wp-json\/wp\/v2\/media?parent=4680"}],"curies":[{"name":"wp","href":"https:\/\/api.w.org\/{rel}","templated":true}]}}