{"id":4678,"date":"2024-01-31T14:27:27","date_gmt":"2024-01-31T14:27:27","guid":{"rendered":"https:\/\/green-card-usa.net\/green-card-munkaviszony-alapjan\/"},"modified":"2024-12-30T09:39:25","modified_gmt":"2024-12-30T09:39:25","slug":"green-card-munkaviszony-alapjan","status":"publish","type":"page","link":"https:\/\/us-gc.net\/hu\/green-card-munkaviszony-alapjan\/","title":{"rendered":"Munkav\u00e1llal\u00e1si alap\u00fa z\u00f6ld k\u00e1rtya bev\u00e1ndorl\u00f3k sz\u00e1m\u00e1ra"},"content":{"rendered":"\n<h1 class=\"wp-block-heading\" id=\"h-obtenir-une-green-card-basee-sur-l-emploi\">Z\u00f6ldk\u00e1rtya megszerz\u00e9se foglalkoztat\u00e1s alapj\u00e1n<\/h1>\n\n<p>Tudja meg, hogyan szerezhet <a href=\"https:\/\/us-gc.net\/en\/\">Green Card<\/a> az Egyes\u00fclt \u00c1llamokban munkav\u00e1llal\u00e1s \u00fatj\u00e1n. A munkav\u00e1llal\u00e1son alapul\u00f3 z\u00f6ld k\u00e1rtya nagyon n\u00e9pszer\u0171 a k\u00e9pzett bev\u00e1ndorl\u00f3k k\u00f6r\u00e9ben, akik leg\u00e1lisan szeretn\u00e9nek dolgozni \u00e9s tart\u00f3zkodni az Egyes\u00fclt \u00c1llamokban.<\/p>\n\n<h2 class=\"wp-block-heading\" id=\"h-qu-est-ce-qu-une-green-card-basee-sur-l-emploi\">Mi az a foglalkoztat\u00e1si alap\u00fa z\u00f6ld k\u00e1rtya?<\/h2>\n\n<p>A foglalkoztat\u00e1son alapul\u00f3 z\u00f6ldk\u00e1rtya a szakk\u00e9pzett k\u00fclf\u00f6ldi munkav\u00e1llal\u00f3k sz\u00e1m\u00e1ra egy olyan lehet\u0151s\u00e9g, amely lehet\u0151v\u00e9 teszi, hogy munkav\u00e1llal\u00e1s r\u00e9v\u00e9n \u00e1lland\u00f3 tart\u00f3zkod\u00e1si enged\u00e9lyt kapjanak az Egyes\u00fclt \u00c1llamokban. A t\u00f6bbi bev\u00e1ndorl\u00e1si lehet\u0151s\u00e9gt\u0151l elt\u00e9r\u0151en ez a lehet\u0151s\u00e9g kifejezetten az amerikai munkaad\u00f3k \u00e1ltal keresett szakmai k\u00e9szs\u00e9gekkel rendelkez\u0151 szem\u00e9lyeket c\u00e9lozza meg. Lehet\u0151v\u00e9 teszi a munkav\u00e1llal\u00e1si v\u00edzummal rendelkez\u0151k sz\u00e1m\u00e1ra, hogy \u00e1lland\u00f3 lakhellyel rendelkez\u0151kk\u00e9 v\u00e1ljanak.<\/p>\n\n<h2 class=\"wp-block-heading\" id=\"h-eligibilite-et-criteres-de-qualification\">Jogosults\u00e1gi \u00e9s k\u00e9pes\u00edt\u00e9si felt\u00e9telek<\/h2>\n\n<p>Ahhoz, hogy a k\u00e9relmez\u0151 jogosult legyen foglalkoztat\u00e1si alap\u00fa z\u00f6ldk\u00e1rty\u00e1ra, bizonyos felt\u00e9teleknek meg kell felelnie:<\/p>\n\n<ul class=\"wp-block-list\">\n<li>Megfelel\u0151 szakmai tapasztalat egy adott ter\u00fcleten;<\/li>\n\n\n\n<li>\u00c9rv\u00e9nyes \u00e1ll\u00e1saj\u00e1nlat egy amerikai munk\u00e1ltat\u00f3t\u00f3l ;<\/li>\n\n\n\n<li>A felaj\u00e1nlott \u00e1ll\u00e1s k\u00f6vetelm\u00e9nyeinek megfelel\u0151 iskolai vagy szakmai v\u00e9gzetts\u00e9g.  <\/li>\n<\/ul>\n\n<p>V\u00e9g\u00fcl a munk\u00e1ltat\u00f3nak fel kell k\u00e9sz\u00fclnie arra, hogy <a href=\"https:\/\/us-gc.net\/hu\/green-card-tamogatas\/\">szponzor\u00e1lja a k\u00e9relmez\u0151t a Green Card megszerz\u00e9s\u00e9hez<\/a>, \u00e9s eleget kell tennie a k\u00fclf\u00f6ldi munkav\u00e1llal\u00f3k felv\u00e9tel\u00e9vel kapcsolatos valamennyi jogi k\u00f6telezetts\u00e9gnek.<\/p>\n\n<h2 class=\"wp-block-heading\" id=\"h-processus-de-demande\">Jelentkez\u00e9si folyamat<\/h2>\n\n<p>A munkav\u00e1llal\u00e1son alapul\u00f3 z\u00f6ldk\u00e1rtya-k\u00e9relmez\u00e9si folyamat t\u00f6bb szakaszb\u00f3l \u00e1ll. El\u0151sz\u00f6r is a munk\u00e1ltat\u00f3nak be kell szereznie a munka\u00fcgyi bizony\u00edtv\u00e1nyt az Egyes\u00fclt \u00c1llamok Munka\u00fcgyi Miniszt\u00e9rium\u00e1t\u00f3l. A k\u00e9relmez\u0151nek ezut\u00e1n be kell ny\u00fajtania a munkav\u00e1llal\u00e1si v\u00edzumk\u00e9relmet <a href=\"https:\/\/www.uscis.gov\/\">az USCIS-hez<\/a>. A munkav\u00e1llal\u00e1si v\u00edzum j\u00f3v\u00e1hagy\u00e1sa ut\u00e1n a k\u00e9relmez\u0151 megkezdheti a z\u00f6ldk\u00e1rtya ir\u00e1nti k\u00e9relmez\u00e9si folyamatot. Ez az elj\u00e1r\u00e1s mag\u00e1ban foglalja:<\/p>\n\n<ul class=\"wp-block-list\">\n<li>A p\u00e1ly\u00e1zati \u0171rlap beny\u00fajt\u00e1sa ;<\/li>\n\n\n\n<li>Igazol\u00f3 dokumentumok \u00f6sszegy\u0171jt\u00e9se ;<\/li>\n\n\n\n<li><a href=\"https:\/\/us-gc.net\/hu\/interju-green-card\/\">Interj\u00fa a z\u00f6ldk\u00e1rty\u00e1\u00e9rt<\/a>;<\/li>\n\n\n\n<li>Orvosi vizsg\u00e1lat.<\/li>\n<\/ul>\n\n<h2 class=\"wp-block-heading\" id=\"h-duree-et-delais-de-traitement\">Feldolgoz\u00e1si id\u0151k \u00e9s hat\u00e1rid\u0151k<\/h2>\n\n<p>A foglalkoztat\u00e1son alapul\u00f3 z\u00f6ld k\u00e1rtya megszerz\u00e9s\u00e9hez sz\u00fcks\u00e9ges id\u0151 jelent\u0151sen elt\u00e9rhet k\u00fcl\u00f6nb\u00f6z\u0151 t\u00e9nyez\u0151kt\u0151l, p\u00e9ld\u00e1ul a v\u00edzumkateg\u00f3ri\u00e1t\u00f3l, az <a href=\"https:\/\/www.uscis.gov\/green-card\/green-card-processes-and-procedures\">USCIS<\/a> munkaterhel\u00e9s\u00e9t\u0151l \u00e9s egy\u00e9b egy\u00e9ni k\u00f6r\u00fclm\u00e9nyekt\u0151l f\u00fcgg\u0151en.  <\/p>\n\n<p>\u00c1ltal\u00e1nos szab\u00e1lyk\u00e9nt a folyamat n\u00e9h\u00e1ny h\u00f3napt\u00f3l ak\u00e1r t\u00f6bb \u00e9vig is eltarthat. Fontos, hogy a jel\u00f6ltek t\u00fcrelmesek legyenek, \u00e9s felk\u00e9sz\u00fcljenek a folyamat sor\u00e1n bek\u00f6vetkez\u0151 esetleges k\u00e9sedelmekre. A k\u00e9relmez\u0151k a <a href=\"https:\/\/us-gc.net\/hu\/lotto-green-card\/\">Green Card-sorsol\u00e1son<\/a> is jelentkezhetnek.<\/p>\n\n<p><\/p>\n","protected":false},"excerpt":{"rendered":"<p>Z\u00f6ldk\u00e1rtya megszerz\u00e9se foglalkoztat\u00e1s alapj\u00e1n Tudja meg, hogyan szerezhet Green Card az Egyes\u00fclt \u00c1llamokban munkav\u00e1llal\u00e1s \u00fatj\u00e1n. A munkav\u00e1llal\u00e1son alapul\u00f3 z\u00f6ld k\u00e1rtya nagyon n\u00e9pszer\u0171 a k\u00e9pzett bev\u00e1ndorl\u00f3k k\u00f6r\u00e9ben, akik leg\u00e1lisan szeretn\u00e9nek dolgozni \u00e9s tart\u00f3zkodni az Egyes\u00fclt \u00c1llamokban. Mi az a foglalkoztat\u00e1si alap\u00fa z\u00f6ld k\u00e1rtya? A foglalkoztat\u00e1son alapul\u00f3 z\u00f6ldk\u00e1rtya a szakk\u00e9pzett k\u00fclf\u00f6ldi munkav\u00e1llal\u00f3k sz\u00e1m\u00e1ra egy olyan lehet\u0151s\u00e9g, amely [&hellip;]<\/p>\n","protected":false},"author":1,"featured_media":0,"parent":0,"menu_order":0,"comment_status":"closed","ping_status":"closed","template":"","meta":{"footnotes":""},"class_list":["post-4678","page","type-page","status-publish","hentry"],"yoast_head":"<!-- This site is optimized with the Yoast SEO plugin v27.4 - https:\/\/yoast.com\/product\/yoast-seo-wordpress\/ -->\n<title>Munkav\u00e1llal\u00e1si alap\u00fa z\u00f6ld k\u00e1rtya bev\u00e1ndorl\u00f3k sz\u00e1m\u00e1ra - USA GC<\/title>\n<meta name=\"description\" content=\"Amerikai z\u00f6ldk\u00e1rtya megszerz\u00e9se amerikai ter\u00fcleten szerzett \u00e1ll\u00e1s alapj\u00e1n. Minden inform\u00e1ci\u00f3, amire sz\u00fcks\u00e9ge van a z\u00f6ldk\u00e1rtya megszerz\u00e9s\u00e9hez\" \/>\n<meta name=\"robots\" content=\"index, follow, max-snippet:-1, max-image-preview:large, max-video-preview:-1\" \/>\n<link rel=\"canonical\" href=\"https:\/\/us-gc.net\/hu\/green-card-munkaviszony-alapjan\/\" \/>\n<meta property=\"og:locale\" content=\"hu_HU\" \/>\n<meta property=\"og:type\" content=\"article\" \/>\n<meta property=\"og:title\" content=\"Munkav\u00e1llal\u00e1si alap\u00fa z\u00f6ld k\u00e1rtya bev\u00e1ndorl\u00f3k sz\u00e1m\u00e1ra - USA GC\" \/>\n<meta property=\"og:description\" content=\"Amerikai z\u00f6ldk\u00e1rtya megszerz\u00e9se amerikai ter\u00fcleten szerzett \u00e1ll\u00e1s alapj\u00e1n. Minden inform\u00e1ci\u00f3, amire sz\u00fcks\u00e9ge van a z\u00f6ldk\u00e1rtya megszerz\u00e9s\u00e9hez\" \/>\n<meta property=\"og:url\" content=\"https:\/\/us-gc.net\/hu\/green-card-munkaviszony-alapjan\/\" \/>\n<meta property=\"og:site_name\" content=\"USA GC\" \/>\n<meta property=\"article:modified_time\" content=\"2024-12-30T09:39:25+00:00\" \/>\n<meta name=\"twitter:card\" content=\"summary_large_image\" \/>\n<meta name=\"twitter:label1\" content=\"Becs\u00fclt olvas\u00e1si id\u0151\" \/>\n\t<meta name=\"twitter:data1\" content=\"3 perc\" \/>\n<script type=\"application\/ld+json\" class=\"yoast-schema-graph\">{\"@context\":\"https:\\\/\\\/schema.org\",\"@graph\":[{\"@type\":\"WebPage\",\"@id\":\"https:\\\/\\\/us-gc.net\\\/hu\\\/green-card-munkaviszony-alapjan\\\/\",\"url\":\"https:\\\/\\\/us-gc.net\\\/hu\\\/green-card-munkaviszony-alapjan\\\/\",\"name\":\"Munkav\u00e1llal\u00e1si alap\u00fa z\u00f6ld k\u00e1rtya bev\u00e1ndorl\u00f3k sz\u00e1m\u00e1ra - USA GC\",\"isPartOf\":{\"@id\":\"https:\\\/\\\/us-gc.net\\\/hu\\\/#website\"},\"datePublished\":\"2024-01-31T14:27:27+00:00\",\"dateModified\":\"2024-12-30T09:39:25+00:00\",\"description\":\"Amerikai z\u00f6ldk\u00e1rtya megszerz\u00e9se amerikai ter\u00fcleten szerzett \u00e1ll\u00e1s alapj\u00e1n. Minden inform\u00e1ci\u00f3, amire sz\u00fcks\u00e9ge van a z\u00f6ldk\u00e1rtya megszerz\u00e9s\u00e9hez\",\"breadcrumb\":{\"@id\":\"https:\\\/\\\/us-gc.net\\\/hu\\\/green-card-munkaviszony-alapjan\\\/#breadcrumb\"},\"inLanguage\":\"hu\",\"potentialAction\":[{\"@type\":\"ReadAction\",\"target\":[\"https:\\\/\\\/us-gc.net\\\/hu\\\/green-card-munkaviszony-alapjan\\\/\"]}]},{\"@type\":\"BreadcrumbList\",\"@id\":\"https:\\\/\\\/us-gc.net\\\/hu\\\/green-card-munkaviszony-alapjan\\\/#breadcrumb\",\"itemListElement\":[{\"@type\":\"ListItem\",\"position\":1,\"name\":\"Accueil\",\"item\":\"https:\\\/\\\/us-gc.net\\\/hu\\\/green-card\\\/\"},{\"@type\":\"ListItem\",\"position\":2,\"name\":\"Munkav\u00e1llal\u00e1si alap\u00fa z\u00f6ld k\u00e1rtya bev\u00e1ndorl\u00f3k sz\u00e1m\u00e1ra\"}]},{\"@type\":\"WebSite\",\"@id\":\"https:\\\/\\\/us-gc.net\\\/hu\\\/#website\",\"url\":\"https:\\\/\\\/us-gc.net\\\/hu\\\/\",\"name\":\"USA GC\",\"description\":\"\",\"potentialAction\":[{\"@type\":\"SearchAction\",\"target\":{\"@type\":\"EntryPoint\",\"urlTemplate\":\"https:\\\/\\\/us-gc.net\\\/hu\\\/?s={search_term_string}\"},\"query-input\":{\"@type\":\"PropertyValueSpecification\",\"valueRequired\":true,\"valueName\":\"search_term_string\"}}],\"inLanguage\":\"hu\"}]}<\/script>\n<!-- \/ Yoast SEO plugin. -->","yoast_head_json":{"title":"Munkav\u00e1llal\u00e1si alap\u00fa z\u00f6ld k\u00e1rtya bev\u00e1ndorl\u00f3k sz\u00e1m\u00e1ra - USA GC","description":"Amerikai z\u00f6ldk\u00e1rtya megszerz\u00e9se amerikai ter\u00fcleten szerzett \u00e1ll\u00e1s alapj\u00e1n. Minden inform\u00e1ci\u00f3, amire sz\u00fcks\u00e9ge van a z\u00f6ldk\u00e1rtya megszerz\u00e9s\u00e9hez","robots":{"index":"index","follow":"follow","max-snippet":"max-snippet:-1","max-image-preview":"max-image-preview:large","max-video-preview":"max-video-preview:-1"},"canonical":"https:\/\/us-gc.net\/hu\/green-card-munkaviszony-alapjan\/","og_locale":"hu_HU","og_type":"article","og_title":"Munkav\u00e1llal\u00e1si alap\u00fa z\u00f6ld k\u00e1rtya bev\u00e1ndorl\u00f3k sz\u00e1m\u00e1ra - USA GC","og_description":"Amerikai z\u00f6ldk\u00e1rtya megszerz\u00e9se amerikai ter\u00fcleten szerzett \u00e1ll\u00e1s alapj\u00e1n. Minden inform\u00e1ci\u00f3, amire sz\u00fcks\u00e9ge van a z\u00f6ldk\u00e1rtya megszerz\u00e9s\u00e9hez","og_url":"https:\/\/us-gc.net\/hu\/green-card-munkaviszony-alapjan\/","og_site_name":"USA GC","article_modified_time":"2024-12-30T09:39:25+00:00","twitter_card":"summary_large_image","twitter_misc":{"Becs\u00fclt olvas\u00e1si id\u0151":"3 perc"},"schema":{"@context":"https:\/\/schema.org","@graph":[{"@type":"WebPage","@id":"https:\/\/us-gc.net\/hu\/green-card-munkaviszony-alapjan\/","url":"https:\/\/us-gc.net\/hu\/green-card-munkaviszony-alapjan\/","name":"Munkav\u00e1llal\u00e1si alap\u00fa z\u00f6ld k\u00e1rtya bev\u00e1ndorl\u00f3k sz\u00e1m\u00e1ra - USA GC","isPartOf":{"@id":"https:\/\/us-gc.net\/hu\/#website"},"datePublished":"2024-01-31T14:27:27+00:00","dateModified":"2024-12-30T09:39:25+00:00","description":"Amerikai z\u00f6ldk\u00e1rtya megszerz\u00e9se amerikai ter\u00fcleten szerzett \u00e1ll\u00e1s alapj\u00e1n. Minden inform\u00e1ci\u00f3, amire sz\u00fcks\u00e9ge van a z\u00f6ldk\u00e1rtya megszerz\u00e9s\u00e9hez","breadcrumb":{"@id":"https:\/\/us-gc.net\/hu\/green-card-munkaviszony-alapjan\/#breadcrumb"},"inLanguage":"hu","potentialAction":[{"@type":"ReadAction","target":["https:\/\/us-gc.net\/hu\/green-card-munkaviszony-alapjan\/"]}]},{"@type":"BreadcrumbList","@id":"https:\/\/us-gc.net\/hu\/green-card-munkaviszony-alapjan\/#breadcrumb","itemListElement":[{"@type":"ListItem","position":1,"name":"Accueil","item":"https:\/\/us-gc.net\/hu\/green-card\/"},{"@type":"ListItem","position":2,"name":"Munkav\u00e1llal\u00e1si alap\u00fa z\u00f6ld k\u00e1rtya bev\u00e1ndorl\u00f3k sz\u00e1m\u00e1ra"}]},{"@type":"WebSite","@id":"https:\/\/us-gc.net\/hu\/#website","url":"https:\/\/us-gc.net\/hu\/","name":"USA GC","description":"","potentialAction":[{"@type":"SearchAction","target":{"@type":"EntryPoint","urlTemplate":"https:\/\/us-gc.net\/hu\/?s={search_term_string}"},"query-input":{"@type":"PropertyValueSpecification","valueRequired":true,"valueName":"search_term_string"}}],"inLanguage":"hu"}]}},"_links":{"self":[{"href":"https:\/\/us-gc.net\/hu\/wp-json\/wp\/v2\/pages\/4678","targetHints":{"allow":["GET"]}}],"collection":[{"href":"https:\/\/us-gc.net\/hu\/wp-json\/wp\/v2\/pages"}],"about":[{"href":"https:\/\/us-gc.net\/hu\/wp-json\/wp\/v2\/types\/page"}],"author":[{"embeddable":true,"href":"https:\/\/us-gc.net\/hu\/wp-json\/wp\/v2\/users\/1"}],"replies":[{"embeddable":true,"href":"https:\/\/us-gc.net\/hu\/wp-json\/wp\/v2\/comments?post=4678"}],"version-history":[{"count":1,"href":"https:\/\/us-gc.net\/hu\/wp-json\/wp\/v2\/pages\/4678\/revisions"}],"predecessor-version":[{"id":7634,"href":"https:\/\/us-gc.net\/hu\/wp-json\/wp\/v2\/pages\/4678\/revisions\/7634"}],"wp:attachment":[{"href":"https:\/\/us-gc.net\/hu\/wp-json\/wp\/v2\/media?parent=4678"}],"curies":[{"name":"wp","href":"https:\/\/api.w.org\/{rel}","templated":true}]}}