{"id":4676,"date":"2024-02-01T08:19:27","date_gmt":"2024-02-01T08:19:27","guid":{"rendered":"https:\/\/green-card-usa.net\/green-card-lotto-urlap\/"},"modified":"2025-03-31T10:05:54","modified_gmt":"2025-03-31T10:05:54","slug":"green-card-lotto-urlap","status":"publish","type":"page","link":"https:\/\/us-gc.net\/hu\/green-card-lotto-urlap\/","title":{"rendered":"Z\u00f6ldk\u00e1rtya lott\u00f3 online regisztr\u00e1ci\u00f3s \u0171rlap"},"content":{"rendered":"\t\t<div data-elementor-type=\"wp-page\" data-elementor-id=\"4676\" class=\"elementor elementor-4676 elementor-145\" data-elementor-post-type=\"page\">\n\t\t\t\t<div class=\"elementor-element elementor-element-75ef7d8 e-flex e-con-boxed e-con e-parent\" data-id=\"75ef7d8\" data-element_type=\"container\" data-e-type=\"container\">\n\t\t\t\t\t<div class=\"e-con-inner\">\n\t\t\t\t<div class=\"elementor-element elementor-element-3149e08 elementor-widget elementor-widget-heading\" data-id=\"3149e08\" data-element_type=\"widget\" data-e-type=\"widget\" data-widget_type=\"heading.default\">\n\t\t\t\t<div class=\"elementor-widget-container\">\n\t\t\t\t\t<h1 class=\"elementor-heading-title elementor-size-default\">Z\u00f6ldk\u00e1rtya lott\u00f3 regisztr\u00e1ci\u00f3s \u0171rlap<\/h1>\t\t\t\t<\/div>\n\t\t\t\t<\/div>\n\t\t\t\t\t<\/div>\n\t\t\t\t<\/div>\n\t\t<div class=\"elementor-element elementor-element-1c60801 e-flex e-con-boxed e-con e-parent\" data-id=\"1c60801\" data-element_type=\"container\" data-e-type=\"container\">\n\t\t\t\t\t<div class=\"e-con-inner\">\n\t\t\t\t<div class=\"elementor-element elementor-element-2e9ffc9 elementor-widget elementor-widget-text-editor\" data-id=\"2e9ffc9\" data-element_type=\"widget\" data-e-type=\"widget\" data-widget_type=\"text-editor.default\">\n\t\t\t\t<div class=\"elementor-widget-container\">\n\t\t\t\t\t\t\t\t\t<p>A k\u00f6vetkez\u0151 z\u00f6ldk\u00e1rtya-sorsol\u00e1sra val\u00f3 regisztr\u00e1ci\u00f3 teljes m\u00e9rt\u00e9kben online t\u00f6rt\u00e9nik. Az \u0171rlap kit\u00f6lt\u00e9se mind\u00f6ssze n\u00e9h\u00e1ny percet vesz ig\u00e9nybe. A lehet\u0151 leghamarabb biztos\u00edtsa jelentkez\u00e9s\u00e9t, nehogy elmulassza a regisztr\u00e1ci\u00f3s hat\u00e1rid\u0151t.<\/p>\n\t\t\t\t\t\t\t\t<\/div>\n\t\t\t\t<\/div>\n\t\t\t\t\t<\/div>\n\t\t\t\t<\/div>\n\t\t<div class=\"elementor-element elementor-element-9d42428 e-flex e-con-boxed e-con e-parent\" data-id=\"9d42428\" data-element_type=\"container\" data-e-type=\"container\">\n\t\t\t\t\t<div class=\"e-con-inner\">\n\t\t\t\t<div class=\"elementor-element elementor-element-6933e78 elementor-widget elementor-widget-text-editor\" data-id=\"6933e78\" data-element_type=\"widget\" data-e-type=\"widget\" data-widget_type=\"text-editor.default\">\n\t\t\t\t<div class=\"elementor-widget-container\">\n\t\t\t\t\t\t\t\t\t<p>A regisztr\u00e1ci\u00f3s \u0171rlapot viszonylag gyorsan ki lehet t\u00f6lteni. Ki kell t\u00f6ltenie egy sor szem\u00e9lyes adatot, \u00e9s meg kell felelnie bizonyos jogosults\u00e1gi felt\u00e9teleknek.<\/p>\n\t\t\t\t\t\t\t\t<\/div>\n\t\t\t\t<\/div>\n\t\t\t\t\t<\/div>\n\t\t\t\t<\/div>\n\t\t<div class=\"elementor-element elementor-element-6306da8 e-flex e-con-boxed e-con e-parent\" data-id=\"6306da8\" data-element_type=\"container\" data-e-type=\"container\">\n\t\t\t\t\t<div class=\"e-con-inner\">\n\t\t\t\t<div class=\"elementor-element elementor-element-b506912 elementor-widget elementor-widget-heading\" data-id=\"b506912\" data-element_type=\"widget\" data-e-type=\"widget\" data-widget_type=\"heading.default\">\n\t\t\t\t<div class=\"elementor-widget-container\">\n\t\t\t\t\t<h2 class=\"elementor-heading-title elementor-size-default\">Hogyan kell kit\u00f6lteni az \u0171rlapot<\/h2>\t\t\t\t<\/div>\n\t\t\t\t<\/div>\n\t\t\t\t\t<\/div>\n\t\t\t\t<\/div>\n\t\t<div class=\"elementor-element elementor-element-e5c6b45 e-flex e-con-boxed e-con e-parent\" data-id=\"e5c6b45\" data-element_type=\"container\" data-e-type=\"container\">\n\t\t\t\t\t<div class=\"e-con-inner\">\n\t\t\t\t<div class=\"elementor-element elementor-element-e90f36f elementor-widget elementor-widget-text-editor\" data-id=\"e90f36f\" data-element_type=\"widget\" data-e-type=\"widget\" data-widget_type=\"text-editor.default\">\n\t\t\t\t<div class=\"elementor-widget-container\">\n\t\t\t\t\t\t\t\t\t<p>Az \u0171rlapot teljes eg\u00e9sz\u00e9ben online kell kit\u00f6lteni. a regisztr\u00e1ci\u00f3 \u00e9rv\u00e9nyes\u00edt\u00e9s\u00e9hez sz\u00fcks\u00e9ges inform\u00e1ci\u00f3k a k\u00f6vetkez\u0151k:<\/p>\n<ul>\n<li>Az \u00d6n csal\u00e1di \u00e1llapota ;<\/li>\n<li>Az \u00d6n lak\u00f3helye ;<\/li>\n<li>Az \u00d6n e-mail c\u00edme \u00e9s telefonsz\u00e1ma ;<\/li>\n<li>Az \u00d6n iskolai v\u00e9gzetts\u00e9gi szintje ;<\/li>\n<li>Az \u00d6n csal\u00e1di helyzete ;<\/li>\n<li>Az \u00e9rv\u00e9nyes \u00fatlev\u00e9l.<\/li>\n<\/ul>\n<div> <\/div>\n<div>A z\u00f6ldk\u00e1rtya-sorsol\u00e1sra val\u00f3 regisztr\u00e1ci\u00f3 v\u00e9gleges\u00edt\u00e9s\u00e9hez be kell ny\u00fajtania egy <span style=\"text-decoration: underline;\"><a href=\"https:\/\/us-gc.net\/hu\/green-card-fenykep\/\">f\u00e9nyk\u00e9pet a z\u00f6ldk\u00e1rty\u00e1hoz<\/a><\/span> amely 6 h\u00f3napn\u00e1l nem r\u00e9gebbi, az el\u0151\u00edrt form\u00e1tumban.<\/div>\n\t\t\t\t\t\t\t\t<\/div>\n\t\t\t\t<\/div>\n\t\t\t\t\t<\/div>\n\t\t\t\t<\/div>\n\t\t<div class=\"elementor-element elementor-element-b40a6c1 e-flex e-con-boxed e-con e-parent\" data-id=\"b40a6c1\" data-element_type=\"container\" data-e-type=\"container\">\n\t\t\t\t\t<div class=\"e-con-inner\">\n\t\t\t\t<div class=\"elementor-element elementor-element-844f7e4 elementor-widget elementor-widget-heading\" data-id=\"844f7e4\" data-element_type=\"widget\" data-e-type=\"widget\" data-widget_type=\"heading.default\">\n\t\t\t\t<div class=\"elementor-widget-container\">\n\t\t\t\t\t<h2 class=\"elementor-heading-title elementor-size-default\">A t\u00e1mogathat\u00f3s\u00e1g felt\u00e9telei<\/h2>\t\t\t\t<\/div>\n\t\t\t\t<\/div>\n\t\t\t\t\t<\/div>\n\t\t\t\t<\/div>\n\t\t<div class=\"elementor-element elementor-element-905f167 e-flex e-con-boxed e-con e-parent\" data-id=\"905f167\" data-element_type=\"container\" data-e-type=\"container\">\n\t\t\t\t\t<div class=\"e-con-inner\">\n\t\t\t\t<div class=\"elementor-element elementor-element-a70162a elementor-widget elementor-widget-text-editor\" data-id=\"a70162a\" data-element_type=\"widget\" data-e-type=\"widget\" data-widget_type=\"text-editor.default\">\n\t\t\t\t<div class=\"elementor-widget-container\">\n\t\t\t\t\t\t\t\t\t<p>Az \u00e9ves amerikai z\u00f6ldk\u00e1rtya-sorsol\u00e1son val\u00f3 r\u00e9szv\u00e9telre vonatkoz\u00f3 jogosults\u00e1gi felt\u00e9telek nagyon egyszer\u0171ek. K\u00e9t f\u0151 krit\u00e9riumnak kell megfelelni:<\/p>\n<h3>Valamely jogosult orsz\u00e1g \u00e1llampolg\u00e1ra kell, hogy legyen<\/h3>\n<p>Nem minden orsz\u00e1g vehet r\u00e9szt a <span style=\"text-decoration: underline;\"><a href=\"https:\/\/us-gc.net\/hu\/lotto-green-card\/\">Z\u00f6ldk\u00e1rtya sorsol\u00e1son<\/a><\/span>. Az Egyes\u00fclt \u00c1llamok igyekszik fenntartani a vegyes bev\u00e1ndorl\u00f3 n\u00e9pess\u00e9get. Azon orsz\u00e1gok \u00e1llampolg\u00e1rai, amelyeknek az elm\u00falt \u00f6t \u00e9vben t\u00f6bb mint 50 000 \u00e1llampolg\u00e1ra v\u00e1ndorolt be az Egyes\u00fclt \u00c1llamokba, nem jogosultak a k\u00f6vetkez\u0151 k\u00e9relmekre <span style=\"text-decoration: underline;\"><a href=\"https:\/\/us-gc.net\/hu\/\">z\u00f6ld k\u00e1rtya<\/a><\/span>. Az USCIS minden \u00e9vben k\u00f6zz\u00e9teszi azon orsz\u00e1gok list\u00e1j\u00e1t, amelyek \u00e1llampolg\u00e1rai nem vehetnek r\u00e9szt a programban. Itt tal\u00e1lhat\u00f3 a sorsol\u00e1son val\u00f3 r\u00e9szv\u00e9telre nem jogosult orsz\u00e1gok list\u00e1ja. <span style=\"text-decoration: underline;\"><a href=\"https:\/\/us-gc.net\/hu\/lotto-green-card-2025\/\">Z\u00f6ld k\u00e1rtya 2025 lott\u00f3<\/a><\/span>.<\/p>\n<h3>Legal\u00e1bb fels\u0151fok\u00fa v\u00e9gzetts\u00e9ggel kell rendelkeznie<\/h3>\n<p>R\u00e9szv\u00e9tel a <span style=\"text-decoration: underline;\"><a href=\"https:\/\/us-gc.net\/hu\/amerikai-lotto-zold-kartya\/\">z\u00f6ldk\u00e1rtya lott\u00f3n<\/a><\/span> rendelkeznie kell egy minim\u00e1lis tanulm\u00e1nyi szinttel. Ez a magasabb szint\u0171 oktat\u00e1s k\u00e9tf\u00e9lek\u00e9ppen indokolhat\u00f3:<\/p>\n<ul>\n<li>\u00c9retts\u00e9gi vagy azzal egyen\u00e9rt\u00e9k\u0171 v\u00e9gzetts\u00e9g;<\/li>\n<li>Az elm\u00falt 5 \u00e9vben legal\u00e1bb 2 \u00e9vig bet\u00f6lt\u00f6tt olyan poz\u00edci\u00f3t, amely legal\u00e1bb 2 \u00e9ves k\u00e9pz\u00e9st vagy tapasztalatot ig\u00e9nyel.<\/li>\n<\/ul>\n\t\t\t\t\t\t\t\t<\/div>\n\t\t\t\t<\/div>\n\t\t\t\t\t<\/div>\n\t\t\t\t<\/div>\n\t\t<div class=\"elementor-element elementor-element-6a0528e e-flex e-con-boxed e-con e-parent\" data-id=\"6a0528e\" data-element_type=\"container\" data-e-type=\"container\">\n\t\t\t\t\t<div class=\"e-con-inner\">\n\t\t\t\t<div class=\"elementor-element elementor-element-57b8aba elementor-widget elementor-widget-heading\" data-id=\"57b8aba\" data-element_type=\"widget\" data-e-type=\"widget\" data-widget_type=\"heading.default\">\n\t\t\t\t<div class=\"elementor-widget-container\">\n\t\t\t\t\t<h2 class=\"elementor-heading-title elementor-size-default\">Z\u00f6ld k\u00e1rtya sorsol\u00e1s eredm\u00e9nyei<\/h2>\t\t\t\t<\/div>\n\t\t\t\t<\/div>\n\t\t\t\t\t<\/div>\n\t\t\t\t<\/div>\n\t\t<div class=\"elementor-element elementor-element-5bfb210 e-flex e-con-boxed e-con e-parent\" data-id=\"5bfb210\" data-element_type=\"container\" data-e-type=\"container\">\n\t\t\t\t\t<div class=\"e-con-inner\">\n\t\t\t\t<div class=\"elementor-element elementor-element-2e3ef98 elementor-widget elementor-widget-text-editor\" data-id=\"2e3ef98\" data-element_type=\"widget\" data-e-type=\"widget\" data-widget_type=\"text-editor.default\">\n\t\t\t\t<div class=\"elementor-widget-container\">\n\t\t\t\t\t\t\t\t\t<p>L\u00e1togasson el a  oldalra. <span style=\"text-decoration: underline;\"><a href=\"https:\/\/us-gc.net\/hu\/lotto-eredmenyek-green-card\/\">Z\u00f6ldk\u00e1rtya sorsol\u00e1s eredm\u00e9nyei<\/a><\/span> lott\u00f3 minden \u00e9vben online k\u00f6zz\u00e9teszik. A sorsol\u00e1son nyertes p\u00e1ly\u00e1z\u00f3k eset\u00e9ben megkezd\u0151dik a z\u00f6ldk\u00e1rtya megszerz\u00e9s\u00e9nek folyamata. Ez a folyamat t\u00f6bb h\u00f3napon kereszt\u00fcl tart. Az utols\u00f3 szakasz egy <span style=\"text-decoration: underline;\"><a href=\"https:\/\/us-gc.net\/hu\/interju-green-card\/\">interj\u00fa a z\u00f6ld k\u00e1rtya megszerz\u00e9s\u00e9hez<\/a><\/span>. Ez az interj\u00fa az USCIS tisztvisel\u0151j\u00e9vel t\u00f6rt\u00e9nik, \u00e9s lez\u00e1rja a folyamatot.<\/p>\n\t\t\t\t\t\t\t\t<\/div>\n\t\t\t\t<\/div>\n\t\t\t\t\t<\/div>\n\t\t\t\t<\/div>\n\t\t\t\t<\/div>\n\t\t","protected":false},"excerpt":{"rendered":"<p>Z\u00f6ldk\u00e1rtya lott\u00f3 regisztr\u00e1ci\u00f3s \u0171rlap A k\u00f6vetkez\u0151 z\u00f6ldk\u00e1rtya-sorsol\u00e1sra val\u00f3 regisztr\u00e1ci\u00f3 teljes m\u00e9rt\u00e9kben online t\u00f6rt\u00e9nik. Az \u0171rlap kit\u00f6lt\u00e9se mind\u00f6ssze n\u00e9h\u00e1ny percet vesz ig\u00e9nybe. A lehet\u0151 leghamarabb biztos\u00edtsa jelentkez\u00e9s\u00e9t, nehogy elmulassza a regisztr\u00e1ci\u00f3s hat\u00e1rid\u0151t. A regisztr\u00e1ci\u00f3s \u0171rlapot viszonylag gyorsan ki lehet t\u00f6lteni. Ki kell t\u00f6ltenie egy sor szem\u00e9lyes adatot, \u00e9s meg kell felelnie bizonyos jogosults\u00e1gi felt\u00e9teleknek. Hogyan kell [&hellip;]<\/p>\n","protected":false},"author":1,"featured_media":0,"parent":0,"menu_order":0,"comment_status":"closed","ping_status":"closed","template":"","meta":{"footnotes":""},"class_list":["post-4676","page","type-page","status-publish","hentry"],"yoast_head":"<!-- This site is optimized with the Yoast SEO plugin v27.4 - https:\/\/yoast.com\/product\/yoast-seo-wordpress\/ -->\n<title>Z\u00f6ldk\u00e1rtya lott\u00f3 online regisztr\u00e1ci\u00f3s \u0171rlap - USA GC<\/title>\n<meta name=\"description\" content=\"Regisztr\u00e1ljon k\u00f6zvetlen\u00fcl online, hogy r\u00e9szt vegyen a k\u00f6vetkez\u0151 amerikai z\u00f6ldk\u00e1rtya sorsol\u00e1son\" \/>\n<meta name=\"robots\" content=\"index, follow, max-snippet:-1, max-image-preview:large, max-video-preview:-1\" \/>\n<link rel=\"canonical\" href=\"https:\/\/us-gc.net\/hu\/green-card-lotto-urlap\/\" \/>\n<meta property=\"og:locale\" content=\"hu_HU\" \/>\n<meta property=\"og:type\" content=\"article\" \/>\n<meta property=\"og:title\" content=\"Z\u00f6ldk\u00e1rtya lott\u00f3 online regisztr\u00e1ci\u00f3s \u0171rlap - USA GC\" \/>\n<meta property=\"og:description\" content=\"Regisztr\u00e1ljon k\u00f6zvetlen\u00fcl online, hogy r\u00e9szt vegyen a k\u00f6vetkez\u0151 amerikai z\u00f6ldk\u00e1rtya sorsol\u00e1son\" \/>\n<meta property=\"og:url\" content=\"https:\/\/us-gc.net\/hu\/green-card-lotto-urlap\/\" \/>\n<meta property=\"og:site_name\" content=\"USA GC\" \/>\n<meta property=\"article:modified_time\" content=\"2025-03-31T10:05:54+00:00\" \/>\n<meta name=\"twitter:card\" content=\"summary_large_image\" \/>\n<meta name=\"twitter:label1\" content=\"Becs\u00fclt olvas\u00e1si id\u0151\" \/>\n\t<meta name=\"twitter:data1\" content=\"2 perc\" \/>\n<script type=\"application\/ld+json\" class=\"yoast-schema-graph\">{\"@context\":\"https:\\\/\\\/schema.org\",\"@graph\":[{\"@type\":\"WebPage\",\"@id\":\"https:\\\/\\\/us-gc.net\\\/hu\\\/green-card-lotto-urlap\\\/\",\"url\":\"https:\\\/\\\/us-gc.net\\\/hu\\\/green-card-lotto-urlap\\\/\",\"name\":\"Z\u00f6ldk\u00e1rtya lott\u00f3 online regisztr\u00e1ci\u00f3s \u0171rlap - USA GC\",\"isPartOf\":{\"@id\":\"https:\\\/\\\/us-gc.net\\\/hu\\\/#website\"},\"datePublished\":\"2024-02-01T08:19:27+00:00\",\"dateModified\":\"2025-03-31T10:05:54+00:00\",\"description\":\"Regisztr\u00e1ljon k\u00f6zvetlen\u00fcl online, hogy r\u00e9szt vegyen a k\u00f6vetkez\u0151 amerikai z\u00f6ldk\u00e1rtya sorsol\u00e1son\",\"breadcrumb\":{\"@id\":\"https:\\\/\\\/us-gc.net\\\/hu\\\/green-card-lotto-urlap\\\/#breadcrumb\"},\"inLanguage\":\"hu\",\"potentialAction\":[{\"@type\":\"ReadAction\",\"target\":[\"https:\\\/\\\/us-gc.net\\\/hu\\\/green-card-lotto-urlap\\\/\"]}]},{\"@type\":\"BreadcrumbList\",\"@id\":\"https:\\\/\\\/us-gc.net\\\/hu\\\/green-card-lotto-urlap\\\/#breadcrumb\",\"itemListElement\":[{\"@type\":\"ListItem\",\"position\":1,\"name\":\"Accueil\",\"item\":\"https:\\\/\\\/us-gc.net\\\/hu\\\/green-card\\\/\"},{\"@type\":\"ListItem\",\"position\":2,\"name\":\"Z\u00f6ldk\u00e1rtya lott\u00f3 online regisztr\u00e1ci\u00f3s \u0171rlap\"}]},{\"@type\":\"WebSite\",\"@id\":\"https:\\\/\\\/us-gc.net\\\/hu\\\/#website\",\"url\":\"https:\\\/\\\/us-gc.net\\\/hu\\\/\",\"name\":\"USA GC\",\"description\":\"\",\"potentialAction\":[{\"@type\":\"SearchAction\",\"target\":{\"@type\":\"EntryPoint\",\"urlTemplate\":\"https:\\\/\\\/us-gc.net\\\/hu\\\/?s={search_term_string}\"},\"query-input\":{\"@type\":\"PropertyValueSpecification\",\"valueRequired\":true,\"valueName\":\"search_term_string\"}}],\"inLanguage\":\"hu\"}]}<\/script>\n<!-- \/ Yoast SEO plugin. -->","yoast_head_json":{"title":"Z\u00f6ldk\u00e1rtya lott\u00f3 online regisztr\u00e1ci\u00f3s \u0171rlap - USA GC","description":"Regisztr\u00e1ljon k\u00f6zvetlen\u00fcl online, hogy r\u00e9szt vegyen a k\u00f6vetkez\u0151 amerikai z\u00f6ldk\u00e1rtya sorsol\u00e1son","robots":{"index":"index","follow":"follow","max-snippet":"max-snippet:-1","max-image-preview":"max-image-preview:large","max-video-preview":"max-video-preview:-1"},"canonical":"https:\/\/us-gc.net\/hu\/green-card-lotto-urlap\/","og_locale":"hu_HU","og_type":"article","og_title":"Z\u00f6ldk\u00e1rtya lott\u00f3 online regisztr\u00e1ci\u00f3s \u0171rlap - USA GC","og_description":"Regisztr\u00e1ljon k\u00f6zvetlen\u00fcl online, hogy r\u00e9szt vegyen a k\u00f6vetkez\u0151 amerikai z\u00f6ldk\u00e1rtya sorsol\u00e1son","og_url":"https:\/\/us-gc.net\/hu\/green-card-lotto-urlap\/","og_site_name":"USA GC","article_modified_time":"2025-03-31T10:05:54+00:00","twitter_card":"summary_large_image","twitter_misc":{"Becs\u00fclt olvas\u00e1si id\u0151":"2 perc"},"schema":{"@context":"https:\/\/schema.org","@graph":[{"@type":"WebPage","@id":"https:\/\/us-gc.net\/hu\/green-card-lotto-urlap\/","url":"https:\/\/us-gc.net\/hu\/green-card-lotto-urlap\/","name":"Z\u00f6ldk\u00e1rtya lott\u00f3 online regisztr\u00e1ci\u00f3s \u0171rlap - USA GC","isPartOf":{"@id":"https:\/\/us-gc.net\/hu\/#website"},"datePublished":"2024-02-01T08:19:27+00:00","dateModified":"2025-03-31T10:05:54+00:00","description":"Regisztr\u00e1ljon k\u00f6zvetlen\u00fcl online, hogy r\u00e9szt vegyen a k\u00f6vetkez\u0151 amerikai z\u00f6ldk\u00e1rtya sorsol\u00e1son","breadcrumb":{"@id":"https:\/\/us-gc.net\/hu\/green-card-lotto-urlap\/#breadcrumb"},"inLanguage":"hu","potentialAction":[{"@type":"ReadAction","target":["https:\/\/us-gc.net\/hu\/green-card-lotto-urlap\/"]}]},{"@type":"BreadcrumbList","@id":"https:\/\/us-gc.net\/hu\/green-card-lotto-urlap\/#breadcrumb","itemListElement":[{"@type":"ListItem","position":1,"name":"Accueil","item":"https:\/\/us-gc.net\/hu\/green-card\/"},{"@type":"ListItem","position":2,"name":"Z\u00f6ldk\u00e1rtya lott\u00f3 online regisztr\u00e1ci\u00f3s \u0171rlap"}]},{"@type":"WebSite","@id":"https:\/\/us-gc.net\/hu\/#website","url":"https:\/\/us-gc.net\/hu\/","name":"USA GC","description":"","potentialAction":[{"@type":"SearchAction","target":{"@type":"EntryPoint","urlTemplate":"https:\/\/us-gc.net\/hu\/?s={search_term_string}"},"query-input":{"@type":"PropertyValueSpecification","valueRequired":true,"valueName":"search_term_string"}}],"inLanguage":"hu"}]}},"_links":{"self":[{"href":"https:\/\/us-gc.net\/hu\/wp-json\/wp\/v2\/pages\/4676","targetHints":{"allow":["GET"]}}],"collection":[{"href":"https:\/\/us-gc.net\/hu\/wp-json\/wp\/v2\/pages"}],"about":[{"href":"https:\/\/us-gc.net\/hu\/wp-json\/wp\/v2\/types\/page"}],"author":[{"embeddable":true,"href":"https:\/\/us-gc.net\/hu\/wp-json\/wp\/v2\/users\/1"}],"replies":[{"embeddable":true,"href":"https:\/\/us-gc.net\/hu\/wp-json\/wp\/v2\/comments?post=4676"}],"version-history":[{"count":4,"href":"https:\/\/us-gc.net\/hu\/wp-json\/wp\/v2\/pages\/4676\/revisions"}],"predecessor-version":[{"id":10079,"href":"https:\/\/us-gc.net\/hu\/wp-json\/wp\/v2\/pages\/4676\/revisions\/10079"}],"wp:attachment":[{"href":"https:\/\/us-gc.net\/hu\/wp-json\/wp\/v2\/media?parent=4676"}],"curies":[{"name":"wp","href":"https:\/\/api.w.org\/{rel}","templated":true}]}}