{"id":4674,"date":"2024-01-31T16:45:20","date_gmt":"2024-01-31T16:45:20","guid":{"rendered":"https:\/\/green-card-usa.net\/kulonbseg-a-zoldkartya-es-a-vizum-kozott\/"},"modified":"2024-12-30T09:38:52","modified_gmt":"2024-12-30T09:38:52","slug":"kulonbseg-a-zoldkartya-es-a-vizum-kozott","status":"publish","type":"page","link":"https:\/\/us-gc.net\/hu\/kulonbseg-a-zoldkartya-es-a-vizum-kozott\/","title":{"rendered":"A z\u00f6ld k\u00e1rtya \u00e9s az USA-ba sz\u00f3l\u00f3 v\u00edzum k\u00f6z\u00f6tti k\u00fcl\u00f6nbs\u00e9g"},"content":{"rendered":"\n<h1 class=\"wp-block-heading\" id=\"h-quelle-est-la-difference-entre-une-green-card-et-un-visa-americain\">Mi a k\u00fcl\u00f6nbs\u00e9g a z\u00f6ld k\u00e1rtya \u00e9s az amerikai v\u00edzum k\u00f6z\u00f6tt?<\/h1>\n\n<p>A &#8222;z\u00f6ld k\u00e1rtya&#8221; \u00e9s az &#8222;amerikai v\u00edzum&#8221; kifejez\u00e9seket n\u00e9ha \u00f6sszekeverik, de ezek teljesen k\u00fcl\u00f6nb\u00f6z\u0151 tart\u00f3zkod\u00e1si enged\u00e9lyeket jelentenek az Egyes\u00fclt \u00c1llamokban. A k\u00fcl\u00f6nbs\u00e9gek meg\u00e9rt\u00e9se \u00e9rdek\u00e9ben ismertetj\u00fck a k\u00e9t enged\u00e9lyez\u00e9s alapelveit \u00e9s f\u0151bb elt\u00e9r\u00e9seit.<\/p>\n\n<h2 class=\"wp-block-heading\" id=\"h-qu-est-ce-qu-une-green-card\">Mi az a z\u00f6ld k\u00e1rtya?<\/h2>\n\n<p>A <a href=\"https:\/\/us-gc.net\/en\/\">Green Card<\/a> \u00e1lland\u00f3 tart\u00f3zkod\u00e1si enged\u00e9ly. Ez lehet\u0151v\u00e9 teszi, hogy birtokosa tart\u00f3san az Egyes\u00fclt \u00c1llamokban \u00e9ljen \u00e9s dolgozzon. Az ideiglenes v\u00edzummal ellent\u00e9tben a z\u00f6ld k\u00e1rtya \u00e1lland\u00f3 lakos st\u00e1tuszt biztos\u00edt. Ez egy meghat\u00e1rozott id\u0151szak ut\u00e1n megnyitja az utat az amerikai \u00e1llampolg\u00e1rs\u00e1g fel\u00e9.<\/p>\n\n<h2 class=\"wp-block-heading\" id=\"h-qu-est-ce-qu-un-visa-americain\">Mi az az amerikai v\u00edzum?<\/h2>\n\n<p>Az amerikai v\u00edzum az Egyes\u00fclt \u00c1llamok nagyk\u00f6vets\u00e9ge \u00e1ltal ki\u00e1ll\u00edtott dokumentum, amely lehet\u0151v\u00e9 teszi, hogy az adott szem\u00e9ly az Egyes\u00fclt \u00c1llamok hat\u00e1r\u00e1ra utazhasson, \u00e9s enged\u00e9lyt k\u00e9rjen az orsz\u00e1gba val\u00f3 bel\u00e9p\u00e9sre. A v\u00edzumok ideiglenes tart\u00f3zkod\u00e1sra vagy \u00e1lland\u00f3 bev\u00e1ndorl\u00e1sra szolg\u00e1lnak, de nem adnak \u00e1lland\u00f3 lakos st\u00e1tuszt.<\/p>\n\n<h2 class=\"wp-block-heading\" id=\"h-les-differences-cles-entre-visa-et-green-card\">A legfontosabb k\u00fcl\u00f6nbs\u00e9gek a v\u00edzum \u00e9s a z\u00f6ld k\u00e1rtya k\u00f6z\u00f6tt<\/h2>\n\n<ol class=\"wp-block-list\">\n<li><strong>C\u00e9l<\/strong>: A z\u00f6ldk\u00e1rtya azoknak sz\u00f3l, akik \u00e1lland\u00f3 lakhellyel k\u00edv\u00e1nnak rendelkezni az Egyes\u00fclt \u00c1llamokban. Az amerikai v\u00edzumot az Egyes\u00fclt \u00c1llamokba val\u00f3 ideiglenes bel\u00e9p\u00e9sre vagy a z\u00f6ld k\u00e1rtya megszerz\u00e9se el\u0151tti bev\u00e1ndorl\u00e1sra haszn\u00e1lj\u00e1k.<\/li>\n\n\n\n<li><strong>Id\u0151tartam<\/strong>: A z\u00f6ld k\u00e1rtya 10 \u00e9vig \u00e9rv\u00e9nyes az \u00e1lland\u00f3 lakosok sz\u00e1m\u00e1ra, \u00e9s meg kell \u00faj\u00edtani, de a st\u00e1tusz \u00e1lland\u00f3 marad. A v\u00edzumoknak meghat\u00e1rozott id\u0151tartamuk van, amelyet a v\u00edzum t\u00edpusa \u00e9s a tart\u00f3zkod\u00e1s c\u00e9lja hat\u00e1roz meg.<\/li>\n\n\n\n<li><strong>Megadott jogok<\/strong>: A z\u00f6ldk\u00e1rtya birtokosai az Egyes\u00fclt \u00c1llamokban b\u00e1rhol dolgozhatnak, \u00e9s bizonyos szoci\u00e1lis juttat\u00e1sokat \u00e9lvezhetnek. A v\u00edzummal rendelkez\u0151k sz\u00e1m\u00e1ra az adott v\u00edzumuk felt\u00e9telei szabnak korl\u00e1tokat.<\/li>\n\n\n\n<li><strong>A k\u00e9relem beny\u00fajt\u00e1s\u00e1nak folyamata<\/strong>: A z\u00f6ldk\u00e1rtya megszerz\u00e9s\u00e9re ir\u00e1nyul\u00f3 elj\u00e1r\u00e1s gyakran csal\u00e1di, foglalkoztat\u00e1si vagy egy\u00e9b k\u00fcl\u00f6nleges kateg\u00f3ri\u00e1k alapj\u00e1n t\u00f6rt\u00e9nik. A <a href=\"https:\/\/us-gc.net\/hu\/lotto-green-card\/\">Green Card sorsol\u00e1s \u00fatj\u00e1n<\/a> is meg lehet szerezni. A v\u00edzumelj\u00e1r\u00e1s \u00e1ltal\u00e1ban az Egyes\u00fclt \u00c1llamok nagyk\u00f6vets\u00e9g\u00e9n vagy konzul\u00e1tus\u00e1n beny\u00fajtott k\u00e9relemmel kezd\u0151dik.<\/li>\n<\/ol>\n","protected":false},"excerpt":{"rendered":"<p>Mi a k\u00fcl\u00f6nbs\u00e9g a z\u00f6ld k\u00e1rtya \u00e9s az amerikai v\u00edzum k\u00f6z\u00f6tt? A &#8222;z\u00f6ld k\u00e1rtya&#8221; \u00e9s az &#8222;amerikai v\u00edzum&#8221; kifejez\u00e9seket n\u00e9ha \u00f6sszekeverik, de ezek teljesen k\u00fcl\u00f6nb\u00f6z\u0151 tart\u00f3zkod\u00e1si enged\u00e9lyeket jelentenek az Egyes\u00fclt \u00c1llamokban. A k\u00fcl\u00f6nbs\u00e9gek meg\u00e9rt\u00e9se \u00e9rdek\u00e9ben ismertetj\u00fck a k\u00e9t enged\u00e9lyez\u00e9s alapelveit \u00e9s f\u0151bb elt\u00e9r\u00e9seit. Mi az a z\u00f6ld k\u00e1rtya? A Green Card \u00e1lland\u00f3 tart\u00f3zkod\u00e1si enged\u00e9ly. Ez [&hellip;]<\/p>\n","protected":false},"author":1,"featured_media":0,"parent":0,"menu_order":0,"comment_status":"closed","ping_status":"closed","template":"","meta":{"footnotes":""},"class_list":["post-4674","page","type-page","status-publish","hentry"],"yoast_head":"<!-- This site is optimized with the Yoast SEO plugin v27.4 - https:\/\/yoast.com\/product\/yoast-seo-wordpress\/ -->\n<title>A z\u00f6ld k\u00e1rtya \u00e9s az USA-ba sz\u00f3l\u00f3 v\u00edzum k\u00f6z\u00f6tti k\u00fcl\u00f6nbs\u00e9g - USA GC<\/title>\n<meta name=\"description\" content=\"Mi a k\u00fcl\u00f6nbs\u00e9g a z\u00f6ld k\u00e1rtya \u00e9s az amerikai utaz\u00e1si v\u00edzum k\u00f6z\u00f6tt? E k\u00e9t dokumentumnak nem ugyanaz a funkci\u00f3ja.\" \/>\n<meta name=\"robots\" content=\"index, follow, max-snippet:-1, max-image-preview:large, max-video-preview:-1\" \/>\n<link rel=\"canonical\" href=\"https:\/\/us-gc.net\/hu\/kulonbseg-a-zoldkartya-es-a-vizum-kozott\/\" \/>\n<meta property=\"og:locale\" content=\"hu_HU\" \/>\n<meta property=\"og:type\" content=\"article\" \/>\n<meta property=\"og:title\" content=\"A z\u00f6ld k\u00e1rtya \u00e9s az USA-ba sz\u00f3l\u00f3 v\u00edzum k\u00f6z\u00f6tti k\u00fcl\u00f6nbs\u00e9g - USA GC\" \/>\n<meta property=\"og:description\" content=\"Mi a k\u00fcl\u00f6nbs\u00e9g a z\u00f6ld k\u00e1rtya \u00e9s az amerikai utaz\u00e1si v\u00edzum k\u00f6z\u00f6tt? E k\u00e9t dokumentumnak nem ugyanaz a funkci\u00f3ja.\" \/>\n<meta property=\"og:url\" content=\"https:\/\/us-gc.net\/hu\/kulonbseg-a-zoldkartya-es-a-vizum-kozott\/\" \/>\n<meta property=\"og:site_name\" content=\"USA GC\" \/>\n<meta property=\"article:modified_time\" content=\"2024-12-30T09:38:52+00:00\" \/>\n<meta name=\"twitter:card\" content=\"summary_large_image\" \/>\n<meta name=\"twitter:label1\" content=\"Becs\u00fclt olvas\u00e1si id\u0151\" \/>\n\t<meta name=\"twitter:data1\" content=\"2 perc\" \/>\n<script type=\"application\/ld+json\" class=\"yoast-schema-graph\">{\"@context\":\"https:\\\/\\\/schema.org\",\"@graph\":[{\"@type\":\"WebPage\",\"@id\":\"https:\\\/\\\/us-gc.net\\\/hu\\\/kulonbseg-a-zoldkartya-es-a-vizum-kozott\\\/\",\"url\":\"https:\\\/\\\/us-gc.net\\\/hu\\\/kulonbseg-a-zoldkartya-es-a-vizum-kozott\\\/\",\"name\":\"A z\u00f6ld k\u00e1rtya \u00e9s az USA-ba sz\u00f3l\u00f3 v\u00edzum k\u00f6z\u00f6tti k\u00fcl\u00f6nbs\u00e9g - USA GC\",\"isPartOf\":{\"@id\":\"https:\\\/\\\/us-gc.net\\\/hu\\\/#website\"},\"datePublished\":\"2024-01-31T16:45:20+00:00\",\"dateModified\":\"2024-12-30T09:38:52+00:00\",\"description\":\"Mi a k\u00fcl\u00f6nbs\u00e9g a z\u00f6ld k\u00e1rtya \u00e9s az amerikai utaz\u00e1si v\u00edzum k\u00f6z\u00f6tt? E k\u00e9t dokumentumnak nem ugyanaz a funkci\u00f3ja.\",\"breadcrumb\":{\"@id\":\"https:\\\/\\\/us-gc.net\\\/hu\\\/kulonbseg-a-zoldkartya-es-a-vizum-kozott\\\/#breadcrumb\"},\"inLanguage\":\"hu\",\"potentialAction\":[{\"@type\":\"ReadAction\",\"target\":[\"https:\\\/\\\/us-gc.net\\\/hu\\\/kulonbseg-a-zoldkartya-es-a-vizum-kozott\\\/\"]}]},{\"@type\":\"BreadcrumbList\",\"@id\":\"https:\\\/\\\/us-gc.net\\\/hu\\\/kulonbseg-a-zoldkartya-es-a-vizum-kozott\\\/#breadcrumb\",\"itemListElement\":[{\"@type\":\"ListItem\",\"position\":1,\"name\":\"Accueil\",\"item\":\"https:\\\/\\\/us-gc.net\\\/hu\\\/green-card\\\/\"},{\"@type\":\"ListItem\",\"position\":2,\"name\":\"A z\u00f6ld k\u00e1rtya \u00e9s az USA-ba sz\u00f3l\u00f3 v\u00edzum k\u00f6z\u00f6tti k\u00fcl\u00f6nbs\u00e9g\"}]},{\"@type\":\"WebSite\",\"@id\":\"https:\\\/\\\/us-gc.net\\\/hu\\\/#website\",\"url\":\"https:\\\/\\\/us-gc.net\\\/hu\\\/\",\"name\":\"USA GC\",\"description\":\"\",\"potentialAction\":[{\"@type\":\"SearchAction\",\"target\":{\"@type\":\"EntryPoint\",\"urlTemplate\":\"https:\\\/\\\/us-gc.net\\\/hu\\\/?s={search_term_string}\"},\"query-input\":{\"@type\":\"PropertyValueSpecification\",\"valueRequired\":true,\"valueName\":\"search_term_string\"}}],\"inLanguage\":\"hu\"}]}<\/script>\n<!-- \/ Yoast SEO plugin. -->","yoast_head_json":{"title":"A z\u00f6ld k\u00e1rtya \u00e9s az USA-ba sz\u00f3l\u00f3 v\u00edzum k\u00f6z\u00f6tti k\u00fcl\u00f6nbs\u00e9g - USA GC","description":"Mi a k\u00fcl\u00f6nbs\u00e9g a z\u00f6ld k\u00e1rtya \u00e9s az amerikai utaz\u00e1si v\u00edzum k\u00f6z\u00f6tt? E k\u00e9t dokumentumnak nem ugyanaz a funkci\u00f3ja.","robots":{"index":"index","follow":"follow","max-snippet":"max-snippet:-1","max-image-preview":"max-image-preview:large","max-video-preview":"max-video-preview:-1"},"canonical":"https:\/\/us-gc.net\/hu\/kulonbseg-a-zoldkartya-es-a-vizum-kozott\/","og_locale":"hu_HU","og_type":"article","og_title":"A z\u00f6ld k\u00e1rtya \u00e9s az USA-ba sz\u00f3l\u00f3 v\u00edzum k\u00f6z\u00f6tti k\u00fcl\u00f6nbs\u00e9g - USA GC","og_description":"Mi a k\u00fcl\u00f6nbs\u00e9g a z\u00f6ld k\u00e1rtya \u00e9s az amerikai utaz\u00e1si v\u00edzum k\u00f6z\u00f6tt? E k\u00e9t dokumentumnak nem ugyanaz a funkci\u00f3ja.","og_url":"https:\/\/us-gc.net\/hu\/kulonbseg-a-zoldkartya-es-a-vizum-kozott\/","og_site_name":"USA GC","article_modified_time":"2024-12-30T09:38:52+00:00","twitter_card":"summary_large_image","twitter_misc":{"Becs\u00fclt olvas\u00e1si id\u0151":"2 perc"},"schema":{"@context":"https:\/\/schema.org","@graph":[{"@type":"WebPage","@id":"https:\/\/us-gc.net\/hu\/kulonbseg-a-zoldkartya-es-a-vizum-kozott\/","url":"https:\/\/us-gc.net\/hu\/kulonbseg-a-zoldkartya-es-a-vizum-kozott\/","name":"A z\u00f6ld k\u00e1rtya \u00e9s az USA-ba sz\u00f3l\u00f3 v\u00edzum k\u00f6z\u00f6tti k\u00fcl\u00f6nbs\u00e9g - USA GC","isPartOf":{"@id":"https:\/\/us-gc.net\/hu\/#website"},"datePublished":"2024-01-31T16:45:20+00:00","dateModified":"2024-12-30T09:38:52+00:00","description":"Mi a k\u00fcl\u00f6nbs\u00e9g a z\u00f6ld k\u00e1rtya \u00e9s az amerikai utaz\u00e1si v\u00edzum k\u00f6z\u00f6tt? E k\u00e9t dokumentumnak nem ugyanaz a funkci\u00f3ja.","breadcrumb":{"@id":"https:\/\/us-gc.net\/hu\/kulonbseg-a-zoldkartya-es-a-vizum-kozott\/#breadcrumb"},"inLanguage":"hu","potentialAction":[{"@type":"ReadAction","target":["https:\/\/us-gc.net\/hu\/kulonbseg-a-zoldkartya-es-a-vizum-kozott\/"]}]},{"@type":"BreadcrumbList","@id":"https:\/\/us-gc.net\/hu\/kulonbseg-a-zoldkartya-es-a-vizum-kozott\/#breadcrumb","itemListElement":[{"@type":"ListItem","position":1,"name":"Accueil","item":"https:\/\/us-gc.net\/hu\/green-card\/"},{"@type":"ListItem","position":2,"name":"A z\u00f6ld k\u00e1rtya \u00e9s az USA-ba sz\u00f3l\u00f3 v\u00edzum k\u00f6z\u00f6tti k\u00fcl\u00f6nbs\u00e9g"}]},{"@type":"WebSite","@id":"https:\/\/us-gc.net\/hu\/#website","url":"https:\/\/us-gc.net\/hu\/","name":"USA GC","description":"","potentialAction":[{"@type":"SearchAction","target":{"@type":"EntryPoint","urlTemplate":"https:\/\/us-gc.net\/hu\/?s={search_term_string}"},"query-input":{"@type":"PropertyValueSpecification","valueRequired":true,"valueName":"search_term_string"}}],"inLanguage":"hu"}]}},"_links":{"self":[{"href":"https:\/\/us-gc.net\/hu\/wp-json\/wp\/v2\/pages\/4674","targetHints":{"allow":["GET"]}}],"collection":[{"href":"https:\/\/us-gc.net\/hu\/wp-json\/wp\/v2\/pages"}],"about":[{"href":"https:\/\/us-gc.net\/hu\/wp-json\/wp\/v2\/types\/page"}],"author":[{"embeddable":true,"href":"https:\/\/us-gc.net\/hu\/wp-json\/wp\/v2\/users\/1"}],"replies":[{"embeddable":true,"href":"https:\/\/us-gc.net\/hu\/wp-json\/wp\/v2\/comments?post=4674"}],"version-history":[{"count":1,"href":"https:\/\/us-gc.net\/hu\/wp-json\/wp\/v2\/pages\/4674\/revisions"}],"predecessor-version":[{"id":7590,"href":"https:\/\/us-gc.net\/hu\/wp-json\/wp\/v2\/pages\/4674\/revisions\/7590"}],"wp:attachment":[{"href":"https:\/\/us-gc.net\/hu\/wp-json\/wp\/v2\/media?parent=4674"}],"curies":[{"name":"wp","href":"https:\/\/api.w.org\/{rel}","templated":true}]}}