{"id":4597,"date":"2024-02-05T09:01:51","date_gmt":"2024-02-05T09:01:51","guid":{"rendered":"https:\/\/green-card-usa.net\/contact\/"},"modified":"2025-03-31T10:05:25","modified_gmt":"2025-03-31T10:05:25","slug":"contact","status":"publish","type":"page","link":"https:\/\/us-gc.net\/hu\/contact\/","title":{"rendered":"Kapcsolat"},"content":{"rendered":"\n<h1 class=\"wp-block-heading\" id=\"h-formulaire-pour-nous-contacter\">Kapcsolatfelv\u00e9teli \u0171rlap<\/h1>\n\n<p>Mi egy priv\u00e1t online h\u00edroldal vagyunk. Egyetlen c\u00e9lunk, hogy t\u00e1j\u00e9koztassuk az internetfelhaszn\u00e1l\u00f3kat az Egyes\u00fclt \u00c1llamok munkaer\u0151piac\u00e1r\u00f3l. Az oldalon nem k\u00edn\u00e1lunk semmilyen kereskedelmi szolg\u00e1ltat\u00e1st. <\/p>\n\n<p>Semmilyen m\u00f3don nem kapcsol\u00f3dunk az amerikai vagy b\u00e1rmely m\u00e1s korm\u00e1nyzathoz. Nem \u00e1ll m\u00f3dunkban t\u00e1mogat\u00e1st ny\u00fajtani egy hivatalos weboldalon vagy egy adminisztrat\u00edv formalit\u00e1sokban seg\u00edts\u00e9get ny\u00fajt\u00f3 mag\u00e1noldalon lefolytatott elj\u00e1r\u00e1shoz.<\/p>\n<div class=\"wpforms-container wpforms-container-full wpforms-block wpforms-block-c46b6f82-8106-4617-8172-d428defcc7bc wpforms-render-modern\" id=\"wpforms-492\"><form id=\"wpforms-form-492\" class=\"wpforms-validate wpforms-form wpforms-ajax-form\" data-formid=\"492\" method=\"post\" enctype=\"multipart\/form-data\" action=\"\/hu\/wp-json\/wp\/v2\/pages\/4597\" data-token=\"50899a1fef15029fd4a27e8bf24bf101\" data-token-time=\"1776785171\"><noscript class=\"wpforms-error-noscript\">Please enable JavaScript in your browser to complete this form.<\/noscript><div class=\"wpforms-hidden\" id=\"wpforms-error-noscript\">Please enable JavaScript in your browser to complete this form.<\/div><div class=\"wpforms-field-container\"><div id=\"wpforms-492-field_0-container\" class=\"wpforms-field wpforms-field-name\" data-field-id=\"0\"><label class=\"wpforms-field-label\" for=\"wpforms-492-field_0\">Nom <span class=\"wpforms-required-label\" aria-hidden=\"true\">*<\/span><\/label><input type=\"text\" id=\"wpforms-492-field_0\" class=\"wpforms-field-medium wpforms-field-required\" name=\"wpforms[fields][0]\" aria-errormessage=\"wpforms-492-field_0-error\" required><\/div><div id=\"wpforms-492-field_1-container\" class=\"wpforms-field wpforms-field-email\" data-field-id=\"1\"><label class=\"wpforms-field-label\" for=\"wpforms-492-field_1\">E-mail <span class=\"wpforms-required-label\" aria-hidden=\"true\">*<\/span><\/label><input type=\"email\" id=\"wpforms-492-field_1\" class=\"wpforms-field-medium wpforms-field-required\" name=\"wpforms[fields][1]\" spellcheck=\"false\" aria-errormessage=\"wpforms-492-field_1-error\" required><\/div><div id=\"wpforms-492-field_2-container\" class=\"wpforms-field wpforms-field-textarea\" data-field-id=\"2\"><label class=\"wpforms-field-label\" for=\"wpforms-492-field_2\">Message <span class=\"wpforms-required-label\" aria-hidden=\"true\">*<\/span><\/label><textarea id=\"wpforms-492-field_2\" class=\"wpforms-field-medium wpforms-field-required\" name=\"wpforms[fields][2]\" aria-errormessage=\"wpforms-492-field_2-error\" required><\/textarea><\/div><\/div><!-- .wpforms-field-container --><div class=\"wpforms-submit-container\" ><input type=\"hidden\" name=\"wpforms[id]\" value=\"492\"><input type=\"hidden\" name=\"page_title\" value=\"\"><input type=\"hidden\" name=\"page_url\" value=\"https:\/\/us-gc.net\/hu\/wp-json\/wp\/v2\/pages\/4597\"><input type=\"hidden\" name=\"url_referer\" value=\"\"><button type=\"submit\" name=\"wpforms[submit]\" id=\"wpforms-submit-492\" class=\"wpforms-submit\" data-alt-text=\"Envoi...\" data-submit-text=\"Envoyer\" aria-live=\"assertive\" value=\"wpforms-submit\">Envoyer<\/button><img decoding=\"async\" src=\"https:\/\/us-gc.net\/wp-content\/plugins\/wpforms\/assets\/images\/submit-spin.svg\" class=\"wpforms-submit-spinner\" style=\"display: none;\" width=\"26\" height=\"26\" alt=\"Loading\"><\/div><\/form><\/div>  <!-- .wpforms-container -->","protected":false},"excerpt":{"rendered":"<p>Kapcsolatfelv\u00e9teli \u0171rlap Mi egy priv\u00e1t online h\u00edroldal vagyunk. Egyetlen c\u00e9lunk, hogy t\u00e1j\u00e9koztassuk az internetfelhaszn\u00e1l\u00f3kat az Egyes\u00fclt \u00c1llamok munkaer\u0151piac\u00e1r\u00f3l. Az oldalon nem k\u00edn\u00e1lunk semmilyen kereskedelmi szolg\u00e1ltat\u00e1st. Semmilyen m\u00f3don nem kapcsol\u00f3dunk az amerikai vagy b\u00e1rmely m\u00e1s korm\u00e1nyzathoz. Nem \u00e1ll m\u00f3dunkban t\u00e1mogat\u00e1st ny\u00fajtani egy hivatalos weboldalon vagy egy adminisztrat\u00edv formalit\u00e1sokban seg\u00edts\u00e9get ny\u00fajt\u00f3 mag\u00e1noldalon lefolytatott elj\u00e1r\u00e1shoz.<\/p>\n","protected":false},"author":1,"featured_media":0,"parent":0,"menu_order":0,"comment_status":"closed","ping_status":"closed","template":"","meta":{"footnotes":""},"class_list":["post-4597","page","type-page","status-publish","hentry"],"yoast_head":"<!-- This site is optimized with the Yoast SEO plugin v27.4 - https:\/\/yoast.com\/product\/yoast-seo-wordpress\/ -->\n<title>Kapcsolat - USA GC<\/title>\n<meta name=\"description\" content=\"us-gc.net kapcsolatfelv\u00e9teli \u0171rlap\" \/>\n<meta name=\"robots\" content=\"noindex, nofollow\" \/>\n<meta property=\"og:locale\" content=\"hu_HU\" \/>\n<meta property=\"og:type\" content=\"article\" \/>\n<meta property=\"og:title\" content=\"Kapcsolat - USA GC\" \/>\n<meta property=\"og:description\" content=\"us-gc.net kapcsolatfelv\u00e9teli \u0171rlap\" \/>\n<meta property=\"og:url\" content=\"https:\/\/us-gc.net\/hu\/contact\/\" \/>\n<meta property=\"og:site_name\" content=\"USA GC\" \/>\n<meta property=\"article:modified_time\" content=\"2025-03-31T10:05:25+00:00\" \/>\n<meta name=\"twitter:card\" content=\"summary_large_image\" \/>\n<script type=\"application\/ld+json\" class=\"yoast-schema-graph\">{\"@context\":\"https:\\\/\\\/schema.org\",\"@graph\":[{\"@type\":\"WebPage\",\"@id\":\"https:\\\/\\\/us-gc.net\\\/hu\\\/contact\\\/\",\"url\":\"https:\\\/\\\/us-gc.net\\\/hu\\\/contact\\\/\",\"name\":\"Kapcsolat - USA GC\",\"isPartOf\":{\"@id\":\"https:\\\/\\\/us-gc.net\\\/hu\\\/#website\"},\"datePublished\":\"2024-02-05T09:01:51+00:00\",\"dateModified\":\"2025-03-31T10:05:25+00:00\",\"description\":\"us-gc.net kapcsolatfelv\u00e9teli \u0171rlap\",\"breadcrumb\":{\"@id\":\"https:\\\/\\\/us-gc.net\\\/hu\\\/contact\\\/#breadcrumb\"},\"inLanguage\":\"hu\",\"potentialAction\":[{\"@type\":\"ReadAction\",\"target\":[\"https:\\\/\\\/us-gc.net\\\/hu\\\/contact\\\/\"]}]},{\"@type\":\"BreadcrumbList\",\"@id\":\"https:\\\/\\\/us-gc.net\\\/hu\\\/contact\\\/#breadcrumb\",\"itemListElement\":[{\"@type\":\"ListItem\",\"position\":1,\"name\":\"Accueil\",\"item\":\"https:\\\/\\\/us-gc.net\\\/hu\\\/green-card\\\/\"},{\"@type\":\"ListItem\",\"position\":2,\"name\":\"Kapcsolat\"}]},{\"@type\":\"WebSite\",\"@id\":\"https:\\\/\\\/us-gc.net\\\/hu\\\/#website\",\"url\":\"https:\\\/\\\/us-gc.net\\\/hu\\\/\",\"name\":\"USA GC\",\"description\":\"\",\"potentialAction\":[{\"@type\":\"SearchAction\",\"target\":{\"@type\":\"EntryPoint\",\"urlTemplate\":\"https:\\\/\\\/us-gc.net\\\/hu\\\/?s={search_term_string}\"},\"query-input\":{\"@type\":\"PropertyValueSpecification\",\"valueRequired\":true,\"valueName\":\"search_term_string\"}}],\"inLanguage\":\"hu\"}]}<\/script>\n<!-- \/ Yoast SEO plugin. -->","yoast_head_json":{"title":"Kapcsolat - USA GC","description":"us-gc.net kapcsolatfelv\u00e9teli \u0171rlap","robots":{"index":"noindex","follow":"nofollow"},"og_locale":"hu_HU","og_type":"article","og_title":"Kapcsolat - USA GC","og_description":"us-gc.net kapcsolatfelv\u00e9teli \u0171rlap","og_url":"https:\/\/us-gc.net\/hu\/contact\/","og_site_name":"USA GC","article_modified_time":"2025-03-31T10:05:25+00:00","twitter_card":"summary_large_image","schema":{"@context":"https:\/\/schema.org","@graph":[{"@type":"WebPage","@id":"https:\/\/us-gc.net\/hu\/contact\/","url":"https:\/\/us-gc.net\/hu\/contact\/","name":"Kapcsolat - USA GC","isPartOf":{"@id":"https:\/\/us-gc.net\/hu\/#website"},"datePublished":"2024-02-05T09:01:51+00:00","dateModified":"2025-03-31T10:05:25+00:00","description":"us-gc.net kapcsolatfelv\u00e9teli \u0171rlap","breadcrumb":{"@id":"https:\/\/us-gc.net\/hu\/contact\/#breadcrumb"},"inLanguage":"hu","potentialAction":[{"@type":"ReadAction","target":["https:\/\/us-gc.net\/hu\/contact\/"]}]},{"@type":"BreadcrumbList","@id":"https:\/\/us-gc.net\/hu\/contact\/#breadcrumb","itemListElement":[{"@type":"ListItem","position":1,"name":"Accueil","item":"https:\/\/us-gc.net\/hu\/green-card\/"},{"@type":"ListItem","position":2,"name":"Kapcsolat"}]},{"@type":"WebSite","@id":"https:\/\/us-gc.net\/hu\/#website","url":"https:\/\/us-gc.net\/hu\/","name":"USA GC","description":"","potentialAction":[{"@type":"SearchAction","target":{"@type":"EntryPoint","urlTemplate":"https:\/\/us-gc.net\/hu\/?s={search_term_string}"},"query-input":{"@type":"PropertyValueSpecification","valueRequired":true,"valueName":"search_term_string"}}],"inLanguage":"hu"}]}},"_links":{"self":[{"href":"https:\/\/us-gc.net\/hu\/wp-json\/wp\/v2\/pages\/4597","targetHints":{"allow":["GET"]}}],"collection":[{"href":"https:\/\/us-gc.net\/hu\/wp-json\/wp\/v2\/pages"}],"about":[{"href":"https:\/\/us-gc.net\/hu\/wp-json\/wp\/v2\/types\/page"}],"author":[{"embeddable":true,"href":"https:\/\/us-gc.net\/hu\/wp-json\/wp\/v2\/users\/1"}],"replies":[{"embeddable":true,"href":"https:\/\/us-gc.net\/hu\/wp-json\/wp\/v2\/comments?post=4597"}],"version-history":[{"count":2,"href":"https:\/\/us-gc.net\/hu\/wp-json\/wp\/v2\/pages\/4597\/revisions"}],"predecessor-version":[{"id":8510,"href":"https:\/\/us-gc.net\/hu\/wp-json\/wp\/v2\/pages\/4597\/revisions\/8510"}],"wp:attachment":[{"href":"https:\/\/us-gc.net\/hu\/wp-json\/wp\/v2\/media?parent=4597"}],"curies":[{"name":"wp","href":"https:\/\/api.w.org\/{rel}","templated":true}]}}