{"id":98,"date":"2024-01-31T14:45:08","date_gmt":"2024-01-31T14:45:08","guid":{"rendered":"https:\/\/green-card-usa.net\/?page_id=98"},"modified":"2025-08-23T16:30:08","modified_gmt":"2025-08-23T16:30:08","slug":"green-card-photo","status":"publish","type":"page","link":"https:\/\/us-gc.net\/fr\/green-card-photo\/","title":{"rendered":"Green Card sp\u00e9cificit\u00e9s de la photo d&rsquo;identit\u00e9"},"content":{"rendered":"\n<h1 class=\"wp-block-heading\" id=\"h-les-specificites-de-la-photo-pour-la-green-card\">Les sp\u00e9cificit\u00e9s de la photo pour la Green Card<\/h1>\n\n\n\n<p>Lors du processus d&rsquo;obtention de la Green Card, le candidat doit fournir une photo d\u2019identit\u00e9. Le format de cette photo est sp\u00e9cifique, Il y a plusieurs r\u00e8gles imp\u00e9ratives \u00e0 respecter pour que la photo ne soit pas refus\u00e9e. <\/p>\n\n\n\n<h2 class=\"wp-block-heading\" id=\"h-quelles-sont-les-principales-regles-concernant-la-photo\">Quelles sont les principales r\u00e8gles concernant la photo ?<\/h2>\n\n\n\n<p>Les principales r\u00e8gles \u00e0 respecter pour la photo de la Green Card sont les suivantes :<\/p>\n\n\n\n<ol class=\"wp-block-list\">\n<li>Le format de la photo<\/li>\n\n\n\n<li>L&rsquo;anciennet\u00e9 de la photo<\/li>\n\n\n\n<li>La position de la t\u00eate sur la photo<\/li>\n\n\n\n<li>L&rsquo;arri\u00e8re plan de la prise de vue<\/li>\n\n\n\n<li>Que peut-on porter sur la photo ?<\/li>\n<\/ol>\n\n\n\n<h3 class=\"wp-block-heading\" id=\"h-1-quel-est-le-format-de-la-photo-pour-la-green-card\">1. Quel est le format de la photo pour la Green Card ?<\/h3>\n\n\n\n<p>La photo en version digitale doit \u00eatre un fichier JPEG. La taille minimum de la photo doit \u00eatre d\u2019au moins 600 pixels par 600 pixels et d\u2019au minimum 54 ko.<\/p>\n\n\n\n<h3 class=\"wp-block-heading\" id=\"h-2-quelle-peut-etre-l-anciennete-de-la-photo\">2. Quelle peut-\u00eatre l&rsquo;anciennet\u00e9 de la photo ?<\/h3>\n\n\n\n<p>La photo soumise pour l&rsquo;obtention de la Green Card ne doit pas dater de plus de 6 mois. Cela permet au D\u00e9partement d&rsquo;Etat am\u00e9ricain de s&rsquo;assurer que la photo correspond bien au visage du demandeur. Cette r\u00e8gle est imp\u00e9rative et doit \u00eatre prise tr\u00e8s au s\u00e9rieux. La photo est d\u00e9finitivement valid\u00e9e lors d&rsquo;un <a href=\"https:\/\/us-gc.net\/fr\/entretien-green-card\/\">entretien final pour la Green Card<\/a>.<\/p>\n\n\n\n<h3 class=\"wp-block-heading\" id=\"h-3-quelle-doit-etre-la-position-de-la-tete-sur-la-photo\">3. Quelle doit \u00eatre la position de la t\u00eate sur la photo ?<\/h3>\n\n\n\n<p>Le candidat doit avoir une expression neutre du visage et ne pas sourire. Son visage doit \u00eatre enti\u00e8rement visible et au centre de la photo. Le candidat doit faire face \u00e0 la cam\u00e9ra et sa t\u00eate doit repr\u00e9senter 60 % de la hauteur totale de la photo. Ses yeux doivent \u00eatre bien ouverts.<\/p>\n\n\n\n<h3 class=\"wp-block-heading\" id=\"h-4-comment-doit-etre-l-arriere-plan-de-la-prise-de-vue\">4. Comment doit \u00eatre l\u2019arri\u00e8re plan de la prise de vue ?<\/h3>\n\n\n\n<p>Le fond de la photo doit \u00eatre d\u2019une couleur unie, claire et sans aucune ombre. La couleur du fond peut \u00eatre le blanc ou le blanc cass\u00e9.<\/p>\n\n\n\n<h3 class=\"wp-block-heading\" id=\"h-5-peut-on-porter-des-lunettes-ou-le-voile-sur-la-photo\">5. Peut-on porter des lunettes ou le voile sur la photo ?<\/h3>\n\n\n\n<p>Il est interdit de porter des lunettes sur la photo de la Green Card. Le candidat \u00e0 la Green Card ne peut pas non plus porter de casquette ou de chapeau.<\/p>\n\n\n\n<p>En revanche, un foulard religieux peut \u00eatre port\u00e9e sur la photo de la Green Card. Toutefois le visage doit \u00eatre visible du haut du front jusqu&rsquo;en bas du menton.<\/p>\n\n\n\n<p>Ces r\u00e8gles concernent l&rsquo;ensemble des proc\u00e9dures d&rsquo;obtention d&rsquo;une Green Card, que ce soit :<\/p>\n\n\n\n<ul class=\"wp-block-list\">\n<li>La photo dans le cadre de la <a href=\"https:\/\/us-gc.net\/fr\/loterie-green-card\/\">loterie de la Green Card<\/a> ;<\/li>\n\n\n\n<li>La photo soumise pour une <a href=\"https:\/\/us-gc.net\/fr\/green-card-par-mariage\/\">Green Card par mariage<\/a>, une <a href=\"https:\/\/us-gc.net\/fr\/green-card-parrainage\/\">Green Card par sponsor<\/a> ou toutes les autres proc\u00e9dures pour obtenir une Green Card.<\/li>\n<\/ul>\n\n\n\n<div style=\"height:10px\" aria-hidden=\"true\" class=\"wp-block-spacer\"><\/div>\n\n\n\n<h2 class=\"wp-block-heading\" id=\"h-dimensions-de-la-photo-d-identite-de-la-green-card\">Dimensions de la photo d&rsquo;identit\u00e9 de la Green Card<\/h2>\n\n\n\n<figure class=\"wp-block-image size-full\"><img fetchpriority=\"high\" decoding=\"async\" width=\"601\" height=\"378\" src=\"https:\/\/us-gc.net\/wp-content\/uploads\/2024\/05\/Green-card-2024.jpg\" alt=\"Image d'une Green Card valable en 2024\" class=\"wp-image-4826\" srcset=\"https:\/\/us-gc.net\/wp-content\/uploads\/2024\/05\/Green-card-2024.jpg 601w, https:\/\/us-gc.net\/wp-content\/uploads\/2024\/05\/Green-card-2024-300x189.jpg 300w\" sizes=\"(max-width: 601px) 100vw, 601px\" \/><figcaption class=\"wp-element-caption\">Green Card pour r\u00e9sident permanent aux USA<\/figcaption><\/figure>\n","protected":false},"excerpt":{"rendered":"<p>Les sp\u00e9cificit\u00e9s de la photo pour la Green Card Lors du processus d&rsquo;obtention de la Green Card, le candidat doit fournir une photo d\u2019identit\u00e9. Le format de cette photo est sp\u00e9cifique, Il y a plusieurs r\u00e8gles imp\u00e9ratives \u00e0 respecter pour que la photo ne soit pas refus\u00e9e. Quelles sont les principales r\u00e8gles concernant la photo [&hellip;]<\/p>\n","protected":false},"author":1,"featured_media":0,"parent":0,"menu_order":0,"comment_status":"closed","ping_status":"closed","template":"","meta":{"footnotes":""},"class_list":["post-98","page","type-page","status-publish","hentry"],"yoast_head":"<!-- This site is optimized with the Yoast SEO plugin v27.4 - https:\/\/yoast.com\/product\/yoast-seo-wordpress\/ -->\n<title>Green Card sp\u00e9cificit\u00e9s de la photo d&#039;identit\u00e9 - USA GC<\/title>\n<meta name=\"description\" content=\"Dans le cadre de l&#039;obtention ou du renouvellement d&#039;une Green Card, le candidat doit fournir sa photo d&#039;identit\u00e9 en respectant des r\u00e8gles.\" \/>\n<meta name=\"robots\" content=\"index, follow, max-snippet:-1, max-image-preview:large, max-video-preview:-1\" \/>\n<link rel=\"canonical\" href=\"https:\/\/us-gc.net\/fr\/green-card-photo\/\" \/>\n<meta property=\"og:locale\" content=\"fr_FR\" \/>\n<meta property=\"og:type\" content=\"article\" \/>\n<meta property=\"og:title\" content=\"Green Card sp\u00e9cificit\u00e9s de la photo d&#039;identit\u00e9 - USA GC\" \/>\n<meta property=\"og:description\" content=\"Dans le cadre de l&#039;obtention ou du renouvellement d&#039;une Green Card, le candidat doit fournir sa photo d&#039;identit\u00e9 en respectant des r\u00e8gles.\" \/>\n<meta property=\"og:url\" content=\"https:\/\/us-gc.net\/fr\/green-card-photo\/\" \/>\n<meta property=\"og:site_name\" content=\"USA GC\" \/>\n<meta property=\"article:modified_time\" content=\"2025-08-23T16:30:08+00:00\" \/>\n<meta property=\"og:image\" content=\"https:\/\/us-gc.net\/wp-content\/uploads\/2024\/05\/Green-card-2024.jpg\" \/>\n<meta name=\"twitter:card\" content=\"summary_large_image\" \/>\n<meta name=\"twitter:label1\" content=\"Dur\u00e9e de lecture estim\u00e9e\" \/>\n\t<meta name=\"twitter:data1\" content=\"3 minutes\" \/>\n<script type=\"application\/ld+json\" class=\"yoast-schema-graph\">{\"@context\":\"https:\\\/\\\/schema.org\",\"@graph\":[{\"@type\":\"WebPage\",\"@id\":\"https:\\\/\\\/us-gc.net\\\/fr\\\/green-card-photo\\\/\",\"url\":\"https:\\\/\\\/us-gc.net\\\/fr\\\/green-card-photo\\\/\",\"name\":\"Green Card sp\u00e9cificit\u00e9s de la photo d'identit\u00e9 - USA GC\",\"isPartOf\":{\"@id\":\"https:\\\/\\\/us-gc.net\\\/fr\\\/#website\"},\"primaryImageOfPage\":{\"@id\":\"https:\\\/\\\/us-gc.net\\\/fr\\\/green-card-photo\\\/#primaryimage\"},\"image\":{\"@id\":\"https:\\\/\\\/us-gc.net\\\/fr\\\/green-card-photo\\\/#primaryimage\"},\"thumbnailUrl\":\"https:\\\/\\\/us-gc.net\\\/wp-content\\\/uploads\\\/2024\\\/05\\\/Green-card-2024.jpg\",\"datePublished\":\"2024-01-31T14:45:08+00:00\",\"dateModified\":\"2025-08-23T16:30:08+00:00\",\"description\":\"Dans le cadre de l'obtention ou du renouvellement d'une Green Card, le candidat doit fournir sa photo d'identit\u00e9 en respectant des r\u00e8gles.\",\"breadcrumb\":{\"@id\":\"https:\\\/\\\/us-gc.net\\\/fr\\\/green-card-photo\\\/#breadcrumb\"},\"inLanguage\":\"fr-FR\",\"potentialAction\":[{\"@type\":\"ReadAction\",\"target\":[\"https:\\\/\\\/us-gc.net\\\/fr\\\/green-card-photo\\\/\"]}]},{\"@type\":\"ImageObject\",\"inLanguage\":\"fr-FR\",\"@id\":\"https:\\\/\\\/us-gc.net\\\/fr\\\/green-card-photo\\\/#primaryimage\",\"url\":\"https:\\\/\\\/us-gc.net\\\/wp-content\\\/uploads\\\/2024\\\/05\\\/Green-card-2024.jpg\",\"contentUrl\":\"https:\\\/\\\/us-gc.net\\\/wp-content\\\/uploads\\\/2024\\\/05\\\/Green-card-2024.jpg\"},{\"@type\":\"BreadcrumbList\",\"@id\":\"https:\\\/\\\/us-gc.net\\\/fr\\\/green-card-photo\\\/#breadcrumb\",\"itemListElement\":[{\"@type\":\"ListItem\",\"position\":1,\"name\":\"Accueil\",\"item\":\"https:\\\/\\\/us-gc.net\\\/fr\\\/\"},{\"@type\":\"ListItem\",\"position\":2,\"name\":\"Green Card sp\u00e9cificit\u00e9s de la photo d&rsquo;identit\u00e9\"}]},{\"@type\":\"WebSite\",\"@id\":\"https:\\\/\\\/us-gc.net\\\/fr\\\/#website\",\"url\":\"https:\\\/\\\/us-gc.net\\\/fr\\\/\",\"name\":\"USA GC\",\"description\":\"\",\"potentialAction\":[{\"@type\":\"SearchAction\",\"target\":{\"@type\":\"EntryPoint\",\"urlTemplate\":\"https:\\\/\\\/us-gc.net\\\/fr\\\/?s={search_term_string}\"},\"query-input\":{\"@type\":\"PropertyValueSpecification\",\"valueRequired\":true,\"valueName\":\"search_term_string\"}}],\"inLanguage\":\"fr-FR\"}]}<\/script>\n<!-- \/ Yoast SEO plugin. -->","yoast_head_json":{"title":"Green Card sp\u00e9cificit\u00e9s de la photo d'identit\u00e9 - USA GC","description":"Dans le cadre de l'obtention ou du renouvellement d'une Green Card, le candidat doit fournir sa photo d'identit\u00e9 en respectant des r\u00e8gles.","robots":{"index":"index","follow":"follow","max-snippet":"max-snippet:-1","max-image-preview":"max-image-preview:large","max-video-preview":"max-video-preview:-1"},"canonical":"https:\/\/us-gc.net\/fr\/green-card-photo\/","og_locale":"fr_FR","og_type":"article","og_title":"Green Card sp\u00e9cificit\u00e9s de la photo d'identit\u00e9 - USA GC","og_description":"Dans le cadre de l'obtention ou du renouvellement d'une Green Card, le candidat doit fournir sa photo d'identit\u00e9 en respectant des r\u00e8gles.","og_url":"https:\/\/us-gc.net\/fr\/green-card-photo\/","og_site_name":"USA GC","article_modified_time":"2025-08-23T16:30:08+00:00","og_image":[{"url":"https:\/\/us-gc.net\/wp-content\/uploads\/2024\/05\/Green-card-2024.jpg","type":"","width":"","height":""}],"twitter_card":"summary_large_image","twitter_misc":{"Dur\u00e9e de lecture estim\u00e9e":"3 minutes"},"schema":{"@context":"https:\/\/schema.org","@graph":[{"@type":"WebPage","@id":"https:\/\/us-gc.net\/fr\/green-card-photo\/","url":"https:\/\/us-gc.net\/fr\/green-card-photo\/","name":"Green Card sp\u00e9cificit\u00e9s de la photo d'identit\u00e9 - USA GC","isPartOf":{"@id":"https:\/\/us-gc.net\/fr\/#website"},"primaryImageOfPage":{"@id":"https:\/\/us-gc.net\/fr\/green-card-photo\/#primaryimage"},"image":{"@id":"https:\/\/us-gc.net\/fr\/green-card-photo\/#primaryimage"},"thumbnailUrl":"https:\/\/us-gc.net\/wp-content\/uploads\/2024\/05\/Green-card-2024.jpg","datePublished":"2024-01-31T14:45:08+00:00","dateModified":"2025-08-23T16:30:08+00:00","description":"Dans le cadre de l'obtention ou du renouvellement d'une Green Card, le candidat doit fournir sa photo d'identit\u00e9 en respectant des r\u00e8gles.","breadcrumb":{"@id":"https:\/\/us-gc.net\/fr\/green-card-photo\/#breadcrumb"},"inLanguage":"fr-FR","potentialAction":[{"@type":"ReadAction","target":["https:\/\/us-gc.net\/fr\/green-card-photo\/"]}]},{"@type":"ImageObject","inLanguage":"fr-FR","@id":"https:\/\/us-gc.net\/fr\/green-card-photo\/#primaryimage","url":"https:\/\/us-gc.net\/wp-content\/uploads\/2024\/05\/Green-card-2024.jpg","contentUrl":"https:\/\/us-gc.net\/wp-content\/uploads\/2024\/05\/Green-card-2024.jpg"},{"@type":"BreadcrumbList","@id":"https:\/\/us-gc.net\/fr\/green-card-photo\/#breadcrumb","itemListElement":[{"@type":"ListItem","position":1,"name":"Accueil","item":"https:\/\/us-gc.net\/fr\/"},{"@type":"ListItem","position":2,"name":"Green Card sp\u00e9cificit\u00e9s de la photo d&rsquo;identit\u00e9"}]},{"@type":"WebSite","@id":"https:\/\/us-gc.net\/fr\/#website","url":"https:\/\/us-gc.net\/fr\/","name":"USA GC","description":"","potentialAction":[{"@type":"SearchAction","target":{"@type":"EntryPoint","urlTemplate":"https:\/\/us-gc.net\/fr\/?s={search_term_string}"},"query-input":{"@type":"PropertyValueSpecification","valueRequired":true,"valueName":"search_term_string"}}],"inLanguage":"fr-FR"}]}},"_links":{"self":[{"href":"https:\/\/us-gc.net\/fr\/wp-json\/wp\/v2\/pages\/98","targetHints":{"allow":["GET"]}}],"collection":[{"href":"https:\/\/us-gc.net\/fr\/wp-json\/wp\/v2\/pages"}],"about":[{"href":"https:\/\/us-gc.net\/fr\/wp-json\/wp\/v2\/types\/page"}],"author":[{"embeddable":true,"href":"https:\/\/us-gc.net\/fr\/wp-json\/wp\/v2\/users\/1"}],"replies":[{"embeddable":true,"href":"https:\/\/us-gc.net\/fr\/wp-json\/wp\/v2\/comments?post=98"}],"version-history":[{"count":1,"href":"https:\/\/us-gc.net\/fr\/wp-json\/wp\/v2\/pages\/98\/revisions"}],"predecessor-version":[{"id":7671,"href":"https:\/\/us-gc.net\/fr\/wp-json\/wp\/v2\/pages\/98\/revisions\/7671"}],"wp:attachment":[{"href":"https:\/\/us-gc.net\/fr\/wp-json\/wp\/v2\/media?parent=98"}],"curies":[{"name":"wp","href":"https:\/\/api.w.org\/{rel}","templated":true}]}}