{"id":94,"date":"2024-01-31T14:33:04","date_gmt":"2024-01-31T14:33:04","guid":{"rendered":"https:\/\/green-card-usa.net\/?page_id=94"},"modified":"2025-08-23T16:30:01","modified_gmt":"2025-08-23T16:30:01","slug":"green-card-par-mariage","status":"publish","type":"page","link":"https:\/\/us-gc.net\/fr\/green-card-par-mariage\/","title":{"rendered":"Green Card obtenue par le mariage"},"content":{"rendered":"\n<h1 class=\"wp-block-heading\" id=\"h-obtenir-une-green-card-par-mariage\">Obtenir une Green Card par mariage<\/h1>\n\n\n\n<p>La Green Card peut \u00eatre obtenue au motif d&rsquo;un mariage avec un citoyen am\u00e9ricain ou un R\u00e9sident Permanents L\u00e9gal (RPL). Le mariage permet donc de devenir r\u00e9sident permanent des \u00c9tats-Unis. Voici en d\u00e9tail les \u00e9tapes et les conditions essentielles pour en b\u00e9n\u00e9ficier.<\/p>\n\n\n\n<h2 class=\"wp-block-heading\" id=\"h-eligibilite-a-la-green-card-par-mariage\">\u00c9ligibilit\u00e9 \u00e0 la Green Card par Mariage<\/h2>\n\n\n\n<p>Pour \u00eatre \u00e9ligible \u00e0 une Green Card par mariage, vous devez \u00eatre mari\u00e9 \u00e0 un citoyen am\u00e9ricain ou un RPL. Le mariage doit \u00eatre l\u00e9gal et bas\u00e9 sur une relation authentique. L&rsquo;ambition de devenir r\u00e9sident permanent am\u00e9ricain ne doit pas \u00eatre la raison principale du mariage.<\/p>\n\n\n\n<h2 class=\"wp-block-heading\" id=\"h-conditions-et-preuves-requises\">Conditions et preuves requises<\/h2>\n\n\n\n<p>Les couples doivent fournir des preuves substantielles de leur mariage l\u00e9gitime. Par exemple, le couple peut fournir des relev\u00e9s bancaires conjoints, des baux ou des hypoth\u00e8ques communs, des photos de mariage et des \u00e9v\u00e9nements familiaux. Tout autre document attestant de leur relation peut \u00eatre pertinent et doit \u00eatre joint \u00e0 la demande.<\/p>\n\n\n\n<p>Si vous ne remplissez pas les conditions, il vous est toujours possible d&rsquo;obtenir une <a href=\"https:\/\/us-gc.net\/fr\/loterie-green-card\/\">Green Card \u00e0 la loterie<\/a>. <strong>Pour participer au tirage au sort annuel<\/strong> il vous suffit de remplir le <a href=\"https:\/\/us-gc.net\/fr\/formulaire-loterie-green-card\/\">formulaire en ligne<\/a>.<\/p>\n\n\n\n<div style=\"height:10px\" aria-hidden=\"true\" class=\"wp-block-spacer\"><\/div>\n\n\n\n<h2 class=\"wp-block-heading\" id=\"h-processus-de-demande\">Processus de Demande<\/h2>\n\n\n\n<p>La demande d&rsquo;une <a href=\"https:\/\/us-gc.net\/fr\/\">Green Card<\/a> en liaison avec un mariage se d\u00e9roule en plusieurs \u00e9tapes.<\/p>\n\n\n\n<ol class=\"wp-block-list\">\n<li><strong>Soumission de la p\u00e9tition<\/strong> : Le partenaire citoyen ou RPL doit d&rsquo;abord soumettre le <a href=\"https:\/\/www.uscis.gov\/i-130\">formulaire I-130<\/a>. Il s&rsquo;agit d&rsquo;une p\u00e9tition pour un parent \u00e9tranger \u00e0 soumettre aupr\u00e8s du Service de Citoyennet\u00e9 et Immigration des \u00c9tats-Unis (USCIS).<\/li>\n\n\n\n<li><strong>Ajustement de statut ou processus consulaire<\/strong> : Si le conjoint non citoyen est d\u00e9j\u00e0 aux \u00c9tats-Unis, il peut demander un ajustement de son statut avec le <a href=\"https:\/\/www.uscis.gov\/i-485\">formulaire I-485<\/a>. Si le conjoint est \u00e0 l&rsquo;ext\u00e9rieur des \u00c9tats-Unis, il passera par le consulat de son pays d&rsquo;origine.<\/li>\n\n\n\n<li><strong>Entretien et approbation<\/strong> : Les deux partenaires seront convoqu\u00e9s \u00e0 un <a href=\"https:\/\/us-gc.net\/fr\/entretien-green-card\/\">entretien de la Green Card<\/a> pour v\u00e9rifier l&rsquo;authenticit\u00e9 du mariage. Si la demande est approuv\u00e9e, le conjoint non citoyen obtiendra une Green Card.<\/li>\n<\/ol>\n\n\n\n<h2 class=\"wp-block-heading\" id=\"h-green-card-conditionnelle\">Green Card Conditionnelle<\/h2>\n\n\n\n<p>Si le mariage a moins de deux ans au moment de l&rsquo;approbation, le conjoint non citoyen recevra une Green Card conditionnelle valable deux ans. Avant son expiration, le couple devra soumettre le <a href=\"https:\/\/www.uscis.gov\/sites\/default\/files\/document\/forms\/i-751.pdf\">formulaire I-751<\/a> pour demander la suppression des conditions et obtenir une Green Card permanente.<\/p>\n\n\n\n<h2 class=\"wp-block-heading\" id=\"h-conseils-pour-une-reussir-la-demande-de-green-card\">Conseils pour une r\u00e9ussir la demande de Green Card<\/h2>\n\n\n\n<p>Une Green Card donne un droit de r\u00e9sidence permanente aux Etats Unis. La proc\u00e9dure d&rsquo;obtention d&rsquo;une Green Card par le mariage est particuli\u00e8rement \u00e9tudi\u00e9e et le succ\u00e8s n&rsquo;est pas garanti. Voici quelques conseils pertinent pour maximiser les chances de succ\u00e8s :<\/p>\n\n\n\n<ul class=\"wp-block-list\">\n<li><strong>Documentez minutieusement votre relation<\/strong> : Gardez une trace des documents et des photos qui prouvent la continuit\u00e9 et l&rsquo;authenticit\u00e9 de votre relation.<\/li>\n\n\n\n<li><strong>Pr\u00e9parez vous pour l&rsquo;entretien<\/strong> : Soyez pr\u00eat \u00e0 r\u00e9pondre de mani\u00e8re transparente et honn\u00eate aux questions sur votre relation et votre mariage.<\/li>\n\n\n\n<li><strong>Respectez les d\u00e9lais<\/strong> : Assurez vous de soumettre toutes les demandes et les documents n\u00e9cessaires dans les d\u00e9lais requis.<\/li>\n<\/ul>\n\n\n\n<p><\/p>\n","protected":false},"excerpt":{"rendered":"<p>Obtenir une Green Card par mariage La Green Card peut \u00eatre obtenue au motif d&rsquo;un mariage avec un citoyen am\u00e9ricain ou un R\u00e9sident Permanents L\u00e9gal (RPL). Le mariage permet donc de devenir r\u00e9sident permanent des \u00c9tats-Unis. Voici en d\u00e9tail les \u00e9tapes et les conditions essentielles pour en b\u00e9n\u00e9ficier. \u00c9ligibilit\u00e9 \u00e0 la Green Card par Mariage [&hellip;]<\/p>\n","protected":false},"author":1,"featured_media":0,"parent":0,"menu_order":0,"comment_status":"closed","ping_status":"closed","template":"","meta":{"footnotes":""},"class_list":["post-94","page","type-page","status-publish","hentry"],"yoast_head":"<!-- This site is optimized with the Yoast SEO plugin v27.4 - https:\/\/yoast.com\/product\/yoast-seo-wordpress\/ -->\n<title>Green Card obtenue par le mariage - USA GC<\/title>\n<meta name=\"description\" content=\"Obtenez une Green Card gr\u00e2ce \u00e0 votre mariage avec un citoyen am\u00e9ricain ou le d\u00e9tenteur d&#039;une Green Card am\u00e9ricaine\" \/>\n<meta name=\"robots\" content=\"index, follow, max-snippet:-1, max-image-preview:large, max-video-preview:-1\" \/>\n<link rel=\"canonical\" href=\"https:\/\/us-gc.net\/fr\/green-card-par-mariage\/\" \/>\n<meta property=\"og:locale\" content=\"fr_FR\" \/>\n<meta property=\"og:type\" content=\"article\" \/>\n<meta property=\"og:title\" content=\"Green Card obtenue par le mariage - USA GC\" \/>\n<meta property=\"og:description\" content=\"Obtenez une Green Card gr\u00e2ce \u00e0 votre mariage avec un citoyen am\u00e9ricain ou le d\u00e9tenteur d&#039;une Green Card am\u00e9ricaine\" \/>\n<meta property=\"og:url\" content=\"https:\/\/us-gc.net\/fr\/green-card-par-mariage\/\" \/>\n<meta property=\"og:site_name\" content=\"USA GC\" \/>\n<meta property=\"article:modified_time\" content=\"2025-08-23T16:30:01+00:00\" \/>\n<meta name=\"twitter:card\" content=\"summary_large_image\" \/>\n<meta name=\"twitter:label1\" content=\"Dur\u00e9e de lecture estim\u00e9e\" \/>\n\t<meta name=\"twitter:data1\" content=\"3 minutes\" \/>\n<script type=\"application\/ld+json\" class=\"yoast-schema-graph\">{\"@context\":\"https:\\\/\\\/schema.org\",\"@graph\":[{\"@type\":\"WebPage\",\"@id\":\"https:\\\/\\\/us-gc.net\\\/fr\\\/green-card-par-mariage\\\/\",\"url\":\"https:\\\/\\\/us-gc.net\\\/fr\\\/green-card-par-mariage\\\/\",\"name\":\"Green Card obtenue par le mariage - USA GC\",\"isPartOf\":{\"@id\":\"https:\\\/\\\/us-gc.net\\\/fr\\\/#website\"},\"datePublished\":\"2024-01-31T14:33:04+00:00\",\"dateModified\":\"2025-08-23T16:30:01+00:00\",\"description\":\"Obtenez une Green Card gr\u00e2ce \u00e0 votre mariage avec un citoyen am\u00e9ricain ou le d\u00e9tenteur d'une Green Card am\u00e9ricaine\",\"breadcrumb\":{\"@id\":\"https:\\\/\\\/us-gc.net\\\/fr\\\/green-card-par-mariage\\\/#breadcrumb\"},\"inLanguage\":\"fr-FR\",\"potentialAction\":[{\"@type\":\"ReadAction\",\"target\":[\"https:\\\/\\\/us-gc.net\\\/fr\\\/green-card-par-mariage\\\/\"]}]},{\"@type\":\"BreadcrumbList\",\"@id\":\"https:\\\/\\\/us-gc.net\\\/fr\\\/green-card-par-mariage\\\/#breadcrumb\",\"itemListElement\":[{\"@type\":\"ListItem\",\"position\":1,\"name\":\"Accueil\",\"item\":\"https:\\\/\\\/us-gc.net\\\/fr\\\/\"},{\"@type\":\"ListItem\",\"position\":2,\"name\":\"Green Card obtenue par le mariage\"}]},{\"@type\":\"WebSite\",\"@id\":\"https:\\\/\\\/us-gc.net\\\/fr\\\/#website\",\"url\":\"https:\\\/\\\/us-gc.net\\\/fr\\\/\",\"name\":\"USA GC\",\"description\":\"\",\"potentialAction\":[{\"@type\":\"SearchAction\",\"target\":{\"@type\":\"EntryPoint\",\"urlTemplate\":\"https:\\\/\\\/us-gc.net\\\/fr\\\/?s={search_term_string}\"},\"query-input\":{\"@type\":\"PropertyValueSpecification\",\"valueRequired\":true,\"valueName\":\"search_term_string\"}}],\"inLanguage\":\"fr-FR\"}]}<\/script>\n<!-- \/ Yoast SEO plugin. -->","yoast_head_json":{"title":"Green Card obtenue par le mariage - USA GC","description":"Obtenez une Green Card gr\u00e2ce \u00e0 votre mariage avec un citoyen am\u00e9ricain ou le d\u00e9tenteur d'une Green Card am\u00e9ricaine","robots":{"index":"index","follow":"follow","max-snippet":"max-snippet:-1","max-image-preview":"max-image-preview:large","max-video-preview":"max-video-preview:-1"},"canonical":"https:\/\/us-gc.net\/fr\/green-card-par-mariage\/","og_locale":"fr_FR","og_type":"article","og_title":"Green Card obtenue par le mariage - USA GC","og_description":"Obtenez une Green Card gr\u00e2ce \u00e0 votre mariage avec un citoyen am\u00e9ricain ou le d\u00e9tenteur d'une Green Card am\u00e9ricaine","og_url":"https:\/\/us-gc.net\/fr\/green-card-par-mariage\/","og_site_name":"USA GC","article_modified_time":"2025-08-23T16:30:01+00:00","twitter_card":"summary_large_image","twitter_misc":{"Dur\u00e9e de lecture estim\u00e9e":"3 minutes"},"schema":{"@context":"https:\/\/schema.org","@graph":[{"@type":"WebPage","@id":"https:\/\/us-gc.net\/fr\/green-card-par-mariage\/","url":"https:\/\/us-gc.net\/fr\/green-card-par-mariage\/","name":"Green Card obtenue par le mariage - USA GC","isPartOf":{"@id":"https:\/\/us-gc.net\/fr\/#website"},"datePublished":"2024-01-31T14:33:04+00:00","dateModified":"2025-08-23T16:30:01+00:00","description":"Obtenez une Green Card gr\u00e2ce \u00e0 votre mariage avec un citoyen am\u00e9ricain ou le d\u00e9tenteur d'une Green Card am\u00e9ricaine","breadcrumb":{"@id":"https:\/\/us-gc.net\/fr\/green-card-par-mariage\/#breadcrumb"},"inLanguage":"fr-FR","potentialAction":[{"@type":"ReadAction","target":["https:\/\/us-gc.net\/fr\/green-card-par-mariage\/"]}]},{"@type":"BreadcrumbList","@id":"https:\/\/us-gc.net\/fr\/green-card-par-mariage\/#breadcrumb","itemListElement":[{"@type":"ListItem","position":1,"name":"Accueil","item":"https:\/\/us-gc.net\/fr\/"},{"@type":"ListItem","position":2,"name":"Green Card obtenue par le mariage"}]},{"@type":"WebSite","@id":"https:\/\/us-gc.net\/fr\/#website","url":"https:\/\/us-gc.net\/fr\/","name":"USA GC","description":"","potentialAction":[{"@type":"SearchAction","target":{"@type":"EntryPoint","urlTemplate":"https:\/\/us-gc.net\/fr\/?s={search_term_string}"},"query-input":{"@type":"PropertyValueSpecification","valueRequired":true,"valueName":"search_term_string"}}],"inLanguage":"fr-FR"}]}},"_links":{"self":[{"href":"https:\/\/us-gc.net\/fr\/wp-json\/wp\/v2\/pages\/94","targetHints":{"allow":["GET"]}}],"collection":[{"href":"https:\/\/us-gc.net\/fr\/wp-json\/wp\/v2\/pages"}],"about":[{"href":"https:\/\/us-gc.net\/fr\/wp-json\/wp\/v2\/types\/page"}],"author":[{"embeddable":true,"href":"https:\/\/us-gc.net\/fr\/wp-json\/wp\/v2\/users\/1"}],"replies":[{"embeddable":true,"href":"https:\/\/us-gc.net\/fr\/wp-json\/wp\/v2\/comments?post=94"}],"version-history":[{"count":1,"href":"https:\/\/us-gc.net\/fr\/wp-json\/wp\/v2\/pages\/94\/revisions"}],"predecessor-version":[{"id":7649,"href":"https:\/\/us-gc.net\/fr\/wp-json\/wp\/v2\/pages\/94\/revisions\/7649"}],"wp:attachment":[{"href":"https:\/\/us-gc.net\/fr\/wp-json\/wp\/v2\/media?parent=94"}],"curies":[{"name":"wp","href":"https:\/\/api.w.org\/{rel}","templated":true}]}}