{"id":91,"date":"2024-01-31T14:27:27","date_gmt":"2024-01-31T14:27:27","guid":{"rendered":"https:\/\/green-card-usa.net\/?page_id=91"},"modified":"2025-08-23T16:29:52","modified_gmt":"2025-08-23T16:29:52","slug":"green-card-pour-emploi","status":"publish","type":"page","link":"https:\/\/us-gc.net\/fr\/green-card-pour-emploi\/","title":{"rendered":"Green Card bas\u00e9e sur l&#8217;emploi pour les immigrants"},"content":{"rendered":"\n<h1 class=\"wp-block-heading\" id=\"h-obtenir-une-green-card-basee-sur-l-emploi\">Obtenir une Green Card bas\u00e9e sur l&#8217;emploi<\/h1>\n\n\n\n<p>D\u00e9couvrez comment obtenir une <a href=\"https:\/\/us-gc.net\/fr\/\">Green Card<\/a> aux \u00c9tats-Unis gr\u00e2ce \u00e0 un emploi. La Green Card bas\u00e9e sur l&#8217;emploi est tr\u00e8s populaire pour les immigrants qualifi\u00e9s qui souhaitent travailler et r\u00e9sider l\u00e9galement aux \u00c9tats-Unis.<\/p>\n\n\n\n<h2 class=\"wp-block-heading\" id=\"h-qu-est-ce-qu-une-green-card-basee-sur-l-emploi\">Qu&rsquo;est-ce qu&rsquo;une Green Card bas\u00e9e sur l&#8217;emploi ?<\/h2>\n\n\n\n<p>La Green Card bas\u00e9e sur l&#8217;emploi est un moyen pour les travailleurs \u00e9trangers qualifi\u00e9s d&rsquo;obtenir la r\u00e9sidence permanente aux \u00c9tats-Unis gr\u00e2ce \u00e0 un emploi. Contrairement \u00e0 d&rsquo;autres options d&rsquo;immigration, celle-ci est sp\u00e9cifiquement destin\u00e9e aux individus qui poss\u00e8dent des comp\u00e9tences professionnelles recherch\u00e9es par les employeurs am\u00e9ricains. Elle permet aux d\u00e9tenteurs de visas de travail de devenir r\u00e9sidents permanents.<\/p>\n\n\n\n<h2 class=\"wp-block-heading\" id=\"h-eligibilite-et-criteres-de-qualification\">\u00c9ligibilit\u00e9 et crit\u00e8res de qualification<\/h2>\n\n\n\n<p>Pour \u00eatre \u00e9ligible \u00e0 une Green Card bas\u00e9e sur l&#8217;emploi, les candidats doivent remplir certaines conditions :<\/p>\n\n\n\n<ul class=\"wp-block-list\">\n<li>Poss\u00e9der une exp\u00e9rience professionnelle ad\u00e9quate dans un domaine sp\u00e9cifique ;<\/li>\n\n\n\n<li>Une offre d&#8217;emploi valide d&rsquo;un employeur am\u00e9ricain ;<\/li>\n\n\n\n<li>Des qualifications \u00e9ducatives ou professionnelles qui r\u00e9pondent aux exigences du poste propos\u00e9. <\/li>\n<\/ul>\n\n\n\n<p>Pour finir, l&#8217;employeur doit \u00eatre dispos\u00e9 \u00e0 <a href=\"https:\/\/us-gc.net\/fr\/green-card-parrainage\/\">parrainer le candidat pour la Green Card<\/a> et \u00e0 respecter toutes les obligations l\u00e9gales li\u00e9es \u00e0 l&#8217;embauche de travailleurs \u00e9trangers.<\/p>\n\n\n\n<h2 class=\"wp-block-heading\" id=\"h-processus-de-demande\">Processus de demande<\/h2>\n\n\n\n<p>Le processus de demande de Green Card bas\u00e9e sur l&#8217;emploi implique plusieurs \u00e9tapes. Tout d&rsquo;abord, l&#8217;employeur doit obtenir une certification de travail de l&rsquo;US Department of Labor. Ensuite, le candidat doit soumettre une demande de visa de travail <a href=\"https:\/\/www.uscis.gov\/\">aupr\u00e8s de l&rsquo;USCIS<\/a>. Une fois le visa de travail approuv\u00e9, le candidat peut entamer le processus de demande de Green Card. Cette proc\u00e9dure comprend :<\/p>\n\n\n\n<ul class=\"wp-block-list\">\n<li>La soumission du formulaire de demande ;<\/li>\n\n\n\n<li>La collecte de documents justificatifs ;<\/li>\n\n\n\n<li>Un <a href=\"https:\/\/us-gc.net\/fr\/entretien-green-card\/\">entretien pour la Green Card<\/a> ;<\/li>\n\n\n\n<li>Un examen m\u00e9dical.<\/li>\n<\/ul>\n\n\n\n<h2 class=\"wp-block-heading\" id=\"h-duree-et-delais-de-traitement\">Dur\u00e9e et d\u00e9lais de traitement<\/h2>\n\n\n\n<p>Le temps n\u00e9cessaire pour obtenir une Green Card bas\u00e9e sur l&#8217;emploi peut varier consid\u00e9rablement en fonction de divers facteurs tels que : La cat\u00e9gorie de visa, la charge de travail du <a href=\"https:\/\/www.uscis.gov\/green-card\/green-card-processes-and-procedures\">USCIS<\/a> et d&rsquo;autres circonstances individuelles. <\/p>\n\n\n\n<p>En r\u00e8gle g\u00e9n\u00e9rale, le processus peut prendre de plusieurs mois \u00e0 plusieurs ann\u00e9es. Il est important que les candidats soient patients et pr\u00e9par\u00e9s \u00e0 faire face \u00e0 des d\u00e9lais potentiels pendant le processus. Un candidat peut postuler en parall\u00e8le postuler \u00e0 la <a href=\"https:\/\/us-gc.net\/fr\/loterie-green-card\/\">loterie de la Green Card<\/a>.<\/p>\n\n\n\n<p><\/p>\n","protected":false},"excerpt":{"rendered":"<p>Obtenir une Green Card bas\u00e9e sur l&#8217;emploi D\u00e9couvrez comment obtenir une Green Card aux \u00c9tats-Unis gr\u00e2ce \u00e0 un emploi. La Green Card bas\u00e9e sur l&#8217;emploi est tr\u00e8s populaire pour les immigrants qualifi\u00e9s qui souhaitent travailler et r\u00e9sider l\u00e9galement aux \u00c9tats-Unis. Qu&rsquo;est-ce qu&rsquo;une Green Card bas\u00e9e sur l&#8217;emploi ? La Green Card bas\u00e9e sur l&#8217;emploi est [&hellip;]<\/p>\n","protected":false},"author":1,"featured_media":0,"parent":0,"menu_order":0,"comment_status":"closed","ping_status":"closed","template":"","meta":{"footnotes":""},"class_list":["post-91","page","type-page","status-publish","hentry"],"yoast_head":"<!-- This site is optimized with the Yoast SEO plugin v27.4 - https:\/\/yoast.com\/product\/yoast-seo-wordpress\/ -->\n<title>Green Card bas\u00e9e sur l&#039;emploi pour les immigrants - USA GC<\/title>\n<meta name=\"description\" content=\"Obtenez une Green Card am\u00e9ricaine bas\u00e9e sur un emploi obtenu sur le territoire am\u00e9ricain. Toutes les informations pour obtenir la Green Card\" \/>\n<meta name=\"robots\" content=\"index, follow, max-snippet:-1, max-image-preview:large, max-video-preview:-1\" \/>\n<link rel=\"canonical\" href=\"https:\/\/us-gc.net\/fr\/green-card-pour-emploi\/\" \/>\n<meta property=\"og:locale\" content=\"fr_FR\" \/>\n<meta property=\"og:type\" content=\"article\" \/>\n<meta property=\"og:title\" content=\"Green Card bas\u00e9e sur l&#039;emploi pour les immigrants - USA GC\" \/>\n<meta property=\"og:description\" content=\"Obtenez une Green Card am\u00e9ricaine bas\u00e9e sur un emploi obtenu sur le territoire am\u00e9ricain. Toutes les informations pour obtenir la Green Card\" \/>\n<meta property=\"og:url\" content=\"https:\/\/us-gc.net\/fr\/green-card-pour-emploi\/\" \/>\n<meta property=\"og:site_name\" content=\"USA GC\" \/>\n<meta property=\"article:modified_time\" content=\"2025-08-23T16:29:52+00:00\" \/>\n<meta name=\"twitter:card\" content=\"summary_large_image\" \/>\n<meta name=\"twitter:label1\" content=\"Dur\u00e9e de lecture estim\u00e9e\" \/>\n\t<meta name=\"twitter:data1\" content=\"2 minutes\" \/>\n<script type=\"application\/ld+json\" class=\"yoast-schema-graph\">{\"@context\":\"https:\\\/\\\/schema.org\",\"@graph\":[{\"@type\":\"WebPage\",\"@id\":\"https:\\\/\\\/us-gc.net\\\/fr\\\/green-card-pour-emploi\\\/\",\"url\":\"https:\\\/\\\/us-gc.net\\\/fr\\\/green-card-pour-emploi\\\/\",\"name\":\"Green Card bas\u00e9e sur l'emploi pour les immigrants - USA GC\",\"isPartOf\":{\"@id\":\"https:\\\/\\\/us-gc.net\\\/fr\\\/#website\"},\"datePublished\":\"2024-01-31T14:27:27+00:00\",\"dateModified\":\"2025-08-23T16:29:52+00:00\",\"description\":\"Obtenez une Green Card am\u00e9ricaine bas\u00e9e sur un emploi obtenu sur le territoire am\u00e9ricain. Toutes les informations pour obtenir la Green Card\",\"breadcrumb\":{\"@id\":\"https:\\\/\\\/us-gc.net\\\/fr\\\/green-card-pour-emploi\\\/#breadcrumb\"},\"inLanguage\":\"fr-FR\",\"potentialAction\":[{\"@type\":\"ReadAction\",\"target\":[\"https:\\\/\\\/us-gc.net\\\/fr\\\/green-card-pour-emploi\\\/\"]}]},{\"@type\":\"BreadcrumbList\",\"@id\":\"https:\\\/\\\/us-gc.net\\\/fr\\\/green-card-pour-emploi\\\/#breadcrumb\",\"itemListElement\":[{\"@type\":\"ListItem\",\"position\":1,\"name\":\"Accueil\",\"item\":\"https:\\\/\\\/us-gc.net\\\/fr\\\/\"},{\"@type\":\"ListItem\",\"position\":2,\"name\":\"Green Card bas\u00e9e sur l&#8217;emploi pour les immigrants\"}]},{\"@type\":\"WebSite\",\"@id\":\"https:\\\/\\\/us-gc.net\\\/fr\\\/#website\",\"url\":\"https:\\\/\\\/us-gc.net\\\/fr\\\/\",\"name\":\"USA GC\",\"description\":\"\",\"potentialAction\":[{\"@type\":\"SearchAction\",\"target\":{\"@type\":\"EntryPoint\",\"urlTemplate\":\"https:\\\/\\\/us-gc.net\\\/fr\\\/?s={search_term_string}\"},\"query-input\":{\"@type\":\"PropertyValueSpecification\",\"valueRequired\":true,\"valueName\":\"search_term_string\"}}],\"inLanguage\":\"fr-FR\"}]}<\/script>\n<!-- \/ Yoast SEO plugin. -->","yoast_head_json":{"title":"Green Card bas\u00e9e sur l'emploi pour les immigrants - USA GC","description":"Obtenez une Green Card am\u00e9ricaine bas\u00e9e sur un emploi obtenu sur le territoire am\u00e9ricain. Toutes les informations pour obtenir la Green Card","robots":{"index":"index","follow":"follow","max-snippet":"max-snippet:-1","max-image-preview":"max-image-preview:large","max-video-preview":"max-video-preview:-1"},"canonical":"https:\/\/us-gc.net\/fr\/green-card-pour-emploi\/","og_locale":"fr_FR","og_type":"article","og_title":"Green Card bas\u00e9e sur l'emploi pour les immigrants - USA GC","og_description":"Obtenez une Green Card am\u00e9ricaine bas\u00e9e sur un emploi obtenu sur le territoire am\u00e9ricain. Toutes les informations pour obtenir la Green Card","og_url":"https:\/\/us-gc.net\/fr\/green-card-pour-emploi\/","og_site_name":"USA GC","article_modified_time":"2025-08-23T16:29:52+00:00","twitter_card":"summary_large_image","twitter_misc":{"Dur\u00e9e de lecture estim\u00e9e":"2 minutes"},"schema":{"@context":"https:\/\/schema.org","@graph":[{"@type":"WebPage","@id":"https:\/\/us-gc.net\/fr\/green-card-pour-emploi\/","url":"https:\/\/us-gc.net\/fr\/green-card-pour-emploi\/","name":"Green Card bas\u00e9e sur l'emploi pour les immigrants - USA GC","isPartOf":{"@id":"https:\/\/us-gc.net\/fr\/#website"},"datePublished":"2024-01-31T14:27:27+00:00","dateModified":"2025-08-23T16:29:52+00:00","description":"Obtenez une Green Card am\u00e9ricaine bas\u00e9e sur un emploi obtenu sur le territoire am\u00e9ricain. Toutes les informations pour obtenir la Green Card","breadcrumb":{"@id":"https:\/\/us-gc.net\/fr\/green-card-pour-emploi\/#breadcrumb"},"inLanguage":"fr-FR","potentialAction":[{"@type":"ReadAction","target":["https:\/\/us-gc.net\/fr\/green-card-pour-emploi\/"]}]},{"@type":"BreadcrumbList","@id":"https:\/\/us-gc.net\/fr\/green-card-pour-emploi\/#breadcrumb","itemListElement":[{"@type":"ListItem","position":1,"name":"Accueil","item":"https:\/\/us-gc.net\/fr\/"},{"@type":"ListItem","position":2,"name":"Green Card bas\u00e9e sur l&#8217;emploi pour les immigrants"}]},{"@type":"WebSite","@id":"https:\/\/us-gc.net\/fr\/#website","url":"https:\/\/us-gc.net\/fr\/","name":"USA GC","description":"","potentialAction":[{"@type":"SearchAction","target":{"@type":"EntryPoint","urlTemplate":"https:\/\/us-gc.net\/fr\/?s={search_term_string}"},"query-input":{"@type":"PropertyValueSpecification","valueRequired":true,"valueName":"search_term_string"}}],"inLanguage":"fr-FR"}]}},"_links":{"self":[{"href":"https:\/\/us-gc.net\/fr\/wp-json\/wp\/v2\/pages\/91","targetHints":{"allow":["GET"]}}],"collection":[{"href":"https:\/\/us-gc.net\/fr\/wp-json\/wp\/v2\/pages"}],"about":[{"href":"https:\/\/us-gc.net\/fr\/wp-json\/wp\/v2\/types\/page"}],"author":[{"embeddable":true,"href":"https:\/\/us-gc.net\/fr\/wp-json\/wp\/v2\/users\/1"}],"replies":[{"embeddable":true,"href":"https:\/\/us-gc.net\/fr\/wp-json\/wp\/v2\/comments?post=91"}],"version-history":[{"count":1,"href":"https:\/\/us-gc.net\/fr\/wp-json\/wp\/v2\/pages\/91\/revisions"}],"predecessor-version":[{"id":7627,"href":"https:\/\/us-gc.net\/fr\/wp-json\/wp\/v2\/pages\/91\/revisions\/7627"}],"wp:attachment":[{"href":"https:\/\/us-gc.net\/fr\/wp-json\/wp\/v2\/media?parent=91"}],"curies":[{"name":"wp","href":"https:\/\/api.w.org\/{rel}","templated":true}]}}