{"id":65,"date":"2024-01-31T08:01:49","date_gmt":"2024-01-31T08:01:49","guid":{"rendered":"https:\/\/green-card-usa.net\/?page_id=65"},"modified":"2025-08-23T16:46:50","modified_gmt":"2025-08-23T16:46:50","slug":"politique-confidentialite","status":"publish","type":"page","link":"https:\/\/us-gc.net\/fr\/politique-confidentialite\/","title":{"rendered":"Politique de confidentialit\u00e9 des donn\u00e9es personnelles"},"content":{"rendered":"\n<h1 class=\"wp-block-heading\" id=\"h-politique-de-confidentialite\">Politique de confidentialit\u00e9<\/h1>\n\n\n\n<p>Nous sommes un site d\u2019information sur le march\u00e9 de l&#8217;emploi am\u00e9ricain. Nous ne proposons aucun service en ligne et nous n&rsquo;avons pas de formulaire d&rsquo;inscription sur le site. Le seul formulaire pr\u00e9sent sur le site est notre <a href=\"https:\/\/us-gc.net\/contact\/\">formulaire de contact<\/a>.<\/p>\n\n\n\n<h2 class=\"wp-block-heading\" id=\"h-la-collecte-d-informations-sur-le-site\">La collecte d\u2019informations sur le site<\/h2>\n\n\n\n<p>Voici la liste des informations personnelles qui peuvent \u00eatre collect\u00e9s sur notre site :<\/p>\n\n\n\n<ul class=\"wp-block-list\">\n<li>Des informations de contact lorsque vous adressez un email \u00e0 notre \u00e9quipe support comme votre nom, pr\u00e9nom, email. Les informations contenues dans les e-mails que vous nous adressez.<\/li>\n<\/ul>\n\n\n\n<div style=\"height:10px\" aria-hidden=\"true\" class=\"wp-block-spacer\"><\/div>\n\n\n\n<h2 class=\"wp-block-heading\" id=\"h-duree-de-conservation-des-donnees\">Dur\u00e9e de conservation des donn\u00e9es<\/h2>\n\n\n\n<p>Les donn\u00e9es collect\u00e9es sont r\u00e9guli\u00e8rement effac\u00e9es, cela signifie que nous ne conservons aucun contenu d\u2019e-mail qui nous a \u00e9t\u00e9 transmis au del\u00e0 d\u2019une dur\u00e9e d\u2019une semaine. <\/p>\n\n\n\n<p>Mise \u00e0 jour des informations conserv\u00e9es : Merci de nous faire savoir si vous souhaitez que les informations personnelles que nous d\u00e9tenons \u00e0 votre sujet soient corrig\u00e9es ou mises \u00e0 jour pendant leur dur\u00e9e de conservation.<\/p>\n\n\n\n<h2 class=\"wp-block-heading\" id=\"h-securite-de-vos-donnees-personnelles\">S\u00e9curit\u00e9 de vos donn\u00e9es personnelles<\/h2>\n\n\n\n<p>Nous prenons des pr\u00e9cautions techniques pour emp\u00eacher le vol des informations personnelles contenues dans notre base de donn\u00e9es pendant leur temps de conservation, m\u00eame s\u2019il est restreint. Nous stockerons toutes les informations personnelles transmises sur nos serveurs s\u00e9curis\u00e9s.<\/p>\n\n\n\n<p>Vous acceptez l\u2019id\u00e9e que l\u2019envoi d\u2019informations par internet est de principe peu s\u00e9curis\u00e9e. Il nous est quasiment impossible de garantir la totale s\u00e9curit\u00e9 de vos donn\u00e9es transmises.<\/p>\n\n\n\n<h2 class=\"wp-block-heading\" id=\"h-vos-droits-en-matiere-de-donnees-personnelles\">Vos droits en mati\u00e8re de donn\u00e9es personnelles<\/h2>\n\n\n\n<p>Vous avez le droit de nous r\u00e9clamer de vous transmettre toute information personnelle que nous avons sur vous ; Cette transmission pourra se faire sur pr\u00e9sentation d\u2019un preuve de votre identit\u00e9 (photocopie de passeport certifi\u00e9e + facture indiquant votre adresse personnelle).<\/p>\n\n\n\n<h2 class=\"wp-block-heading\" id=\"h-mise-a-jour-de-cette-politique-de-confidentialite\">Mise \u00e0 jour de cette politique de confidentialit\u00e9<\/h2>\n\n\n\n<p>R\u00e9guli\u00e8rement nous mettons \u00e0 jour cette politique. Il est n\u00e9cessaire de v\u00e9rifier cette page lors de l\u2019utilisation du site pour conna\u00eetre les changements en mati\u00e8re de confidentialit\u00e9 des donn\u00e9es personnelles.<\/p>\n\n\n\n<h2 class=\"wp-block-heading\" id=\"h-liens-contextuels-vers-des-sites-web-tiers\">Liens contextuels vers des sites web tiers<\/h2>\n\n\n\n<p>Notre site Internet contient des liens hypertextes menant vers des sites web tiers. Nous n\u2019avons aucun contr\u00f4le sur ces sites, et ne sommes pas responsables de leurs politiques de confidentialit\u00e9 ni de leurs pratiques commerciales ou marketing. Ces liens n&rsquo;engagent en aucun cas notre responsabilit\u00e9.<\/p>\n","protected":false},"excerpt":{"rendered":"<p>Politique de confidentialit\u00e9 Nous sommes un site d\u2019information sur le march\u00e9 de l&#8217;emploi am\u00e9ricain. Nous ne proposons aucun service en ligne et nous n&rsquo;avons pas de formulaire d&rsquo;inscription sur le site. Le seul formulaire pr\u00e9sent sur le site est notre formulaire de contact. La collecte d\u2019informations sur le site Voici la liste des informations personnelles [&hellip;]<\/p>\n","protected":false},"author":1,"featured_media":0,"parent":0,"menu_order":0,"comment_status":"closed","ping_status":"closed","template":"","meta":{"footnotes":""},"class_list":["post-65","page","type-page","status-publish","hentry"],"yoast_head":"<!-- This site is optimized with the Yoast SEO plugin v27.4 - https:\/\/yoast.com\/product\/yoast-seo-wordpress\/ -->\n<title>Politique de confidentialit\u00e9 des donn\u00e9es personnelles - USA GC<\/title>\n<meta name=\"description\" content=\"Politique de confidentialit\u00e9 d\u00e9taill\u00e9e et respectueux des r\u00e8gles de protection des donn\u00e9es personnelles en vigueur\" \/>\n<meta name=\"robots\" content=\"noindex, nofollow\" \/>\n<meta property=\"og:locale\" content=\"fr_FR\" \/>\n<meta property=\"og:type\" content=\"article\" \/>\n<meta property=\"og:title\" content=\"Politique de confidentialit\u00e9 des donn\u00e9es personnelles - USA GC\" \/>\n<meta property=\"og:description\" content=\"Politique de confidentialit\u00e9 d\u00e9taill\u00e9e et respectueux des r\u00e8gles de protection des donn\u00e9es personnelles en vigueur\" \/>\n<meta property=\"og:url\" content=\"https:\/\/us-gc.net\/fr\/politique-confidentialite\/\" \/>\n<meta property=\"og:site_name\" content=\"USA GC\" \/>\n<meta property=\"article:modified_time\" content=\"2025-08-23T16:46:50+00:00\" \/>\n<meta name=\"twitter:card\" content=\"summary_large_image\" \/>\n<meta name=\"twitter:label1\" content=\"Dur\u00e9e de lecture estim\u00e9e\" \/>\n\t<meta name=\"twitter:data1\" content=\"2 minutes\" \/>\n<script type=\"application\/ld+json\" class=\"yoast-schema-graph\">{\"@context\":\"https:\\\/\\\/schema.org\",\"@graph\":[{\"@type\":\"WebPage\",\"@id\":\"https:\\\/\\\/us-gc.net\\\/fr\\\/politique-confidentialite\\\/\",\"url\":\"https:\\\/\\\/us-gc.net\\\/fr\\\/politique-confidentialite\\\/\",\"name\":\"Politique de confidentialit\u00e9 des donn\u00e9es personnelles - USA GC\",\"isPartOf\":{\"@id\":\"https:\\\/\\\/us-gc.net\\\/fr\\\/#website\"},\"datePublished\":\"2024-01-31T08:01:49+00:00\",\"dateModified\":\"2025-08-23T16:46:50+00:00\",\"description\":\"Politique de confidentialit\u00e9 d\u00e9taill\u00e9e et respectueux des r\u00e8gles de protection des donn\u00e9es personnelles en vigueur\",\"breadcrumb\":{\"@id\":\"https:\\\/\\\/us-gc.net\\\/fr\\\/politique-confidentialite\\\/#breadcrumb\"},\"inLanguage\":\"fr-FR\",\"potentialAction\":[{\"@type\":\"ReadAction\",\"target\":[\"https:\\\/\\\/us-gc.net\\\/fr\\\/politique-confidentialite\\\/\"]}]},{\"@type\":\"BreadcrumbList\",\"@id\":\"https:\\\/\\\/us-gc.net\\\/fr\\\/politique-confidentialite\\\/#breadcrumb\",\"itemListElement\":[{\"@type\":\"ListItem\",\"position\":1,\"name\":\"Accueil\",\"item\":\"https:\\\/\\\/us-gc.net\\\/fr\\\/\"},{\"@type\":\"ListItem\",\"position\":2,\"name\":\"Politique de confidentialit\u00e9 des donn\u00e9es personnelles\"}]},{\"@type\":\"WebSite\",\"@id\":\"https:\\\/\\\/us-gc.net\\\/fr\\\/#website\",\"url\":\"https:\\\/\\\/us-gc.net\\\/fr\\\/\",\"name\":\"USA GC\",\"description\":\"\",\"potentialAction\":[{\"@type\":\"SearchAction\",\"target\":{\"@type\":\"EntryPoint\",\"urlTemplate\":\"https:\\\/\\\/us-gc.net\\\/fr\\\/?s={search_term_string}\"},\"query-input\":{\"@type\":\"PropertyValueSpecification\",\"valueRequired\":true,\"valueName\":\"search_term_string\"}}],\"inLanguage\":\"fr-FR\"}]}<\/script>\n<!-- \/ Yoast SEO plugin. -->","yoast_head_json":{"title":"Politique de confidentialit\u00e9 des donn\u00e9es personnelles - USA GC","description":"Politique de confidentialit\u00e9 d\u00e9taill\u00e9e et respectueux des r\u00e8gles de protection des donn\u00e9es personnelles en vigueur","robots":{"index":"noindex","follow":"nofollow"},"og_locale":"fr_FR","og_type":"article","og_title":"Politique de confidentialit\u00e9 des donn\u00e9es personnelles - USA GC","og_description":"Politique de confidentialit\u00e9 d\u00e9taill\u00e9e et respectueux des r\u00e8gles de protection des donn\u00e9es personnelles en vigueur","og_url":"https:\/\/us-gc.net\/fr\/politique-confidentialite\/","og_site_name":"USA GC","article_modified_time":"2025-08-23T16:46:50+00:00","twitter_card":"summary_large_image","twitter_misc":{"Dur\u00e9e de lecture estim\u00e9e":"2 minutes"},"schema":{"@context":"https:\/\/schema.org","@graph":[{"@type":"WebPage","@id":"https:\/\/us-gc.net\/fr\/politique-confidentialite\/","url":"https:\/\/us-gc.net\/fr\/politique-confidentialite\/","name":"Politique de confidentialit\u00e9 des donn\u00e9es personnelles - USA GC","isPartOf":{"@id":"https:\/\/us-gc.net\/fr\/#website"},"datePublished":"2024-01-31T08:01:49+00:00","dateModified":"2025-08-23T16:46:50+00:00","description":"Politique de confidentialit\u00e9 d\u00e9taill\u00e9e et respectueux des r\u00e8gles de protection des donn\u00e9es personnelles en vigueur","breadcrumb":{"@id":"https:\/\/us-gc.net\/fr\/politique-confidentialite\/#breadcrumb"},"inLanguage":"fr-FR","potentialAction":[{"@type":"ReadAction","target":["https:\/\/us-gc.net\/fr\/politique-confidentialite\/"]}]},{"@type":"BreadcrumbList","@id":"https:\/\/us-gc.net\/fr\/politique-confidentialite\/#breadcrumb","itemListElement":[{"@type":"ListItem","position":1,"name":"Accueil","item":"https:\/\/us-gc.net\/fr\/"},{"@type":"ListItem","position":2,"name":"Politique de confidentialit\u00e9 des donn\u00e9es personnelles"}]},{"@type":"WebSite","@id":"https:\/\/us-gc.net\/fr\/#website","url":"https:\/\/us-gc.net\/fr\/","name":"USA GC","description":"","potentialAction":[{"@type":"SearchAction","target":{"@type":"EntryPoint","urlTemplate":"https:\/\/us-gc.net\/fr\/?s={search_term_string}"},"query-input":{"@type":"PropertyValueSpecification","valueRequired":true,"valueName":"search_term_string"}}],"inLanguage":"fr-FR"}]}},"_links":{"self":[{"href":"https:\/\/us-gc.net\/fr\/wp-json\/wp\/v2\/pages\/65","targetHints":{"allow":["GET"]}}],"collection":[{"href":"https:\/\/us-gc.net\/fr\/wp-json\/wp\/v2\/pages"}],"about":[{"href":"https:\/\/us-gc.net\/fr\/wp-json\/wp\/v2\/types\/page"}],"author":[{"embeddable":true,"href":"https:\/\/us-gc.net\/fr\/wp-json\/wp\/v2\/users\/1"}],"replies":[{"embeddable":true,"href":"https:\/\/us-gc.net\/fr\/wp-json\/wp\/v2\/comments?post=65"}],"version-history":[{"count":2,"href":"https:\/\/us-gc.net\/fr\/wp-json\/wp\/v2\/pages\/65\/revisions"}],"predecessor-version":[{"id":8630,"href":"https:\/\/us-gc.net\/fr\/wp-json\/wp\/v2\/pages\/65\/revisions\/8630"}],"wp:attachment":[{"href":"https:\/\/us-gc.net\/fr\/wp-json\/wp\/v2\/media?parent=65"}],"curies":[{"name":"wp","href":"https:\/\/api.w.org\/{rel}","templated":true}]}}