{"id":62,"date":"2024-01-31T07:59:57","date_gmt":"2024-01-31T07:59:57","guid":{"rendered":"https:\/\/green-card-usa.net\/?page_id=62"},"modified":"2025-08-23T16:46:19","modified_gmt":"2025-08-23T16:46:19","slug":"mentions-legales","status":"publish","type":"page","link":"https:\/\/us-gc.net\/fr\/mentions-legales\/","title":{"rendered":"Mentions L\u00e9gales du site web"},"content":{"rendered":"\n<h1 class=\"wp-block-heading\" id=\"h-mentions-legales-du-site\">Mentions L\u00e9gales du site<\/h1>\n\n\n\n<h2 class=\"wp-block-heading\" id=\"h-editeur-du-site\">Editeur du Site<\/h2>\n\n\n\n<p>Nous sommes un site web d&rsquo;information sur le march\u00e9 de l&#8217;emploi aux Etats Unis. Notre site est \u00e9dit\u00e9 par la soci\u00e9t\u00e9 priv\u00e9e de droit maltais <a href=\"https:\/\/alma-consulting.org\/\">Alma Consulting<\/a>. Nous sommes ind\u00e9pendants de toute administration publique. <\/p>\n\n\n\n<p>Le responsable de la publication du site est M. Kevin Borg. Pour nous contacter vous devez utiliser le <a href=\"https:\/\/us-gc.net\/fr\/contact\/\">formulaire de contact<\/a>.<\/p>\n\n\n\n<h2 class=\"wp-block-heading\" id=\"h-hebergement-du-site\">H\u00e9bergement du site<\/h2>\n\n\n\n<p>Le site internet est h\u00e9berg\u00e9 aupr\u00e8s de la soci\u00e9t\u00e9 OVH, dont le si\u00e8ge social se trouve \u00e0 Roubaix en France. OVH est une soci\u00e9t\u00e9 inscrite au registre des soci\u00e9t\u00e9s de Lille M\u00e9tropole avec le num\u00e9ro B424 761 419.<\/p>\n\n\n\n<h2 class=\"wp-block-heading\" id=\"h-traitement-des-donnees-personnelles\">Traitement des donn\u00e9es personnelles<\/h2>\n\n\n\n<p>Nous ne collectons aucune donn\u00e9e personnelle au travers d&rsquo;un formulaire en ligne. La seule d\u00e9marche d&rsquo;enregistrement d&rsquo;information personnelle du visiteur du site concerne les informations mentionn\u00e9e dans le formulaire de contact. Ces informations sont d\u00e9truites et non conserv\u00e9es apr\u00e8s traitement de l&#8217;email re\u00e7u.<\/p>\n\n\n\n<p>Concernant les cookies de navigation, le visiteur peut de lui m\u00eame bloquer dans son navigateur web l&rsquo;utilisation des cookies de navigation. Il dispose \u00e9galement d\u2019un droit d\u2019acc\u00e8s, de modification, de rectification et de suppression de ces donn\u00e9es. Pour l\u2019exercer, il peut nous contacter au travers du <a href=\"https:\/\/us-gc.net\/fr\/contact\/\">formulaire de contact<\/a>.<\/p>\n","protected":false},"excerpt":{"rendered":"<p>Mentions L\u00e9gales du site Editeur du Site Nous sommes un site web d&rsquo;information sur le march\u00e9 de l&#8217;emploi aux Etats Unis. Notre site est \u00e9dit\u00e9 par la soci\u00e9t\u00e9 priv\u00e9e de droit maltais Alma Consulting. Nous sommes ind\u00e9pendants de toute administration publique. Le responsable de la publication du site est M. Kevin Borg. Pour nous contacter [&hellip;]<\/p>\n","protected":false},"author":1,"featured_media":0,"parent":0,"menu_order":0,"comment_status":"closed","ping_status":"closed","template":"","meta":{"footnotes":""},"class_list":["post-62","page","type-page","status-publish","hentry"],"yoast_head":"<!-- This site is optimized with the Yoast SEO plugin v27.4 - https:\/\/yoast.com\/product\/yoast-seo-wordpress\/ -->\n<title>Mentions L\u00e9gales du site web - USA GC<\/title>\n<meta name=\"description\" content=\"Mentions l\u00e9gales du site us-gc.net, site d&#039;information sur le march\u00e9 de l&#039;emploi et de l&#039;immigration aux USA\" \/>\n<meta name=\"robots\" content=\"noindex, nofollow\" \/>\n<meta property=\"og:locale\" content=\"fr_FR\" \/>\n<meta property=\"og:type\" content=\"article\" \/>\n<meta property=\"og:title\" content=\"Mentions L\u00e9gales du site web - USA GC\" \/>\n<meta property=\"og:description\" content=\"Mentions l\u00e9gales du site us-gc.net, site d&#039;information sur le march\u00e9 de l&#039;emploi et de l&#039;immigration aux USA\" \/>\n<meta property=\"og:url\" content=\"https:\/\/us-gc.net\/fr\/mentions-legales\/\" \/>\n<meta property=\"og:site_name\" content=\"USA GC\" \/>\n<meta property=\"article:modified_time\" content=\"2025-08-23T16:46:19+00:00\" \/>\n<meta name=\"twitter:card\" content=\"summary_large_image\" \/>\n<meta name=\"twitter:label1\" content=\"Dur\u00e9e de lecture estim\u00e9e\" \/>\n\t<meta name=\"twitter:data1\" content=\"2 minutes\" \/>\n<script type=\"application\/ld+json\" class=\"yoast-schema-graph\">{\"@context\":\"https:\\\/\\\/schema.org\",\"@graph\":[{\"@type\":\"WebPage\",\"@id\":\"https:\\\/\\\/us-gc.net\\\/fr\\\/mentions-legales\\\/\",\"url\":\"https:\\\/\\\/us-gc.net\\\/fr\\\/mentions-legales\\\/\",\"name\":\"Mentions L\u00e9gales du site web - USA GC\",\"isPartOf\":{\"@id\":\"https:\\\/\\\/us-gc.net\\\/fr\\\/#website\"},\"datePublished\":\"2024-01-31T07:59:57+00:00\",\"dateModified\":\"2025-08-23T16:46:19+00:00\",\"description\":\"Mentions l\u00e9gales du site us-gc.net, site d'information sur le march\u00e9 de l'emploi et de l'immigration aux USA\",\"breadcrumb\":{\"@id\":\"https:\\\/\\\/us-gc.net\\\/fr\\\/mentions-legales\\\/#breadcrumb\"},\"inLanguage\":\"fr-FR\",\"potentialAction\":[{\"@type\":\"ReadAction\",\"target\":[\"https:\\\/\\\/us-gc.net\\\/fr\\\/mentions-legales\\\/\"]}]},{\"@type\":\"BreadcrumbList\",\"@id\":\"https:\\\/\\\/us-gc.net\\\/fr\\\/mentions-legales\\\/#breadcrumb\",\"itemListElement\":[{\"@type\":\"ListItem\",\"position\":1,\"name\":\"Accueil\",\"item\":\"https:\\\/\\\/us-gc.net\\\/fr\\\/\"},{\"@type\":\"ListItem\",\"position\":2,\"name\":\"Mentions L\u00e9gales du site web\"}]},{\"@type\":\"WebSite\",\"@id\":\"https:\\\/\\\/us-gc.net\\\/fr\\\/#website\",\"url\":\"https:\\\/\\\/us-gc.net\\\/fr\\\/\",\"name\":\"USA GC\",\"description\":\"\",\"potentialAction\":[{\"@type\":\"SearchAction\",\"target\":{\"@type\":\"EntryPoint\",\"urlTemplate\":\"https:\\\/\\\/us-gc.net\\\/fr\\\/?s={search_term_string}\"},\"query-input\":{\"@type\":\"PropertyValueSpecification\",\"valueRequired\":true,\"valueName\":\"search_term_string\"}}],\"inLanguage\":\"fr-FR\"}]}<\/script>\n<!-- \/ Yoast SEO plugin. -->","yoast_head_json":{"title":"Mentions L\u00e9gales du site web - USA GC","description":"Mentions l\u00e9gales du site us-gc.net, site d'information sur le march\u00e9 de l'emploi et de l'immigration aux USA","robots":{"index":"noindex","follow":"nofollow"},"og_locale":"fr_FR","og_type":"article","og_title":"Mentions L\u00e9gales du site web - USA GC","og_description":"Mentions l\u00e9gales du site us-gc.net, site d'information sur le march\u00e9 de l'emploi et de l'immigration aux USA","og_url":"https:\/\/us-gc.net\/fr\/mentions-legales\/","og_site_name":"USA GC","article_modified_time":"2025-08-23T16:46:19+00:00","twitter_card":"summary_large_image","twitter_misc":{"Dur\u00e9e de lecture estim\u00e9e":"2 minutes"},"schema":{"@context":"https:\/\/schema.org","@graph":[{"@type":"WebPage","@id":"https:\/\/us-gc.net\/fr\/mentions-legales\/","url":"https:\/\/us-gc.net\/fr\/mentions-legales\/","name":"Mentions L\u00e9gales du site web - USA GC","isPartOf":{"@id":"https:\/\/us-gc.net\/fr\/#website"},"datePublished":"2024-01-31T07:59:57+00:00","dateModified":"2025-08-23T16:46:19+00:00","description":"Mentions l\u00e9gales du site us-gc.net, site d'information sur le march\u00e9 de l'emploi et de l'immigration aux USA","breadcrumb":{"@id":"https:\/\/us-gc.net\/fr\/mentions-legales\/#breadcrumb"},"inLanguage":"fr-FR","potentialAction":[{"@type":"ReadAction","target":["https:\/\/us-gc.net\/fr\/mentions-legales\/"]}]},{"@type":"BreadcrumbList","@id":"https:\/\/us-gc.net\/fr\/mentions-legales\/#breadcrumb","itemListElement":[{"@type":"ListItem","position":1,"name":"Accueil","item":"https:\/\/us-gc.net\/fr\/"},{"@type":"ListItem","position":2,"name":"Mentions L\u00e9gales du site web"}]},{"@type":"WebSite","@id":"https:\/\/us-gc.net\/fr\/#website","url":"https:\/\/us-gc.net\/fr\/","name":"USA GC","description":"","potentialAction":[{"@type":"SearchAction","target":{"@type":"EntryPoint","urlTemplate":"https:\/\/us-gc.net\/fr\/?s={search_term_string}"},"query-input":{"@type":"PropertyValueSpecification","valueRequired":true,"valueName":"search_term_string"}}],"inLanguage":"fr-FR"}]}},"_links":{"self":[{"href":"https:\/\/us-gc.net\/fr\/wp-json\/wp\/v2\/pages\/62","targetHints":{"allow":["GET"]}}],"collection":[{"href":"https:\/\/us-gc.net\/fr\/wp-json\/wp\/v2\/pages"}],"about":[{"href":"https:\/\/us-gc.net\/fr\/wp-json\/wp\/v2\/types\/page"}],"author":[{"embeddable":true,"href":"https:\/\/us-gc.net\/fr\/wp-json\/wp\/v2\/users\/1"}],"replies":[{"embeddable":true,"href":"https:\/\/us-gc.net\/fr\/wp-json\/wp\/v2\/comments?post=62"}],"version-history":[{"count":2,"href":"https:\/\/us-gc.net\/fr\/wp-json\/wp\/v2\/pages\/62\/revisions"}],"predecessor-version":[{"id":8442,"href":"https:\/\/us-gc.net\/fr\/wp-json\/wp\/v2\/pages\/62\/revisions\/8442"}],"wp:attachment":[{"href":"https:\/\/us-gc.net\/fr\/wp-json\/wp\/v2\/media?parent=62"}],"curies":[{"name":"wp","href":"https:\/\/api.w.org\/{rel}","templated":true}]}}