{"id":59,"date":"2024-01-31T07:57:06","date_gmt":"2024-01-31T07:57:06","guid":{"rendered":"https:\/\/green-card-usa.net\/?page_id=59"},"modified":"2026-01-15T13:41:11","modified_gmt":"2026-01-15T13:41:11","slug":"loterie-green-card","status":"publish","type":"page","link":"https:\/\/us-gc.net\/fr\/loterie-green-card\/","title":{"rendered":"Loterie de la Green Card am\u00e9ricaine"},"content":{"rendered":"\n<h1 class=\"wp-block-heading\" id=\"h-loterie-americaine-pour-obtenir-une-green-card\">Loterie am\u00e9ricaine pour obtenir une Green Card<\/h1>\n\n\n\n<p>Chaque ann\u00e9e, plus de 50 000 personnes \u00e0 travers le monde obtiennent une Green Card gr\u00e2ce \u00e0 la loterie am\u00e9ricaine. Pour gagner ce droit \u00e0 obtenir une Green Card, les candidats participent \u00e0 un tirage informatique al\u00e9atoire qui se d\u00e9roule une fois par an.<\/p>\n\n\n\n<p><strong>Participer \u00e0 cette loterie annuelle<\/strong> en compl\u00e9tant le <a href=\"https:\/\/us-gc.net\/fr\/formulaire-loterie-green-card\/\">formulaire Green card en ligne<\/a>.\u00a0<\/p>\n\n\n\n<div style=\"height:10px\" aria-hidden=\"true\" class=\"wp-block-spacer\"><\/div>\n\n\n\n<h2 class=\"wp-block-heading\" id=\"h-qu-est-ce-que-la-loterie-de-la-green-card\">Qu&rsquo;est ce que la loterie de la Green Card ?<\/h2>\n\n\n\n<p>Les Etats Unis ont mis en place un programme de gestion de la diversit\u00e9 de l&rsquo;immigration \u00e9trang\u00e8re. Ce processus s&rsquo;appelle le Diversity Visa Program. Il comprend un tirage au sort annuel parmi les candidats \u00e0 l&rsquo;immigration aux USA. Les gagnants ont le droit de postuler pour obtenir une <a href=\"https:\/\/us-gc.net\/fr\/green-card\/\">Green Card<\/a> dans le cadre du Diversity Visa Program.<\/p>\n\n\n\n<h2 class=\"wp-block-heading\" id=\"h-quand-se-deroule-la-loterie-de-la-green-card\">Quand se d\u00e9roule la loterie de la Green Card ?<\/h2>\n\n\n\n<p>Les inscriptions au tirage de la loterie de la Green Card se font au cours d&rsquo;une p\u00e9riode fix\u00e9e par l&rsquo;administration am\u00e9ricaine. Cette phase d&rsquo;inscription se d\u00e9roule de la fa\u00e7on suivante :<\/p>\n\n\n\n<ul class=\"wp-block-list\">\n<li>La p\u00e9riode d&rsquo;inscription d\u00e9marre au cours de la premi\u00e8re semaine du mois d&rsquo;octobre ;<\/li>\n\n\n\n<li>La cl\u00f4ture des inscriptions se d\u00e9roule au cours de la premi\u00e8re semaine du mois de novembre.<\/li>\n<\/ul>\n\n\n\n<div style=\"height:10px\" aria-hidden=\"true\" class=\"wp-block-spacer\"><\/div>\n\n\n\n<p>Le tirage au sort final se d\u00e9roule au cours du mois de novembre chaque ann\u00e9e.<\/p>\n\n\n\n<h2 class=\"wp-block-heading\" id=\"h-comment-s-inscrire-a-la-loterie\">Comment s&rsquo;inscrire \u00e0 la loterie ?<\/h2>\n\n\n\n<p>L&rsquo;inscription s&rsquo;effectue uniquement en ligne sur le web. Deux principales \u00e9tapes pour s&rsquo;inscrire :<\/p>\n\n\n\n<ul class=\"wp-block-list\">\n<li>Le candidat doit v\u00e9rifier son \u00e9ligibilit\u00e9 pour participer \u00e0 la loterie du Diversity Visa Program<\/li>\n\n\n\n<li>Le candidat doit compl\u00e9ter un formulaire en ligne pour enregistrer sa participation \u00e0 la loterie.<\/li>\n<\/ul>\n\n\n\n<h3 class=\"wp-block-heading\" id=\"h-verifier-son-eligibilite-pour-participer-a-la-loterie\">V\u00e9rifier son \u00e9ligibilit\u00e9 pour participer \u00e0 la loterie<\/h3>\n\n\n\n<p><strong>La premi\u00e8re condition d&rsquo;\u00e9ligibilit\u00e9<\/strong> : la premi\u00e8re condition pour pouvoir participer \u00e0 la loterie de la Green Card est de ne pas \u00eatre ressortissant d&rsquo;un pays non autoris\u00e9 \u00e0 participer.<\/p>\n\n\n\n<p>Les \u00c9tats-Unis souhaitent conserver une mixit\u00e9 au sein de la population immigr\u00e9e. L&rsquo;administration am\u00e9ricaine d\u00e9termine chaque ann\u00e9e les <a href=\"https:\/\/us-gc.net\/fr\/pays-non-autorises-participer-loterie-green-card\/\">pays non autoris\u00e9s \u00e0 participer \u00e0 la loterie de la Green Card<\/a>. Cette s\u00e9lection des pays non participants se fait sur la base de la r\u00e8gle suivante : Les ressortissants des pays dont plus de 50 000 citoyens ont immigr\u00e9 aux \u00c9tats-Unis au cours des cinq ann\u00e9es pr\u00e9c\u00e9dentes ne peuvent pas participer au tirage au sort de l\u2019ann\u00e9e.<\/p>\n\n\n\n<p><strong>La deuxi\u00e8me condition d&rsquo;\u00e9ligibilit\u00e9 <\/strong>: Le candidat doit poss\u00e9der un niveau baccalaur\u00e9at ou avoir occup\u00e9 durant ces 5 derni\u00e8res ann\u00e9es un poste d\u2019une dur\u00e9e de 2 ans ou plus, n\u00e9cessitant un niveau de formation ou d\u2019exp\u00e9rience d\u2019au moins 2 ans.<\/p>\n\n\n\n<h3 class=\"wp-block-heading\" id=\"h-s-inscrire-en-ligne-a-la-loterie\">S&rsquo;inscrire en ligne \u00e0 la loterie<\/h3>\n\n\n\n<p>L&rsquo;inscription \u00e0 la <a href=\"https:\/\/us-gc.net\/fr\/loterie-carte-verte-americaine\/\">loterie de la carte verte<\/a> s&rsquo;effectue en ligne en quelques minutes en compl\u00e9tant le <a href=\"https:\/\/us-gc.net\/fr\/formulaire-loterie-green-card\/\">formulaire en ligne<\/a>.&nbsp;<\/p>\n\n\n\n<h2 class=\"wp-block-heading\" id=\"h-comment-connaitre-les-resultats-de-la-loterie-de-la-green-card\">Comment connaitre les r\u00e9sultats de la loterie de la Green Card ?<\/h2>\n\n\n\n<p>Les <a href=\"https:\/\/us-gc.net\/fr\/resultats-loterie-green-card\/\">r\u00e9sultats du tirage au sort de la Green Card<\/a> sont publi\u00e9s chaque ann\u00e9e au minimum 6 mois apr\u00e8s le tirage au sort du mois de novembre. Les r\u00e9sultats du tirage de la loterie sont donc publi\u00e9s en ligne \u00e0 partir du mois de mai de l&rsquo;ann\u00e9e suivante.<\/p>\n\n\n\n<p>Le D\u00e9partement d&rsquo;Etat am\u00e9ricain qui g\u00e8re le Diversity Visa Program publie en ligne les statistiques sur les candidats qui participent \u00e0 la loterie chaque ann\u00e9e. <\/p>\n\n\n\n<h2 class=\"wp-block-heading\" id=\"h-est-ce-qu-il-y-a-des-quotas-par-pays-pour-la-loterie\">Est-ce qu&rsquo;il y a des quotas par pays pour la loterie ?<\/h2>\n\n\n\n<p>Il n&rsquo;y a pas de quotas par pays \u00e0 l&rsquo;inscription pour participer \u00e0 la loterie de la Green Card. En revanche, le Diversity Visa Program pr\u00e9voit des quotas par pays pour l&rsquo;attribution finale des visas issues du programme pour la diversit\u00e9 : <strong>Les citoyens provenant d&rsquo;un pays ne peuvent pas repr\u00e9sent\u00e9s plus de 7% du total des gagnants<\/strong>.<\/p>\n\n\n\n<p><strong>Exemple pour 2023<\/strong> : Pour un total de 55 000 Cartes Vertes d\u00e9livr\u00e9es en 2023, aucun pays ne pouvait avoir plus de 7% d&rsquo;entre elles, soit 3 850 Cartes Vertes au maximum.<\/p>\n\n\n\n<h2 class=\"wp-block-heading\" id=\"h-synthese-des-candidats-ayant-participes-a-la-loterie-de-2019-a-2021\">Synth\u00e8se des candidats ayant particip\u00e9s \u00e0 la loterie de 2019 \u00e0 2021<\/h2>\n\n\n\n<p>Les derniers chiffres publi\u00e9s par le D\u00e9partement d&rsquo;Etat am\u00e9ricain concernant le nombre d&rsquo;inscriptions en ligne \u00e0 la loterie Green Card sont ceux de l&rsquo;ann\u00e9e 2021. Voici le r\u00e9capitulatif de la participation de 2019 \u00e0 2021 d\u00e9coup\u00e9 par zone g\u00e9ographiques : <\/p>\n\n\n\n<figure class=\"wp-block-table\"><table><tbody><tr><td><strong>Zones g\u00e9ographiques <\/strong><\/td><td class=\"has-text-align-center\" data-align=\"center\"><strong>2019<\/strong><\/td><td class=\"has-text-align-center\" data-align=\"center\"><strong>2020<\/strong><\/td><td class=\"has-text-align-center\" data-align=\"center\"><strong>2021<\/strong><\/td><\/tr><tr><td><a href=\"https:\/\/us-gc.net\/fr\/loterie-green-card-participation-pays-afrique\/\">Pays d&rsquo;Afrique<\/a><\/td><td class=\"has-text-align-center\" data-align=\"center\">7\u202f832\u202f894<\/td><td class=\"has-text-align-center\" data-align=\"center\">8\u202f145\u202f390<\/td><td class=\"has-text-align-center\" data-align=\"center\">3\u202f100\u202f982<\/td><\/tr><tr><td><a href=\"https:\/\/us-gc.net\/fr\/loterie-green-card-participation-pays-asie\/\">Pays d&rsquo;Asie<\/a><\/td><td class=\"has-text-align-center\" data-align=\"center\">1\u202f871\u202f824<\/td><td class=\"has-text-align-center\" data-align=\"center\">1\u202f952\u202f489<\/td><td class=\"has-text-align-center\" data-align=\"center\">1\u202f281\u202f046<\/td><\/tr><tr><td><a href=\"https:\/\/us-gc.net\/fr\/loterie-green-card-europe\/\">Pays en Europe<\/a><\/td><td class=\"has-text-align-center\" data-align=\"center\">4\u202f349\u202f555<\/td><td class=\"has-text-align-center\" data-align=\"center\">4\u202f072\u202f324<\/td><td class=\"has-text-align-center\" data-align=\"center\">2\u202f014\u202f089<\/td><\/tr><tr><td>Pays d&rsquo;Am\u00e9rique du Nord (Bahamas)<\/td><td class=\"has-text-align-center\" data-align=\"center\">1\u202f506<\/td><td class=\"has-text-align-center\" data-align=\"center\">1\u202f445<\/td><td class=\"has-text-align-center\" data-align=\"center\">937<\/td><\/tr><tr><td>Pays d&rsquo;Oc\u00e9anie<\/td><td class=\"has-text-align-center\" data-align=\"center\">23\u202f201<\/td><td class=\"has-text-align-center\" data-align=\"center\">22\u202f722<\/td><td class=\"has-text-align-center\" data-align=\"center\">16\u202f672<\/td><\/tr><tr><td>Pays d&rsquo;Am\u00e9rique centrale et du sud<\/td><td class=\"has-text-align-center\" data-align=\"center\">273\u202f033<\/td><td class=\"has-text-align-center\" data-align=\"center\">528\u202f428<\/td><td class=\"has-text-align-center\" data-align=\"center\">327\u202f402<\/td><\/tr><tr><td><strong>Total de dossiers d&rsquo;inscriptions<\/strong><\/td><td class=\"has-text-align-center\" data-align=\"center\"><strong>14\u202f352\u202f013<\/strong><\/td><td class=\"has-text-align-center\" data-align=\"center\"><strong>14\u202f722\u202f798<\/strong><\/td><td class=\"has-text-align-center\" data-align=\"center\"><strong>6\u202f741\u202f128<\/strong><\/td><\/tr><\/tbody><\/table><\/figure>\n\n\n\n<p>Ces statistiques ont \u00e9t\u00e9 compil\u00e9es \u00e0 partir des donn\u00e9es publiques publi\u00e9es par le D\u00e9partement d&rsquo;Etat sur <a href=\"https:\/\/travel.state.gov\/content\/travel\/en\/us-visas\/immigrate\/diversity-visa-program-entry\/diversity-visa-program-statistics.html\">travel.state.gov<\/a>.<\/p>\n\n\n\n<h2 class=\"wp-block-heading\" id=\"h-qu-est-ce-qu-il-se-passe-apres-la-loterie-de-la-green-card\">Qu&rsquo;est ce qu&rsquo;il se passe apr\u00e8s la loterie de la Green Card ?<\/h2>\n\n\n\n<p>Les gagnants de la loterie doivent suivre plusieurs \u00e9tapes apr\u00e8s avoir remport\u00e9 la loterie. Les \u00e9tapes suivantes de la proc\u00e9dure sont :<\/p>\n\n\n\n<ul class=\"wp-block-list\">\n<li>Compl\u00e9ter le <a href=\"https:\/\/travel.state.gov\/content\/travel\/en\/us-visas\/visa-information-resources\/forms\/online-immigrant-visa-forms\/ds-260-faqs.html\">formulaire DS-260<\/a> de demande de visa.<\/li>\n\n\n\n<li>Effectuer le paiement des <a href=\"https:\/\/us-gc.net\/fr\/prix-green-card\/\">frais \u00e0 payer pour obtenir la Green Card<\/a> dans le cadre de cette demande obligatoire de visa ;<\/li>\n\n\n\n<li>Passer un <a href=\"https:\/\/us-gc.net\/fr\/entretien-green-card\/\">entretien pour la Green Card<\/a> avec un agent de l&rsquo;USCIS du Diversity Visa Program ;<\/li>\n\n\n\n<li>Effectuer un examen m\u00e9dical.<\/li>\n<\/ul>\n\n\n\n<div style=\"height:10px\" aria-hidden=\"true\" class=\"wp-block-spacer\"><\/div>\n\n\n\n<p><\/p>\n","protected":false},"excerpt":{"rendered":"<p>Loterie am\u00e9ricaine pour obtenir une Green Card Chaque ann\u00e9e, plus de 50 000 personnes \u00e0 travers le monde obtiennent une Green Card gr\u00e2ce \u00e0 la loterie am\u00e9ricaine. Pour gagner ce droit \u00e0 obtenir une Green Card, les candidats participent \u00e0 un tirage informatique al\u00e9atoire qui se d\u00e9roule une fois par an. Participer \u00e0 cette loterie [&hellip;]<\/p>\n","protected":false},"author":1,"featured_media":0,"parent":0,"menu_order":0,"comment_status":"closed","ping_status":"closed","template":"","meta":{"footnotes":""},"class_list":["post-59","page","type-page","status-publish","hentry"],"yoast_head":"<!-- This site is optimized with the Yoast SEO plugin v27.4 - https:\/\/yoast.com\/product\/yoast-seo-wordpress\/ -->\n<title>Loterie de la Green Card am\u00e9ricaine - USA GC<\/title>\n<meta name=\"description\" content=\"Participer \u00e0 la loterie annuelle am\u00e9ricaine qui permet d&#039;obtenir une Green Card comme 50.000 autres gagnants au tirage au sort.\" \/>\n<meta name=\"robots\" content=\"index, follow, max-snippet:-1, max-image-preview:large, max-video-preview:-1\" \/>\n<link rel=\"canonical\" href=\"https:\/\/us-gc.net\/fr\/loterie-green-card\/\" \/>\n<meta property=\"og:locale\" content=\"fr_FR\" \/>\n<meta property=\"og:type\" content=\"article\" \/>\n<meta property=\"og:title\" content=\"Loterie de la Green Card am\u00e9ricaine - USA GC\" \/>\n<meta property=\"og:description\" content=\"Participer \u00e0 la loterie annuelle am\u00e9ricaine qui permet d&#039;obtenir une Green Card comme 50.000 autres gagnants au tirage au sort.\" \/>\n<meta property=\"og:url\" content=\"https:\/\/us-gc.net\/fr\/loterie-green-card\/\" \/>\n<meta property=\"og:site_name\" content=\"USA GC\" \/>\n<meta property=\"article:modified_time\" content=\"2026-01-15T13:41:11+00:00\" \/>\n<meta name=\"twitter:card\" content=\"summary_large_image\" \/>\n<meta name=\"twitter:label1\" content=\"Dur\u00e9e de lecture estim\u00e9e\" \/>\n\t<meta name=\"twitter:data1\" content=\"5 minutes\" \/>\n<script type=\"application\/ld+json\" class=\"yoast-schema-graph\">{\"@context\":\"https:\\\/\\\/schema.org\",\"@graph\":[{\"@type\":\"WebPage\",\"@id\":\"https:\\\/\\\/us-gc.net\\\/fr\\\/loterie-green-card\\\/\",\"url\":\"https:\\\/\\\/us-gc.net\\\/fr\\\/loterie-green-card\\\/\",\"name\":\"Loterie de la Green Card am\u00e9ricaine - USA GC\",\"isPartOf\":{\"@id\":\"https:\\\/\\\/us-gc.net\\\/fr\\\/#website\"},\"datePublished\":\"2024-01-31T07:57:06+00:00\",\"dateModified\":\"2026-01-15T13:41:11+00:00\",\"description\":\"Participer \u00e0 la loterie annuelle am\u00e9ricaine qui permet d'obtenir une Green Card comme 50.000 autres gagnants au tirage au sort.\",\"breadcrumb\":{\"@id\":\"https:\\\/\\\/us-gc.net\\\/fr\\\/loterie-green-card\\\/#breadcrumb\"},\"inLanguage\":\"fr-FR\",\"potentialAction\":[{\"@type\":\"ReadAction\",\"target\":[\"https:\\\/\\\/us-gc.net\\\/fr\\\/loterie-green-card\\\/\"]}]},{\"@type\":\"BreadcrumbList\",\"@id\":\"https:\\\/\\\/us-gc.net\\\/fr\\\/loterie-green-card\\\/#breadcrumb\",\"itemListElement\":[{\"@type\":\"ListItem\",\"position\":1,\"name\":\"Accueil\",\"item\":\"https:\\\/\\\/us-gc.net\\\/fr\\\/\"},{\"@type\":\"ListItem\",\"position\":2,\"name\":\"Loterie de la Green Card am\u00e9ricaine\"}]},{\"@type\":\"WebSite\",\"@id\":\"https:\\\/\\\/us-gc.net\\\/fr\\\/#website\",\"url\":\"https:\\\/\\\/us-gc.net\\\/fr\\\/\",\"name\":\"USA GC\",\"description\":\"\",\"potentialAction\":[{\"@type\":\"SearchAction\",\"target\":{\"@type\":\"EntryPoint\",\"urlTemplate\":\"https:\\\/\\\/us-gc.net\\\/fr\\\/?s={search_term_string}\"},\"query-input\":{\"@type\":\"PropertyValueSpecification\",\"valueRequired\":true,\"valueName\":\"search_term_string\"}}],\"inLanguage\":\"fr-FR\"}]}<\/script>\n<!-- \/ Yoast SEO plugin. -->","yoast_head_json":{"title":"Loterie de la Green Card am\u00e9ricaine - USA GC","description":"Participer \u00e0 la loterie annuelle am\u00e9ricaine qui permet d'obtenir une Green Card comme 50.000 autres gagnants au tirage au sort.","robots":{"index":"index","follow":"follow","max-snippet":"max-snippet:-1","max-image-preview":"max-image-preview:large","max-video-preview":"max-video-preview:-1"},"canonical":"https:\/\/us-gc.net\/fr\/loterie-green-card\/","og_locale":"fr_FR","og_type":"article","og_title":"Loterie de la Green Card am\u00e9ricaine - USA GC","og_description":"Participer \u00e0 la loterie annuelle am\u00e9ricaine qui permet d'obtenir une Green Card comme 50.000 autres gagnants au tirage au sort.","og_url":"https:\/\/us-gc.net\/fr\/loterie-green-card\/","og_site_name":"USA GC","article_modified_time":"2026-01-15T13:41:11+00:00","twitter_card":"summary_large_image","twitter_misc":{"Dur\u00e9e de lecture estim\u00e9e":"5 minutes"},"schema":{"@context":"https:\/\/schema.org","@graph":[{"@type":"WebPage","@id":"https:\/\/us-gc.net\/fr\/loterie-green-card\/","url":"https:\/\/us-gc.net\/fr\/loterie-green-card\/","name":"Loterie de la Green Card am\u00e9ricaine - USA GC","isPartOf":{"@id":"https:\/\/us-gc.net\/fr\/#website"},"datePublished":"2024-01-31T07:57:06+00:00","dateModified":"2026-01-15T13:41:11+00:00","description":"Participer \u00e0 la loterie annuelle am\u00e9ricaine qui permet d'obtenir une Green Card comme 50.000 autres gagnants au tirage au sort.","breadcrumb":{"@id":"https:\/\/us-gc.net\/fr\/loterie-green-card\/#breadcrumb"},"inLanguage":"fr-FR","potentialAction":[{"@type":"ReadAction","target":["https:\/\/us-gc.net\/fr\/loterie-green-card\/"]}]},{"@type":"BreadcrumbList","@id":"https:\/\/us-gc.net\/fr\/loterie-green-card\/#breadcrumb","itemListElement":[{"@type":"ListItem","position":1,"name":"Accueil","item":"https:\/\/us-gc.net\/fr\/"},{"@type":"ListItem","position":2,"name":"Loterie de la Green Card am\u00e9ricaine"}]},{"@type":"WebSite","@id":"https:\/\/us-gc.net\/fr\/#website","url":"https:\/\/us-gc.net\/fr\/","name":"USA GC","description":"","potentialAction":[{"@type":"SearchAction","target":{"@type":"EntryPoint","urlTemplate":"https:\/\/us-gc.net\/fr\/?s={search_term_string}"},"query-input":{"@type":"PropertyValueSpecification","valueRequired":true,"valueName":"search_term_string"}}],"inLanguage":"fr-FR"}]}},"_links":{"self":[{"href":"https:\/\/us-gc.net\/fr\/wp-json\/wp\/v2\/pages\/59","targetHints":{"allow":["GET"]}}],"collection":[{"href":"https:\/\/us-gc.net\/fr\/wp-json\/wp\/v2\/pages"}],"about":[{"href":"https:\/\/us-gc.net\/fr\/wp-json\/wp\/v2\/types\/page"}],"author":[{"embeddable":true,"href":"https:\/\/us-gc.net\/fr\/wp-json\/wp\/v2\/users\/1"}],"replies":[{"embeddable":true,"href":"https:\/\/us-gc.net\/fr\/wp-json\/wp\/v2\/comments?post=59"}],"version-history":[{"count":4,"href":"https:\/\/us-gc.net\/fr\/wp-json\/wp\/v2\/pages\/59\/revisions"}],"predecessor-version":[{"id":10203,"href":"https:\/\/us-gc.net\/fr\/wp-json\/wp\/v2\/pages\/59\/revisions\/10203"}],"wp:attachment":[{"href":"https:\/\/us-gc.net\/fr\/wp-json\/wp\/v2\/media?parent=59"}],"curies":[{"name":"wp","href":"https:\/\/api.w.org\/{rel}","templated":true}]}}