{"id":52,"date":"2024-01-30T17:24:00","date_gmt":"2024-01-30T17:24:00","guid":{"rendered":"https:\/\/green-card-usa.net\/?page_id=52"},"modified":"2025-08-23T16:30:16","modified_gmt":"2025-08-23T16:30:16","slug":"green-card","status":"publish","type":"page","link":"https:\/\/us-gc.net\/fr\/","title":{"rendered":"Green Card USA | Carte de r\u00e9sident permanent"},"content":{"rendered":"\n<h1 class=\"wp-block-heading\" id=\"h-la-green-card-pour-resider-aux-etats-unis\">La Green Card pour r\u00e9sider aux Etats Unis<\/h1>\n\n\n\n<p>Les Etats Unis d&rsquo;Am\u00e9rique est le pays le plus convoit\u00e9 du monde par les ressortissants \u00e9trangers souhaitant immigrer. La Green Card est une opportunit\u00e9 pour beaucoup d&rsquo;\u00e9trangers d&rsquo;obtenir le droit de pouvoir vivre et travailler sur le territoire am\u00e9ricain.<\/p>\n\n\n\n<h2 class=\"wp-block-heading\" id=\"h-qu-est-ce-que-la-green-card\">Qu&rsquo;est ce que la Green Card ?<\/h2>\n\n\n\n<p>La Green Card est une carte de r\u00e9sident permanent aux \u00c9tats-Unis. Elle permet \u00e0 des ressortissants \u00e9trangers de vivre et travailler de mani\u00e8re permanente aux \u00c9tats-Unis. Les conditions d&rsquo;obtention de la Green Card d\u00e9pendent du motif de la demande.<\/p>\n\n\n\n<h2 class=\"wp-block-heading\" id=\"h-quelle-est-son-utilite\">Quelle est son utilit\u00e9 ?<\/h2>\n\n\n\n<p>L&rsquo;utilit\u00e9 de la Green Card r\u00e9side dans l&rsquo;acc\u00e8s qu&rsquo;elle offre au territoire am\u00e9ricain et \u00e0 son vaste march\u00e9 du travail. Des centaines de milliers de candidats esp\u00e8rent chaque ann\u00e9e obtenir une Green Card pour venir travailler aux Etats Unis.<\/p>\n\n\n\n<h2 class=\"wp-block-heading\" id=\"h-comment-obtenir-une-green-card\">Comment obtenir une Green Card ?<\/h2>\n\n\n\n<p>Il existe plusieurs fa\u00e7on d&rsquo;obtenir une Green Card. La proc\u00e9dure d&rsquo;obtention d\u00e9pend du motif pour lequel le candidat fait une demande de carte de r\u00e9sident am\u00e9ricain. Voici les quatre principaux motifs d&rsquo;obtention de la Green Card :<\/p>\n\n\n\n<ul class=\"wp-block-list\">\n<li>La <a href=\"https:\/\/us-gc.net\/fr\/green-card-pour-emploi\/\">Green Card bas\u00e9e sur l\u2019emploi<\/a><\/li>\n\n\n\n<li>La <a href=\"https:\/\/us-gc.net\/fr\/green-card-par-mariage\/\">Green Card par le mariage<\/a><\/li>\n\n\n\n<li>La <a href=\"https:\/\/us-gc.net\/fr\/green-card-parrainage\/\">Green Card par parrainage<\/a> d&rsquo;un membre de la famille ou d&rsquo;une entreprise<\/li>\n\n\n\n<li>La participation \u00e0 la <a href=\"https:\/\/us-gc.net\/fr\/loterie-green-card\/\">Loterie Green Card<\/a><\/li>\n<\/ul>\n\n\n\n<div style=\"height:10px\" aria-hidden=\"true\" class=\"wp-block-spacer\"><\/div>\n\n\n\n<p>Chaque proc\u00e9dure est diff\u00e9rente en terme de documentation et de conditions \u00e0 remplir pour obtenir la Green Card. <\/p>\n\n\n\n<h2 class=\"wp-block-heading\" id=\"h-quand-effectuer-la-demande-d-une-green-card\">Quand effectuer la demande d&rsquo;une Green Card ?<\/h2>\n\n\n\n<p>Il faut diff\u00e9rencier deux situations selon le type de Green Card demand\u00e9. <\/p>\n\n\n\n<ol class=\"wp-block-list\">\n<li>L&rsquo;ensemble des demandes de Green Card, qu&rsquo;elles soient bas\u00e9e sur l&#8217;emploi, sur un parrainage ou un mariage, peuvent peut s&rsquo;effectuer \u00e0 n&rsquo;importe quel moment de l&rsquo;ann\u00e9e. Le processus d&rsquo;\u00e9tude du dossier intervient d\u00e8s que la demande est compl\u00e8te.<\/li>\n\n\n\n<li>La <a href=\"https:\/\/us-gc.net\/fr\/loterie-carte-verte-americaine\/\">loterie am\u00e9ricaine de la carte verte<\/a> ne se d\u00e9roule qu&rsquo;une fois par an. Le tirage au sort qui se d\u00e9roule en fin d&rsquo;ann\u00e9e 2024 concerne l&rsquo;attribution de la <a href=\"https:\/\/us-gc.net\/fr\/loterie-green-card-2026\/\">loterie de la Green Card 2026<\/a>. L&rsquo;inscription \u00e0 la loterie doit s&rsquo;effectuer au plus tard la premi\u00e8re semaine du mois de novembre chaque ann\u00e9e. Au cours de l&rsquo;ann\u00e9e 2024, l&rsquo;USCIS finalise le processus d&rsquo;attribution des Green Cards remport\u00e9es au cours de la campagnes de la <a href=\"https:\/\/us-gc.net\/fr\/green-card-loterie-2024\/\">loterie Green Card 2024<\/a>. Elle poursuit \u00e9galement le traitements des r\u00e9sultats du tirage effectu\u00e9 pour la <a href=\"https:\/\/us-gc.net\/fr\/loterie-green-card-2025\/\">loterie de la Green Card 2025<\/a>.<\/li>\n<\/ol>\n\n\n\n<div style=\"height:10px\" aria-hidden=\"true\" class=\"wp-block-spacer\"><\/div>\n\n\n\n<p>Dans tous les cas, le processus d&rsquo;obtention d&rsquo;une Green Card comprend un <a href=\"https:\/\/us-gc.net\/fr\/entretien-green-card\/\">entretien pour la Green Card<\/a> avec un agent de l&rsquo;USCIS. Le candidat doit apporter les originaux des documents justificatifs de sa demande de Green Card lors du rendez vous.<\/p>\n\n\n\n<h2 class=\"wp-block-heading\" id=\"h-comment-renouveler-une-green-card\">Comment renouveler une Green Card ?<\/h2>\n\n\n\n<p>Pour renouveler une Green Card, il faut soumettre un formulaire I-90 \u00e0 l&rsquo;USCIS avant l&rsquo;expiration de la carte actuelle, g\u00e9n\u00e9ralement tous les 10 ans.<\/p>\n\n\n\n<h2 class=\"wp-block-heading\" id=\"h-a-quoi-ressemble-une-green-card\">A quoi ressemble une Green Card ?<\/h2>\n\n\n\n<p>Comme son nom l&rsquo;indique, la Green Card est une carte de couleur verte. Elle se pr\u00e9sente comme une carte d&rsquo;identit\u00e9 avec la photo de son d\u00e9tenteur. Cette <a href=\"https:\/\/us-gc.net\/fr\/green-card-photo\/\">photo de la Green Card<\/a> respecte des dimensions particuli\u00e8res, comme indiqu\u00e9 sur l&rsquo;image ci-dessous. Elle date de moins de 6 mois lorsqu&rsquo;elle est fournie pour \u00e9tablir la Green Card.<\/p>\n\n\n\n<figure class=\"wp-block-image size-full\"><img decoding=\"async\" src=\"https:\/\/us-gc.net\/wp-content\/uploads\/2024\/05\/Green-card-2024-1.jpg\" alt=\"image d'une Green Card valide en 2024\" class=\"wp-image-4848\"\/><figcaption class=\"wp-element-caption\">Image d&rsquo;une Green Card pour les USA<\/figcaption><\/figure>\n\n\n\n<h2 class=\"wp-block-heading\" id=\"h-combien-coute-une-green-card\">Combien coute une Green Card ?<\/h2>\n\n\n\n<p>La proc\u00e9dure d&rsquo;obtention de la Green Card comprend le paiement de frais administratifs obligatoires. Ces <a href=\"https:\/\/us-gc.net\/fr\/prix-green-card\/\">frais pour la Green Card<\/a> sont de montants diff\u00e9rents selon le type de Green Card demand\u00e9e.<\/p>\n\n\n\n<h2 class=\"wp-block-heading\" id=\"h-peut-on-voyager-avec-une-green-card\">Peut-on voyager avec une Green Card ?<\/h2>\n\n\n\n<p>Les d\u00e9tenteurs d&rsquo;une Green Card peuvent voyager dans certains pays du monde avec les m\u00eames facilit\u00e9s que le d\u00e9tenteur d&rsquo;un passeport am\u00e9ricain. Cette opportunit\u00e9 de <a href=\"https:\/\/us-gc.net\/fr\/voyager-etranger-avec-green-card\/\">voyager avec une Green Card<\/a> ne concerne que certains pays ayant \u00e9tabli des accords sp\u00e9cifiques avec les Etats Unis. Les principaux pays partenaires sont des pays voisins g\u00e9ographiquement, comme par exemple le Canada et le Mexique.<\/p>\n","protected":false},"excerpt":{"rendered":"<p>La Green Card pour r\u00e9sider aux Etats Unis Les Etats Unis d&rsquo;Am\u00e9rique est le pays le plus convoit\u00e9 du monde par les ressortissants \u00e9trangers souhaitant immigrer. La Green Card est une opportunit\u00e9 pour beaucoup d&rsquo;\u00e9trangers d&rsquo;obtenir le droit de pouvoir vivre et travailler sur le territoire am\u00e9ricain. Qu&rsquo;est ce que la Green Card ? La [&hellip;]<\/p>\n","protected":false},"author":1,"featured_media":0,"parent":0,"menu_order":0,"comment_status":"closed","ping_status":"closed","template":"","meta":{"footnotes":""},"class_list":["post-52","page","type-page","status-publish","hentry"],"yoast_head":"<!-- This site is optimized with the Yoast SEO plugin v27.4 - https:\/\/yoast.com\/product\/yoast-seo-wordpress\/ -->\n<title>Green Card USA | Carte de r\u00e9sident permanent - USA GC<\/title>\n<meta name=\"description\" content=\"La Green Card est la carte de r\u00e9sident permanent aux Etats Unis. Elle peut s&#039;obtenir de diff\u00e9rentes fa\u00e7ons pour vivre et travailler aux USA\" \/>\n<meta name=\"robots\" content=\"index, follow, max-snippet:-1, max-image-preview:large, max-video-preview:-1\" \/>\n<link rel=\"canonical\" href=\"https:\/\/us-gc.net\/fr\/\" \/>\n<meta property=\"og:locale\" content=\"fr_FR\" \/>\n<meta property=\"og:type\" content=\"article\" \/>\n<meta property=\"og:title\" content=\"Green Card USA | Carte de r\u00e9sident permanent - USA GC\" \/>\n<meta property=\"og:description\" content=\"La Green Card est la carte de r\u00e9sident permanent aux Etats Unis. Elle peut s&#039;obtenir de diff\u00e9rentes fa\u00e7ons pour vivre et travailler aux USA\" \/>\n<meta property=\"og:url\" content=\"https:\/\/us-gc.net\/fr\/\" \/>\n<meta property=\"og:site_name\" content=\"USA GC\" \/>\n<meta property=\"article:modified_time\" content=\"2025-08-23T16:30:16+00:00\" \/>\n<meta property=\"og:image\" content=\"https:\/\/us-gc.net\/wp-content\/uploads\/2024\/05\/Green-card-2024-1.jpg\" \/>\n<meta name=\"twitter:card\" content=\"summary_large_image\" \/>\n<meta name=\"twitter:label1\" content=\"Dur\u00e9e de lecture estim\u00e9e\" \/>\n\t<meta name=\"twitter:data1\" content=\"4 minutes\" \/>\n<script type=\"application\/ld+json\" class=\"yoast-schema-graph\">{\"@context\":\"https:\\\/\\\/schema.org\",\"@graph\":[{\"@type\":\"WebPage\",\"@id\":\"https:\\\/\\\/us-gc.net\\\/fr\\\/\",\"url\":\"https:\\\/\\\/us-gc.net\\\/fr\\\/\",\"name\":\"Green Card USA | Carte de r\u00e9sident permanent - USA GC\",\"isPartOf\":{\"@id\":\"https:\\\/\\\/us-gc.net\\\/fr\\\/#website\"},\"primaryImageOfPage\":{\"@id\":\"https:\\\/\\\/us-gc.net\\\/fr\\\/#primaryimage\"},\"image\":{\"@id\":\"https:\\\/\\\/us-gc.net\\\/fr\\\/#primaryimage\"},\"thumbnailUrl\":\"https:\\\/\\\/us-gc.net\\\/wp-content\\\/uploads\\\/2024\\\/05\\\/Green-card-2024-1.jpg\",\"datePublished\":\"2024-01-30T17:24:00+00:00\",\"dateModified\":\"2025-08-23T16:30:16+00:00\",\"description\":\"La Green Card est la carte de r\u00e9sident permanent aux Etats Unis. Elle peut s'obtenir de diff\u00e9rentes fa\u00e7ons pour vivre et travailler aux USA\",\"breadcrumb\":{\"@id\":\"https:\\\/\\\/us-gc.net\\\/fr\\\/#breadcrumb\"},\"inLanguage\":\"fr-FR\",\"potentialAction\":[{\"@type\":\"ReadAction\",\"target\":[\"https:\\\/\\\/us-gc.net\\\/fr\\\/\"]}]},{\"@type\":\"ImageObject\",\"inLanguage\":\"fr-FR\",\"@id\":\"https:\\\/\\\/us-gc.net\\\/fr\\\/#primaryimage\",\"url\":\"https:\\\/\\\/us-gc.net\\\/wp-content\\\/uploads\\\/2024\\\/05\\\/Green-card-2024-1.jpg\",\"contentUrl\":\"https:\\\/\\\/us-gc.net\\\/wp-content\\\/uploads\\\/2024\\\/05\\\/Green-card-2024-1.jpg\"},{\"@type\":\"BreadcrumbList\",\"@id\":\"https:\\\/\\\/us-gc.net\\\/fr\\\/#breadcrumb\",\"itemListElement\":[{\"@type\":\"ListItem\",\"position\":1,\"name\":\"Accueil\",\"item\":\"https:\\\/\\\/us-gc.net\\\/fr\\\/\"},{\"@type\":\"ListItem\",\"position\":2,\"name\":\"Green Card USA | Carte de r\u00e9sident permanent\"}]},{\"@type\":\"WebSite\",\"@id\":\"https:\\\/\\\/us-gc.net\\\/fr\\\/#website\",\"url\":\"https:\\\/\\\/us-gc.net\\\/fr\\\/\",\"name\":\"USA GC\",\"description\":\"\",\"potentialAction\":[{\"@type\":\"SearchAction\",\"target\":{\"@type\":\"EntryPoint\",\"urlTemplate\":\"https:\\\/\\\/us-gc.net\\\/fr\\\/?s={search_term_string}\"},\"query-input\":{\"@type\":\"PropertyValueSpecification\",\"valueRequired\":true,\"valueName\":\"search_term_string\"}}],\"inLanguage\":\"fr-FR\"}]}<\/script>\n<!-- \/ Yoast SEO plugin. -->","yoast_head_json":{"title":"Green Card USA | Carte de r\u00e9sident permanent - USA GC","description":"La Green Card est la carte de r\u00e9sident permanent aux Etats Unis. Elle peut s'obtenir de diff\u00e9rentes fa\u00e7ons pour vivre et travailler aux USA","robots":{"index":"index","follow":"follow","max-snippet":"max-snippet:-1","max-image-preview":"max-image-preview:large","max-video-preview":"max-video-preview:-1"},"canonical":"https:\/\/us-gc.net\/fr\/","og_locale":"fr_FR","og_type":"article","og_title":"Green Card USA | Carte de r\u00e9sident permanent - USA GC","og_description":"La Green Card est la carte de r\u00e9sident permanent aux Etats Unis. Elle peut s'obtenir de diff\u00e9rentes fa\u00e7ons pour vivre et travailler aux USA","og_url":"https:\/\/us-gc.net\/fr\/","og_site_name":"USA GC","article_modified_time":"2025-08-23T16:30:16+00:00","og_image":[{"url":"https:\/\/us-gc.net\/wp-content\/uploads\/2024\/05\/Green-card-2024-1.jpg","type":"","width":"","height":""}],"twitter_card":"summary_large_image","twitter_misc":{"Dur\u00e9e de lecture estim\u00e9e":"4 minutes"},"schema":{"@context":"https:\/\/schema.org","@graph":[{"@type":"WebPage","@id":"https:\/\/us-gc.net\/fr\/","url":"https:\/\/us-gc.net\/fr\/","name":"Green Card USA | Carte de r\u00e9sident permanent - USA GC","isPartOf":{"@id":"https:\/\/us-gc.net\/fr\/#website"},"primaryImageOfPage":{"@id":"https:\/\/us-gc.net\/fr\/#primaryimage"},"image":{"@id":"https:\/\/us-gc.net\/fr\/#primaryimage"},"thumbnailUrl":"https:\/\/us-gc.net\/wp-content\/uploads\/2024\/05\/Green-card-2024-1.jpg","datePublished":"2024-01-30T17:24:00+00:00","dateModified":"2025-08-23T16:30:16+00:00","description":"La Green Card est la carte de r\u00e9sident permanent aux Etats Unis. Elle peut s'obtenir de diff\u00e9rentes fa\u00e7ons pour vivre et travailler aux USA","breadcrumb":{"@id":"https:\/\/us-gc.net\/fr\/#breadcrumb"},"inLanguage":"fr-FR","potentialAction":[{"@type":"ReadAction","target":["https:\/\/us-gc.net\/fr\/"]}]},{"@type":"ImageObject","inLanguage":"fr-FR","@id":"https:\/\/us-gc.net\/fr\/#primaryimage","url":"https:\/\/us-gc.net\/wp-content\/uploads\/2024\/05\/Green-card-2024-1.jpg","contentUrl":"https:\/\/us-gc.net\/wp-content\/uploads\/2024\/05\/Green-card-2024-1.jpg"},{"@type":"BreadcrumbList","@id":"https:\/\/us-gc.net\/fr\/#breadcrumb","itemListElement":[{"@type":"ListItem","position":1,"name":"Accueil","item":"https:\/\/us-gc.net\/fr\/"},{"@type":"ListItem","position":2,"name":"Green Card USA | Carte de r\u00e9sident permanent"}]},{"@type":"WebSite","@id":"https:\/\/us-gc.net\/fr\/#website","url":"https:\/\/us-gc.net\/fr\/","name":"USA GC","description":"","potentialAction":[{"@type":"SearchAction","target":{"@type":"EntryPoint","urlTemplate":"https:\/\/us-gc.net\/fr\/?s={search_term_string}"},"query-input":{"@type":"PropertyValueSpecification","valueRequired":true,"valueName":"search_term_string"}}],"inLanguage":"fr-FR"}]}},"_links":{"self":[{"href":"https:\/\/us-gc.net\/fr\/wp-json\/wp\/v2\/pages\/52","targetHints":{"allow":["GET"]}}],"collection":[{"href":"https:\/\/us-gc.net\/fr\/wp-json\/wp\/v2\/pages"}],"about":[{"href":"https:\/\/us-gc.net\/fr\/wp-json\/wp\/v2\/types\/page"}],"author":[{"embeddable":true,"href":"https:\/\/us-gc.net\/fr\/wp-json\/wp\/v2\/users\/1"}],"replies":[{"embeddable":true,"href":"https:\/\/us-gc.net\/fr\/wp-json\/wp\/v2\/comments?post=52"}],"version-history":[{"count":1,"href":"https:\/\/us-gc.net\/fr\/wp-json\/wp\/v2\/pages\/52\/revisions"}],"predecessor-version":[{"id":7693,"href":"https:\/\/us-gc.net\/fr\/wp-json\/wp\/v2\/pages\/52\/revisions\/7693"}],"wp:attachment":[{"href":"https:\/\/us-gc.net\/fr\/wp-json\/wp\/v2\/media?parent=52"}],"curies":[{"name":"wp","href":"https:\/\/api.w.org\/{rel}","templated":true}]}}