{"id":4212,"date":"2024-04-08T08:17:47","date_gmt":"2024-04-08T08:17:47","guid":{"rendered":"https:\/\/green-card-usa.net\/?page_id=4212"},"modified":"2025-08-23T16:43:23","modified_gmt":"2025-08-23T16:43:23","slug":"loterie-green-card-participation-pays-asie","status":"publish","type":"page","link":"https:\/\/us-gc.net\/fr\/loterie-green-card-participation-pays-asie\/","title":{"rendered":"Loterie de la Green Card pour les pays asiatiques"},"content":{"rendered":"\n<h1 class=\"wp-block-heading\" id=\"h-les-pays-d-asie-a-la-loterie-de-la-carte-verte-americaine\">Les pays d&rsquo;Asie \u00e0 la loterie de la Carte Verte am\u00e9ricaine<\/h1>\n\n\n\n<p>Chaque ann\u00e9e des millions de candidats participent au tirage au sort de la loterie de la Green Card am\u00e9ricaine. Nous avons compil\u00e9s les statistiques publi\u00e9es par le d\u00e9partement d&rsquo;Etat sur&nbsp;<a href=\"https:\/\/travel.state.gov\/content\/travel\/en\/us-visas\/immigrate\/diversity-visa-program-entry\/diversity-visa-program-statistics.html\">travel.state.gov<\/a> pour vous pr\u00e9senter les chiffres cl\u00e9s de la participation des citoyens asiatiques \u00e0 la loterie de la Green Card.<\/p>\n\n\n\n<h2 class=\"wp-block-heading\" id=\"h-quelle-est-la-participation-des-asiatiques-a-la-loterie\">Quelle est la participation des asiatiques \u00e0 la loterie<\/h2>\n\n\n\n<p>Environ 15% \u00e0 20% des candidats au tirage au sort de la <a href=\"https:\/\/us-gc.net\/fr\/loterie-green-card\/\">loterie de la Green Card<\/a> \u00e9taient des citoyens d&rsquo;un pays d&rsquo;Asie au cours des derni\u00e8res ann\u00e9es pour lesquelles les statistiques sont disponibles.<\/p>\n\n\n\n<figure class=\"wp-block-table\"><table><tbody><tr><td><strong>Ann\u00e9es<\/strong><\/td><td class=\"has-text-align-center\" data-align=\"center\"><strong>2019<\/strong><\/td><td class=\"has-text-align-center\" data-align=\"center\"><strong>2020<\/strong><\/td><td class=\"has-text-align-center\" data-align=\"center\"><strong>2021<\/strong><\/td><\/tr><tr><td>Nombre d&rsquo;inscris asiatiques<\/td><td class=\"has-text-align-center\" data-align=\"center\">1 871 824<\/td><td class=\"has-text-align-center\" data-align=\"center\">1 952 489<\/td><td class=\"has-text-align-center\" data-align=\"center\">1 281 046<\/td><\/tr><tr><td>Total dossiers d&rsquo;inscriptions<\/td><td class=\"has-text-align-center\" data-align=\"center\">14\u202f352\u202f013<\/td><td class=\"has-text-align-center\" data-align=\"center\">14\u202f722\u202f798<\/td><td class=\"has-text-align-center\" data-align=\"center\">6\u202f741\u202f128<\/td><\/tr><tr><td><strong>Part des inscrits asiatiques<\/strong><\/td><td class=\"has-text-align-center\" data-align=\"center\"><strong>13%<\/strong><\/td><td class=\"has-text-align-center\" data-align=\"center\"><strong>13%<\/strong><\/td><td class=\"has-text-align-center\" data-align=\"center\"><strong>19%<\/strong><\/td><\/tr><\/tbody><\/table><figcaption class=\"wp-element-caption\">Part des asiatiques inscrits \u00e0 la loterie de la Green Card<\/figcaption><\/figure>\n\n\n\n<h2 class=\"wp-block-heading\" id=\"h-quels-sont-les-principaux-pays-d-asie-d-ou-proviennent-les-candidats\">Quels sont les principaux pays d&rsquo;Asie d&rsquo;o\u00f9 proviennent les candidats ?<\/h2>\n\n\n\n<p>Voici le nombre de dossiers d&rsquo;inscription \u00e0 la loterie de la Green Card pour les 20 principaux pays asiatiques. Les derniers chiffres rendus publics par le D\u00e9partement d&rsquo;Etat concernent les ann\u00e9es de 2019 \u00e0 2021 :<\/p>\n\n\n\n<figure class=\"wp-block-table\"><table><tbody><tr><td><strong>Pays d&rsquo;Asie<\/strong><\/td><td class=\"has-text-align-center\" data-align=\"center\"><strong>2019<\/strong><\/td><td class=\"has-text-align-center\" data-align=\"center\"><strong>2020<\/strong><\/td><td class=\"has-text-align-center\" data-align=\"center\"><strong>2021<\/strong><\/td><\/tr><tr><td>N\u00e9pal<\/td><td class=\"has-text-align-center\" data-align=\"center\">684 180<\/td><td class=\"has-text-align-center\" data-align=\"center\">637 696<\/td><td class=\"has-text-align-center\" data-align=\"center\">421 765<\/td><\/tr><tr><td>Iran<\/td><td class=\"has-text-align-center\" data-align=\"center\">453 242<\/td><td class=\"has-text-align-center\" data-align=\"center\">709 469<\/td><td class=\"has-text-align-center\" data-align=\"center\">404 863<\/td><\/tr><tr><td>Afghanistan<\/td><td class=\"has-text-align-center\" data-align=\"center\">35 939<\/td><td class=\"has-text-align-center\" data-align=\"center\">58\u202f711<\/td><td class=\"has-text-align-center\" data-align=\"center\">60\u202f602<\/td><\/tr><tr><td>Cambodge<\/td><td class=\"has-text-align-center\" data-align=\"center\">179\u202f662<\/td><td class=\"has-text-align-center\" data-align=\"center\">109\u202f881<\/td><td class=\"has-text-align-center\" data-align=\"center\">46\u202f110<\/td><\/tr><tr><td>Sri Lanka<\/td><td class=\"has-text-align-center\" data-align=\"center\">53\u202f396<\/td><td class=\"has-text-align-center\" data-align=\"center\">47\u202f705<\/td><td class=\"has-text-align-center\" data-align=\"center\">41\u202f595<\/td><\/tr><tr><td>Y\u00e9men<\/td><td class=\"has-text-align-center\" data-align=\"center\">141\u202f679<\/td><td class=\"has-text-align-center\" data-align=\"center\">62\u202f389<\/td><td class=\"has-text-align-center\" data-align=\"center\">41\u202f495<\/td><\/tr><tr><td>Jordanie<\/td><td class=\"has-text-align-center\" data-align=\"center\">39\u202f092<\/td><td class=\"has-text-align-center\" data-align=\"center\">42\u202f116<\/td><td class=\"has-text-align-center\" data-align=\"center\">36\u202f815<\/td><\/tr><tr><td>Irak<\/td><td class=\"has-text-align-center\" data-align=\"center\">47\u202f368<\/td><td class=\"has-text-align-center\" data-align=\"center\">40\u202f852<\/td><td class=\"has-text-align-center\" data-align=\"center\">31\u202f197<\/td><\/tr><tr><td>Arabie Saoudite<\/td><td class=\"has-text-align-center\" data-align=\"center\">40\u202f114<\/td><td class=\"has-text-align-center\" data-align=\"center\">41\u202f019<\/td><td class=\"has-text-align-center\" data-align=\"center\">30\u202f844<\/td><\/tr><tr><td>Ta\u00efwan<\/td><td class=\"has-text-align-center\" data-align=\"center\">30\u202f603<\/td><td class=\"has-text-align-center\" data-align=\"center\">31\u202f640<\/td><td class=\"has-text-align-center\" data-align=\"center\">24\u202f645<\/td><\/tr><tr><td>Birmanie<\/td><td class=\"has-text-align-center\" data-align=\"center\">20\u202f078<\/td><td class=\"has-text-align-center\" data-align=\"center\">29\u202f504<\/td><td class=\"has-text-align-center\" data-align=\"center\">21\u202f555<\/td><\/tr><tr><td>Japon<\/td><td class=\"has-text-align-center\" data-align=\"center\">24\u202f895<\/td><td class=\"has-text-align-center\" data-align=\"center\">21\u202f674<\/td><td class=\"has-text-align-center\" data-align=\"center\">17\u202f181<\/td><\/tr><tr><td>Hong Kong<\/td><td class=\"has-text-align-center\" data-align=\"center\">6\u202f358<\/td><td class=\"has-text-align-center\" data-align=\"center\">5\u202f451<\/td><td class=\"has-text-align-center\" data-align=\"center\">15\u202f471<\/td><\/tr><tr><td>Tha\u00eflande<\/td><td class=\"has-text-align-center\" data-align=\"center\">10\u202f969<\/td><td class=\"has-text-align-center\" data-align=\"center\">12\u202f354<\/td><td class=\"has-text-align-center\" data-align=\"center\">14\u202f187<\/td><\/tr><tr><td>Syrie<\/td><td class=\"has-text-align-center\" data-align=\"center\">20\u202f124<\/td><td class=\"has-text-align-center\" data-align=\"center\">14\u202f168<\/td><td class=\"has-text-align-center\" data-align=\"center\">11\u202f424<\/td><\/tr><tr><td>Mongolie<\/td><td class=\"has-text-align-center\" data-align=\"center\">10\u202f546<\/td><td class=\"has-text-align-center\" data-align=\"center\">11\u202f242<\/td><td class=\"has-text-align-center\" data-align=\"center\">9\u202f871<\/td><\/tr><tr><td>Isra\u00ebl<\/td><td class=\"has-text-align-center\" data-align=\"center\">14\u202f234<\/td><td class=\"has-text-align-center\" data-align=\"center\">12\u202f727<\/td><td class=\"has-text-align-center\" data-align=\"center\">8\u202f793<\/td><\/tr><tr><td>Indon\u00e9sie<\/td><td class=\"has-text-align-center\" data-align=\"center\">10\u202f970<\/td><td class=\"has-text-align-center\" data-align=\"center\">10\u202f691<\/td><td class=\"has-text-align-center\" data-align=\"center\">8\u202f440<\/td><\/tr><tr><td>Emirats Arabes Unis<\/td><td class=\"has-text-align-center\" data-align=\"center\">10\u202f281<\/td><td class=\"has-text-align-center\" data-align=\"center\">10\u202f964<\/td><td class=\"has-text-align-center\" data-align=\"center\">8\u202f030<\/td><\/tr><tr><td>Liban<\/td><td class=\"has-text-align-center\" data-align=\"center\">12\u202f868<\/td><td class=\"has-text-align-center\" data-align=\"center\">11\u202f184<\/td><td class=\"has-text-align-center\" data-align=\"center\">7\u202f250<\/td><\/tr><\/tbody><\/table><figcaption class=\"wp-element-caption\">Les principaux pays asiatiques en nombre de participants \u00e0 la loterie de la carte verte am\u00e9ricaine<\/figcaption><\/figure>\n\n\n\n<h2 class=\"wp-block-heading\" id=\"h-quels-sont-les-gagnants-a-la-loterie-provenant-de-pays-d-asie\">Quels sont les gagnants \u00e0 la loterie provenant de pays d&rsquo;Asie ?<\/h2>\n\n\n\n<p>Le D\u00e9partement d&rsquo;Etat publie \u00e9galement le nombre de visas obtenus chaque ann\u00e9e au travers du programme de diversit\u00e9. Ces <a href=\"https:\/\/us-gc.net\/fr\/resultats-loterie-green-card\/\">r\u00e9sultats de la loterie<\/a> sont publi\u00e9s par zone g\u00e9ographiques et d\u00e9taill\u00e9s par pays.<\/p>\n\n\n\n<p>Voici le nombre de visas obtenus gr\u00e2ce \u00e0 la <a href=\"https:\/\/us-gc.net\/fr\/loterie-carte-verte-americaine\/\">loterie de la Carte Verte<\/a> pour les 20 principaux pays asiatiques entre 2018 et 2022 :<\/p>\n\n\n\n<figure class=\"wp-block-table\"><table><tbody><tr><td><strong>Pays d&rsquo;Asie<\/strong><\/td><td class=\"has-text-align-center\" data-align=\"center\"><strong>2018<\/strong><\/td><td class=\"has-text-align-center\" data-align=\"center\"><strong>2019<\/strong><\/td><td class=\"has-text-align-center\" data-align=\"center\"><strong>2020<\/strong><\/td><td class=\"has-text-align-center\" data-align=\"center\"><strong>2021<\/strong><\/td><td class=\"has-text-align-center\" data-align=\"center\"><strong>2022<\/strong><\/td><\/tr><tr><td>N\u00e9pal<\/td><td class=\"has-text-align-center\" data-align=\"center\">3 307<\/td><td class=\"has-text-align-center\" data-align=\"center\">2 795<\/td><td class=\"has-text-align-center\" data-align=\"center\">2 085<\/td><td class=\"has-text-align-center\" data-align=\"center\">1 372<\/td><td class=\"has-text-align-center\" data-align=\"center\">3 345<\/td><\/tr><tr><td>Iran<\/td><td class=\"has-text-align-center\" data-align=\"center\">318<\/td><td class=\"has-text-align-center\" data-align=\"center\">298<\/td><td class=\"has-text-align-center\" data-align=\"center\">131<\/td><td class=\"has-text-align-center\" data-align=\"center\">244<\/td><td class=\"has-text-align-center\" data-align=\"center\">2 024<\/td><\/tr><tr><td>Afghanistan<\/td><td class=\"has-text-align-center\" data-align=\"center\">231<\/td><td class=\"has-text-align-center\" data-align=\"center\">265<\/td><td class=\"has-text-align-center\" data-align=\"center\">165<\/td><td class=\"has-text-align-center\" data-align=\"center\">87<\/td><td class=\"has-text-align-center\" data-align=\"center\">723<\/td><\/tr><tr><td>Jordanie<\/td><td class=\"has-text-align-center\" data-align=\"center\">254<\/td><td class=\"has-text-align-center\" data-align=\"center\">330<\/td><td class=\"has-text-align-center\" data-align=\"center\">266<\/td><td class=\"has-text-align-center\" data-align=\"center\">542<\/td><td class=\"has-text-align-center\" data-align=\"center\">713<\/td><\/tr><tr><td>Irak<\/td><td class=\"has-text-align-center\" data-align=\"center\">297<\/td><td class=\"has-text-align-center\" data-align=\"center\">264<\/td><td class=\"has-text-align-center\" data-align=\"center\">86<\/td><td class=\"has-text-align-center\" data-align=\"center\">30<\/td><td class=\"has-text-align-center\" data-align=\"center\">650<\/td><\/tr><tr><td>Y\u00e9men<\/td><td class=\"has-text-align-center\" data-align=\"center\">28<\/td><td class=\"has-text-align-center\" data-align=\"center\">70<\/td><td class=\"has-text-align-center\" data-align=\"center\">13<\/td><td class=\"has-text-align-center\" data-align=\"center\">228<\/td><td class=\"has-text-align-center\" data-align=\"center\">625<\/td><\/tr><tr><td>Sri Lanka<\/td><td class=\"has-text-align-center\" data-align=\"center\">360<\/td><td class=\"has-text-align-center\" data-align=\"center\">331<\/td><td class=\"has-text-align-center\" data-align=\"center\">225<\/td><td class=\"has-text-align-center\" data-align=\"center\">438<\/td><td class=\"has-text-align-center\" data-align=\"center\">583<\/td><\/tr><tr><td>Arabie Saoudite<\/td><td class=\"has-text-align-center\" data-align=\"center\">218<\/td><td class=\"has-text-align-center\" data-align=\"center\">262<\/td><td class=\"has-text-align-center\" data-align=\"center\">143<\/td><td class=\"has-text-align-center\" data-align=\"center\">117<\/td><td class=\"has-text-align-center\" data-align=\"center\">450<\/td><\/tr><tr><td>Birmanie<\/td><td class=\"has-text-align-center\" data-align=\"center\">125<\/td><td class=\"has-text-align-center\" data-align=\"center\">210<\/td><td class=\"has-text-align-center\" data-align=\"center\">82<\/td><td class=\"has-text-align-center\" data-align=\"center\">96<\/td><td class=\"has-text-align-center\" data-align=\"center\">422<\/td><\/tr><tr><td>Japon<\/td><td class=\"has-text-align-center\" data-align=\"center\">164<\/td><td class=\"has-text-align-center\" data-align=\"center\">223<\/td><td class=\"has-text-align-center\" data-align=\"center\">135<\/td><td class=\"has-text-align-center\" data-align=\"center\">237<\/td><td class=\"has-text-align-center\" data-align=\"center\">331<\/td><\/tr><tr><td>Ta\u00efwan<\/td><td class=\"has-text-align-center\" data-align=\"center\">174<\/td><td class=\"has-text-align-center\" data-align=\"center\">180<\/td><td class=\"has-text-align-center\" data-align=\"center\">142<\/td><td class=\"has-text-align-center\" data-align=\"center\">178<\/td><td class=\"has-text-align-center\" data-align=\"center\">301<\/td><\/tr><tr><td>Syrie<\/td><td class=\"has-text-align-center\" data-align=\"center\">55<\/td><td class=\"has-text-align-center\" data-align=\"center\">83<\/td><td class=\"has-text-align-center\" data-align=\"center\">36<\/td><td class=\"has-text-align-center\" data-align=\"center\">84<\/td><td class=\"has-text-align-center\" data-align=\"center\">240<\/td><\/tr><tr><td>Liban<\/td><td class=\"has-text-align-center\" data-align=\"center\">44<\/td><td class=\"has-text-align-center\" data-align=\"center\">77<\/td><td class=\"has-text-align-center\" data-align=\"center\">26<\/td><td class=\"has-text-align-center\" data-align=\"center\">107<\/td><td class=\"has-text-align-center\" data-align=\"center\">209<\/td><\/tr><tr><td>Mongolie<\/td><td class=\"has-text-align-center\" data-align=\"center\">160<\/td><td class=\"has-text-align-center\" data-align=\"center\">143<\/td><td class=\"has-text-align-center\" data-align=\"center\">114<\/td><td class=\"has-text-align-center\" data-align=\"center\">197<\/td><td class=\"has-text-align-center\" data-align=\"center\">196<\/td><\/tr><tr><td>Cambodge<\/td><td class=\"has-text-align-center\" data-align=\"center\">121<\/td><td class=\"has-text-align-center\" data-align=\"center\">86<\/td><td class=\"has-text-align-center\" data-align=\"center\">69<\/td><td class=\"has-text-align-center\" data-align=\"center\">51<\/td><td class=\"has-text-align-center\" data-align=\"center\">166<\/td><\/tr><tr><td>Tha\u00eflande<\/td><td class=\"has-text-align-center\" data-align=\"center\">32<\/td><td class=\"has-text-align-center\" data-align=\"center\">60<\/td><td class=\"has-text-align-center\" data-align=\"center\">36<\/td><td class=\"has-text-align-center\" data-align=\"center\">51<\/td><td class=\"has-text-align-center\" data-align=\"center\">142<\/td><\/tr><tr><td>Indon\u00e9sie<\/td><td class=\"has-text-align-center\" data-align=\"center\">64<\/td><td class=\"has-text-align-center\" data-align=\"center\">63<\/td><td class=\"has-text-align-center\" data-align=\"center\">58<\/td><td class=\"has-text-align-center\" data-align=\"center\">85<\/td><td class=\"has-text-align-center\" data-align=\"center\">106<\/td><\/tr><tr><td>Kowe\u00eft<\/td><td class=\"has-text-align-center\" data-align=\"center\">81<\/td><td class=\"has-text-align-center\" data-align=\"center\">51<\/td><td class=\"has-text-align-center\" data-align=\"center\">37<\/td><td class=\"has-text-align-center\" data-align=\"center\">52<\/td><td class=\"has-text-align-center\" data-align=\"center\">106<\/td><\/tr><tr><td>Emirats Arabes Unis<\/td><td class=\"has-text-align-center\" data-align=\"center\">64<\/td><td class=\"has-text-align-center\" data-align=\"center\">78<\/td><td class=\"has-text-align-center\" data-align=\"center\">71<\/td><td class=\"has-text-align-center\" data-align=\"center\">50<\/td><td class=\"has-text-align-center\" data-align=\"center\">85<\/td><\/tr><tr><td>Bhoutan<\/td><td class=\"has-text-align-center\" data-align=\"center\">7<\/td><td class=\"has-text-align-center\" data-align=\"center\">20<\/td><td class=\"has-text-align-center\" data-align=\"center\">5<\/td><td class=\"has-text-align-center\" data-align=\"center\">18<\/td><td class=\"has-text-align-center\" data-align=\"center\">80<\/td><\/tr><\/tbody><\/table><figcaption class=\"wp-element-caption\">Nombre de visas issues du <a href=\"https:\/\/us-gc.net\/fr\/diversity-visa-program\/\">Diversity Visa Program<\/a> pour les principaux pays asiatiques<\/figcaption><\/figure>\n\n\n\n<p><\/p>\n","protected":false},"excerpt":{"rendered":"<p>Les pays d&rsquo;Asie \u00e0 la loterie de la Carte Verte am\u00e9ricaine Chaque ann\u00e9e des millions de candidats participent au tirage au sort de la loterie de la Green Card am\u00e9ricaine. Nous avons compil\u00e9s les statistiques publi\u00e9es par le d\u00e9partement d&rsquo;Etat sur&nbsp;travel.state.gov pour vous pr\u00e9senter les chiffres cl\u00e9s de la participation des citoyens asiatiques \u00e0 la [&hellip;]<\/p>\n","protected":false},"author":1,"featured_media":0,"parent":0,"menu_order":0,"comment_status":"closed","ping_status":"closed","template":"","meta":{"footnotes":""},"class_list":["post-4212","page","type-page","status-publish","hentry"],"yoast_head":"<!-- This site is optimized with the Yoast SEO plugin v27.4 - https:\/\/yoast.com\/product\/yoast-seo-wordpress\/ -->\n<title>Loterie de la Green Card pour les pays asiatiques - USA GC<\/title>\n<meta name=\"robots\" content=\"index, follow, max-snippet:-1, max-image-preview:large, max-video-preview:-1\" \/>\n<link rel=\"canonical\" href=\"https:\/\/us-gc.net\/fr\/loterie-green-card-participation-pays-asie\/\" \/>\n<meta property=\"og:locale\" content=\"fr_FR\" \/>\n<meta property=\"og:type\" content=\"article\" \/>\n<meta property=\"og:title\" content=\"Loterie de la Green Card pour les pays asiatiques - USA GC\" \/>\n<meta property=\"og:description\" content=\"Les pays d&rsquo;Asie \u00e0 la loterie de la Carte Verte am\u00e9ricaine Chaque ann\u00e9e des millions de candidats participent au tirage au sort de la loterie de la Green Card am\u00e9ricaine. Nous avons compil\u00e9s les statistiques publi\u00e9es par le d\u00e9partement d&rsquo;Etat sur&nbsp;travel.state.gov pour vous pr\u00e9senter les chiffres cl\u00e9s de la participation des citoyens asiatiques \u00e0 la [&hellip;]\" \/>\n<meta property=\"og:url\" content=\"https:\/\/us-gc.net\/fr\/loterie-green-card-participation-pays-asie\/\" \/>\n<meta property=\"og:site_name\" content=\"USA GC\" \/>\n<meta property=\"article:modified_time\" content=\"2025-08-23T16:43:23+00:00\" \/>\n<meta name=\"twitter:card\" content=\"summary_large_image\" \/>\n<meta name=\"twitter:label1\" content=\"Dur\u00e9e de lecture estim\u00e9e\" \/>\n\t<meta name=\"twitter:data1\" content=\"3 minutes\" \/>\n<script type=\"application\/ld+json\" class=\"yoast-schema-graph\">{\"@context\":\"https:\\\/\\\/schema.org\",\"@graph\":[{\"@type\":\"WebPage\",\"@id\":\"https:\\\/\\\/us-gc.net\\\/fr\\\/loterie-green-card-participation-pays-asie\\\/\",\"url\":\"https:\\\/\\\/us-gc.net\\\/fr\\\/loterie-green-card-participation-pays-asie\\\/\",\"name\":\"Loterie de la Green Card pour les pays asiatiques - USA GC\",\"isPartOf\":{\"@id\":\"https:\\\/\\\/us-gc.net\\\/fr\\\/#website\"},\"datePublished\":\"2024-04-08T08:17:47+00:00\",\"dateModified\":\"2025-08-23T16:43:23+00:00\",\"breadcrumb\":{\"@id\":\"https:\\\/\\\/us-gc.net\\\/fr\\\/loterie-green-card-participation-pays-asie\\\/#breadcrumb\"},\"inLanguage\":\"fr-FR\",\"potentialAction\":[{\"@type\":\"ReadAction\",\"target\":[\"https:\\\/\\\/us-gc.net\\\/fr\\\/loterie-green-card-participation-pays-asie\\\/\"]}]},{\"@type\":\"BreadcrumbList\",\"@id\":\"https:\\\/\\\/us-gc.net\\\/fr\\\/loterie-green-card-participation-pays-asie\\\/#breadcrumb\",\"itemListElement\":[{\"@type\":\"ListItem\",\"position\":1,\"name\":\"Accueil\",\"item\":\"https:\\\/\\\/us-gc.net\\\/fr\\\/\"},{\"@type\":\"ListItem\",\"position\":2,\"name\":\"Loterie de la Green Card pour les pays asiatiques\"}]},{\"@type\":\"WebSite\",\"@id\":\"https:\\\/\\\/us-gc.net\\\/fr\\\/#website\",\"url\":\"https:\\\/\\\/us-gc.net\\\/fr\\\/\",\"name\":\"USA GC\",\"description\":\"\",\"potentialAction\":[{\"@type\":\"SearchAction\",\"target\":{\"@type\":\"EntryPoint\",\"urlTemplate\":\"https:\\\/\\\/us-gc.net\\\/fr\\\/?s={search_term_string}\"},\"query-input\":{\"@type\":\"PropertyValueSpecification\",\"valueRequired\":true,\"valueName\":\"search_term_string\"}}],\"inLanguage\":\"fr-FR\"}]}<\/script>\n<!-- \/ Yoast SEO plugin. -->","yoast_head_json":{"title":"Loterie de la Green Card pour les pays asiatiques - USA GC","robots":{"index":"index","follow":"follow","max-snippet":"max-snippet:-1","max-image-preview":"max-image-preview:large","max-video-preview":"max-video-preview:-1"},"canonical":"https:\/\/us-gc.net\/fr\/loterie-green-card-participation-pays-asie\/","og_locale":"fr_FR","og_type":"article","og_title":"Loterie de la Green Card pour les pays asiatiques - USA GC","og_description":"Les pays d&rsquo;Asie \u00e0 la loterie de la Carte Verte am\u00e9ricaine Chaque ann\u00e9e des millions de candidats participent au tirage au sort de la loterie de la Green Card am\u00e9ricaine. Nous avons compil\u00e9s les statistiques publi\u00e9es par le d\u00e9partement d&rsquo;Etat sur&nbsp;travel.state.gov pour vous pr\u00e9senter les chiffres cl\u00e9s de la participation des citoyens asiatiques \u00e0 la [&hellip;]","og_url":"https:\/\/us-gc.net\/fr\/loterie-green-card-participation-pays-asie\/","og_site_name":"USA GC","article_modified_time":"2025-08-23T16:43:23+00:00","twitter_card":"summary_large_image","twitter_misc":{"Dur\u00e9e de lecture estim\u00e9e":"3 minutes"},"schema":{"@context":"https:\/\/schema.org","@graph":[{"@type":"WebPage","@id":"https:\/\/us-gc.net\/fr\/loterie-green-card-participation-pays-asie\/","url":"https:\/\/us-gc.net\/fr\/loterie-green-card-participation-pays-asie\/","name":"Loterie de la Green Card pour les pays asiatiques - USA GC","isPartOf":{"@id":"https:\/\/us-gc.net\/fr\/#website"},"datePublished":"2024-04-08T08:17:47+00:00","dateModified":"2025-08-23T16:43:23+00:00","breadcrumb":{"@id":"https:\/\/us-gc.net\/fr\/loterie-green-card-participation-pays-asie\/#breadcrumb"},"inLanguage":"fr-FR","potentialAction":[{"@type":"ReadAction","target":["https:\/\/us-gc.net\/fr\/loterie-green-card-participation-pays-asie\/"]}]},{"@type":"BreadcrumbList","@id":"https:\/\/us-gc.net\/fr\/loterie-green-card-participation-pays-asie\/#breadcrumb","itemListElement":[{"@type":"ListItem","position":1,"name":"Accueil","item":"https:\/\/us-gc.net\/fr\/"},{"@type":"ListItem","position":2,"name":"Loterie de la Green Card pour les pays asiatiques"}]},{"@type":"WebSite","@id":"https:\/\/us-gc.net\/fr\/#website","url":"https:\/\/us-gc.net\/fr\/","name":"USA GC","description":"","potentialAction":[{"@type":"SearchAction","target":{"@type":"EntryPoint","urlTemplate":"https:\/\/us-gc.net\/fr\/?s={search_term_string}"},"query-input":{"@type":"PropertyValueSpecification","valueRequired":true,"valueName":"search_term_string"}}],"inLanguage":"fr-FR"}]}},"_links":{"self":[{"href":"https:\/\/us-gc.net\/fr\/wp-json\/wp\/v2\/pages\/4212","targetHints":{"allow":["GET"]}}],"collection":[{"href":"https:\/\/us-gc.net\/fr\/wp-json\/wp\/v2\/pages"}],"about":[{"href":"https:\/\/us-gc.net\/fr\/wp-json\/wp\/v2\/types\/page"}],"author":[{"embeddable":true,"href":"https:\/\/us-gc.net\/fr\/wp-json\/wp\/v2\/users\/1"}],"replies":[{"embeddable":true,"href":"https:\/\/us-gc.net\/fr\/wp-json\/wp\/v2\/comments?post=4212"}],"version-history":[{"count":1,"href":"https:\/\/us-gc.net\/fr\/wp-json\/wp\/v2\/pages\/4212\/revisions"}],"predecessor-version":[{"id":7893,"href":"https:\/\/us-gc.net\/fr\/wp-json\/wp\/v2\/pages\/4212\/revisions\/7893"}],"wp:attachment":[{"href":"https:\/\/us-gc.net\/fr\/wp-json\/wp\/v2\/media?parent=4212"}],"curies":[{"name":"wp","href":"https:\/\/api.w.org\/{rel}","templated":true}]}}