{"id":317,"date":"2024-02-04T15:55:27","date_gmt":"2024-02-04T15:55:27","guid":{"rendered":"https:\/\/green-card-usa.net\/?page_id=317"},"modified":"2025-08-23T16:46:12","modified_gmt":"2025-08-23T16:46:12","slug":"loterie-green-card-2026","status":"publish","type":"page","link":"https:\/\/us-gc.net\/fr\/loterie-green-card-2026\/","title":{"rendered":"Loterie Green Card 2026"},"content":{"rendered":"\n<h1 class=\"wp-block-heading\" id=\"h-la-loterie-de-la-green-card-2026\">La loterie de la Green Card 2026<\/h1>\n\n\n\n<p>Chaque ann\u00e9e les Etats Unis proposent \u00e0 plus de 50 000 ressortissants \u00e9trangers d&rsquo;obtenir une Green Card par tirage au sort. Cette loterie fait partie du Diversity Visa Program am\u00e9ricain. Ce programme a \u00e9t\u00e9 mis en place pour g\u00e9rer l&rsquo;immigration aux Etats Unis.<\/p>\n\n\n\n<h2 class=\"wp-block-heading\" id=\"h-qu-est-ce-que-la-loterie-de-la-green-card-2026\">Qu&rsquo;est ce que la loterie de la Green Card 2026<\/h2>\n\n\n\n<p>Chaque promotion du tirage au sort de la Green Card porte le num\u00e9ro de l&rsquo;ann\u00e9e au cours de laquelle les candidats seront enfin des d\u00e9tenteurs d&rsquo;une <a href=\"https:\/\/us-gc.net\/fr\/green-card\/\">Green Card am\u00e9ricaine<\/a>. Donc la loterie 2026 de la Green Card concerne le quota de Green Card qui seront d\u00e9livr\u00e9es en 2026. L&rsquo;administration am\u00e9ricaine nomme cette promotion de nouveaux visas issues du programme de diversit\u00e9 : DV-2026 pour Diversity-Program 2026.<\/p>\n\n\n\n<h2 class=\"wp-block-heading\" id=\"h-quand-se-deroule-le-tirage-au-sort-du-quota-de-green-card-2026\">Quand se d\u00e9roule le tirage au sort du quota de Green Card 2026 ?<\/h2>\n\n\n\n<p>Le processus d&rsquo;obtention de la Green Card au travers de la loterie comprend plusieurs \u00e9tapes. La premi\u00e8re \u00e9tape est le tirage au sort. <\/p>\n\n\n\n<p><strong>Les candidats du DV2026 devaient s&rsquo;inscrire \u00e0 partir du 2 octobre 2024<\/strong> pour participer au tirage au sort qui se d\u00e9roule chaque ann\u00e9e au d\u00e9but du moi de novembre. La cl\u00f4ture des inscription en ligne pour le tirage DV2026 a eu lieu le 5 novembre 2024.<\/p>\n\n\n\n<h2 class=\"wp-block-heading\" id=\"h-quand-sont-publies-les-resultats-du-tirage-au-sort-du-dv-2026\">Quand sont publi\u00e9s les r\u00e9sultats du tirage au sort du DV-2026 ?<\/h2>\n\n\n\n<p>Les <a href=\"https:\/\/us-gc.net\/fr\/resultats-loterie-green-card\/\">r\u00e9sultats du tirage au sort de la Green Card<\/a> sont publi\u00e9s environ 6 mois apr\u00e8s la fin des inscriptions: Les r\u00e9sultats du tirage DV2026 sont publi\u00e9s \u00e0 partir du mois de mai 2025.<\/p>\n\n\n\n<h2 class=\"wp-block-heading\" id=\"h-quel-sont-les-etapes-suivantes-pour-les-gagnants-de-la-loterie\">Quel sont les \u00e9tapes suivantes pour les gagnants de la loterie ?<\/h2>\n\n\n\n<p>Les gagnants doivent ensuite effectuer les d\u00e9marches pour obtenir un visa Diversit\u00e9. Les principales \u00e9tapes suivantes pour obtenir la Green Card sont :<\/p>\n\n\n\n<ul class=\"wp-block-list\">\n<li>Compl\u00e9ter le <a href=\"https:\/\/travel.state.gov\/content\/travel\/en\/us-visas\/visa-information-resources\/forms\/online-immigrant-visa-forms\/ds-260-faqs.html\">formulaire DS-260<\/a> de demande de visa.<\/li>\n\n\n\n<li>Effectuer le paiement des <a href=\"https:\/\/us-gc.net\/fr\/prix-green-card\/\">frais \u00e0 payer pour obtenir la Green Card<\/a> dans le cadre de cette demande obligatoire de visa ;<\/li>\n\n\n\n<li>Passer votre <a href=\"https:\/\/us-gc.net\/fr\/entretien-green-card\/\">entretien pour la Green Card<\/a> avec un agent de l&rsquo;USCIS qui participe au Diversity Visa Program.<\/li>\n<\/ul>\n\n\n\n<div style=\"height:10px\" aria-hidden=\"true\" class=\"wp-block-spacer\"><\/div>\n\n\n\n<p>La <a href=\"https:\/\/us-gc.net\/fr\/difference-entre-green-card-et-visa\/\">Green Card et le visa sont des documents diff\u00e9rents<\/a>. L&rsquo;obtention d&rsquo;un Visa Diversit\u00e9 est une des \u00e9tapes pour obtenir une Green Card.<\/p>\n\n\n\n<p><\/p>\n\n\n\n<p><\/p>\n","protected":false},"excerpt":{"rendered":"<p>La loterie de la Green Card 2026 Chaque ann\u00e9e les Etats Unis proposent \u00e0 plus de 50 000 ressortissants \u00e9trangers d&rsquo;obtenir une Green Card par tirage au sort. Cette loterie fait partie du Diversity Visa Program am\u00e9ricain. Ce programme a \u00e9t\u00e9 mis en place pour g\u00e9rer l&rsquo;immigration aux Etats Unis. Qu&rsquo;est ce que la loterie [&hellip;]<\/p>\n","protected":false},"author":1,"featured_media":0,"parent":0,"menu_order":0,"comment_status":"closed","ping_status":"closed","template":"","meta":{"footnotes":""},"class_list":["post-317","page","type-page","status-publish","hentry"],"yoast_head":"<!-- This site is optimized with the Yoast SEO plugin v27.4 - https:\/\/yoast.com\/product\/yoast-seo-wordpress\/ -->\n<title>Loterie Green Card 2026 - USA GC<\/title>\n<meta name=\"description\" content=\"Voici l&#039;ensemble des informations concernant le programme d&#039;obtention \u00e0 la loterie d&#039;une Green Card en 2026 aux USA\" \/>\n<meta name=\"robots\" content=\"index, follow, max-snippet:-1, max-image-preview:large, max-video-preview:-1\" \/>\n<link rel=\"canonical\" href=\"https:\/\/us-gc.net\/fr\/loterie-green-card-2026\/\" \/>\n<meta property=\"og:locale\" content=\"fr_FR\" \/>\n<meta property=\"og:type\" content=\"article\" \/>\n<meta property=\"og:title\" content=\"Loterie Green Card 2026 - USA GC\" \/>\n<meta property=\"og:description\" content=\"Voici l&#039;ensemble des informations concernant le programme d&#039;obtention \u00e0 la loterie d&#039;une Green Card en 2026 aux USA\" \/>\n<meta property=\"og:url\" content=\"https:\/\/us-gc.net\/fr\/loterie-green-card-2026\/\" \/>\n<meta property=\"og:site_name\" content=\"USA GC\" \/>\n<meta property=\"article:modified_time\" content=\"2025-08-23T16:46:12+00:00\" \/>\n<meta name=\"twitter:card\" content=\"summary_large_image\" \/>\n<meta name=\"twitter:label1\" content=\"Dur\u00e9e de lecture estim\u00e9e\" \/>\n\t<meta name=\"twitter:data1\" content=\"2 minutes\" \/>\n<script type=\"application\/ld+json\" class=\"yoast-schema-graph\">{\"@context\":\"https:\\\/\\\/schema.org\",\"@graph\":[{\"@type\":\"WebPage\",\"@id\":\"https:\\\/\\\/us-gc.net\\\/fr\\\/loterie-green-card-2026\\\/\",\"url\":\"https:\\\/\\\/us-gc.net\\\/fr\\\/loterie-green-card-2026\\\/\",\"name\":\"Loterie Green Card 2026 - USA GC\",\"isPartOf\":{\"@id\":\"https:\\\/\\\/us-gc.net\\\/fr\\\/#website\"},\"datePublished\":\"2024-02-04T15:55:27+00:00\",\"dateModified\":\"2025-08-23T16:46:12+00:00\",\"description\":\"Voici l'ensemble des informations concernant le programme d'obtention \u00e0 la loterie d'une Green Card en 2026 aux USA\",\"breadcrumb\":{\"@id\":\"https:\\\/\\\/us-gc.net\\\/fr\\\/loterie-green-card-2026\\\/#breadcrumb\"},\"inLanguage\":\"fr-FR\",\"potentialAction\":[{\"@type\":\"ReadAction\",\"target\":[\"https:\\\/\\\/us-gc.net\\\/fr\\\/loterie-green-card-2026\\\/\"]}]},{\"@type\":\"BreadcrumbList\",\"@id\":\"https:\\\/\\\/us-gc.net\\\/fr\\\/loterie-green-card-2026\\\/#breadcrumb\",\"itemListElement\":[{\"@type\":\"ListItem\",\"position\":1,\"name\":\"Accueil\",\"item\":\"https:\\\/\\\/us-gc.net\\\/fr\\\/\"},{\"@type\":\"ListItem\",\"position\":2,\"name\":\"Loterie Green Card 2026\"}]},{\"@type\":\"WebSite\",\"@id\":\"https:\\\/\\\/us-gc.net\\\/fr\\\/#website\",\"url\":\"https:\\\/\\\/us-gc.net\\\/fr\\\/\",\"name\":\"USA GC\",\"description\":\"\",\"potentialAction\":[{\"@type\":\"SearchAction\",\"target\":{\"@type\":\"EntryPoint\",\"urlTemplate\":\"https:\\\/\\\/us-gc.net\\\/fr\\\/?s={search_term_string}\"},\"query-input\":{\"@type\":\"PropertyValueSpecification\",\"valueRequired\":true,\"valueName\":\"search_term_string\"}}],\"inLanguage\":\"fr-FR\"}]}<\/script>\n<!-- \/ Yoast SEO plugin. -->","yoast_head_json":{"title":"Loterie Green Card 2026 - USA GC","description":"Voici l'ensemble des informations concernant le programme d'obtention \u00e0 la loterie d'une Green Card en 2026 aux USA","robots":{"index":"index","follow":"follow","max-snippet":"max-snippet:-1","max-image-preview":"max-image-preview:large","max-video-preview":"max-video-preview:-1"},"canonical":"https:\/\/us-gc.net\/fr\/loterie-green-card-2026\/","og_locale":"fr_FR","og_type":"article","og_title":"Loterie Green Card 2026 - USA GC","og_description":"Voici l'ensemble des informations concernant le programme d'obtention \u00e0 la loterie d'une Green Card en 2026 aux USA","og_url":"https:\/\/us-gc.net\/fr\/loterie-green-card-2026\/","og_site_name":"USA GC","article_modified_time":"2025-08-23T16:46:12+00:00","twitter_card":"summary_large_image","twitter_misc":{"Dur\u00e9e de lecture estim\u00e9e":"2 minutes"},"schema":{"@context":"https:\/\/schema.org","@graph":[{"@type":"WebPage","@id":"https:\/\/us-gc.net\/fr\/loterie-green-card-2026\/","url":"https:\/\/us-gc.net\/fr\/loterie-green-card-2026\/","name":"Loterie Green Card 2026 - USA GC","isPartOf":{"@id":"https:\/\/us-gc.net\/fr\/#website"},"datePublished":"2024-02-04T15:55:27+00:00","dateModified":"2025-08-23T16:46:12+00:00","description":"Voici l'ensemble des informations concernant le programme d'obtention \u00e0 la loterie d'une Green Card en 2026 aux USA","breadcrumb":{"@id":"https:\/\/us-gc.net\/fr\/loterie-green-card-2026\/#breadcrumb"},"inLanguage":"fr-FR","potentialAction":[{"@type":"ReadAction","target":["https:\/\/us-gc.net\/fr\/loterie-green-card-2026\/"]}]},{"@type":"BreadcrumbList","@id":"https:\/\/us-gc.net\/fr\/loterie-green-card-2026\/#breadcrumb","itemListElement":[{"@type":"ListItem","position":1,"name":"Accueil","item":"https:\/\/us-gc.net\/fr\/"},{"@type":"ListItem","position":2,"name":"Loterie Green Card 2026"}]},{"@type":"WebSite","@id":"https:\/\/us-gc.net\/fr\/#website","url":"https:\/\/us-gc.net\/fr\/","name":"USA GC","description":"","potentialAction":[{"@type":"SearchAction","target":{"@type":"EntryPoint","urlTemplate":"https:\/\/us-gc.net\/fr\/?s={search_term_string}"},"query-input":{"@type":"PropertyValueSpecification","valueRequired":true,"valueName":"search_term_string"}}],"inLanguage":"fr-FR"}]}},"_links":{"self":[{"href":"https:\/\/us-gc.net\/fr\/wp-json\/wp\/v2\/pages\/317","targetHints":{"allow":["GET"]}}],"collection":[{"href":"https:\/\/us-gc.net\/fr\/wp-json\/wp\/v2\/pages"}],"about":[{"href":"https:\/\/us-gc.net\/fr\/wp-json\/wp\/v2\/types\/page"}],"author":[{"embeddable":true,"href":"https:\/\/us-gc.net\/fr\/wp-json\/wp\/v2\/users\/1"}],"replies":[{"embeddable":true,"href":"https:\/\/us-gc.net\/fr\/wp-json\/wp\/v2\/comments?post=317"}],"version-history":[{"count":2,"href":"https:\/\/us-gc.net\/fr\/wp-json\/wp\/v2\/pages\/317\/revisions"}],"predecessor-version":[{"id":9742,"href":"https:\/\/us-gc.net\/fr\/wp-json\/wp\/v2\/pages\/317\/revisions\/9742"}],"wp:attachment":[{"href":"https:\/\/us-gc.net\/fr\/wp-json\/wp\/v2\/media?parent=317"}],"curies":[{"name":"wp","href":"https:\/\/api.w.org\/{rel}","templated":true}]}}