{"id":2124,"date":"2024-02-13T15:26:40","date_gmt":"2024-02-13T15:26:40","guid":{"rendered":"https:\/\/green-card-usa.net\/?page_id=2124"},"modified":"2025-08-23T16:43:15","modified_gmt":"2025-08-23T16:43:15","slug":"loterie-green-card-participation-pays-afrique","status":"publish","type":"page","link":"https:\/\/us-gc.net\/fr\/loterie-green-card-participation-pays-afrique\/","title":{"rendered":"Loterie de la Green Card pour les pays africains"},"content":{"rendered":"\n<h1 class=\"wp-block-heading\" id=\"h-les-pays-d-afrique-a-la-loterie-de-la-carte-verte-americaine\">Les pays d&rsquo;Afrique \u00e0 la loterie de la Carte Verte am\u00e9ricaine<\/h1>\n\n\n\n<p>Chaque ann\u00e9e des millions de candidats participent au tirage au sort de la loterie de la Green Card am\u00e9ricaine. Nous avons compil\u00e9s les statistiques publi\u00e9es par le d\u00e9partement d&rsquo;Etat sur&nbsp;<a href=\"https:\/\/travel.state.gov\/content\/travel\/en\/us-visas\/immigrate\/diversity-visa-program-entry\/diversity-visa-program-statistics.html\">travel.state.gov<\/a> pour vous pr\u00e9senter les chiffres cl\u00e9s de la participation des citoyens africains \u00e0 la loterie de la Green Card.<\/p>\n\n\n\n<h2 class=\"wp-block-heading\" id=\"h-quelle-est-la-participation-des-africains-a-la-loterie\">Quelle est la participation des africains \u00e0 la loterie<\/h2>\n\n\n\n<p>Environ 50% des candidats au tirage au sort de la <a href=\"https:\/\/us-gc.net\/fr\/loterie-green-card\/\">loterie de la Green Card<\/a> sont des citoyens d&rsquo;un pays d&rsquo;Afrique au cours des derni\u00e8res ann\u00e9es pour lesquelles les statistiques sont disponibles.<\/p>\n\n\n\n<figure class=\"wp-block-table\"><table><tbody><tr><td><strong>Ann\u00e9es<\/strong><\/td><td class=\"has-text-align-center\" data-align=\"center\"><strong>2019<\/strong><\/td><td class=\"has-text-align-center\" data-align=\"center\"><strong>2020<\/strong><\/td><td class=\"has-text-align-center\" data-align=\"center\"><strong>2021<\/strong><\/td><\/tr><tr><td>Nombre d&rsquo;inscris africains<\/td><td class=\"has-text-align-center\" data-align=\"center\">7\u202f832\u202f894<\/td><td class=\"has-text-align-center\" data-align=\"center\">8\u202f145\u202f390<\/td><td class=\"has-text-align-center\" data-align=\"center\">3\u202f100\u202f982<\/td><\/tr><tr><td>Total dossiers d&rsquo;inscriptions<\/td><td class=\"has-text-align-center\" data-align=\"center\">14\u202f352\u202f013<\/td><td class=\"has-text-align-center\" data-align=\"center\">14\u202f722\u202f798<\/td><td class=\"has-text-align-center\" data-align=\"center\">6\u202f741\u202f128<\/td><\/tr><tr><td><strong>Part des inscrits africains<\/strong><\/td><td class=\"has-text-align-center\" data-align=\"center\"><strong>55%<\/strong><\/td><td class=\"has-text-align-center\" data-align=\"center\"><strong>55%<\/strong><\/td><td class=\"has-text-align-center\" data-align=\"center\"><strong>46%<\/strong><\/td><\/tr><\/tbody><\/table><figcaption class=\"wp-element-caption\">Part des africains inscrits \u00e0 la loterie de la Green Card<\/figcaption><\/figure>\n\n\n\n<h2 class=\"wp-block-heading\" id=\"h-quels-sont-les-principaux-pays-d-afrique-d-ou-proviennent-les-candidats\">Quels sont les principaux pays d&rsquo;Afrique d&rsquo;o\u00f9 proviennent les candidats ?<\/h2>\n\n\n\n<p>Voici le nombre de dossiers d&rsquo;inscription \u00e0 la loterie de la Green Card pour les 20 principaux pays africains. Les derniers chiffres rendus publics par le D\u00e9partement d&rsquo;Etat concernent les ann\u00e9es de 2019 \u00e0 2021 :<\/p>\n\n\n\n<figure class=\"wp-block-table\"><table><tbody><tr><td><strong>Pays africains<\/strong><\/td><td class=\"has-text-align-center\" data-align=\"center\"><strong>2019<\/strong><\/td><td class=\"has-text-align-center\" data-align=\"center\"><strong>2020<\/strong><\/td><td class=\"has-text-align-center\" data-align=\"center\"><strong>2021<\/strong><\/td><\/tr><tr><td>Congo Kinshasa<\/td><td class=\"has-text-align-center\" data-align=\"center\">617\u202f573<\/td><td class=\"has-text-align-center\" data-align=\"center\">924\u202f918<\/td><td class=\"has-text-align-center\" data-align=\"center\">593\u202f917<\/td><\/tr><tr><td>Ethiopie<\/td><td class=\"has-text-align-center\" data-align=\"center\">781\u202f945<\/td><td class=\"has-text-align-center\" data-align=\"center\">775\u202f252<\/td><td class=\"has-text-align-center\" data-align=\"center\">401\u202f661<\/td><\/tr><tr><td>Egypte<\/td><td class=\"has-text-align-center\" data-align=\"center\">525\u202f593<\/td><td class=\"has-text-align-center\" data-align=\"center\">525\u202f717<\/td><td class=\"has-text-align-center\" data-align=\"center\">327\u202f401<\/td><\/tr><tr><td>Ghana<\/td><td class=\"has-text-align-center\" data-align=\"center\">2\u202f010\u202f531<\/td><td class=\"has-text-align-center\" data-align=\"center\">1\u202f905\u202f520<\/td><td class=\"has-text-align-center\" data-align=\"center\">298\u202f151<\/td><\/tr><tr><td>Soudan<\/td><td class=\"has-text-align-center\" data-align=\"center\">276\u202f827<\/td><td class=\"has-text-align-center\" data-align=\"center\">327\u202f475<\/td><td class=\"has-text-align-center\" data-align=\"center\">232\u202f832<\/td><\/tr><tr><td>Alg\u00e9rie<\/td><td class=\"has-text-align-center\" data-align=\"center\">227\u202f019<\/td><td class=\"has-text-align-center\" data-align=\"center\">252\u202f684<\/td><td class=\"has-text-align-center\" data-align=\"center\">221\u202f212<\/td><\/tr><tr><td>Maroc<\/td><td class=\"has-text-align-center\" data-align=\"center\">203\u202f581<\/td><td class=\"has-text-align-center\" data-align=\"center\">253\u202f336<\/td><td class=\"has-text-align-center\" data-align=\"center\">161\u202f349<\/td><\/tr><tr><td>Cameroun<\/td><td class=\"has-text-align-center\" data-align=\"center\">310\u202f373<\/td><td class=\"has-text-align-center\" data-align=\"center\">310\u202f802<\/td><td class=\"has-text-align-center\" data-align=\"center\">150\u202f970<\/td><\/tr><tr><td>Kenya<\/td><td class=\"has-text-align-center\" data-align=\"center\">322\u202f307<\/td><td class=\"has-text-align-center\" data-align=\"center\">398\u202f959<\/td><td class=\"has-text-align-center\" data-align=\"center\">102\u202f018<\/td><\/tr><tr><td>B\u00e9nin<\/td><td class=\"has-text-align-center\" data-align=\"center\">128\u202f911<\/td><td class=\"has-text-align-center\" data-align=\"center\">150\u202f386<\/td><td class=\"has-text-align-center\" data-align=\"center\">92\u202f847<\/td><\/tr><tr><td>Lib\u00e9ria<\/td><td class=\"has-text-align-center\" data-align=\"center\">438\u202f333<\/td><td class=\"has-text-align-center\" data-align=\"center\">459\u202f005<\/td><td class=\"has-text-align-center\" data-align=\"center\">71\u202f724<\/td><\/tr><tr><td>Togo<\/td><td class=\"has-text-align-center\" data-align=\"center\">231\u202f564<\/td><td class=\"has-text-align-center\" data-align=\"center\">259\u202f819<\/td><td class=\"has-text-align-center\" data-align=\"center\">68\u202f994<\/td><\/tr><tr><td>Sierra Leone<\/td><td class=\"has-text-align-center\" data-align=\"center\">1\u202f005\u202f370<\/td><td class=\"has-text-align-center\" data-align=\"center\">947\u202f803<\/td><td class=\"has-text-align-center\" data-align=\"center\">57\u202f779<\/td><\/tr><tr><td>Guin\u00e9e<\/td><td class=\"has-text-align-center\" data-align=\"center\">179\u202f735<\/td><td class=\"has-text-align-center\" data-align=\"center\">142\u202f008<\/td><td class=\"has-text-align-center\" data-align=\"center\">47\u202f607<\/td><\/tr><tr><td>C\u00f4te d&rsquo;Ivoire<\/td><td class=\"has-text-align-center\" data-align=\"center\">160\u202f790<\/td><td class=\"has-text-align-center\" data-align=\"center\">145\u202f913<\/td><td class=\"has-text-align-center\" data-align=\"center\">35\u202f090<\/td><\/tr><tr><td>Ouganda<\/td><td class=\"has-text-align-center\" data-align=\"center\">33\u202f460<\/td><td class=\"has-text-align-center\" data-align=\"center\">37\u202f079<\/td><td class=\"has-text-align-center\" data-align=\"center\">26\u202f852<\/td><\/tr><tr><td>Rwanda<\/td><td class=\"has-text-align-center\" data-align=\"center\">41\u202f526<\/td><td class=\"has-text-align-center\" data-align=\"center\">50\u202f711<\/td><td class=\"has-text-align-center\" data-align=\"center\">26\u202f612<\/td><\/tr><tr><td>Congo Brazzaville<\/td><td class=\"has-text-align-center\" data-align=\"center\">21\u202f793<\/td><td class=\"has-text-align-center\" data-align=\"center\">25\u202f592<\/td><td class=\"has-text-align-center\" data-align=\"center\">21\u202f958<\/td><\/tr><tr><td>S\u00e9n\u00e9gal<\/td><td class=\"has-text-align-center\" data-align=\"center\">44\u202f785<\/td><td class=\"has-text-align-center\" data-align=\"center\">33\u202f063<\/td><td class=\"has-text-align-center\" data-align=\"center\">16\u202f920<\/td><\/tr><tr><td>\u00c9rythr\u00e9e<\/td><td class=\"has-text-align-center\" data-align=\"center\">26\u202f121<\/td><td class=\"has-text-align-center\" data-align=\"center\">17\u202f872<\/td><td class=\"has-text-align-center\" data-align=\"center\">16\u202f610<\/td><\/tr><\/tbody><\/table><figcaption class=\"wp-element-caption\">Les principaux pays africains en nombre de participants \u00e0 la loterie de la carte verte am\u00e9ricaine<\/figcaption><\/figure>\n\n\n\n<h2 class=\"wp-block-heading\" id=\"h-quels-sont-les-gagnants-a-la-loterie-provenant-de-pays-d-afrique\">Quels sont les gagnants \u00e0 la loterie provenant de pays d&rsquo;Afrique ?<\/h2>\n\n\n\n<p>Le D\u00e9partement d&rsquo;Etat publie \u00e9galement le nombre de visas obtenus chaque ann\u00e9e au travers du programme de diversit\u00e9. Ces <a href=\"https:\/\/us-gc.net\/fr\/resultats-loterie-green-card\/\">r\u00e9sultats de la loterie<\/a> sont publi\u00e9s par zone g\u00e9ographiques et d\u00e9taill\u00e9s par pays.<\/p>\n\n\n\n<p>Voici le nombre de visas obtenus gr\u00e2ce \u00e0 la <a href=\"https:\/\/us-gc.net\/fr\/loterie-carte-verte-americaine\/\">loterie de la Carte Verte<\/a> pour les 20 principaux pays africains entre 2018 et 2022 :<\/p>\n\n\n\n<figure class=\"wp-block-table\"><table><tbody><tr><td><strong>Pays africains<\/strong><\/td><td class=\"has-text-align-center\" data-align=\"center\"><strong>2018<\/strong><\/td><td class=\"has-text-align-center\" data-align=\"center\"><strong>2019<\/strong><\/td><td class=\"has-text-align-center\" data-align=\"center\"><strong>2020<\/strong><\/td><td class=\"has-text-align-center\" data-align=\"center\"><strong>2021<\/strong><\/td><td class=\"has-text-align-center\" data-align=\"center\"><strong>2022<\/strong><\/td><\/tr><tr><td>Maroc<\/td><td class=\"has-text-align-center\" data-align=\"center\">1011<\/td><td class=\"has-text-align-center\" data-align=\"center\">1132<\/td><td class=\"has-text-align-center\" data-align=\"center\">719<\/td><td class=\"has-text-align-center\" data-align=\"center\">1126<\/td><td class=\"has-text-align-center\" data-align=\"center\">2559<\/td><\/tr><tr><td>Alg\u00e9rie<\/td><td class=\"has-text-align-center\" data-align=\"center\">1346<\/td><td class=\"has-text-align-center\" data-align=\"center\">1649<\/td><td class=\"has-text-align-center\" data-align=\"center\">783<\/td><td class=\"has-text-align-center\" data-align=\"center\">814<\/td><td class=\"has-text-align-center\" data-align=\"center\">2380<\/td><\/tr><tr><td>Egypte<\/td><td class=\"has-text-align-center\" data-align=\"center\">3466<\/td><td class=\"has-text-align-center\" data-align=\"center\">3312<\/td><td class=\"has-text-align-center\" data-align=\"center\">1297<\/td><td class=\"has-text-align-center\" data-align=\"center\">447<\/td><td class=\"has-text-align-center\" data-align=\"center\">2147<\/td><\/tr><tr><td>Cameroun<\/td><td class=\"has-text-align-center\" data-align=\"center\">1626<\/td><td class=\"has-text-align-center\" data-align=\"center\">1661<\/td><td class=\"has-text-align-center\" data-align=\"center\">460<\/td><td class=\"has-text-align-center\" data-align=\"center\">653<\/td><td class=\"has-text-align-center\" data-align=\"center\">1705<\/td><\/tr><tr><td>Soudan<\/td><td class=\"has-text-align-center\" data-align=\"center\">1680<\/td><td class=\"has-text-align-center\" data-align=\"center\">1548<\/td><td class=\"has-text-align-center\" data-align=\"center\">403<\/td><td class=\"has-text-align-center\" data-align=\"center\">249<\/td><td class=\"has-text-align-center\" data-align=\"center\">1704<\/td><\/tr><tr><td>Kenya<\/td><td class=\"has-text-align-center\" data-align=\"center\">1220<\/td><td class=\"has-text-align-center\" data-align=\"center\">1207<\/td><td class=\"has-text-align-center\" data-align=\"center\">393<\/td><td class=\"has-text-align-center\" data-align=\"center\">278<\/td><td class=\"has-text-align-center\" data-align=\"center\">1157<\/td><\/tr><tr><td>Congo Kinshasa<\/td><td class=\"has-text-align-center\" data-align=\"center\">2874<\/td><td class=\"has-text-align-center\" data-align=\"center\">3096<\/td><td class=\"has-text-align-center\" data-align=\"center\">478<\/td><td class=\"has-text-align-center\" data-align=\"center\">592<\/td><td class=\"has-text-align-center\" data-align=\"center\">903<\/td><\/tr><tr><td>Togo<\/td><td class=\"has-text-align-center\" data-align=\"center\">664<\/td><td class=\"has-text-align-center\" data-align=\"center\">757<\/td><td class=\"has-text-align-center\" data-align=\"center\">208<\/td><td class=\"has-text-align-center\" data-align=\"center\">186<\/td><td class=\"has-text-align-center\" data-align=\"center\">838<\/td><\/tr><tr><td>Rwanda<\/td><td class=\"has-text-align-center\" data-align=\"center\">277<\/td><td class=\"has-text-align-center\" data-align=\"center\">338<\/td><td class=\"has-text-align-center\" data-align=\"center\">115<\/td><td class=\"has-text-align-center\" data-align=\"center\">155<\/td><td class=\"has-text-align-center\" data-align=\"center\">661<\/td><\/tr><tr><td>Ethiopie<\/td><td class=\"has-text-align-center\" data-align=\"center\">2106<\/td><td class=\"has-text-align-center\" data-align=\"center\">1696<\/td><td class=\"has-text-align-center\" data-align=\"center\">339<\/td><td class=\"has-text-align-center\" data-align=\"center\">67<\/td><td class=\"has-text-align-center\" data-align=\"center\">621<\/td><\/tr><tr><td>Lib\u00e9ria<\/td><td class=\"has-text-align-center\" data-align=\"center\">1249<\/td><td class=\"has-text-align-center\" data-align=\"center\">653<\/td><td class=\"has-text-align-center\" data-align=\"center\">89<\/td><td class=\"has-text-align-center\" data-align=\"center\">46<\/td><td class=\"has-text-align-center\" data-align=\"center\">531<\/td><\/tr><tr><td>C\u00f4te d&rsquo;Ivoire<\/td><td class=\"has-text-align-center\" data-align=\"center\">386<\/td><td class=\"has-text-align-center\" data-align=\"center\">424<\/td><td class=\"has-text-align-center\" data-align=\"center\">76<\/td><td class=\"has-text-align-center\" data-align=\"center\">144<\/td><td class=\"has-text-align-center\" data-align=\"center\">383<\/td><\/tr><tr><td>Guin\u00e9e<\/td><td class=\"has-text-align-center\" data-align=\"center\">155<\/td><td class=\"has-text-align-center\" data-align=\"center\">300<\/td><td class=\"has-text-align-center\" data-align=\"center\">38<\/td><td class=\"has-text-align-center\" data-align=\"center\">41<\/td><td class=\"has-text-align-center\" data-align=\"center\">377<\/td><\/tr><tr><td>Ghana<\/td><td class=\"has-text-align-center\" data-align=\"center\">777<\/td><td class=\"has-text-align-center\" data-align=\"center\">640<\/td><td class=\"has-text-align-center\" data-align=\"center\">111<\/td><td class=\"has-text-align-center\" data-align=\"center\">229<\/td><td class=\"has-text-align-center\" data-align=\"center\">355<\/td><\/tr><tr><td>Angola<\/td><td class=\"has-text-align-center\" data-align=\"center\">20<\/td><td class=\"has-text-align-center\" data-align=\"center\">60<\/td><td class=\"has-text-align-center\" data-align=\"center\">9<\/td><td class=\"has-text-align-center\" data-align=\"center\">17<\/td><td class=\"has-text-align-center\" data-align=\"center\">293<\/td><\/tr><tr><td>B\u00e9nin<\/td><td class=\"has-text-align-center\" data-align=\"center\">237<\/td><td class=\"has-text-align-center\" data-align=\"center\">364<\/td><td class=\"has-text-align-center\" data-align=\"center\">92<\/td><td class=\"has-text-align-center\" data-align=\"center\">58<\/td><td class=\"has-text-align-center\" data-align=\"center\">266<\/td><\/tr><tr><td>Afrique du Sud<\/td><td class=\"has-text-align-center\" data-align=\"center\">175<\/td><td class=\"has-text-align-center\" data-align=\"center\">180<\/td><td class=\"has-text-align-center\" data-align=\"center\">38<\/td><td class=\"has-text-align-center\" data-align=\"center\">106<\/td><td class=\"has-text-align-center\" data-align=\"center\">266<\/td><\/tr><tr><td>Sierra Leone<\/td><td class=\"has-text-align-center\" data-align=\"center\">119<\/td><td class=\"has-text-align-center\" data-align=\"center\">172<\/td><td class=\"has-text-align-center\" data-align=\"center\">13<\/td><td class=\"has-text-align-center\" data-align=\"center\">70<\/td><td class=\"has-text-align-center\" data-align=\"center\">207<\/td><\/tr><tr><td>Ouganda<\/td><td class=\"has-text-align-center\" data-align=\"center\">177<\/td><td class=\"has-text-align-center\" data-align=\"center\">133<\/td><td class=\"has-text-align-center\" data-align=\"center\">64<\/td><td class=\"has-text-align-center\" data-align=\"center\">69<\/td><td class=\"has-text-align-center\" data-align=\"center\">206<\/td><\/tr><tr><td>Libye<\/td><td class=\"has-text-align-center\" data-align=\"center\">47<\/td><td class=\"has-text-align-center\" data-align=\"center\">72<\/td><td class=\"has-text-align-center\" data-align=\"center\">24<\/td><td class=\"has-text-align-center\" data-align=\"center\">59<\/td><td class=\"has-text-align-center\" data-align=\"center\">192<\/td><\/tr><\/tbody><\/table><figcaption class=\"wp-element-caption\">Nombre de visas issues du <a href=\"https:\/\/us-gc.net\/fr\/diversity-visa-program\/\">Diversity Visa Program<\/a> pour les principaux pays africains<\/figcaption><\/figure>\n\n\n\n<p><\/p>\n","protected":false},"excerpt":{"rendered":"<p>Les pays d&rsquo;Afrique \u00e0 la loterie de la Carte Verte am\u00e9ricaine Chaque ann\u00e9e des millions de candidats participent au tirage au sort de la loterie de la Green Card am\u00e9ricaine. Nous avons compil\u00e9s les statistiques publi\u00e9es par le d\u00e9partement d&rsquo;Etat sur&nbsp;travel.state.gov pour vous pr\u00e9senter les chiffres cl\u00e9s de la participation des citoyens africains \u00e0 la [&hellip;]<\/p>\n","protected":false},"author":1,"featured_media":0,"parent":0,"menu_order":0,"comment_status":"closed","ping_status":"closed","template":"","meta":{"footnotes":""},"class_list":["post-2124","page","type-page","status-publish","hentry"],"yoast_head":"<!-- This site is optimized with the Yoast SEO plugin v27.4 - https:\/\/yoast.com\/product\/yoast-seo-wordpress\/ -->\n<title>Loterie de la Green Card pour les pays africains - USA GC<\/title>\n<meta name=\"description\" content=\"Participation d\u00e9taill\u00e9e \u00e0 la loterie de la Carte Verte am\u00e9ricaine des ressortissants des pays d&#039;Afrique au cours des derni\u00e8res ann\u00e9es\" \/>\n<meta name=\"robots\" content=\"index, follow, max-snippet:-1, max-image-preview:large, max-video-preview:-1\" \/>\n<link rel=\"canonical\" href=\"https:\/\/us-gc.net\/fr\/loterie-green-card-participation-pays-afrique\/\" \/>\n<meta property=\"og:locale\" content=\"fr_FR\" \/>\n<meta property=\"og:type\" content=\"article\" \/>\n<meta property=\"og:title\" content=\"Loterie de la Green Card pour les pays africains - USA GC\" \/>\n<meta property=\"og:description\" content=\"Participation d\u00e9taill\u00e9e \u00e0 la loterie de la Carte Verte am\u00e9ricaine des ressortissants des pays d&#039;Afrique au cours des derni\u00e8res ann\u00e9es\" \/>\n<meta property=\"og:url\" content=\"https:\/\/us-gc.net\/fr\/loterie-green-card-participation-pays-afrique\/\" \/>\n<meta property=\"og:site_name\" content=\"USA GC\" \/>\n<meta property=\"article:modified_time\" content=\"2025-08-23T16:43:15+00:00\" \/>\n<meta name=\"twitter:card\" content=\"summary_large_image\" \/>\n<meta name=\"twitter:label1\" content=\"Dur\u00e9e de lecture estim\u00e9e\" \/>\n\t<meta name=\"twitter:data1\" content=\"3 minutes\" \/>\n<script type=\"application\/ld+json\" class=\"yoast-schema-graph\">{\"@context\":\"https:\\\/\\\/schema.org\",\"@graph\":[{\"@type\":\"WebPage\",\"@id\":\"https:\\\/\\\/us-gc.net\\\/fr\\\/loterie-green-card-participation-pays-afrique\\\/\",\"url\":\"https:\\\/\\\/us-gc.net\\\/fr\\\/loterie-green-card-participation-pays-afrique\\\/\",\"name\":\"Loterie de la Green Card pour les pays africains - USA GC\",\"isPartOf\":{\"@id\":\"https:\\\/\\\/us-gc.net\\\/fr\\\/#website\"},\"datePublished\":\"2024-02-13T15:26:40+00:00\",\"dateModified\":\"2025-08-23T16:43:15+00:00\",\"description\":\"Participation d\u00e9taill\u00e9e \u00e0 la loterie de la Carte Verte am\u00e9ricaine des ressortissants des pays d'Afrique au cours des derni\u00e8res ann\u00e9es\",\"breadcrumb\":{\"@id\":\"https:\\\/\\\/us-gc.net\\\/fr\\\/loterie-green-card-participation-pays-afrique\\\/#breadcrumb\"},\"inLanguage\":\"fr-FR\",\"potentialAction\":[{\"@type\":\"ReadAction\",\"target\":[\"https:\\\/\\\/us-gc.net\\\/fr\\\/loterie-green-card-participation-pays-afrique\\\/\"]}]},{\"@type\":\"BreadcrumbList\",\"@id\":\"https:\\\/\\\/us-gc.net\\\/fr\\\/loterie-green-card-participation-pays-afrique\\\/#breadcrumb\",\"itemListElement\":[{\"@type\":\"ListItem\",\"position\":1,\"name\":\"Accueil\",\"item\":\"https:\\\/\\\/us-gc.net\\\/fr\\\/\"},{\"@type\":\"ListItem\",\"position\":2,\"name\":\"Loterie de la Green Card pour les pays africains\"}]},{\"@type\":\"WebSite\",\"@id\":\"https:\\\/\\\/us-gc.net\\\/fr\\\/#website\",\"url\":\"https:\\\/\\\/us-gc.net\\\/fr\\\/\",\"name\":\"USA GC\",\"description\":\"\",\"potentialAction\":[{\"@type\":\"SearchAction\",\"target\":{\"@type\":\"EntryPoint\",\"urlTemplate\":\"https:\\\/\\\/us-gc.net\\\/fr\\\/?s={search_term_string}\"},\"query-input\":{\"@type\":\"PropertyValueSpecification\",\"valueRequired\":true,\"valueName\":\"search_term_string\"}}],\"inLanguage\":\"fr-FR\"}]}<\/script>\n<!-- \/ Yoast SEO plugin. -->","yoast_head_json":{"title":"Loterie de la Green Card pour les pays africains - USA GC","description":"Participation d\u00e9taill\u00e9e \u00e0 la loterie de la Carte Verte am\u00e9ricaine des ressortissants des pays d'Afrique au cours des derni\u00e8res ann\u00e9es","robots":{"index":"index","follow":"follow","max-snippet":"max-snippet:-1","max-image-preview":"max-image-preview:large","max-video-preview":"max-video-preview:-1"},"canonical":"https:\/\/us-gc.net\/fr\/loterie-green-card-participation-pays-afrique\/","og_locale":"fr_FR","og_type":"article","og_title":"Loterie de la Green Card pour les pays africains - USA GC","og_description":"Participation d\u00e9taill\u00e9e \u00e0 la loterie de la Carte Verte am\u00e9ricaine des ressortissants des pays d'Afrique au cours des derni\u00e8res ann\u00e9es","og_url":"https:\/\/us-gc.net\/fr\/loterie-green-card-participation-pays-afrique\/","og_site_name":"USA GC","article_modified_time":"2025-08-23T16:43:15+00:00","twitter_card":"summary_large_image","twitter_misc":{"Dur\u00e9e de lecture estim\u00e9e":"3 minutes"},"schema":{"@context":"https:\/\/schema.org","@graph":[{"@type":"WebPage","@id":"https:\/\/us-gc.net\/fr\/loterie-green-card-participation-pays-afrique\/","url":"https:\/\/us-gc.net\/fr\/loterie-green-card-participation-pays-afrique\/","name":"Loterie de la Green Card pour les pays africains - USA GC","isPartOf":{"@id":"https:\/\/us-gc.net\/fr\/#website"},"datePublished":"2024-02-13T15:26:40+00:00","dateModified":"2025-08-23T16:43:15+00:00","description":"Participation d\u00e9taill\u00e9e \u00e0 la loterie de la Carte Verte am\u00e9ricaine des ressortissants des pays d'Afrique au cours des derni\u00e8res ann\u00e9es","breadcrumb":{"@id":"https:\/\/us-gc.net\/fr\/loterie-green-card-participation-pays-afrique\/#breadcrumb"},"inLanguage":"fr-FR","potentialAction":[{"@type":"ReadAction","target":["https:\/\/us-gc.net\/fr\/loterie-green-card-participation-pays-afrique\/"]}]},{"@type":"BreadcrumbList","@id":"https:\/\/us-gc.net\/fr\/loterie-green-card-participation-pays-afrique\/#breadcrumb","itemListElement":[{"@type":"ListItem","position":1,"name":"Accueil","item":"https:\/\/us-gc.net\/fr\/"},{"@type":"ListItem","position":2,"name":"Loterie de la Green Card pour les pays africains"}]},{"@type":"WebSite","@id":"https:\/\/us-gc.net\/fr\/#website","url":"https:\/\/us-gc.net\/fr\/","name":"USA GC","description":"","potentialAction":[{"@type":"SearchAction","target":{"@type":"EntryPoint","urlTemplate":"https:\/\/us-gc.net\/fr\/?s={search_term_string}"},"query-input":{"@type":"PropertyValueSpecification","valueRequired":true,"valueName":"search_term_string"}}],"inLanguage":"fr-FR"}]}},"_links":{"self":[{"href":"https:\/\/us-gc.net\/fr\/wp-json\/wp\/v2\/pages\/2124","targetHints":{"allow":["GET"]}}],"collection":[{"href":"https:\/\/us-gc.net\/fr\/wp-json\/wp\/v2\/pages"}],"about":[{"href":"https:\/\/us-gc.net\/fr\/wp-json\/wp\/v2\/types\/page"}],"author":[{"embeddable":true,"href":"https:\/\/us-gc.net\/fr\/wp-json\/wp\/v2\/users\/1"}],"replies":[{"embeddable":true,"href":"https:\/\/us-gc.net\/fr\/wp-json\/wp\/v2\/comments?post=2124"}],"version-history":[{"count":1,"href":"https:\/\/us-gc.net\/fr\/wp-json\/wp\/v2\/pages\/2124\/revisions"}],"predecessor-version":[{"id":7849,"href":"https:\/\/us-gc.net\/fr\/wp-json\/wp\/v2\/pages\/2124\/revisions\/7849"}],"wp:attachment":[{"href":"https:\/\/us-gc.net\/fr\/wp-json\/wp\/v2\/media?parent=2124"}],"curies":[{"name":"wp","href":"https:\/\/api.w.org\/{rel}","templated":true}]}}