{"id":2113,"date":"2024-02-13T10:11:47","date_gmt":"2024-02-13T10:11:47","guid":{"rendered":"https:\/\/green-card-usa.net\/?page_id=2113"},"modified":"2025-08-23T16:43:08","modified_gmt":"2025-08-23T16:43:08","slug":"loterie-green-card-europe","status":"publish","type":"page","link":"https:\/\/us-gc.net\/fr\/loterie-green-card-europe\/","title":{"rendered":"Loterie de la Green Card citoyens europ\u00e9ens"},"content":{"rendered":"\n<h1 class=\"wp-block-heading\" id=\"h-la-loterie-de-la-carte-verte-pour-les-pays-europeens\">La loterie de la Carte Verte pour les pays europ\u00e9ens<\/h1>\n\n\n\n<p>Chaque ann\u00e9e des millions de candidats participent au tirage au sort de la loterie de la Green Card am\u00e9ricaine. Nous avons compil\u00e9s les statistiques publi\u00e9es par le d\u00e9partement d\u2019Etat sur&nbsp;<a href=\"https:\/\/travel.state.gov\/content\/travel\/en\/us-visas\/immigrate\/diversity-visa-program-entry\/diversity-visa-program-statistics.html\">travel.state.gov<\/a>&nbsp;pour vous pr\u00e9senter les chiffres cl\u00e9s de la participation des citoyens europ\u00e9ens \u00e0 la loterie de la Green Card.<\/p>\n\n\n\n<h2 class=\"wp-block-heading\" id=\"h-quelle-est-la-participation-des-europeens-a-la-loterie-de-la-carte-verte\">Quelle est la participation des europ\u00e9ens \u00e0 la loterie de la Carte Verte<\/h2>\n\n\n\n<p>Environ 30% des candidats au tirage au sort de la\u00a0<a href=\"https:\/\/us-gc.net\/fr\/loterie-green-card\/\">loterie de la Green Card<\/a>\u00a0sont des citoyens d\u2019un pays europ\u00e9en au cours des derni\u00e8res ann\u00e9es pour lesquelles les statistiques sont disponibles.<\/p>\n\n\n\n<figure class=\"wp-block-table\"><table><tbody><tr><td><strong>Ann\u00e9es<\/strong><\/td><td class=\"has-text-align-center\" data-align=\"center\"><strong>2019<\/strong><\/td><td class=\"has-text-align-center\" data-align=\"center\"><strong>2020<\/strong><\/td><td class=\"has-text-align-center\" data-align=\"center\"><strong>2021<\/strong><\/td><\/tr><tr><td>Nombre d\u2019inscris europ\u00e9ens<\/td><td class=\"has-text-align-center\" data-align=\"center\">4\u202f349\u202f555<\/td><td class=\"has-text-align-center\" data-align=\"center\">4\u202f072\u202f324<\/td><td class=\"has-text-align-center\" data-align=\"center\">2\u202f014\u202f089<\/td><\/tr><tr><td>Total dossiers d\u2019inscriptions<\/td><td class=\"has-text-align-center\" data-align=\"center\">14\u202f352\u202f013<\/td><td class=\"has-text-align-center\" data-align=\"center\">14\u202f722\u202f798<\/td><td class=\"has-text-align-center\" data-align=\"center\">6\u202f741\u202f128<\/td><\/tr><tr><td><strong>Part des inscrits europ\u00e9ens<\/strong><\/td><td class=\"has-text-align-center\" data-align=\"center\"><strong>30%<\/strong><\/td><td class=\"has-text-align-center\" data-align=\"center\"><strong>28%<\/strong><\/td><td class=\"has-text-align-center\" data-align=\"center\"><strong>30%<\/strong><\/td><\/tr><\/tbody><\/table><figcaption class=\"wp-element-caption\">Part des europ\u00e9ens inscrits \u00e0 la loterie de la Green Card<\/figcaption><\/figure>\n\n\n\n<h2 class=\"wp-block-heading\" id=\"h-quels-sont-les-principaux-pays-d-europe-d-ou-proviennent-les-candidats\">Quels sont les principaux pays d&rsquo;Europe d\u2019o\u00f9 proviennent les candidats ?<\/h2>\n\n\n\n<p>Voici le nombre de dossiers d\u2019inscription \u00e0 la loterie de la Green Card pour les 20 principaux pays d&rsquo;Europe. Les derniers chiffres rendus publics par le D\u00e9partement d\u2019Etat concernent les ann\u00e9es de 2019 \u00e0 2021 :<\/p>\n\n\n\n<figure class=\"wp-block-table\"><table><tbody><tr><td><strong>Pays europ\u00e9ens<\/strong><\/td><td class=\"has-text-align-center\" data-align=\"center\"><strong>2019<\/strong><\/td><td class=\"has-text-align-center\" data-align=\"center\"><strong>2020<\/strong><\/td><td class=\"has-text-align-center\" data-align=\"center\"><strong>2021<\/strong><\/td><\/tr><tr><td>Ouzb\u00e9kistan<\/td><td class=\"has-text-align-center\" data-align=\"center\">1 813 357<\/td><td class=\"has-text-align-center\" data-align=\"center\">1 674 787<\/td><td class=\"has-text-align-center\" data-align=\"center\">466 480<\/td><\/tr><tr><td>Russie<\/td><td class=\"has-text-align-center\" data-align=\"center\">240 323<\/td><td class=\"has-text-align-center\" data-align=\"center\">289 910<\/td><td class=\"has-text-align-center\" data-align=\"center\">260 292<\/td><\/tr><tr><td>Ukraine<\/td><td class=\"has-text-align-center\" data-align=\"center\">665 764<\/td><td class=\"has-text-align-center\" data-align=\"center\">586 088<\/td><td class=\"has-text-align-center\" data-align=\"center\">210 570<\/td><\/tr><tr><td>Moldavie<\/td><td class=\"has-text-align-center\" data-align=\"center\">323 102<\/td><td class=\"has-text-align-center\" data-align=\"center\">200 204<\/td><td class=\"has-text-align-center\" data-align=\"center\">135 992<\/td><\/tr><tr><td>Albanie<\/td><td class=\"has-text-align-center\" data-align=\"center\">172 817<\/td><td class=\"has-text-align-center\" data-align=\"center\">181 270<\/td><td class=\"has-text-align-center\" data-align=\"center\">128 871<\/td><\/tr><tr><td>Turquie<\/td><td class=\"has-text-align-center\" data-align=\"center\">188 579<\/td><td class=\"has-text-align-center\" data-align=\"center\">221 271<\/td><td class=\"has-text-align-center\" data-align=\"center\">128 743<\/td><\/tr><tr><td>Bi\u00e9lorussie<\/td><td class=\"has-text-align-center\" data-align=\"center\">107 223<\/td><td class=\"has-text-align-center\" data-align=\"center\">98 617<\/td><td class=\"has-text-align-center\" data-align=\"center\">83 001<\/td><\/tr><tr><td>Arm\u00e9nie<\/td><td class=\"has-text-align-center\" data-align=\"center\">102 653<\/td><td class=\"has-text-align-center\" data-align=\"center\">79 628<\/td><td class=\"has-text-align-center\" data-align=\"center\">68 309<\/td><\/tr><tr><td>Kazakhstan<\/td><td class=\"has-text-align-center\" data-align=\"center\">55 686<\/td><td class=\"has-text-align-center\" data-align=\"center\">82 180<\/td><td class=\"has-text-align-center\" data-align=\"center\">67 593<\/td><\/tr><tr><td>Tadjikistan<\/td><td class=\"has-text-align-center\" data-align=\"center\">62 581<\/td><td class=\"has-text-align-center\" data-align=\"center\">77 745<\/td><td class=\"has-text-align-center\" data-align=\"center\">63 944<\/td><\/tr><tr><td>Kirghizistan<\/td><td class=\"has-text-align-center\" data-align=\"center\">46 045<\/td><td class=\"has-text-align-center\" data-align=\"center\">77 540<\/td><td class=\"has-text-align-center\" data-align=\"center\">55 178<\/td><\/tr><tr><td>Azerba\u00efdjan<\/td><td class=\"has-text-align-center\" data-align=\"center\">93 736<\/td><td class=\"has-text-align-center\" data-align=\"center\">91 137<\/td><td class=\"has-text-align-center\" data-align=\"center\">52 659<\/td><\/tr><tr><td>G\u00e9orgie<\/td><td class=\"has-text-align-center\" data-align=\"center\">56 781<\/td><td class=\"has-text-align-center\" data-align=\"center\">61 292<\/td><td class=\"has-text-align-center\" data-align=\"center\">50 272<\/td><\/tr><tr><td>Allemagne<\/td><td class=\"has-text-align-center\" data-align=\"center\">45 947<\/td><td class=\"has-text-align-center\" data-align=\"center\">38 618<\/td><td class=\"has-text-align-center\" data-align=\"center\">30 417<\/td><\/tr><tr><td>Turkm\u00e9nistan<\/td><td class=\"has-text-align-center\" data-align=\"center\">15 057<\/td><td class=\"has-text-align-center\" data-align=\"center\">23 362<\/td><td class=\"has-text-align-center\" data-align=\"center\">23 907<\/td><\/tr><tr><td>Italie<\/td><td class=\"has-text-align-center\" data-align=\"center\">35 326<\/td><td class=\"has-text-align-center\" data-align=\"center\">28 947<\/td><td class=\"has-text-align-center\" data-align=\"center\">22 693<\/td><\/tr><tr><td>France<\/td><td class=\"has-text-align-center\" data-align=\"center\">34 077<\/td><td class=\"has-text-align-center\" data-align=\"center\">27 304<\/td><td class=\"has-text-align-center\" data-align=\"center\">19 947<\/td><\/tr><tr><td>Pologne<\/td><td class=\"has-text-align-center\" data-align=\"center\">38 539<\/td><td class=\"has-text-align-center\" data-align=\"center\">25 215<\/td><td class=\"has-text-align-center\" data-align=\"center\">16 150<\/td><\/tr><tr><td>Roumanie<\/td><td class=\"has-text-align-center\" data-align=\"center\">35 367<\/td><td class=\"has-text-align-center\" data-align=\"center\">23 830<\/td><td class=\"has-text-align-center\" data-align=\"center\">15 637<\/td><\/tr><tr><td>Bulgarie<\/td><td class=\"has-text-align-center\" data-align=\"center\">30 649<\/td><td class=\"has-text-align-center\" data-align=\"center\">22 696<\/td><td class=\"has-text-align-center\" data-align=\"center\">14 407<\/td><\/tr><\/tbody><\/table><figcaption class=\"wp-element-caption\">Les principaux pays europ\u00e9ens en nombre de participants \u00e0 la loterie de la carte verte am\u00e9ricaine<\/figcaption><\/figure>\n\n\n\n<h2 class=\"wp-block-heading\" id=\"h-quels-sont-les-gagnants-a-la-loterie-provenant-de-pays-europeens\">Quels sont les gagnants \u00e0 la loterie provenant de pays europ\u00e9ens ?<\/h2>\n\n\n\n<p>Le D\u00e9partement d\u2019Etat publie \u00e9galement le nombre de visas obtenus chaque ann\u00e9e au travers du programme de diversit\u00e9. Ces\u00a0<a href=\"https:\/\/us-gc.net\/fr\/resultats-loterie-green-card\/\">r\u00e9sultats de la loterie<\/a>\u00a0sont publi\u00e9s par zone g\u00e9ographiques et d\u00e9taill\u00e9s par pays.<\/p>\n\n\n\n<p>Voici le nombre de visas obtenus gr\u00e2ce \u00e0 la\u00a0<a href=\"https:\/\/us-gc.net\/fr\/loterie-carte-verte-americaine\/\">loterie de la Carte Verte<\/a>\u00a0pour les 20 principaux pays europ\u00e9ens entre 2018 et 2022 :<\/p>\n\n\n\n<figure class=\"wp-block-table\"><table><tbody><tr><td><strong>Pays europ\u00e9ens<\/strong><\/td><td class=\"has-text-align-center\" data-align=\"center\"><strong>2018<\/strong><\/td><td class=\"has-text-align-center\" data-align=\"center\"><strong>2019<\/strong><\/td><td class=\"has-text-align-center\" data-align=\"center\"><strong>2020<\/strong><\/td><td class=\"has-text-align-center\" data-align=\"center\"><strong>2021<\/strong><\/td><td class=\"has-text-align-center\" data-align=\"center\"><strong>2022<\/strong><\/td><\/tr><tr><td>Russie<\/td><td class=\"has-text-align-center\" data-align=\"center\">2 175<\/td><td class=\"has-text-align-center\" data-align=\"center\">2 506<\/td><td class=\"has-text-align-center\" data-align=\"center\">947<\/td><td class=\"has-text-align-center\" data-align=\"center\">414<\/td><td class=\"has-text-align-center\" data-align=\"center\">2 784<\/td><\/tr><tr><td>Ukraine<\/td><td class=\"has-text-align-center\" data-align=\"center\">2 653<\/td><td class=\"has-text-align-center\" data-align=\"center\">2 062<\/td><td class=\"has-text-align-center\" data-align=\"center\">1 101<\/td><td class=\"has-text-align-center\" data-align=\"center\">938<\/td><td class=\"has-text-align-center\" data-align=\"center\">2 636<\/td><\/tr><tr><td>Ouzb\u00e9kistan<\/td><td class=\"has-text-align-center\" data-align=\"center\">2 058<\/td><td class=\"has-text-align-center\" data-align=\"center\">823<\/td><td class=\"has-text-align-center\" data-align=\"center\">314<\/td><td class=\"has-text-align-center\" data-align=\"center\">89<\/td><td class=\"has-text-align-center\" data-align=\"center\"> 2 413<\/td><\/tr><tr><td>Albanie<\/td><td class=\"has-text-align-center\" data-align=\"center\">2 630<\/td><td class=\"has-text-align-center\" data-align=\"center\">2 284<\/td><td class=\"has-text-align-center\" data-align=\"center\">460<\/td><td class=\"has-text-align-center\" data-align=\"center\">653<\/td><td class=\"has-text-align-center\" data-align=\"center\">2\u202f054<\/td><\/tr><tr><td>Kirghizistan<\/td><td class=\"has-text-align-center\" data-align=\"center\">383<\/td><td class=\"has-text-align-center\" data-align=\"center\">383<\/td><td class=\"has-text-align-center\" data-align=\"center\">149<\/td><td class=\"has-text-align-center\" data-align=\"center\">358<\/td><td class=\"has-text-align-center\" data-align=\"center\">1\u202f394<\/td><\/tr><tr><td>Turquie<\/td><td class=\"has-text-align-center\" data-align=\"center\">1\u202f821<\/td><td class=\"has-text-align-center\" data-align=\"center\">1\u202f387<\/td><td class=\"has-text-align-center\" data-align=\"center\">708<\/td><td class=\"has-text-align-center\" data-align=\"center\">588<\/td><td class=\"has-text-align-center\" data-align=\"center\">1\u202f330<\/td><\/tr><tr><td>Arm\u00e9nie<\/td><td class=\"has-text-align-center\" data-align=\"center\">1\u202f662<\/td><td class=\"has-text-align-center\" data-align=\"center\">1\u202f313<\/td><td class=\"has-text-align-center\" data-align=\"center\">373<\/td><td class=\"has-text-align-center\" data-align=\"center\">133<\/td><td class=\"has-text-align-center\" data-align=\"center\">1\u202f308<\/td><\/tr><tr><td>G\u00e9orgie<\/td><td class=\"has-text-align-center\" data-align=\"center\">676<\/td><td class=\"has-text-align-center\" data-align=\"center\">662<\/td><td class=\"has-text-align-center\" data-align=\"center\">399<\/td><td class=\"has-text-align-center\" data-align=\"center\">265<\/td><td class=\"has-text-align-center\" data-align=\"center\">1\u202f290<\/td><\/tr><tr><td>Kazakhstan<\/td><td class=\"has-text-align-center\" data-align=\"center\">514<\/td><td class=\"has-text-align-center\" data-align=\"center\">576<\/td><td class=\"has-text-align-center\" data-align=\"center\">392<\/td><td class=\"has-text-align-center\" data-align=\"center\">325<\/td><td class=\"has-text-align-center\" data-align=\"center\">865<\/td><\/tr><tr><td>Bi\u00e9lorussie<\/td><td class=\"has-text-align-center\" data-align=\"center\">828<\/td><td class=\"has-text-align-center\" data-align=\"center\">929<\/td><td class=\"has-text-align-center\" data-align=\"center\">361<\/td><td class=\"has-text-align-center\" data-align=\"center\">503<\/td><td class=\"has-text-align-center\" data-align=\"center\">863<\/td><\/tr><tr><td>Tadjikistan<\/td><td class=\"has-text-align-center\" data-align=\"center\">698<\/td><td class=\"has-text-align-center\" data-align=\"center\">919<\/td><td class=\"has-text-align-center\" data-align=\"center\">159<\/td><td class=\"has-text-align-center\" data-align=\"center\">243<\/td><td class=\"has-text-align-center\" data-align=\"center\">723<\/td><\/tr><tr><td>Azerba\u00efdjan<\/td><td class=\"has-text-align-center\" data-align=\"center\">508<\/td><td class=\"has-text-align-center\" data-align=\"center\">822<\/td><td class=\"has-text-align-center\" data-align=\"center\">189<\/td><td class=\"has-text-align-center\" data-align=\"center\">188<\/td><td class=\"has-text-align-center\" data-align=\"center\">720<\/td><\/tr><tr><td>Turkm\u00e9nistan<\/td><td class=\"has-text-align-center\" data-align=\"center\">157<\/td><td class=\"has-text-align-center\" data-align=\"center\">177<\/td><td class=\"has-text-align-center\" data-align=\"center\">61<\/td><td class=\"has-text-align-center\" data-align=\"center\">235<\/td><td class=\"has-text-align-center\" data-align=\"center\">547<\/td><\/tr><tr><td>Moldavie<\/td><td class=\"has-text-align-center\" data-align=\"center\">574<\/td><td class=\"has-text-align-center\" data-align=\"center\">626<\/td><td class=\"has-text-align-center\" data-align=\"center\">226<\/td><td class=\"has-text-align-center\" data-align=\"center\">168<\/td><td class=\"has-text-align-center\" data-align=\"center\">481<\/td><\/tr><tr><td>Allemagne<\/td><td class=\"has-text-align-center\" data-align=\"center\">311<\/td><td class=\"has-text-align-center\" data-align=\"center\">203<\/td><td class=\"has-text-align-center\" data-align=\"center\">92<\/td><td class=\"has-text-align-center\" data-align=\"center\">88<\/td><td class=\"has-text-align-center\" data-align=\"center\">309<\/td><\/tr><tr><td>Kosovo<\/td><td class=\"has-text-align-center\" data-align=\"center\">230<\/td><td class=\"has-text-align-center\" data-align=\"center\">232<\/td><td class=\"has-text-align-center\" data-align=\"center\">113<\/td><td class=\"has-text-align-center\" data-align=\"center\">114<\/td><td class=\"has-text-align-center\" data-align=\"center\">295<\/td><\/tr><tr><td>Mac\u00e9doine du Nord<\/td><td class=\"has-text-align-center\" data-align=\"center\">284<\/td><td class=\"has-text-align-center\" data-align=\"center\">194<\/td><td class=\"has-text-align-center\" data-align=\"center\">61<\/td><td class=\"has-text-align-center\" data-align=\"center\">61<\/td><td class=\"has-text-align-center\" data-align=\"center\">224<\/td><\/tr><tr><td>Pologne<\/td><td class=\"has-text-align-center\" data-align=\"center\">277<\/td><td class=\"has-text-align-center\" data-align=\"center\">215<\/td><td class=\"has-text-align-center\" data-align=\"center\">37<\/td><td class=\"has-text-align-center\" data-align=\"center\">92<\/td><td class=\"has-text-align-center\" data-align=\"center\">192<\/td><\/tr><tr><td>Roumanie<\/td><td class=\"has-text-align-center\" data-align=\"center\">199<\/td><td class=\"has-text-align-center\" data-align=\"center\">242<\/td><td class=\"has-text-align-center\" data-align=\"center\">94<\/td><td class=\"has-text-align-center\" data-align=\"center\">106<\/td><td class=\"has-text-align-center\" data-align=\"center\">188<\/td><\/tr><tr><td>Italie<\/td><td class=\"has-text-align-center\" data-align=\"center\">162<\/td><td class=\"has-text-align-center\" data-align=\"center\">141<\/td><td class=\"has-text-align-center\" data-align=\"center\">66<\/td><td class=\"has-text-align-center\" data-align=\"center\">120<\/td><td class=\"has-text-align-center\" data-align=\"center\">161<\/td><\/tr><\/tbody><\/table><figcaption class=\"wp-element-caption\">Nombre de visas issues du\u00a0<a href=\"https:\/\/us-gc.net\/fr\/diversity-visa-program\/\">Diversity Visa Program<\/a>\u00a0pour les principaux pays europ\u00e9ens<\/figcaption><\/figure>\n\n\n\n<p><\/p>\n","protected":false},"excerpt":{"rendered":"<p>La loterie de la Carte Verte pour les pays europ\u00e9ens Chaque ann\u00e9e des millions de candidats participent au tirage au sort de la loterie de la Green Card am\u00e9ricaine. Nous avons compil\u00e9s les statistiques publi\u00e9es par le d\u00e9partement d\u2019Etat sur&nbsp;travel.state.gov&nbsp;pour vous pr\u00e9senter les chiffres cl\u00e9s de la participation des citoyens europ\u00e9ens \u00e0 la loterie de [&hellip;]<\/p>\n","protected":false},"author":1,"featured_media":0,"parent":0,"menu_order":0,"comment_status":"closed","ping_status":"closed","template":"","meta":{"footnotes":""},"class_list":["post-2113","page","type-page","status-publish","hentry"],"yoast_head":"<!-- This site is optimized with the Yoast SEO plugin v27.4 - https:\/\/yoast.com\/product\/yoast-seo-wordpress\/ -->\n<title>Loterie de la Green Card citoyens europ\u00e9ens - USA GC<\/title>\n<meta name=\"description\" content=\"Participation \u00e0 la loterie de la Carte Verte am\u00e9ricaine des ressortissants des pays d&#039;Europe au cours des derni\u00e8res ann\u00e9es\" \/>\n<meta name=\"robots\" content=\"index, follow, max-snippet:-1, max-image-preview:large, max-video-preview:-1\" \/>\n<link rel=\"canonical\" href=\"https:\/\/us-gc.net\/fr\/loterie-green-card-europe\/\" \/>\n<meta property=\"og:locale\" content=\"fr_FR\" \/>\n<meta property=\"og:type\" content=\"article\" \/>\n<meta property=\"og:title\" content=\"Loterie de la Green Card citoyens europ\u00e9ens - USA GC\" \/>\n<meta property=\"og:description\" content=\"Participation \u00e0 la loterie de la Carte Verte am\u00e9ricaine des ressortissants des pays d&#039;Europe au cours des derni\u00e8res ann\u00e9es\" \/>\n<meta property=\"og:url\" content=\"https:\/\/us-gc.net\/fr\/loterie-green-card-europe\/\" \/>\n<meta property=\"og:site_name\" content=\"USA GC\" \/>\n<meta property=\"article:modified_time\" content=\"2025-08-23T16:43:08+00:00\" \/>\n<meta name=\"twitter:card\" content=\"summary_large_image\" \/>\n<meta name=\"twitter:label1\" content=\"Dur\u00e9e de lecture estim\u00e9e\" \/>\n\t<meta name=\"twitter:data1\" content=\"4 minutes\" \/>\n<script type=\"application\/ld+json\" class=\"yoast-schema-graph\">{\"@context\":\"https:\\\/\\\/schema.org\",\"@graph\":[{\"@type\":\"WebPage\",\"@id\":\"https:\\\/\\\/us-gc.net\\\/fr\\\/loterie-green-card-europe\\\/\",\"url\":\"https:\\\/\\\/us-gc.net\\\/fr\\\/loterie-green-card-europe\\\/\",\"name\":\"Loterie de la Green Card citoyens europ\u00e9ens - USA GC\",\"isPartOf\":{\"@id\":\"https:\\\/\\\/us-gc.net\\\/fr\\\/#website\"},\"datePublished\":\"2024-02-13T10:11:47+00:00\",\"dateModified\":\"2025-08-23T16:43:08+00:00\",\"description\":\"Participation \u00e0 la loterie de la Carte Verte am\u00e9ricaine des ressortissants des pays d'Europe au cours des derni\u00e8res ann\u00e9es\",\"breadcrumb\":{\"@id\":\"https:\\\/\\\/us-gc.net\\\/fr\\\/loterie-green-card-europe\\\/#breadcrumb\"},\"inLanguage\":\"fr-FR\",\"potentialAction\":[{\"@type\":\"ReadAction\",\"target\":[\"https:\\\/\\\/us-gc.net\\\/fr\\\/loterie-green-card-europe\\\/\"]}]},{\"@type\":\"BreadcrumbList\",\"@id\":\"https:\\\/\\\/us-gc.net\\\/fr\\\/loterie-green-card-europe\\\/#breadcrumb\",\"itemListElement\":[{\"@type\":\"ListItem\",\"position\":1,\"name\":\"Accueil\",\"item\":\"https:\\\/\\\/us-gc.net\\\/fr\\\/\"},{\"@type\":\"ListItem\",\"position\":2,\"name\":\"Loterie de la Green Card citoyens europ\u00e9ens\"}]},{\"@type\":\"WebSite\",\"@id\":\"https:\\\/\\\/us-gc.net\\\/fr\\\/#website\",\"url\":\"https:\\\/\\\/us-gc.net\\\/fr\\\/\",\"name\":\"USA GC\",\"description\":\"\",\"potentialAction\":[{\"@type\":\"SearchAction\",\"target\":{\"@type\":\"EntryPoint\",\"urlTemplate\":\"https:\\\/\\\/us-gc.net\\\/fr\\\/?s={search_term_string}\"},\"query-input\":{\"@type\":\"PropertyValueSpecification\",\"valueRequired\":true,\"valueName\":\"search_term_string\"}}],\"inLanguage\":\"fr-FR\"}]}<\/script>\n<!-- \/ Yoast SEO plugin. -->","yoast_head_json":{"title":"Loterie de la Green Card citoyens europ\u00e9ens - USA GC","description":"Participation \u00e0 la loterie de la Carte Verte am\u00e9ricaine des ressortissants des pays d'Europe au cours des derni\u00e8res ann\u00e9es","robots":{"index":"index","follow":"follow","max-snippet":"max-snippet:-1","max-image-preview":"max-image-preview:large","max-video-preview":"max-video-preview:-1"},"canonical":"https:\/\/us-gc.net\/fr\/loterie-green-card-europe\/","og_locale":"fr_FR","og_type":"article","og_title":"Loterie de la Green Card citoyens europ\u00e9ens - USA GC","og_description":"Participation \u00e0 la loterie de la Carte Verte am\u00e9ricaine des ressortissants des pays d'Europe au cours des derni\u00e8res ann\u00e9es","og_url":"https:\/\/us-gc.net\/fr\/loterie-green-card-europe\/","og_site_name":"USA GC","article_modified_time":"2025-08-23T16:43:08+00:00","twitter_card":"summary_large_image","twitter_misc":{"Dur\u00e9e de lecture estim\u00e9e":"4 minutes"},"schema":{"@context":"https:\/\/schema.org","@graph":[{"@type":"WebPage","@id":"https:\/\/us-gc.net\/fr\/loterie-green-card-europe\/","url":"https:\/\/us-gc.net\/fr\/loterie-green-card-europe\/","name":"Loterie de la Green Card citoyens europ\u00e9ens - USA GC","isPartOf":{"@id":"https:\/\/us-gc.net\/fr\/#website"},"datePublished":"2024-02-13T10:11:47+00:00","dateModified":"2025-08-23T16:43:08+00:00","description":"Participation \u00e0 la loterie de la Carte Verte am\u00e9ricaine des ressortissants des pays d'Europe au cours des derni\u00e8res ann\u00e9es","breadcrumb":{"@id":"https:\/\/us-gc.net\/fr\/loterie-green-card-europe\/#breadcrumb"},"inLanguage":"fr-FR","potentialAction":[{"@type":"ReadAction","target":["https:\/\/us-gc.net\/fr\/loterie-green-card-europe\/"]}]},{"@type":"BreadcrumbList","@id":"https:\/\/us-gc.net\/fr\/loterie-green-card-europe\/#breadcrumb","itemListElement":[{"@type":"ListItem","position":1,"name":"Accueil","item":"https:\/\/us-gc.net\/fr\/"},{"@type":"ListItem","position":2,"name":"Loterie de la Green Card citoyens europ\u00e9ens"}]},{"@type":"WebSite","@id":"https:\/\/us-gc.net\/fr\/#website","url":"https:\/\/us-gc.net\/fr\/","name":"USA GC","description":"","potentialAction":[{"@type":"SearchAction","target":{"@type":"EntryPoint","urlTemplate":"https:\/\/us-gc.net\/fr\/?s={search_term_string}"},"query-input":{"@type":"PropertyValueSpecification","valueRequired":true,"valueName":"search_term_string"}}],"inLanguage":"fr-FR"}]}},"_links":{"self":[{"href":"https:\/\/us-gc.net\/fr\/wp-json\/wp\/v2\/pages\/2113","targetHints":{"allow":["GET"]}}],"collection":[{"href":"https:\/\/us-gc.net\/fr\/wp-json\/wp\/v2\/pages"}],"about":[{"href":"https:\/\/us-gc.net\/fr\/wp-json\/wp\/v2\/types\/page"}],"author":[{"embeddable":true,"href":"https:\/\/us-gc.net\/fr\/wp-json\/wp\/v2\/users\/1"}],"replies":[{"embeddable":true,"href":"https:\/\/us-gc.net\/fr\/wp-json\/wp\/v2\/comments?post=2113"}],"version-history":[{"count":1,"href":"https:\/\/us-gc.net\/fr\/wp-json\/wp\/v2\/pages\/2113\/revisions"}],"predecessor-version":[{"id":7827,"href":"https:\/\/us-gc.net\/fr\/wp-json\/wp\/v2\/pages\/2113\/revisions\/7827"}],"wp:attachment":[{"href":"https:\/\/us-gc.net\/fr\/wp-json\/wp\/v2\/media?parent=2113"}],"curies":[{"name":"wp","href":"https:\/\/api.w.org\/{rel}","templated":true}]}}