{"id":2083,"date":"2024-02-13T09:26:58","date_gmt":"2024-02-13T09:26:58","guid":{"rendered":"https:\/\/green-card-usa.net\/?page_id=2083"},"modified":"2025-08-23T16:30:25","modified_gmt":"2025-08-23T16:30:25","slug":"diversity-visa-program","status":"publish","type":"page","link":"https:\/\/us-gc.net\/fr\/diversity-visa-program\/","title":{"rendered":"Le Diversity Visa program am\u00e9ricain"},"content":{"rendered":"\n<h1 class=\"wp-block-heading\" id=\"h-le-diversity-visa-program-des-etats-unis\">Le Diversity Visa Program des Etats Unis <\/h1>\n\n\n\n<h2 class=\"wp-block-heading\" id=\"h-qu-est-ce-que-le-diversity-visa-program\">Qu&rsquo;est-ce que le Diversity Visa Program ?<\/h2>\n\n\n\n<p>Le Diversity Visa Program est une initiative gouvernementale des \u00c9tats-Unis con\u00e7ue pour diversifier la population immigrante am\u00e9ricaine. Chaque ann\u00e9e, plus de 50 000 visas sont attribu\u00e9s \u00e0 des personnes provenant de pays avec des taux d&rsquo;immigration faibles aux \u00c9tats-Unis. Le DV Program est connu sous le nom de la <a href=\"https:\/\/us-gc.net\/fr\/loterie-carte-verte-americaine\/\">loterie carte verte<\/a>.<\/p>\n\n\n\n<h2 class=\"wp-block-heading\" id=\"h-comment-fonctionne-t-il\">Comment fonctionne-t-il ?<\/h2>\n\n\n\n<p>La participation au Diversity Visa Program est soumise \u00e0 un processus de s\u00e9lection al\u00e9atoire. Les candidats doivent soumettre une <a href=\"https:\/\/us-gc.net\/fr\/formulaire-loterie-green-card\/\">demande en ligne<\/a> avant la fin du mois d&rsquo;octobre chaque ann\u00e9e. Les crit\u00e8res d&rsquo;\u00e9ligibilit\u00e9 comprennent la possession d&rsquo;un dipl\u00f4me d&rsquo;\u00e9tudes secondaires ou son \u00e9quivalent, ou bien deux ann\u00e9es d&rsquo;exp\u00e9rience professionnelle dans un domaine n\u00e9cessitant au moins deux ann\u00e9es de formation ou d&rsquo;exp\u00e9rience au cours des cinq derni\u00e8res ann\u00e9es.<\/p>\n\n\n\n<h2 class=\"wp-block-heading\" id=\"h-qui-peut-en-beneficier\">Qui peut en b\u00e9n\u00e9ficier ?<\/h2>\n\n\n\n<p>Les ressortissants de pays avec de faibles taux d&rsquo;immigration vers les \u00c9tats-Unis sont \u00e9ligibles. Chaque ann\u00e9e, le D\u00e9partement d&rsquo;\u00c9tat am\u00e9ricain publie une liste des <a href=\"https:\/\/us-gc.net\/fr\/pays-non-autorises-participer-loterie-green-card\/\">pays dont les ressortissants ne peuvent pas participer<\/a>. Les personnes venant de pays avec un taux d&rsquo;immigration \u00e9lev\u00e9 aux \u00c9tats-Unis sont exclues. Vous pouvez consulter nos statistiques sur nos pages d\u00e9di\u00e9es :<\/p>\n\n\n\n<ul class=\"wp-block-list\">\n<li><a href=\"https:\/\/us-gc.net\/fr\/loterie-green-card-europe\/\">Green card pour les citoyens europ\u00e9ens<\/a><\/li>\n\n\n\n<li><a href=\"https:\/\/us-gc.net\/fr\/loterie-green-card-participation-pays-afrique\/\">Green card pour les citoyens africains<\/a><\/li>\n\n\n\n<li><a href=\"https:\/\/us-gc.net\/fr\/loterie-green-card-participation-pays-asie\/\">Green card pour les citoyens asiatiques<\/a><\/li>\n<\/ul>\n\n\n\n<div style=\"height:10px\" aria-hidden=\"true\" class=\"wp-block-spacer\"><\/div>\n\n\n\n<h2 class=\"wp-block-heading\" id=\"h-qu-apporte-le-programme\">Qu&rsquo;apporte le programme ?<\/h2>\n\n\n\n<p>Le Diversity Visa Program offre une opportunit\u00e9 unique d&rsquo;obtenir une r\u00e9sidence permanente aux \u00c9tats-Unis, ouvrant la voie \u00e0 l&#8217;emploi, \u00e0 l&rsquo;\u00e9ducation, et \u00e0 la possibilit\u00e9 de devenir citoyen am\u00e9ricain apr\u00e8s cinq ans. C&rsquo;est une chance pour les b\u00e9n\u00e9ficiaires d&rsquo;exp\u00e9rimenter le r\u00eave am\u00e9ricain et de contribuer \u00e0 la diversit\u00e9 culturelle des \u00c9tats-Unis.<\/p>\n\n\n\n<h2 class=\"wp-block-heading\" id=\"h-qu-est-ce-que-la-loterie-du-dv\">Qu&rsquo;est-ce que la loterie du DV ?<\/h2>\n\n\n\n<p>La <a href=\"https:\/\/us-gc.net\/fr\/loterie-green-card\/\">loterie Green Card<\/a> du DV est le processus de s\u00e9lection au c\u0153ur du Diversity Visa Program. L&rsquo;inscription se fait au travers d&rsquo;un <a href=\"https:\/\/us-gc.net\/fr\/formulaire-loterie-green-card\/\">formulaire en ligne<\/a> au cours du dernier trimestre de chaque ann\u00e9e. Les <a href=\"https:\/\/us-gc.net\/fr\/resultats-loterie-green-card\/\">r\u00e9sultats de la loterie<\/a> sont publi\u00e9s 6 mois apr\u00e8s. Les gagnants sont choisis au hasard parmi tous les participants \u00e9ligibles. Ce processus garantit que tous les participants ont une chance \u00e9gale de gagner, sans consid\u00e9ration pour leur statut social, \u00e9conomique ou \u00e9ducatif.<\/p>\n\n\n\n<p><\/p>\n","protected":false},"excerpt":{"rendered":"<p>Le Diversity Visa Program des Etats Unis Qu&rsquo;est-ce que le Diversity Visa Program ? Le Diversity Visa Program est une initiative gouvernementale des \u00c9tats-Unis con\u00e7ue pour diversifier la population immigrante am\u00e9ricaine. Chaque ann\u00e9e, plus de 50 000 visas sont attribu\u00e9s \u00e0 des personnes provenant de pays avec des taux d&rsquo;immigration faibles aux \u00c9tats-Unis. Le DV [&hellip;]<\/p>\n","protected":false},"author":1,"featured_media":0,"parent":0,"menu_order":0,"comment_status":"closed","ping_status":"closed","template":"","meta":{"footnotes":""},"class_list":["post-2083","page","type-page","status-publish","hentry"],"yoast_head":"<!-- This site is optimized with the Yoast SEO plugin v27.4 - https:\/\/yoast.com\/product\/yoast-seo-wordpress\/ -->\n<title>Le Diversity Visa program am\u00e9ricain - USA GC<\/title>\n<meta name=\"robots\" content=\"index, follow, max-snippet:-1, max-image-preview:large, max-video-preview:-1\" \/>\n<link rel=\"canonical\" href=\"https:\/\/us-gc.net\/fr\/diversity-visa-program\/\" \/>\n<meta property=\"og:locale\" content=\"fr_FR\" \/>\n<meta property=\"og:type\" content=\"article\" \/>\n<meta property=\"og:title\" content=\"Le Diversity Visa program am\u00e9ricain - USA GC\" \/>\n<meta property=\"og:description\" content=\"Le Diversity Visa Program des Etats Unis Qu&rsquo;est-ce que le Diversity Visa Program ? Le Diversity Visa Program est une initiative gouvernementale des \u00c9tats-Unis con\u00e7ue pour diversifier la population immigrante am\u00e9ricaine. Chaque ann\u00e9e, plus de 50 000 visas sont attribu\u00e9s \u00e0 des personnes provenant de pays avec des taux d&rsquo;immigration faibles aux \u00c9tats-Unis. Le DV [&hellip;]\" \/>\n<meta property=\"og:url\" content=\"https:\/\/us-gc.net\/fr\/diversity-visa-program\/\" \/>\n<meta property=\"og:site_name\" content=\"USA GC\" \/>\n<meta property=\"article:modified_time\" content=\"2025-08-23T16:30:25+00:00\" \/>\n<meta name=\"twitter:card\" content=\"summary_large_image\" \/>\n<meta name=\"twitter:label1\" content=\"Dur\u00e9e de lecture estim\u00e9e\" \/>\n\t<meta name=\"twitter:data1\" content=\"2 minutes\" \/>\n<script type=\"application\/ld+json\" class=\"yoast-schema-graph\">{\"@context\":\"https:\\\/\\\/schema.org\",\"@graph\":[{\"@type\":\"WebPage\",\"@id\":\"https:\\\/\\\/us-gc.net\\\/fr\\\/diversity-visa-program\\\/\",\"url\":\"https:\\\/\\\/us-gc.net\\\/fr\\\/diversity-visa-program\\\/\",\"name\":\"Le Diversity Visa program am\u00e9ricain - USA GC\",\"isPartOf\":{\"@id\":\"https:\\\/\\\/us-gc.net\\\/fr\\\/#website\"},\"datePublished\":\"2024-02-13T09:26:58+00:00\",\"dateModified\":\"2025-08-23T16:30:25+00:00\",\"breadcrumb\":{\"@id\":\"https:\\\/\\\/us-gc.net\\\/fr\\\/diversity-visa-program\\\/#breadcrumb\"},\"inLanguage\":\"fr-FR\",\"potentialAction\":[{\"@type\":\"ReadAction\",\"target\":[\"https:\\\/\\\/us-gc.net\\\/fr\\\/diversity-visa-program\\\/\"]}]},{\"@type\":\"BreadcrumbList\",\"@id\":\"https:\\\/\\\/us-gc.net\\\/fr\\\/diversity-visa-program\\\/#breadcrumb\",\"itemListElement\":[{\"@type\":\"ListItem\",\"position\":1,\"name\":\"Accueil\",\"item\":\"https:\\\/\\\/us-gc.net\\\/fr\\\/\"},{\"@type\":\"ListItem\",\"position\":2,\"name\":\"Le Diversity Visa program am\u00e9ricain\"}]},{\"@type\":\"WebSite\",\"@id\":\"https:\\\/\\\/us-gc.net\\\/fr\\\/#website\",\"url\":\"https:\\\/\\\/us-gc.net\\\/fr\\\/\",\"name\":\"USA GC\",\"description\":\"\",\"potentialAction\":[{\"@type\":\"SearchAction\",\"target\":{\"@type\":\"EntryPoint\",\"urlTemplate\":\"https:\\\/\\\/us-gc.net\\\/fr\\\/?s={search_term_string}\"},\"query-input\":{\"@type\":\"PropertyValueSpecification\",\"valueRequired\":true,\"valueName\":\"search_term_string\"}}],\"inLanguage\":\"fr-FR\"}]}<\/script>\n<!-- \/ Yoast SEO plugin. -->","yoast_head_json":{"title":"Le Diversity Visa program am\u00e9ricain - USA GC","robots":{"index":"index","follow":"follow","max-snippet":"max-snippet:-1","max-image-preview":"max-image-preview:large","max-video-preview":"max-video-preview:-1"},"canonical":"https:\/\/us-gc.net\/fr\/diversity-visa-program\/","og_locale":"fr_FR","og_type":"article","og_title":"Le Diversity Visa program am\u00e9ricain - USA GC","og_description":"Le Diversity Visa Program des Etats Unis Qu&rsquo;est-ce que le Diversity Visa Program ? Le Diversity Visa Program est une initiative gouvernementale des \u00c9tats-Unis con\u00e7ue pour diversifier la population immigrante am\u00e9ricaine. Chaque ann\u00e9e, plus de 50 000 visas sont attribu\u00e9s \u00e0 des personnes provenant de pays avec des taux d&rsquo;immigration faibles aux \u00c9tats-Unis. Le DV [&hellip;]","og_url":"https:\/\/us-gc.net\/fr\/diversity-visa-program\/","og_site_name":"USA GC","article_modified_time":"2025-08-23T16:30:25+00:00","twitter_card":"summary_large_image","twitter_misc":{"Dur\u00e9e de lecture estim\u00e9e":"2 minutes"},"schema":{"@context":"https:\/\/schema.org","@graph":[{"@type":"WebPage","@id":"https:\/\/us-gc.net\/fr\/diversity-visa-program\/","url":"https:\/\/us-gc.net\/fr\/diversity-visa-program\/","name":"Le Diversity Visa program am\u00e9ricain - USA GC","isPartOf":{"@id":"https:\/\/us-gc.net\/fr\/#website"},"datePublished":"2024-02-13T09:26:58+00:00","dateModified":"2025-08-23T16:30:25+00:00","breadcrumb":{"@id":"https:\/\/us-gc.net\/fr\/diversity-visa-program\/#breadcrumb"},"inLanguage":"fr-FR","potentialAction":[{"@type":"ReadAction","target":["https:\/\/us-gc.net\/fr\/diversity-visa-program\/"]}]},{"@type":"BreadcrumbList","@id":"https:\/\/us-gc.net\/fr\/diversity-visa-program\/#breadcrumb","itemListElement":[{"@type":"ListItem","position":1,"name":"Accueil","item":"https:\/\/us-gc.net\/fr\/"},{"@type":"ListItem","position":2,"name":"Le Diversity Visa program am\u00e9ricain"}]},{"@type":"WebSite","@id":"https:\/\/us-gc.net\/fr\/#website","url":"https:\/\/us-gc.net\/fr\/","name":"USA GC","description":"","potentialAction":[{"@type":"SearchAction","target":{"@type":"EntryPoint","urlTemplate":"https:\/\/us-gc.net\/fr\/?s={search_term_string}"},"query-input":{"@type":"PropertyValueSpecification","valueRequired":true,"valueName":"search_term_string"}}],"inLanguage":"fr-FR"}]}},"_links":{"self":[{"href":"https:\/\/us-gc.net\/fr\/wp-json\/wp\/v2\/pages\/2083","targetHints":{"allow":["GET"]}}],"collection":[{"href":"https:\/\/us-gc.net\/fr\/wp-json\/wp\/v2\/pages"}],"about":[{"href":"https:\/\/us-gc.net\/fr\/wp-json\/wp\/v2\/types\/page"}],"author":[{"embeddable":true,"href":"https:\/\/us-gc.net\/fr\/wp-json\/wp\/v2\/users\/1"}],"replies":[{"embeddable":true,"href":"https:\/\/us-gc.net\/fr\/wp-json\/wp\/v2\/comments?post=2083"}],"version-history":[{"count":1,"href":"https:\/\/us-gc.net\/fr\/wp-json\/wp\/v2\/pages\/2083\/revisions"}],"predecessor-version":[{"id":7715,"href":"https:\/\/us-gc.net\/fr\/wp-json\/wp\/v2\/pages\/2083\/revisions\/7715"}],"wp:attachment":[{"href":"https:\/\/us-gc.net\/fr\/wp-json\/wp\/v2\/media?parent=2083"}],"curies":[{"name":"wp","href":"https:\/\/api.w.org\/{rel}","templated":true}]}}