{"id":179,"date":"2024-02-02T15:07:30","date_gmt":"2024-02-02T15:07:30","guid":{"rendered":"https:\/\/green-card-usa.net\/?page_id=179"},"modified":"2025-08-23T16:47:04","modified_gmt":"2025-08-23T16:47:04","slug":"resultats-loterie-green-card","status":"publish","type":"page","link":"https:\/\/us-gc.net\/fr\/resultats-loterie-green-card\/","title":{"rendered":"R\u00e9sultats de la loterie de la Green Card"},"content":{"rendered":"\n<h1 class=\"wp-block-heading\" id=\"h-les-resultats-du-tirage-au-sort-de-la-loterie-de-la-green-card\">Les r\u00e9sultats du tirage au sort de la loterie de la Green Card<\/h1>\n\n\n\n<p>Les r\u00e9sultats du tirage au sort de la loterie am\u00e9ricaine de la Green Card sont publi\u00e9s chaque ann\u00e9e dans le cadre du <a href=\"https:\/\/us-gc.net\/fr\/diversity-visa-program\/\">Diversity Visa Program<\/a>. Chaque candidat \u00e0 la <a href=\"https:\/\/us-gc.net\/fr\/loterie-carte-verte-americaine\/\">loterie de la carte verte<\/a> peut obtenir son r\u00e9sultat personnel en ligne.<\/p>\n\n\n\n<h2 class=\"wp-block-heading\" id=\"h-quand-a-lieu-le-tirage-de-la-loterie-de-la-green-card\">Quand \u00e0 lieu le tirage de la loterie de la Green Card ?<\/h2>\n\n\n\n<p>Le tirage au sort se d\u00e9roule au mois de novembre de chaque ann\u00e9e. Les dates pr\u00e9cises d&rsquo;ouverture et de cl\u00f4ture des inscriptions sont publi\u00e9es quelques mois auparavant chaque ann\u00e9e.<\/p>\n\n\n\n<h2 class=\"wp-block-heading\" id=\"h-quand-est-ce-que-les-resultats-sont-publies\">Quand est-ce que les r\u00e9sultats sont publi\u00e9s ?<\/h2>\n\n\n\n<p>Les r\u00e9sultats de la <a href=\"https:\/\/us-gc.net\/fr\/loterie-green-card\/\">loterie de la Green Card<\/a> sont disponible environ 6 mois apr\u00e8s la cl\u00f4ture des inscriptions. Ils sont donc publi\u00e9s chaque ann\u00e9e aux alentours du mois de mai. Les r\u00e9sultats du tirage effectu\u00e9 en novembre 2023 du Diversity Visa 2025 ont \u00e9t\u00e9 mis en ligne le 4 mai 2024 sur cette page <a href=\"https:\/\/dvprogram.state.gov\/ESC\/CheckStatus.aspx\">dvprogram.state.gov<\/a>.<\/p>\n\n\n\n<h2 class=\"wp-block-heading\" id=\"h-resultats-de-la-loterie-de-2018-a-2022\">R\u00e9sultats de la loterie de 2018 \u00e0 2022<\/h2>\n\n\n\n<p>A partir des statistiques publi\u00e9es par le D\u00e9partement d\u2019Etat chaque ann\u00e9e, voici les r\u00e9sultats de la loterie au cours des 5 derni\u00e8res ann\u00e9es pour lesquelles les r\u00e9sultats sont publics :<\/p>\n\n\n\n<figure class=\"wp-block-table\"><table><tbody><tr><td><strong>Zones g\u00e9ographiques <\/strong><\/td><td class=\"has-text-align-center\" data-align=\"center\"><strong>2018<\/strong><\/td><td class=\"has-text-align-center\" data-align=\"center\"><strong>2019<\/strong><\/td><td class=\"has-text-align-center\" data-align=\"center\"><strong>2020<\/strong><\/td><td class=\"has-text-align-center\" data-align=\"center\"><strong>2021<\/strong><\/td><td class=\"has-text-align-center\" data-align=\"center\"><strong>2022<\/strong><\/td><\/tr><tr><td><a href=\"https:\/\/us-gc.net\/loterie-green-card-participation-pays-afrique\/\">Pays d&rsquo;Afrique<\/a><\/td><td class=\"has-text-align-center\" data-align=\"center\">20\u202f532<\/td><td class=\"has-text-align-center\" data-align=\"center\">20\u202f336<\/td><td class=\"has-text-align-center\" data-align=\"center\">6\u202f017<\/td><td class=\"has-text-align-center\" data-align=\"center\">5\u202f801<\/td><td class=\"has-text-align-center\" data-align=\"center\">19\u202f215<\/td><\/tr><tr><td><a href=\"https:\/\/us-gc.net\/loterie-green-card-participation-pays-asie\/\">Pays d&rsquo;Asie<\/a><\/td><td class=\"has-text-align-center\" data-align=\"center\">6\u202f290<\/td><td class=\"has-text-align-center\" data-align=\"center\">6\u202f079<\/td><td class=\"has-text-align-center\" data-align=\"center\">4\u202f055<\/td><td class=\"has-text-align-center\" data-align=\"center\">4\u202f498<\/td><td class=\"has-text-align-center\" data-align=\"center\">11\u202f693<\/td><\/tr><tr><td><a href=\"https:\/\/us-gc.net\/fr\/loterie-green-card-europe\/\">Pays en Europe<\/a><\/td><td class=\"has-text-align-center\" data-align=\"center\">20\u202f434<\/td><td class=\"has-text-align-center\" data-align=\"center\">17\u202f897<\/td><td class=\"has-text-align-center\" data-align=\"center\">7\u202f643<\/td><td class=\"has-text-align-center\" data-align=\"center\">5\u202f795<\/td><td class=\"has-text-align-center\" data-align=\"center\">21\u202f806<\/td><\/tr><tr><td>Pays d&rsquo;Am\u00e9rique du Nord (Bahamas)<\/td><td class=\"has-text-align-center\" data-align=\"center\">2<\/td><td class=\"has-text-align-center\" data-align=\"center\">8<\/td><td class=\"has-text-align-center\" data-align=\"center\">13<\/td><td class=\"has-text-align-center\" data-align=\"center\">21<\/td><td class=\"has-text-align-center\" data-align=\"center\">12<\/td><\/tr><tr><td>Pays d&rsquo;Oc\u00e9anie<\/td><td class=\"has-text-align-center\" data-align=\"center\">824<\/td><td class=\"has-text-align-center\" data-align=\"center\">592<\/td><td class=\"has-text-align-center\" data-align=\"center\">543<\/td><td class=\"has-text-align-center\" data-align=\"center\">631<\/td><td class=\"has-text-align-center\" data-align=\"center\">1\u202f195<\/td><\/tr><tr><td>Pays d&rsquo;Am\u00e9rique centrale et du sud<\/td><td class=\"has-text-align-center\" data-align=\"center\">1\u202f631<\/td><td class=\"has-text-align-center\" data-align=\"center\">977<\/td><td class=\"has-text-align-center\" data-align=\"center\">854<\/td><td class=\"has-text-align-center\" data-align=\"center\">2\u202f166<\/td><td class=\"has-text-align-center\" data-align=\"center\">1\u202f961<\/td><\/tr><tr><td><strong>Total <\/strong><\/td><td class=\"has-text-align-center\" data-align=\"center\"><strong>49\u202f713<\/strong><\/td><td class=\"has-text-align-center\" data-align=\"center\"><strong><strong>45\u202f889<\/strong><\/strong><\/td><td class=\"has-text-align-center\" data-align=\"center\"><strong><strong>19\u202f125<\/strong><\/strong><\/td><td class=\"has-text-align-center\" data-align=\"center\"><strong><strong>18\u202f912<\/strong><\/strong><\/td><td class=\"has-text-align-center\" data-align=\"center\"><strong>55\u202f882<\/strong><\/td><\/tr><\/tbody><\/table><figcaption class=\"wp-element-caption\">Nombre de Green Card obtenues \u00e0 la loterie de 2018 \u00e0 2022 par zones g\u00e9ographiques<\/figcaption><\/figure>\n\n\n\n<h2 class=\"wp-block-heading\" id=\"h-ou-trouver-les-resultats-en-ligne-de-la-loterie-de-la-green-card\">Ou trouver les r\u00e9sultats en ligne de la loterie de la Green Card ?<\/h2>\n\n\n\n<p>Le site d\u00e9di\u00e9 du programme de diversit\u00e9 am\u00e9ricain permet de v\u00e9rifier directement en ligne les r\u00e9sultats d&rsquo;un candidat \u00e0 la loterie de la Green Card. La page pour v\u00e9rifier directement les r\u00e9sultats personnels est celle ci : <a href=\"https:\/\/dvprogram.state.gov\/ESC\/CheckStatus.aspx\">https:\/\/dvprogram.state.gov\/ESC\/CheckStatus.aspx<\/a>.<\/p>\n\n\n\n<p>Pour obtenir les r\u00e9sultats vous devez :<\/p>\n\n\n\n<ul class=\"wp-block-list\">\n<li>Indiquer votre <strong>num\u00e9ro de confirmation<\/strong> de participation \u00e0 la loterie<\/li>\n\n\n\n<li>Entrer votre nom de famille utilis\u00e9 pour l&rsquo;inscription \u00e0 la loterie de la Green Card<\/li>\n\n\n\n<li>Renseigner votre date de naissance pour confirmer votre identit\u00e9<\/li>\n\n\n\n<li>Et pour finir saisir le texte qui apparait dans le CAPTCHA pour vous authentifier<\/li>\n<\/ul>\n\n\n\n<div style=\"height:9px\" aria-hidden=\"true\" class=\"wp-block-spacer\"><\/div>\n\n\n\n<p>En cliquant sur valider vous obtiendrez le r\u00e9sultat de votre participation \u00e0 la loterie Green Card.<\/p>\n\n\n\n<p>Voici la photo du formulaire \u00e0 compl\u00e9ter pour obtenir les r\u00e9sultats en ligne de la loterie<\/p>\n\n\n\n<figure class=\"wp-block-image size-large\" id=\"Formulaire-de-r\u00e9sultat-de-la-loterie\"><img fetchpriority=\"high\" decoding=\"async\" width=\"1024\" height=\"953\" src=\"https:\/\/us-gc.net\/wp-content\/uploads\/2024\/02\/check-lotery-green-card-usa-1024x953.jpg\" alt=\"R\u00e9sultats loterie Green Card\" class=\"wp-image-182\" title=\"R\u00e9sultat de la loterie Green Card\" srcset=\"https:\/\/us-gc.net\/wp-content\/uploads\/2024\/02\/check-lotery-green-card-usa-1024x953.jpg 1024w, https:\/\/us-gc.net\/wp-content\/uploads\/2024\/02\/check-lotery-green-card-usa-300x279.jpg 300w, https:\/\/us-gc.net\/wp-content\/uploads\/2024\/02\/check-lotery-green-card-usa-768x714.jpg 768w, https:\/\/us-gc.net\/wp-content\/uploads\/2024\/02\/check-lotery-green-card-usa.jpg 1119w\" sizes=\"(max-width: 1024px) 100vw, 1024px\" \/><\/figure>\n\n\n\n<p><\/p>\n","protected":false},"excerpt":{"rendered":"<p>Les r\u00e9sultats du tirage au sort de la loterie de la Green Card Les r\u00e9sultats du tirage au sort de la loterie am\u00e9ricaine de la Green Card sont publi\u00e9s chaque ann\u00e9e dans le cadre du Diversity Visa Program. Chaque candidat \u00e0 la loterie de la carte verte peut obtenir son r\u00e9sultat personnel en ligne. Quand [&hellip;]<\/p>\n","protected":false},"author":1,"featured_media":0,"parent":0,"menu_order":0,"comment_status":"closed","ping_status":"closed","template":"","meta":{"footnotes":""},"class_list":["post-179","page","type-page","status-publish","hentry"],"yoast_head":"<!-- This site is optimized with the Yoast SEO plugin v27.4 - https:\/\/yoast.com\/product\/yoast-seo-wordpress\/ -->\n<title>R\u00e9sultats de la loterie de la Green Card - USA GC<\/title>\n<meta name=\"description\" content=\"Consultez en ligne les r\u00e9sultats du tirage au sort de la loterie de la Green Card aux Etats Unis avec votre num\u00e9ro de confirmation\" \/>\n<meta name=\"robots\" content=\"index, follow, max-snippet:-1, max-image-preview:large, max-video-preview:-1\" \/>\n<link rel=\"canonical\" href=\"https:\/\/us-gc.net\/fr\/resultats-loterie-green-card\/\" \/>\n<meta property=\"og:locale\" content=\"fr_FR\" \/>\n<meta property=\"og:type\" content=\"article\" \/>\n<meta property=\"og:title\" content=\"R\u00e9sultats de la loterie de la Green Card - USA GC\" \/>\n<meta property=\"og:description\" content=\"Consultez en ligne les r\u00e9sultats du tirage au sort de la loterie de la Green Card aux Etats Unis avec votre num\u00e9ro de confirmation\" \/>\n<meta property=\"og:url\" content=\"https:\/\/us-gc.net\/fr\/resultats-loterie-green-card\/\" \/>\n<meta property=\"og:site_name\" content=\"USA GC\" \/>\n<meta property=\"article:modified_time\" content=\"2025-08-23T16:47:04+00:00\" \/>\n<meta property=\"og:image\" content=\"https:\/\/us-gc.net\/wp-content\/uploads\/2024\/02\/check-lotery-green-card-usa-1024x953.jpg\" \/>\n<meta name=\"twitter:card\" content=\"summary_large_image\" \/>\n<meta name=\"twitter:label1\" content=\"Dur\u00e9e de lecture estim\u00e9e\" \/>\n\t<meta name=\"twitter:data1\" content=\"3 minutes\" \/>\n<script type=\"application\/ld+json\" class=\"yoast-schema-graph\">{\"@context\":\"https:\\\/\\\/schema.org\",\"@graph\":[{\"@type\":\"WebPage\",\"@id\":\"https:\\\/\\\/us-gc.net\\\/fr\\\/resultats-loterie-green-card\\\/\",\"url\":\"https:\\\/\\\/us-gc.net\\\/fr\\\/resultats-loterie-green-card\\\/\",\"name\":\"R\u00e9sultats de la loterie de la Green Card - USA GC\",\"isPartOf\":{\"@id\":\"https:\\\/\\\/us-gc.net\\\/fr\\\/#website\"},\"primaryImageOfPage\":{\"@id\":\"https:\\\/\\\/us-gc.net\\\/fr\\\/resultats-loterie-green-card\\\/#primaryimage\"},\"image\":{\"@id\":\"https:\\\/\\\/us-gc.net\\\/fr\\\/resultats-loterie-green-card\\\/#primaryimage\"},\"thumbnailUrl\":\"https:\\\/\\\/us-gc.net\\\/wp-content\\\/uploads\\\/2024\\\/02\\\/check-lotery-green-card-usa-1024x953.jpg\",\"datePublished\":\"2024-02-02T15:07:30+00:00\",\"dateModified\":\"2025-08-23T16:47:04+00:00\",\"description\":\"Consultez en ligne les r\u00e9sultats du tirage au sort de la loterie de la Green Card aux Etats Unis avec votre num\u00e9ro de confirmation\",\"breadcrumb\":{\"@id\":\"https:\\\/\\\/us-gc.net\\\/fr\\\/resultats-loterie-green-card\\\/#breadcrumb\"},\"inLanguage\":\"fr-FR\",\"potentialAction\":[{\"@type\":\"ReadAction\",\"target\":[\"https:\\\/\\\/us-gc.net\\\/fr\\\/resultats-loterie-green-card\\\/\"]}]},{\"@type\":\"ImageObject\",\"inLanguage\":\"fr-FR\",\"@id\":\"https:\\\/\\\/us-gc.net\\\/fr\\\/resultats-loterie-green-card\\\/#primaryimage\",\"url\":\"https:\\\/\\\/us-gc.net\\\/wp-content\\\/uploads\\\/2024\\\/02\\\/check-lotery-green-card-usa-1024x953.jpg\",\"contentUrl\":\"https:\\\/\\\/us-gc.net\\\/wp-content\\\/uploads\\\/2024\\\/02\\\/check-lotery-green-card-usa-1024x953.jpg\"},{\"@type\":\"BreadcrumbList\",\"@id\":\"https:\\\/\\\/us-gc.net\\\/fr\\\/resultats-loterie-green-card\\\/#breadcrumb\",\"itemListElement\":[{\"@type\":\"ListItem\",\"position\":1,\"name\":\"Accueil\",\"item\":\"https:\\\/\\\/us-gc.net\\\/fr\\\/\"},{\"@type\":\"ListItem\",\"position\":2,\"name\":\"R\u00e9sultats de la loterie de la Green Card\"}]},{\"@type\":\"WebSite\",\"@id\":\"https:\\\/\\\/us-gc.net\\\/fr\\\/#website\",\"url\":\"https:\\\/\\\/us-gc.net\\\/fr\\\/\",\"name\":\"USA GC\",\"description\":\"\",\"potentialAction\":[{\"@type\":\"SearchAction\",\"target\":{\"@type\":\"EntryPoint\",\"urlTemplate\":\"https:\\\/\\\/us-gc.net\\\/fr\\\/?s={search_term_string}\"},\"query-input\":{\"@type\":\"PropertyValueSpecification\",\"valueRequired\":true,\"valueName\":\"search_term_string\"}}],\"inLanguage\":\"fr-FR\"}]}<\/script>\n<!-- \/ Yoast SEO plugin. -->","yoast_head_json":{"title":"R\u00e9sultats de la loterie de la Green Card - USA GC","description":"Consultez en ligne les r\u00e9sultats du tirage au sort de la loterie de la Green Card aux Etats Unis avec votre num\u00e9ro de confirmation","robots":{"index":"index","follow":"follow","max-snippet":"max-snippet:-1","max-image-preview":"max-image-preview:large","max-video-preview":"max-video-preview:-1"},"canonical":"https:\/\/us-gc.net\/fr\/resultats-loterie-green-card\/","og_locale":"fr_FR","og_type":"article","og_title":"R\u00e9sultats de la loterie de la Green Card - USA GC","og_description":"Consultez en ligne les r\u00e9sultats du tirage au sort de la loterie de la Green Card aux Etats Unis avec votre num\u00e9ro de confirmation","og_url":"https:\/\/us-gc.net\/fr\/resultats-loterie-green-card\/","og_site_name":"USA GC","article_modified_time":"2025-08-23T16:47:04+00:00","og_image":[{"url":"https:\/\/us-gc.net\/wp-content\/uploads\/2024\/02\/check-lotery-green-card-usa-1024x953.jpg","type":"","width":"","height":""}],"twitter_card":"summary_large_image","twitter_misc":{"Dur\u00e9e de lecture estim\u00e9e":"3 minutes"},"schema":{"@context":"https:\/\/schema.org","@graph":[{"@type":"WebPage","@id":"https:\/\/us-gc.net\/fr\/resultats-loterie-green-card\/","url":"https:\/\/us-gc.net\/fr\/resultats-loterie-green-card\/","name":"R\u00e9sultats de la loterie de la Green Card - USA GC","isPartOf":{"@id":"https:\/\/us-gc.net\/fr\/#website"},"primaryImageOfPage":{"@id":"https:\/\/us-gc.net\/fr\/resultats-loterie-green-card\/#primaryimage"},"image":{"@id":"https:\/\/us-gc.net\/fr\/resultats-loterie-green-card\/#primaryimage"},"thumbnailUrl":"https:\/\/us-gc.net\/wp-content\/uploads\/2024\/02\/check-lotery-green-card-usa-1024x953.jpg","datePublished":"2024-02-02T15:07:30+00:00","dateModified":"2025-08-23T16:47:04+00:00","description":"Consultez en ligne les r\u00e9sultats du tirage au sort de la loterie de la Green Card aux Etats Unis avec votre num\u00e9ro de confirmation","breadcrumb":{"@id":"https:\/\/us-gc.net\/fr\/resultats-loterie-green-card\/#breadcrumb"},"inLanguage":"fr-FR","potentialAction":[{"@type":"ReadAction","target":["https:\/\/us-gc.net\/fr\/resultats-loterie-green-card\/"]}]},{"@type":"ImageObject","inLanguage":"fr-FR","@id":"https:\/\/us-gc.net\/fr\/resultats-loterie-green-card\/#primaryimage","url":"https:\/\/us-gc.net\/wp-content\/uploads\/2024\/02\/check-lotery-green-card-usa-1024x953.jpg","contentUrl":"https:\/\/us-gc.net\/wp-content\/uploads\/2024\/02\/check-lotery-green-card-usa-1024x953.jpg"},{"@type":"BreadcrumbList","@id":"https:\/\/us-gc.net\/fr\/resultats-loterie-green-card\/#breadcrumb","itemListElement":[{"@type":"ListItem","position":1,"name":"Accueil","item":"https:\/\/us-gc.net\/fr\/"},{"@type":"ListItem","position":2,"name":"R\u00e9sultats de la loterie de la Green Card"}]},{"@type":"WebSite","@id":"https:\/\/us-gc.net\/fr\/#website","url":"https:\/\/us-gc.net\/fr\/","name":"USA GC","description":"","potentialAction":[{"@type":"SearchAction","target":{"@type":"EntryPoint","urlTemplate":"https:\/\/us-gc.net\/fr\/?s={search_term_string}"},"query-input":{"@type":"PropertyValueSpecification","valueRequired":true,"valueName":"search_term_string"}}],"inLanguage":"fr-FR"}]}},"_links":{"self":[{"href":"https:\/\/us-gc.net\/fr\/wp-json\/wp\/v2\/pages\/179","targetHints":{"allow":["GET"]}}],"collection":[{"href":"https:\/\/us-gc.net\/fr\/wp-json\/wp\/v2\/pages"}],"about":[{"href":"https:\/\/us-gc.net\/fr\/wp-json\/wp\/v2\/types\/page"}],"author":[{"embeddable":true,"href":"https:\/\/us-gc.net\/fr\/wp-json\/wp\/v2\/users\/1"}],"replies":[{"embeddable":true,"href":"https:\/\/us-gc.net\/fr\/wp-json\/wp\/v2\/comments?post=179"}],"version-history":[{"count":1,"href":"https:\/\/us-gc.net\/fr\/wp-json\/wp\/v2\/pages\/179\/revisions"}],"predecessor-version":[{"id":8090,"href":"https:\/\/us-gc.net\/fr\/wp-json\/wp\/v2\/pages\/179\/revisions\/8090"}],"wp:attachment":[{"href":"https:\/\/us-gc.net\/fr\/wp-json\/wp\/v2\/media?parent=179"}],"curies":[{"name":"wp","href":"https:\/\/api.w.org\/{rel}","templated":true}]}}