{"id":145,"date":"2024-02-01T08:19:27","date_gmt":"2024-02-01T08:19:27","guid":{"rendered":"https:\/\/green-card-usa.net\/?page_id=145"},"modified":"2025-08-23T16:29:44","modified_gmt":"2025-08-23T16:29:44","slug":"formulaire-loterie-green-card","status":"publish","type":"page","link":"https:\/\/us-gc.net\/fr\/formulaire-loterie-green-card\/","title":{"rendered":"Formulaire en ligne d&rsquo;inscription \u00e0 la loterie Green Card"},"content":{"rendered":"\t\t<div data-elementor-type=\"wp-page\" data-elementor-id=\"145\" class=\"elementor elementor-145\" data-elementor-post-type=\"page\">\n\t\t\t\t<div class=\"elementor-element elementor-element-75ef7d8 e-flex e-con-boxed e-con e-parent\" data-id=\"75ef7d8\" data-element_type=\"container\" data-e-type=\"container\">\n\t\t\t\t\t<div class=\"e-con-inner\">\n\t\t\t\t<div class=\"elementor-element elementor-element-3149e08 elementor-widget elementor-widget-heading\" data-id=\"3149e08\" data-element_type=\"widget\" data-e-type=\"widget\" data-widget_type=\"heading.default\">\n\t\t\t\t<div class=\"elementor-widget-container\">\n\t\t\t\t\t<h1 class=\"elementor-heading-title elementor-size-default\">Formulaire d'inscription \u00e0 la loterie Green Card<\/h1>\t\t\t\t<\/div>\n\t\t\t\t<\/div>\n\t\t\t\t\t<\/div>\n\t\t\t\t<\/div>\n\t\t<div class=\"elementor-element elementor-element-1c60801 e-flex e-con-boxed e-con e-parent\" data-id=\"1c60801\" data-element_type=\"container\" data-e-type=\"container\">\n\t\t\t\t\t<div class=\"e-con-inner\">\n\t\t\t\t<div class=\"elementor-element elementor-element-2e9ffc9 elementor-widget elementor-widget-text-editor\" data-id=\"2e9ffc9\" data-element_type=\"widget\" data-e-type=\"widget\" data-widget_type=\"text-editor.default\">\n\t\t\t\t<div class=\"elementor-widget-container\">\n\t\t\t\t\t\t\t\t\t<p>L&rsquo;inscription pour le prochain tirage de la loterie de la Green Card s&rsquo;effectue enti\u00e8rement en ligne sur le web. Le formulaire ne prend que quelques minutes \u00e0 compl\u00e9ter. S\u00e9curisez votre candidature le plus t\u00f4t possible pour ne pas manquer la date limite d\u2019inscription.<\/p>\t\t\t\t\t\t\t\t<\/div>\n\t\t\t\t<\/div>\n\t\t\t\t\t<\/div>\n\t\t\t\t<\/div>\n\t\t<div class=\"elementor-element elementor-element-9d42428 e-flex e-con-boxed e-con e-parent\" data-id=\"9d42428\" data-element_type=\"container\" data-e-type=\"container\">\n\t\t\t\t\t<div class=\"e-con-inner\">\n\t\t\t\t<div class=\"elementor-element elementor-element-6933e78 elementor-widget elementor-widget-text-editor\" data-id=\"6933e78\" data-element_type=\"widget\" data-e-type=\"widget\" data-widget_type=\"text-editor.default\">\n\t\t\t\t<div class=\"elementor-widget-container\">\n\t\t\t\t\t\t\t\t\t<p>Le formulaire d&rsquo;inscription est assez rapide \u00e0 compl\u00e9ter. Vous devez renseigner une s\u00e9rie d&rsquo;informations personnelles et remplir certaines conditions d&rsquo;\u00e9ligibilit\u00e9.<\/p>\t\t\t\t\t\t\t\t<\/div>\n\t\t\t\t<\/div>\n\t\t\t\t\t<\/div>\n\t\t\t\t<\/div>\n\t\t<div class=\"elementor-element elementor-element-6306da8 e-flex e-con-boxed e-con e-parent\" data-id=\"6306da8\" data-element_type=\"container\" data-e-type=\"container\">\n\t\t\t\t\t<div class=\"e-con-inner\">\n\t\t\t\t<div class=\"elementor-element elementor-element-b506912 elementor-widget elementor-widget-heading\" data-id=\"b506912\" data-element_type=\"widget\" data-e-type=\"widget\" data-widget_type=\"heading.default\">\n\t\t\t\t<div class=\"elementor-widget-container\">\n\t\t\t\t\t<h2 class=\"elementor-heading-title elementor-size-default\">Comment remplir le formulaire<\/h2>\t\t\t\t<\/div>\n\t\t\t\t<\/div>\n\t\t\t\t\t<\/div>\n\t\t\t\t<\/div>\n\t\t<div class=\"elementor-element elementor-element-e5c6b45 e-flex e-con-boxed e-con e-parent\" data-id=\"e5c6b45\" data-element_type=\"container\" data-e-type=\"container\">\n\t\t\t\t\t<div class=\"e-con-inner\">\n\t\t\t\t<div class=\"elementor-element elementor-element-e90f36f elementor-widget elementor-widget-text-editor\" data-id=\"e90f36f\" data-element_type=\"widget\" data-e-type=\"widget\" data-widget_type=\"text-editor.default\">\n\t\t\t\t<div class=\"elementor-widget-container\">\n\t\t\t\t\t\t\t\t\t<p>Le formulaire se rempli enti\u00e8rement en ligne. les informations \u00e0 communiquer pour valider son inscription son :<\/p><ul><li>Votre \u00e9tat civil ;<\/li><li>Votre lieu de r\u00e9sidence ;<\/li><li>Vos coordonn\u00e9es e-mail et t\u00e9l\u00e9phone ;<\/li><li>Votre niveau d\u2019\u00e9tudes ;<\/li><li>Votre situation familiale ;<\/li><li>Votre passeport en cours de validit\u00e9.<\/li><\/ul><div>\u00a0<\/div><div>Pour finaliser votre inscription \u00e0 la loterie de la carte verte, vous devrez transmettre une\u00a0<span style=\"text-decoration: underline;\"><a href=\"https:\/\/us-gc.net\/fr\/green-card-photo\/\">photo pour la Green Card<\/a><\/span>\u00a0datant de moins de 6 mois, au format r\u00e9glementaire.<\/div>\t\t\t\t\t\t\t\t<\/div>\n\t\t\t\t<\/div>\n\t\t\t\t\t<\/div>\n\t\t\t\t<\/div>\n\t\t<div class=\"elementor-element elementor-element-b40a6c1 e-flex e-con-boxed e-con e-parent\" data-id=\"b40a6c1\" data-element_type=\"container\" data-e-type=\"container\">\n\t\t\t\t\t<div class=\"e-con-inner\">\n\t\t\t\t<div class=\"elementor-element elementor-element-844f7e4 elementor-widget elementor-widget-heading\" data-id=\"844f7e4\" data-element_type=\"widget\" data-e-type=\"widget\" data-widget_type=\"heading.default\">\n\t\t\t\t<div class=\"elementor-widget-container\">\n\t\t\t\t\t<h2 class=\"elementor-heading-title elementor-size-default\">Conditions d'\u00e9ligibilit\u00e9<\/h2>\t\t\t\t<\/div>\n\t\t\t\t<\/div>\n\t\t\t\t\t<\/div>\n\t\t\t\t<\/div>\n\t\t<div class=\"elementor-element elementor-element-905f167 e-flex e-con-boxed e-con e-parent\" data-id=\"905f167\" data-element_type=\"container\" data-e-type=\"container\">\n\t\t\t\t\t<div class=\"e-con-inner\">\n\t\t\t\t<div class=\"elementor-element elementor-element-a70162a elementor-widget elementor-widget-text-editor\" data-id=\"a70162a\" data-element_type=\"widget\" data-e-type=\"widget\" data-widget_type=\"text-editor.default\">\n\t\t\t\t<div class=\"elementor-widget-container\">\n\t\t\t\t\t\t\t\t\t<p>Les conditions d&rsquo;\u00e9ligibilit\u00e9 pour participer \u00e0 la loterie annuelle am\u00e9ricaine de la Green Card sont tr\u00e8s simples. Elle concernent principalement deux crit\u00e8res \u00e0 respecter :<\/p><h3>Vous devez \u00eatre citoyen d&rsquo;un pays \u00e9ligible<\/h3><p>Tous les pays ne sont pas autoris\u00e9s \u00e0 participer \u00e0 la <span style=\"text-decoration: underline;\"><a href=\"https:\/\/us-gc.net\/fr\/loterie-green-card\/\">loterie de la Green Card<\/a><\/span>. Les \u00c9tats-Unis tentent de conserver une mixit\u00e9 au sein de leur population immigr\u00e9e. Les ressortissants des pays dont plus de 50 000 citoyens ont immigr\u00e9 aux \u00c9tats-Unis au cours des cinq derni\u00e8res ann\u00e9es ne peuvent pas tenter de gagner une <span style=\"text-decoration: underline;\"><a href=\"https:\/\/us-gc.net\/fr\/green-card\/\">Green Card<\/a><\/span>. La liste des pays dont les ressortissants ne peuvent pas participer est publi\u00e9e chaque ann\u00e9e par l&rsquo;USCIS. Voici la liste des pays non autoris\u00e9s \u00e0 participer au tirage de la <span style=\"text-decoration: underline;\"><a href=\"https:\/\/us-gc.net\/fr\/loterie-green-card-2025\/\">loterie de la Green Card 2025<\/a><\/span>.<\/p><h3>Vous devez justifi\u00e9 d&rsquo;un niveau minimum d&rsquo;\u00e9tudes sup\u00e9rieures<\/h3><p>Pour pouvoir participer \u00e0 la <span style=\"text-decoration: underline;\"><a href=\"https:\/\/us-gc.net\/fr\/loterie-carte-verte-americaine\/\">loterie de la carte verte<\/a><\/span> vous devez avoir un niveau acad\u00e9mique minimum. Ce niveau d&rsquo;\u00e9tudes sup\u00e9rieur peut se justifier de deux fa\u00e7ons :<\/p><ul><li>Avoir obtenu le baccalaur\u00e9at ou un \u00e9quivalent ;<\/li><li>Avoir occup\u00e9 ces 5 derni\u00e8res ann\u00e9es un poste d\u2019une dur\u00e9e de 2 ans ou plus, n\u00e9cessitant un niveau de formation ou d\u2019exp\u00e9rience d\u2019au moins 2 ans.<\/li><\/ul>\t\t\t\t\t\t\t\t<\/div>\n\t\t\t\t<\/div>\n\t\t\t\t\t<\/div>\n\t\t\t\t<\/div>\n\t\t<div class=\"elementor-element elementor-element-6a0528e e-flex e-con-boxed e-con e-parent\" data-id=\"6a0528e\" data-element_type=\"container\" data-e-type=\"container\">\n\t\t\t\t\t<div class=\"e-con-inner\">\n\t\t\t\t<div class=\"elementor-element elementor-element-57b8aba elementor-widget elementor-widget-heading\" data-id=\"57b8aba\" data-element_type=\"widget\" data-e-type=\"widget\" data-widget_type=\"heading.default\">\n\t\t\t\t<div class=\"elementor-widget-container\">\n\t\t\t\t\t<h2 class=\"elementor-heading-title elementor-size-default\">R\u00e9sultats de la loterie de la Green Card<\/h2>\t\t\t\t<\/div>\n\t\t\t\t<\/div>\n\t\t\t\t\t<\/div>\n\t\t\t\t<\/div>\n\t\t<div class=\"elementor-element elementor-element-5bfb210 e-flex e-con-boxed e-con e-parent\" data-id=\"5bfb210\" data-element_type=\"container\" data-e-type=\"container\">\n\t\t\t\t\t<div class=\"e-con-inner\">\n\t\t\t\t<div class=\"elementor-element elementor-element-2e3ef98 elementor-widget elementor-widget-text-editor\" data-id=\"2e3ef98\" data-element_type=\"widget\" data-e-type=\"widget\" data-widget_type=\"text-editor.default\">\n\t\t\t\t<div class=\"elementor-widget-container\">\n\t\t\t\t\t\t\t\t\t<p>Les <span style=\"text-decoration: underline;\"><a href=\"https:\/\/us-gc.net\/fr\/resultats-loterie-green-card\/\">r\u00e9sultats de la loterie de la Green Card<\/a><\/span> sont publi\u00e9s en ligne chaque ann\u00e9e. Pour tous les candidats qui gagnent au tirage au sort de la loterie, le processus d&rsquo;obtention de la Green Card commence. Ce processus se d\u00e9roule pendant plusieurs mois. L&rsquo;\u00e9tape finale est un <span style=\"text-decoration: underline;\"><a href=\"https:\/\/us-gc.net\/fr\/entretien-green-card\/\">entretien pour obtenir la Green Card<\/a><\/span>. Cet entretien se d\u00e9roule avec un agent de l&rsquo;USCIS et permet de finaliser le processus.<\/p>\t\t\t\t\t\t\t\t<\/div>\n\t\t\t\t<\/div>\n\t\t\t\t\t<\/div>\n\t\t\t\t<\/div>\n\t\t\t\t<\/div>\n\t\t","protected":false},"excerpt":{"rendered":"<p>Formulaire d&rsquo;inscription \u00e0 la loterie Green Card L&rsquo;inscription pour le prochain tirage de la loterie de la Green Card s&rsquo;effectue enti\u00e8rement en ligne sur le web. Le formulaire ne prend que quelques minutes \u00e0 compl\u00e9ter. S\u00e9curisez votre candidature le plus t\u00f4t possible pour ne pas manquer la date limite d\u2019inscription. Le formulaire d&rsquo;inscription est assez [&hellip;]<\/p>\n","protected":false},"author":1,"featured_media":0,"parent":0,"menu_order":0,"comment_status":"closed","ping_status":"closed","template":"","meta":{"footnotes":""},"class_list":["post-145","page","type-page","status-publish","hentry"],"yoast_head":"<!-- This site is optimized with the Yoast SEO plugin v27.4 - https:\/\/yoast.com\/product\/yoast-seo-wordpress\/ -->\n<title>Formulaire en ligne d&#039;inscription \u00e0 la loterie Green Card - USA GC<\/title>\n<meta name=\"description\" content=\"Inscrivez vous directement en ligne pour participer au prochain tirage au sort de la loterie de la Green Card am\u00e9ricaine\" \/>\n<meta name=\"robots\" content=\"index, follow, max-snippet:-1, max-image-preview:large, max-video-preview:-1\" \/>\n<link rel=\"canonical\" href=\"https:\/\/us-gc.net\/fr\/formulaire-loterie-green-card\/\" \/>\n<meta property=\"og:locale\" content=\"fr_FR\" \/>\n<meta property=\"og:type\" content=\"article\" \/>\n<meta property=\"og:title\" content=\"Formulaire en ligne d&#039;inscription \u00e0 la loterie Green Card - USA GC\" \/>\n<meta property=\"og:description\" content=\"Inscrivez vous directement en ligne pour participer au prochain tirage au sort de la loterie de la Green Card am\u00e9ricaine\" \/>\n<meta property=\"og:url\" content=\"https:\/\/us-gc.net\/fr\/formulaire-loterie-green-card\/\" \/>\n<meta property=\"og:site_name\" content=\"USA GC\" \/>\n<meta property=\"article:modified_time\" content=\"2025-08-23T16:29:44+00:00\" \/>\n<meta name=\"twitter:card\" content=\"summary_large_image\" \/>\n<meta name=\"twitter:label1\" content=\"Dur\u00e9e de lecture estim\u00e9e\" \/>\n\t<meta name=\"twitter:data1\" content=\"3 minutes\" \/>\n<script type=\"application\/ld+json\" class=\"yoast-schema-graph\">{\"@context\":\"https:\\\/\\\/schema.org\",\"@graph\":[{\"@type\":\"WebPage\",\"@id\":\"https:\\\/\\\/us-gc.net\\\/fr\\\/formulaire-loterie-green-card\\\/\",\"url\":\"https:\\\/\\\/us-gc.net\\\/fr\\\/formulaire-loterie-green-card\\\/\",\"name\":\"Formulaire en ligne d'inscription \u00e0 la loterie Green Card - USA GC\",\"isPartOf\":{\"@id\":\"https:\\\/\\\/us-gc.net\\\/fr\\\/#website\"},\"datePublished\":\"2024-02-01T08:19:27+00:00\",\"dateModified\":\"2025-08-23T16:29:44+00:00\",\"description\":\"Inscrivez vous directement en ligne pour participer au prochain tirage au sort de la loterie de la Green Card am\u00e9ricaine\",\"breadcrumb\":{\"@id\":\"https:\\\/\\\/us-gc.net\\\/fr\\\/formulaire-loterie-green-card\\\/#breadcrumb\"},\"inLanguage\":\"fr-FR\",\"potentialAction\":[{\"@type\":\"ReadAction\",\"target\":[\"https:\\\/\\\/us-gc.net\\\/fr\\\/formulaire-loterie-green-card\\\/\"]}]},{\"@type\":\"BreadcrumbList\",\"@id\":\"https:\\\/\\\/us-gc.net\\\/fr\\\/formulaire-loterie-green-card\\\/#breadcrumb\",\"itemListElement\":[{\"@type\":\"ListItem\",\"position\":1,\"name\":\"Accueil\",\"item\":\"https:\\\/\\\/us-gc.net\\\/fr\\\/\"},{\"@type\":\"ListItem\",\"position\":2,\"name\":\"Formulaire en ligne d&rsquo;inscription \u00e0 la loterie Green Card\"}]},{\"@type\":\"WebSite\",\"@id\":\"https:\\\/\\\/us-gc.net\\\/fr\\\/#website\",\"url\":\"https:\\\/\\\/us-gc.net\\\/fr\\\/\",\"name\":\"USA GC\",\"description\":\"\",\"potentialAction\":[{\"@type\":\"SearchAction\",\"target\":{\"@type\":\"EntryPoint\",\"urlTemplate\":\"https:\\\/\\\/us-gc.net\\\/fr\\\/?s={search_term_string}\"},\"query-input\":{\"@type\":\"PropertyValueSpecification\",\"valueRequired\":true,\"valueName\":\"search_term_string\"}}],\"inLanguage\":\"fr-FR\"}]}<\/script>\n<!-- \/ Yoast SEO plugin. -->","yoast_head_json":{"title":"Formulaire en ligne d'inscription \u00e0 la loterie Green Card - USA GC","description":"Inscrivez vous directement en ligne pour participer au prochain tirage au sort de la loterie de la Green Card am\u00e9ricaine","robots":{"index":"index","follow":"follow","max-snippet":"max-snippet:-1","max-image-preview":"max-image-preview:large","max-video-preview":"max-video-preview:-1"},"canonical":"https:\/\/us-gc.net\/fr\/formulaire-loterie-green-card\/","og_locale":"fr_FR","og_type":"article","og_title":"Formulaire en ligne d'inscription \u00e0 la loterie Green Card - USA GC","og_description":"Inscrivez vous directement en ligne pour participer au prochain tirage au sort de la loterie de la Green Card am\u00e9ricaine","og_url":"https:\/\/us-gc.net\/fr\/formulaire-loterie-green-card\/","og_site_name":"USA GC","article_modified_time":"2025-08-23T16:29:44+00:00","twitter_card":"summary_large_image","twitter_misc":{"Dur\u00e9e de lecture estim\u00e9e":"3 minutes"},"schema":{"@context":"https:\/\/schema.org","@graph":[{"@type":"WebPage","@id":"https:\/\/us-gc.net\/fr\/formulaire-loterie-green-card\/","url":"https:\/\/us-gc.net\/fr\/formulaire-loterie-green-card\/","name":"Formulaire en ligne d'inscription \u00e0 la loterie Green Card - USA GC","isPartOf":{"@id":"https:\/\/us-gc.net\/fr\/#website"},"datePublished":"2024-02-01T08:19:27+00:00","dateModified":"2025-08-23T16:29:44+00:00","description":"Inscrivez vous directement en ligne pour participer au prochain tirage au sort de la loterie de la Green Card am\u00e9ricaine","breadcrumb":{"@id":"https:\/\/us-gc.net\/fr\/formulaire-loterie-green-card\/#breadcrumb"},"inLanguage":"fr-FR","potentialAction":[{"@type":"ReadAction","target":["https:\/\/us-gc.net\/fr\/formulaire-loterie-green-card\/"]}]},{"@type":"BreadcrumbList","@id":"https:\/\/us-gc.net\/fr\/formulaire-loterie-green-card\/#breadcrumb","itemListElement":[{"@type":"ListItem","position":1,"name":"Accueil","item":"https:\/\/us-gc.net\/fr\/"},{"@type":"ListItem","position":2,"name":"Formulaire en ligne d&rsquo;inscription \u00e0 la loterie Green Card"}]},{"@type":"WebSite","@id":"https:\/\/us-gc.net\/fr\/#website","url":"https:\/\/us-gc.net\/fr\/","name":"USA GC","description":"","potentialAction":[{"@type":"SearchAction","target":{"@type":"EntryPoint","urlTemplate":"https:\/\/us-gc.net\/fr\/?s={search_term_string}"},"query-input":{"@type":"PropertyValueSpecification","valueRequired":true,"valueName":"search_term_string"}}],"inLanguage":"fr-FR"}]}},"_links":{"self":[{"href":"https:\/\/us-gc.net\/fr\/wp-json\/wp\/v2\/pages\/145","targetHints":{"allow":["GET"]}}],"collection":[{"href":"https:\/\/us-gc.net\/fr\/wp-json\/wp\/v2\/pages"}],"about":[{"href":"https:\/\/us-gc.net\/fr\/wp-json\/wp\/v2\/types\/page"}],"author":[{"embeddable":true,"href":"https:\/\/us-gc.net\/fr\/wp-json\/wp\/v2\/users\/1"}],"replies":[{"embeddable":true,"href":"https:\/\/us-gc.net\/fr\/wp-json\/wp\/v2\/comments?post=145"}],"version-history":[{"count":10,"href":"https:\/\/us-gc.net\/fr\/wp-json\/wp\/v2\/pages\/145\/revisions"}],"predecessor-version":[{"id":9752,"href":"https:\/\/us-gc.net\/fr\/wp-json\/wp\/v2\/pages\/145\/revisions\/9752"}],"wp:attachment":[{"href":"https:\/\/us-gc.net\/fr\/wp-json\/wp\/v2\/media?parent=145"}],"curies":[{"name":"wp","href":"https:\/\/api.w.org\/{rel}","templated":true}]}}